{"id":9881,"date":"2020-10-07T10:25:29","date_gmt":"2020-10-07T15:25:29","guid":{"rendered":"https:\/\/cleanlaundry.com\/?page_id=9881"},"modified":"2023-08-31T09:54:08","modified_gmt":"2023-08-31T14:54:08","slug":"phoenix","status":"publish","type":"page","link":"https:\/\/cleanlaundry.com\/es\/locations\/arizona\/phoenix\/","title":{"rendered":"Lavander\u00edas en Phoenix, AZ | Ubicaciones de Clean Laundry Phoenix"},"content":{"rendered":"<h1>\n\t\tLavander\u00edas en Phoenix, Arizona\n\t<\/h1>\n\t<p>Clean Laundry se enorgullece de ofrecer a los residentes de Phoenix una lavander\u00eda limpia, c\u00f3moda y conveniente donde puede lavar grandes cantidades de ropa en muy poco tiempo.<\/p>\n<h3>\n\t\t\u00a1Dos ubicaciones convenientes!\n\t<\/h3>\n\t\t\t\t<a href=\"https:\/\/cleanlaundry.com\/es\/locations\/arizona\/phoenix\/6815-n-19th-avenue-phoenix-az\/\" target=\"_self\" itemprop=\"url\" rel=\"noopener\">\n\t\t\t\t<img loading=\"lazy\" decoding=\"async\" src=\"https:\/\/cleanlaundry.com\/wp-content\/uploads\/2021\/01\/CL17-CleanLaundry-Phoenix-Laundromat-500x250-1.jpg\" alt=\"Laundromat in Phoenix Arizona on 19th Ave\" itemprop=\"image\" height=\"250\" width=\"500\" title=\"CL17-CleanLaundry-Phoenix-Laundromat-500x250\" onerror=\"this.style.display='none'\"  \/>\n\t\t\t\t<\/a>\n\t<h3><a href=\"https:\/\/cleanlaundry.com\/es\/locations\/arizona\/phoenix\/6815-n-19th-avenue-phoenix-az\/\"><strong>Lavander\u00eda limpia en el norte de Phoenix<\/strong><\/a><\/h3>\n\t6815 N. 19th Avenue, Suite 155<br \/>\nPhoenix, AZ 85015\n\t\t\t<a href=\"https:\/\/cleanlaundry.com\/es\/locations\/arizona\/phoenix\/6815-n-19th-avenue-phoenix-az\/\" target=\"_self\" rel=\"noopener\">\n\t\t\t\t\t\tP\u00e1gina de ubicaci\u00f3n\n\t\t\t\t\t<\/a>\n\t<h2>AHORA ABIERTO<\/h2>\n<p>8 a. M. - 10 p. M.<\/p>\n\t\t\t\t<a href=\"https:\/\/cleanlaundry.com\/es\/locations\/arizona\/phoenix\/6044-s-16th-street-phoenix-az\/\" target=\"_self\" itemprop=\"url\" rel=\"noopener\">\n\t\t\t\t<img loading=\"lazy\" decoding=\"async\" src=\"https:\/\/cleanlaundry.com\/wp-content\/uploads\/2021\/02\/Clean-Laundry-CL20-storefront-500x200-1.jpg\" alt=\"Clean Laundry Phoenix S 16th St\" itemprop=\"image\" height=\"250\" width=\"500\" title=\"Clean-Laundry-CL20-escaparate-500x200\" onerror=\"this.style.display='none'\"  \/>\n\t\t\t\t<\/a>\n\t<h3><a href=\"https:\/\/cleanlaundry.com\/es\/locations\/arizona\/phoenix\/6044-s-16th-street-phoenix-az\/\"><strong>Lavander\u00eda limpia del sur de Phoenix<\/strong><\/a><\/h3>\n\t6044 S. 16th Street, Suite 135<br \/>\nPhoenix, AZ 85042\n\t\t\t<a href=\"https:\/\/cleanlaundry.com\/es\/locations\/arizona\/phoenix\/6044-s-16th-street-phoenix-az\/\" target=\"_self\" rel=\"noopener\">\n\t\t\t\t\t\tP\u00e1gina de ubicaci\u00f3n\n\t\t\t\t\t<\/a>\n\t<h2><strong>AHORA ABIERTO<\/strong><\/h2>\n<p>7 a. M. - 10 p. M.<\/p>\n\t<iframe loading=\"lazy\" src=\"https:\/\/www.google.com\/maps\/d\/u\/0\/embed?mid=10jjj1uMyDxPNejoMW50Te60UnQGmwLPw&#038;ehbc=2E312F\" width=\"100%\" height=\"480\"><\/iframe>","protected":false},"excerpt":{"rendered":"<p>Lavander\u00edas en Phoenix, Arizona Clean Laundry se enorgullece de ofrecer a los residentes de Phoenix una lavander\u00eda limpia, c\u00f3moda y conveniente donde puede lavar grandes cantidades de ropa en muy poco tiempo. \u00a1Dos ubicaciones convenientes! North Phoenix Clean Laundry 6815 N. 19th Avenue, Suite 155 Phoenix, AZ 85015 Ubicaci\u00f3n P\u00e1gina AHORA ABIERTO 8 am - 10 pm...<\/p>","protected":false},"author":101012,"featured_media":10898,"parent":9210,"menu_order":0,"comment_status":"closed","ping_status":"closed","template":"","meta":{"footnotes":""},"class_list":["post-9881","page","type-page","status-publish","has-post-thumbnail","hentry"],"yoast_head":"<!-- This site is optimized with the Yoast SEO plugin v25.0 - https:\/\/yoast.com\/wordpress\/plugins\/seo\/ -->\n<title>Laundromats in Phoenix, AZ | Clean Laundry Locations<\/title>\n<meta name=\"description\" content=\"Clean Laundry is proud to offer Phoenix laundromats that are fast, safe, and clean. Learn more and find the Phoenix location nearest you.\" \/>\n<meta name=\"robots\" content=\"index, follow, max-snippet:-1, max-image-preview:large, max-video-preview:-1\" \/>\n<link rel=\"canonical\" href=\"https:\/\/cleanlaundry.com\/es\/locations\/arizona\/phoenix\/\" \/>\n<meta property=\"og:locale\" content=\"es_MX\" \/>\n<meta property=\"og:type\" content=\"article\" \/>\n<meta property=\"og:title\" content=\"Laundromats in Phoenix, AZ | Clean Laundry Locations\" \/>\n<meta property=\"og:description\" content=\"Clean Laundry is proud to offer Phoenix laundromats that are fast, safe, and clean. Learn more and find the Phoenix location nearest you.\" \/>\n<meta property=\"og:url\" content=\"https:\/\/cleanlaundry.com\/es\/locations\/arizona\/phoenix\/\" \/>\n<meta property=\"og:site_name\" content=\"Clean Laundry\" \/>\n<meta property=\"article:modified_time\" content=\"2023-08-31T14:54:08+00:00\" \/>\n<meta property=\"og:image\" content=\"https:\/\/cleanlaundry.com\/wp-content\/uploads\/2021\/02\/CL-17.jpg\" \/>\n\t<meta property=\"og:image:width\" content=\"600\" \/>\n\t<meta property=\"og:image:height\" content=\"350\" \/>\n\t<meta property=\"og:image:type\" content=\"image\/jpeg\" \/>\n<meta name=\"twitter:card\" content=\"summary_large_image\" \/>\n<script type=\"application\/ld+json\" class=\"yoast-schema-graph\">{\"@context\":\"https:\/\/schema.org\",\"@graph\":[{\"@type\":\"WebPage\",\"@id\":\"https:\/\/cleanlaundry.com\/locations\/arizona\/phoenix\/\",\"url\":\"https:\/\/cleanlaundry.com\/locations\/arizona\/phoenix\/\",\"name\":\"Laundromats in Phoenix, AZ | Clean Laundry Locations\",\"isPartOf\":{\"@id\":\"https:\/\/cleanlaundry.com\/#website\"},\"primaryImageOfPage\":{\"@id\":\"https:\/\/cleanlaundry.com\/locations\/arizona\/phoenix\/#primaryimage\"},\"image\":{\"@id\":\"https:\/\/cleanlaundry.com\/locations\/arizona\/phoenix\/#primaryimage\"},\"thumbnailUrl\":\"https:\/\/cleanlaundry.com\/wp-content\/uploads\/2021\/02\/CL-17.jpg\",\"datePublished\":\"2020-10-07T15:25:29+00:00\",\"dateModified\":\"2023-08-31T14:54:08+00:00\",\"description\":\"Clean Laundry is proud to offer Phoenix laundromats that are fast, safe, and clean. Learn more and find the Phoenix location nearest you.\",\"breadcrumb\":{\"@id\":\"https:\/\/cleanlaundry.com\/locations\/arizona\/phoenix\/#breadcrumb\"},\"inLanguage\":\"es\",\"potentialAction\":[{\"@type\":\"ReadAction\",\"target\":[\"https:\/\/cleanlaundry.com\/locations\/arizona\/phoenix\/\"]}]},{\"@type\":\"ImageObject\",\"inLanguage\":\"es\",\"@id\":\"https:\/\/cleanlaundry.com\/locations\/arizona\/phoenix\/#primaryimage\",\"url\":\"https:\/\/cleanlaundry.com\/wp-content\/uploads\/2021\/02\/CL-17.jpg\",\"contentUrl\":\"https:\/\/cleanlaundry.com\/wp-content\/uploads\/2021\/02\/CL-17.jpg\",\"width\":600,\"height\":350,\"caption\":\"Our first\"},{\"@type\":\"BreadcrumbList\",\"@id\":\"https:\/\/cleanlaundry.com\/locations\/arizona\/phoenix\/#breadcrumb\",\"itemListElement\":[{\"@type\":\"ListItem\",\"position\":1,\"name\":\"Home\",\"item\":\"https:\/\/cleanlaundry.com\/\"},{\"@type\":\"ListItem\",\"position\":2,\"name\":\"All Clean Laundry Locations | Find a laundromat near you\",\"item\":\"https:\/\/cleanlaundry.com\/locations\/\"},{\"@type\":\"ListItem\",\"position\":3,\"name\":\"Laundromats in Arizona | Clean Laundry Locations Near You\",\"item\":\"https:\/\/cleanlaundry.com\/locations\/arizona\/\"},{\"@type\":\"ListItem\",\"position\":4,\"name\":\"Laundromats in Phoenix, AZ | Clean Laundry Phoenix Locations\"}]},{\"@type\":\"WebSite\",\"@id\":\"https:\/\/cleanlaundry.com\/#website\",\"url\":\"https:\/\/cleanlaundry.com\/\",\"name\":\"Clean Laundry\",\"description\":\"Clean Laundry\",\"potentialAction\":[{\"@type\":\"SearchAction\",\"target\":{\"@type\":\"EntryPoint\",\"urlTemplate\":\"https:\/\/cleanlaundry.com\/?s={search_term_string}\"},\"query-input\":{\"@type\":\"PropertyValueSpecification\",\"valueRequired\":true,\"valueName\":\"search_term_string\"}}],\"inLanguage\":\"es\"}]}<\/script>\n<!-- \/ Yoast SEO plugin. -->","yoast_head_json":{"title":"Lavander\u00edas en Phoenix, AZ | Ubicaciones de Clean Laundry","description":"Clean Laundry se enorgullece de ofrecer lavander\u00edas Phoenix que son r\u00e1pidas, seguras y limpias. Obtenga m\u00e1s informaci\u00f3n y encuentre la ubicaci\u00f3n de Phoenix m\u00e1s cercana a usted.","robots":{"index":"index","follow":"follow","max-snippet":"max-snippet:-1","max-image-preview":"max-image-preview:large","max-video-preview":"max-video-preview:-1"},"canonical":"https:\/\/cleanlaundry.com\/es\/locations\/arizona\/phoenix\/","og_locale":"es_MX","og_type":"article","og_title":"Laundromats in Phoenix, AZ | Clean Laundry Locations","og_description":"Clean Laundry is proud to offer Phoenix laundromats that are fast, safe, and clean. Learn more and find the Phoenix location nearest you.","og_url":"https:\/\/cleanlaundry.com\/es\/locations\/arizona\/phoenix\/","og_site_name":"Clean Laundry","article_modified_time":"2023-08-31T14:54:08+00:00","og_image":[{"width":600,"height":350,"url":"https:\/\/cleanlaundry.com\/wp-content\/uploads\/2021\/02\/CL-17.jpg","type":"image\/jpeg"}],"twitter_card":"summary_large_image","schema":{"@context":"https:\/\/schema.org","@graph":[{"@type":"WebPage","@id":"https:\/\/cleanlaundry.com\/locations\/arizona\/phoenix\/","url":"https:\/\/cleanlaundry.com\/locations\/arizona\/phoenix\/","name":"Lavander\u00edas en Phoenix, AZ | Ubicaciones de Clean Laundry","isPartOf":{"@id":"https:\/\/cleanlaundry.com\/#website"},"primaryImageOfPage":{"@id":"https:\/\/cleanlaundry.com\/locations\/arizona\/phoenix\/#primaryimage"},"image":{"@id":"https:\/\/cleanlaundry.com\/locations\/arizona\/phoenix\/#primaryimage"},"thumbnailUrl":"https:\/\/cleanlaundry.com\/wp-content\/uploads\/2021\/02\/CL-17.jpg","datePublished":"2020-10-07T15:25:29+00:00","dateModified":"2023-08-31T14:54:08+00:00","description":"Clean Laundry se enorgullece de ofrecer lavander\u00edas Phoenix que son r\u00e1pidas, seguras y limpias. Obtenga m\u00e1s informaci\u00f3n y encuentre la ubicaci\u00f3n de Phoenix m\u00e1s cercana a usted.","breadcrumb":{"@id":"https:\/\/cleanlaundry.com\/locations\/arizona\/phoenix\/#breadcrumb"},"inLanguage":"es","potentialAction":[{"@type":"ReadAction","target":["https:\/\/cleanlaundry.com\/locations\/arizona\/phoenix\/"]}]},{"@type":"ImageObject","inLanguage":"es","@id":"https:\/\/cleanlaundry.com\/locations\/arizona\/phoenix\/#primaryimage","url":"https:\/\/cleanlaundry.com\/wp-content\/uploads\/2021\/02\/CL-17.jpg","contentUrl":"https:\/\/cleanlaundry.com\/wp-content\/uploads\/2021\/02\/CL-17.jpg","width":600,"height":350,"caption":"Our first"},{"@type":"BreadcrumbList","@id":"https:\/\/cleanlaundry.com\/locations\/arizona\/phoenix\/#breadcrumb","itemListElement":[{"@type":"ListItem","position":1,"name":"Home","item":"https:\/\/cleanlaundry.com\/"},{"@type":"ListItem","position":2,"name":"All Clean Laundry Locations | Find a laundromat near you","item":"https:\/\/cleanlaundry.com\/locations\/"},{"@type":"ListItem","position":3,"name":"Laundromats in Arizona | Clean Laundry Locations Near You","item":"https:\/\/cleanlaundry.com\/locations\/arizona\/"},{"@type":"ListItem","position":4,"name":"Laundromats in Phoenix, AZ | Clean Laundry Phoenix Locations"}]},{"@type":"WebSite","@id":"https:\/\/cleanlaundry.com\/#website","url":"https:\/\/cleanlaundry.com\/","name":"Ropa limpia","description":"Ropa limpia","potentialAction":[{"@type":"SearchAction","target":{"@type":"EntryPoint","urlTemplate":"https:\/\/cleanlaundry.com\/?s={search_term_string}"},"query-input":{"@type":"PropertyValueSpecification","valueRequired":true,"valueName":"search_term_string"}}],"inLanguage":"es"}]}},"_links":{"self":[{"href":"https:\/\/cleanlaundry.com\/es\/wp-json\/wp\/v2\/pages\/9881","targetHints":{"allow":["GET"]}}],"collection":[{"href":"https:\/\/cleanlaundry.com\/es\/wp-json\/wp\/v2\/pages"}],"about":[{"href":"https:\/\/cleanlaundry.com\/es\/wp-json\/wp\/v2\/types\/page"}],"author":[{"embeddable":true,"href":"https:\/\/cleanlaundry.com\/es\/wp-json\/wp\/v2\/users\/101012"}],"replies":[{"embeddable":true,"href":"https:\/\/cleanlaundry.com\/es\/wp-json\/wp\/v2\/comments?post=9881"}],"version-history":[{"count":39,"href":"https:\/\/cleanlaundry.com\/es\/wp-json\/wp\/v2\/pages\/9881\/revisions"}],"predecessor-version":[{"id":14752,"href":"https:\/\/cleanlaundry.com\/es\/wp-json\/wp\/v2\/pages\/9881\/revisions\/14752"}],"up":[{"embeddable":true,"href":"https:\/\/cleanlaundry.com\/es\/wp-json\/wp\/v2\/pages\/9210"}],"wp:featuredmedia":[{"embeddable":true,"href":"https:\/\/cleanlaundry.com\/es\/wp-json\/wp\/v2\/media\/10898"}],"wp:attachment":[{"href":"https:\/\/cleanlaundry.com\/es\/wp-json\/wp\/v2\/media?parent=9881"}],"curies":[{"name":"wp","href":"https:\/\/api.w.org\/{rel}","templated":true}]}}