{"id":9831,"date":"2020-09-09T14:23:40","date_gmt":"2020-09-09T19:23:40","guid":{"rendered":"https:\/\/cleanlaundry.com\/?page_id=9831"},"modified":"2024-12-03T15:10:43","modified_gmt":"2024-12-03T21:10:43","slug":"austin","status":"publish","type":"page","link":"https:\/\/cleanlaundry.com\/es\/locations\/texas\/austin\/","title":{"rendered":"Lavander\u00edas en Austin, Texas | Ubicaciones de Clean Laundry en Austin"},"content":{"rendered":"<h1>\n\t\tLavander\u00edas en Austin, Texas\n\t<\/h1>\n\t<p>Clean Laundry se enorgullece de ofrecer a los residentes de Austin una lavander\u00eda autom\u00e1tica segura y limpia donde pueden lavar grandes cantidades de ropa en muy poco tiempo.<\/p>\n<h3>\n\t\t\u00a1Dos ubicaciones convenientes!\n\t<\/h3>\n\t\t\t\t<img loading=\"lazy\" decoding=\"async\" src=\"https:\/\/cleanlaundry.com\/wp-content\/uploads\/2021\/04\/CL-19.jpg\" alt=\"Clean Laundry laundromat storefront in Austin, TX on Norwood Park Blvd\" itemprop=\"image\" height=\"350\" width=\"600\" title=\"CL-19\" onerror=\"this.style.display='none'\"  \/>\n\t<h3><a href=\"https:\/\/cleanlaundry.com\/es\/locations\/texas\/austin\/laundromat-at-1030-norwood-park-blvd-austin-tx\/\">Lavander\u00eda limpia de Norwood Park<\/a><\/h3>\n\t1030 Norwood Park Blvd,<br \/>\nAustin, TX 78753\n<p>Frente al Wal-Mart Super Center junto a River Rock Dental<\/p>\n\t\t\t<a href=\"https:\/\/cleanlaundry.com\/es\/locations\/texas\/austin\/laundromat-at-1030-norwood-park-blvd-austin-tx\/\" target=\"_self\">\n\t\t\t\t\t\tVer p\u00e1gina de ubicaci\u00f3n\n\t\t\t\t\t<\/a>\n\t\t\t\t<img loading=\"lazy\" decoding=\"async\" src=\"https:\/\/cleanlaundry.com\/wp-content\/uploads\/2021\/04\/CL-18.jpg\" alt=\"Clean Laundry laundromat storefront on Parmer Ln in Austin, TX\" itemprop=\"image\" height=\"350\" width=\"600\" title=\"CL-18\" onerror=\"this.style.display='none'\"  \/>\n\t<h3><a href=\"https:\/\/cleanlaundry.com\/es\/locations\/texas\/austin\/laundromat-at-1701-west-parmer-lane-austin-tx\/\">Lavander\u00eda limpia West Parmer<\/a><\/h3>\n\t1701 West Parmer Lane<br \/>\nAustin, TX 78727\n<p><em>Al lado de McDonald&#039;s<\/em><\/p>\n\t\t\t<a href=\"https:\/\/cleanlaundry.com\/es\/locations\/texas\/austin\/laundromat-at-1701-west-parmer-lane-austin-tx\/\" target=\"_self\">\n\t\t\t\t\t\tVer p\u00e1gina de ubicaci\u00f3n\n\t\t\t\t\t<\/a>\n\t<iframe loading=\"lazy\" src=\"https:\/\/www.google.com\/maps\/d\/u\/0\/embed?mid=1nF1IQzyw8P5TZsksYKyuR61mYqSNr-K6&#038;ehbc=2E312F\" width=\"100%\" height=\"480\"><\/iframe>\n<h2>\n\t\t\u00a1Ya es hora!\n\t<\/h2>","protected":false},"excerpt":{"rendered":"<p>Lavander\u00edas en Austin, Texas Clean Laundry se enorgullece de ofrecer a los residentes de Austin una lavander\u00eda segura y limpia donde pueden lavar grandes cantidades de ropa en muy poco tiempo. \u00a1Dos ubicaciones convenientes! Norwood Park Clean Laundry 1030 Norwood Park Blvd, Austin, TX 78753 Al otro lado de Wal-Mart Super Center al lado de River Rock Dental...<\/p>","protected":false},"author":101012,"featured_media":12178,"parent":9819,"menu_order":0,"comment_status":"closed","ping_status":"closed","template":"","meta":{"footnotes":""},"class_list":["post-9831","page","type-page","status-publish","has-post-thumbnail","hentry"],"yoast_head":"<!-- This site is optimized with the Yoast SEO plugin v25.0 - https:\/\/yoast.com\/wordpress\/plugins\/seo\/ -->\n<title>Laundromats in Austin, TX | Clean Laundry Locations<\/title>\n<meta name=\"description\" content=\"Clean Laundry is proud to offer Austin laundromats that are fast, safe, and clean. Learn more and find the Austin location nearest you.\" \/>\n<meta name=\"robots\" content=\"index, follow, max-snippet:-1, max-image-preview:large, max-video-preview:-1\" \/>\n<link rel=\"canonical\" href=\"https:\/\/cleanlaundry.com\/es\/locations\/texas\/austin\/\" \/>\n<meta property=\"og:locale\" content=\"es_MX\" \/>\n<meta property=\"og:type\" content=\"article\" \/>\n<meta property=\"og:title\" content=\"Laundromats in Austin, TX | Clean Laundry Locations\" \/>\n<meta property=\"og:description\" content=\"Clean Laundry is proud to offer Austin laundromats that are fast, safe, and clean. Learn more and find the Austin location nearest you.\" \/>\n<meta property=\"og:url\" content=\"https:\/\/cleanlaundry.com\/es\/locations\/texas\/austin\/\" \/>\n<meta property=\"og:site_name\" content=\"Clean Laundry\" \/>\n<meta property=\"article:modified_time\" content=\"2024-12-03T21:10:43+00:00\" \/>\n<meta property=\"og:image\" content=\"https:\/\/cleanlaundry.com\/wp-content\/uploads\/2021\/04\/CL-19.jpg\" \/>\n\t<meta property=\"og:image:width\" content=\"600\" \/>\n\t<meta property=\"og:image:height\" content=\"350\" \/>\n\t<meta property=\"og:image:type\" content=\"image\/jpeg\" \/>\n<meta name=\"twitter:card\" content=\"summary_large_image\" \/>\n<script type=\"application\/ld+json\" class=\"yoast-schema-graph\">{\"@context\":\"https:\/\/schema.org\",\"@graph\":[{\"@type\":\"WebPage\",\"@id\":\"https:\/\/cleanlaundry.com\/locations\/texas\/austin\/\",\"url\":\"https:\/\/cleanlaundry.com\/locations\/texas\/austin\/\",\"name\":\"Laundromats in Austin, TX | Clean Laundry Locations\",\"isPartOf\":{\"@id\":\"https:\/\/cleanlaundry.com\/#website\"},\"primaryImageOfPage\":{\"@id\":\"https:\/\/cleanlaundry.com\/locations\/texas\/austin\/#primaryimage\"},\"image\":{\"@id\":\"https:\/\/cleanlaundry.com\/locations\/texas\/austin\/#primaryimage\"},\"thumbnailUrl\":\"https:\/\/cleanlaundry.com\/wp-content\/uploads\/2021\/04\/CL-19.jpg\",\"datePublished\":\"2020-09-09T19:23:40+00:00\",\"dateModified\":\"2024-12-03T21:10:43+00:00\",\"description\":\"Clean Laundry is proud to offer Austin laundromats that are fast, safe, and clean. Learn more and find the Austin location nearest you.\",\"breadcrumb\":{\"@id\":\"https:\/\/cleanlaundry.com\/locations\/texas\/austin\/#breadcrumb\"},\"inLanguage\":\"es\",\"potentialAction\":[{\"@type\":\"ReadAction\",\"target\":[\"https:\/\/cleanlaundry.com\/locations\/texas\/austin\/\"]}]},{\"@type\":\"ImageObject\",\"inLanguage\":\"es\",\"@id\":\"https:\/\/cleanlaundry.com\/locations\/texas\/austin\/#primaryimage\",\"url\":\"https:\/\/cleanlaundry.com\/wp-content\/uploads\/2021\/04\/CL-19.jpg\",\"contentUrl\":\"https:\/\/cleanlaundry.com\/wp-content\/uploads\/2021\/04\/CL-19.jpg\",\"width\":600,\"height\":350,\"caption\":\"One of our new locations in Austin, TX\"},{\"@type\":\"BreadcrumbList\",\"@id\":\"https:\/\/cleanlaundry.com\/locations\/texas\/austin\/#breadcrumb\",\"itemListElement\":[{\"@type\":\"ListItem\",\"position\":1,\"name\":\"Home\",\"item\":\"https:\/\/cleanlaundry.com\/\"},{\"@type\":\"ListItem\",\"position\":2,\"name\":\"All Clean Laundry Locations | Find a laundromat near you\",\"item\":\"https:\/\/cleanlaundry.com\/locations\/\"},{\"@type\":\"ListItem\",\"position\":3,\"name\":\"Laundromats in Texas | Clean Laundry Locations Near You\",\"item\":\"https:\/\/cleanlaundry.com\/locations\/texas\/\"},{\"@type\":\"ListItem\",\"position\":4,\"name\":\"Laundromats in Austin, Texas | Clean Laundry Austin Locations\"}]},{\"@type\":\"WebSite\",\"@id\":\"https:\/\/cleanlaundry.com\/#website\",\"url\":\"https:\/\/cleanlaundry.com\/\",\"name\":\"Clean Laundry\",\"description\":\"Clean Laundry\",\"potentialAction\":[{\"@type\":\"SearchAction\",\"target\":{\"@type\":\"EntryPoint\",\"urlTemplate\":\"https:\/\/cleanlaundry.com\/?s={search_term_string}\"},\"query-input\":{\"@type\":\"PropertyValueSpecification\",\"valueRequired\":true,\"valueName\":\"search_term_string\"}}],\"inLanguage\":\"es\"}]}<\/script>\n<!-- \/ Yoast SEO plugin. -->","yoast_head_json":{"title":"Lavander\u00edas en Austin, TX | Ubicaciones de Clean Laundry","description":"Clean Laundry se enorgullece de ofrecer lavander\u00edas en Austin que son r\u00e1pidas, seguras y limpias. Obtenga m\u00e1s informaci\u00f3n y encuentre la ubicaci\u00f3n de Austin m\u00e1s cercana a usted.","robots":{"index":"index","follow":"follow","max-snippet":"max-snippet:-1","max-image-preview":"max-image-preview:large","max-video-preview":"max-video-preview:-1"},"canonical":"https:\/\/cleanlaundry.com\/es\/locations\/texas\/austin\/","og_locale":"es_MX","og_type":"article","og_title":"Laundromats in Austin, TX | Clean Laundry Locations","og_description":"Clean Laundry is proud to offer Austin laundromats that are fast, safe, and clean. Learn more and find the Austin location nearest you.","og_url":"https:\/\/cleanlaundry.com\/es\/locations\/texas\/austin\/","og_site_name":"Clean Laundry","article_modified_time":"2024-12-03T21:10:43+00:00","og_image":[{"width":600,"height":350,"url":"https:\/\/cleanlaundry.com\/wp-content\/uploads\/2021\/04\/CL-19.jpg","type":"image\/jpeg"}],"twitter_card":"summary_large_image","schema":{"@context":"https:\/\/schema.org","@graph":[{"@type":"WebPage","@id":"https:\/\/cleanlaundry.com\/locations\/texas\/austin\/","url":"https:\/\/cleanlaundry.com\/locations\/texas\/austin\/","name":"Lavander\u00edas en Austin, TX | Ubicaciones de Clean Laundry","isPartOf":{"@id":"https:\/\/cleanlaundry.com\/#website"},"primaryImageOfPage":{"@id":"https:\/\/cleanlaundry.com\/locations\/texas\/austin\/#primaryimage"},"image":{"@id":"https:\/\/cleanlaundry.com\/locations\/texas\/austin\/#primaryimage"},"thumbnailUrl":"https:\/\/cleanlaundry.com\/wp-content\/uploads\/2021\/04\/CL-19.jpg","datePublished":"2020-09-09T19:23:40+00:00","dateModified":"2024-12-03T21:10:43+00:00","description":"Clean Laundry se enorgullece de ofrecer lavander\u00edas en Austin que son r\u00e1pidas, seguras y limpias. Obtenga m\u00e1s informaci\u00f3n y encuentre la ubicaci\u00f3n de Austin m\u00e1s cercana a usted.","breadcrumb":{"@id":"https:\/\/cleanlaundry.com\/locations\/texas\/austin\/#breadcrumb"},"inLanguage":"es","potentialAction":[{"@type":"ReadAction","target":["https:\/\/cleanlaundry.com\/locations\/texas\/austin\/"]}]},{"@type":"ImageObject","inLanguage":"es","@id":"https:\/\/cleanlaundry.com\/locations\/texas\/austin\/#primaryimage","url":"https:\/\/cleanlaundry.com\/wp-content\/uploads\/2021\/04\/CL-19.jpg","contentUrl":"https:\/\/cleanlaundry.com\/wp-content\/uploads\/2021\/04\/CL-19.jpg","width":600,"height":350,"caption":"One of our new locations in Austin, TX"},{"@type":"BreadcrumbList","@id":"https:\/\/cleanlaundry.com\/locations\/texas\/austin\/#breadcrumb","itemListElement":[{"@type":"ListItem","position":1,"name":"Home","item":"https:\/\/cleanlaundry.com\/"},{"@type":"ListItem","position":2,"name":"All Clean Laundry Locations | Find a laundromat near you","item":"https:\/\/cleanlaundry.com\/locations\/"},{"@type":"ListItem","position":3,"name":"Laundromats in Texas | Clean Laundry Locations Near You","item":"https:\/\/cleanlaundry.com\/locations\/texas\/"},{"@type":"ListItem","position":4,"name":"Laundromats in Austin, Texas | Clean Laundry Austin Locations"}]},{"@type":"WebSite","@id":"https:\/\/cleanlaundry.com\/#website","url":"https:\/\/cleanlaundry.com\/","name":"Ropa limpia","description":"Ropa limpia","potentialAction":[{"@type":"SearchAction","target":{"@type":"EntryPoint","urlTemplate":"https:\/\/cleanlaundry.com\/?s={search_term_string}"},"query-input":{"@type":"PropertyValueSpecification","valueRequired":true,"valueName":"search_term_string"}}],"inLanguage":"es"}]}},"_links":{"self":[{"href":"https:\/\/cleanlaundry.com\/es\/wp-json\/wp\/v2\/pages\/9831","targetHints":{"allow":["GET"]}}],"collection":[{"href":"https:\/\/cleanlaundry.com\/es\/wp-json\/wp\/v2\/pages"}],"about":[{"href":"https:\/\/cleanlaundry.com\/es\/wp-json\/wp\/v2\/types\/page"}],"author":[{"embeddable":true,"href":"https:\/\/cleanlaundry.com\/es\/wp-json\/wp\/v2\/users\/101012"}],"replies":[{"embeddable":true,"href":"https:\/\/cleanlaundry.com\/es\/wp-json\/wp\/v2\/comments?post=9831"}],"version-history":[{"count":35,"href":"https:\/\/cleanlaundry.com\/es\/wp-json\/wp\/v2\/pages\/9831\/revisions"}],"predecessor-version":[{"id":15144,"href":"https:\/\/cleanlaundry.com\/es\/wp-json\/wp\/v2\/pages\/9831\/revisions\/15144"}],"up":[{"embeddable":true,"href":"https:\/\/cleanlaundry.com\/es\/wp-json\/wp\/v2\/pages\/9819"}],"wp:featuredmedia":[{"embeddable":true,"href":"https:\/\/cleanlaundry.com\/es\/wp-json\/wp\/v2\/media\/12178"}],"wp:attachment":[{"href":"https:\/\/cleanlaundry.com\/es\/wp-json\/wp\/v2\/media?parent=9831"}],"curies":[{"name":"wp","href":"https:\/\/api.w.org\/{rel}","templated":true}]}}