{"id":9776,"date":"2020-08-25T10:24:43","date_gmt":"2020-08-25T15:24:43","guid":{"rendered":"https:\/\/cleanlaundry.com\/?page_id=9776"},"modified":"2021-09-01T11:01:21","modified_gmt":"2021-09-01T16:01:21","slug":"milwaukee-4","status":"publish","type":"page","link":"https:\/\/cleanlaundry.com\/es\/locations\/wisconsin\/milwaukee-4\/","title":{"rendered":"Milwaukee"},"content":{"rendered":"<h1>\r\n\t\tExperimente la diferencia de Clean Laundry.\r\n\t<\/h1>\r\n\t<p>Clean Laundry se enorgullece de ofrecer a los residentes de Milwaukee y los alrededores. \u00e1rea, una lavander\u00eda segura, limpia y amigable donde puedan lavar grandes cantidades de ropa en muy poco tiempo. Consulte las ubicaciones siguientes. <\/p>\r\n\t\t\t\t<img loading=\"lazy\" decoding=\"async\" src=\"https:\/\/cleanlaundry.com\/wp-content\/uploads\/2019\/06\/Clean-Laundry-safely-lit2.jpg\" alt=\"Clean-Laundry-safely-lit2\" itemprop=\"image\" height=\"380\" width=\"500\" title=\"Limpiar la ropa con seguridad iluminada2\" onerror=\"this.style.display='none'\"  \/>\r\n<h2>\r\n\t\tIluminado de forma segura con 24\/7<br \/> monitoreo de video\r\n\t<\/h2>\r\n\t<p>Nuestras ubicaciones son seguras y est\u00e1n controladas las 24 horas del d\u00eda para su tranquilidad.<\/p>\r\n\t\t\t\t<img loading=\"lazy\" decoding=\"async\" src=\"https:\/\/cleanlaundry.com\/wp-content\/uploads\/2019\/06\/Clean-Laundry-less-detergent-1.jpg\" alt=\"Clean-Laundry-less-detergent\" itemprop=\"image\" height=\"380\" width=\"500\" title=\"Detergente sin ropa limpia\" onerror=\"this.style.display='none'\"  \/>\r\n<h2>\r\n\t\tRopa m\u00e1s limpia con <br \/>menos detergente\r\n\t<\/h2>\r\n\t<p>Las m\u00e1quinas de alta eficiencia y la tecnolog\u00eda de agua blanda le permiten ahorrar tiempo y dinero.<\/p>\r\n\t\t\t\t<img loading=\"lazy\" decoding=\"async\" src=\"https:\/\/cleanlaundry.com\/wp-content\/uploads\/2019\/06\/Clean-Laundry-clean-convenient.jpg\" alt=\"Clean-Laundry-clean-convenient\" itemprop=\"image\" height=\"380\" width=\"500\" title=\"Limpiar la ropa limpia conveniente\" onerror=\"this.style.display='none'\"  \/>\r\n<h2>\r\n\t\tC\u00f3modo, conveniente, <br \/>&amp; Siempre limpio\r\n\t<\/h2>\r\n\t<p>Wifi gratuito, estaciones de carga USB, televisores y opciones de refrescos lo har\u00e1n sentir como en casa.<\/p>\r\n\t\t\t\t<img loading=\"lazy\" decoding=\"async\" src=\"https:\/\/cleanlaundry.com\/wp-content\/uploads\/2019\/06\/Clean-Laundry-1-hr-washdry.jpg\" alt=\"Clean-Laundry-1-hr-washdry\" itemprop=\"image\" height=\"380\" width=\"500\" title=\"Lavado-lavado-1-hora-limpio\" onerror=\"this.style.display='none'\"  \/>\r\n<h2>\r\n\t\t1 hora de lavado y secado plus <br \/>servicios express\r\n\t<\/h2>\r\n\t<p>Las lavadoras y secadoras de gran volumen hacen que su viaje sea r\u00e1pido y eficiente.<\/p>\r\n<h2>\r\n\t\tMilwaukee, WI Servicios de lavander\u00eda\r\n\t<\/h2>\r\n\t\t\t\t<img loading=\"lazy\" decoding=\"async\" src=\"https:\/\/cleanlaundry.com\/wp-content\/uploads\/2021\/03\/CL-21.jpg\" alt=\"Clean Laundry laundromat storefront in West Milwaukee on Miller Park Way\" itemprop=\"image\" height=\"350\" width=\"600\" title=\"CL-21\" onerror=\"this.style.display='none'\"  \/>\r\n\t<h3><a href=\"https:\/\/cleanlaundry.com\/es\/locations\/laundromats-in-wisconsin-2\/laundromat-at-2086-miller-park-way-west-milwaukee-wi\/\">Miller Park Way, oeste de Milwaukee<\/a><\/h3>\r\n2090 Miller Park Way<br \/>\r\nSuites #2090 y #2092<br \/>\r\nWest Milwaukee, WI 53219<br \/>\r\n<strong><br \/>\r\nAHORA ABIERTO, SECO GRATIS HASTA ABRIL<\/strong>\r\n\t\t<h6><\/h6>\r\n\t\t\t<a href=\"https:\/\/cleanlaundry.com\/es\/locations\/wisconsin\/\" target=\"_self\" role=\"button\" rel=\"noopener\">\r\n\t\t\t\t\t\tVer todas las ubicaciones en Wisconsin\r\n\t\t\t\t\t<\/a>\r\n<h2>\r\n\t\tM\u00e9tete en el ciclo\r\n\t<\/h2>\r\n\t<p>Ser\u00e1s el primero en saber cu\u00e1ndo abrimos, tenemos ventas flash, promociones de lavado gratis o secado.<\/p>","protected":false},"excerpt":{"rendered":"<p>Experimente la diferencia de Clean Laundry. Clean Laundry se enorgullece de ofrecer a los residentes de Milwaukee y los alrededores. \u00e1rea, una lavander\u00eda segura, limpia y amigable donde puedan lavar grandes cantidades de ropa en muy poco tiempo. Consulte las ubicaciones siguientes. Iluminado de forma segura con monitoreo de video 24\/7 Nuestras ubicaciones son seguras y monitoreadas alrededor de ...<\/p>","protected":false},"author":101012,"featured_media":0,"parent":8741,"menu_order":0,"comment_status":"closed","ping_status":"closed","template":"","meta":{"footnotes":""},"class_list":["post-9776","page","type-page","status-publish","hentry"],"yoast_head":"<!-- This site is optimized with the Yoast SEO plugin v25.0 - https:\/\/yoast.com\/wordpress\/plugins\/seo\/ -->\n<title>Laundromats in Milwaukee, WI | Clean Laundry Locations<\/title>\n<meta name=\"description\" content=\"Clean Laundry is proud to offer Milwaukee laundromats that are fast, safe, and clean. Learn more and find the Milwaukee location nearest you.\" \/>\n<meta name=\"robots\" content=\"index, follow, max-snippet:-1, max-image-preview:large, max-video-preview:-1\" \/>\n<link rel=\"canonical\" href=\"https:\/\/cleanlaundry.com\/es\/locations\/wisconsin\/milwaukee-4\/\" \/>\n<meta property=\"og:locale\" content=\"es_MX\" \/>\n<meta property=\"og:type\" content=\"article\" \/>\n<meta property=\"og:title\" content=\"Laundromats in Milwaukee, WI | Clean Laundry Locations\" \/>\n<meta property=\"og:description\" content=\"Clean Laundry is proud to offer Milwaukee laundromats that are fast, safe, and clean. Learn more and find the Milwaukee location nearest you.\" \/>\n<meta property=\"og:url\" content=\"https:\/\/cleanlaundry.com\/es\/locations\/wisconsin\/milwaukee-4\/\" \/>\n<meta property=\"og:site_name\" content=\"Clean Laundry\" \/>\n<meta property=\"article:modified_time\" content=\"2021-09-01T16:01:21+00:00\" \/>\n<meta property=\"og:image\" content=\"https:\/\/cleanlaundry.com\/wp-content\/uploads\/2019\/06\/Clean-Laundry-safely-lit2.jpg\" \/>\n<meta name=\"twitter:card\" content=\"summary_large_image\" \/>\n<meta name=\"twitter:label1\" content=\"Tiempo de lectura\" \/>\n\t<meta name=\"twitter:data1\" content=\"1 minuto\" \/>\n<script type=\"application\/ld+json\" class=\"yoast-schema-graph\">{\"@context\":\"https:\/\/schema.org\",\"@graph\":[{\"@type\":\"WebPage\",\"@id\":\"https:\/\/cleanlaundry.com\/locations\/wisconsin\/milwaukee-4\/\",\"url\":\"https:\/\/cleanlaundry.com\/locations\/wisconsin\/milwaukee-4\/\",\"name\":\"Laundromats in Milwaukee, WI | Clean Laundry Locations\",\"isPartOf\":{\"@id\":\"https:\/\/cleanlaundry.com\/#website\"},\"primaryImageOfPage\":{\"@id\":\"https:\/\/cleanlaundry.com\/locations\/wisconsin\/milwaukee-4\/#primaryimage\"},\"image\":{\"@id\":\"https:\/\/cleanlaundry.com\/locations\/wisconsin\/milwaukee-4\/#primaryimage\"},\"thumbnailUrl\":\"https:\/\/cleanlaundry.com\/wp-content\/uploads\/2019\/06\/Clean-Laundry-safely-lit2.jpg\",\"datePublished\":\"2020-08-25T15:24:43+00:00\",\"dateModified\":\"2021-09-01T16:01:21+00:00\",\"description\":\"Clean Laundry is proud to offer Milwaukee laundromats that are fast, safe, and clean. Learn more and find the Milwaukee location nearest you.\",\"breadcrumb\":{\"@id\":\"https:\/\/cleanlaundry.com\/locations\/wisconsin\/milwaukee-4\/#breadcrumb\"},\"inLanguage\":\"es\",\"potentialAction\":[{\"@type\":\"ReadAction\",\"target\":[\"https:\/\/cleanlaundry.com\/locations\/wisconsin\/milwaukee-4\/\"]}]},{\"@type\":\"ImageObject\",\"inLanguage\":\"es\",\"@id\":\"https:\/\/cleanlaundry.com\/locations\/wisconsin\/milwaukee-4\/#primaryimage\",\"url\":\"https:\/\/cleanlaundry.com\/wp-content\/uploads\/2019\/06\/Clean-Laundry-safely-lit2.jpg\",\"contentUrl\":\"https:\/\/cleanlaundry.com\/wp-content\/uploads\/2019\/06\/Clean-Laundry-safely-lit2.jpg\"},{\"@type\":\"BreadcrumbList\",\"@id\":\"https:\/\/cleanlaundry.com\/locations\/wisconsin\/milwaukee-4\/#breadcrumb\",\"itemListElement\":[{\"@type\":\"ListItem\",\"position\":1,\"name\":\"Home\",\"item\":\"https:\/\/cleanlaundry.com\/\"},{\"@type\":\"ListItem\",\"position\":2,\"name\":\"All Clean Laundry Locations | Find a laundromat near you\",\"item\":\"https:\/\/cleanlaundry.com\/locations\/\"},{\"@type\":\"ListItem\",\"position\":3,\"name\":\"Laundromats in Wisconsin\",\"item\":\"https:\/\/cleanlaundry.com\/locations\/wisconsin\/\"},{\"@type\":\"ListItem\",\"position\":4,\"name\":\"Milwaukee\"}]},{\"@type\":\"WebSite\",\"@id\":\"https:\/\/cleanlaundry.com\/#website\",\"url\":\"https:\/\/cleanlaundry.com\/\",\"name\":\"Clean Laundry\",\"description\":\"Clean Laundry\",\"potentialAction\":[{\"@type\":\"SearchAction\",\"target\":{\"@type\":\"EntryPoint\",\"urlTemplate\":\"https:\/\/cleanlaundry.com\/?s={search_term_string}\"},\"query-input\":{\"@type\":\"PropertyValueSpecification\",\"valueRequired\":true,\"valueName\":\"search_term_string\"}}],\"inLanguage\":\"es\"}]}<\/script>\n<!-- \/ Yoast SEO plugin. -->","yoast_head_json":{"title":"Lavander\u00edas en Milwaukee, WI | Ubicaciones de Clean Laundry","description":"Clean Laundry se enorgullece de ofrecer lavander\u00edas autom\u00e1ticas en Milwaukee que son r\u00e1pidas, seguras y limpias. Obtenga m\u00e1s informaci\u00f3n y encuentre la ubicaci\u00f3n de Milwaukee m\u00e1s cercana.","robots":{"index":"index","follow":"follow","max-snippet":"max-snippet:-1","max-image-preview":"max-image-preview:large","max-video-preview":"max-video-preview:-1"},"canonical":"https:\/\/cleanlaundry.com\/es\/locations\/wisconsin\/milwaukee-4\/","og_locale":"es_MX","og_type":"article","og_title":"Laundromats in Milwaukee, WI | Clean Laundry Locations","og_description":"Clean Laundry is proud to offer Milwaukee laundromats that are fast, safe, and clean. Learn more and find the Milwaukee location nearest you.","og_url":"https:\/\/cleanlaundry.com\/es\/locations\/wisconsin\/milwaukee-4\/","og_site_name":"Clean Laundry","article_modified_time":"2021-09-01T16:01:21+00:00","og_image":[{"url":"https:\/\/cleanlaundry.com\/wp-content\/uploads\/2019\/06\/Clean-Laundry-safely-lit2.jpg","type":"","width":"","height":""}],"twitter_card":"summary_large_image","twitter_misc":{"Tiempo de lectura":"1 minuto"},"schema":{"@context":"https:\/\/schema.org","@graph":[{"@type":"WebPage","@id":"https:\/\/cleanlaundry.com\/locations\/wisconsin\/milwaukee-4\/","url":"https:\/\/cleanlaundry.com\/locations\/wisconsin\/milwaukee-4\/","name":"Lavander\u00edas en Milwaukee, WI | Ubicaciones de Clean Laundry","isPartOf":{"@id":"https:\/\/cleanlaundry.com\/#website"},"primaryImageOfPage":{"@id":"https:\/\/cleanlaundry.com\/locations\/wisconsin\/milwaukee-4\/#primaryimage"},"image":{"@id":"https:\/\/cleanlaundry.com\/locations\/wisconsin\/milwaukee-4\/#primaryimage"},"thumbnailUrl":"https:\/\/cleanlaundry.com\/wp-content\/uploads\/2019\/06\/Clean-Laundry-safely-lit2.jpg","datePublished":"2020-08-25T15:24:43+00:00","dateModified":"2021-09-01T16:01:21+00:00","description":"Clean Laundry se enorgullece de ofrecer lavander\u00edas autom\u00e1ticas en Milwaukee que son r\u00e1pidas, seguras y limpias. Obtenga m\u00e1s informaci\u00f3n y encuentre la ubicaci\u00f3n de Milwaukee m\u00e1s cercana.","breadcrumb":{"@id":"https:\/\/cleanlaundry.com\/locations\/wisconsin\/milwaukee-4\/#breadcrumb"},"inLanguage":"es","potentialAction":[{"@type":"ReadAction","target":["https:\/\/cleanlaundry.com\/locations\/wisconsin\/milwaukee-4\/"]}]},{"@type":"ImageObject","inLanguage":"es","@id":"https:\/\/cleanlaundry.com\/locations\/wisconsin\/milwaukee-4\/#primaryimage","url":"https:\/\/cleanlaundry.com\/wp-content\/uploads\/2019\/06\/Clean-Laundry-safely-lit2.jpg","contentUrl":"https:\/\/cleanlaundry.com\/wp-content\/uploads\/2019\/06\/Clean-Laundry-safely-lit2.jpg"},{"@type":"BreadcrumbList","@id":"https:\/\/cleanlaundry.com\/locations\/wisconsin\/milwaukee-4\/#breadcrumb","itemListElement":[{"@type":"ListItem","position":1,"name":"Home","item":"https:\/\/cleanlaundry.com\/"},{"@type":"ListItem","position":2,"name":"All Clean Laundry Locations | Find a laundromat near you","item":"https:\/\/cleanlaundry.com\/locations\/"},{"@type":"ListItem","position":3,"name":"Laundromats in Wisconsin","item":"https:\/\/cleanlaundry.com\/locations\/wisconsin\/"},{"@type":"ListItem","position":4,"name":"Milwaukee"}]},{"@type":"WebSite","@id":"https:\/\/cleanlaundry.com\/#website","url":"https:\/\/cleanlaundry.com\/","name":"Ropa limpia","description":"Ropa limpia","potentialAction":[{"@type":"SearchAction","target":{"@type":"EntryPoint","urlTemplate":"https:\/\/cleanlaundry.com\/?s={search_term_string}"},"query-input":{"@type":"PropertyValueSpecification","valueRequired":true,"valueName":"search_term_string"}}],"inLanguage":"es"}]}},"_links":{"self":[{"href":"https:\/\/cleanlaundry.com\/es\/wp-json\/wp\/v2\/pages\/9776","targetHints":{"allow":["GET"]}}],"collection":[{"href":"https:\/\/cleanlaundry.com\/es\/wp-json\/wp\/v2\/pages"}],"about":[{"href":"https:\/\/cleanlaundry.com\/es\/wp-json\/wp\/v2\/types\/page"}],"author":[{"embeddable":true,"href":"https:\/\/cleanlaundry.com\/es\/wp-json\/wp\/v2\/users\/101012"}],"replies":[{"embeddable":true,"href":"https:\/\/cleanlaundry.com\/es\/wp-json\/wp\/v2\/comments?post=9776"}],"version-history":[{"count":10,"href":"https:\/\/cleanlaundry.com\/es\/wp-json\/wp\/v2\/pages\/9776\/revisions"}],"predecessor-version":[{"id":12090,"href":"https:\/\/cleanlaundry.com\/es\/wp-json\/wp\/v2\/pages\/9776\/revisions\/12090"}],"up":[{"embeddable":true,"href":"https:\/\/cleanlaundry.com\/es\/wp-json\/wp\/v2\/pages\/8741"}],"wp:attachment":[{"href":"https:\/\/cleanlaundry.com\/es\/wp-json\/wp\/v2\/media?parent=9776"}],"curies":[{"name":"wp","href":"https:\/\/api.w.org\/{rel}","templated":true}]}}