{"id":9633,"date":"2020-07-15T12:30:37","date_gmt":"2020-07-15T17:30:37","guid":{"rendered":"https:\/\/cleanlaundry.com\/?page_id=9633"},"modified":"2022-03-24T09:56:38","modified_gmt":"2022-03-24T14:56:38","slug":"privacy-policy","status":"publish","type":"page","link":"https:\/\/cleanlaundry.com\/es\/privacy-policy\/","title":{"rendered":"Pol\u00edtica de privacidad"},"content":{"rendered":"<h1>\n\t\tPol\u00edtica de privacidad de Clean Laundry\n\t<\/h1>\n\t<p><a href=\"https:\/\/clickstop.com\/\">Clickstop Inc.<\/a>, la empresa matriz de Clean Laundry, es el \u00fanico propietario de la informaci\u00f3n recopilada en este sitio. No venderemos, alquilaremos ni compartiremos esta informaci\u00f3n con ning\u00fan tercero.<\/p>\n<p>Para procesar su pedido de manera eficiente, recopilamos cierta &quot;Informaci\u00f3n personal&quot; cuando realiza un pedido o inicia sesi\u00f3n en nuestro sitio web. Esta informaci\u00f3n es utilizada \u00fanicamente por agentes de Clickstop, Inc. y se almacena y mantiene en un entorno seguro.<\/p>\n<p>Informacion personal:<\/p>\n<ul>\n<li>Nombre<\/li>\n<li>Habla a<\/li>\n<li>N\u00famero de tel\u00e9fono<\/li>\n<li>Direcci\u00f3n de correo electr\u00f3nico<\/li>\n<li>nombre de empresa<\/li>\n<li>Comportamiento del sitio web\n<ul>\n<li>Fuente de la p\u00e1gina<\/li>\n<li>Productos vistos<\/li>\n<li>N\u00famero de visitas<\/li>\n<li>Fecha de la primera visita<\/li>\n<li>Sitio web de referencia<\/li>\n<li>Clickstreams<\/li>\n<li>\u00daltima p\u00e1gina visitada<\/li>\n<li>Fecha de la \u00faltima visita<\/li>\n<li>Geolocalizaci\u00f3n que incluye: ciudad, estado, c\u00f3digo postal, pa\u00eds, zona horaria<\/li>\n<li>Navegador<\/li>\n<li>Cliente de correo electronico<\/li>\n<li>Sistema operativo<\/li>\n<\/ul>\n<\/li>\n<\/ul>\n<h3>Prop\u00f3sito:<\/h3>\n<p>Usamos su informaci\u00f3n para comunicarnos con usted con respecto a sus pedidos, nuestro sitio web, nuevos productos y ofertas especiales que creemos que encontrar\u00e1 valiosas. Ocasionalmente, podemos incluir ofertas de empresas asociadas que creemos que podr\u00eda apreciar en nuestras comunicaciones directas con usted; su informaci\u00f3n personal no se divulga a estas partes. Si prefiere no recibir esta informaci\u00f3n, se incluye un enlace para cancelar la suscripci\u00f3n en cada comunicaci\u00f3n promocional.<\/p>\n<h3>Seguridad:<\/h3>\n<p>Tomamos todas las precauciones para proteger la informaci\u00f3n de nuestros usuarios. Todas las p\u00e1ginas de este sitio web que recopilan informaci\u00f3n personal est\u00e1n protegidas y se transmiten mediante un alto nivel de cifrado. Puede verificar el estado de nuestro certificado de seguridad buscando el candado que se muestra en el bot\u00f3n de la ventana de su navegador (dependiendo del navegador que utilice). Adem\u00e1s, se mostrar\u00e1 la direcci\u00f3n de nuestro sitio.\u00a0<b>https:<\/b> lo que indica que se est\u00e1 utilizando una conexi\u00f3n de servidor segura. Clean Laundry se compromete a proteger su informaci\u00f3n confidencial.<\/p>\n<h3>Cookies y seguimiento de datos:<\/h3>\n<p>Clean Laundry puede trabajar con empresas de publicidad de terceros para mostrar anuncios reorientados a posibles clientes en otros sitios web. Estos terceros pueden recopilar informaci\u00f3n de identificaci\u00f3n no personal sobre sus visitas e interacci\u00f3n con nuestro sitio web. La informaci\u00f3n an\u00f3nima se recopila mediante el uso de una etiqueta de p\u00edxel, que es una tecnolog\u00eda est\u00e1ndar de la industria utilizada por la mayor\u00eda de los sitios web importantes. Nuevamente, no se recopila informaci\u00f3n de identificaci\u00f3n personal durante este proceso.<\/p>\n<p>Clean Laundry tambi\u00e9n puede utilizar la informaci\u00f3n recopilada sobre su visita a trav\u00e9s de las estad\u00edsticas del sitio o las cookies para ayudar a diagnosticar problemas con nuestro servidor o realizar un seguimiento de su progreso en el sitio web para mejorar su experiencia de compra. <b>No se recopila informaci\u00f3n personal en este proceso ni se vincula a estos datos.<\/b><\/p>\n<h3>Enlaces:<\/h3>\n<p>Puede haber enlaces en Clean Laundry l que lo llevar\u00e1n fuera de cualquier p\u00e1gina mantenida por Clickstop, Inc. No podemos ser responsables del contenido, la seguridad o la recopilaci\u00f3n de informaci\u00f3n por parte de estos terceros. Se recomienda que examine detenidamente la pol\u00edtica de privacidad de cualquier p\u00e1gina web de terceros antes de realizar negocios con ellos.<\/p>\n<h3>comercializaci\u00f3n de SMS:<\/h3>\n<p>Clean Laundry (en adelante, &quot;Nosotros&quot;, &quot;Nos&quot;, &quot;Nuestro&quot;) ofrece un programa de mensajer\u00eda m\u00f3vil (el &quot;Programa&quot;), que usted acepta usar y participar sujeto a estos T\u00e9rminos y condiciones de mensajer\u00eda m\u00f3vil y Pol\u00edtica de privacidad ( el acuerdo&quot;). Al aceptar o participar en cualquiera de nuestros Programas, usted acepta y est\u00e1 de acuerdo con estos t\u00e9rminos y condiciones, incluido, entre otros, su acuerdo para resolver cualquier disputa con nosotros a trav\u00e9s de un arbitraje vinculante, solo individual, como se detalla en la &quot;Resoluci\u00f3n de disputas&quot;. \u201d secci\u00f3n a continuaci\u00f3n. Este Acuerdo se limita al Programa y no pretende modificar otros T\u00e9rminos y condiciones o la Pol\u00edtica de privacidad que pueden regir la relaci\u00f3n entre usted y Nosotros en otros contextos.<\/p>\n<p>1. Inscripci\u00f3n del usuario: El Programa permite a los Usuarios recibir mensajes m\u00f3viles SMS\/MMS al optar afirmativamente por participar en el Programa, por ejemplo, a trav\u00e9s de formularios de inscripci\u00f3n en l\u00ednea o basados en aplicaciones. Independientemente del m\u00e9todo de suscripci\u00f3n que haya utilizado para unirse al Programa, usted acepta que este Acuerdo se aplica a su participaci\u00f3n en el Programa. Al participar en el Programa, acepta recibir mensajes m\u00f3viles de marketing marcados autom\u00e1ticamente o pregrabados en el n\u00famero de tel\u00e9fono asociado con su suscripci\u00f3n, y comprende que no se requiere consentimiento para realizar ninguna compra con Nosotros. Si bien acepta recibir mensajes enviados mediante un marcador autom\u00e1tico, lo anterior no se interpretar\u00e1 como una sugerencia o implicaci\u00f3n de que alguno o todos nuestros mensajes m\u00f3viles se env\u00eden mediante un sistema de marcaci\u00f3n telef\u00f3nica autom\u00e1tica (&quot;ATDS&quot; o &quot;marcador autom\u00e1tico&quot;). Se pueden aplicar tarifas por mensajes y datos. La frecuencia de los mensajes var\u00eda.<\/p>\n<p>2. Opci\u00f3n de exclusi\u00f3n del usuario: si no desea continuar participando en el Programa o ya no est\u00e1 de acuerdo con este Acuerdo, acepta responder STOP a cualquier mensaje m\u00f3vil nuestro para optar por no participar en el Programa. Es posible que reciba un mensaje m\u00f3vil adicional que confirme su decisi\u00f3n de optar por no participar. Usted comprende y acepta que las opciones anteriores son los \u00fanicos m\u00e9todos razonables para excluirse. Usted reconoce que nuestra plataforma de mensajes de texto puede no reconocer y responder a solicitudes de cancelaci\u00f3n de suscripci\u00f3n que alteren, cambien o modifiquen el comando de palabra clave DETENER, como el uso de diferentes ortograf\u00edas o la adici\u00f3n de otras palabras o frases al comando, y acepta que Limpiar Lavander\u00eda y sus proveedores de servicios no tendr\u00e1n ninguna responsabilidad por no cumplir con dichas solicitudes. Tambi\u00e9n comprende y acepta que cualquier otro m\u00e9todo de optar por no participar, incluidos, entre otros, enviar mensajes de texto con palabras distintas a las establecidas anteriormente o solicitar verbalmente a uno de nuestros empleados que lo elimine de nuestra lista, no es un medio razonable de optar por no participar. .<\/p>\n<p>3. Descripci\u00f3n del Programa: Sin limitar el alcance del Programa, los usuarios que optan por participar en el Programa pueden esperar recibir mensajes relacionados con la comercializaci\u00f3n, promoci\u00f3n, pago, entrega y venta de servicios y ofertas relacionados con lavander\u00edas.<\/p>\n<p>4. Costo y frecuencia: se pueden aplicar tarifas de mensajes y datos. Usted acepta recibir mensajes peri\u00f3dicamente a Nuestra discreci\u00f3n. La frecuencia de los mensajes diarios, semanales y mensuales variar\u00e1. El Programa involucra mensajes m\u00f3viles recurrentes, y es posible que se env\u00eden mensajes m\u00f3viles adicionales peri\u00f3dicamente en funci\u00f3n de su interacci\u00f3n con Nosotros.<\/p>\n<p>5. Instrucciones de soporte: Para obtener soporte relacionado con el Programa, comun\u00edquese directamente con la ubicaci\u00f3n de la tienda. Las opciones de exclusi\u00f3n deben presentarse de acuerdo con los procedimientos establecidos anteriormente.<\/p>\n<p>6. Divulgaci\u00f3n de MMS: El Programa enviar\u00e1 SMS TM (mensajes de finalizaci\u00f3n) si su dispositivo m\u00f3vil no es compatible con la mensajer\u00eda MMS.<\/p>\n<p>7. Nuestra renuncia de garant\u00eda: El Programa se ofrece &quot;tal cual&quot; y es posible que no est\u00e9 disponible en todas las \u00e1reas en todo momento y es posible que no contin\u00fae funcionando en caso de que se realicen cambios en el producto, el software, la cobertura u otros. su proveedor de servicios inal\u00e1mbricos. No seremos responsables de ning\u00fan retraso o falla en la recepci\u00f3n de mensajes m\u00f3viles relacionados con este Programa. La entrega de mensajes m\u00f3viles est\u00e1 sujeta a la transmisi\u00f3n efectiva de su proveedor de servicios inal\u00e1mbricos\/operador de red y est\u00e1 fuera de nuestro control. Los operadores no son responsables de los mensajes m\u00f3viles retrasados o no entregados.<\/p>\n<p>8. Requisitos del participante: debe tener un dispositivo inal\u00e1mbrico propio, capaz de enviar mensajes bidireccionales, utilizar un proveedor de servicios inal\u00e1mbricos participante y ser suscriptor de un servicio inal\u00e1mbrico con servicio de mensajes de texto. No todos los proveedores de telefon\u00eda celular cuentan con el servicio necesario para participar. Verifique las capacidades de su tel\u00e9fono para obtener instrucciones espec\u00edficas de mensajer\u00eda de texto.<\/p>\n<p>9. Restricci\u00f3n de edad: no puede usar ni participar en la Plataforma si es menor de trece (13) a\u00f1os. Si usa o interact\u00faa con la Plataforma y tiene entre trece (13) y dieciocho (18) a\u00f1os de edad, debe tener el permiso de sus padres o tutores legales para hacerlo. Al usar o participar en la Plataforma, usted reconoce y acepta que no tiene menos de trece (13) a\u00f1os, tiene entre trece (13) y dieciocho (18) a\u00f1os y tiene el permiso de sus padres o tutores legales para usar o participar en la Plataforma, o ser mayor de edad en su jurisdicci\u00f3n. Al usar o interactuar con la Plataforma, tambi\u00e9n reconoce y acepta que la Ley aplicable de su jurisdicci\u00f3n le permite usar y\/o interactuar con la Plataforma.<\/p>\n<p>10. Contenido prohibido: Usted reconoce y acepta no enviar ning\u00fan contenido prohibido a trav\u00e9s de la Plataforma. El contenido prohibido incluye: \u2013 Cualquier actividad fraudulenta, calumniosa, difamatoria, escandalosa, amenazante, acosadora o acosadora; \u2013 Contenido objetable, que incluye blasfemias, obscenidades, lascivia, violencia, intolerancia, odio y discriminaci\u00f3n por motivos de raza, sexo, religi\u00f3n, nacionalidad, discapacidad, orientaci\u00f3n sexual o edad; \u2013 Programas inform\u00e1ticos pirateados, virus, gusanos, caballos de Troya u otro c\u00f3digo da\u00f1ino; \u2013 Cualquier producto, servicio o promoci\u00f3n que sea ilegal donde se reciba dicho producto, servicio o promoci\u00f3n del mismo; \u2013 Cualquier contenido que implique y\/o haga referencia a informaci\u00f3n de salud personal protegida por la Ley de Portabilidad y Responsabilidad de Seguros M\u00e9dicos (&quot;HIPAA&quot;) o la Ley de Tecnolog\u00eda de Informaci\u00f3n de Salud para la Salud Cl\u00ednica y Econ\u00f3mica (&quot;Ley HITEC&quot;); y \u2013 Cualquier otro contenido que est\u00e9 prohibido por la Ley Aplicable en la jurisdicci\u00f3n desde la cual se env\u00eda el mensaje.<\/p>\n<p>11. Resoluci\u00f3n de disputas: en caso de que haya una disputa, reclamo o controversia entre usted y nosotros, o entre usted y cualquier otro proveedor de servicios externo que act\u00fae en nuestro nombre para transmitir los mensajes m\u00f3viles dentro del alcance del Programa, que surja o se relacione con reclamos legales federales o estatales, reclamos de derecho consuetudinario, este Acuerdo, o el incumplimiento, terminaci\u00f3n, ejecuci\u00f3n, interpretaci\u00f3n o validez del mismo, incluida la determinaci\u00f3n del alcance o la aplicabilidad de este acuerdo para arbitrar, dicha disputa, reclamo , o controversia ser\u00e1, en la mayor medida permitida por la ley, determinada por arbitraje en Urbana, Iowa ante un \u00e1rbitro. Las partes acuerdan someter la disputa a arbitraje vinculante de acuerdo con las Reglas de Arbitraje Comercial de la Asociaci\u00f3n Estadounidense de Arbitraje (&quot;AAA&quot;) vigentes en ese momento. Salvo que se disponga lo contrario en el presente, el \u00e1rbitro aplicar\u00e1 las leyes sustantivas del Circuito Judicial Federal en el que se encuentra el lugar principal de negocios de Clean Laundry, sin tener en cuenta sus reglas de conflicto de leyes. Dentro de los diez (10) d\u00edas naturales siguientes a la notificaci\u00f3n de la demanda de arbitraje a una de las partes, las partes deber\u00e1n seleccionar conjuntamente un \u00e1rbitro con al menos cinco a\u00f1os de experiencia en esa capacidad y que tenga conocimiento y experiencia en el tema de la controversia. Si las partes no se ponen de acuerdo sobre un \u00e1rbitro dentro de los diez (10) d\u00edas calendario, una parte puede solicitar a la AAA que nombre un \u00e1rbitro, quien debe cumplir con el mismo requisito de experiencia. En caso de disputa, el \u00e1rbitro decidir\u00e1 la aplicabilidad e interpretaci\u00f3n de este acuerdo de arbitraje de conformidad con la Ley Federal de Arbitraje (&quot;FAA&quot;). Las partes tambi\u00e9n acuerdan que las reglas de la AAA que rigen las Medidas de protecci\u00f3n de emergencia se aplicar\u00e1n en lugar de buscar medidas cautelares de emergencia de un tribunal. La decisi\u00f3n del \u00e1rbitro ser\u00e1 definitiva y vinculante, y ninguna de las partes tendr\u00e1 derecho a apelar, excepto los previstos en la secci\u00f3n 10 de la FAA. Cada parte asumir\u00e1 su parte de los honorarios pagados por el \u00e1rbitro y la administraci\u00f3n del arbitraje; sin embargo, el \u00e1rbitro tendr\u00e1 la facultad de ordenar a una de las partes que pague la totalidad o una parte de dichos honorarios como parte de una decisi\u00f3n bien razonada. Las partes acuerdan que el \u00e1rbitro tendr\u00e1 la autoridad para otorgar honorarios de abogados solo en la medida expresamente autorizada por ley o contrato. El \u00e1rbitro no tendr\u00e1 autoridad para otorgar da\u00f1os punitivos y cada parte renuncia a cualquier derecho de buscar o recuperar da\u00f1os punitivos con respecto a cualquier disputa resuelta por arbitraje. LAS PARTES ACUERDAN QUE CADA UNA PUEDE PRESENTAR RECLAMACIONES EN CONTRA DE LA OTRA \u00daNICAMENTE EN CAPACIDAD INDIVIDUAL MEDIANTE ARBITRAJE Y NO COMO DEMANDANTE O MIEMBRO DE CLASE EN NING\u00daN PROCEDIMIENTO DE ARBITRAJE REPRESENTATIVO O DE CLASE. Adem\u00e1s, a menos que ambas partes acuerden lo contrario en un escrito firmado, el \u00e1rbitro no puede consolidar las reclamaciones de m\u00e1s de una persona y no puede presidir ninguna forma de procedimiento representativo o colectivo. Salvo que lo exija la ley, ni una parte ni el \u00e1rbitro pueden divulgar la existencia, el contenido o los resultados de ning\u00fan arbitraje sin el consentimiento previo por escrito de ambas partes, a menos que sea para proteger o ejercer un derecho legal. Si alg\u00fan t\u00e9rmino o disposici\u00f3n de esta Secci\u00f3n es inv\u00e1lido, ilegal o inaplicable en cualquier jurisdicci\u00f3n, dicha invalidez, ilegalidad o inaplicabilidad no afectar\u00e1 a ning\u00fan otro t\u00e9rmino o disposici\u00f3n de esta Secci\u00f3n ni invalidar\u00e1 o dejar\u00e1 inaplicable dicho t\u00e9rmino o disposici\u00f3n en cualquier otra jurisdicci\u00f3n. . Si por alguna raz\u00f3n una disputa procede en un tribunal en lugar de un arbitraje, las partes renuncian a cualquier derecho a un juicio con jurado. Esta disposici\u00f3n de arbitraje sobrevivir\u00e1 a cualquier cancelaci\u00f3n o rescisi\u00f3n de su acuerdo para participar en cualquiera de nuestros Programas.<\/p>\n<p>12. Ley de Florida: Nos esforzamos por cumplir con la Ley de telemercadeo de Florida y la Ley de no llamar de Florida seg\u00fan corresponda a los residentes de Florida. Para fines de cumplimiento, usted acepta que podemos asumir que usted es residente de Florida si, en el momento de optar por participar en el Programa, (1) su direcci\u00f3n de env\u00edo, tal como se proporciona, se encuentra en Florida o (2) el c\u00f3digo de \u00e1rea para el n\u00famero de tel\u00e9fono utilizado para optar por participar en el Programa es un c\u00f3digo de \u00e1rea de Florida. Usted acepta que los requisitos de la Ley de telemercadeo de Florida y la Ley de no llamar de Florida no se aplican a usted, y no afirmar\u00e1 que es residente de Florida, si no cumple con alguno de estos criterios o, alternativamente, no nos informe afirmativamente por escrito que usted es residente de Florida envi\u00e1ndonos una notificaci\u00f3n por escrito. En la medida en que sea residente de Florida, acepta que los mensajes m\u00f3viles que le enviemos en respuesta directa a mensajes m\u00f3viles o solicitudes suyas (incluidas, entre otras, respuestas a palabras clave, solicitudes de suscripci\u00f3n, ayuda o detenci\u00f3n y notificaciones de env\u00edo) no constituye una &quot;llamada telef\u00f3nica de venta&quot; o una &quot;llamada telef\u00f3nica de solicitud telef\u00f3nica comercial&quot; para los fines de la Secci\u00f3n 501 de los Estatutos de Florida (incluidas, entre otras, las secciones 501.059 y 501.616), en la medida en que la ley sea relevante y aplicable.<\/p>\n<p>13. Miscel\u00e1neo: Usted nos garantiza y declara que tiene todos los derechos, poderes y autoridad necesarios para aceptar estos T\u00e9rminos y cumplir con sus obligaciones en virtud del presente, y nada de lo contenido en este Acuerdo o en el cumplimiento de dichas obligaciones lo pondr\u00e1 en incumplimiento. de cualquier otro contrato u obligaci\u00f3n. El hecho de que cualquiera de las partes no ejerza en ning\u00fan aspecto cualquier derecho previsto en el presente no se considerar\u00e1 una renuncia a ning\u00fan otro derecho en virtud del presente. Si se determina que alguna disposici\u00f3n de este Acuerdo es inaplicable o inv\u00e1lida, esa disposici\u00f3n se limitar\u00e1 o eliminar\u00e1 en la medida m\u00ednima necesaria para que este Acuerdo permanezca en pleno vigor y efecto y exigible. Cualquier caracter\u00edstica nueva, cambio, actualizaci\u00f3n o mejora del Programa estar\u00e1 sujeta a este Acuerdo a menos que se indique expl\u00edcitamente lo contrario por escrito. Nos reservamos el derecho de cambiar este Acuerdo de vez en cuando. Se le comunicar\u00e1 cualquier actualizaci\u00f3n de este Acuerdo. Usted reconoce su responsabilidad de revisar este Acuerdo de vez en cuando y de estar al tanto de dichos cambios. Al continuar participando en el Programa despu\u00e9s de dichos cambios, usted acepta este Acuerdo, con sus modificaciones.<\/p>\n<p>&nbsp;<\/p>\nLas preguntas sobre los T\u00e9rminos de servicio deben enviarse a nosotros a<br \/>\nRopa limpia<br \/>\n202 Blue Creek Drive<br \/>\nUrbana, IA 52345\n<p>Esta pol\u00edtica se actualiz\u00f3 por \u00faltima vez: 30\/09\/2019<\/p>","protected":false},"excerpt":{"rendered":"<p>Pol\u00edtica de privacidad de Clean Laundry Clickstop Inc., la empresa matriz de Clean Laundry, es el \u00fanico propietario de la informaci\u00f3n recopilada en este sitio. No venderemos, alquilaremos ni compartiremos esta informaci\u00f3n con ning\u00fan tercero. Para procesar su pedido de manera eficiente, recopilamos cierta &quot;Informaci\u00f3n personal&quot; cuando realiza un pedido o inicia sesi\u00f3n ...<\/p>","protected":false},"author":101012,"featured_media":0,"parent":0,"menu_order":0,"comment_status":"closed","ping_status":"closed","template":"","meta":{"footnotes":""},"class_list":["post-9633","page","type-page","status-publish","hentry"],"yoast_head":"<!-- This site is optimized with the Yoast SEO plugin v25.0 - https:\/\/yoast.com\/wordpress\/plugins\/seo\/ -->\n<title>Privacy Policy - Clean Laundry<\/title>\n<meta name=\"description\" content=\"Learn more about the Clean Laundry privacy policy.\" \/>\n<meta name=\"robots\" content=\"index, follow, max-snippet:-1, max-image-preview:large, max-video-preview:-1\" \/>\n<link rel=\"canonical\" href=\"https:\/\/cleanlaundry.com\/es\/privacy-policy\/\" \/>\n<meta property=\"og:locale\" content=\"es_MX\" \/>\n<meta property=\"og:type\" content=\"article\" \/>\n<meta property=\"og:title\" content=\"Privacy Policy - Clean Laundry\" \/>\n<meta property=\"og:description\" content=\"Learn more about the Clean Laundry privacy policy.\" \/>\n<meta property=\"og:url\" content=\"https:\/\/cleanlaundry.com\/es\/privacy-policy\/\" \/>\n<meta property=\"og:site_name\" content=\"Clean Laundry\" \/>\n<meta property=\"article:modified_time\" content=\"2022-03-24T14:56:38+00:00\" \/>\n<meta name=\"twitter:card\" content=\"summary_large_image\" \/>\n<meta name=\"twitter:label1\" content=\"Tiempo de lectura\" \/>\n\t<meta name=\"twitter:data1\" content=\"12 minutos\" \/>\n<script type=\"application\/ld+json\" class=\"yoast-schema-graph\">{\"@context\":\"https:\/\/schema.org\",\"@graph\":[{\"@type\":\"WebPage\",\"@id\":\"https:\/\/cleanlaundry.com\/privacy-policy\/\",\"url\":\"https:\/\/cleanlaundry.com\/privacy-policy\/\",\"name\":\"Privacy Policy - Clean Laundry\",\"isPartOf\":{\"@id\":\"https:\/\/cleanlaundry.com\/#website\"},\"datePublished\":\"2020-07-15T17:30:37+00:00\",\"dateModified\":\"2022-03-24T14:56:38+00:00\",\"description\":\"Learn more about the Clean Laundry privacy policy.\",\"breadcrumb\":{\"@id\":\"https:\/\/cleanlaundry.com\/privacy-policy\/#breadcrumb\"},\"inLanguage\":\"es\",\"potentialAction\":[{\"@type\":\"ReadAction\",\"target\":[\"https:\/\/cleanlaundry.com\/privacy-policy\/\"]}]},{\"@type\":\"BreadcrumbList\",\"@id\":\"https:\/\/cleanlaundry.com\/privacy-policy\/#breadcrumb\",\"itemListElement\":[{\"@type\":\"ListItem\",\"position\":1,\"name\":\"Home\",\"item\":\"https:\/\/cleanlaundry.com\/\"},{\"@type\":\"ListItem\",\"position\":2,\"name\":\"Privacy Policy\"}]},{\"@type\":\"WebSite\",\"@id\":\"https:\/\/cleanlaundry.com\/#website\",\"url\":\"https:\/\/cleanlaundry.com\/\",\"name\":\"Clean Laundry\",\"description\":\"Clean Laundry\",\"potentialAction\":[{\"@type\":\"SearchAction\",\"target\":{\"@type\":\"EntryPoint\",\"urlTemplate\":\"https:\/\/cleanlaundry.com\/?s={search_term_string}\"},\"query-input\":{\"@type\":\"PropertyValueSpecification\",\"valueRequired\":true,\"valueName\":\"search_term_string\"}}],\"inLanguage\":\"es\"}]}<\/script>\n<!-- \/ Yoast SEO plugin. -->","yoast_head_json":{"title":"Pol\u00edtica de privacidad - Clean Laundry","description":"Obtenga m\u00e1s informaci\u00f3n sobre la pol\u00edtica de privacidad de Clean Laundry.","robots":{"index":"index","follow":"follow","max-snippet":"max-snippet:-1","max-image-preview":"max-image-preview:large","max-video-preview":"max-video-preview:-1"},"canonical":"https:\/\/cleanlaundry.com\/es\/privacy-policy\/","og_locale":"es_MX","og_type":"article","og_title":"Privacy Policy - Clean Laundry","og_description":"Learn more about the Clean Laundry privacy policy.","og_url":"https:\/\/cleanlaundry.com\/es\/privacy-policy\/","og_site_name":"Clean Laundry","article_modified_time":"2022-03-24T14:56:38+00:00","twitter_card":"summary_large_image","twitter_misc":{"Tiempo de lectura":"12 minutos"},"schema":{"@context":"https:\/\/schema.org","@graph":[{"@type":"WebPage","@id":"https:\/\/cleanlaundry.com\/privacy-policy\/","url":"https:\/\/cleanlaundry.com\/privacy-policy\/","name":"Pol\u00edtica de privacidad - Clean Laundry","isPartOf":{"@id":"https:\/\/cleanlaundry.com\/#website"},"datePublished":"2020-07-15T17:30:37+00:00","dateModified":"2022-03-24T14:56:38+00:00","description":"Obtenga m\u00e1s informaci\u00f3n sobre la pol\u00edtica de privacidad de Clean Laundry.","breadcrumb":{"@id":"https:\/\/cleanlaundry.com\/privacy-policy\/#breadcrumb"},"inLanguage":"es","potentialAction":[{"@type":"ReadAction","target":["https:\/\/cleanlaundry.com\/privacy-policy\/"]}]},{"@type":"BreadcrumbList","@id":"https:\/\/cleanlaundry.com\/privacy-policy\/#breadcrumb","itemListElement":[{"@type":"ListItem","position":1,"name":"Home","item":"https:\/\/cleanlaundry.com\/"},{"@type":"ListItem","position":2,"name":"Privacy Policy"}]},{"@type":"WebSite","@id":"https:\/\/cleanlaundry.com\/#website","url":"https:\/\/cleanlaundry.com\/","name":"Ropa limpia","description":"Ropa limpia","potentialAction":[{"@type":"SearchAction","target":{"@type":"EntryPoint","urlTemplate":"https:\/\/cleanlaundry.com\/?s={search_term_string}"},"query-input":{"@type":"PropertyValueSpecification","valueRequired":true,"valueName":"search_term_string"}}],"inLanguage":"es"}]}},"_links":{"self":[{"href":"https:\/\/cleanlaundry.com\/es\/wp-json\/wp\/v2\/pages\/9633","targetHints":{"allow":["GET"]}}],"collection":[{"href":"https:\/\/cleanlaundry.com\/es\/wp-json\/wp\/v2\/pages"}],"about":[{"href":"https:\/\/cleanlaundry.com\/es\/wp-json\/wp\/v2\/types\/page"}],"author":[{"embeddable":true,"href":"https:\/\/cleanlaundry.com\/es\/wp-json\/wp\/v2\/users\/101012"}],"replies":[{"embeddable":true,"href":"https:\/\/cleanlaundry.com\/es\/wp-json\/wp\/v2\/comments?post=9633"}],"version-history":[{"count":5,"href":"https:\/\/cleanlaundry.com\/es\/wp-json\/wp\/v2\/pages\/9633\/revisions"}],"predecessor-version":[{"id":13470,"href":"https:\/\/cleanlaundry.com\/es\/wp-json\/wp\/v2\/pages\/9633\/revisions\/13470"}],"wp:attachment":[{"href":"https:\/\/cleanlaundry.com\/es\/wp-json\/wp\/v2\/media?parent=9633"}],"curies":[{"name":"wp","href":"https:\/\/api.w.org\/{rel}","templated":true}]}}