{"id":9473,"date":"2020-06-11T09:38:48","date_gmt":"2020-06-11T14:38:48","guid":{"rendered":"https:\/\/cleanlaundry.com\/?page_id=9473"},"modified":"2024-12-16T13:54:16","modified_gmt":"2024-12-16T19:54:16","slug":"waterloo","status":"publish","type":"page","link":"https:\/\/cleanlaundry.com\/es\/locations\/iowa\/waterloo\/","title":{"rendered":"Lavander\u00edas en Waterloo, Iowa | Ubicaciones de Clean Laundry Waterloo"},"content":{"rendered":"<h1>\n\t\tLavander\u00edas en Waterloo, Iowa\n\t<\/h1>\n\t<p>Clean Laundry se enorgullece de ofrecer a los residentes de Waterloo y a los que se encuentran cerca del condado de Blackhawk y del \u00e1rea de Cedar Falls, una lavander\u00eda autom\u00e1tica segura, limpia y siempre abierta donde pueden lavar grandes cantidades de ropa en muy poco tiempo.<\/p>\n<h3>\n\t\tThree convenient locations!\n\t<\/h3>\n\t<h2><a href=\"https:\/\/cleanlaundry.com\/es\/locations\/iowa\/waterloo\/709-progress-ave-waterloo-iowa\/\"><strong>Noroeste de Waterloo \/ Cedarloo<\/strong><\/a><\/h2>\n\t\t\t\t<a href=\"https:\/\/cleanlaundry.com\/es\/locations\/iowa\/waterloo\/709-progress-ave-waterloo-iowa\/\" target=\"_self\" itemprop=\"url\">\n\t\t\t\t<img loading=\"lazy\" decoding=\"async\" src=\"https:\/\/cleanlaundry.com\/wp-content\/uploads\/2021\/02\/CL-02.jpg\" alt=\"Clean Laundry laundromat storefront on Progress Ave in Waterloo, IA\" itemprop=\"image\" height=\"350\" width=\"600\" title=\"CL-02\" onerror=\"this.style.display='none'\"  \/>\n\t\t\t\t<\/a>\n\t\n<h4>709 Progress Avenue<br \/>\nWaterloo, IA 50701<\/h4>\n<p>Abierto 24 horas<\/p>\n<p>Justo al lado de University Ave, cerca de Jimmy John&#039;s<\/p>\n\t<h2><a href=\"https:\/\/cleanlaundry.com\/es\/locations\/iowa\/waterloo\/1209-flammang-drive-waterloo-ia\/\"><strong>South Waterloo<\/strong><\/a><\/h2>\n\t\t\t\t<a href=\"https:\/\/cleanlaundry.com\/es\/locations\/iowa\/waterloo\/1209-flammang-drive-waterloo-ia\/\" target=\"_self\" itemprop=\"url\">\n\t\t\t\t<img loading=\"lazy\" decoding=\"async\" src=\"https:\/\/cleanlaundry.com\/wp-content\/uploads\/2023\/09\/CL30-05.01-Storefront-Waterloo-Flamming-600x350-2.jpg\" alt=\"Clean Laundry Waterloo, IA on Flammang Dr\" itemprop=\"image\" height=\"350\" width=\"600\" title=\"Clean Laundry Waterloo, IA on Flammang Dr\" onerror=\"this.style.display='none'\"  \/>\n\t\t\t\t<\/a>\n\t<h3><a href=\"https:\/\/cleanlaundry.com\/es\/locations\/iowa\/waterloo\/1209-flammang-drive-waterloo-ia\/\">1209 Flammang Drive<br \/>\nWaterloo, IA 50702<\/a><\/h3>\n<p>Abierto de 5 a.m. a 10 p.m.<\/p>\n<p>Detr\u00e1s de Midwest Mattress en la esquina de San Marnan y Flammang Drive<\/p>\n\t<h2><a href=\"https:\/\/cleanlaundry.com\/es\/locations\/iowa\/waterloo\/215-franklin-street-waterloo-ia\/\">Noreste de Waterloo<\/a><\/h2>\n\t\t\t\t<a href=\"https:\/\/cleanlaundry.com\/es\/locations\/iowa\/waterloo\/215-franklin-street-waterloo-ia\/\" target=\"_self\" itemprop=\"url\">\n\t\t\t\t<img loading=\"lazy\" decoding=\"async\" src=\"https:\/\/cleanlaundry.com\/wp-content\/uploads\/2023\/09\/CL25-05.01-Storefront-Waterloo-franklin-600x350-1.jpg\" alt=\"Clean Laundry Waterloo, IA on Franklin\" itemprop=\"image\" height=\"350\" width=\"600\" title=\"Clean Laundry Waterloo, IA on Franklin\" onerror=\"this.style.display='none'\"  \/>\n\t\t\t\t<\/a>\n\t<h3><a href=\"https:\/\/cleanlaundry.com\/es\/locations\/iowa\/waterloo\/215-franklin-street-waterloo-ia\/\">215 Franklin Street<br \/>\nWaterloo, IA 50703<\/a><\/h3>\n<p>Abierto de 5 a.m. a 10 p.m.<\/p>\n<p>Cerca de CVS Pharmacy<\/p>\n<p>&nbsp;<\/p>\n\t<iframe loading=\"lazy\" src=\"https:\/\/www.google.com\/maps\/d\/u\/0\/embed?mid=1nqBjtYhY2dk5qiskkICa2Z8qTyBJeVk&#038;ehbc=2E312F&#038;noprof=1\" width=\"100%\" height=\"480\"><\/iframe>\n\t\t\t\t<img loading=\"lazy\" decoding=\"async\" src=\"https:\/\/cleanlaundry.com\/wp-content\/uploads\/2022\/04\/CLX-Logo-01.png\" alt=\"Clean Laundry Express Wash Dry Fold Pick-up and Delivery\" itemprop=\"image\" height=\"972\" width=\"979\" title=\"Logotipo CLX-01\" onerror=\"this.style.display='none'\"  \/>\n<h1>\n\t\t<a href=\"https:\/\/cleanlaundryexpress.com\/waterloo-iowa\/\" title=\"Servicios de lavander\u00eda Lavar, secar y doblar\" target=\"_self\">\n\t\tServicios de lavander\u00eda Lavar, secar y doblar\n\t\t<\/a>\n\t<\/h1>\n<h2>\n\t\tRecogida y entrega en Cedar Valley\n\t<\/h2>\n\t<p>\u00a1Nunca vuelvas a lavar la ropa! Lo lavamos. Lo secamos. Lo doblamos. La recogida y la entrega son gratuitas y sus preferencias de lavado son f\u00e1ciles de personalizar. Descargar el <a href=\"https:\/\/cleanlaundryexpress.com\/\">Aplicaci\u00f3n Clean Laundry Express<\/a> \u00a1Este Dia!<\/p>\n\t\t\t<a href=\"https:\/\/cleanlaundryexpress.com\/waterloo-iowa\/\" target=\"_self\">\n\t\t\t\t\t\t\tAprende m\u00e1s\n\t\t\t\t\t<\/a>","protected":false},"excerpt":{"rendered":"<p>Laundromats in Waterloo, Iowa Clean Laundry is proud to offer residents of Waterloo, and those near Blackhawk County and the Cedar Falls area, a safe, clean, and always-open laundromat where they can do large amounts of laundry in a very short time. Three convenient locations! Northwest Waterloo \/ Cedarloo 709 Progress Avenue Waterloo, IA 50701&hellip;<\/p>","protected":false},"author":101012,"featured_media":0,"parent":7116,"menu_order":0,"comment_status":"closed","ping_status":"closed","template":"","meta":{"footnotes":""},"class_list":["post-9473","page","type-page","status-publish","hentry"],"yoast_head":"<!-- This site is optimized with the Yoast SEO plugin v25.0 - https:\/\/yoast.com\/wordpress\/plugins\/seo\/ -->\n<title>Laundromats in Waterloo, IA | Clean Laundry Locations<\/title>\n<meta name=\"description\" content=\"Clean Laundry is proud to offer Waterloo laundromats that are fast, safe, and clean. Learn more and find the Waterloo location nearest you.\" \/>\n<meta name=\"robots\" content=\"index, follow, max-snippet:-1, max-image-preview:large, max-video-preview:-1\" \/>\n<link rel=\"canonical\" href=\"https:\/\/cleanlaundry.com\/es\/locations\/iowa\/waterloo\/\" \/>\n<meta property=\"og:locale\" content=\"es_MX\" \/>\n<meta property=\"og:type\" content=\"article\" \/>\n<meta property=\"og:title\" content=\"Laundromats in Waterloo, IA | Clean Laundry Locations\" \/>\n<meta property=\"og:description\" content=\"Clean Laundry is proud to offer Waterloo laundromats that are fast, safe, and clean. Learn more and find the Waterloo location nearest you.\" \/>\n<meta property=\"og:url\" content=\"https:\/\/cleanlaundry.com\/es\/locations\/iowa\/waterloo\/\" \/>\n<meta property=\"og:site_name\" content=\"Clean Laundry\" \/>\n<meta property=\"article:modified_time\" content=\"2024-12-16T19:54:16+00:00\" \/>\n<meta property=\"og:image\" content=\"https:\/\/cleanlaundry.com\/wp-content\/uploads\/2021\/02\/CL-02.jpg\" \/>\n<meta name=\"twitter:card\" content=\"summary_large_image\" \/>\n<meta name=\"twitter:label1\" content=\"Tiempo de lectura\" \/>\n\t<meta name=\"twitter:data1\" content=\"2 minutos\" \/>\n<script type=\"application\/ld+json\" class=\"yoast-schema-graph\">{\"@context\":\"https:\/\/schema.org\",\"@graph\":[{\"@type\":\"WebPage\",\"@id\":\"https:\/\/cleanlaundry.com\/locations\/iowa\/waterloo\/\",\"url\":\"https:\/\/cleanlaundry.com\/locations\/iowa\/waterloo\/\",\"name\":\"Laundromats in Waterloo, IA | Clean Laundry Locations\",\"isPartOf\":{\"@id\":\"https:\/\/cleanlaundry.com\/#website\"},\"primaryImageOfPage\":{\"@id\":\"https:\/\/cleanlaundry.com\/locations\/iowa\/waterloo\/#primaryimage\"},\"image\":{\"@id\":\"https:\/\/cleanlaundry.com\/locations\/iowa\/waterloo\/#primaryimage\"},\"thumbnailUrl\":\"https:\/\/cleanlaundry.com\/wp-content\/uploads\/2021\/02\/CL-02.jpg\",\"datePublished\":\"2020-06-11T14:38:48+00:00\",\"dateModified\":\"2024-12-16T19:54:16+00:00\",\"description\":\"Clean Laundry is proud to offer Waterloo laundromats that are fast, safe, and clean. Learn more and find the Waterloo location nearest you.\",\"breadcrumb\":{\"@id\":\"https:\/\/cleanlaundry.com\/locations\/iowa\/waterloo\/#breadcrumb\"},\"inLanguage\":\"es\",\"potentialAction\":[{\"@type\":\"ReadAction\",\"target\":[\"https:\/\/cleanlaundry.com\/locations\/iowa\/waterloo\/\"]}]},{\"@type\":\"ImageObject\",\"inLanguage\":\"es\",\"@id\":\"https:\/\/cleanlaundry.com\/locations\/iowa\/waterloo\/#primaryimage\",\"url\":\"https:\/\/cleanlaundry.com\/wp-content\/uploads\/2021\/02\/CL-02.jpg\",\"contentUrl\":\"https:\/\/cleanlaundry.com\/wp-content\/uploads\/2021\/02\/CL-02.jpg\"},{\"@type\":\"BreadcrumbList\",\"@id\":\"https:\/\/cleanlaundry.com\/locations\/iowa\/waterloo\/#breadcrumb\",\"itemListElement\":[{\"@type\":\"ListItem\",\"position\":1,\"name\":\"Home\",\"item\":\"https:\/\/cleanlaundry.com\/\"},{\"@type\":\"ListItem\",\"position\":2,\"name\":\"All Clean Laundry Locations | Find a laundromat near you\",\"item\":\"https:\/\/cleanlaundry.com\/locations\/\"},{\"@type\":\"ListItem\",\"position\":3,\"name\":\"Laundromats in Iowa | Clean Laundry Locations Near You\",\"item\":\"https:\/\/cleanlaundry.com\/locations\/iowa\/\"},{\"@type\":\"ListItem\",\"position\":4,\"name\":\"Laundromats in Waterloo, Iowa | Clean Laundry Waterloo Locations\"}]},{\"@type\":\"WebSite\",\"@id\":\"https:\/\/cleanlaundry.com\/#website\",\"url\":\"https:\/\/cleanlaundry.com\/\",\"name\":\"Clean Laundry\",\"description\":\"Clean Laundry\",\"potentialAction\":[{\"@type\":\"SearchAction\",\"target\":{\"@type\":\"EntryPoint\",\"urlTemplate\":\"https:\/\/cleanlaundry.com\/?s={search_term_string}\"},\"query-input\":{\"@type\":\"PropertyValueSpecification\",\"valueRequired\":true,\"valueName\":\"search_term_string\"}}],\"inLanguage\":\"es\"}]}<\/script>\n<!-- \/ Yoast SEO plugin. -->","yoast_head_json":{"title":"Lavander\u00edas en Waterloo, IA | Ubicaciones de Clean Laundry","description":"Clean Laundry se enorgullece de ofrecer lavander\u00edas Waterloo que son r\u00e1pidas, seguras y limpias. Obtenga m\u00e1s informaci\u00f3n y encuentre la ubicaci\u00f3n de Waterloo m\u00e1s cercana.","robots":{"index":"index","follow":"follow","max-snippet":"max-snippet:-1","max-image-preview":"max-image-preview:large","max-video-preview":"max-video-preview:-1"},"canonical":"https:\/\/cleanlaundry.com\/es\/locations\/iowa\/waterloo\/","og_locale":"es_MX","og_type":"article","og_title":"Laundromats in Waterloo, IA | Clean Laundry Locations","og_description":"Clean Laundry is proud to offer Waterloo laundromats that are fast, safe, and clean. Learn more and find the Waterloo location nearest you.","og_url":"https:\/\/cleanlaundry.com\/es\/locations\/iowa\/waterloo\/","og_site_name":"Clean Laundry","article_modified_time":"2024-12-16T19:54:16+00:00","og_image":[{"url":"https:\/\/cleanlaundry.com\/wp-content\/uploads\/2021\/02\/CL-02.jpg","type":"","width":"","height":""}],"twitter_card":"summary_large_image","twitter_misc":{"Tiempo de lectura":"2 minutos"},"schema":{"@context":"https:\/\/schema.org","@graph":[{"@type":"WebPage","@id":"https:\/\/cleanlaundry.com\/locations\/iowa\/waterloo\/","url":"https:\/\/cleanlaundry.com\/locations\/iowa\/waterloo\/","name":"Lavander\u00edas en Waterloo, IA | Ubicaciones de Clean Laundry","isPartOf":{"@id":"https:\/\/cleanlaundry.com\/#website"},"primaryImageOfPage":{"@id":"https:\/\/cleanlaundry.com\/locations\/iowa\/waterloo\/#primaryimage"},"image":{"@id":"https:\/\/cleanlaundry.com\/locations\/iowa\/waterloo\/#primaryimage"},"thumbnailUrl":"https:\/\/cleanlaundry.com\/wp-content\/uploads\/2021\/02\/CL-02.jpg","datePublished":"2020-06-11T14:38:48+00:00","dateModified":"2024-12-16T19:54:16+00:00","description":"Clean Laundry se enorgullece de ofrecer lavander\u00edas Waterloo que son r\u00e1pidas, seguras y limpias. Obtenga m\u00e1s informaci\u00f3n y encuentre la ubicaci\u00f3n de Waterloo m\u00e1s cercana.","breadcrumb":{"@id":"https:\/\/cleanlaundry.com\/locations\/iowa\/waterloo\/#breadcrumb"},"inLanguage":"es","potentialAction":[{"@type":"ReadAction","target":["https:\/\/cleanlaundry.com\/locations\/iowa\/waterloo\/"]}]},{"@type":"ImageObject","inLanguage":"es","@id":"https:\/\/cleanlaundry.com\/locations\/iowa\/waterloo\/#primaryimage","url":"https:\/\/cleanlaundry.com\/wp-content\/uploads\/2021\/02\/CL-02.jpg","contentUrl":"https:\/\/cleanlaundry.com\/wp-content\/uploads\/2021\/02\/CL-02.jpg"},{"@type":"BreadcrumbList","@id":"https:\/\/cleanlaundry.com\/locations\/iowa\/waterloo\/#breadcrumb","itemListElement":[{"@type":"ListItem","position":1,"name":"Home","item":"https:\/\/cleanlaundry.com\/"},{"@type":"ListItem","position":2,"name":"All Clean Laundry Locations | Find a laundromat near you","item":"https:\/\/cleanlaundry.com\/locations\/"},{"@type":"ListItem","position":3,"name":"Laundromats in Iowa | Clean Laundry Locations Near You","item":"https:\/\/cleanlaundry.com\/locations\/iowa\/"},{"@type":"ListItem","position":4,"name":"Laundromats in Waterloo, Iowa | Clean Laundry Waterloo Locations"}]},{"@type":"WebSite","@id":"https:\/\/cleanlaundry.com\/#website","url":"https:\/\/cleanlaundry.com\/","name":"Ropa limpia","description":"Ropa limpia","potentialAction":[{"@type":"SearchAction","target":{"@type":"EntryPoint","urlTemplate":"https:\/\/cleanlaundry.com\/?s={search_term_string}"},"query-input":{"@type":"PropertyValueSpecification","valueRequired":true,"valueName":"search_term_string"}}],"inLanguage":"es"}]}},"_links":{"self":[{"href":"https:\/\/cleanlaundry.com\/es\/wp-json\/wp\/v2\/pages\/9473","targetHints":{"allow":["GET"]}}],"collection":[{"href":"https:\/\/cleanlaundry.com\/es\/wp-json\/wp\/v2\/pages"}],"about":[{"href":"https:\/\/cleanlaundry.com\/es\/wp-json\/wp\/v2\/types\/page"}],"author":[{"embeddable":true,"href":"https:\/\/cleanlaundry.com\/es\/wp-json\/wp\/v2\/users\/101012"}],"replies":[{"embeddable":true,"href":"https:\/\/cleanlaundry.com\/es\/wp-json\/wp\/v2\/comments?post=9473"}],"version-history":[{"count":75,"href":"https:\/\/cleanlaundry.com\/es\/wp-json\/wp\/v2\/pages\/9473\/revisions"}],"predecessor-version":[{"id":15155,"href":"https:\/\/cleanlaundry.com\/es\/wp-json\/wp\/v2\/pages\/9473\/revisions\/15155"}],"up":[{"embeddable":true,"href":"https:\/\/cleanlaundry.com\/es\/wp-json\/wp\/v2\/pages\/7116"}],"wp:attachment":[{"href":"https:\/\/cleanlaundry.com\/es\/wp-json\/wp\/v2\/media?parent=9473"}],"curies":[{"name":"wp","href":"https:\/\/api.w.org\/{rel}","templated":true}]}}