{"id":9269,"date":"2020-04-29T10:55:32","date_gmt":"2020-04-29T15:55:32","guid":{"rendered":"https:\/\/cleanlaundry.com\/?page_id=9269"},"modified":"2021-01-20T10:39:13","modified_gmt":"2021-01-20T16:39:13","slug":"email","status":"publish","type":"page","link":"https:\/\/cleanlaundry.com\/es\/email\/","title":{"rendered":"Email"},"content":{"rendered":"\r\n<h1>Stay in the Cycle<\/h1>\r\n<p>Clean Laundry email subscribers are the first to know when we run promotions including:<\/p>\r\n<ul>\r\n<li><strong>FLASH SALES<\/strong><\/li>\r\n<li><strong>FREE WASH OR DRY<\/strong><\/li>\r\n<li><strong>ALL OTHER PROMOTIONS<\/strong><\/li>\r\n<li><strong>NEW SERVICES<\/strong><\/li>\r\n<li><strong>NEW STORE FEATURES<\/strong><\/li>\r\n<\/ul>\r\n<p>Sign up today to never miss another big promotion!<\/p>\r\n<h4>Get on the list today<\/h4>\r\n<!-- Begin Mailchimp Signup Form -->\r\n<p><style type=\"text\/css\">\r\n\t#mc_embed_signup{background:#fff; clear:left; font:14px Helvetica,Arial,sans-serif; }\r\n\t\/* Add your own Mailchimp form style overrides in your site stylesheet or in this style block.\r\n\t   We recommend moving this block and the preceding CSS link to the HEAD of your HTML file. *\/\r\n<\/style><\/p>\r\n<form id=\"mc-embedded-subscribe-form\" action=\"https:\/\/cleanlaundry.us19.list-manage.com\/subscribe\/post?u=0254bc2800573b4ed91562e4b&amp;id=3dff96f6a0\" method=\"post\" name=\"mc-embedded-subscribe-form\" novalidate=\"\" target=\"_blank\">\r\n<h2>Subscribe<\/h2>\r\n* indicates required <label for=\"mce-NAME\">Name <\/label> <input id=\"mce-NAME\" name=\"NAME\" type=\"text\" value=\"\" \/> <label for=\"mce-EMAIL\">Email Address * <\/label> <input id=\"mce-EMAIL\" name=\"EMAIL\" type=\"email\" value=\"\" \/> <strong>What is most appealing about Clean Laundry? <\/strong>\r\n<ul>\r\n<li><input id=\"mce-group[3615]-3615-0\" name=\"group[3615][1]\" type=\"checkbox\" value=\"1\" \/><label for=\"mce-group[3615]-3615-0\"> \u00a0 Free dry days<\/label><\/li>\r\n<li><input id=\"mce-group[3615]-3615-1\" name=\"group[3615][2]\" type=\"checkbox\" value=\"2\" \/><label for=\"mce-group[3615]-3615-1\">\u00a0 Wash &amp; dry in under an hour<\/label><\/li>\r\n<li><input id=\"mce-group[3615]-3615-2\" name=\"group[3615][4]\" type=\"checkbox\" value=\"4\" \/><label for=\"mce-group[3615]-3615-2\">\u00a0 Location is convenient<\/label><\/li>\r\n<li><input id=\"mce-group[3615]-3615-3\" name=\"group[3615][8]\" type=\"checkbox\" value=\"8\" \/><label for=\"mce-group[3615]-3615-3\">\u00a0 Open late helps my schedule<\/label><\/li>\r\n<li><input id=\"mce-group[3615]-3615-4\" name=\"group[3615][16]\" type=\"checkbox\" value=\"16\" \/><label for=\"mce-group[3615]-3615-4\">\u00a0 Clean and safe environment<\/label><\/li>\r\n<\/ul>\r\n<label for=\"mce-group[4868]\">Preferred Store Location <\/label><select id=\"mce-group[4868]\" name=\"group[4868]\">\r\n<option value=\"\"><\/option>\r\n<option value=\"8192\">\u00a0 1st Avenue, Cedar Rapids IA<\/option>\r\n<option value=\"2097152\">\u00a0 6th Street, Cedar Rapids IA<\/option>\r\n<option value=\"32768\">\u00a0 Edgewood Ave, Cedar Rapids IA<\/option>\r\n<option value=\"128\">\u00a0 Kirkwood Blvd, Cedar Rapids IA<\/option>\r\n<option value=\"131072\">\u00a0 Douglas Avenue, Des Moines IA<\/option>\r\n<option value=\"4096\">\u00a0 E Euclid Ave, Des Moines IA<\/option>\r\n<option value=\"2048\">\u00a0 HWY 1, Iowa City IA<\/option>\r\n<option value=\"512\">\u00a0 West Vine St, Kissimmee FL<\/option>\r\n<option value=\"65536\">\u00a0 E Vine Street, Kissimmee FL<\/option>\r\n<option value=\"16384\">\u00a0 Rte 291, Liberty MO<\/option>\r\n<option value=\"262144\">\u00a0 \u00a0 Verona Road, Madison WI<\/option>\r\n<option value=\"256\">\u00a0 7th Avenue, Marion IA<\/option>\r\n<option value=\"524288\">\u00a0 Lee Road, Orlando FL<\/option>\r\n<option value=\"1048576\">\u00a0 N 19th Avenue, Phoenix AZ<\/option>\r\n<option value=\"1024\">\u00a0 39th Avenue, St Anthony MN<\/option>\r\n<option value=\"32\">\u00a0 Sovia Ave, Waterloo IA<\/option>\r\n<option value=\"64\">\u00a0 Progress Ave, Waterloo IA<\/option>\r\n<\/select><!-- real people should not fill this in and expect good things - do not remove this or risk form bot signups--> <input tabindex=\"-1\" name=\"b_0254bc2800573b4ed91562e4b_3dff96f6a0\" type=\"text\" value=\"\" \/> <input id=\"mc-embedded-subscribe\" name=\"subscribe\" type=\"submit\" value=\"Subscribe\" \/><\/form><!--End mc_embed_signup-->","protected":false},"excerpt":{"rendered":"<p>Mant\u00e9ngase en el ciclo Los suscriptores de correo electr\u00f3nico de Lavander\u00eda limpia son los primeros en saber cu\u00e1ndo realizamos promociones que incluyen: VENTAS R\u00c1PIDAS LAVADO O SECADO GRATIS TODAS LAS DEM\u00c1S PROMOCIONES NUEVOS SERVICIOS CARACTER\u00cdSTICAS DE LA NUEVA TIENDA \u00a1Reg\u00edstrese hoy para no perderse otra gran promoci\u00f3n! Inscr\u00edbase hoy mismo en la lista Suscribirse * indica que se requiere Nombre Direcci\u00f3n de correo electr\u00f3nico * Qu\u00e9 ...<\/p>","protected":false},"author":101012,"featured_media":0,"parent":0,"menu_order":0,"comment_status":"closed","ping_status":"closed","template":"","meta":{"footnotes":""},"class_list":["post-9269","page","type-page","status-publish","hentry"],"yoast_head":"<!-- This site is optimized with the Yoast SEO plugin v25.0 - https:\/\/yoast.com\/wordpress\/plugins\/seo\/ -->\n<title>Clean Laundry Email Program | Stay in the Cycle<\/title>\n<meta name=\"description\" content=\"Clean Laundry email subscribers are the first to know when we run promotions. Sign up today and never miss another big promotion!\" \/>\n<meta name=\"robots\" content=\"index, follow, max-snippet:-1, max-image-preview:large, max-video-preview:-1\" \/>\n<link rel=\"canonical\" href=\"https:\/\/cleanlaundry.com\/es\/email\/\" \/>\n<meta property=\"og:locale\" content=\"es_MX\" \/>\n<meta property=\"og:type\" content=\"article\" \/>\n<meta property=\"og:title\" content=\"Clean Laundry Email Program | Stay in the Cycle\" \/>\n<meta property=\"og:description\" content=\"Clean Laundry email subscribers are the first to know when we run promotions. Sign up today and never miss another big promotion!\" \/>\n<meta property=\"og:url\" content=\"https:\/\/cleanlaundry.com\/es\/email\/\" \/>\n<meta property=\"og:site_name\" content=\"Clean Laundry\" \/>\n<meta property=\"article:modified_time\" content=\"2021-01-20T16:39:13+00:00\" \/>\n<meta name=\"twitter:card\" content=\"summary_large_image\" \/>\n<meta name=\"twitter:label1\" content=\"Tiempo de lectura\" \/>\n\t<meta name=\"twitter:data1\" content=\"1 minuto\" \/>\n<script type=\"application\/ld+json\" class=\"yoast-schema-graph\">{\"@context\":\"https:\/\/schema.org\",\"@graph\":[{\"@type\":\"WebPage\",\"@id\":\"https:\/\/cleanlaundry.com\/es\/email\/\",\"url\":\"https:\/\/cleanlaundry.com\/es\/email\/\",\"name\":\"Clean Laundry Email Program | Stay in the Cycle\",\"isPartOf\":{\"@id\":\"https:\/\/cleanlaundry.com\/#website\"},\"datePublished\":\"2020-04-29T15:55:32+00:00\",\"dateModified\":\"2021-01-20T16:39:13+00:00\",\"description\":\"Clean Laundry email subscribers are the first to know when we run promotions. Sign up today and never miss another big promotion!\",\"breadcrumb\":{\"@id\":\"https:\/\/cleanlaundry.com\/es\/email\/#breadcrumb\"},\"inLanguage\":\"es\",\"potentialAction\":[{\"@type\":\"ReadAction\",\"target\":[\"https:\/\/cleanlaundry.com\/es\/email\/\"]}]},{\"@type\":\"BreadcrumbList\",\"@id\":\"https:\/\/cleanlaundry.com\/es\/email\/#breadcrumb\",\"itemListElement\":[{\"@type\":\"ListItem\",\"position\":1,\"name\":\"Home\",\"item\":\"https:\/\/cleanlaundry.com\/\"},{\"@type\":\"ListItem\",\"position\":2,\"name\":\"Email\"}]},{\"@type\":\"WebSite\",\"@id\":\"https:\/\/cleanlaundry.com\/#website\",\"url\":\"https:\/\/cleanlaundry.com\/\",\"name\":\"Clean Laundry\",\"description\":\"Clean Laundry\",\"potentialAction\":[{\"@type\":\"SearchAction\",\"target\":{\"@type\":\"EntryPoint\",\"urlTemplate\":\"https:\/\/cleanlaundry.com\/?s={search_term_string}\"},\"query-input\":{\"@type\":\"PropertyValueSpecification\",\"valueRequired\":true,\"valueName\":\"search_term_string\"}}],\"inLanguage\":\"es\"}]}<\/script>\n<!-- \/ Yoast SEO plugin. -->","yoast_head_json":{"title":"Programa de correo electr\u00f3nico de Clean Laundry | Permanecer en el ciclo","description":"Los suscriptores de correo electr\u00f3nico de Clean Laundry son los primeros en saber cu\u00e1ndo realizamos promociones. \u00a1Reg\u00edstrese hoy y no se pierda otra gran promoci\u00f3n!","robots":{"index":"index","follow":"follow","max-snippet":"max-snippet:-1","max-image-preview":"max-image-preview:large","max-video-preview":"max-video-preview:-1"},"canonical":"https:\/\/cleanlaundry.com\/es\/email\/","og_locale":"es_MX","og_type":"article","og_title":"Clean Laundry Email Program | Stay in the Cycle","og_description":"Clean Laundry email subscribers are the first to know when we run promotions. Sign up today and never miss another big promotion!","og_url":"https:\/\/cleanlaundry.com\/es\/email\/","og_site_name":"Clean Laundry","article_modified_time":"2021-01-20T16:39:13+00:00","twitter_card":"summary_large_image","twitter_misc":{"Tiempo de lectura":"1 minuto"},"schema":{"@context":"https:\/\/schema.org","@graph":[{"@type":"WebPage","@id":"https:\/\/cleanlaundry.com\/es\/email\/","url":"https:\/\/cleanlaundry.com\/es\/email\/","name":"Programa de correo electr\u00f3nico de Clean Laundry | Permanecer en el ciclo","isPartOf":{"@id":"https:\/\/cleanlaundry.com\/#website"},"datePublished":"2020-04-29T15:55:32+00:00","dateModified":"2021-01-20T16:39:13+00:00","description":"Los suscriptores de correo electr\u00f3nico de Clean Laundry son los primeros en saber cu\u00e1ndo realizamos promociones. \u00a1Reg\u00edstrese hoy y no se pierda otra gran promoci\u00f3n!","breadcrumb":{"@id":"https:\/\/cleanlaundry.com\/es\/email\/#breadcrumb"},"inLanguage":"es","potentialAction":[{"@type":"ReadAction","target":["https:\/\/cleanlaundry.com\/es\/email\/"]}]},{"@type":"BreadcrumbList","@id":"https:\/\/cleanlaundry.com\/es\/email\/#breadcrumb","itemListElement":[{"@type":"ListItem","position":1,"name":"Home","item":"https:\/\/cleanlaundry.com\/"},{"@type":"ListItem","position":2,"name":"Email"}]},{"@type":"WebSite","@id":"https:\/\/cleanlaundry.com\/#website","url":"https:\/\/cleanlaundry.com\/","name":"Ropa limpia","description":"Ropa limpia","potentialAction":[{"@type":"SearchAction","target":{"@type":"EntryPoint","urlTemplate":"https:\/\/cleanlaundry.com\/?s={search_term_string}"},"query-input":{"@type":"PropertyValueSpecification","valueRequired":true,"valueName":"search_term_string"}}],"inLanguage":"es"}]}},"_links":{"self":[{"href":"https:\/\/cleanlaundry.com\/es\/wp-json\/wp\/v2\/pages\/9269","targetHints":{"allow":["GET"]}}],"collection":[{"href":"https:\/\/cleanlaundry.com\/es\/wp-json\/wp\/v2\/pages"}],"about":[{"href":"https:\/\/cleanlaundry.com\/es\/wp-json\/wp\/v2\/types\/page"}],"author":[{"embeddable":true,"href":"https:\/\/cleanlaundry.com\/es\/wp-json\/wp\/v2\/users\/101012"}],"replies":[{"embeddable":true,"href":"https:\/\/cleanlaundry.com\/es\/wp-json\/wp\/v2\/comments?post=9269"}],"version-history":[{"count":17,"href":"https:\/\/cleanlaundry.com\/es\/wp-json\/wp\/v2\/pages\/9269\/revisions"}],"predecessor-version":[{"id":10461,"href":"https:\/\/cleanlaundry.com\/es\/wp-json\/wp\/v2\/pages\/9269\/revisions\/10461"}],"wp:attachment":[{"href":"https:\/\/cleanlaundry.com\/es\/wp-json\/wp\/v2\/media?parent=9269"}],"curies":[{"name":"wp","href":"https:\/\/api.w.org\/{rel}","templated":true}]}}