{"id":9235,"date":"2020-04-16T08:11:43","date_gmt":"2020-04-16T13:11:43","guid":{"rendered":"https:\/\/cleanlaundry.com\/?page_id=9235"},"modified":"2021-10-12T12:24:45","modified_gmt":"2021-10-12T17:24:45","slug":"liberty","status":"publish","type":"page","link":"https:\/\/cleanlaundry.com\/es\/locations\/missouri\/liberty\/","title":{"rendered":"Lavander\u00edas en Liberty, MO | Lavander\u00eda limpia Ubicaciones de Liberty"},"content":{"rendered":"<h1>Lavander\u00edas en Liberty (Misuri)<\/h1>\r\n<p>Clean Laundry se enorgullece de ofrecer a los residentes de Liberty y del \u00e1rea de Kansas City una lavander\u00eda segura, limpia y siempre abierta donde pueden lavar grandes cantidades de ropa en muy poco tiempo.<\/p>\r\n<p>Seleccione una direcci\u00f3n a continuaci\u00f3n para ver la p\u00e1gina de la tienda de esa ubicaci\u00f3n, donde encontrar\u00e1 mapas, fotos, precios y ofertas especiales.<\/p>\r\n<h3>Liberty<\/h3>\r\n<h2><a title=\"862 S. Ruta 291 Liberty, MO 64068\" href=\"https:\/\/cleanlaundry.com\/es\/locations\/missouri\/laundromat-at-862-south-291-highway-liberty-missouri-clean-laundry\/\" target=\"_self\" rel=\"noopener noreferrer\"> 862 S. Ruta 291 Liberty, MO 64068 <\/a><\/h2>\r\n<h6>\u00a0<\/h6>\r\n<p><a role=\"button\" href=\"\/es\/locations\/\" target=\"_self\" rel=\"noopener noreferrer\"> Ver todas las ubicaciones <\/a><\/p>","protected":false},"excerpt":{"rendered":"<p>Lavander\u00edas en Liberty, Missouri Clean Laundry se enorgullece de ofrecer a los residentes de Liberty y del \u00e1rea de Kansas City una lavander\u00eda segura, limpia y siempre abierta donde pueden lavar grandes cantidades de ropa en muy poco tiempo. Seleccione una direcci\u00f3n a continuaci\u00f3n para ver la p\u00e1gina de la tienda de esa ubicaci\u00f3n donde encontrar\u00e1 mapas,...<\/p>","protected":false},"author":101012,"featured_media":10892,"parent":8613,"menu_order":0,"comment_status":"closed","ping_status":"closed","template":"","meta":{"footnotes":""},"class_list":["post-9235","page","type-page","status-publish","has-post-thumbnail","hentry"],"yoast_head":"<!-- This site is optimized with the Yoast SEO plugin v25.0 - https:\/\/yoast.com\/wordpress\/plugins\/seo\/ -->\n<title>Laundromats in Liberty, MO | Clean Laundry Locations<\/title>\n<meta name=\"description\" content=\"Clean Laundry is proud to offer Liberty laundromats that are fast, safe, and clean. Learn more and find the Liberty location nearest you.\" \/>\n<meta name=\"robots\" content=\"index, follow, max-snippet:-1, max-image-preview:large, max-video-preview:-1\" \/>\n<link rel=\"canonical\" href=\"https:\/\/cleanlaundry.com\/es\/locations\/missouri\/liberty\/\" \/>\n<meta property=\"og:locale\" content=\"es_MX\" \/>\n<meta property=\"og:type\" content=\"article\" \/>\n<meta property=\"og:title\" content=\"Laundromats in Liberty, MO | Clean Laundry Locations\" \/>\n<meta property=\"og:description\" content=\"Clean Laundry is proud to offer Liberty laundromats that are fast, safe, and clean. Learn more and find the Liberty location nearest you.\" \/>\n<meta property=\"og:url\" content=\"https:\/\/cleanlaundry.com\/es\/locations\/missouri\/liberty\/\" \/>\n<meta property=\"og:site_name\" content=\"Clean Laundry\" \/>\n<meta property=\"article:modified_time\" content=\"2021-10-12T17:24:45+00:00\" \/>\n<meta property=\"og:image\" content=\"https:\/\/cleanlaundry.com\/wp-content\/uploads\/2021\/02\/CL-11.jpg\" \/>\n\t<meta property=\"og:image:width\" content=\"600\" \/>\n\t<meta property=\"og:image:height\" content=\"350\" \/>\n\t<meta property=\"og:image:type\" content=\"image\/jpeg\" \/>\n<meta name=\"twitter:card\" content=\"summary_large_image\" \/>\n<script type=\"application\/ld+json\" class=\"yoast-schema-graph\">{\"@context\":\"https:\/\/schema.org\",\"@graph\":[{\"@type\":\"WebPage\",\"@id\":\"https:\/\/cleanlaundry.com\/locations\/missouri\/liberty\/\",\"url\":\"https:\/\/cleanlaundry.com\/locations\/missouri\/liberty\/\",\"name\":\"Laundromats in Liberty, MO | Clean Laundry Locations\",\"isPartOf\":{\"@id\":\"https:\/\/cleanlaundry.com\/#website\"},\"primaryImageOfPage\":{\"@id\":\"https:\/\/cleanlaundry.com\/locations\/missouri\/liberty\/#primaryimage\"},\"image\":{\"@id\":\"https:\/\/cleanlaundry.com\/locations\/missouri\/liberty\/#primaryimage\"},\"thumbnailUrl\":\"https:\/\/cleanlaundry.com\/wp-content\/uploads\/2021\/02\/CL-11.jpg\",\"datePublished\":\"2020-04-16T13:11:43+00:00\",\"dateModified\":\"2021-10-12T17:24:45+00:00\",\"description\":\"Clean Laundry is proud to offer Liberty laundromats that are fast, safe, and clean. Learn more and find the Liberty location nearest you.\",\"breadcrumb\":{\"@id\":\"https:\/\/cleanlaundry.com\/locations\/missouri\/liberty\/#breadcrumb\"},\"inLanguage\":\"es\",\"potentialAction\":[{\"@type\":\"ReadAction\",\"target\":[\"https:\/\/cleanlaundry.com\/locations\/missouri\/liberty\/\"]}]},{\"@type\":\"ImageObject\",\"inLanguage\":\"es\",\"@id\":\"https:\/\/cleanlaundry.com\/locations\/missouri\/liberty\/#primaryimage\",\"url\":\"https:\/\/cleanlaundry.com\/wp-content\/uploads\/2021\/02\/CL-11.jpg\",\"contentUrl\":\"https:\/\/cleanlaundry.com\/wp-content\/uploads\/2021\/02\/CL-11.jpg\",\"width\":600,\"height\":350,\"caption\":\"Clean Laundry storefront in Liberty, MO\"},{\"@type\":\"BreadcrumbList\",\"@id\":\"https:\/\/cleanlaundry.com\/locations\/missouri\/liberty\/#breadcrumb\",\"itemListElement\":[{\"@type\":\"ListItem\",\"position\":1,\"name\":\"Home\",\"item\":\"https:\/\/cleanlaundry.com\/\"},{\"@type\":\"ListItem\",\"position\":2,\"name\":\"All Clean Laundry Locations | Find a laundromat near you\",\"item\":\"https:\/\/cleanlaundry.com\/locations\/\"},{\"@type\":\"ListItem\",\"position\":3,\"name\":\"Missouri\",\"item\":\"https:\/\/cleanlaundry.com\/locations\/missouri\/\"},{\"@type\":\"ListItem\",\"position\":4,\"name\":\"Laundromats in Liberty, MO | Clean Laundry Liberty Locations\"}]},{\"@type\":\"WebSite\",\"@id\":\"https:\/\/cleanlaundry.com\/#website\",\"url\":\"https:\/\/cleanlaundry.com\/\",\"name\":\"Clean Laundry\",\"description\":\"Clean Laundry\",\"potentialAction\":[{\"@type\":\"SearchAction\",\"target\":{\"@type\":\"EntryPoint\",\"urlTemplate\":\"https:\/\/cleanlaundry.com\/?s={search_term_string}\"},\"query-input\":{\"@type\":\"PropertyValueSpecification\",\"valueRequired\":true,\"valueName\":\"search_term_string\"}}],\"inLanguage\":\"es\"}]}<\/script>\n<!-- \/ Yoast SEO plugin. -->","yoast_head_json":{"title":"Laundromats in Liberty, MO | Clean Laundry Locations","description":"Clean Laundry is proud to offer Liberty laundromats that are fast, safe, and clean. Learn more and find the Liberty location nearest you.","robots":{"index":"index","follow":"follow","max-snippet":"max-snippet:-1","max-image-preview":"max-image-preview:large","max-video-preview":"max-video-preview:-1"},"canonical":"https:\/\/cleanlaundry.com\/es\/locations\/missouri\/liberty\/","og_locale":"es_MX","og_type":"article","og_title":"Laundromats in Liberty, MO | Clean Laundry Locations","og_description":"Clean Laundry is proud to offer Liberty laundromats that are fast, safe, and clean. Learn more and find the Liberty location nearest you.","og_url":"https:\/\/cleanlaundry.com\/es\/locations\/missouri\/liberty\/","og_site_name":"Clean Laundry","article_modified_time":"2021-10-12T17:24:45+00:00","og_image":[{"width":600,"height":350,"url":"https:\/\/cleanlaundry.com\/wp-content\/uploads\/2021\/02\/CL-11.jpg","type":"image\/jpeg"}],"twitter_card":"summary_large_image","schema":{"@context":"https:\/\/schema.org","@graph":[{"@type":"WebPage","@id":"https:\/\/cleanlaundry.com\/locations\/missouri\/liberty\/","url":"https:\/\/cleanlaundry.com\/locations\/missouri\/liberty\/","name":"Laundromats in Liberty, MO | Clean Laundry Locations","isPartOf":{"@id":"https:\/\/cleanlaundry.com\/#website"},"primaryImageOfPage":{"@id":"https:\/\/cleanlaundry.com\/locations\/missouri\/liberty\/#primaryimage"},"image":{"@id":"https:\/\/cleanlaundry.com\/locations\/missouri\/liberty\/#primaryimage"},"thumbnailUrl":"https:\/\/cleanlaundry.com\/wp-content\/uploads\/2021\/02\/CL-11.jpg","datePublished":"2020-04-16T13:11:43+00:00","dateModified":"2021-10-12T17:24:45+00:00","description":"Clean Laundry is proud to offer Liberty laundromats that are fast, safe, and clean. Learn more and find the Liberty location nearest you.","breadcrumb":{"@id":"https:\/\/cleanlaundry.com\/locations\/missouri\/liberty\/#breadcrumb"},"inLanguage":"es","potentialAction":[{"@type":"ReadAction","target":["https:\/\/cleanlaundry.com\/locations\/missouri\/liberty\/"]}]},{"@type":"ImageObject","inLanguage":"es","@id":"https:\/\/cleanlaundry.com\/locations\/missouri\/liberty\/#primaryimage","url":"https:\/\/cleanlaundry.com\/wp-content\/uploads\/2021\/02\/CL-11.jpg","contentUrl":"https:\/\/cleanlaundry.com\/wp-content\/uploads\/2021\/02\/CL-11.jpg","width":600,"height":350,"caption":"Clean Laundry storefront in Liberty, MO"},{"@type":"BreadcrumbList","@id":"https:\/\/cleanlaundry.com\/locations\/missouri\/liberty\/#breadcrumb","itemListElement":[{"@type":"ListItem","position":1,"name":"Home","item":"https:\/\/cleanlaundry.com\/"},{"@type":"ListItem","position":2,"name":"All Clean Laundry Locations | Find a laundromat near you","item":"https:\/\/cleanlaundry.com\/locations\/"},{"@type":"ListItem","position":3,"name":"Missouri","item":"https:\/\/cleanlaundry.com\/locations\/missouri\/"},{"@type":"ListItem","position":4,"name":"Laundromats in Liberty, MO | Clean Laundry Liberty Locations"}]},{"@type":"WebSite","@id":"https:\/\/cleanlaundry.com\/#website","url":"https:\/\/cleanlaundry.com\/","name":"Ropa limpia","description":"Ropa limpia","potentialAction":[{"@type":"SearchAction","target":{"@type":"EntryPoint","urlTemplate":"https:\/\/cleanlaundry.com\/?s={search_term_string}"},"query-input":{"@type":"PropertyValueSpecification","valueRequired":true,"valueName":"search_term_string"}}],"inLanguage":"es"}]}},"_links":{"self":[{"href":"https:\/\/cleanlaundry.com\/es\/wp-json\/wp\/v2\/pages\/9235","targetHints":{"allow":["GET"]}}],"collection":[{"href":"https:\/\/cleanlaundry.com\/es\/wp-json\/wp\/v2\/pages"}],"about":[{"href":"https:\/\/cleanlaundry.com\/es\/wp-json\/wp\/v2\/types\/page"}],"author":[{"embeddable":true,"href":"https:\/\/cleanlaundry.com\/es\/wp-json\/wp\/v2\/users\/101012"}],"replies":[{"embeddable":true,"href":"https:\/\/cleanlaundry.com\/es\/wp-json\/wp\/v2\/comments?post=9235"}],"version-history":[{"count":3,"href":"https:\/\/cleanlaundry.com\/es\/wp-json\/wp\/v2\/pages\/9235\/revisions"}],"predecessor-version":[{"id":10427,"href":"https:\/\/cleanlaundry.com\/es\/wp-json\/wp\/v2\/pages\/9235\/revisions\/10427"}],"up":[{"embeddable":true,"href":"https:\/\/cleanlaundry.com\/es\/wp-json\/wp\/v2\/pages\/8613"}],"wp:featuredmedia":[{"embeddable":true,"href":"https:\/\/cleanlaundry.com\/es\/wp-json\/wp\/v2\/media\/10892"}],"wp:attachment":[{"href":"https:\/\/cleanlaundry.com\/es\/wp-json\/wp\/v2\/media?parent=9235"}],"curies":[{"name":"wp","href":"https:\/\/api.w.org\/{rel}","templated":true}]}}