{"id":9210,"date":"2020-04-16T07:37:35","date_gmt":"2020-04-16T12:37:35","guid":{"rendered":"https:\/\/cleanlaundry.com\/?page_id=9210"},"modified":"2022-03-24T12:14:42","modified_gmt":"2022-03-24T17:14:42","slug":"arizona","status":"publish","type":"page","link":"https:\/\/cleanlaundry.com\/es\/locations\/arizona\/","title":{"rendered":"Lavander\u00edas en Arizona | Lugares de lavander\u00eda limpios cerca de usted"},"content":{"rendered":"<h1>\n\t\tLavander\u00edas en Arizona\n\t<\/h1>\n<h2>\n\t\t<a href=\"https:\/\/cleanlaundry.com\/es\/locations\/arizona\/mesa\/\" title=\"Colina baja\" target=\"_self\" rel=\"noopener\">\n\t\tColina baja\n\t\t<\/a>\n\t<\/h2>\n\t<p><em>\u00a1Pr\u00f3ximamente!<\/em><\/p>\n<h4><a href=\"https:\/\/cleanlaundry.com\/es\/locations\/arizona\/mesa__trashed\/318-e-brown-road-mesa-az\/\"><strong>Lavander\u00eda limpia en North Mesa<\/strong><\/a><\/h4>\n<p>318 E Brown Rd<\/p>\n<p>Mesa, AZ 85201<\/p>\n\t\t\t<a href=\"https:\/\/cleanlaundry.com\/es\/locations\/arizona\/mesa__trashed\/318-e-brown-road-mesa-az\/\" target=\"_self\" role=\"button\" rel=\"noopener\">\n\t\t\t\t\t\t\t<\/a>\n\t<p><em>\u00a1Pr\u00f3ximamente!<\/em><\/p>\n<h4><a href=\"https:\/\/cleanlaundry.com\/es\/locations\/arizona\/mesa\/1130-s-country-club-drive-mesa-az\/\"><strong>Lavander\u00eda limpia en South Mesa<\/strong><\/a><\/h4>\n<p>1130 S Country Club Drive<\/p>\n<p>Mesa, AZ 85210<\/p>\n\t\t\t<a href=\"https:\/\/cleanlaundry.com\/es\/locations\/arizona\/mesa\/1130-s-country-club-drive-mesa-az\/\" target=\"_self\" role=\"button\" rel=\"noopener\">\n\t\t\t\t\t\t\t<\/a>\n<h2>\n\t\t<a href=\"https:\/\/cleanlaundry.com\/es\/locations\/arizona\/phoenix\/\" title=\"F\u00e9nix\" target=\"_self\" rel=\"noopener\">\n\t\tF\u00e9nix\n\t\t<\/a>\n\t<\/h2>\n\t<h4><a href=\"https:\/\/cleanlaundry.com\/es\/locations\/arizona\/phoenix\/6815-n-19th-avenue-phoenix-az\/\"><strong>Lavander\u00eda limpia en el norte de Phoenix<\/strong><\/a><\/h4>\n6815 N. 19th Avenue, Suite 155<br \/>\nPhoenix, AZ 85042<br \/>\nAbierto todos los d\u00edas, de 8 a. M. A 10 p. M.\n\t\t\t<a href=\"https:\/\/cleanlaundry.com\/es\/locations\/arizona\/phoenix\/6815-n-19th-avenue-phoenix-az\/\" target=\"_self\" role=\"button\" rel=\"noopener\">\n\t\t\t\t\t\t\t<\/a>\n\t<p><em>\u00a1Ahora abierto!<\/em><\/p>\n<h4><a href=\"https:\/\/cleanlaundry.com\/es\/locations\/arizona\/phoenix\/6044-s-16th-street-phoenix-az\/\"><strong>Lavander\u00eda limpia del sur de Phoenix<\/strong><\/a><\/h4>\n6044 S. 16th Street, Suite 135<br \/>\nPhoenix, AZ 85042\n\t\t\t<a href=\"https:\/\/cleanlaundry.com\/es\/locations\/arizona\/phoenix\/6044-s-16th-street-phoenix-az\/\" target=\"_self\" role=\"button\" rel=\"noopener\">\n\t\t\t\t\t\t\t<\/a>\n<h2>\n\t\t<a href=\"https:\/\/cleanlaundry.com\/es\/locations\/arizona\/tempe\/\" title=\"Tempe\" target=\"_self\" rel=\"noopener\">\n\t\tTempe\n\t\t<\/a>\n\t<\/h2>\n\t<p><em>\u00a1Pr\u00f3ximamente!<\/em><\/p>\n<h4><a href=\"https:\/\/cleanlaundry.com\/es\/locations\/arizona\/tempe\/\"><strong>Lavander\u00eda Tempe Clean<\/strong><\/a><\/h4>\n<p>&nbsp;<\/p>\n\t\t\t<a href=\"https:\/\/cleanlaundry.com\/es\/locations\/arizona\/tempe\/\" target=\"_self\" role=\"button\" rel=\"noopener\">\n\t\t\t\t\t\t\t<\/a>\n<h2>\n\t\t<a href=\"https:\/\/cleanlaundry.com\/es\/locations\/arizona\/Tucson\/\" title=\"Tucson\" target=\"_self\" rel=\"noopener\">\n\t\tTucson\n\t\t<\/a>\n\t<\/h2>\n\t<p><em>\u00a1Pr\u00f3ximamente!<\/em><\/p>\n<h4><a href=\"https:\/\/cleanlaundry.com\/es\/locations\/arizona\/tucson\/\"><strong>Lavander\u00eda limpia Tucson<\/strong><\/a><\/h4>\n<p>&nbsp;<\/p>\n\t\t\t<a href=\"https:\/\/cleanlaundry.com\/es\/locations\/arizona\/tucson\/\" target=\"_self\" role=\"button\" rel=\"noopener\">\n\t\t\t\t\t\t\t<\/a>\n\t\t\n\t\t\t<a href=\"\/es\/locations\/\" target=\"_self\" role=\"button\" rel=\"noopener\">\n\t\t\t\t\t\tVer todas las ubicaciones de lavander\u00eda limpia\n\t\t\t\t\t<\/a>","protected":false},"excerpt":{"rendered":"<p>Lavander\u00edas en Arizona Mesa \u00a1Pr\u00f3ximamente! Lavander\u00eda limpia de North Mesa 318 E Brown Rd Mesa, AZ 85201 \u00a1Pr\u00f3ximamente! Lavander\u00eda limpia South Mesa 1130 S Country Club Drive Mesa, AZ 85210 Phoenix Lavander\u00eda limpia North Phoenix 6815 N. 19th Avenue, Suite 155 Phoenix, AZ 85042 Abierto todos los d\u00edas, de 8 am a 10 pm \u00a1Abierto ahora! Lavander\u00eda limpia del sur de Phoenix 6044\u2026<\/p>","protected":false},"author":101012,"featured_media":12914,"parent":4622,"menu_order":0,"comment_status":"closed","ping_status":"closed","template":"","meta":{"footnotes":""},"class_list":["post-9210","page","type-page","status-publish","has-post-thumbnail","hentry"],"yoast_head":"<!-- This site is optimized with the Yoast SEO plugin v25.0 - https:\/\/yoast.com\/wordpress\/plugins\/seo\/ -->\n<title>Laundromats in Arizona | Clean Laundry Locations<\/title>\n<meta name=\"description\" content=\"There are Clean Laundry laundromats conveniently located in Arizona and across the United States. Find out more about our Arizona locations.\" \/>\n<meta name=\"robots\" content=\"index, follow, max-snippet:-1, max-image-preview:large, max-video-preview:-1\" \/>\n<link rel=\"canonical\" href=\"https:\/\/cleanlaundry.com\/es\/locations\/arizona\/\" \/>\n<meta property=\"og:locale\" content=\"es_MX\" \/>\n<meta property=\"og:type\" content=\"article\" \/>\n<meta property=\"og:title\" content=\"Laundromats in Arizona | Clean Laundry Locations\" \/>\n<meta property=\"og:description\" content=\"There are Clean Laundry laundromats conveniently located in Arizona and across the United States. Find out more about our Arizona locations.\" \/>\n<meta property=\"og:url\" content=\"https:\/\/cleanlaundry.com\/es\/locations\/arizona\/\" \/>\n<meta property=\"og:site_name\" content=\"Clean Laundry\" \/>\n<meta property=\"article:modified_time\" content=\"2022-03-24T17:14:42+00:00\" \/>\n<meta property=\"og:image\" content=\"https:\/\/cleanlaundry.com\/wp-content\/uploads\/2021\/09\/CL17-19thPhx-05.01-Storefront-782x1024.png\" \/>\n\t<meta property=\"og:image:width\" content=\"782\" \/>\n\t<meta property=\"og:image:height\" content=\"1024\" \/>\n\t<meta property=\"og:image:type\" content=\"image\/png\" \/>\n<meta name=\"twitter:card\" content=\"summary_large_image\" \/>\n<script type=\"application\/ld+json\" class=\"yoast-schema-graph\">{\"@context\":\"https:\/\/schema.org\",\"@graph\":[{\"@type\":\"WebPage\",\"@id\":\"https:\/\/cleanlaundry.com\/locations\/arizona\/\",\"url\":\"https:\/\/cleanlaundry.com\/locations\/arizona\/\",\"name\":\"Laundromats in Arizona | Clean Laundry Locations\",\"isPartOf\":{\"@id\":\"https:\/\/cleanlaundry.com\/#website\"},\"primaryImageOfPage\":{\"@id\":\"https:\/\/cleanlaundry.com\/locations\/arizona\/#primaryimage\"},\"image\":{\"@id\":\"https:\/\/cleanlaundry.com\/locations\/arizona\/#primaryimage\"},\"thumbnailUrl\":\"https:\/\/cleanlaundry.com\/wp-content\/uploads\/2021\/09\/CL17-19thPhx-05.01-Storefront.png\",\"datePublished\":\"2020-04-16T12:37:35+00:00\",\"dateModified\":\"2022-03-24T17:14:42+00:00\",\"description\":\"There are Clean Laundry laundromats conveniently located in Arizona and across the United States. Find out more about our Arizona locations.\",\"breadcrumb\":{\"@id\":\"https:\/\/cleanlaundry.com\/locations\/arizona\/#breadcrumb\"},\"inLanguage\":\"es\",\"potentialAction\":[{\"@type\":\"ReadAction\",\"target\":[\"https:\/\/cleanlaundry.com\/locations\/arizona\/\"]}]},{\"@type\":\"ImageObject\",\"inLanguage\":\"es\",\"@id\":\"https:\/\/cleanlaundry.com\/locations\/arizona\/#primaryimage\",\"url\":\"https:\/\/cleanlaundry.com\/wp-content\/uploads\/2021\/09\/CL17-19thPhx-05.01-Storefront.png\",\"contentUrl\":\"https:\/\/cleanlaundry.com\/wp-content\/uploads\/2021\/09\/CL17-19thPhx-05.01-Storefront.png\",\"width\":3024,\"height\":3960},{\"@type\":\"BreadcrumbList\",\"@id\":\"https:\/\/cleanlaundry.com\/locations\/arizona\/#breadcrumb\",\"itemListElement\":[{\"@type\":\"ListItem\",\"position\":1,\"name\":\"Home\",\"item\":\"https:\/\/cleanlaundry.com\/\"},{\"@type\":\"ListItem\",\"position\":2,\"name\":\"All Clean Laundry Locations | Find a laundromat near you\",\"item\":\"https:\/\/cleanlaundry.com\/locations\/\"},{\"@type\":\"ListItem\",\"position\":3,\"name\":\"Laundromats in Arizona | Clean Laundry Locations Near You\"}]},{\"@type\":\"WebSite\",\"@id\":\"https:\/\/cleanlaundry.com\/#website\",\"url\":\"https:\/\/cleanlaundry.com\/\",\"name\":\"Clean Laundry\",\"description\":\"Clean Laundry\",\"potentialAction\":[{\"@type\":\"SearchAction\",\"target\":{\"@type\":\"EntryPoint\",\"urlTemplate\":\"https:\/\/cleanlaundry.com\/?s={search_term_string}\"},\"query-input\":{\"@type\":\"PropertyValueSpecification\",\"valueRequired\":true,\"valueName\":\"search_term_string\"}}],\"inLanguage\":\"es\"}]}<\/script>\n<!-- \/ Yoast SEO plugin. -->","yoast_head_json":{"title":"Lavander\u00edas en Arizona | Ubicaciones de Clean Laundry","description":"Hay lavander\u00edas de Clean Laundry convenientemente ubicadas en Arizona y en todo Estados Unidos. Obtenga m\u00e1s informaci\u00f3n sobre nuestras ubicaciones en Arizona.","robots":{"index":"index","follow":"follow","max-snippet":"max-snippet:-1","max-image-preview":"max-image-preview:large","max-video-preview":"max-video-preview:-1"},"canonical":"https:\/\/cleanlaundry.com\/es\/locations\/arizona\/","og_locale":"es_MX","og_type":"article","og_title":"Laundromats in Arizona | Clean Laundry Locations","og_description":"There are Clean Laundry laundromats conveniently located in Arizona and across the United States. Find out more about our Arizona locations.","og_url":"https:\/\/cleanlaundry.com\/es\/locations\/arizona\/","og_site_name":"Clean Laundry","article_modified_time":"2022-03-24T17:14:42+00:00","og_image":[{"width":782,"height":1024,"url":"https:\/\/cleanlaundry.com\/wp-content\/uploads\/2021\/09\/CL17-19thPhx-05.01-Storefront-782x1024.png","type":"image\/png"}],"twitter_card":"summary_large_image","schema":{"@context":"https:\/\/schema.org","@graph":[{"@type":"WebPage","@id":"https:\/\/cleanlaundry.com\/locations\/arizona\/","url":"https:\/\/cleanlaundry.com\/locations\/arizona\/","name":"Lavander\u00edas en Arizona | Ubicaciones de Clean Laundry","isPartOf":{"@id":"https:\/\/cleanlaundry.com\/#website"},"primaryImageOfPage":{"@id":"https:\/\/cleanlaundry.com\/locations\/arizona\/#primaryimage"},"image":{"@id":"https:\/\/cleanlaundry.com\/locations\/arizona\/#primaryimage"},"thumbnailUrl":"https:\/\/cleanlaundry.com\/wp-content\/uploads\/2021\/09\/CL17-19thPhx-05.01-Storefront.png","datePublished":"2020-04-16T12:37:35+00:00","dateModified":"2022-03-24T17:14:42+00:00","description":"Hay lavander\u00edas de Clean Laundry convenientemente ubicadas en Arizona y en todo Estados Unidos. Obtenga m\u00e1s informaci\u00f3n sobre nuestras ubicaciones en Arizona.","breadcrumb":{"@id":"https:\/\/cleanlaundry.com\/locations\/arizona\/#breadcrumb"},"inLanguage":"es","potentialAction":[{"@type":"ReadAction","target":["https:\/\/cleanlaundry.com\/locations\/arizona\/"]}]},{"@type":"ImageObject","inLanguage":"es","@id":"https:\/\/cleanlaundry.com\/locations\/arizona\/#primaryimage","url":"https:\/\/cleanlaundry.com\/wp-content\/uploads\/2021\/09\/CL17-19thPhx-05.01-Storefront.png","contentUrl":"https:\/\/cleanlaundry.com\/wp-content\/uploads\/2021\/09\/CL17-19thPhx-05.01-Storefront.png","width":3024,"height":3960},{"@type":"BreadcrumbList","@id":"https:\/\/cleanlaundry.com\/locations\/arizona\/#breadcrumb","itemListElement":[{"@type":"ListItem","position":1,"name":"Home","item":"https:\/\/cleanlaundry.com\/"},{"@type":"ListItem","position":2,"name":"All Clean Laundry Locations | Find a laundromat near you","item":"https:\/\/cleanlaundry.com\/locations\/"},{"@type":"ListItem","position":3,"name":"Laundromats in Arizona | Clean Laundry Locations Near You"}]},{"@type":"WebSite","@id":"https:\/\/cleanlaundry.com\/#website","url":"https:\/\/cleanlaundry.com\/","name":"Ropa limpia","description":"Ropa limpia","potentialAction":[{"@type":"SearchAction","target":{"@type":"EntryPoint","urlTemplate":"https:\/\/cleanlaundry.com\/?s={search_term_string}"},"query-input":{"@type":"PropertyValueSpecification","valueRequired":true,"valueName":"search_term_string"}}],"inLanguage":"es"}]}},"_links":{"self":[{"href":"https:\/\/cleanlaundry.com\/es\/wp-json\/wp\/v2\/pages\/9210","targetHints":{"allow":["GET"]}}],"collection":[{"href":"https:\/\/cleanlaundry.com\/es\/wp-json\/wp\/v2\/pages"}],"about":[{"href":"https:\/\/cleanlaundry.com\/es\/wp-json\/wp\/v2\/types\/page"}],"author":[{"embeddable":true,"href":"https:\/\/cleanlaundry.com\/es\/wp-json\/wp\/v2\/users\/101012"}],"replies":[{"embeddable":true,"href":"https:\/\/cleanlaundry.com\/es\/wp-json\/wp\/v2\/comments?post=9210"}],"version-history":[{"count":20,"href":"https:\/\/cleanlaundry.com\/es\/wp-json\/wp\/v2\/pages\/9210\/revisions"}],"predecessor-version":[{"id":13499,"href":"https:\/\/cleanlaundry.com\/es\/wp-json\/wp\/v2\/pages\/9210\/revisions\/13499"}],"up":[{"embeddable":true,"href":"https:\/\/cleanlaundry.com\/es\/wp-json\/wp\/v2\/pages\/4622"}],"wp:featuredmedia":[{"embeddable":true,"href":"https:\/\/cleanlaundry.com\/es\/wp-json\/wp\/v2\/media\/12914"}],"wp:attachment":[{"href":"https:\/\/cleanlaundry.com\/es\/wp-json\/wp\/v2\/media?parent=9210"}],"curies":[{"name":"wp","href":"https:\/\/api.w.org\/{rel}","templated":true}]}}