{"id":8933,"date":"2020-01-23T13:38:36","date_gmt":"2020-01-23T19:38:36","guid":{"rendered":"https:\/\/cleanlaundry.com\/?page_id=8933"},"modified":"2020-05-28T10:25:26","modified_gmt":"2020-05-28T15:25:26","slug":"verona-grand-opening-contest","status":"publish","type":"page","link":"https:\/\/cleanlaundry.com\/es\/verona-grand-opening-contest\/","title":{"rendered":"Gran inauguraci\u00f3n de Verona"},"content":{"rendered":"<h1>\u00a1Ingrese para ganar $100 de Clean Laundry!<\/h1>\r\n<p><img loading=\"lazy\" decoding=\"async\" title=\"Gana 100\" src=\"https:\/\/cleanlaundry.com\/wp-content\/uploads\/2020\/01\/Win-100.png\" alt=\"Win 100\" width=\"5287\" height=\"5287\" \/><\/p>\r\n<h2>\u00a1Nos mudamos a tu vecindario!<\/h2>\r\n<p>\u00a1Queremos ser m\u00e1s vecinos! Cu\u00e9ntenos un poco sobre usted y participe para ganar una tarjeta de regalo American Express $100. No se requiere compra. Se aplican las reglas est\u00e1ndar de sorteo.<\/p>\r\n<p><iframe src=\"https:\/\/www.google.com\/maps\/embed\/v1\/place?q=4518+Verona+Road+Madison%2C+WI+&amp;key=AIzaSyD09zQ9PNDNNy9TadMuzRV_UsPUoWKntt8\"><\/iframe><\/p>\r\n<p><strong>Gran Apertura Free Dry<\/strong><\/p>\r\n<p>Secado gratis hasta abril. \u00a1Date prisa, esta oferta no durar\u00e1 para siempre!<\/p>\r\n<p>D\u00eda Hora Minuto Segundo<\/p>\r\n<p>Direcci\u00f3n de la tienda: 4518 Verona Road Madison, WI 53711<\/p>\r\n<p><a role=\"button\" href=\"\/es\/locations\/\" target=\"_blank\" rel=\"noopener noreferrer\"> Todas las ubicaciones de las tiendas <\/a><\/p>\r\n<p><img loading=\"lazy\" decoding=\"async\" src=\"https:\/\/cleanlaundry.com\/wp-content\/uploads\/2020\/01\/Avatar-235x300.png\" alt=\"\" width=\"134\" height=\"170\" \/>\u00a1Me encant\u00f3 la ropa limpia! \u00a1Lav\u00e9 toda la ropa de la semana en una hora! \u00a1Es organizado, brillante y tiene m\u00e1quinas realmente agradables! \u00a1Seguro que volveremos!\u00a0<em><strong>Shelley S., cliente de lavander\u00eda limpia\u00a0<\/strong><\/em><\/p>\r\n<p><img loading=\"lazy\" decoding=\"async\" src=\"https:\/\/cleanlaundry.com\/wp-content\/uploads\/2020\/01\/NikkiO.jpg\" alt=\"\" width=\"129\" height=\"178\" \/>S\u00faper limpio y s\u00faper r\u00e1pido. Lav\u00e9 12 cargas de ropa en 36 minutos.<em><strong>Nikki O., cliente de lavander\u00eda limpia\u00a0<\/strong><\/em><\/p>\r\n<p><img loading=\"lazy\" decoding=\"async\" src=\"https:\/\/cleanlaundry.com\/wp-content\/uploads\/2020\/01\/JamieM-289x300.jpg\" alt=\"\" width=\"154\" height=\"160\" \/>Este lugar es asombroso !! WiFi gratis, paga con tu opci\u00f3n de tarjeta de d\u00e9bito \/ cr\u00e9dito para bocadillos e incluso lavander\u00eda. Incre\u00edble servicio al cliente y muy espacioso !!<em><strong>Jamie M., cliente de lavander\u00eda limpia\u00a0<\/strong><\/em><\/p>\r\n<h2>\u00bfQu\u00e9 hace que la ropa limpia sea diferente?<\/h2>\r\n<h3>R\u00e1pido y eficiente<\/h3>\r\n<p>Nuestras m\u00e1quinas usan ciclos de alta eficiencia y agua blanda, lo que significa que usa menos detergente. \u00a1Tambi\u00e9n tenemos ciclos r\u00e1pidos de lavado y secado, lo que le permite terminar su ropa en menos de una hora! \u00a1Ya es hora!<\/p>\r\n<h3>Opciones de pago con beneficios<\/h3>\r\n<p>No importa lo que prefiera, moneda, tarjeta o pago m\u00f3vil, \u00a1tenemos opciones para todos! Descargue la aplicaci\u00f3n m\u00f3vil DexterPay para pagar y controlar sus m\u00e1quinas por tel\u00e9fono. Utilice nuestras m\u00e1quinas de fichas para comprar $10 y obtenga $1 gratis.<\/p>\r\n<h3>Servicios Modernos<\/h3>\r\n<p>Wi-Fi gratis, televisores de alta definici\u00f3n de pantalla grande, puertos de carga y asientos suaves hacen que su visita a la lavander\u00eda sea r\u00e1pida con todas las capacidades de primer nivel.<\/p>\r\n<h3>Impecablemente limpio<\/h3>\r\n<p>Nos enorgullecemos de brindarle un lugar limpio para lavar la ropa. Las mesas plegables y los carritos de cortes\u00eda le permiten mantener su ropa fuera del piso.<\/p>\r\n<h3>Energ\u00eda verde<\/h3>\r\n<p>Nuestras tiendas utilizan la mitad de la electricidad, el gas natural y el agua de una lavander\u00eda autom\u00e1tica t\u00edpica. Tenemos agua blanda y nos aseguramos de que est\u00e9 caliente usando calentadores de bajo consumo.<\/p>\r\n<h3>La seguridad es una prioridad<\/h3>\r\n<p>Videovigilancia 24 horas al d\u00eda, 7 d\u00edas a la semana e iluminaci\u00f3n LED brillante para que se sienta seguro, incluso a altas horas de la noche. Nuestras puertas se cierran autom\u00e1ticamente desde el exterior para que pueda terminar su ropa tarde en la noche y estar seguro.<\/p>","protected":false},"excerpt":{"rendered":"<p>\u00a1Participa para ganar $100 de Clean Laundry! \u00a1Nos mudamos a tu vecindario! \u00a1Queremos ser m\u00e1s vecinos! Cu\u00e9ntenos un poco sobre usted y participe para ganar una tarjeta de regalo American Express $100. No se requiere compra. Se aplican las reglas est\u00e1ndar de sorteo. Gran inauguraci\u00f3n Secado gratuito Secado gratuito hasta abril: date prisa, esta oferta no\u2026<\/p>","protected":false},"author":101012,"featured_media":0,"parent":0,"menu_order":0,"comment_status":"closed","ping_status":"closed","template":"","meta":{"footnotes":""},"class_list":["post-8933","page","type-page","status-publish","hentry"],"yoast_head":"<!-- This site is optimized with the Yoast SEO plugin v25.0 - https:\/\/yoast.com\/wordpress\/plugins\/seo\/ -->\n<title>Verona Grand Opening - Clean Laundry<\/title>\n<meta name=\"robots\" content=\"index, follow, max-snippet:-1, max-image-preview:large, max-video-preview:-1\" \/>\n<link rel=\"canonical\" href=\"https:\/\/cleanlaundry.com\/es\/verona-grand-opening-contest\/\" \/>\n<meta property=\"og:locale\" content=\"es_MX\" \/>\n<meta property=\"og:type\" content=\"article\" \/>\n<meta property=\"og:title\" content=\"Verona Grand Opening - Clean Laundry\" \/>\n<meta property=\"og:description\" content=\"Enter to Win $100 from Clean Laundry! We&#8217;re moving into your neighborhood! We want to be extra neighborly! Tell us a bit about yourself and be entered to win a $100 American Express gift card. No purchase necessary. Standard giveaway rules apply. Grand Opening Free Dry Free dry through April &#8211; hurry, this deal won&#8217;t&hellip;\" \/>\n<meta property=\"og:url\" content=\"https:\/\/cleanlaundry.com\/es\/verona-grand-opening-contest\/\" \/>\n<meta property=\"og:site_name\" content=\"Clean Laundry\" \/>\n<meta property=\"article:modified_time\" content=\"2020-05-28T15:25:26+00:00\" \/>\n<meta property=\"og:image\" content=\"https:\/\/cleanlaundry.com\/wp-content\/uploads\/2020\/01\/Win-100.png\" \/>\n<meta name=\"twitter:card\" content=\"summary_large_image\" \/>\n<meta name=\"twitter:label1\" content=\"Tiempo de lectura\" \/>\n\t<meta name=\"twitter:data1\" content=\"2 minutos\" \/>\n<script type=\"application\/ld+json\" class=\"yoast-schema-graph\">{\"@context\":\"https:\/\/schema.org\",\"@graph\":[{\"@type\":\"WebPage\",\"@id\":\"https:\/\/cleanlaundry.com\/es\/verona-grand-opening-contest\/\",\"url\":\"https:\/\/cleanlaundry.com\/es\/verona-grand-opening-contest\/\",\"name\":\"Verona Grand Opening - Clean Laundry\",\"isPartOf\":{\"@id\":\"https:\/\/cleanlaundry.com\/#website\"},\"primaryImageOfPage\":{\"@id\":\"https:\/\/cleanlaundry.com\/es\/verona-grand-opening-contest\/#primaryimage\"},\"image\":{\"@id\":\"https:\/\/cleanlaundry.com\/es\/verona-grand-opening-contest\/#primaryimage\"},\"thumbnailUrl\":\"https:\/\/cleanlaundry.com\/wp-content\/uploads\/2020\/01\/Win-100.png\",\"datePublished\":\"2020-01-23T19:38:36+00:00\",\"dateModified\":\"2020-05-28T15:25:26+00:00\",\"breadcrumb\":{\"@id\":\"https:\/\/cleanlaundry.com\/es\/verona-grand-opening-contest\/#breadcrumb\"},\"inLanguage\":\"es\",\"potentialAction\":[{\"@type\":\"ReadAction\",\"target\":[\"https:\/\/cleanlaundry.com\/es\/verona-grand-opening-contest\/\"]}]},{\"@type\":\"ImageObject\",\"inLanguage\":\"es\",\"@id\":\"https:\/\/cleanlaundry.com\/es\/verona-grand-opening-contest\/#primaryimage\",\"url\":\"https:\/\/cleanlaundry.com\/wp-content\/uploads\/2020\/01\/Win-100.png\",\"contentUrl\":\"https:\/\/cleanlaundry.com\/wp-content\/uploads\/2020\/01\/Win-100.png\"},{\"@type\":\"BreadcrumbList\",\"@id\":\"https:\/\/cleanlaundry.com\/es\/verona-grand-opening-contest\/#breadcrumb\",\"itemListElement\":[{\"@type\":\"ListItem\",\"position\":1,\"name\":\"Home\",\"item\":\"https:\/\/cleanlaundry.com\/\"},{\"@type\":\"ListItem\",\"position\":2,\"name\":\"Verona Grand Opening\"}]},{\"@type\":\"WebSite\",\"@id\":\"https:\/\/cleanlaundry.com\/#website\",\"url\":\"https:\/\/cleanlaundry.com\/\",\"name\":\"Clean Laundry\",\"description\":\"Clean Laundry\",\"potentialAction\":[{\"@type\":\"SearchAction\",\"target\":{\"@type\":\"EntryPoint\",\"urlTemplate\":\"https:\/\/cleanlaundry.com\/?s={search_term_string}\"},\"query-input\":{\"@type\":\"PropertyValueSpecification\",\"valueRequired\":true,\"valueName\":\"search_term_string\"}}],\"inLanguage\":\"es\"}]}<\/script>\n<!-- \/ Yoast SEO plugin. -->","yoast_head_json":{"title":"Verona Grand Opening - Clean Laundry","robots":{"index":"index","follow":"follow","max-snippet":"max-snippet:-1","max-image-preview":"max-image-preview:large","max-video-preview":"max-video-preview:-1"},"canonical":"https:\/\/cleanlaundry.com\/es\/verona-grand-opening-contest\/","og_locale":"es_MX","og_type":"article","og_title":"Verona Grand Opening - Clean Laundry","og_description":"Enter to Win $100 from Clean Laundry! We&#8217;re moving into your neighborhood! We want to be extra neighborly! Tell us a bit about yourself and be entered to win a $100 American Express gift card. No purchase necessary. Standard giveaway rules apply. Grand Opening Free Dry Free dry through April &#8211; hurry, this deal won&#8217;t&hellip;","og_url":"https:\/\/cleanlaundry.com\/es\/verona-grand-opening-contest\/","og_site_name":"Clean Laundry","article_modified_time":"2020-05-28T15:25:26+00:00","og_image":[{"url":"https:\/\/cleanlaundry.com\/wp-content\/uploads\/2020\/01\/Win-100.png","type":"","width":"","height":""}],"twitter_card":"summary_large_image","twitter_misc":{"Tiempo de lectura":"2 minutos"},"schema":{"@context":"https:\/\/schema.org","@graph":[{"@type":"WebPage","@id":"https:\/\/cleanlaundry.com\/es\/verona-grand-opening-contest\/","url":"https:\/\/cleanlaundry.com\/es\/verona-grand-opening-contest\/","name":"Verona Grand Opening - Clean Laundry","isPartOf":{"@id":"https:\/\/cleanlaundry.com\/#website"},"primaryImageOfPage":{"@id":"https:\/\/cleanlaundry.com\/es\/verona-grand-opening-contest\/#primaryimage"},"image":{"@id":"https:\/\/cleanlaundry.com\/es\/verona-grand-opening-contest\/#primaryimage"},"thumbnailUrl":"https:\/\/cleanlaundry.com\/wp-content\/uploads\/2020\/01\/Win-100.png","datePublished":"2020-01-23T19:38:36+00:00","dateModified":"2020-05-28T15:25:26+00:00","breadcrumb":{"@id":"https:\/\/cleanlaundry.com\/es\/verona-grand-opening-contest\/#breadcrumb"},"inLanguage":"es","potentialAction":[{"@type":"ReadAction","target":["https:\/\/cleanlaundry.com\/es\/verona-grand-opening-contest\/"]}]},{"@type":"ImageObject","inLanguage":"es","@id":"https:\/\/cleanlaundry.com\/es\/verona-grand-opening-contest\/#primaryimage","url":"https:\/\/cleanlaundry.com\/wp-content\/uploads\/2020\/01\/Win-100.png","contentUrl":"https:\/\/cleanlaundry.com\/wp-content\/uploads\/2020\/01\/Win-100.png"},{"@type":"BreadcrumbList","@id":"https:\/\/cleanlaundry.com\/es\/verona-grand-opening-contest\/#breadcrumb","itemListElement":[{"@type":"ListItem","position":1,"name":"Home","item":"https:\/\/cleanlaundry.com\/"},{"@type":"ListItem","position":2,"name":"Verona Grand Opening"}]},{"@type":"WebSite","@id":"https:\/\/cleanlaundry.com\/#website","url":"https:\/\/cleanlaundry.com\/","name":"Ropa limpia","description":"Ropa limpia","potentialAction":[{"@type":"SearchAction","target":{"@type":"EntryPoint","urlTemplate":"https:\/\/cleanlaundry.com\/?s={search_term_string}"},"query-input":{"@type":"PropertyValueSpecification","valueRequired":true,"valueName":"search_term_string"}}],"inLanguage":"es"}]}},"_links":{"self":[{"href":"https:\/\/cleanlaundry.com\/es\/wp-json\/wp\/v2\/pages\/8933","targetHints":{"allow":["GET"]}}],"collection":[{"href":"https:\/\/cleanlaundry.com\/es\/wp-json\/wp\/v2\/pages"}],"about":[{"href":"https:\/\/cleanlaundry.com\/es\/wp-json\/wp\/v2\/types\/page"}],"author":[{"embeddable":true,"href":"https:\/\/cleanlaundry.com\/es\/wp-json\/wp\/v2\/users\/101012"}],"replies":[{"embeddable":true,"href":"https:\/\/cleanlaundry.com\/es\/wp-json\/wp\/v2\/comments?post=8933"}],"version-history":[{"count":21,"href":"https:\/\/cleanlaundry.com\/es\/wp-json\/wp\/v2\/pages\/8933\/revisions"}],"predecessor-version":[{"id":9401,"href":"https:\/\/cleanlaundry.com\/es\/wp-json\/wp\/v2\/pages\/8933\/revisions\/9401"}],"wp:attachment":[{"href":"https:\/\/cleanlaundry.com\/es\/wp-json\/wp\/v2\/media?parent=8933"}],"curies":[{"name":"wp","href":"https:\/\/api.w.org\/{rel}","templated":true}]}}