{"id":8731,"date":"2019-10-17T12:47:47","date_gmt":"2019-10-17T17:47:47","guid":{"rendered":"https:\/\/cleanlaundry.com\/?page_id=8731"},"modified":"2021-10-12T12:07:50","modified_gmt":"2021-10-12T17:07:50","slug":"laundromats-in-orlando-fl","status":"publish","type":"page","link":"https:\/\/cleanlaundry.com\/es\/locations\/florida\/laundromats-in-orlando-fl\/","title":{"rendered":"Lavander\u00edas en Orlando, FL"},"content":{"rendered":"<h1>Lavander\u00edas en Orlando<\/h1>\r\n<p>Seleccione una ubicaci\u00f3n a continuaci\u00f3n para ver la informaci\u00f3n de ubicaci\u00f3n.<\/p>\r\n<h3>Norte de Orlando<\/h3>\r\n<h2><a title=\"Lee Road Suite 6A y 6B, Orlando, FL 32810\" href=\"https:\/\/cleanlaundry.com\/es\/laundromat-at-1084-lee-road-orlando-fl-32810\/\" target=\"_self\" rel=\"noopener noreferrer\"> Lee Road Suite 6A y 6B, Orlando, FL 32810 <\/a><\/h2>\r\n<h6>\u00a0<\/h6>\r\n<p><a role=\"button\" href=\"\/es\/locations\/\" target=\"_self\" rel=\"noopener noreferrer\"> Ver todas las ubicaciones de lavander\u00eda limpia <\/a><\/p>","protected":false},"excerpt":{"rendered":"<p>Lavander\u00edas en Orlando Seleccione una ubicaci\u00f3n a continuaci\u00f3n para ver la informaci\u00f3n de la ubicaci\u00f3n. Northern Orlando Lee Road Suite 6A &amp; 6B, Orlando, FL 32810 Ver todas las ubicaciones de lavander\u00eda limpia<\/p>","protected":false},"author":101012,"featured_media":12916,"parent":7118,"menu_order":0,"comment_status":"closed","ping_status":"closed","template":"","meta":{"footnotes":""},"class_list":["post-8731","page","type-page","status-publish","has-post-thumbnail","hentry"],"yoast_head":"<!-- This site is optimized with the Yoast SEO plugin v25.0 - https:\/\/yoast.com\/wordpress\/plugins\/seo\/ -->\n<title>Laundromats in Orlando, FL | Clean Laundry Locations<\/title>\n<meta name=\"description\" content=\"Clean Laundry is proud to offer Orlando laundromats that are fast, safe, and clean. Learn more and find the Orlando location nearest you.\" \/>\n<meta name=\"robots\" content=\"index, follow, max-snippet:-1, max-image-preview:large, max-video-preview:-1\" \/>\n<link rel=\"canonical\" href=\"https:\/\/cleanlaundry.com\/es\/locations\/florida\/laundromats-in-orlando-fl\/\" \/>\n<meta property=\"og:locale\" content=\"es_MX\" \/>\n<meta property=\"og:type\" content=\"article\" \/>\n<meta property=\"og:title\" content=\"Laundromats in Orlando, FL | Clean Laundry Locations\" \/>\n<meta property=\"og:description\" content=\"Clean Laundry is proud to offer Orlando laundromats that are fast, safe, and clean. Learn more and find the Orlando location nearest you.\" \/>\n<meta property=\"og:url\" content=\"https:\/\/cleanlaundry.com\/es\/locations\/florida\/laundromats-in-orlando-fl\/\" \/>\n<meta property=\"og:site_name\" content=\"Clean Laundry\" \/>\n<meta property=\"article:modified_time\" content=\"2021-10-12T17:07:50+00:00\" \/>\n<meta property=\"og:image\" content=\"https:\/\/cleanlaundry.com\/wp-content\/uploads\/2021\/09\/CL16-LeeOrl-05.01-Storefront.png\" \/>\n\t<meta property=\"og:image:width\" content=\"1000\" \/>\n\t<meta property=\"og:image:height\" content=\"500\" \/>\n\t<meta property=\"og:image:type\" content=\"image\/png\" \/>\n<meta name=\"twitter:card\" content=\"summary_large_image\" \/>\n<script type=\"application\/ld+json\" class=\"yoast-schema-graph\">{\"@context\":\"https:\/\/schema.org\",\"@graph\":[{\"@type\":\"WebPage\",\"@id\":\"https:\/\/cleanlaundry.com\/locations\/florida\/laundromats-in-orlando-fl\/\",\"url\":\"https:\/\/cleanlaundry.com\/locations\/florida\/laundromats-in-orlando-fl\/\",\"name\":\"Laundromats in Orlando, FL | Clean Laundry Locations\",\"isPartOf\":{\"@id\":\"https:\/\/cleanlaundry.com\/#website\"},\"primaryImageOfPage\":{\"@id\":\"https:\/\/cleanlaundry.com\/locations\/florida\/laundromats-in-orlando-fl\/#primaryimage\"},\"image\":{\"@id\":\"https:\/\/cleanlaundry.com\/locations\/florida\/laundromats-in-orlando-fl\/#primaryimage\"},\"thumbnailUrl\":\"https:\/\/cleanlaundry.com\/wp-content\/uploads\/2021\/09\/CL16-LeeOrl-05.01-Storefront.png\",\"datePublished\":\"2019-10-17T17:47:47+00:00\",\"dateModified\":\"2021-10-12T17:07:50+00:00\",\"description\":\"Clean Laundry is proud to offer Orlando laundromats that are fast, safe, and clean. Learn more and find the Orlando location nearest you.\",\"breadcrumb\":{\"@id\":\"https:\/\/cleanlaundry.com\/locations\/florida\/laundromats-in-orlando-fl\/#breadcrumb\"},\"inLanguage\":\"es\",\"potentialAction\":[{\"@type\":\"ReadAction\",\"target\":[\"https:\/\/cleanlaundry.com\/locations\/florida\/laundromats-in-orlando-fl\/\"]}]},{\"@type\":\"ImageObject\",\"inLanguage\":\"es\",\"@id\":\"https:\/\/cleanlaundry.com\/locations\/florida\/laundromats-in-orlando-fl\/#primaryimage\",\"url\":\"https:\/\/cleanlaundry.com\/wp-content\/uploads\/2021\/09\/CL16-LeeOrl-05.01-Storefront.png\",\"contentUrl\":\"https:\/\/cleanlaundry.com\/wp-content\/uploads\/2021\/09\/CL16-LeeOrl-05.01-Storefront.png\",\"width\":1000,\"height\":500},{\"@type\":\"BreadcrumbList\",\"@id\":\"https:\/\/cleanlaundry.com\/locations\/florida\/laundromats-in-orlando-fl\/#breadcrumb\",\"itemListElement\":[{\"@type\":\"ListItem\",\"position\":1,\"name\":\"Home\",\"item\":\"https:\/\/cleanlaundry.com\/\"},{\"@type\":\"ListItem\",\"position\":2,\"name\":\"All Clean Laundry Locations | Find a laundromat near you\",\"item\":\"https:\/\/cleanlaundry.com\/locations\/\"},{\"@type\":\"ListItem\",\"position\":3,\"name\":\"Laundromats in Florida | Clean Laundry Locations Near You\",\"item\":\"https:\/\/cleanlaundry.com\/locations\/florida\/\"},{\"@type\":\"ListItem\",\"position\":4,\"name\":\"Laundromats in Orlando, FL\"}]},{\"@type\":\"WebSite\",\"@id\":\"https:\/\/cleanlaundry.com\/#website\",\"url\":\"https:\/\/cleanlaundry.com\/\",\"name\":\"Clean Laundry\",\"description\":\"Clean Laundry\",\"potentialAction\":[{\"@type\":\"SearchAction\",\"target\":{\"@type\":\"EntryPoint\",\"urlTemplate\":\"https:\/\/cleanlaundry.com\/?s={search_term_string}\"},\"query-input\":{\"@type\":\"PropertyValueSpecification\",\"valueRequired\":true,\"valueName\":\"search_term_string\"}}],\"inLanguage\":\"es\"}]}<\/script>\n<!-- \/ Yoast SEO plugin. -->","yoast_head_json":{"title":"Lavander\u00edas en Orlando, FL | Ubicaciones de lavander\u00eda limpia","description":"Clean Laundry se enorgullece de ofrecer lavander\u00edas en Orlando que son r\u00e1pidas, seguras y limpias. Obtenga m\u00e1s informaci\u00f3n y encuentre la ubicaci\u00f3n de Orlando m\u00e1s cercana a usted.","robots":{"index":"index","follow":"follow","max-snippet":"max-snippet:-1","max-image-preview":"max-image-preview:large","max-video-preview":"max-video-preview:-1"},"canonical":"https:\/\/cleanlaundry.com\/es\/locations\/florida\/laundromats-in-orlando-fl\/","og_locale":"es_MX","og_type":"article","og_title":"Laundromats in Orlando, FL | Clean Laundry Locations","og_description":"Clean Laundry is proud to offer Orlando laundromats that are fast, safe, and clean. Learn more and find the Orlando location nearest you.","og_url":"https:\/\/cleanlaundry.com\/es\/locations\/florida\/laundromats-in-orlando-fl\/","og_site_name":"Clean Laundry","article_modified_time":"2021-10-12T17:07:50+00:00","og_image":[{"width":1000,"height":500,"url":"https:\/\/cleanlaundry.com\/wp-content\/uploads\/2021\/09\/CL16-LeeOrl-05.01-Storefront.png","type":"image\/png"}],"twitter_card":"summary_large_image","schema":{"@context":"https:\/\/schema.org","@graph":[{"@type":"WebPage","@id":"https:\/\/cleanlaundry.com\/locations\/florida\/laundromats-in-orlando-fl\/","url":"https:\/\/cleanlaundry.com\/locations\/florida\/laundromats-in-orlando-fl\/","name":"Lavander\u00edas en Orlando, FL | Ubicaciones de lavander\u00eda limpia","isPartOf":{"@id":"https:\/\/cleanlaundry.com\/#website"},"primaryImageOfPage":{"@id":"https:\/\/cleanlaundry.com\/locations\/florida\/laundromats-in-orlando-fl\/#primaryimage"},"image":{"@id":"https:\/\/cleanlaundry.com\/locations\/florida\/laundromats-in-orlando-fl\/#primaryimage"},"thumbnailUrl":"https:\/\/cleanlaundry.com\/wp-content\/uploads\/2021\/09\/CL16-LeeOrl-05.01-Storefront.png","datePublished":"2019-10-17T17:47:47+00:00","dateModified":"2021-10-12T17:07:50+00:00","description":"Clean Laundry se enorgullece de ofrecer lavander\u00edas en Orlando que son r\u00e1pidas, seguras y limpias. Obtenga m\u00e1s informaci\u00f3n y encuentre la ubicaci\u00f3n de Orlando m\u00e1s cercana a usted.","breadcrumb":{"@id":"https:\/\/cleanlaundry.com\/locations\/florida\/laundromats-in-orlando-fl\/#breadcrumb"},"inLanguage":"es","potentialAction":[{"@type":"ReadAction","target":["https:\/\/cleanlaundry.com\/locations\/florida\/laundromats-in-orlando-fl\/"]}]},{"@type":"ImageObject","inLanguage":"es","@id":"https:\/\/cleanlaundry.com\/locations\/florida\/laundromats-in-orlando-fl\/#primaryimage","url":"https:\/\/cleanlaundry.com\/wp-content\/uploads\/2021\/09\/CL16-LeeOrl-05.01-Storefront.png","contentUrl":"https:\/\/cleanlaundry.com\/wp-content\/uploads\/2021\/09\/CL16-LeeOrl-05.01-Storefront.png","width":1000,"height":500},{"@type":"BreadcrumbList","@id":"https:\/\/cleanlaundry.com\/locations\/florida\/laundromats-in-orlando-fl\/#breadcrumb","itemListElement":[{"@type":"ListItem","position":1,"name":"Home","item":"https:\/\/cleanlaundry.com\/"},{"@type":"ListItem","position":2,"name":"All Clean Laundry Locations | Find a laundromat near you","item":"https:\/\/cleanlaundry.com\/locations\/"},{"@type":"ListItem","position":3,"name":"Laundromats in Florida | Clean Laundry Locations Near You","item":"https:\/\/cleanlaundry.com\/locations\/florida\/"},{"@type":"ListItem","position":4,"name":"Laundromats in Orlando, FL"}]},{"@type":"WebSite","@id":"https:\/\/cleanlaundry.com\/#website","url":"https:\/\/cleanlaundry.com\/","name":"Ropa limpia","description":"Ropa limpia","potentialAction":[{"@type":"SearchAction","target":{"@type":"EntryPoint","urlTemplate":"https:\/\/cleanlaundry.com\/?s={search_term_string}"},"query-input":{"@type":"PropertyValueSpecification","valueRequired":true,"valueName":"search_term_string"}}],"inLanguage":"es"}]}},"_links":{"self":[{"href":"https:\/\/cleanlaundry.com\/es\/wp-json\/wp\/v2\/pages\/8731","targetHints":{"allow":["GET"]}}],"collection":[{"href":"https:\/\/cleanlaundry.com\/es\/wp-json\/wp\/v2\/pages"}],"about":[{"href":"https:\/\/cleanlaundry.com\/es\/wp-json\/wp\/v2\/types\/page"}],"author":[{"embeddable":true,"href":"https:\/\/cleanlaundry.com\/es\/wp-json\/wp\/v2\/users\/101012"}],"replies":[{"embeddable":true,"href":"https:\/\/cleanlaundry.com\/es\/wp-json\/wp\/v2\/comments?post=8731"}],"version-history":[{"count":5,"href":"https:\/\/cleanlaundry.com\/es\/wp-json\/wp\/v2\/pages\/8731\/revisions"}],"predecessor-version":[{"id":10429,"href":"https:\/\/cleanlaundry.com\/es\/wp-json\/wp\/v2\/pages\/8731\/revisions\/10429"}],"up":[{"embeddable":true,"href":"https:\/\/cleanlaundry.com\/es\/wp-json\/wp\/v2\/pages\/7118"}],"wp:featuredmedia":[{"embeddable":true,"href":"https:\/\/cleanlaundry.com\/es\/wp-json\/wp\/v2\/media\/12916"}],"wp:attachment":[{"href":"https:\/\/cleanlaundry.com\/es\/wp-json\/wp\/v2\/media?parent=8731"}],"curies":[{"name":"wp","href":"https:\/\/api.w.org\/{rel}","templated":true}]}}