{"id":8624,"date":"2019-10-02T15:50:14","date_gmt":"2019-10-02T20:50:14","guid":{"rendered":"https:\/\/cleanlaundry.com\/?page_id=8624"},"modified":"2023-02-02T13:18:13","modified_gmt":"2023-02-02T19:18:13","slug":"dexterpay","status":"publish","type":"page","link":"https:\/\/cleanlaundry.com\/es\/mobile\/dexterpay\/","title":{"rendered":"DexterPay"},"content":{"rendered":"<h1>\n\t\tDexterPay ahora disponible en Clean Laundry\n\t<\/h1>\n\t\t\t\t<a href=\"https:\/\/play.google.com\/store\/apps\/details?id=com.dexter.dexterpay\" target=\"_self\" itemprop=\"url\" rel=\"noopener\">\n\t\t\t\t<img decoding=\"async\" src=\"https:\/\/dexterpay.com\/images\/dexterpay\/google.png\" alt=\"google.png\" itemprop=\"image\" title=\"google.png\" onerror=\"this.style.display='none'\"  \/>\n\t\t\t\t<\/a>\n\t\t\t\t<a href=\"https:\/\/apps.apple.com\/gb\/app\/dexterpay\/id1456133366?ign-mpt=uo%3D2\" target=\"_self\" itemprop=\"url\" rel=\"noopener\">\n\t\t\t\t<img decoding=\"async\" src=\"https:\/\/dexterpay.com\/images\/dexterpay\/apple.png\" alt=\"apple.png\" itemprop=\"image\" title=\"manzana.png\" onerror=\"this.style.display='none'\"  \/>\n\t\t\t\t<\/a>\n\t\t\t\t<img loading=\"lazy\" decoding=\"async\" src=\"https:\/\/cleanlaundry.com\/wp-content\/uploads\/2019\/10\/Dexter-Pay-Web-855x1024.png\" alt=\"Dexter-Pay-Web\" itemprop=\"image\" height=\"1024\" width=\"855\" title=\"Dexter-Pay-Web\" onerror=\"this.style.display='none'\"  \/>\n\t\t\t\t<img loading=\"lazy\" decoding=\"async\" src=\"https:\/\/cleanlaundry.com\/wp-content\/uploads\/2019\/10\/dp-logo-copy1.png\" alt=\"dp-logo copy1\" itemprop=\"image\" height=\"324\" width=\"1469\" title=\"dp-logo copy1\" onerror=\"this.style.display='none'\"  \/>\n\t<p>Descarga Dexter Pay, una aplicaci\u00f3n sin monedas que te permite controlar tu ropa desde tu tel\u00e9fono.<\/p>\n\t<p>1. DESCARGAR APLICACI\u00d3N<\/p>\n<p>2. SELECCIONAR UBICACI\u00d3N<\/p>\n<p>3. PAGAR LA LAVANDER\u00cdA<\/p>\n<p>4. VER EL PROGRESO<\/p>\n\t\t\t\t<a href=\"https:\/\/play.google.com\/store\/apps\/details?id=com.dexter.dexterpay\" target=\"_self\" itemprop=\"url\" rel=\"noopener\">\n\t\t\t\t<img decoding=\"async\" src=\"https:\/\/dexterpay.com\/images\/dexterpay\/google.png\" alt=\"google.png\" itemprop=\"image\" title=\"google.png\" onerror=\"this.style.display='none'\"  \/>\n\t\t\t\t<\/a>\n\t\t\t\t<a href=\"https:\/\/apps.apple.com\/gb\/app\/dexterpay\/id1456133366?ign-mpt=uo%3D2\" target=\"_self\" itemprop=\"url\" rel=\"noopener\">\n\t\t\t\t<img decoding=\"async\" src=\"https:\/\/dexterpay.com\/images\/dexterpay\/apple.png\" alt=\"apple.png\" itemprop=\"image\" title=\"manzana.png\" onerror=\"this.style.display='none'\"  \/>\n\t\t\t\t<\/a>\n<iframe loading=\"lazy\" width=\"100%\" height=\"516px\" src=\"https:\/\/www.youtube.com\/embed\/V52PeMBtk5o\" frameborder=\"0\" allow=\"accelerometer; autoplay; encrypted-media; gyroscope; picture-in-picture\" allowfullscreen><\/iframe>","protected":false},"excerpt":{"rendered":"<p>DexterPay Now Available at Clean Laundry Download Dexter Pay, a coin free app that allows you to control your laundry from your phone. 1.\u00a0 DOWNLOAD APP 2.\u00a0 SELECT LOCATION 3.\u00a0 PAY FOR LAUNDRY 4.\u00a0 VIEW PROGRESS<\/p>","protected":false},"author":101012,"featured_media":0,"parent":12834,"menu_order":0,"comment_status":"closed","ping_status":"closed","template":"","meta":{"footnotes":""},"class_list":["post-8624","page","type-page","status-publish","hentry"],"yoast_head":"<!-- This site is optimized with the Yoast SEO plugin v25.0 - https:\/\/yoast.com\/wordpress\/plugins\/seo\/ -->\n<title>Coinless Laundry Available at Clean Laundry | Mobile Pay App<\/title>\n<meta name=\"description\" content=\"If you are looking for a coinless laundry option, look no further. All Clean Laundry locations use a convenient DexterPay mobile pay app!\" \/>\n<meta name=\"robots\" content=\"index, follow, max-snippet:-1, max-image-preview:large, max-video-preview:-1\" \/>\n<link rel=\"canonical\" href=\"https:\/\/cleanlaundry.com\/es\/mobile\/dexterpay\/\" \/>\n<meta property=\"og:locale\" content=\"es_MX\" \/>\n<meta property=\"og:type\" content=\"article\" \/>\n<meta property=\"og:title\" content=\"Coinless Laundry Available at Clean Laundry | Mobile Pay App\" \/>\n<meta property=\"og:description\" content=\"If you are looking for a coinless laundry option, look no further. All Clean Laundry locations use a convenient DexterPay mobile pay app!\" \/>\n<meta property=\"og:url\" content=\"https:\/\/cleanlaundry.com\/es\/mobile\/dexterpay\/\" \/>\n<meta property=\"og:site_name\" content=\"Clean Laundry\" \/>\n<meta property=\"article:modified_time\" content=\"2023-02-02T19:18:13+00:00\" \/>\n<meta property=\"og:image\" content=\"https:\/\/dexterpay.com\/images\/dexterpay\/google.png\" \/>\n<meta name=\"twitter:card\" content=\"summary_large_image\" \/>\n<script type=\"application\/ld+json\" class=\"yoast-schema-graph\">{\"@context\":\"https:\/\/schema.org\",\"@graph\":[{\"@type\":\"WebPage\",\"@id\":\"https:\/\/cleanlaundry.com\/mobile\/dexterpay\/\",\"url\":\"https:\/\/cleanlaundry.com\/mobile\/dexterpay\/\",\"name\":\"Coinless Laundry Available at Clean Laundry | Mobile Pay App\",\"isPartOf\":{\"@id\":\"https:\/\/cleanlaundry.com\/#website\"},\"primaryImageOfPage\":{\"@id\":\"https:\/\/cleanlaundry.com\/mobile\/dexterpay\/#primaryimage\"},\"image\":{\"@id\":\"https:\/\/cleanlaundry.com\/mobile\/dexterpay\/#primaryimage\"},\"thumbnailUrl\":\"https:\/\/dexterpay.com\/images\/dexterpay\/google.png\",\"datePublished\":\"2019-10-02T20:50:14+00:00\",\"dateModified\":\"2023-02-02T19:18:13+00:00\",\"description\":\"If you are looking for a coinless laundry option, look no further. All Clean Laundry locations use a convenient DexterPay mobile pay app!\",\"breadcrumb\":{\"@id\":\"https:\/\/cleanlaundry.com\/mobile\/dexterpay\/#breadcrumb\"},\"inLanguage\":\"es\",\"potentialAction\":[{\"@type\":\"ReadAction\",\"target\":[\"https:\/\/cleanlaundry.com\/mobile\/dexterpay\/\"]}]},{\"@type\":\"ImageObject\",\"inLanguage\":\"es\",\"@id\":\"https:\/\/cleanlaundry.com\/mobile\/dexterpay\/#primaryimage\",\"url\":\"https:\/\/dexterpay.com\/images\/dexterpay\/google.png\",\"contentUrl\":\"https:\/\/dexterpay.com\/images\/dexterpay\/google.png\"},{\"@type\":\"BreadcrumbList\",\"@id\":\"https:\/\/cleanlaundry.com\/mobile\/dexterpay\/#breadcrumb\",\"itemListElement\":[{\"@type\":\"ListItem\",\"position\":1,\"name\":\"Home\",\"item\":\"https:\/\/cleanlaundry.com\/\"},{\"@type\":\"ListItem\",\"position\":2,\"name\":\"Mobile\",\"item\":\"https:\/\/cleanlaundry.com\/mobile\/\"},{\"@type\":\"ListItem\",\"position\":3,\"name\":\"DexterPay\"}]},{\"@type\":\"WebSite\",\"@id\":\"https:\/\/cleanlaundry.com\/#website\",\"url\":\"https:\/\/cleanlaundry.com\/\",\"name\":\"Clean Laundry\",\"description\":\"Clean Laundry\",\"potentialAction\":[{\"@type\":\"SearchAction\",\"target\":{\"@type\":\"EntryPoint\",\"urlTemplate\":\"https:\/\/cleanlaundry.com\/?s={search_term_string}\"},\"query-input\":{\"@type\":\"PropertyValueSpecification\",\"valueRequired\":true,\"valueName\":\"search_term_string\"}}],\"inLanguage\":\"es\"}]}<\/script>\n<!-- \/ Yoast SEO plugin. -->","yoast_head_json":{"title":"Lavander\u00eda sin monedas disponible en Clean Laundry | Aplicaci\u00f3n de pago m\u00f3vil","description":"Si est\u00e1 buscando una opci\u00f3n de lavander\u00eda sin monedas, no busque m\u00e1s. \u00a1Todas las ubicaciones de Clean Laundry utilizan una pr\u00e1ctica aplicaci\u00f3n de pago m\u00f3vil DexterPay!","robots":{"index":"index","follow":"follow","max-snippet":"max-snippet:-1","max-image-preview":"max-image-preview:large","max-video-preview":"max-video-preview:-1"},"canonical":"https:\/\/cleanlaundry.com\/es\/mobile\/dexterpay\/","og_locale":"es_MX","og_type":"article","og_title":"Coinless Laundry Available at Clean Laundry | Mobile Pay App","og_description":"If you are looking for a coinless laundry option, look no further. All Clean Laundry locations use a convenient DexterPay mobile pay app!","og_url":"https:\/\/cleanlaundry.com\/es\/mobile\/dexterpay\/","og_site_name":"Clean Laundry","article_modified_time":"2023-02-02T19:18:13+00:00","og_image":[{"url":"https:\/\/dexterpay.com\/images\/dexterpay\/google.png","type":"","width":"","height":""}],"twitter_card":"summary_large_image","schema":{"@context":"https:\/\/schema.org","@graph":[{"@type":"WebPage","@id":"https:\/\/cleanlaundry.com\/mobile\/dexterpay\/","url":"https:\/\/cleanlaundry.com\/mobile\/dexterpay\/","name":"Lavander\u00eda sin monedas disponible en Clean Laundry | Aplicaci\u00f3n de pago m\u00f3vil","isPartOf":{"@id":"https:\/\/cleanlaundry.com\/#website"},"primaryImageOfPage":{"@id":"https:\/\/cleanlaundry.com\/mobile\/dexterpay\/#primaryimage"},"image":{"@id":"https:\/\/cleanlaundry.com\/mobile\/dexterpay\/#primaryimage"},"thumbnailUrl":"https:\/\/dexterpay.com\/images\/dexterpay\/google.png","datePublished":"2019-10-02T20:50:14+00:00","dateModified":"2023-02-02T19:18:13+00:00","description":"Si est\u00e1 buscando una opci\u00f3n de lavander\u00eda sin monedas, no busque m\u00e1s. \u00a1Todas las ubicaciones de Clean Laundry utilizan una pr\u00e1ctica aplicaci\u00f3n de pago m\u00f3vil DexterPay!","breadcrumb":{"@id":"https:\/\/cleanlaundry.com\/mobile\/dexterpay\/#breadcrumb"},"inLanguage":"es","potentialAction":[{"@type":"ReadAction","target":["https:\/\/cleanlaundry.com\/mobile\/dexterpay\/"]}]},{"@type":"ImageObject","inLanguage":"es","@id":"https:\/\/cleanlaundry.com\/mobile\/dexterpay\/#primaryimage","url":"https:\/\/dexterpay.com\/images\/dexterpay\/google.png","contentUrl":"https:\/\/dexterpay.com\/images\/dexterpay\/google.png"},{"@type":"BreadcrumbList","@id":"https:\/\/cleanlaundry.com\/mobile\/dexterpay\/#breadcrumb","itemListElement":[{"@type":"ListItem","position":1,"name":"Home","item":"https:\/\/cleanlaundry.com\/"},{"@type":"ListItem","position":2,"name":"Mobile","item":"https:\/\/cleanlaundry.com\/mobile\/"},{"@type":"ListItem","position":3,"name":"DexterPay"}]},{"@type":"WebSite","@id":"https:\/\/cleanlaundry.com\/#website","url":"https:\/\/cleanlaundry.com\/","name":"Ropa limpia","description":"Ropa limpia","potentialAction":[{"@type":"SearchAction","target":{"@type":"EntryPoint","urlTemplate":"https:\/\/cleanlaundry.com\/?s={search_term_string}"},"query-input":{"@type":"PropertyValueSpecification","valueRequired":true,"valueName":"search_term_string"}}],"inLanguage":"es"}]}},"_links":{"self":[{"href":"https:\/\/cleanlaundry.com\/es\/wp-json\/wp\/v2\/pages\/8624","targetHints":{"allow":["GET"]}}],"collection":[{"href":"https:\/\/cleanlaundry.com\/es\/wp-json\/wp\/v2\/pages"}],"about":[{"href":"https:\/\/cleanlaundry.com\/es\/wp-json\/wp\/v2\/types\/page"}],"author":[{"embeddable":true,"href":"https:\/\/cleanlaundry.com\/es\/wp-json\/wp\/v2\/users\/101012"}],"replies":[{"embeddable":true,"href":"https:\/\/cleanlaundry.com\/es\/wp-json\/wp\/v2\/comments?post=8624"}],"version-history":[{"count":28,"href":"https:\/\/cleanlaundry.com\/es\/wp-json\/wp\/v2\/pages\/8624\/revisions"}],"predecessor-version":[{"id":14282,"href":"https:\/\/cleanlaundry.com\/es\/wp-json\/wp\/v2\/pages\/8624\/revisions\/14282"}],"up":[{"embeddable":true,"href":"https:\/\/cleanlaundry.com\/es\/wp-json\/wp\/v2\/pages\/12834"}],"wp:attachment":[{"href":"https:\/\/cleanlaundry.com\/es\/wp-json\/wp\/v2\/media?parent=8624"}],"curies":[{"name":"wp","href":"https:\/\/api.w.org\/{rel}","templated":true}]}}