{"id":8600,"date":"2019-09-26T16:35:24","date_gmt":"2019-09-26T21:35:24","guid":{"rendered":"https:\/\/cleanlaundry.com\/?page_id=8600"},"modified":"2025-07-16T14:18:56","modified_gmt":"2025-07-16T19:18:56","slug":"laundromat-at-862-south-291-highway-liberty-missouri-clean-laundry","status":"publish","type":"page","link":"https:\/\/cleanlaundry.com\/es\/locations\/missouri\/laundromat-at-862-south-291-highway-liberty-missouri-clean-laundry\/","title":{"rendered":"Lavander\u00eda autom\u00e1tica en 862 South 291 Highway Liberty, Missouri | Lavander\u00eda limpia"},"content":{"rendered":"<h1>Liberty Laundromat: Clean Laundry en Rte 291<\/h1>\n<h2>\u00a1Somos una lavander\u00eda limpia con m\u00e1quinas grandes, abrimos hasta tarde y agua blanda!<\/h2>\n\t\t\t<a href=\"https:\/\/goo.gl\/maps\/xQZtsNBK9CTmMVTA9\" target=\"_blank\" rel=\"noopener\">\n\t\t\t\t\t\t\tObtener las direcciones\n\t\t\t<\/a>\n\t<h4><a href=\"https:\/\/goo.gl\/maps\/xQZtsNBK9CTmMVTA9\" target=\"_blank\" rel=\"noopener\">\u00a0862 S. State Rte 291 en Liberty, MO<\/a><\/h4>\n\t <a href=\"tel:816-281-5068\">816-281-5068<\/a><br \/>\n <a href=\"mailto:manager.store0011@cleanlaundry.com\">Env\u00edanos un correo electr\u00f3nico<\/a><br \/>\n Abierto de 6 a. m. a 10 p. m.<br \/>\n Ubicaci\u00f3n de Dexter Pay: 4134\n\t<h3>\u00a1Lavander\u00eda a monedas y mucho m\u00e1s!<\/h3>\n<p>\u00a1El hogar del lavado y secado en 1 hora! Esta lavander\u00eda de 2100 pies cuadrados est\u00e1 convenientemente ubicada cerca de Southerland&#039;s en Price Chopper Plaza. Convenientemente ubicado a la salida de la ruta 291 en el lado sureste de Liberty, <a href=\"https:\/\/cleanlaundry.com\/es\/locations\/missouri\/\">Missouri<\/a>, esta lavander\u00eda es la soluci\u00f3n perfecta para residentes ocupados, familias y cualquier persona que busque un lugar r\u00e1pido y econ\u00f3mico para lavar la ropa.<\/p>\n<p>Please note for this location we do not allow pet bedding and horse gear to be washed outside of blankets. Thank you for understanding.<\/p>\n\t\t\t\t<img loading=\"lazy\" decoding=\"async\" src=\"https:\/\/cleanlaundry.com\/wp-content\/uploads\/2021\/02\/CL-11.jpg\" alt=\"Clean Laundry storefront in Liberty, MO\" itemprop=\"image\" height=\"350\" width=\"600\" title=\"CL-11\" onerror=\"this.style.display='none'\"  \/>\n    <h5>862 S. State Rte 291<\/h5>\n    <p>En el centro comercial en la esquina de 291 y S. Withers Rd, al lado de J&amp;S pizza<\/p>\n    <p>Liberty, MO 64068 <\/p>\n    \n      <a href=\"https:\/\/goo.gl\/maps\/xQZtsNBK9CTmMVTA9\" target=\"_blank\">mapas de Google <\/a>  \n    \n\t<iframe src=\"https:\/\/www.google.com\/maps\/embed\/v1\/place?q=Clean+Laundry%0A862+S.+State+%28Rte+291%29%0ALiberty%2C+MO+64068&#038;key=AIzaSyD09zQ9PNDNNy9TadMuzRV_UsPUoWKntt8\" aria-hidden=\"true\"><\/iframe>\n\t<h4>Descubra la diferencia Clean Laundry<\/h4>\n<p>No importa cu\u00e1nta ropa tenga, Clean Laundry est\u00e1 equipada para lavarla y secarla m\u00e1s r\u00e1pido de lo que jam\u00e1s hab\u00eda so\u00f1ado. Nuestro equipo comercial puede manejar su mayor monta\u00f1a de ropa, desde cestas llenas hasta el borde, edredones tama\u00f1o king, camas para mascotas y alfombras. \u00a1Ya es hora!<\/p>\n\t            <div class=\"rplg\" style=\"\" data-id=\"8776\"><div class=\"rplg-list2\"><div class=\"rplg-businesses\"><\/div><div class=\"rplg-reviews rplg-cent rplg-zxc\"><\/div><\/div><img loading=\"lazy\" decoding=\"async\" src=\"data:image\/gif;base64,R0lGODlhAQABAIAAAAAAAP\/\/\/yH5BAEAAAAALAAAAAABAAEAAAIBRAA7\" alt=\"js_loader\" onload=\"(function(el, args) { var t = setInterval(function () { if (window.rplg_init_list_theme){ rplg_init_list_theme(el, args); clearInterval(t); } }, 200); })(this.parentNode);\" data-exec=\"false\" data-func=\"rplg_init_list_theme\" data-args='' width=\"1\" height=\"1\" style=\"display:none\"><\/div>","protected":false},"excerpt":{"rendered":"<p>Lavander\u00eda Liberty: Lavander\u00eda limpia en la ruta 291 \u00a1Somos una lavander\u00eda limpia con m\u00e1quinas grandes, abierta hasta tarde y agua blanda! Obtenga direcciones 862 S. State Rte 291 en Liberty, MO 816-281-5068 Env\u00edenos un correo electr\u00f3nico Abierto de 6 am a 10 pm Ubicaci\u00f3n de Dexter Pay: 4134 Lavander\u00eda que funciona con monedas \u00a1y mucho m\u00e1s! \u00a1Hogar del lavado y secado en 1 hora! Este 2100\u2026<\/p>","protected":false},"author":101012,"featured_media":10892,"parent":8613,"menu_order":0,"comment_status":"closed","ping_status":"closed","template":"","meta":{"footnotes":""},"class_list":["post-8600","page","type-page","status-publish","has-post-thumbnail","hentry"],"yoast_head":"<!-- This site is optimized with the Yoast SEO plugin v25.0 - https:\/\/yoast.com\/wordpress\/plugins\/seo\/ -->\n<title>Laundromat on S. Route 291 in Liberty, MO | Clean Laundry<\/title>\n<meta name=\"description\" content=\"Clean Laundry on S. Route 291 in Liberty is open 24 hours with coin &amp; mobile payment options. Features 1-hour wash &amp; dry, free wifi, and 24\/7 surveillance.\" \/>\n<meta name=\"robots\" content=\"index, follow, max-snippet:-1, max-image-preview:large, max-video-preview:-1\" \/>\n<link rel=\"canonical\" href=\"https:\/\/cleanlaundry.com\/es\/locations\/missouri\/laundromat-at-862-south-291-highway-liberty-missouri-clean-laundry\/\" \/>\n<meta property=\"og:locale\" content=\"es_MX\" \/>\n<meta property=\"og:type\" content=\"article\" \/>\n<meta property=\"og:title\" content=\"Laundromat on S. Route 291 in Liberty, MO | Clean Laundry\" \/>\n<meta property=\"og:description\" content=\"Clean Laundry on S. Route 291 in Liberty is open 24 hours with coin &amp; mobile payment options. Features 1-hour wash &amp; dry, free wifi, and 24\/7 surveillance.\" \/>\n<meta property=\"og:url\" content=\"https:\/\/cleanlaundry.com\/es\/locations\/missouri\/laundromat-at-862-south-291-highway-liberty-missouri-clean-laundry\/\" \/>\n<meta property=\"og:site_name\" content=\"Clean Laundry\" \/>\n<meta property=\"article:modified_time\" content=\"2025-07-16T19:18:56+00:00\" \/>\n<meta property=\"og:image\" content=\"https:\/\/cleanlaundry.com\/wp-content\/uploads\/2021\/02\/CL-11.jpg\" \/>\n\t<meta property=\"og:image:width\" content=\"600\" \/>\n\t<meta property=\"og:image:height\" content=\"350\" \/>\n\t<meta property=\"og:image:type\" content=\"image\/jpeg\" \/>\n<meta name=\"twitter:card\" content=\"summary_large_image\" \/>\n<meta name=\"twitter:label1\" content=\"Tiempo de lectura\" \/>\n\t<meta name=\"twitter:data1\" content=\"1 minuto\" \/>\n<script type=\"application\/ld+json\" class=\"yoast-schema-graph\">{\"@context\":\"https:\/\/schema.org\",\"@graph\":[{\"@type\":\"WebPage\",\"@id\":\"https:\/\/cleanlaundry.com\/locations\/missouri\/laundromat-at-862-south-291-highway-liberty-missouri-clean-laundry\/\",\"url\":\"https:\/\/cleanlaundry.com\/locations\/missouri\/laundromat-at-862-south-291-highway-liberty-missouri-clean-laundry\/\",\"name\":\"Laundromat on S. Route 291 in Liberty, MO | Clean Laundry\",\"isPartOf\":{\"@id\":\"https:\/\/cleanlaundry.com\/#website\"},\"primaryImageOfPage\":{\"@id\":\"https:\/\/cleanlaundry.com\/locations\/missouri\/laundromat-at-862-south-291-highway-liberty-missouri-clean-laundry\/#primaryimage\"},\"image\":{\"@id\":\"https:\/\/cleanlaundry.com\/locations\/missouri\/laundromat-at-862-south-291-highway-liberty-missouri-clean-laundry\/#primaryimage\"},\"thumbnailUrl\":\"https:\/\/cleanlaundry.com\/wp-content\/uploads\/2021\/02\/CL-11.jpg\",\"datePublished\":\"2019-09-26T21:35:24+00:00\",\"dateModified\":\"2025-07-16T19:18:56+00:00\",\"description\":\"Clean Laundry on S. Route 291 in Liberty is open 24 hours with coin & mobile payment options. Features 1-hour wash & dry, free wifi, and 24\/7 surveillance.\",\"breadcrumb\":{\"@id\":\"https:\/\/cleanlaundry.com\/locations\/missouri\/laundromat-at-862-south-291-highway-liberty-missouri-clean-laundry\/#breadcrumb\"},\"inLanguage\":\"es\",\"potentialAction\":[{\"@type\":\"ReadAction\",\"target\":[\"https:\/\/cleanlaundry.com\/locations\/missouri\/laundromat-at-862-south-291-highway-liberty-missouri-clean-laundry\/\"]}]},{\"@type\":\"ImageObject\",\"inLanguage\":\"es\",\"@id\":\"https:\/\/cleanlaundry.com\/locations\/missouri\/laundromat-at-862-south-291-highway-liberty-missouri-clean-laundry\/#primaryimage\",\"url\":\"https:\/\/cleanlaundry.com\/wp-content\/uploads\/2021\/02\/CL-11.jpg\",\"contentUrl\":\"https:\/\/cleanlaundry.com\/wp-content\/uploads\/2021\/02\/CL-11.jpg\",\"width\":600,\"height\":350,\"caption\":\"Clean Laundry storefront in Liberty, MO\"},{\"@type\":\"BreadcrumbList\",\"@id\":\"https:\/\/cleanlaundry.com\/locations\/missouri\/laundromat-at-862-south-291-highway-liberty-missouri-clean-laundry\/#breadcrumb\",\"itemListElement\":[{\"@type\":\"ListItem\",\"position\":1,\"name\":\"Home\",\"item\":\"https:\/\/cleanlaundry.com\/\"},{\"@type\":\"ListItem\",\"position\":2,\"name\":\"All Clean Laundry Locations | Find a laundromat near you\",\"item\":\"https:\/\/cleanlaundry.com\/locations\/\"},{\"@type\":\"ListItem\",\"position\":3,\"name\":\"Missouri\",\"item\":\"https:\/\/cleanlaundry.com\/locations\/missouri\/\"},{\"@type\":\"ListItem\",\"position\":4,\"name\":\"Laundromat at 862 South 291 Highway Liberty, Missouri | Clean Laundry\"}]},{\"@type\":\"WebSite\",\"@id\":\"https:\/\/cleanlaundry.com\/#website\",\"url\":\"https:\/\/cleanlaundry.com\/\",\"name\":\"Clean Laundry\",\"description\":\"Clean Laundry\",\"potentialAction\":[{\"@type\":\"SearchAction\",\"target\":{\"@type\":\"EntryPoint\",\"urlTemplate\":\"https:\/\/cleanlaundry.com\/?s={search_term_string}\"},\"query-input\":{\"@type\":\"PropertyValueSpecification\",\"valueRequired\":true,\"valueName\":\"search_term_string\"}}],\"inLanguage\":\"es\"}]}<\/script>\n<!-- \/ Yoast SEO plugin. -->","yoast_head_json":{"title":"Laundromat on S. Route 291 in Liberty, MO | Clean Laundry","description":"Clean Laundry on S. Route 291 in Liberty is open 24 hours with coin & mobile payment options. Features 1-hour wash & dry, free wifi, and 24\/7 surveillance.","robots":{"index":"index","follow":"follow","max-snippet":"max-snippet:-1","max-image-preview":"max-image-preview:large","max-video-preview":"max-video-preview:-1"},"canonical":"https:\/\/cleanlaundry.com\/es\/locations\/missouri\/laundromat-at-862-south-291-highway-liberty-missouri-clean-laundry\/","og_locale":"es_MX","og_type":"article","og_title":"Laundromat on S. Route 291 in Liberty, MO | Clean Laundry","og_description":"Clean Laundry on S. Route 291 in Liberty is open 24 hours with coin & mobile payment options. Features 1-hour wash & dry, free wifi, and 24\/7 surveillance.","og_url":"https:\/\/cleanlaundry.com\/es\/locations\/missouri\/laundromat-at-862-south-291-highway-liberty-missouri-clean-laundry\/","og_site_name":"Clean Laundry","article_modified_time":"2025-07-16T19:18:56+00:00","og_image":[{"width":600,"height":350,"url":"https:\/\/cleanlaundry.com\/wp-content\/uploads\/2021\/02\/CL-11.jpg","type":"image\/jpeg"}],"twitter_card":"summary_large_image","twitter_misc":{"Tiempo de lectura":"1 minuto"},"schema":{"@context":"https:\/\/schema.org","@graph":[{"@type":"WebPage","@id":"https:\/\/cleanlaundry.com\/locations\/missouri\/laundromat-at-862-south-291-highway-liberty-missouri-clean-laundry\/","url":"https:\/\/cleanlaundry.com\/locations\/missouri\/laundromat-at-862-south-291-highway-liberty-missouri-clean-laundry\/","name":"Laundromat on S. Route 291 in Liberty, MO | Clean Laundry","isPartOf":{"@id":"https:\/\/cleanlaundry.com\/#website"},"primaryImageOfPage":{"@id":"https:\/\/cleanlaundry.com\/locations\/missouri\/laundromat-at-862-south-291-highway-liberty-missouri-clean-laundry\/#primaryimage"},"image":{"@id":"https:\/\/cleanlaundry.com\/locations\/missouri\/laundromat-at-862-south-291-highway-liberty-missouri-clean-laundry\/#primaryimage"},"thumbnailUrl":"https:\/\/cleanlaundry.com\/wp-content\/uploads\/2021\/02\/CL-11.jpg","datePublished":"2019-09-26T21:35:24+00:00","dateModified":"2025-07-16T19:18:56+00:00","description":"Clean Laundry on S. Route 291 in Liberty is open 24 hours with coin & mobile payment options. Features 1-hour wash & dry, free wifi, and 24\/7 surveillance.","breadcrumb":{"@id":"https:\/\/cleanlaundry.com\/locations\/missouri\/laundromat-at-862-south-291-highway-liberty-missouri-clean-laundry\/#breadcrumb"},"inLanguage":"es","potentialAction":[{"@type":"ReadAction","target":["https:\/\/cleanlaundry.com\/locations\/missouri\/laundromat-at-862-south-291-highway-liberty-missouri-clean-laundry\/"]}]},{"@type":"ImageObject","inLanguage":"es","@id":"https:\/\/cleanlaundry.com\/locations\/missouri\/laundromat-at-862-south-291-highway-liberty-missouri-clean-laundry\/#primaryimage","url":"https:\/\/cleanlaundry.com\/wp-content\/uploads\/2021\/02\/CL-11.jpg","contentUrl":"https:\/\/cleanlaundry.com\/wp-content\/uploads\/2021\/02\/CL-11.jpg","width":600,"height":350,"caption":"Clean Laundry storefront in Liberty, MO"},{"@type":"BreadcrumbList","@id":"https:\/\/cleanlaundry.com\/locations\/missouri\/laundromat-at-862-south-291-highway-liberty-missouri-clean-laundry\/#breadcrumb","itemListElement":[{"@type":"ListItem","position":1,"name":"Home","item":"https:\/\/cleanlaundry.com\/"},{"@type":"ListItem","position":2,"name":"All Clean Laundry Locations | Find a laundromat near you","item":"https:\/\/cleanlaundry.com\/locations\/"},{"@type":"ListItem","position":3,"name":"Missouri","item":"https:\/\/cleanlaundry.com\/locations\/missouri\/"},{"@type":"ListItem","position":4,"name":"Laundromat at 862 South 291 Highway Liberty, Missouri | Clean Laundry"}]},{"@type":"WebSite","@id":"https:\/\/cleanlaundry.com\/#website","url":"https:\/\/cleanlaundry.com\/","name":"Clean Laundry","description":"Clean Laundry","potentialAction":[{"@type":"SearchAction","target":{"@type":"EntryPoint","urlTemplate":"https:\/\/cleanlaundry.com\/?s={search_term_string}"},"query-input":{"@type":"PropertyValueSpecification","valueRequired":true,"valueName":"search_term_string"}}],"inLanguage":"es"}]}},"_links":{"self":[{"href":"https:\/\/cleanlaundry.com\/es\/wp-json\/wp\/v2\/pages\/8600","targetHints":{"allow":["GET"]}}],"collection":[{"href":"https:\/\/cleanlaundry.com\/es\/wp-json\/wp\/v2\/pages"}],"about":[{"href":"https:\/\/cleanlaundry.com\/es\/wp-json\/wp\/v2\/types\/page"}],"author":[{"embeddable":true,"href":"https:\/\/cleanlaundry.com\/es\/wp-json\/wp\/v2\/users\/101012"}],"replies":[{"embeddable":true,"href":"https:\/\/cleanlaundry.com\/es\/wp-json\/wp\/v2\/comments?post=8600"}],"version-history":[{"count":63,"href":"https:\/\/cleanlaundry.com\/es\/wp-json\/wp\/v2\/pages\/8600\/revisions"}],"predecessor-version":[{"id":15234,"href":"https:\/\/cleanlaundry.com\/es\/wp-json\/wp\/v2\/pages\/8600\/revisions\/15234"}],"up":[{"embeddable":true,"href":"https:\/\/cleanlaundry.com\/es\/wp-json\/wp\/v2\/pages\/8613"}],"wp:featuredmedia":[{"embeddable":true,"href":"https:\/\/cleanlaundry.com\/es\/wp-json\/wp\/v2\/media\/10892"}],"wp:attachment":[{"href":"https:\/\/cleanlaundry.com\/es\/wp-json\/wp\/v2\/media?parent=8600"}],"curies":[{"name":"wp","href":"https:\/\/api.w.org\/{rel}","templated":true}]}}