{"id":8212,"date":"2019-07-31T17:06:37","date_gmt":"2019-07-31T22:06:37","guid":{"rendered":"https:\/\/cleanlaundry.com\/?page_id=8212"},"modified":"2023-10-23T11:14:22","modified_gmt":"2023-10-23T16:14:22","slug":"investor-profile","status":"publish","type":"page","link":"https:\/\/cleanlaundry.com\/es\/investor-profile\/","title":{"rendered":"Perfil del inversor"},"content":{"rendered":"<h1>\n\t\tPerfil del inversor\n\t<\/h1>\n\t<p>Esta informaci\u00f3n nos ayudar\u00e1 a determinar si usted es el candidato adecuado para una asociaci\u00f3n de inversi\u00f3n de Clean Laundry. Esta informaci\u00f3n nunca se compartir\u00e1 con terceros y solo se utilizar\u00e1 para discusiones futuras.<\/p>\n<h2>\n\t\tOportunidades territoriales:\n\t<\/h2>\n\t\t\t\t<img loading=\"lazy\" decoding=\"async\" src=\"https:\/\/cleanlaundry.com\/wp-content\/uploads\/2019\/08\/Screen-Shot-2019-08-01-at-2.39.57-PM.png\" alt=\"Screen Shot 2019-08-01 at 2.39.57 PM\" itemprop=\"image\" height=\"954\" width=\"1422\" title=\"Captura de pantalla 2019-08-01 a las 2.39.57 p.m.\" onerror=\"this.style.display='none'\"  \/>\n\t\t\t<a href=\"#\" role=\"button\">\n\t\t\t\t\t\t\tVER M\u00c1S GRANDE\n\t\t\t<\/a>\n        <h2>Oportunidades territoriales<\/h2>\n        \n            La selecci\u00f3n del sitio es nuestra salsa especial. Las ubicaciones se identifican mediante un proceso estrat\u00e9gico que aplica puntos de datos demogr\u00e1ficos, necesidades del mercado, competencia y patrones de tr\u00e1fico. La selecci\u00f3n de ubicaci\u00f3n estrat\u00e9gica se incluye con cada inversi\u00f3n. Ya sea que desee abrir una sola tienda, disfrutar de derechos exclusivos en todo un territorio o simplemente asociarse con nosotros en nuestra expansi\u00f3n en curso, podemos ayudarlo a adaptar un nivel de inversi\u00f3n que se adapte a sus necesidades.\n        \n        <img decoding=\"async\" src=\"https:\/\/cleanlaundry.com\/wp-content\/uploads\/2019\/08\/Screen-Shot-2019-08-01-at-2.39.57-PM.png\"\/>","protected":false},"excerpt":{"rendered":"<p>Perfil del inversionista Esta informaci\u00f3n nos ayudar\u00e1 a determinar si usted es el candidato adecuado para una asociaci\u00f3n de inversi\u00f3n de Clean Laundry. Esta informaci\u00f3n nunca se compartir\u00e1 con terceros y solo se utilizar\u00e1 para discusiones futuras. Oportunidades territoriales: VER Oportunidades territoriales M\u00c1S GRANDES La selecci\u00f3n del sitio es nuestra salsa especial. Las ubicaciones se identifican mediante un proceso estrat\u00e9gico ...<\/p>","protected":false},"author":101012,"featured_media":0,"parent":0,"menu_order":0,"comment_status":"closed","ping_status":"closed","template":"","meta":{"footnotes":""},"class_list":["post-8212","page","type-page","status-publish","hentry"],"yoast_head":"<!-- This site is optimized with the Yoast SEO plugin v25.0 - https:\/\/yoast.com\/wordpress\/plugins\/seo\/ -->\n<title>Clean Laundry Investors | Laundromat Investment Survey<\/title>\n<meta name=\"description\" content=\"Wondering if you would be qualified for a laundromat investment? Fill out our Clean Laundry investor profile and we&#039;ll be in touch!\" \/>\n<meta name=\"robots\" content=\"index, follow, max-snippet:-1, max-image-preview:large, max-video-preview:-1\" \/>\n<link rel=\"canonical\" href=\"https:\/\/cleanlaundry.com\/es\/investor-profile\/\" \/>\n<meta property=\"og:locale\" content=\"es_MX\" \/>\n<meta property=\"og:type\" content=\"article\" \/>\n<meta property=\"og:title\" content=\"Clean Laundry Investors | Laundromat Investment Survey\" \/>\n<meta property=\"og:description\" content=\"Wondering if you would be qualified for a laundromat investment? Fill out our Clean Laundry investor profile and we&#039;ll be in touch!\" \/>\n<meta property=\"og:url\" content=\"https:\/\/cleanlaundry.com\/es\/investor-profile\/\" \/>\n<meta property=\"og:site_name\" content=\"Clean Laundry\" \/>\n<meta property=\"article:modified_time\" content=\"2023-10-23T16:14:22+00:00\" \/>\n<meta property=\"og:image\" content=\"https:\/\/cleanlaundry.com\/wp-content\/uploads\/2019\/08\/Screen-Shot-2019-08-01-at-2.39.57-PM.png\" \/>\n<meta name=\"twitter:card\" content=\"summary_large_image\" \/>\n<meta name=\"twitter:label1\" content=\"Tiempo de lectura\" \/>\n\t<meta name=\"twitter:data1\" content=\"1 minuto\" \/>\n<script type=\"application\/ld+json\" class=\"yoast-schema-graph\">{\"@context\":\"https:\/\/schema.org\",\"@graph\":[{\"@type\":\"WebPage\",\"@id\":\"https:\/\/cleanlaundry.com\/investor-profile\/\",\"url\":\"https:\/\/cleanlaundry.com\/investor-profile\/\",\"name\":\"Clean Laundry Investors | Laundromat Investment Survey\",\"isPartOf\":{\"@id\":\"https:\/\/cleanlaundry.com\/#website\"},\"primaryImageOfPage\":{\"@id\":\"https:\/\/cleanlaundry.com\/investor-profile\/#primaryimage\"},\"image\":{\"@id\":\"https:\/\/cleanlaundry.com\/investor-profile\/#primaryimage\"},\"thumbnailUrl\":\"https:\/\/cleanlaundry.com\/wp-content\/uploads\/2019\/08\/Screen-Shot-2019-08-01-at-2.39.57-PM.png\",\"datePublished\":\"2019-07-31T22:06:37+00:00\",\"dateModified\":\"2023-10-23T16:14:22+00:00\",\"description\":\"Wondering if you would be qualified for a laundromat investment? Fill out our Clean Laundry investor profile and we'll be in touch!\",\"breadcrumb\":{\"@id\":\"https:\/\/cleanlaundry.com\/investor-profile\/#breadcrumb\"},\"inLanguage\":\"es\",\"potentialAction\":[{\"@type\":\"ReadAction\",\"target\":[\"https:\/\/cleanlaundry.com\/investor-profile\/\"]}]},{\"@type\":\"ImageObject\",\"inLanguage\":\"es\",\"@id\":\"https:\/\/cleanlaundry.com\/investor-profile\/#primaryimage\",\"url\":\"https:\/\/cleanlaundry.com\/wp-content\/uploads\/2019\/08\/Screen-Shot-2019-08-01-at-2.39.57-PM.png\",\"contentUrl\":\"https:\/\/cleanlaundry.com\/wp-content\/uploads\/2019\/08\/Screen-Shot-2019-08-01-at-2.39.57-PM.png\"},{\"@type\":\"BreadcrumbList\",\"@id\":\"https:\/\/cleanlaundry.com\/investor-profile\/#breadcrumb\",\"itemListElement\":[{\"@type\":\"ListItem\",\"position\":1,\"name\":\"Home\",\"item\":\"https:\/\/cleanlaundry.com\/\"},{\"@type\":\"ListItem\",\"position\":2,\"name\":\"Investor Profile\"}]},{\"@type\":\"WebSite\",\"@id\":\"https:\/\/cleanlaundry.com\/#website\",\"url\":\"https:\/\/cleanlaundry.com\/\",\"name\":\"Clean Laundry\",\"description\":\"Clean Laundry\",\"potentialAction\":[{\"@type\":\"SearchAction\",\"target\":{\"@type\":\"EntryPoint\",\"urlTemplate\":\"https:\/\/cleanlaundry.com\/?s={search_term_string}\"},\"query-input\":{\"@type\":\"PropertyValueSpecification\",\"valueRequired\":true,\"valueName\":\"search_term_string\"}}],\"inLanguage\":\"es\"}]}<\/script>\n<!-- \/ Yoast SEO plugin. -->","yoast_head_json":{"title":"Inversores de Clean Laundry | Encuesta de inversi\u00f3n en lavander\u00edas","description":"\u00bfSe pregunta si estar\u00eda calificado para una inversi\u00f3n en lavander\u00eda autom\u00e1tica? \u00a1Complete nuestro perfil de inversionista de Clean Laundry y nos pondremos en contacto!","robots":{"index":"index","follow":"follow","max-snippet":"max-snippet:-1","max-image-preview":"max-image-preview:large","max-video-preview":"max-video-preview:-1"},"canonical":"https:\/\/cleanlaundry.com\/es\/investor-profile\/","og_locale":"es_MX","og_type":"article","og_title":"Clean Laundry Investors | Laundromat Investment Survey","og_description":"Wondering if you would be qualified for a laundromat investment? Fill out our Clean Laundry investor profile and we'll be in touch!","og_url":"https:\/\/cleanlaundry.com\/es\/investor-profile\/","og_site_name":"Clean Laundry","article_modified_time":"2023-10-23T16:14:22+00:00","og_image":[{"url":"https:\/\/cleanlaundry.com\/wp-content\/uploads\/2019\/08\/Screen-Shot-2019-08-01-at-2.39.57-PM.png","type":"","width":"","height":""}],"twitter_card":"summary_large_image","twitter_misc":{"Tiempo de lectura":"1 minuto"},"schema":{"@context":"https:\/\/schema.org","@graph":[{"@type":"WebPage","@id":"https:\/\/cleanlaundry.com\/investor-profile\/","url":"https:\/\/cleanlaundry.com\/investor-profile\/","name":"Inversores de Clean Laundry | Encuesta de inversi\u00f3n en lavander\u00edas","isPartOf":{"@id":"https:\/\/cleanlaundry.com\/#website"},"primaryImageOfPage":{"@id":"https:\/\/cleanlaundry.com\/investor-profile\/#primaryimage"},"image":{"@id":"https:\/\/cleanlaundry.com\/investor-profile\/#primaryimage"},"thumbnailUrl":"https:\/\/cleanlaundry.com\/wp-content\/uploads\/2019\/08\/Screen-Shot-2019-08-01-at-2.39.57-PM.png","datePublished":"2019-07-31T22:06:37+00:00","dateModified":"2023-10-23T16:14:22+00:00","description":"\u00bfSe pregunta si estar\u00eda calificado para una inversi\u00f3n en lavander\u00eda autom\u00e1tica? \u00a1Complete nuestro perfil de inversionista de Clean Laundry y nos pondremos en contacto!","breadcrumb":{"@id":"https:\/\/cleanlaundry.com\/investor-profile\/#breadcrumb"},"inLanguage":"es","potentialAction":[{"@type":"ReadAction","target":["https:\/\/cleanlaundry.com\/investor-profile\/"]}]},{"@type":"ImageObject","inLanguage":"es","@id":"https:\/\/cleanlaundry.com\/investor-profile\/#primaryimage","url":"https:\/\/cleanlaundry.com\/wp-content\/uploads\/2019\/08\/Screen-Shot-2019-08-01-at-2.39.57-PM.png","contentUrl":"https:\/\/cleanlaundry.com\/wp-content\/uploads\/2019\/08\/Screen-Shot-2019-08-01-at-2.39.57-PM.png"},{"@type":"BreadcrumbList","@id":"https:\/\/cleanlaundry.com\/investor-profile\/#breadcrumb","itemListElement":[{"@type":"ListItem","position":1,"name":"Home","item":"https:\/\/cleanlaundry.com\/"},{"@type":"ListItem","position":2,"name":"Investor Profile"}]},{"@type":"WebSite","@id":"https:\/\/cleanlaundry.com\/#website","url":"https:\/\/cleanlaundry.com\/","name":"Ropa limpia","description":"Ropa limpia","potentialAction":[{"@type":"SearchAction","target":{"@type":"EntryPoint","urlTemplate":"https:\/\/cleanlaundry.com\/?s={search_term_string}"},"query-input":{"@type":"PropertyValueSpecification","valueRequired":true,"valueName":"search_term_string"}}],"inLanguage":"es"}]}},"_links":{"self":[{"href":"https:\/\/cleanlaundry.com\/es\/wp-json\/wp\/v2\/pages\/8212","targetHints":{"allow":["GET"]}}],"collection":[{"href":"https:\/\/cleanlaundry.com\/es\/wp-json\/wp\/v2\/pages"}],"about":[{"href":"https:\/\/cleanlaundry.com\/es\/wp-json\/wp\/v2\/types\/page"}],"author":[{"embeddable":true,"href":"https:\/\/cleanlaundry.com\/es\/wp-json\/wp\/v2\/users\/101012"}],"replies":[{"embeddable":true,"href":"https:\/\/cleanlaundry.com\/es\/wp-json\/wp\/v2\/comments?post=8212"}],"version-history":[{"count":63,"href":"https:\/\/cleanlaundry.com\/es\/wp-json\/wp\/v2\/pages\/8212\/revisions"}],"predecessor-version":[{"id":14815,"href":"https:\/\/cleanlaundry.com\/es\/wp-json\/wp\/v2\/pages\/8212\/revisions\/14815"}],"wp:attachment":[{"href":"https:\/\/cleanlaundry.com\/es\/wp-json\/wp\/v2\/media?parent=8212"}],"curies":[{"name":"wp","href":"https:\/\/api.w.org\/{rel}","templated":true}]}}