{"id":8116,"date":"2019-07-18T11:10:08","date_gmt":"2019-07-18T16:10:08","guid":{"rendered":"https:\/\/cleanlaundry.com\/?page_id=8116"},"modified":"2023-07-26T15:26:34","modified_gmt":"2023-07-26T20:26:34","slug":"des-moines","status":"publish","type":"page","link":"https:\/\/cleanlaundry.com\/es\/locations\/iowa\/des-moines\/","title":{"rendered":"Lavander\u00edas en Des Moines, Iowa | Ubicaciones de Clean Laundry Des Moines"},"content":{"rendered":"<h1>\n\t\tLavander\u00edas en <br \/>Des Moines, IA\n\t<\/h1>\n\t<p>Clean Laundry se enorgullece de ofrecer a los residentes de Des Moines y a los del \u00e1rea del condado de Polk una lavander\u00eda autom\u00e1tica segura, limpia y conveniente donde pueden lavar grandes cantidades de ropa en muy poco tiempo.<\/p>\n<h2>\n\t\tServicios de lavander\u00eda en el norte de Des Moines\n\t<\/h2>\n\t\t\t\t<a href=\"https:\/\/cleanlaundry.com\/es\/locations\/iowa\/des-moines\/2515-e-euclid-ave-suite-101-des-moines-ia\/\" target=\"_self\" itemprop=\"url\" rel=\"noopener\">\n\t\t\t\t<img loading=\"lazy\" decoding=\"async\" src=\"https:\/\/cleanlaundry.com\/wp-content\/uploads\/2021\/02\/CL-09.jpg\" alt=\"Clean Laundry storefront on Euclid Rd in Des Moines\" itemprop=\"image\" height=\"350\" width=\"600\" title=\"CL-09\" onerror=\"this.style.display='none'\"  \/>\n\t\t\t\t<\/a>\n\t<h3><a href=\"https:\/\/cleanlaundry.com\/es\/locations\/iowa\/des-moines\/2515-e-euclid-ave-suite-101-des-moines-ia\/\">Lavander\u00eda limpia East Euclid<\/a><\/h3>\n<p>2515 E. Euclid Ave. Suite 101<\/p>\n<p>Des Moines, IA 50317<\/p>\n<h2>\n\t\tServicios de lavander\u00eda en el noroeste de Des Moines\n\t<\/h2>\n\t\t\t\t<a href=\"https:\/\/cleanlaundry.com\/es\/locations\/iowa\/des-moines\/laundromat-at-5910-douglas-ave-des-moines-ia-50322\/\" target=\"_self\" itemprop=\"url\" rel=\"noopener\">\n\t\t\t\t<img loading=\"lazy\" decoding=\"async\" src=\"https:\/\/cleanlaundry.com\/wp-content\/uploads\/2021\/02\/CL-14.jpg\" alt=\"Clean Laundry laundromat storefront on Douglas Ave in Des Moines\" itemprop=\"image\" height=\"350\" width=\"600\" title=\"CL-14\" onerror=\"this.style.display='none'\"  \/>\n\t\t\t\t<\/a>\n\t<h3><a href=\"https:\/\/cleanlaundry.com\/es\/locations\/iowa\/des-moines\/laundromat-at-5910-douglas-ave-des-moines-ia-50322\/\">Douglas Ave. Lavander\u00eda limpia<\/a><\/h3>\n<p>5910 Douglas Ave<\/p>\n<p>Des Moines, IA 50322<\/p>\n<h2>\n\t\t<a href=\"https:\/\/cleanlaundry.com\/es\/locations\/iowa\/des-moines\/3727-SE-14TH-ST\/\" title=\"Servicios de lavander\u00eda en el sureste de Des Moines\" target=\"_self\" rel=\"noopener\">\n\t\tServicios de lavander\u00eda en el sureste de Des Moines\n\t\t<\/a>\n\t<\/h2>\n\t\t\t\t<a href=\"https:\/\/cleanlaundry.com\/es\/locations\/iowa\/des-moines\/3727-SE-14TH-ST\/\" target=\"_self\" itemprop=\"url\" rel=\"noopener\">\n\t\t\t\t<img loading=\"lazy\" decoding=\"async\" src=\"https:\/\/cleanlaundry.com\/wp-content\/uploads\/2022\/02\/CL26-05.01-Storefront-DSM3.jpg\" alt=\"Clean Laundry on SE 14th in Des Moines, IA\" itemprop=\"image\" height=\"350\" width=\"600\" title=\"CL26-05.01-Escaparate-DSM3\" onerror=\"this.style.display='none'\"  \/>\n\t\t\t\t<\/a>\n\t<h3><a href=\"https:\/\/cleanlaundry.com\/es\/locations\/iowa\/des-moines\/3727-SE-14TH-ST\/\">SE 14th Street<\/a><\/h3>\n<p>3727 SE 14th St. Suite C<\/p>\n<p>Des Moines, IA 50320<\/p>\n\t<iframe loading=\"lazy\" src=\"https:\/\/www.google.com\/maps\/d\/u\/0\/embed?mid=1e0fRUud8zD7Gr5cTua73snrvK694HJJt&#038;ehbc=2E312F\" width=\"100%\" height=\"480\"><\/iframe>\n\t\t\n\t\t\t<a href=\"\/es\/locations\/iowa\/\" target=\"_self\" rel=\"noopener\">\n\t\t\t\t\t\tVer todas las ubicaciones en Iowa\n\t\t\t\t\t<\/a>","protected":false},"excerpt":{"rendered":"<p>Lavander\u00edas en Des Moines, IA Clean Laundry se enorgullece de ofrecer a los residentes de Des Moines y a los del \u00e1rea del condado de Polk una lavander\u00eda segura, limpia y conveniente donde pueden lavar grandes cantidades de ropa en muy poco tiempo. Servicios de lavander\u00eda en el norte de Des Moines Lavander\u00eda limpia East Euclid 2515 E. Euclid Ave. Suite\u2026<\/p>","protected":false},"author":2,"featured_media":12924,"parent":7116,"menu_order":0,"comment_status":"closed","ping_status":"closed","template":"","meta":{"footnotes":""},"class_list":["post-8116","page","type-page","status-publish","has-post-thumbnail","hentry"],"yoast_head":"<!-- This site is optimized with the Yoast SEO plugin v25.0 - https:\/\/yoast.com\/wordpress\/plugins\/seo\/ -->\n<title>Laundromats in Des Moines, IA | Clean Laundry Locations<\/title>\n<meta name=\"description\" content=\"Clean Laundry is proud to offer Des Moines laundromats that are fast, safe, and clean. Learn more and find the Des Moines location nearest you.\" \/>\n<meta name=\"robots\" content=\"index, follow, max-snippet:-1, max-image-preview:large, max-video-preview:-1\" \/>\n<link rel=\"canonical\" href=\"https:\/\/cleanlaundry.com\/es\/locations\/iowa\/des-moines\/\" \/>\n<meta property=\"og:locale\" content=\"es_MX\" \/>\n<meta property=\"og:type\" content=\"article\" \/>\n<meta property=\"og:title\" content=\"Laundromats in Des Moines, IA | Clean Laundry Locations\" \/>\n<meta property=\"og:description\" content=\"Clean Laundry is proud to offer Des Moines laundromats that are fast, safe, and clean. Learn more and find the Des Moines location nearest you.\" \/>\n<meta property=\"og:url\" content=\"https:\/\/cleanlaundry.com\/es\/locations\/iowa\/des-moines\/\" \/>\n<meta property=\"og:site_name\" content=\"Clean Laundry\" \/>\n<meta property=\"article:modified_time\" content=\"2023-07-26T20:26:34+00:00\" \/>\n<meta property=\"og:image\" content=\"https:\/\/cleanlaundry.com\/wp-content\/uploads\/2021\/09\/CL14-DouglasDM-05.01-Storefront-1024x512.png\" \/>\n\t<meta property=\"og:image:width\" content=\"1024\" \/>\n\t<meta property=\"og:image:height\" content=\"512\" \/>\n\t<meta property=\"og:image:type\" content=\"image\/png\" \/>\n<meta name=\"twitter:card\" content=\"summary_large_image\" \/>\n<script type=\"application\/ld+json\" class=\"yoast-schema-graph\">{\"@context\":\"https:\/\/schema.org\",\"@graph\":[{\"@type\":\"WebPage\",\"@id\":\"https:\/\/cleanlaundry.com\/locations\/iowa\/des-moines\/\",\"url\":\"https:\/\/cleanlaundry.com\/locations\/iowa\/des-moines\/\",\"name\":\"Laundromats in Des Moines, IA | Clean Laundry Locations\",\"isPartOf\":{\"@id\":\"https:\/\/cleanlaundry.com\/#website\"},\"primaryImageOfPage\":{\"@id\":\"https:\/\/cleanlaundry.com\/locations\/iowa\/des-moines\/#primaryimage\"},\"image\":{\"@id\":\"https:\/\/cleanlaundry.com\/locations\/iowa\/des-moines\/#primaryimage\"},\"thumbnailUrl\":\"https:\/\/cleanlaundry.com\/wp-content\/uploads\/2021\/09\/CL14-DouglasDM-05.01-Storefront.png\",\"datePublished\":\"2019-07-18T16:10:08+00:00\",\"dateModified\":\"2023-07-26T20:26:34+00:00\",\"description\":\"Clean Laundry is proud to offer Des Moines laundromats that are fast, safe, and clean. Learn more and find the Des Moines location nearest you.\",\"breadcrumb\":{\"@id\":\"https:\/\/cleanlaundry.com\/locations\/iowa\/des-moines\/#breadcrumb\"},\"inLanguage\":\"es\",\"potentialAction\":[{\"@type\":\"ReadAction\",\"target\":[\"https:\/\/cleanlaundry.com\/locations\/iowa\/des-moines\/\"]}]},{\"@type\":\"ImageObject\",\"inLanguage\":\"es\",\"@id\":\"https:\/\/cleanlaundry.com\/locations\/iowa\/des-moines\/#primaryimage\",\"url\":\"https:\/\/cleanlaundry.com\/wp-content\/uploads\/2021\/09\/CL14-DouglasDM-05.01-Storefront.png\",\"contentUrl\":\"https:\/\/cleanlaundry.com\/wp-content\/uploads\/2021\/09\/CL14-DouglasDM-05.01-Storefront.png\",\"width\":3470,\"height\":1735},{\"@type\":\"BreadcrumbList\",\"@id\":\"https:\/\/cleanlaundry.com\/locations\/iowa\/des-moines\/#breadcrumb\",\"itemListElement\":[{\"@type\":\"ListItem\",\"position\":1,\"name\":\"Home\",\"item\":\"https:\/\/cleanlaundry.com\/\"},{\"@type\":\"ListItem\",\"position\":2,\"name\":\"All Clean Laundry Locations | Find a laundromat near you\",\"item\":\"https:\/\/cleanlaundry.com\/locations\/\"},{\"@type\":\"ListItem\",\"position\":3,\"name\":\"Laundromats in Iowa | Clean Laundry Locations Near You\",\"item\":\"https:\/\/cleanlaundry.com\/locations\/iowa\/\"},{\"@type\":\"ListItem\",\"position\":4,\"name\":\"Laundromats in Des Moines, Iowa | Clean Laundry Des Moines Locations\"}]},{\"@type\":\"WebSite\",\"@id\":\"https:\/\/cleanlaundry.com\/#website\",\"url\":\"https:\/\/cleanlaundry.com\/\",\"name\":\"Clean Laundry\",\"description\":\"Clean Laundry\",\"potentialAction\":[{\"@type\":\"SearchAction\",\"target\":{\"@type\":\"EntryPoint\",\"urlTemplate\":\"https:\/\/cleanlaundry.com\/?s={search_term_string}\"},\"query-input\":{\"@type\":\"PropertyValueSpecification\",\"valueRequired\":true,\"valueName\":\"search_term_string\"}}],\"inLanguage\":\"es\"}]}<\/script>\n<!-- \/ Yoast SEO plugin. -->","yoast_head_json":{"title":"Lavander\u00edas en Des Moines, IA | Ubicaciones de Clean Laundry","description":"Clean Laundry se enorgullece de ofrecer lavander\u00edas autom\u00e1ticas de Des Moines que son r\u00e1pidas, seguras y limpias. Obtenga m\u00e1s informaci\u00f3n y encuentre la ubicaci\u00f3n de Des Moines m\u00e1s cercana.","robots":{"index":"index","follow":"follow","max-snippet":"max-snippet:-1","max-image-preview":"max-image-preview:large","max-video-preview":"max-video-preview:-1"},"canonical":"https:\/\/cleanlaundry.com\/es\/locations\/iowa\/des-moines\/","og_locale":"es_MX","og_type":"article","og_title":"Laundromats in Des Moines, IA | Clean Laundry Locations","og_description":"Clean Laundry is proud to offer Des Moines laundromats that are fast, safe, and clean. Learn more and find the Des Moines location nearest you.","og_url":"https:\/\/cleanlaundry.com\/es\/locations\/iowa\/des-moines\/","og_site_name":"Clean Laundry","article_modified_time":"2023-07-26T20:26:34+00:00","og_image":[{"width":1024,"height":512,"url":"https:\/\/cleanlaundry.com\/wp-content\/uploads\/2021\/09\/CL14-DouglasDM-05.01-Storefront-1024x512.png","type":"image\/png"}],"twitter_card":"summary_large_image","schema":{"@context":"https:\/\/schema.org","@graph":[{"@type":"WebPage","@id":"https:\/\/cleanlaundry.com\/locations\/iowa\/des-moines\/","url":"https:\/\/cleanlaundry.com\/locations\/iowa\/des-moines\/","name":"Lavander\u00edas en Des Moines, IA | Ubicaciones de Clean Laundry","isPartOf":{"@id":"https:\/\/cleanlaundry.com\/#website"},"primaryImageOfPage":{"@id":"https:\/\/cleanlaundry.com\/locations\/iowa\/des-moines\/#primaryimage"},"image":{"@id":"https:\/\/cleanlaundry.com\/locations\/iowa\/des-moines\/#primaryimage"},"thumbnailUrl":"https:\/\/cleanlaundry.com\/wp-content\/uploads\/2021\/09\/CL14-DouglasDM-05.01-Storefront.png","datePublished":"2019-07-18T16:10:08+00:00","dateModified":"2023-07-26T20:26:34+00:00","description":"Clean Laundry se enorgullece de ofrecer lavander\u00edas autom\u00e1ticas de Des Moines que son r\u00e1pidas, seguras y limpias. Obtenga m\u00e1s informaci\u00f3n y encuentre la ubicaci\u00f3n de Des Moines m\u00e1s cercana.","breadcrumb":{"@id":"https:\/\/cleanlaundry.com\/locations\/iowa\/des-moines\/#breadcrumb"},"inLanguage":"es","potentialAction":[{"@type":"ReadAction","target":["https:\/\/cleanlaundry.com\/locations\/iowa\/des-moines\/"]}]},{"@type":"ImageObject","inLanguage":"es","@id":"https:\/\/cleanlaundry.com\/locations\/iowa\/des-moines\/#primaryimage","url":"https:\/\/cleanlaundry.com\/wp-content\/uploads\/2021\/09\/CL14-DouglasDM-05.01-Storefront.png","contentUrl":"https:\/\/cleanlaundry.com\/wp-content\/uploads\/2021\/09\/CL14-DouglasDM-05.01-Storefront.png","width":3470,"height":1735},{"@type":"BreadcrumbList","@id":"https:\/\/cleanlaundry.com\/locations\/iowa\/des-moines\/#breadcrumb","itemListElement":[{"@type":"ListItem","position":1,"name":"Home","item":"https:\/\/cleanlaundry.com\/"},{"@type":"ListItem","position":2,"name":"All Clean Laundry Locations | Find a laundromat near you","item":"https:\/\/cleanlaundry.com\/locations\/"},{"@type":"ListItem","position":3,"name":"Laundromats in Iowa | Clean Laundry Locations Near You","item":"https:\/\/cleanlaundry.com\/locations\/iowa\/"},{"@type":"ListItem","position":4,"name":"Laundromats in Des Moines, Iowa | Clean Laundry Des Moines Locations"}]},{"@type":"WebSite","@id":"https:\/\/cleanlaundry.com\/#website","url":"https:\/\/cleanlaundry.com\/","name":"Ropa limpia","description":"Ropa limpia","potentialAction":[{"@type":"SearchAction","target":{"@type":"EntryPoint","urlTemplate":"https:\/\/cleanlaundry.com\/?s={search_term_string}"},"query-input":{"@type":"PropertyValueSpecification","valueRequired":true,"valueName":"search_term_string"}}],"inLanguage":"es"}]}},"_links":{"self":[{"href":"https:\/\/cleanlaundry.com\/es\/wp-json\/wp\/v2\/pages\/8116","targetHints":{"allow":["GET"]}}],"collection":[{"href":"https:\/\/cleanlaundry.com\/es\/wp-json\/wp\/v2\/pages"}],"about":[{"href":"https:\/\/cleanlaundry.com\/es\/wp-json\/wp\/v2\/types\/page"}],"author":[{"embeddable":true,"href":"https:\/\/cleanlaundry.com\/es\/wp-json\/wp\/v2\/users\/2"}],"replies":[{"embeddable":true,"href":"https:\/\/cleanlaundry.com\/es\/wp-json\/wp\/v2\/comments?post=8116"}],"version-history":[{"count":46,"href":"https:\/\/cleanlaundry.com\/es\/wp-json\/wp\/v2\/pages\/8116\/revisions"}],"predecessor-version":[{"id":14661,"href":"https:\/\/cleanlaundry.com\/es\/wp-json\/wp\/v2\/pages\/8116\/revisions\/14661"}],"up":[{"embeddable":true,"href":"https:\/\/cleanlaundry.com\/es\/wp-json\/wp\/v2\/pages\/7116"}],"wp:featuredmedia":[{"embeddable":true,"href":"https:\/\/cleanlaundry.com\/es\/wp-json\/wp\/v2\/media\/12924"}],"wp:attachment":[{"href":"https:\/\/cleanlaundry.com\/es\/wp-json\/wp\/v2\/media?parent=8116"}],"curies":[{"name":"wp","href":"https:\/\/api.w.org\/{rel}","templated":true}]}}