{"id":8051,"date":"2019-07-02T16:38:33","date_gmt":"2019-07-02T21:38:33","guid":{"rendered":"https:\/\/cleanlaundry.com\/?page_id=8051"},"modified":"2022-01-07T09:32:09","modified_gmt":"2022-01-07T15:32:09","slug":"iowa-city","status":"publish","type":"page","link":"https:\/\/cleanlaundry.com\/es\/locations\/iowa\/iowa-city\/","title":{"rendered":"Lavander\u00edas en Iowa City, Iowa | Ubicaciones de Clean Laundry en Iowa City"},"content":{"rendered":"<h1>\n\t\tLavander\u00edas en Iowa City, Iowa\n\t<\/h1>\n\t<p>Clean Laundry se enorgullece de ofrecer a los residentes de Iowa City y a los del \u00e1rea del condado de Johnson una lavander\u00eda autom\u00e1tica segura, limpia y siempre abierta donde pueden lavar grandes cantidades de ropa en muy poco tiempo.<\/p>\n\t<p>Seleccione una direcci\u00f3n a continuaci\u00f3n para ver la p\u00e1gina de la tienda de esa ubicaci\u00f3n, donde encontrar\u00e1 mapas, fotos, precios y ofertas especiales.<\/p>\n<h3>\n\t\tSuroeste de la ciudad de Iowa\n\t<\/h3>\n<h2>\n\t\t<a href=\"https:\/\/cleanlaundry.com\/es\/locations\/iowa\/iowa-city\/362-highway-1-west-suite-t7-t8-iowa-city-ia\/\" title=\"Tienda #8 - 362 Highway 1 West Suite T7 \/ T8 Iowa City, IA 52246\" target=\"_self\" rel=\"noopener\">\n\t\tTienda #8 - 362 Highway 1 West Suite T7 \/ T8 Iowa City, IA 52246\n\t\t<\/a>\n\t<\/h2>\n\t\t\n\t\t\t<a href=\"\/es\/locations\/iowa\/\" target=\"_self\" role=\"button\" rel=\"noopener\">\n\t\t\t\t\t\tVer todas las ubicaciones en Iowa\n\t\t\t\t\t<\/a>","protected":false},"excerpt":{"rendered":"<p>Lavander\u00edas en Iowa City, Iowa Clean Laundry se enorgullece de ofrecer a los residentes de Iowa City y a los del \u00e1rea del condado de Johnson, una lavander\u00eda segura, limpia y siempre abierta donde pueden lavar grandes cantidades de ropa en muy poco tiempo. Seleccione una direcci\u00f3n a continuaci\u00f3n para ver la p\u00e1gina de la tienda de esa ubicaci\u00f3n donde ...<\/p>","protected":false},"author":2,"featured_media":10889,"parent":7116,"menu_order":0,"comment_status":"closed","ping_status":"closed","template":"","meta":{"footnotes":""},"class_list":["post-8051","page","type-page","status-publish","has-post-thumbnail","hentry"],"yoast_head":"<!-- This site is optimized with the Yoast SEO plugin v25.0 - https:\/\/yoast.com\/wordpress\/plugins\/seo\/ -->\n<title>Laundromats in Iowa City, IA | Clean Laundry Locations<\/title>\n<meta name=\"description\" content=\"Clean Laundry is proud to offer Iowa City laundromats that are fast, safe, and clean. Learn more and find the Iowa City location nearest you.\" \/>\n<meta name=\"robots\" content=\"index, follow, max-snippet:-1, max-image-preview:large, max-video-preview:-1\" \/>\n<link rel=\"canonical\" href=\"https:\/\/cleanlaundry.com\/es\/locations\/iowa\/iowa-city\/\" \/>\n<meta property=\"og:locale\" content=\"es_MX\" \/>\n<meta property=\"og:type\" content=\"article\" \/>\n<meta property=\"og:title\" content=\"Laundromats in Iowa City, IA | Clean Laundry Locations\" \/>\n<meta property=\"og:description\" content=\"Clean Laundry is proud to offer Iowa City laundromats that are fast, safe, and clean. Learn more and find the Iowa City location nearest you.\" \/>\n<meta property=\"og:url\" content=\"https:\/\/cleanlaundry.com\/es\/locations\/iowa\/iowa-city\/\" \/>\n<meta property=\"og:site_name\" content=\"Clean Laundry\" \/>\n<meta property=\"article:modified_time\" content=\"2022-01-07T15:32:09+00:00\" \/>\n<meta property=\"og:image\" content=\"https:\/\/cleanlaundry.com\/wp-content\/uploads\/2021\/02\/CL-08.jpg\" \/>\n\t<meta property=\"og:image:width\" content=\"600\" \/>\n\t<meta property=\"og:image:height\" content=\"350\" \/>\n\t<meta property=\"og:image:type\" content=\"image\/jpeg\" \/>\n<meta name=\"twitter:card\" content=\"summary_large_image\" \/>\n<script type=\"application\/ld+json\" class=\"yoast-schema-graph\">{\"@context\":\"https:\/\/schema.org\",\"@graph\":[{\"@type\":\"WebPage\",\"@id\":\"https:\/\/cleanlaundry.com\/locations\/iowa\/iowa-city\/\",\"url\":\"https:\/\/cleanlaundry.com\/locations\/iowa\/iowa-city\/\",\"name\":\"Laundromats in Iowa City, IA | Clean Laundry Locations\",\"isPartOf\":{\"@id\":\"https:\/\/cleanlaundry.com\/#website\"},\"primaryImageOfPage\":{\"@id\":\"https:\/\/cleanlaundry.com\/locations\/iowa\/iowa-city\/#primaryimage\"},\"image\":{\"@id\":\"https:\/\/cleanlaundry.com\/locations\/iowa\/iowa-city\/#primaryimage\"},\"thumbnailUrl\":\"https:\/\/cleanlaundry.com\/wp-content\/uploads\/2021\/02\/CL-08.jpg\",\"datePublished\":\"2019-07-02T21:38:33+00:00\",\"dateModified\":\"2022-01-07T15:32:09+00:00\",\"description\":\"Clean Laundry is proud to offer Iowa City laundromats that are fast, safe, and clean. Learn more and find the Iowa City location nearest you.\",\"breadcrumb\":{\"@id\":\"https:\/\/cleanlaundry.com\/locations\/iowa\/iowa-city\/#breadcrumb\"},\"inLanguage\":\"es\",\"potentialAction\":[{\"@type\":\"ReadAction\",\"target\":[\"https:\/\/cleanlaundry.com\/locations\/iowa\/iowa-city\/\"]}]},{\"@type\":\"ImageObject\",\"inLanguage\":\"es\",\"@id\":\"https:\/\/cleanlaundry.com\/locations\/iowa\/iowa-city\/#primaryimage\",\"url\":\"https:\/\/cleanlaundry.com\/wp-content\/uploads\/2021\/02\/CL-08.jpg\",\"contentUrl\":\"https:\/\/cleanlaundry.com\/wp-content\/uploads\/2021\/02\/CL-08.jpg\",\"width\":600,\"height\":350},{\"@type\":\"BreadcrumbList\",\"@id\":\"https:\/\/cleanlaundry.com\/locations\/iowa\/iowa-city\/#breadcrumb\",\"itemListElement\":[{\"@type\":\"ListItem\",\"position\":1,\"name\":\"Home\",\"item\":\"https:\/\/cleanlaundry.com\/\"},{\"@type\":\"ListItem\",\"position\":2,\"name\":\"All Clean Laundry Locations | Find a laundromat near you\",\"item\":\"https:\/\/cleanlaundry.com\/locations\/\"},{\"@type\":\"ListItem\",\"position\":3,\"name\":\"Laundromats in Iowa | Clean Laundry Locations Near You\",\"item\":\"https:\/\/cleanlaundry.com\/locations\/iowa\/\"},{\"@type\":\"ListItem\",\"position\":4,\"name\":\"Laundromats in Iowa City, Iowa | Clean Laundry Iowa City Locations\"}]},{\"@type\":\"WebSite\",\"@id\":\"https:\/\/cleanlaundry.com\/#website\",\"url\":\"https:\/\/cleanlaundry.com\/\",\"name\":\"Clean Laundry\",\"description\":\"Clean Laundry\",\"potentialAction\":[{\"@type\":\"SearchAction\",\"target\":{\"@type\":\"EntryPoint\",\"urlTemplate\":\"https:\/\/cleanlaundry.com\/?s={search_term_string}\"},\"query-input\":{\"@type\":\"PropertyValueSpecification\",\"valueRequired\":true,\"valueName\":\"search_term_string\"}}],\"inLanguage\":\"es\"}]}<\/script>\n<!-- \/ Yoast SEO plugin. -->","yoast_head_json":{"title":"Lavander\u00edas en Iowa City, IA | Ubicaciones de lavander\u00eda limpia","description":"Clean Laundry se enorgullece de ofrecer lavander\u00edas autom\u00e1ticas en la ciudad de Iowa que son r\u00e1pidas, seguras y limpias. Obtenga m\u00e1s informaci\u00f3n y encuentre la ubicaci\u00f3n de Iowa City m\u00e1s cercana.","robots":{"index":"index","follow":"follow","max-snippet":"max-snippet:-1","max-image-preview":"max-image-preview:large","max-video-preview":"max-video-preview:-1"},"canonical":"https:\/\/cleanlaundry.com\/es\/locations\/iowa\/iowa-city\/","og_locale":"es_MX","og_type":"article","og_title":"Laundromats in Iowa City, IA | Clean Laundry Locations","og_description":"Clean Laundry is proud to offer Iowa City laundromats that are fast, safe, and clean. Learn more and find the Iowa City location nearest you.","og_url":"https:\/\/cleanlaundry.com\/es\/locations\/iowa\/iowa-city\/","og_site_name":"Clean Laundry","article_modified_time":"2022-01-07T15:32:09+00:00","og_image":[{"width":600,"height":350,"url":"https:\/\/cleanlaundry.com\/wp-content\/uploads\/2021\/02\/CL-08.jpg","type":"image\/jpeg"}],"twitter_card":"summary_large_image","schema":{"@context":"https:\/\/schema.org","@graph":[{"@type":"WebPage","@id":"https:\/\/cleanlaundry.com\/locations\/iowa\/iowa-city\/","url":"https:\/\/cleanlaundry.com\/locations\/iowa\/iowa-city\/","name":"Lavander\u00edas en Iowa City, IA | Ubicaciones de lavander\u00eda limpia","isPartOf":{"@id":"https:\/\/cleanlaundry.com\/#website"},"primaryImageOfPage":{"@id":"https:\/\/cleanlaundry.com\/locations\/iowa\/iowa-city\/#primaryimage"},"image":{"@id":"https:\/\/cleanlaundry.com\/locations\/iowa\/iowa-city\/#primaryimage"},"thumbnailUrl":"https:\/\/cleanlaundry.com\/wp-content\/uploads\/2021\/02\/CL-08.jpg","datePublished":"2019-07-02T21:38:33+00:00","dateModified":"2022-01-07T15:32:09+00:00","description":"Clean Laundry se enorgullece de ofrecer lavander\u00edas autom\u00e1ticas en la ciudad de Iowa que son r\u00e1pidas, seguras y limpias. Obtenga m\u00e1s informaci\u00f3n y encuentre la ubicaci\u00f3n de Iowa City m\u00e1s cercana.","breadcrumb":{"@id":"https:\/\/cleanlaundry.com\/locations\/iowa\/iowa-city\/#breadcrumb"},"inLanguage":"es","potentialAction":[{"@type":"ReadAction","target":["https:\/\/cleanlaundry.com\/locations\/iowa\/iowa-city\/"]}]},{"@type":"ImageObject","inLanguage":"es","@id":"https:\/\/cleanlaundry.com\/locations\/iowa\/iowa-city\/#primaryimage","url":"https:\/\/cleanlaundry.com\/wp-content\/uploads\/2021\/02\/CL-08.jpg","contentUrl":"https:\/\/cleanlaundry.com\/wp-content\/uploads\/2021\/02\/CL-08.jpg","width":600,"height":350},{"@type":"BreadcrumbList","@id":"https:\/\/cleanlaundry.com\/locations\/iowa\/iowa-city\/#breadcrumb","itemListElement":[{"@type":"ListItem","position":1,"name":"Home","item":"https:\/\/cleanlaundry.com\/"},{"@type":"ListItem","position":2,"name":"All Clean Laundry Locations | Find a laundromat near you","item":"https:\/\/cleanlaundry.com\/locations\/"},{"@type":"ListItem","position":3,"name":"Laundromats in Iowa | Clean Laundry Locations Near You","item":"https:\/\/cleanlaundry.com\/locations\/iowa\/"},{"@type":"ListItem","position":4,"name":"Laundromats in Iowa City, Iowa | Clean Laundry Iowa City Locations"}]},{"@type":"WebSite","@id":"https:\/\/cleanlaundry.com\/#website","url":"https:\/\/cleanlaundry.com\/","name":"Ropa limpia","description":"Ropa limpia","potentialAction":[{"@type":"SearchAction","target":{"@type":"EntryPoint","urlTemplate":"https:\/\/cleanlaundry.com\/?s={search_term_string}"},"query-input":{"@type":"PropertyValueSpecification","valueRequired":true,"valueName":"search_term_string"}}],"inLanguage":"es"}]}},"_links":{"self":[{"href":"https:\/\/cleanlaundry.com\/es\/wp-json\/wp\/v2\/pages\/8051","targetHints":{"allow":["GET"]}}],"collection":[{"href":"https:\/\/cleanlaundry.com\/es\/wp-json\/wp\/v2\/pages"}],"about":[{"href":"https:\/\/cleanlaundry.com\/es\/wp-json\/wp\/v2\/types\/page"}],"author":[{"embeddable":true,"href":"https:\/\/cleanlaundry.com\/es\/wp-json\/wp\/v2\/users\/2"}],"replies":[{"embeddable":true,"href":"https:\/\/cleanlaundry.com\/es\/wp-json\/wp\/v2\/comments?post=8051"}],"version-history":[{"count":12,"href":"https:\/\/cleanlaundry.com\/es\/wp-json\/wp\/v2\/pages\/8051\/revisions"}],"predecessor-version":[{"id":13171,"href":"https:\/\/cleanlaundry.com\/es\/wp-json\/wp\/v2\/pages\/8051\/revisions\/13171"}],"up":[{"embeddable":true,"href":"https:\/\/cleanlaundry.com\/es\/wp-json\/wp\/v2\/pages\/7116"}],"wp:featuredmedia":[{"embeddable":true,"href":"https:\/\/cleanlaundry.com\/es\/wp-json\/wp\/v2\/media\/10889"}],"wp:attachment":[{"href":"https:\/\/cleanlaundry.com\/es\/wp-json\/wp\/v2\/media?parent=8051"}],"curies":[{"name":"wp","href":"https:\/\/api.w.org\/{rel}","templated":true}]}}