{"id":7120,"date":"2019-01-20T15:42:32","date_gmt":"2019-01-20T21:42:32","guid":{"rendered":"https:\/\/cleanlaundry-wordpress.czzndpwd-liquidwebsites.com\/?page_id=7120"},"modified":"2024-12-06T12:14:09","modified_gmt":"2024-12-06T18:14:09","slug":"cedar-rapids","status":"publish","type":"page","link":"https:\/\/cleanlaundry.com\/es\/locations\/iowa\/cedar-rapids\/","title":{"rendered":"Lavander\u00edas en Cedar Rapids, Iowa | Lavander\u00eda limpia Ubicaciones de Cedar Rapids"},"content":{"rendered":"<h1>\n\t\tLavander\u00edas en <br \/>Cedar Rapids, IA\n\t<\/h1>\n\t<p>Clean Laundry se enorgullece de ofrecer a los residentes de Cedar Rapids y a los del \u00e1rea del condado de Linn una lavander\u00eda autom\u00e1tica segura, limpia y conveniente donde pueden lavar grandes cantidades de ropa en muy poco tiempo. Consulte a continuaci\u00f3n para conocer el pr\u00f3ximo d\u00eda SECO GRATUITO cerca de usted. \u00a1Solo disponible por tiempo limitado!<\/p>\n<h2>\n\t\tServicios de lavander\u00eda Southwest Cedar Rapids\n\t<\/h2>\n\t\t\t\t<a href=\"https:\/\/cleanlaundry.com\/es\/locations\/iowa\/cedar-rapids\/1400-6th-st-sw-suite-100-cedar-rapids-ia\/\" target=\"_self\" itemprop=\"url\">\n\t\t\t\t<img loading=\"lazy\" decoding=\"async\" src=\"https:\/\/cleanlaundry.com\/wp-content\/uploads\/2021\/02\/CL-07.jpg\" alt=\"Clean Laundry laundromat storefront on 6th St in Cedar Rapids, IA\" itemprop=\"image\" height=\"350\" width=\"600\" title=\"CL-07\" onerror=\"this.style.display='none'\"  \/>\n\t\t\t\t<\/a>\n\t<h3><a href=\"https:\/\/cleanlaundry.com\/es\/locations\/iowa\/cedar-rapids\/1400-6th-st-sw-suite-100-cedar-rapids-ia\/\">6th St. Lavander\u00eda limpia<\/a><\/h3>\n1400 6th St SW<br \/>\nCedar Rapids, IA 52404\n\t\t\t\t<a href=\"https:\/\/cleanlaundry.com\/es\/locations\/iowa\/cedar-rapids\/laundromat-in-cedar-rapids-edgewood-road\/\" target=\"_self\" itemprop=\"url\">\n\t\t\t\t<img loading=\"lazy\" decoding=\"async\" src=\"https:\/\/cleanlaundry.com\/wp-content\/uploads\/2021\/02\/CL-12.jpg\" alt=\"Clean Laundry laundromat storefront on Edgewood Rd in Cedar Rapids, IA\" itemprop=\"image\" height=\"350\" width=\"600\" title=\"CL-12\" onerror=\"this.style.display='none'\"  \/>\n\t\t\t\t<\/a>\n\t<h3><a href=\"https:\/\/cleanlaundry.com\/es\/locations\/iowa\/cedar-rapids\/laundromat-in-cedar-rapids-edgewood-road\/\">Edgewood Rd. Ropa limpia<\/a><\/h3>\n2160 Edgewood Rd SW<br \/>\nCedar Rapids, IA 52404\n\t\t\t\t<a href=\"https:\/\/cleanlaundry.com\/es\/locations\/iowa\/cedar-rapids\/6600-kirkwood-blvd-sw-cedar-rapids-iowa\/\" target=\"_self\" itemprop=\"url\">\n\t\t\t\t<img loading=\"lazy\" decoding=\"async\" src=\"https:\/\/cleanlaundry.com\/wp-content\/uploads\/2021\/02\/CL-03.jpg\" alt=\"Clean Laundry laundromat storefront on Kirkwood Blvd in Cedar Rapids, IA\" itemprop=\"image\" height=\"350\" width=\"600\" title=\"CL-03\" onerror=\"this.style.display='none'\"  \/>\n\t\t\t\t<\/a>\n\t<h3><a href=\"https:\/\/cleanlaundry.com\/es\/locations\/iowa\/cedar-rapids\/6600-kirkwood-blvd-sw-cedar-rapids-iowa\/\">Kirkwood Blvd. Ropa limpia<\/a><\/h3>\n6600 Kirkwood Blvd SW<br \/>\nCedar Rapids, IA 52404\n<h2>\n\t\tServicios de lavander\u00eda Northeast Cedar Rapids\n\t<\/h2>\n\t\t\t\t<a href=\"https:\/\/cleanlaundry.com\/es\/locations\/iowa\/marion\/3217-7th-ave-marion-iowa\/\" target=\"_self\" itemprop=\"url\">\n\t\t\t\t<img loading=\"lazy\" decoding=\"async\" src=\"https:\/\/cleanlaundry.com\/wp-content\/uploads\/2021\/02\/CL-04.jpg\" alt=\"Clean Laundry storefront on 7th Ave in Marion, IA\" itemprop=\"image\" height=\"350\" width=\"600\" title=\"CL-04\" onerror=\"this.style.display='none'\"  \/>\n\t\t\t\t<\/a>\n\t<h3><a href=\"https:\/\/cleanlaundry.com\/es\/locations\/iowa\/marion\/3217-7th-ave-marion-iowa\/\">Marion Clean Lavander\u00eda<\/a><\/h3>\n3217 7th Ave<br \/>\nMarion, IA 52302\n\t<iframe loading=\"lazy\" src=\"https:\/\/www.google.com\/maps\/d\/u\/0\/embed?mid=1Wv3N4DD--0Or5NfJ02GqrGIu7v3NrlyO&#038;ehbc=2E312F\" width=\"100%\" height=\"480\"><\/iframe>\n\t\t\t\t<img loading=\"lazy\" decoding=\"async\" src=\"https:\/\/cleanlaundry.com\/wp-content\/uploads\/2022\/04\/CLX-Logo-01.png\" alt=\"Clean Laundry Express Wash Dry Fold Pick-up and Delivery\" itemprop=\"image\" height=\"972\" width=\"979\" title=\"Logotipo CLX-01\" onerror=\"this.style.display='none'\"  \/>\n\t<h3>Servicio de lavander\u00eda de recogida y entrega<\/h3>\n<p>\u00a1Nunca vuelvas a lavar la ropa! Lo recogemos. Lo lavamos. Lo secamos. Lo doblamos y lo entregamos directamente a su puerta.<\/p>\n\t\t\t<a href=\"https:\/\/cleanlaundryexpress.com\/cedar-rapids-iowa\/\" target=\"_blank\" rel=\"noopener\">\n\t\t\t\t\t\t\tAprende m\u00e1s\n\t\t\t\t\t<\/a>","protected":false},"excerpt":{"rendered":"<p>Lavander\u00edas en Cedar Rapids, IA Clean Laundry se enorgullece de ofrecer a los residentes de Cedar Rapids y del \u00e1rea del condado de Linn una lavander\u00eda segura, limpia y conveniente donde pueden lavar grandes cantidades de ropa en muy poco tiempo. Consulte a continuaci\u00f3n el pr\u00f3ximo d\u00eda FREE DRY cerca de usted. Solo disponible para un\u2026<\/p>","protected":false},"author":2,"featured_media":10888,"parent":7116,"menu_order":0,"comment_status":"closed","ping_status":"closed","template":"","meta":{"footnotes":""},"class_list":["post-7120","page","type-page","status-publish","has-post-thumbnail","hentry"],"yoast_head":"<!-- This site is optimized with the Yoast SEO plugin v25.0 - https:\/\/yoast.com\/wordpress\/plugins\/seo\/ -->\n<title>Laundromats in Cedar Rapids, IA | Clean Laundry Locations<\/title>\n<meta name=\"description\" content=\"Clean Laundry is proud to offer Cedar Rapids laundromats that are fast, safe, and clean. Learn more and find the Cedar Rapids location nearest you.\" \/>\n<meta name=\"robots\" content=\"index, follow, max-snippet:-1, max-image-preview:large, max-video-preview:-1\" \/>\n<link rel=\"canonical\" href=\"https:\/\/cleanlaundry.com\/es\/locations\/iowa\/cedar-rapids\/\" \/>\n<meta property=\"og:locale\" content=\"es_MX\" \/>\n<meta property=\"og:type\" content=\"article\" \/>\n<meta property=\"og:title\" content=\"Laundromats in Cedar Rapids, IA | Clean Laundry Locations\" \/>\n<meta property=\"og:description\" content=\"Clean Laundry is proud to offer Cedar Rapids laundromats that are fast, safe, and clean. Learn more and find the Cedar Rapids location nearest you.\" \/>\n<meta property=\"og:url\" content=\"https:\/\/cleanlaundry.com\/es\/locations\/iowa\/cedar-rapids\/\" \/>\n<meta property=\"og:site_name\" content=\"Clean Laundry\" \/>\n<meta property=\"article:modified_time\" content=\"2024-12-06T18:14:09+00:00\" \/>\n<meta property=\"og:image\" content=\"https:\/\/cleanlaundry.com\/wp-content\/uploads\/2021\/02\/CL-07.jpg\" \/>\n\t<meta property=\"og:image:width\" content=\"600\" \/>\n\t<meta property=\"og:image:height\" content=\"350\" \/>\n\t<meta property=\"og:image:type\" content=\"image\/jpeg\" \/>\n<meta name=\"twitter:card\" content=\"summary_large_image\" \/>\n<meta name=\"twitter:label1\" content=\"Tiempo de lectura\" \/>\n\t<meta name=\"twitter:data1\" content=\"1 minuto\" \/>\n<script type=\"application\/ld+json\" class=\"yoast-schema-graph\">{\"@context\":\"https:\/\/schema.org\",\"@graph\":[{\"@type\":\"WebPage\",\"@id\":\"https:\/\/cleanlaundry.com\/locations\/iowa\/cedar-rapids\/\",\"url\":\"https:\/\/cleanlaundry.com\/locations\/iowa\/cedar-rapids\/\",\"name\":\"Laundromats in Cedar Rapids, IA | Clean Laundry Locations\",\"isPartOf\":{\"@id\":\"https:\/\/cleanlaundry.com\/#website\"},\"primaryImageOfPage\":{\"@id\":\"https:\/\/cleanlaundry.com\/locations\/iowa\/cedar-rapids\/#primaryimage\"},\"image\":{\"@id\":\"https:\/\/cleanlaundry.com\/locations\/iowa\/cedar-rapids\/#primaryimage\"},\"thumbnailUrl\":\"https:\/\/cleanlaundry.com\/wp-content\/uploads\/2021\/02\/CL-07.jpg\",\"datePublished\":\"2019-01-20T21:42:32+00:00\",\"dateModified\":\"2024-12-06T18:14:09+00:00\",\"description\":\"Clean Laundry is proud to offer Cedar Rapids laundromats that are fast, safe, and clean. Learn more and find the Cedar Rapids location nearest you.\",\"breadcrumb\":{\"@id\":\"https:\/\/cleanlaundry.com\/locations\/iowa\/cedar-rapids\/#breadcrumb\"},\"inLanguage\":\"es\",\"potentialAction\":[{\"@type\":\"ReadAction\",\"target\":[\"https:\/\/cleanlaundry.com\/locations\/iowa\/cedar-rapids\/\"]}]},{\"@type\":\"ImageObject\",\"inLanguage\":\"es\",\"@id\":\"https:\/\/cleanlaundry.com\/locations\/iowa\/cedar-rapids\/#primaryimage\",\"url\":\"https:\/\/cleanlaundry.com\/wp-content\/uploads\/2021\/02\/CL-07.jpg\",\"contentUrl\":\"https:\/\/cleanlaundry.com\/wp-content\/uploads\/2021\/02\/CL-07.jpg\",\"width\":600,\"height\":350,\"caption\":\"Clean Laundry laundromat storefront on 6th St in Cedar Rapids, IA\"},{\"@type\":\"BreadcrumbList\",\"@id\":\"https:\/\/cleanlaundry.com\/locations\/iowa\/cedar-rapids\/#breadcrumb\",\"itemListElement\":[{\"@type\":\"ListItem\",\"position\":1,\"name\":\"Home\",\"item\":\"https:\/\/cleanlaundry.com\/\"},{\"@type\":\"ListItem\",\"position\":2,\"name\":\"All Clean Laundry Locations | Find a laundromat near you\",\"item\":\"https:\/\/cleanlaundry.com\/locations\/\"},{\"@type\":\"ListItem\",\"position\":3,\"name\":\"Laundromats in Iowa | Clean Laundry Locations Near You\",\"item\":\"https:\/\/cleanlaundry.com\/locations\/iowa\/\"},{\"@type\":\"ListItem\",\"position\":4,\"name\":\"Laundromats in Cedar Rapids, Iowa | Clean Laundry Cedar Rapids Locations\"}]},{\"@type\":\"WebSite\",\"@id\":\"https:\/\/cleanlaundry.com\/#website\",\"url\":\"https:\/\/cleanlaundry.com\/\",\"name\":\"Clean Laundry\",\"description\":\"Clean Laundry\",\"potentialAction\":[{\"@type\":\"SearchAction\",\"target\":{\"@type\":\"EntryPoint\",\"urlTemplate\":\"https:\/\/cleanlaundry.com\/?s={search_term_string}\"},\"query-input\":{\"@type\":\"PropertyValueSpecification\",\"valueRequired\":true,\"valueName\":\"search_term_string\"}}],\"inLanguage\":\"es\"}]}<\/script>\n<!-- \/ Yoast SEO plugin. -->","yoast_head_json":{"title":"Lavander\u00edas en Cedar Rapids, IA | Ubicaciones de Clean Laundry","description":"Clean Laundry se enorgullece de ofrecer lavander\u00edas Cedar Rapids que son r\u00e1pidas, seguras y limpias. Obtenga m\u00e1s informaci\u00f3n y encuentre la ubicaci\u00f3n de Cedar Rapids m\u00e1s cercana.","robots":{"index":"index","follow":"follow","max-snippet":"max-snippet:-1","max-image-preview":"max-image-preview:large","max-video-preview":"max-video-preview:-1"},"canonical":"https:\/\/cleanlaundry.com\/es\/locations\/iowa\/cedar-rapids\/","og_locale":"es_MX","og_type":"article","og_title":"Laundromats in Cedar Rapids, IA | Clean Laundry Locations","og_description":"Clean Laundry is proud to offer Cedar Rapids laundromats that are fast, safe, and clean. Learn more and find the Cedar Rapids location nearest you.","og_url":"https:\/\/cleanlaundry.com\/es\/locations\/iowa\/cedar-rapids\/","og_site_name":"Clean Laundry","article_modified_time":"2024-12-06T18:14:09+00:00","og_image":[{"width":600,"height":350,"url":"https:\/\/cleanlaundry.com\/wp-content\/uploads\/2021\/02\/CL-07.jpg","type":"image\/jpeg"}],"twitter_card":"summary_large_image","twitter_misc":{"Tiempo de lectura":"1 minuto"},"schema":{"@context":"https:\/\/schema.org","@graph":[{"@type":"WebPage","@id":"https:\/\/cleanlaundry.com\/locations\/iowa\/cedar-rapids\/","url":"https:\/\/cleanlaundry.com\/locations\/iowa\/cedar-rapids\/","name":"Lavander\u00edas en Cedar Rapids, IA | Ubicaciones de Clean Laundry","isPartOf":{"@id":"https:\/\/cleanlaundry.com\/#website"},"primaryImageOfPage":{"@id":"https:\/\/cleanlaundry.com\/locations\/iowa\/cedar-rapids\/#primaryimage"},"image":{"@id":"https:\/\/cleanlaundry.com\/locations\/iowa\/cedar-rapids\/#primaryimage"},"thumbnailUrl":"https:\/\/cleanlaundry.com\/wp-content\/uploads\/2021\/02\/CL-07.jpg","datePublished":"2019-01-20T21:42:32+00:00","dateModified":"2024-12-06T18:14:09+00:00","description":"Clean Laundry se enorgullece de ofrecer lavander\u00edas Cedar Rapids que son r\u00e1pidas, seguras y limpias. Obtenga m\u00e1s informaci\u00f3n y encuentre la ubicaci\u00f3n de Cedar Rapids m\u00e1s cercana.","breadcrumb":{"@id":"https:\/\/cleanlaundry.com\/locations\/iowa\/cedar-rapids\/#breadcrumb"},"inLanguage":"es","potentialAction":[{"@type":"ReadAction","target":["https:\/\/cleanlaundry.com\/locations\/iowa\/cedar-rapids\/"]}]},{"@type":"ImageObject","inLanguage":"es","@id":"https:\/\/cleanlaundry.com\/locations\/iowa\/cedar-rapids\/#primaryimage","url":"https:\/\/cleanlaundry.com\/wp-content\/uploads\/2021\/02\/CL-07.jpg","contentUrl":"https:\/\/cleanlaundry.com\/wp-content\/uploads\/2021\/02\/CL-07.jpg","width":600,"height":350,"caption":"Clean Laundry laundromat storefront on 6th St in Cedar Rapids, IA"},{"@type":"BreadcrumbList","@id":"https:\/\/cleanlaundry.com\/locations\/iowa\/cedar-rapids\/#breadcrumb","itemListElement":[{"@type":"ListItem","position":1,"name":"Home","item":"https:\/\/cleanlaundry.com\/"},{"@type":"ListItem","position":2,"name":"All Clean Laundry Locations | Find a laundromat near you","item":"https:\/\/cleanlaundry.com\/locations\/"},{"@type":"ListItem","position":3,"name":"Laundromats in Iowa | Clean Laundry Locations Near You","item":"https:\/\/cleanlaundry.com\/locations\/iowa\/"},{"@type":"ListItem","position":4,"name":"Laundromats in Cedar Rapids, Iowa | Clean Laundry Cedar Rapids Locations"}]},{"@type":"WebSite","@id":"https:\/\/cleanlaundry.com\/#website","url":"https:\/\/cleanlaundry.com\/","name":"Ropa limpia","description":"Ropa limpia","potentialAction":[{"@type":"SearchAction","target":{"@type":"EntryPoint","urlTemplate":"https:\/\/cleanlaundry.com\/?s={search_term_string}"},"query-input":{"@type":"PropertyValueSpecification","valueRequired":true,"valueName":"search_term_string"}}],"inLanguage":"es"}]}},"_links":{"self":[{"href":"https:\/\/cleanlaundry.com\/es\/wp-json\/wp\/v2\/pages\/7120","targetHints":{"allow":["GET"]}}],"collection":[{"href":"https:\/\/cleanlaundry.com\/es\/wp-json\/wp\/v2\/pages"}],"about":[{"href":"https:\/\/cleanlaundry.com\/es\/wp-json\/wp\/v2\/types\/page"}],"author":[{"embeddable":true,"href":"https:\/\/cleanlaundry.com\/es\/wp-json\/wp\/v2\/users\/2"}],"replies":[{"embeddable":true,"href":"https:\/\/cleanlaundry.com\/es\/wp-json\/wp\/v2\/comments?post=7120"}],"version-history":[{"count":73,"href":"https:\/\/cleanlaundry.com\/es\/wp-json\/wp\/v2\/pages\/7120\/revisions"}],"predecessor-version":[{"id":15146,"href":"https:\/\/cleanlaundry.com\/es\/wp-json\/wp\/v2\/pages\/7120\/revisions\/15146"}],"up":[{"embeddable":true,"href":"https:\/\/cleanlaundry.com\/es\/wp-json\/wp\/v2\/pages\/7116"}],"wp:featuredmedia":[{"embeddable":true,"href":"https:\/\/cleanlaundry.com\/es\/wp-json\/wp\/v2\/media\/10888"}],"wp:attachment":[{"href":"https:\/\/cleanlaundry.com\/es\/wp-json\/wp\/v2\/media?parent=7120"}],"curies":[{"name":"wp","href":"https:\/\/api.w.org\/{rel}","templated":true}]}}