{"id":7118,"date":"2019-01-20T15:41:14","date_gmt":"2019-01-20T21:41:14","guid":{"rendered":"https:\/\/cleanlaundry-wordpress.czzndpwd-liquidwebsites.com\/?page_id=7118"},"modified":"2026-03-30T12:05:24","modified_gmt":"2026-03-30T17:05:24","slug":"florida","status":"publish","type":"page","link":"https:\/\/cleanlaundry.com\/es\/locations\/florida\/","title":{"rendered":"Lavander\u00edas en Florida | Lugares de lavander\u00eda limpios cerca de usted"},"content":{"rendered":"<h1>\n\t\tLavander\u00edas en Florida\n\t<\/h1>\n<h2>\n\t\tLavander\u00edas en <br \/> Florida central\n\t<\/h2>\n\t<p>Clean Laundry se enorgullece de ofrecer a los residentes de Florida Central una lavander\u00eda autom\u00e1tica segura, limpia y conveniente donde pueden lavar grandes cantidades de ropa en muy poco tiempo.<\/p>\n<h2>\n\t\tServicios de lavander\u00eda Kissimmee\n\t<\/h2>\n\t\t\t\t<a href=\"https:\/\/cleanlaundry.com\/es\/laundromat-at-1359-us-192-kissimmee-fl-34744\/\"  target=\"_self\" itemprop=\"url\">\n\t\t\t\t<img loading=\"lazy\" decoding=\"async\" src=\"https:\/\/cleanlaundry.com\/wp-content\/uploads\/2020\/10\/EastVine-Kissimmee-Exterior-scaled.jpg\" alt=\"EastVine-Kissimmee-Exterior\" itemprop=\"image\" height=\"1529\" width=\"2560\" title=\"EastVine-Kissimmee-Exterior\" onerror=\"this.style.display='none'\"  \/>\n\t\t\t\t<\/a>\n\t<h3>Lavander\u00eda limpia de East Vine Street<\/h3>\n<p>1359 East Vine Street<\/p>\n<p>Kissimmee, FL 34744<\/p>\n<p><strong>SECO GRATIS: <\/strong><\/p>\n<p>Martes 6 am \u2013 6 pm<\/p>\n<p>&nbsp;<\/p>\n<h2>\n\t\tServicios de lavander\u00eda en Orlando\n\t<\/h2>\n\t\t\t\t<a href=\"https:\/\/cleanlaundry.com\/es\/laundromat-at-1084-lee-road-orlando-fl-32810\/\"  target=\"_self\" itemprop=\"url\">\n\t\t\t\t<img loading=\"lazy\" decoding=\"async\" src=\"https:\/\/cleanlaundry.com\/wp-content\/uploads\/2023\/09\/CL16-05.01-Storefront-Orlando-LeeRd-600x350-1.jpg\" alt=\"Clean Laundry Orlando, FL on Lee Road\" itemprop=\"image\" height=\"350\" width=\"600\" title=\"Clean Laundry Orlando, FL on Lee Road\" onerror=\"this.style.display='none'\"  \/>\n\t\t\t\t<\/a>\n\t<h3><a href=\"https:\/\/cleanlaundry.com\/es\/laundromat-at-1084-lee-road-orlando-fl-32810\/\">Lee Road Clean Lavander\u00eda<\/a><\/h3>\n1084 Lee Road<br \/>\nOrlando, FL 32810\n<p><strong>SECO GRATIS: <\/strong><\/p>\n<p>Martes 6 am \u2013 6 pm<\/p>\n\t<iframe loading=\"lazy\" src=\"https:\/\/www.google.com\/maps\/d\/u\/0\/embed?mid=1IX_sJ00BifWLRrJWZp9QiI0XVzt4M50E&#038;ehbc=2E312F\" width=\"100%\" height=\"480\"><\/iframe>\n\t\t\n\t\t\t<a href=\"\/es\/locations\/\" target=\"_self\">\n\t\t\t\t\t\tVer todas las ubicaciones de lavander\u00eda limpia\n\t\t\t\t\t<\/a>","protected":false},"excerpt":{"rendered":"<p>Laundromats in Florida Laundromats in Central Florida Clean Laundry is proud to offer residents of Central Florida a safe, clean, and convenient laundromat where they can do large amounts of laundry in a very short time. Kissimmee Laundry Services East Vine Street Clean Laundry 1359 East\u00a0 Vine Street Kissimmee, FL 34744 FREE DRY: Tuesdays 6&hellip;<\/p>","protected":false},"author":2,"featured_media":10897,"parent":4622,"menu_order":0,"comment_status":"closed","ping_status":"closed","template":"","meta":{"footnotes":""},"class_list":["post-7118","page","type-page","status-publish","has-post-thumbnail","hentry"],"yoast_head":"<!-- This site is optimized with the Yoast SEO plugin v25.0 - https:\/\/yoast.com\/wordpress\/plugins\/seo\/ -->\n<title>Laundromats in Florida | Clean Laundry Locations<\/title>\n<meta name=\"description\" content=\"There are Clean Laundry laundromats conveniently located in Florida and across the United States. Find out more about our Florida locations.\" \/>\n<meta name=\"robots\" content=\"index, follow, max-snippet:-1, max-image-preview:large, max-video-preview:-1\" \/>\n<link rel=\"canonical\" href=\"https:\/\/cleanlaundry.com\/es\/locations\/florida\/\" \/>\n<meta property=\"og:locale\" content=\"es_MX\" \/>\n<meta property=\"og:type\" content=\"article\" \/>\n<meta property=\"og:title\" content=\"Laundromats in Florida | Clean Laundry Locations\" \/>\n<meta property=\"og:description\" content=\"There are Clean Laundry laundromats conveniently located in Florida and across the United States. Find out more about our Florida locations.\" \/>\n<meta property=\"og:url\" content=\"https:\/\/cleanlaundry.com\/es\/locations\/florida\/\" \/>\n<meta property=\"og:site_name\" content=\"Clean Laundry\" \/>\n<meta property=\"article:modified_time\" content=\"2026-03-30T17:05:24+00:00\" \/>\n<meta property=\"og:image\" content=\"https:\/\/cleanlaundry.com\/wp-content\/uploads\/2021\/02\/CL-16.jpg\" \/>\n\t<meta property=\"og:image:width\" content=\"600\" \/>\n\t<meta property=\"og:image:height\" content=\"350\" \/>\n\t<meta property=\"og:image:type\" content=\"image\/jpeg\" \/>\n<meta name=\"twitter:card\" content=\"summary_large_image\" \/>\n<script type=\"application\/ld+json\" class=\"yoast-schema-graph\">{\"@context\":\"https:\/\/schema.org\",\"@graph\":[{\"@type\":\"WebPage\",\"@id\":\"https:\/\/cleanlaundry.com\/locations\/florida\/\",\"url\":\"https:\/\/cleanlaundry.com\/locations\/florida\/\",\"name\":\"Laundromats in Florida | Clean Laundry Locations\",\"isPartOf\":{\"@id\":\"https:\/\/cleanlaundry.com\/#website\"},\"primaryImageOfPage\":{\"@id\":\"https:\/\/cleanlaundry.com\/locations\/florida\/#primaryimage\"},\"image\":{\"@id\":\"https:\/\/cleanlaundry.com\/locations\/florida\/#primaryimage\"},\"thumbnailUrl\":\"https:\/\/cleanlaundry.com\/wp-content\/uploads\/2021\/02\/CL-16.jpg\",\"datePublished\":\"2019-01-20T21:41:14+00:00\",\"dateModified\":\"2026-03-30T17:05:24+00:00\",\"description\":\"There are Clean Laundry laundromats conveniently located in Florida and across the United States. Find out more about our Florida locations.\",\"breadcrumb\":{\"@id\":\"https:\/\/cleanlaundry.com\/locations\/florida\/#breadcrumb\"},\"inLanguage\":\"es\",\"potentialAction\":[{\"@type\":\"ReadAction\",\"target\":[\"https:\/\/cleanlaundry.com\/locations\/florida\/\"]}]},{\"@type\":\"ImageObject\",\"inLanguage\":\"es\",\"@id\":\"https:\/\/cleanlaundry.com\/locations\/florida\/#primaryimage\",\"url\":\"https:\/\/cleanlaundry.com\/wp-content\/uploads\/2021\/02\/CL-16.jpg\",\"contentUrl\":\"https:\/\/cleanlaundry.com\/wp-content\/uploads\/2021\/02\/CL-16.jpg\",\"width\":600,\"height\":350,\"caption\":\"Clean Laundry laundromat storefront on Lee Rd. in Orlando, FL\"},{\"@type\":\"BreadcrumbList\",\"@id\":\"https:\/\/cleanlaundry.com\/locations\/florida\/#breadcrumb\",\"itemListElement\":[{\"@type\":\"ListItem\",\"position\":1,\"name\":\"Home\",\"item\":\"https:\/\/cleanlaundry.com\/\"},{\"@type\":\"ListItem\",\"position\":2,\"name\":\"All Clean Laundry Locations | Find a laundromat near you\",\"item\":\"https:\/\/cleanlaundry.com\/locations\/\"},{\"@type\":\"ListItem\",\"position\":3,\"name\":\"Laundromats in Florida | Clean Laundry Locations Near You\"}]},{\"@type\":\"WebSite\",\"@id\":\"https:\/\/cleanlaundry.com\/#website\",\"url\":\"https:\/\/cleanlaundry.com\/\",\"name\":\"Clean Laundry\",\"description\":\"Clean Laundry\",\"potentialAction\":[{\"@type\":\"SearchAction\",\"target\":{\"@type\":\"EntryPoint\",\"urlTemplate\":\"https:\/\/cleanlaundry.com\/?s={search_term_string}\"},\"query-input\":{\"@type\":\"PropertyValueSpecification\",\"valueRequired\":true,\"valueName\":\"search_term_string\"}}],\"inLanguage\":\"es\"}]}<\/script>\n<!-- \/ Yoast SEO plugin. -->","yoast_head_json":{"title":"Lavander\u00edas en Florida | Ubicaciones de Clean Laundry","description":"Hay lavander\u00edas de Clean Laundry convenientemente ubicadas en Florida y en todo Estados Unidos. Obtenga m\u00e1s informaci\u00f3n sobre nuestras ubicaciones en Florida.","robots":{"index":"index","follow":"follow","max-snippet":"max-snippet:-1","max-image-preview":"max-image-preview:large","max-video-preview":"max-video-preview:-1"},"canonical":"https:\/\/cleanlaundry.com\/es\/locations\/florida\/","og_locale":"es_MX","og_type":"article","og_title":"Laundromats in Florida | Clean Laundry Locations","og_description":"There are Clean Laundry laundromats conveniently located in Florida and across the United States. Find out more about our Florida locations.","og_url":"https:\/\/cleanlaundry.com\/es\/locations\/florida\/","og_site_name":"Clean Laundry","article_modified_time":"2026-03-30T17:05:24+00:00","og_image":[{"width":600,"height":350,"url":"https:\/\/cleanlaundry.com\/wp-content\/uploads\/2021\/02\/CL-16.jpg","type":"image\/jpeg"}],"twitter_card":"summary_large_image","schema":{"@context":"https:\/\/schema.org","@graph":[{"@type":"WebPage","@id":"https:\/\/cleanlaundry.com\/locations\/florida\/","url":"https:\/\/cleanlaundry.com\/locations\/florida\/","name":"Lavander\u00edas en Florida | Ubicaciones de Clean Laundry","isPartOf":{"@id":"https:\/\/cleanlaundry.com\/#website"},"primaryImageOfPage":{"@id":"https:\/\/cleanlaundry.com\/locations\/florida\/#primaryimage"},"image":{"@id":"https:\/\/cleanlaundry.com\/locations\/florida\/#primaryimage"},"thumbnailUrl":"https:\/\/cleanlaundry.com\/wp-content\/uploads\/2021\/02\/CL-16.jpg","datePublished":"2019-01-20T21:41:14+00:00","dateModified":"2026-03-30T17:05:24+00:00","description":"Hay lavander\u00edas de Clean Laundry convenientemente ubicadas en Florida y en todo Estados Unidos. Obtenga m\u00e1s informaci\u00f3n sobre nuestras ubicaciones en Florida.","breadcrumb":{"@id":"https:\/\/cleanlaundry.com\/locations\/florida\/#breadcrumb"},"inLanguage":"es","potentialAction":[{"@type":"ReadAction","target":["https:\/\/cleanlaundry.com\/locations\/florida\/"]}]},{"@type":"ImageObject","inLanguage":"es","@id":"https:\/\/cleanlaundry.com\/locations\/florida\/#primaryimage","url":"https:\/\/cleanlaundry.com\/wp-content\/uploads\/2021\/02\/CL-16.jpg","contentUrl":"https:\/\/cleanlaundry.com\/wp-content\/uploads\/2021\/02\/CL-16.jpg","width":600,"height":350,"caption":"Clean Laundry laundromat storefront on Lee Rd. in Orlando, FL"},{"@type":"BreadcrumbList","@id":"https:\/\/cleanlaundry.com\/locations\/florida\/#breadcrumb","itemListElement":[{"@type":"ListItem","position":1,"name":"Home","item":"https:\/\/cleanlaundry.com\/"},{"@type":"ListItem","position":2,"name":"All Clean Laundry Locations | Find a laundromat near you","item":"https:\/\/cleanlaundry.com\/locations\/"},{"@type":"ListItem","position":3,"name":"Laundromats in Florida | Clean Laundry Locations Near You"}]},{"@type":"WebSite","@id":"https:\/\/cleanlaundry.com\/#website","url":"https:\/\/cleanlaundry.com\/","name":"Ropa limpia","description":"Ropa limpia","potentialAction":[{"@type":"SearchAction","target":{"@type":"EntryPoint","urlTemplate":"https:\/\/cleanlaundry.com\/?s={search_term_string}"},"query-input":{"@type":"PropertyValueSpecification","valueRequired":true,"valueName":"search_term_string"}}],"inLanguage":"es"}]}},"_links":{"self":[{"href":"https:\/\/cleanlaundry.com\/es\/wp-json\/wp\/v2\/pages\/7118","targetHints":{"allow":["GET"]}}],"collection":[{"href":"https:\/\/cleanlaundry.com\/es\/wp-json\/wp\/v2\/pages"}],"about":[{"href":"https:\/\/cleanlaundry.com\/es\/wp-json\/wp\/v2\/types\/page"}],"author":[{"embeddable":true,"href":"https:\/\/cleanlaundry.com\/es\/wp-json\/wp\/v2\/users\/2"}],"replies":[{"embeddable":true,"href":"https:\/\/cleanlaundry.com\/es\/wp-json\/wp\/v2\/comments?post=7118"}],"version-history":[{"count":32,"href":"https:\/\/cleanlaundry.com\/es\/wp-json\/wp\/v2\/pages\/7118\/revisions"}],"predecessor-version":[{"id":15342,"href":"https:\/\/cleanlaundry.com\/es\/wp-json\/wp\/v2\/pages\/7118\/revisions\/15342"}],"up":[{"embeddable":true,"href":"https:\/\/cleanlaundry.com\/es\/wp-json\/wp\/v2\/pages\/4622"}],"wp:featuredmedia":[{"embeddable":true,"href":"https:\/\/cleanlaundry.com\/es\/wp-json\/wp\/v2\/media\/10897"}],"wp:attachment":[{"href":"https:\/\/cleanlaundry.com\/es\/wp-json\/wp\/v2\/media?parent=7118"}],"curies":[{"name":"wp","href":"https:\/\/api.w.org\/{rel}","templated":true}]}}