{"id":7116,"date":"2019-01-20T15:40:36","date_gmt":"2019-01-20T21:40:36","guid":{"rendered":"https:\/\/cleanlaundry-wordpress.czzndpwd-liquidwebsites.com\/?page_id=7116"},"modified":"2025-12-11T15:55:39","modified_gmt":"2025-12-11T21:55:39","slug":"iowa","status":"publish","type":"page","link":"https:\/\/cleanlaundry.com\/es\/locations\/iowa\/","title":{"rendered":"Lavander\u00edas en Iowa | Lugares de lavander\u00eda limpios cerca de usted"},"content":{"rendered":"<h1>\n\t\tLavander\u00edas en Iowa\n\t<\/h1>\n\t<p>Seleccione una ciudad a continuaci\u00f3n para ver todas las ubicaciones cercanas<\/p>\n<h2>\n\t\t<a href=\"https:\/\/cleanlaundry.com\/es\/locations\/iowa\/cedar-rapids\/\" title=\"Cedar Rapids\"  target=\"_self\">\n\t\tCedar Rapids\n\t\t<\/a>\n\t<\/h2>\n<h2>\n\t\t<a href=\"https:\/\/cleanlaundry.com\/es\/locations\/iowa\/coralville\/1705-2nd-st-corallville-ia\/\" title=\"Coralville\"  target=\"_self\">\n\t\tCoralville\n\t\t<\/a>\n\t<\/h2>\n<h2>\n\t\t<a href=\"https:\/\/cleanlaundry.com\/es\/locations\/iowa\/des-moines\/\" title=\"Des Moines\"  target=\"_self\">\n\t\tDes Moines\n\t\t<\/a>\n\t<\/h2>\n<h2>\n\t\t<a href=\"https:\/\/cleanlaundry.com\/es\/locations\/iowa\/fort-dodge\/2819-3rd-ave-s-fort-dodge-ia\/\" title=\"Fort Dodge\"  target=\"_self\">\n\t\tFort Dodge\n\t\t<\/a>\n\t<\/h2>\n<h2>\n\t\t<a href=\"https:\/\/cleanlaundry.com\/es\/locations\/iowa\/dubuque\/3301-pennsylvania-ave-dubuque-ia\/\" title=\"Dubuque\"  target=\"_self\">\n\t\tDubuque\n\t\t<\/a>\n\t<\/h2>\n<h2>\n\t\t<a href=\"https:\/\/cleanlaundry.com\/es\/locations\/iowa\/iowa-city\/\" title=\"Iowa City\"  target=\"_self\">\n\t\tIowa City\n\t\t<\/a>\n\t<\/h2>\n<h2>\n\t\t<a href=\"https:\/\/cleanlaundry.com\/es\/locations\/iowa\/marion\/\" title=\"Marion\"  target=\"_self\">\n\t\tMarion\n\t\t<\/a>\n\t<\/h2>\n<h2>\n\t\t<a href=\"https:\/\/cleanlaundry.com\/es\/locations\/iowa\/oskaloosa\/104-n-g-street-oskaloosa-ia\/\" title=\"Oskaloosa\"  target=\"_self\">\n\t\tOskaloosa\n\t\t<\/a>\n\t<\/h2>\n<h2>\n\t\t<a href=\"https:\/\/cleanlaundry.com\/es\/locations\/iowa\/ottumwa\/\" title=\"Ottumwa\"  target=\"_self\">\n\t\tOttumwa\n\t\t<\/a>\n\t<\/h2>\n<h2>\n\t\t<a href=\"https:\/\/cleanlaundry.com\/es\/locations\/iowa\/waterloo-2\/\" title=\"Waterloo\"  target=\"_self\">\n\t\tWaterloo\n\t\t<\/a>\n\t<\/h2>\n\t\t\n\t\t\t<a href=\"\/es\/locations\/\" target=\"_self\">\n\t\t\t\t\t\tVer todas las ubicaciones de lavander\u00eda limpia\n\t\t\t\t\t<\/a>","protected":false},"excerpt":{"rendered":"<p>Laundromats in Iowa Select a city below to view all nearby locations Cedar Rapids Coralville Des Moines Fort Dodge Dubuque Iowa City Marion Oskaloosa Ottumwa Waterloo View All Clean Laundry Locations<\/p>","protected":false},"author":2,"featured_media":9584,"parent":4622,"menu_order":0,"comment_status":"closed","ping_status":"closed","template":"","meta":{"footnotes":""},"class_list":["post-7116","page","type-page","status-publish","has-post-thumbnail","hentry"],"yoast_head":"<!-- This site is optimized with the Yoast SEO plugin v25.0 - https:\/\/yoast.com\/wordpress\/plugins\/seo\/ -->\n<title>Laundromats in Iowa | Clean Laundry Locations<\/title>\n<meta name=\"description\" content=\"There are Clean Laundry laundromats conveniently located in Iowa and across the United States. Find out more about our Iowa locations.\" \/>\n<meta name=\"robots\" content=\"index, follow, max-snippet:-1, max-image-preview:large, max-video-preview:-1\" \/>\n<link rel=\"canonical\" href=\"https:\/\/cleanlaundry.com\/es\/locations\/iowa\/\" \/>\n<meta property=\"og:locale\" content=\"es_MX\" \/>\n<meta property=\"og:type\" content=\"article\" \/>\n<meta property=\"og:title\" content=\"Laundromats in Iowa | Clean Laundry Locations\" \/>\n<meta property=\"og:description\" content=\"There are Clean Laundry laundromats conveniently located in Iowa and across the United States. Find out more about our Iowa locations.\" \/>\n<meta property=\"og:url\" content=\"https:\/\/cleanlaundry.com\/es\/locations\/iowa\/\" \/>\n<meta property=\"og:site_name\" content=\"Clean Laundry\" \/>\n<meta property=\"article:modified_time\" content=\"2025-12-11T21:55:39+00:00\" \/>\n<meta property=\"og:image\" content=\"https:\/\/cleanlaundry.com\/wp-content\/uploads\/2020\/06\/CL003-Storefront-CR-Kirkwood-2.jpg\" \/>\n\t<meta property=\"og:image:width\" content=\"1000\" \/>\n\t<meta property=\"og:image:height\" content=\"500\" \/>\n\t<meta property=\"og:image:type\" content=\"image\/jpeg\" \/>\n<meta name=\"twitter:card\" content=\"summary_large_image\" \/>\n<script type=\"application\/ld+json\" class=\"yoast-schema-graph\">{\"@context\":\"https:\/\/schema.org\",\"@graph\":[{\"@type\":\"WebPage\",\"@id\":\"https:\/\/cleanlaundry.com\/locations\/iowa\/\",\"url\":\"https:\/\/cleanlaundry.com\/locations\/iowa\/\",\"name\":\"Laundromats in Iowa | Clean Laundry Locations\",\"isPartOf\":{\"@id\":\"https:\/\/cleanlaundry.com\/#website\"},\"primaryImageOfPage\":{\"@id\":\"https:\/\/cleanlaundry.com\/locations\/iowa\/#primaryimage\"},\"image\":{\"@id\":\"https:\/\/cleanlaundry.com\/locations\/iowa\/#primaryimage\"},\"thumbnailUrl\":\"https:\/\/cleanlaundry.com\/wp-content\/uploads\/2020\/06\/CL003-Storefront-CR-Kirkwood-2.jpg\",\"datePublished\":\"2019-01-20T21:40:36+00:00\",\"dateModified\":\"2025-12-11T21:55:39+00:00\",\"description\":\"There are Clean Laundry laundromats conveniently located in Iowa and across the United States. Find out more about our Iowa locations.\",\"breadcrumb\":{\"@id\":\"https:\/\/cleanlaundry.com\/locations\/iowa\/#breadcrumb\"},\"inLanguage\":\"es\",\"potentialAction\":[{\"@type\":\"ReadAction\",\"target\":[\"https:\/\/cleanlaundry.com\/locations\/iowa\/\"]}]},{\"@type\":\"ImageObject\",\"inLanguage\":\"es\",\"@id\":\"https:\/\/cleanlaundry.com\/locations\/iowa\/#primaryimage\",\"url\":\"https:\/\/cleanlaundry.com\/wp-content\/uploads\/2020\/06\/CL003-Storefront-CR-Kirkwood-2.jpg\",\"contentUrl\":\"https:\/\/cleanlaundry.com\/wp-content\/uploads\/2020\/06\/CL003-Storefront-CR-Kirkwood-2.jpg\",\"width\":1000,\"height\":500},{\"@type\":\"BreadcrumbList\",\"@id\":\"https:\/\/cleanlaundry.com\/locations\/iowa\/#breadcrumb\",\"itemListElement\":[{\"@type\":\"ListItem\",\"position\":1,\"name\":\"Home\",\"item\":\"https:\/\/cleanlaundry.com\/\"},{\"@type\":\"ListItem\",\"position\":2,\"name\":\"All Clean Laundry Locations | Find a laundromat near you\",\"item\":\"https:\/\/cleanlaundry.com\/locations\/\"},{\"@type\":\"ListItem\",\"position\":3,\"name\":\"Laundromats in Iowa | Clean Laundry Locations Near You\"}]},{\"@type\":\"WebSite\",\"@id\":\"https:\/\/cleanlaundry.com\/#website\",\"url\":\"https:\/\/cleanlaundry.com\/\",\"name\":\"Clean Laundry\",\"description\":\"Clean Laundry\",\"potentialAction\":[{\"@type\":\"SearchAction\",\"target\":{\"@type\":\"EntryPoint\",\"urlTemplate\":\"https:\/\/cleanlaundry.com\/?s={search_term_string}\"},\"query-input\":{\"@type\":\"PropertyValueSpecification\",\"valueRequired\":true,\"valueName\":\"search_term_string\"}}],\"inLanguage\":\"es\"}]}<\/script>\n<!-- \/ Yoast SEO plugin. -->","yoast_head_json":{"title":"Lavander\u00edas en Iowa | Ubicaciones de Clean Laundry","description":"Hay lavander\u00edas de Clean Laundry convenientemente ubicadas en Iowa y en todo Estados Unidos. Obtenga m\u00e1s informaci\u00f3n sobre nuestras ubicaciones en Iowa.","robots":{"index":"index","follow":"follow","max-snippet":"max-snippet:-1","max-image-preview":"max-image-preview:large","max-video-preview":"max-video-preview:-1"},"canonical":"https:\/\/cleanlaundry.com\/es\/locations\/iowa\/","og_locale":"es_MX","og_type":"article","og_title":"Laundromats in Iowa | Clean Laundry Locations","og_description":"There are Clean Laundry laundromats conveniently located in Iowa and across the United States. Find out more about our Iowa locations.","og_url":"https:\/\/cleanlaundry.com\/es\/locations\/iowa\/","og_site_name":"Clean Laundry","article_modified_time":"2025-12-11T21:55:39+00:00","og_image":[{"width":1000,"height":500,"url":"https:\/\/cleanlaundry.com\/wp-content\/uploads\/2020\/06\/CL003-Storefront-CR-Kirkwood-2.jpg","type":"image\/jpeg"}],"twitter_card":"summary_large_image","schema":{"@context":"https:\/\/schema.org","@graph":[{"@type":"WebPage","@id":"https:\/\/cleanlaundry.com\/locations\/iowa\/","url":"https:\/\/cleanlaundry.com\/locations\/iowa\/","name":"Lavander\u00edas en Iowa | Ubicaciones de Clean Laundry","isPartOf":{"@id":"https:\/\/cleanlaundry.com\/#website"},"primaryImageOfPage":{"@id":"https:\/\/cleanlaundry.com\/locations\/iowa\/#primaryimage"},"image":{"@id":"https:\/\/cleanlaundry.com\/locations\/iowa\/#primaryimage"},"thumbnailUrl":"https:\/\/cleanlaundry.com\/wp-content\/uploads\/2020\/06\/CL003-Storefront-CR-Kirkwood-2.jpg","datePublished":"2019-01-20T21:40:36+00:00","dateModified":"2025-12-11T21:55:39+00:00","description":"Hay lavander\u00edas de Clean Laundry convenientemente ubicadas en Iowa y en todo Estados Unidos. Obtenga m\u00e1s informaci\u00f3n sobre nuestras ubicaciones en Iowa.","breadcrumb":{"@id":"https:\/\/cleanlaundry.com\/locations\/iowa\/#breadcrumb"},"inLanguage":"es","potentialAction":[{"@type":"ReadAction","target":["https:\/\/cleanlaundry.com\/locations\/iowa\/"]}]},{"@type":"ImageObject","inLanguage":"es","@id":"https:\/\/cleanlaundry.com\/locations\/iowa\/#primaryimage","url":"https:\/\/cleanlaundry.com\/wp-content\/uploads\/2020\/06\/CL003-Storefront-CR-Kirkwood-2.jpg","contentUrl":"https:\/\/cleanlaundry.com\/wp-content\/uploads\/2020\/06\/CL003-Storefront-CR-Kirkwood-2.jpg","width":1000,"height":500},{"@type":"BreadcrumbList","@id":"https:\/\/cleanlaundry.com\/locations\/iowa\/#breadcrumb","itemListElement":[{"@type":"ListItem","position":1,"name":"Home","item":"https:\/\/cleanlaundry.com\/"},{"@type":"ListItem","position":2,"name":"All Clean Laundry Locations | Find a laundromat near you","item":"https:\/\/cleanlaundry.com\/locations\/"},{"@type":"ListItem","position":3,"name":"Laundromats in Iowa | Clean Laundry Locations Near You"}]},{"@type":"WebSite","@id":"https:\/\/cleanlaundry.com\/#website","url":"https:\/\/cleanlaundry.com\/","name":"Ropa limpia","description":"Ropa limpia","potentialAction":[{"@type":"SearchAction","target":{"@type":"EntryPoint","urlTemplate":"https:\/\/cleanlaundry.com\/?s={search_term_string}"},"query-input":{"@type":"PropertyValueSpecification","valueRequired":true,"valueName":"search_term_string"}}],"inLanguage":"es"}]}},"_links":{"self":[{"href":"https:\/\/cleanlaundry.com\/es\/wp-json\/wp\/v2\/pages\/7116","targetHints":{"allow":["GET"]}}],"collection":[{"href":"https:\/\/cleanlaundry.com\/es\/wp-json\/wp\/v2\/pages"}],"about":[{"href":"https:\/\/cleanlaundry.com\/es\/wp-json\/wp\/v2\/types\/page"}],"author":[{"embeddable":true,"href":"https:\/\/cleanlaundry.com\/es\/wp-json\/wp\/v2\/users\/2"}],"replies":[{"embeddable":true,"href":"https:\/\/cleanlaundry.com\/es\/wp-json\/wp\/v2\/comments?post=7116"}],"version-history":[{"count":32,"href":"https:\/\/cleanlaundry.com\/es\/wp-json\/wp\/v2\/pages\/7116\/revisions"}],"predecessor-version":[{"id":15302,"href":"https:\/\/cleanlaundry.com\/es\/wp-json\/wp\/v2\/pages\/7116\/revisions\/15302"}],"up":[{"embeddable":true,"href":"https:\/\/cleanlaundry.com\/es\/wp-json\/wp\/v2\/pages\/4622"}],"wp:featuredmedia":[{"embeddable":true,"href":"https:\/\/cleanlaundry.com\/es\/wp-json\/wp\/v2\/media\/9584"}],"wp:attachment":[{"href":"https:\/\/cleanlaundry.com\/es\/wp-json\/wp\/v2\/media?parent=7116"}],"curies":[{"name":"wp","href":"https:\/\/api.w.org\/{rel}","templated":true}]}}