{"id":4626,"date":"2014-04-21T23:07:09","date_gmt":"2014-04-21T23:07:09","guid":{"rendered":"https:\/\/cleanlaundry-wordpress.czzndpwd-liquidwebsites.com\/?page_id=4626"},"modified":"2023-05-26T15:12:18","modified_gmt":"2023-05-26T20:12:18","slug":"contact","status":"publish","type":"page","link":"https:\/\/cleanlaundry.com\/es\/contact\/","title":{"rendered":"Contacto"},"content":{"rendered":"<h1>\n\t\tCont\u00e1ctenos\n\t<\/h1>\n<h2>\n\t\tEscr\u00edbanos.\n\t<\/h2>\n\t<p>Estamos aqu\u00ed para ayudar y valorar siempre sus ideas y opiniones sobre c\u00f3mo podemos mejorar nuestra tienda y servir mejor a nuestros clientes. Complete el breve formulario a continuaci\u00f3n y nos pondremos en contacto.<\/p>","protected":false},"excerpt":{"rendered":"<p>Cont\u00e1ctenos Env\u00edenos una l\u00ednea. Estamos aqu\u00ed para ayudar y valorar siempre sus ideas y opiniones sobre c\u00f3mo podemos mejorar nuestra tienda y servir mejor a nuestros clientes. Complete el breve formulario a continuaci\u00f3n y nos pondremos en contacto.<\/p>","protected":false},"author":2,"featured_media":0,"parent":0,"menu_order":0,"comment_status":"closed","ping_status":"open","template":"","meta":{"footnotes":""},"class_list":["post-4626","page","type-page","status-publish","hentry"],"yoast_head":"<!-- This site is optimized with the Yoast SEO plugin v25.0 - https:\/\/yoast.com\/wordpress\/plugins\/seo\/ -->\n<title>Contact Clean Laundry | Submit Questions and Feedback<\/title>\n<meta name=\"description\" content=\"We&#039;re here to help and always value your ideas and opinions on how we can improve our laundromats. Fill out the form and we&#039;ll be in touch!\" \/>\n<meta name=\"robots\" content=\"index, follow, max-snippet:-1, max-image-preview:large, max-video-preview:-1\" \/>\n<link rel=\"canonical\" href=\"https:\/\/cleanlaundry.com\/es\/contact\/\" \/>\n<meta property=\"og:locale\" content=\"es_MX\" \/>\n<meta property=\"og:type\" content=\"article\" \/>\n<meta property=\"og:title\" content=\"Contact Clean Laundry | Submit Questions and Feedback\" \/>\n<meta property=\"og:description\" content=\"We&#039;re here to help and always value your ideas and opinions on how we can improve our laundromats. Fill out the form and we&#039;ll be in touch!\" \/>\n<meta property=\"og:url\" content=\"https:\/\/cleanlaundry.com\/es\/contact\/\" \/>\n<meta property=\"og:site_name\" content=\"Clean Laundry\" \/>\n<meta property=\"article:modified_time\" content=\"2023-05-26T20:12:18+00:00\" \/>\n<meta name=\"twitter:card\" content=\"summary_large_image\" \/>\n<script type=\"application\/ld+json\" class=\"yoast-schema-graph\">{\"@context\":\"https:\/\/schema.org\",\"@graph\":[{\"@type\":\"WebPage\",\"@id\":\"https:\/\/cleanlaundry.com\/contact\/\",\"url\":\"https:\/\/cleanlaundry.com\/contact\/\",\"name\":\"Contact Clean Laundry | Submit Questions and Feedback\",\"isPartOf\":{\"@id\":\"https:\/\/cleanlaundry.com\/#website\"},\"datePublished\":\"2014-04-21T23:07:09+00:00\",\"dateModified\":\"2023-05-26T20:12:18+00:00\",\"description\":\"We're here to help and always value your ideas and opinions on how we can improve our laundromats. Fill out the form and we'll be in touch!\",\"breadcrumb\":{\"@id\":\"https:\/\/cleanlaundry.com\/contact\/#breadcrumb\"},\"inLanguage\":\"es\",\"potentialAction\":[{\"@type\":\"ReadAction\",\"target\":[\"https:\/\/cleanlaundry.com\/contact\/\"]}]},{\"@type\":\"BreadcrumbList\",\"@id\":\"https:\/\/cleanlaundry.com\/contact\/#breadcrumb\",\"itemListElement\":[{\"@type\":\"ListItem\",\"position\":1,\"name\":\"Home\",\"item\":\"https:\/\/cleanlaundry.com\/\"},{\"@type\":\"ListItem\",\"position\":2,\"name\":\"Contact\"}]},{\"@type\":\"WebSite\",\"@id\":\"https:\/\/cleanlaundry.com\/#website\",\"url\":\"https:\/\/cleanlaundry.com\/\",\"name\":\"Clean Laundry\",\"description\":\"Clean Laundry\",\"potentialAction\":[{\"@type\":\"SearchAction\",\"target\":{\"@type\":\"EntryPoint\",\"urlTemplate\":\"https:\/\/cleanlaundry.com\/?s={search_term_string}\"},\"query-input\":{\"@type\":\"PropertyValueSpecification\",\"valueRequired\":true,\"valueName\":\"search_term_string\"}}],\"inLanguage\":\"es\"}]}<\/script>\n<!-- \/ Yoast SEO plugin. -->","yoast_head_json":{"title":"Comun\u00edquese con Clean Laundry | Enviar preguntas y comentarios","description":"Estamos aqu\u00ed para ayudar y siempre valoramos sus ideas y opiniones sobre c\u00f3mo podemos mejorar nuestras lavander\u00edas. \u00a1Rellena el formulario y nos pondremos en contacto!","robots":{"index":"index","follow":"follow","max-snippet":"max-snippet:-1","max-image-preview":"max-image-preview:large","max-video-preview":"max-video-preview:-1"},"canonical":"https:\/\/cleanlaundry.com\/es\/contact\/","og_locale":"es_MX","og_type":"article","og_title":"Contact Clean Laundry | Submit Questions and Feedback","og_description":"We're here to help and always value your ideas and opinions on how we can improve our laundromats. Fill out the form and we'll be in touch!","og_url":"https:\/\/cleanlaundry.com\/es\/contact\/","og_site_name":"Clean Laundry","article_modified_time":"2023-05-26T20:12:18+00:00","twitter_card":"summary_large_image","schema":{"@context":"https:\/\/schema.org","@graph":[{"@type":"WebPage","@id":"https:\/\/cleanlaundry.com\/contact\/","url":"https:\/\/cleanlaundry.com\/contact\/","name":"Comun\u00edquese con Clean Laundry | Enviar preguntas y comentarios","isPartOf":{"@id":"https:\/\/cleanlaundry.com\/#website"},"datePublished":"2014-04-21T23:07:09+00:00","dateModified":"2023-05-26T20:12:18+00:00","description":"Estamos aqu\u00ed para ayudar y siempre valoramos sus ideas y opiniones sobre c\u00f3mo podemos mejorar nuestras lavander\u00edas. \u00a1Rellena el formulario y nos pondremos en contacto!","breadcrumb":{"@id":"https:\/\/cleanlaundry.com\/contact\/#breadcrumb"},"inLanguage":"es","potentialAction":[{"@type":"ReadAction","target":["https:\/\/cleanlaundry.com\/contact\/"]}]},{"@type":"BreadcrumbList","@id":"https:\/\/cleanlaundry.com\/contact\/#breadcrumb","itemListElement":[{"@type":"ListItem","position":1,"name":"Home","item":"https:\/\/cleanlaundry.com\/"},{"@type":"ListItem","position":2,"name":"Contact"}]},{"@type":"WebSite","@id":"https:\/\/cleanlaundry.com\/#website","url":"https:\/\/cleanlaundry.com\/","name":"Ropa limpia","description":"Ropa limpia","potentialAction":[{"@type":"SearchAction","target":{"@type":"EntryPoint","urlTemplate":"https:\/\/cleanlaundry.com\/?s={search_term_string}"},"query-input":{"@type":"PropertyValueSpecification","valueRequired":true,"valueName":"search_term_string"}}],"inLanguage":"es"}]}},"_links":{"self":[{"href":"https:\/\/cleanlaundry.com\/es\/wp-json\/wp\/v2\/pages\/4626","targetHints":{"allow":["GET"]}}],"collection":[{"href":"https:\/\/cleanlaundry.com\/es\/wp-json\/wp\/v2\/pages"}],"about":[{"href":"https:\/\/cleanlaundry.com\/es\/wp-json\/wp\/v2\/types\/page"}],"author":[{"embeddable":true,"href":"https:\/\/cleanlaundry.com\/es\/wp-json\/wp\/v2\/users\/2"}],"replies":[{"embeddable":true,"href":"https:\/\/cleanlaundry.com\/es\/wp-json\/wp\/v2\/comments?post=4626"}],"version-history":[{"count":25,"href":"https:\/\/cleanlaundry.com\/es\/wp-json\/wp\/v2\/pages\/4626\/revisions"}],"predecessor-version":[{"id":14473,"href":"https:\/\/cleanlaundry.com\/es\/wp-json\/wp\/v2\/pages\/4626\/revisions\/14473"}],"wp:attachment":[{"href":"https:\/\/cleanlaundry.com\/es\/wp-json\/wp\/v2\/media?parent=4626"}],"curies":[{"name":"wp","href":"https:\/\/api.w.org\/{rel}","templated":true}]}}