{"id":4624,"date":"2014-04-21T23:07:02","date_gmt":"2014-04-21T23:07:02","guid":{"rendered":"https:\/\/cleanlaundry-wordpress.czzndpwd-liquidwebsites.com\/?page_id=4624"},"modified":"2023-02-02T13:19:50","modified_gmt":"2023-02-02T19:19:50","slug":"about","status":"publish","type":"page","link":"https:\/\/cleanlaundry.com\/es\/about\/","title":{"rendered":"Acerca de"},"content":{"rendered":"<h1>\n\t\tAcerca de Clean Laundry\n\t<\/h1>\n\t\t\t\t<img loading=\"lazy\" decoding=\"async\" src=\"https:\/\/cleanlaundry.com\/wp-content\/uploads\/2021\/02\/CL-01.jpg\" alt=\"CL-01\" itemprop=\"image\" height=\"350\" width=\"600\" title=\"CL-01\" onerror=\"this.style.display='none'\"  \/>\n\t<h2><strong>Nuestra promesa<\/strong><\/h2>\n<p>Lavander\u00eda limpia es una idea simple. Si va a un lugar para que le limpien la ropa, debe estar limpia. Debe ser r\u00e1pido, c\u00f3modo y hacer el mejor trabajo al lavar y secar la ropa. Debe ser un lugar agradable y c\u00f3modo, seguro, protegido y que ofrezca un gran valor.<\/p>\n<p>Luego agregamos algunos requisitos adicionales a nuestra lista. Quer\u00edamos utilizar los productos fabricados en Iowa y quer\u00edamos una tienda &quot;ecol\u00f3gica&quot; que redujera el uso de agua, gas y electricidad en comparaci\u00f3n con las instalaciones m\u00e1s antiguas y menos eficientes.<\/p>\n<p>Lo que terminamos es la nueva lavander\u00eda limpia, \u00a1y ya es hora!<\/p>\n\t<h3><strong>\u00a0 \u00a0Seguro<\/strong><\/h3>\n<ul>\n<li>Videovigilancia 24\/7<\/li>\n<li>Iluminaci\u00f3n LED brillante<\/li>\n<li>Muchos lugares tienen asistentes de guardia<\/li>\n<\/ul>\n\t<h3><strong>\u00a0 \u00a0 <\/strong><strong>Eficiente<\/strong><\/h3>\n<ul>\n<li>Lavar y secar en menos de una hora<\/li>\n<li>Agua blanda = ropa m\u00e1s limpia con menos detergente<\/li>\n<li>Las enormes lavadoras hacen hasta 9 cargas a la vez<\/li>\n<li>Tiendas &quot;ecol\u00f3gicas&quot; con LED de ahorro de energ\u00eda<\/li>\n<\/ul>\n\t<h3><strong>&nbsp; &nbsp;Moderno<\/strong><\/h3>\n<ul>\n<li>Lavadoras y secadoras de \u00faltima generaci\u00f3n<\/li>\n<li>Interior fresco y luminoso para disfrutar<\/li>\n<li>Estaciones de carga HDTV, WiFi y USB<\/li>\n<li>Seguro <a href=\"https:\/\/cleanlaundry.com\/es\/mobile-pay\/\">Pago m\u00f3vil<\/a> Opci\u00f3n<\/li>\n<\/ul>\n\t<h3>\u00a0 \u00a0 Limpiar<\/h3>\n<ul>\n<li>Nuestro personal se enorgullece de mantener siempre una lavander\u00eda limpia<\/li>\n<li>Utilice nuestros carritos de lavander\u00eda gratuitos para mantener la ropa fuera del suelo<\/li>\n<li>Zonas de descanso modernas en todas las tiendas<\/li>\n<\/ul>","protected":false},"excerpt":{"rendered":"<p>Acerca de la ropa limpia Nuestra promesa La ropa limpia es una idea simple. Si va a un lugar para que le limpien la ropa, debe estar limpia. Debe ser r\u00e1pido, c\u00f3modo y hacer el mejor trabajo al lavar y secar la ropa. Debe ser un lugar agradable y c\u00f3modo, seguro, protegido y que proporcione ...<\/p>","protected":false},"author":2,"featured_media":0,"parent":0,"menu_order":0,"comment_status":"closed","ping_status":"closed","template":"","meta":{"footnotes":""},"class_list":["post-4624","page","type-page","status-publish","hentry"],"yoast_head":"<!-- This site is optimized with the Yoast SEO plugin v25.0 - https:\/\/yoast.com\/wordpress\/plugins\/seo\/ -->\n<title>About | Clean Laundry | Safe, Efficient, Modern, Clean<\/title>\n<meta name=\"description\" content=\"Clean Laundry is a simple idea. If you go to a place to get your clothes cleaned, it should be clean, safe, fast, and comfortable. It&#039;s About Time!\" \/>\n<meta name=\"robots\" content=\"index, follow, max-snippet:-1, max-image-preview:large, max-video-preview:-1\" \/>\n<link rel=\"canonical\" href=\"https:\/\/cleanlaundry.com\/es\/about\/\" \/>\n<meta property=\"og:locale\" content=\"es_MX\" \/>\n<meta property=\"og:type\" content=\"article\" \/>\n<meta property=\"og:title\" content=\"About | Clean Laundry | Safe, Efficient, Modern, Clean\" \/>\n<meta property=\"og:description\" content=\"Clean Laundry is a simple idea. If you go to a place to get your clothes cleaned, it should be clean, safe, fast, and comfortable. It&#039;s About Time!\" \/>\n<meta property=\"og:url\" content=\"https:\/\/cleanlaundry.com\/es\/about\/\" \/>\n<meta property=\"og:site_name\" content=\"Clean Laundry\" \/>\n<meta property=\"article:modified_time\" content=\"2023-02-02T19:19:50+00:00\" \/>\n<meta property=\"og:image\" content=\"https:\/\/cleanlaundry.com\/wp-content\/uploads\/2021\/02\/CL-01.jpg\" \/>\n<meta name=\"twitter:card\" content=\"summary_large_image\" \/>\n<meta name=\"twitter:label1\" content=\"Tiempo de lectura\" \/>\n\t<meta name=\"twitter:data1\" content=\"1 minuto\" \/>\n<script type=\"application\/ld+json\" class=\"yoast-schema-graph\">{\"@context\":\"https:\/\/schema.org\",\"@graph\":[{\"@type\":\"WebPage\",\"@id\":\"https:\/\/cleanlaundry.com\/about\/\",\"url\":\"https:\/\/cleanlaundry.com\/about\/\",\"name\":\"About | Clean Laundry | Safe, Efficient, Modern, Clean\",\"isPartOf\":{\"@id\":\"https:\/\/cleanlaundry.com\/#website\"},\"primaryImageOfPage\":{\"@id\":\"https:\/\/cleanlaundry.com\/about\/#primaryimage\"},\"image\":{\"@id\":\"https:\/\/cleanlaundry.com\/about\/#primaryimage\"},\"thumbnailUrl\":\"https:\/\/cleanlaundry.com\/wp-content\/uploads\/2021\/02\/CL-01.jpg\",\"datePublished\":\"2014-04-21T23:07:02+00:00\",\"dateModified\":\"2023-02-02T19:19:50+00:00\",\"description\":\"Clean Laundry is a simple idea. If you go to a place to get your clothes cleaned, it should be clean, safe, fast, and comfortable. It's About Time!\",\"breadcrumb\":{\"@id\":\"https:\/\/cleanlaundry.com\/about\/#breadcrumb\"},\"inLanguage\":\"es\",\"potentialAction\":[{\"@type\":\"ReadAction\",\"target\":[\"https:\/\/cleanlaundry.com\/about\/\"]}]},{\"@type\":\"ImageObject\",\"inLanguage\":\"es\",\"@id\":\"https:\/\/cleanlaundry.com\/about\/#primaryimage\",\"url\":\"https:\/\/cleanlaundry.com\/wp-content\/uploads\/2021\/02\/CL-01.jpg\",\"contentUrl\":\"https:\/\/cleanlaundry.com\/wp-content\/uploads\/2021\/02\/CL-01.jpg\"},{\"@type\":\"BreadcrumbList\",\"@id\":\"https:\/\/cleanlaundry.com\/about\/#breadcrumb\",\"itemListElement\":[{\"@type\":\"ListItem\",\"position\":1,\"name\":\"Home\",\"item\":\"https:\/\/cleanlaundry.com\/\"},{\"@type\":\"ListItem\",\"position\":2,\"name\":\"About\"}]},{\"@type\":\"WebSite\",\"@id\":\"https:\/\/cleanlaundry.com\/#website\",\"url\":\"https:\/\/cleanlaundry.com\/\",\"name\":\"Clean Laundry\",\"description\":\"Clean Laundry\",\"potentialAction\":[{\"@type\":\"SearchAction\",\"target\":{\"@type\":\"EntryPoint\",\"urlTemplate\":\"https:\/\/cleanlaundry.com\/?s={search_term_string}\"},\"query-input\":{\"@type\":\"PropertyValueSpecification\",\"valueRequired\":true,\"valueName\":\"search_term_string\"}}],\"inLanguage\":\"es\"}]}<\/script>\n<!-- \/ Yoast SEO plugin. -->","yoast_head_json":{"title":"Acerca de | Clean Laundry | Seguro, eficiente, moderno, limpio","description":"Lavander\u00eda limpia es una idea simple. Si va a un lugar para que le limpien la ropa, debe estar limpio, seguro, r\u00e1pido y c\u00f3modo. \u00a1Ya es hora!","robots":{"index":"index","follow":"follow","max-snippet":"max-snippet:-1","max-image-preview":"max-image-preview:large","max-video-preview":"max-video-preview:-1"},"canonical":"https:\/\/cleanlaundry.com\/es\/about\/","og_locale":"es_MX","og_type":"article","og_title":"About | Clean Laundry | Safe, Efficient, Modern, Clean","og_description":"Clean Laundry is a simple idea. If you go to a place to get your clothes cleaned, it should be clean, safe, fast, and comfortable. It's About Time!","og_url":"https:\/\/cleanlaundry.com\/es\/about\/","og_site_name":"Clean Laundry","article_modified_time":"2023-02-02T19:19:50+00:00","og_image":[{"url":"https:\/\/cleanlaundry.com\/wp-content\/uploads\/2021\/02\/CL-01.jpg","type":"","width":"","height":""}],"twitter_card":"summary_large_image","twitter_misc":{"Tiempo de lectura":"1 minuto"},"schema":{"@context":"https:\/\/schema.org","@graph":[{"@type":"WebPage","@id":"https:\/\/cleanlaundry.com\/about\/","url":"https:\/\/cleanlaundry.com\/about\/","name":"Acerca de | Clean Laundry | Seguro, eficiente, moderno, limpio","isPartOf":{"@id":"https:\/\/cleanlaundry.com\/#website"},"primaryImageOfPage":{"@id":"https:\/\/cleanlaundry.com\/about\/#primaryimage"},"image":{"@id":"https:\/\/cleanlaundry.com\/about\/#primaryimage"},"thumbnailUrl":"https:\/\/cleanlaundry.com\/wp-content\/uploads\/2021\/02\/CL-01.jpg","datePublished":"2014-04-21T23:07:02+00:00","dateModified":"2023-02-02T19:19:50+00:00","description":"Lavander\u00eda limpia es una idea simple. Si va a un lugar para que le limpien la ropa, debe estar limpio, seguro, r\u00e1pido y c\u00f3modo. \u00a1Ya es hora!","breadcrumb":{"@id":"https:\/\/cleanlaundry.com\/about\/#breadcrumb"},"inLanguage":"es","potentialAction":[{"@type":"ReadAction","target":["https:\/\/cleanlaundry.com\/about\/"]}]},{"@type":"ImageObject","inLanguage":"es","@id":"https:\/\/cleanlaundry.com\/about\/#primaryimage","url":"https:\/\/cleanlaundry.com\/wp-content\/uploads\/2021\/02\/CL-01.jpg","contentUrl":"https:\/\/cleanlaundry.com\/wp-content\/uploads\/2021\/02\/CL-01.jpg"},{"@type":"BreadcrumbList","@id":"https:\/\/cleanlaundry.com\/about\/#breadcrumb","itemListElement":[{"@type":"ListItem","position":1,"name":"Home","item":"https:\/\/cleanlaundry.com\/"},{"@type":"ListItem","position":2,"name":"About"}]},{"@type":"WebSite","@id":"https:\/\/cleanlaundry.com\/#website","url":"https:\/\/cleanlaundry.com\/","name":"Ropa limpia","description":"Ropa limpia","potentialAction":[{"@type":"SearchAction","target":{"@type":"EntryPoint","urlTemplate":"https:\/\/cleanlaundry.com\/?s={search_term_string}"},"query-input":{"@type":"PropertyValueSpecification","valueRequired":true,"valueName":"search_term_string"}}],"inLanguage":"es"}]}},"_links":{"self":[{"href":"https:\/\/cleanlaundry.com\/es\/wp-json\/wp\/v2\/pages\/4624","targetHints":{"allow":["GET"]}}],"collection":[{"href":"https:\/\/cleanlaundry.com\/es\/wp-json\/wp\/v2\/pages"}],"about":[{"href":"https:\/\/cleanlaundry.com\/es\/wp-json\/wp\/v2\/types\/page"}],"author":[{"embeddable":true,"href":"https:\/\/cleanlaundry.com\/es\/wp-json\/wp\/v2\/users\/2"}],"replies":[{"embeddable":true,"href":"https:\/\/cleanlaundry.com\/es\/wp-json\/wp\/v2\/comments?post=4624"}],"version-history":[{"count":45,"href":"https:\/\/cleanlaundry.com\/es\/wp-json\/wp\/v2\/pages\/4624\/revisions"}],"predecessor-version":[{"id":14285,"href":"https:\/\/cleanlaundry.com\/es\/wp-json\/wp\/v2\/pages\/4624\/revisions\/14285"}],"wp:attachment":[{"href":"https:\/\/cleanlaundry.com\/es\/wp-json\/wp\/v2\/media?parent=4624"}],"curies":[{"name":"wp","href":"https:\/\/api.w.org\/{rel}","templated":true}]}}