{"id":4622,"date":"2014-04-21T23:06:52","date_gmt":"2014-04-22T04:06:52","guid":{"rendered":"https:\/\/cleanlaundry-wordpress.czzndpwd-liquidwebsites.com\/?page_id=4622"},"modified":"2026-03-30T12:06:34","modified_gmt":"2026-03-30T17:06:34","slug":"locations","status":"publish","type":"page","link":"https:\/\/cleanlaundry.com\/es\/locations\/","title":{"rendered":"Todas las ubicaciones de lavander\u00eda limpia | Encuentra una lavander\u00eda autom\u00e1tica cerca de ti"},"content":{"rendered":"<h1>\n\t\tEncuentre una lavander\u00eda limpia cerca de usted\n\t<\/h1>\n\t<p>Hay varias ubicaciones de lavander\u00edas limpias en los Estados Unidos y muchas m\u00e1s en camino. Consulte el mapa de todas las ubicaciones de Clean Laundry.<\/p>\n\t<style>\r\n\t#wpsl-stores .wpsl-store-thumb {height:45px !important; width:45px !important;}\r\n\t#wpsl-stores, #wpsl-direction-details, #wpsl-gmap {height:400px !important;}\r\n\t#wpsl-gmap .wpsl-info-window {max-width:225px !important;}\r\n\t.wpsl-input label, #wpsl-radius label, #wpsl-category label {width:95px;}\r\n\t#wpsl-search-input  {width:179px;}\r\n<\/style>\r\n<div id=\"wpsl-wrap\">\r\n\t<div class=\"wpsl-search wpsl-clearfix wpsl-no-filters\">\r\n\t\t<div id=\"wpsl-search-wrap\">\r\n\t\t\t<form autocomplete=\"off\" action=\"\">\r\n\t\t\t<div class=\"wpsl-input\">\r\n\t\t\t\t<div><label for=\"wpsl-search-input\">Enter Zip<\/label><\/div>\r\n\t\t\t\t<input id=\"wpsl-search-input\" type=\"text\" value=\"\" name=\"wpsl-search-input\" placeholder=\"\" aria-required=\"true\" \/>\r\n\t\t\t<\/div>\r\n\t\t\t\t<div class=\"wpsl-search-btn-wrap\"><input id=\"wpsl-search-btn\" type=\"submit\" value=\"Buscar\"><\/div>\r\n\t\t<input type=\"hidden\" name=\"trp-form-language\" value=\"es\"\/><\/form>\r\n\t\t<\/div>\r\n\t<\/div>\r\n\t<div id=\"wpsl-gmap\" class=\"wpsl-gmap-canvas\"><\/div>\r\n\t<div id=\"wpsl-result-list\">\r\n\t\t<div id=\"wpsl-stores\" >\r\n\t\t\t<ul><\/ul>\r\n\t\t<\/div>\r\n\t\t<div id=\"wpsl-direction-details\">\r\n\t\t\t<ul><\/ul>\r\n\t\t<\/div>\r\n\t<\/div>\r\n<\/div>\r\n\n<h2>\n\t\tSearch laundromat locations by state:\n\t<\/h2>\n\t<h2><a href=\"https:\/\/cleanlaundry.com\/es\/locations\/arizona\/\">Arizona<\/a><\/h2>\n<p><a href=\"https:\/\/cleanlaundry.com\/es\/locations\/arizona\/mesa\/\">Colina baja<\/a><\/p>\n<p><a href=\"https:\/\/cleanlaundry.com\/es\/locations\/arizona\/phoenix\/\">F\u00e9nix<\/a><\/p>\n\t<h2><a href=\"https:\/\/cleanlaundry.com\/es\/locations\/florida\/\">Florida<\/a><\/h2>\n<p><a href=\"https:\/\/cleanlaundry.com\/es\/locations\/florida\/kissimmee\/laundromat-at-1359-us-192-kissimmee-fl-34744\/\">Kissimmee<\/a><\/p>\n<p><a href=\"https:\/\/cleanlaundry.com\/es\/laundromat-at-1084-lee-road-orlando-fl-32810\/\">Orlando<\/a><\/p>\n\t<h2><a href=\"https:\/\/cleanlaundry.com\/es\/locations\/iowa\/\">Iowa<\/a><\/h2>\n<p><a href=\"https:\/\/cleanlaundry.com\/es\/locations\/iowa\/cedar-rapids\/\">Cedar Rapids\u00a0<\/a><\/p>\n<p><a href=\"https:\/\/cleanlaundry.com\/es\/locations\/iowa\/coralville\/1705-2nd-st-corallville-ia\/\">Coralville &#8211; NOW OPEN!<\/a><\/p>\n<p><a href=\"https:\/\/cleanlaundry.com\/es\/locations\/iowa\/des-moines\/\">Des Moines\u00a0<\/a><\/p>\n<p><a href=\"https:\/\/cleanlaundry.com\/es\/locations\/iowa\/dubuque\/3301-pennsylvania-ave-dubuque-ia\/\">Dubuque<\/a><\/p>\n<p><a href=\"https:\/\/cleanlaundry.com\/es\/locations\/iowa\/fort-dodge\/2819-3rd-ave-s-fort-dodge-ia\/\">Fort Dodge<\/a><\/p>\n<p><a href=\"https:\/\/cleanlaundry.com\/es\/locations\/iowa\/iowa-city\/362-highway-1-west-suite-t7-t8-iowa-city-ia\/\">Iowa City\u00a0<\/a><\/p>\n<p><a href=\"https:\/\/cleanlaundry.com\/es\/locations\/iowa\/marion\/3217-7th-ave-marion-iowa\/\">Marion<\/a><\/p>\n<p><a href=\"https:\/\/cleanlaundry.com\/es\/locations\/iowa\/oskaloosa\/104-n-g-street-oskaloosa-ia\/\">Oskaloosa<\/a><\/p>\n<p><a href=\"https:\/\/cleanlaundry.com\/es\/locations\/iowa\/ottumwa\/304-east-main-street-ottumwa-iowa\/\">Ottumwa<\/a><\/p>\n<p><a href=\"https:\/\/cleanlaundry.com\/es\/locations\/iowa\/waterloo\/\">Waterloo<\/a><\/p>\n\t<h2><a href=\"https:\/\/cleanlaundry.com\/es\/locations\/kansas\/\">Kansas<\/a><\/h2>\n<p><a href=\"https:\/\/cleanlaundry.com\/es\/locations\/kansas\/overland-park\/9200-santa-fe-drive-overland-park-ks\/\">Overland Park <\/a><\/p>\n<p><a href=\"https:\/\/cleanlaundry.com\/es\/locations\/kansas\/wichita\/\">Wichita<\/a><\/p>\n\t<h2><a href=\"https:\/\/cleanlaundry.com\/es\/locations\/minnesota\/\">Minnesota<\/a><\/h2>\n<p><a href=\"https:\/\/cleanlaundry.com\/es\/locations\/minnesota\/st-anthony\/laundromat-at-2701-39th-ave-ne-suite-118-st-anthony-mn\/\">Minneapolis (San Antonio)<\/a><\/p>\n\t<h2><a href=\"https:\/\/cleanlaundry.com\/es\/locations\/missouri\/\">Missouri<\/a><\/h2>\n<a href=\"https:\/\/cleanlaundry.com\/es\/locations\/missouri\/laundromat-at-862-south-291-highway-liberty-missouri-clean-laundry\/\">Liberty<\/a><br \/>\n<a href=\"https:\/\/cleanlaundry.com\/es\/locations\/missouri\/independence\/laundromat-at-2411-s-mo-291-in-independence-mo\/\">Independencia<\/a>\n\t<h2><a href=\"https:\/\/cleanlaundry.com\/es\/locations\/ohio\/\">Ohio<\/a><\/h2>\n<p><a href=\"https:\/\/cleanlaundry.com\/es\/locations\/ohio\/toledo\/\">Toledo<\/a><\/p>\n<p><a href=\"https:\/\/cleanlaundry.com\/es\/locations\/ohio\/whitehall\/3593-e-main-street-whitehall-oh\/\">Whitehall<\/a><\/p>\n\t<h2><a href=\"https:\/\/cleanlaundry.com\/es\/locations\/south-carolina\/\">South Carolina<\/a><\/h2>\n<p><a href=\"https:\/\/cleanlaundry.com\/es\/locations\/south-carolina\/greenville\/219-pelham-rd-greenville-sc\/\">Greenville\u00a0<\/a><\/p>\n<p><a href=\"https:\/\/cleanlaundry.com\/es\/locations\/south-carolina\/spartanburg\/1000-n-pine-st-spartanburg-sc\/\">Spartanburg &#8211; <em>now open!<\/em><\/a><\/p>\n\t<h2><a href=\"https:\/\/cleanlaundry.com\/es\/locations\/texas\/\">Texas<\/a><\/h2>\n<p><a href=\"https:\/\/cleanlaundry.com\/es\/locations\/texas\/austin\/\">Austin<\/a><\/p>\n\t<h2><a href=\"https:\/\/cleanlaundry.com\/es\/locations\/wisconsin\/\">Wisconsin<\/a><\/h2>\n<p><a href=\"https:\/\/cleanlaundry.com\/es\/locations\/wisconsin\/madison\/4518-verona-road-madison-wi\/\">Madison<\/a><\/p>\n<p><a href=\"https:\/\/cleanlaundry.com\/es\/locations\/wisconsin\/milwaukee\/\">Milwaukee<\/a><\/p>\n<p><a href=\"https:\/\/cleanlaundry.com\/es\/locations\/wisconsin\/milwaukee\/2086-miller-park-way-west-milwaukee-wi\/\">West Milwaukee<\/a><\/p>","protected":false},"excerpt":{"rendered":"<p>Find a Clean&nbsp;Laundry Laundromat Near You There are multiple Clean Laundry laundromat locations across the United States, and many more on the way. See the map for all Clean Laundry locations. Search laundromat locations by state: Arizona Mesa Phoenix Florida Kissimmee Orlando Iowa Cedar Rapids\u00a0 Coralville &#8211; NOW OPEN! Des Moines\u00a0 Dubuque Fort Dodge Iowa&hellip;<\/p>","protected":false},"author":2,"featured_media":0,"parent":0,"menu_order":0,"comment_status":"closed","ping_status":"closed","template":"","meta":{"footnotes":""},"class_list":["post-4622","page","type-page","status-publish","hentry"],"yoast_head":"<!-- This site is optimized with the Yoast SEO plugin v25.0 - https:\/\/yoast.com\/wordpress\/plugins\/seo\/ -->\n<title>Clean Laundry Laundromat | Locations Near You | Always Open<\/title>\n<meta name=\"description\" content=\"There are Clean Laundry laundromats conveniently located across the United States, with more built every year. See the map for all locations.\" \/>\n<meta name=\"robots\" content=\"index, follow, max-snippet:-1, max-image-preview:large, max-video-preview:-1\" \/>\n<link rel=\"canonical\" href=\"https:\/\/cleanlaundry.com\/es\/locations\/\" \/>\n<meta property=\"og:locale\" content=\"es_MX\" \/>\n<meta property=\"og:type\" content=\"article\" \/>\n<meta property=\"og:title\" content=\"Clean Laundry Laundromat | Locations Near You | Always Open\" \/>\n<meta property=\"og:description\" content=\"There are Clean Laundry laundromats conveniently located across the United States, with more built every year. See the map for all locations.\" \/>\n<meta property=\"og:url\" content=\"https:\/\/cleanlaundry.com\/es\/locations\/\" \/>\n<meta property=\"og:site_name\" content=\"Clean Laundry\" \/>\n<meta property=\"article:modified_time\" content=\"2026-03-30T17:06:34+00:00\" \/>\n<meta name=\"twitter:card\" content=\"summary_large_image\" \/>\n<script type=\"application\/ld+json\" class=\"yoast-schema-graph\">{\"@context\":\"https:\/\/schema.org\",\"@graph\":[{\"@type\":\"WebPage\",\"@id\":\"https:\/\/cleanlaundry.com\/locations\/\",\"url\":\"https:\/\/cleanlaundry.com\/locations\/\",\"name\":\"Clean Laundry Laundromat | Locations Near You | Always Open\",\"isPartOf\":{\"@id\":\"https:\/\/cleanlaundry.com\/#website\"},\"datePublished\":\"2014-04-22T04:06:52+00:00\",\"dateModified\":\"2026-03-30T17:06:34+00:00\",\"description\":\"There are Clean Laundry laundromats conveniently located across the United States, with more built every year. See the map for all locations.\",\"breadcrumb\":{\"@id\":\"https:\/\/cleanlaundry.com\/locations\/#breadcrumb\"},\"inLanguage\":\"es\",\"potentialAction\":[{\"@type\":\"ReadAction\",\"target\":[\"https:\/\/cleanlaundry.com\/locations\/\"]}]},{\"@type\":\"BreadcrumbList\",\"@id\":\"https:\/\/cleanlaundry.com\/locations\/#breadcrumb\",\"itemListElement\":[{\"@type\":\"ListItem\",\"position\":1,\"name\":\"Home\",\"item\":\"https:\/\/cleanlaundry.com\/\"},{\"@type\":\"ListItem\",\"position\":2,\"name\":\"All Clean Laundry Locations | Find a laundromat near you\"}]},{\"@type\":\"WebSite\",\"@id\":\"https:\/\/cleanlaundry.com\/#website\",\"url\":\"https:\/\/cleanlaundry.com\/\",\"name\":\"Clean Laundry\",\"description\":\"Clean Laundry\",\"potentialAction\":[{\"@type\":\"SearchAction\",\"target\":{\"@type\":\"EntryPoint\",\"urlTemplate\":\"https:\/\/cleanlaundry.com\/?s={search_term_string}\"},\"query-input\":{\"@type\":\"PropertyValueSpecification\",\"valueRequired\":true,\"valueName\":\"search_term_string\"}}],\"inLanguage\":\"es\"}]}<\/script>\n<!-- \/ Yoast SEO plugin. -->","yoast_head_json":{"title":"Lavander\u00eda de Clean Laundry | Ubicaciones cerca de usted | Siempre abierto","description":"Hay lavander\u00edas de Clean Laundry convenientemente ubicadas en los Estados Unidos, y cada a\u00f1o se construyen m\u00e1s. Vea el mapa para todas las ubicaciones.","robots":{"index":"index","follow":"follow","max-snippet":"max-snippet:-1","max-image-preview":"max-image-preview:large","max-video-preview":"max-video-preview:-1"},"canonical":"https:\/\/cleanlaundry.com\/es\/locations\/","og_locale":"es_MX","og_type":"article","og_title":"Clean Laundry Laundromat | Locations Near You | Always Open","og_description":"There are Clean Laundry laundromats conveniently located across the United States, with more built every year. See the map for all locations.","og_url":"https:\/\/cleanlaundry.com\/es\/locations\/","og_site_name":"Clean Laundry","article_modified_time":"2026-03-30T17:06:34+00:00","twitter_card":"summary_large_image","schema":{"@context":"https:\/\/schema.org","@graph":[{"@type":"WebPage","@id":"https:\/\/cleanlaundry.com\/locations\/","url":"https:\/\/cleanlaundry.com\/locations\/","name":"Lavander\u00eda de Clean Laundry | Ubicaciones cerca de usted | Siempre abierto","isPartOf":{"@id":"https:\/\/cleanlaundry.com\/#website"},"datePublished":"2014-04-22T04:06:52+00:00","dateModified":"2026-03-30T17:06:34+00:00","description":"Hay lavander\u00edas de Clean Laundry convenientemente ubicadas en los Estados Unidos, y cada a\u00f1o se construyen m\u00e1s. Vea el mapa para todas las ubicaciones.","breadcrumb":{"@id":"https:\/\/cleanlaundry.com\/locations\/#breadcrumb"},"inLanguage":"es","potentialAction":[{"@type":"ReadAction","target":["https:\/\/cleanlaundry.com\/locations\/"]}]},{"@type":"BreadcrumbList","@id":"https:\/\/cleanlaundry.com\/locations\/#breadcrumb","itemListElement":[{"@type":"ListItem","position":1,"name":"Home","item":"https:\/\/cleanlaundry.com\/"},{"@type":"ListItem","position":2,"name":"All Clean Laundry Locations | Find a laundromat near you"}]},{"@type":"WebSite","@id":"https:\/\/cleanlaundry.com\/#website","url":"https:\/\/cleanlaundry.com\/","name":"Ropa limpia","description":"Ropa limpia","potentialAction":[{"@type":"SearchAction","target":{"@type":"EntryPoint","urlTemplate":"https:\/\/cleanlaundry.com\/?s={search_term_string}"},"query-input":{"@type":"PropertyValueSpecification","valueRequired":true,"valueName":"search_term_string"}}],"inLanguage":"es"}]}},"_links":{"self":[{"href":"https:\/\/cleanlaundry.com\/es\/wp-json\/wp\/v2\/pages\/4622","targetHints":{"allow":["GET"]}}],"collection":[{"href":"https:\/\/cleanlaundry.com\/es\/wp-json\/wp\/v2\/pages"}],"about":[{"href":"https:\/\/cleanlaundry.com\/es\/wp-json\/wp\/v2\/types\/page"}],"author":[{"embeddable":true,"href":"https:\/\/cleanlaundry.com\/es\/wp-json\/wp\/v2\/users\/2"}],"replies":[{"embeddable":true,"href":"https:\/\/cleanlaundry.com\/es\/wp-json\/wp\/v2\/comments?post=4622"}],"version-history":[{"count":237,"href":"https:\/\/cleanlaundry.com\/es\/wp-json\/wp\/v2\/pages\/4622\/revisions"}],"predecessor-version":[{"id":15343,"href":"https:\/\/cleanlaundry.com\/es\/wp-json\/wp\/v2\/pages\/4622\/revisions\/15343"}],"wp:attachment":[{"href":"https:\/\/cleanlaundry.com\/es\/wp-json\/wp\/v2\/media?parent=4622"}],"curies":[{"name":"wp","href":"https:\/\/api.w.org\/{rel}","templated":true}]}}