{"id":4620,"date":"2014-04-21T23:06:42","date_gmt":"2014-04-21T23:06:42","guid":{"rendered":"https:\/\/cleanlaundry-wordpress.czzndpwd-liquidwebsites.com\/?page_id=4620"},"modified":"2023-10-23T11:05:00","modified_gmt":"2023-10-23T16:05:00","slug":"equipment","status":"publish","type":"page","link":"https:\/\/cleanlaundry.com\/es\/equipment\/","title":{"rendered":"Equipos y precios"},"content":{"rendered":"<h1>\n\t\tNuestro equipo de lavander\u00eda\n\t<\/h1>\n<h3>\n\t\tLas m\u00e1quinas eficientes y de \u00faltima generaci\u00f3n le brindan un mejor lavado en la mitad del tiempo\n\t<\/h3>\n\t<p>Todo el equipo de lavander\u00eda elegido para nuestras tiendas es el m\u00e1s eficiente energ\u00e9ticamente disponible. Cada tienda usa aproximadamente la mitad de la electricidad, el gas natural y el agua de una lavander\u00eda autom\u00e1tica t\u00edpica. Todo, hasta nuestra iluminaci\u00f3n LED, se eligi\u00f3 cuidadosamente para garantizar un consumo de energ\u00eda m\u00ednimo.<\/p>\n<h2>\n\t\tLavadoras, de grandes a peque\u00f1as\n\t<\/h2>\n\t<p>Obtenga un mejor lavado en la mitad del tiempo con estas m\u00e1quinas de \u00faltima generaci\u00f3n<\/p>\n\t<h3><strong>Lavadoras de gran tama\u00f1o = 9 cargas de ropa<\/strong><\/h3>\n<p> Puedes hacer 80 pares de jeans, ropa de cama voluminosa o alfombras grandes.<\/p>\n<p>&nbsp;<\/p>\n<h3><strong>Lavadoras XXXL = 6 cargas de ropa<\/strong><\/h3>\n<p>Lave la ropa de toda la familia en una sola m\u00e1quina<\/p>\n<p>&nbsp;<\/p>\n<h3><strong>Lavadoras XXL = 5 cargas de ropa<\/strong><\/h3>\n<p>Puede obtener 50 libras. de ropa en una de estas M\u00e1quinas Express en menos de media hora<\/p>\n<p>&nbsp;<\/p>\n<h3><strong>Lavadoras XL = 4 cargas de ropa<\/strong><br \/>\n<\/h3>\nPuede lavar 40 libras. de lavander\u00eda en estas mega lavadoras<br \/>\n\n<p>&nbsp;<\/p>\n<h3><strong>Lavadoras grandes = 3 cargas de ropa<\/strong><\/h3>\n<p>Grandes cargas, art\u00edculos grandes, no hay problema<\/p>\n<p>&nbsp;<\/p>\n<h3><strong>Lavadoras dobles = 2 cargas de ropa<\/strong><br \/>\n<\/h3>\n<p>Obtenga la mejor limpieza para sus cargas m\u00e1s peque\u00f1as<\/p>\n\t\t\t\t<img loading=\"lazy\" decoding=\"async\" src=\"https:\/\/cleanlaundry.com\/wp-content\/uploads\/2021\/09\/clean-laundry-dexter-washer-730x1024.jpg\" alt=\"Dexter Washing Machine at Clean Laundry\" itemprop=\"image\" height=\"1024\" width=\"730\" title=\"lavadora-dexter-limpia-ropa\" onerror=\"this.style.display='none'\"  \/>\n\t<h3><strong>Agua suave<\/strong><\/h3>\n<p>Nuestro sistema de ablandamiento de agua Culligan de \u00faltima generaci\u00f3n significa que obtiene agua de la m\u00e1s alta calidad para limpiar su ropa. El agua blanda hace que la ropa blanca sea m\u00e1s blanca, la ropa m\u00e1s brillante y es m\u00e1s suave con las telas. El agua blanda tambi\u00e9n le permite limpiar su ropa usando solo la mitad de la cantidad de detergente, un gran ahorro para usted.<\/p>\n\t\t\t\t<img loading=\"lazy\" decoding=\"async\" src=\"https:\/\/cleanlaundry.com\/wp-content\/uploads\/2021\/09\/water-drop.png\" alt=\"water-drop\" itemprop=\"image\" height=\"308\" width=\"204\" title=\"gota de agua\" onerror=\"this.style.display='none'\"  \/>\n\t<h3><strong>Agua caliente<\/strong><\/h3>\n<p>Nuestra agua caliente est\u00e1 caliente, no tibia. Cada lavander\u00eda Clean Laundry tiene varios calentadores de agua de \u00faltima generaci\u00f3n y de bajo consumo para mantener la demanda incluso en los momentos de mayor actividad. El agua caliente limpia la ropa. Cuando paga por el agua caliente, nos aseguramos de que la reciba.<\/p>\n<h2>\n\t\tSecadores que centrifugan r\u00e1pida y eficientemente\n\t<\/h2>\n\t<p>Todas nuestras secadoras le permiten agregar tiempo f\u00e1cilmente, con monedas de veinticinco centavos, fichas o mediante una aplicaci\u00f3n m\u00f3vil<\/p>\n\t\t\t\t<img loading=\"lazy\" decoding=\"async\" src=\"https:\/\/cleanlaundry.com\/wp-content\/uploads\/2021\/09\/clean-laundry-dexter-dryer.jpg\" alt=\"Dexter dryer at Clean Laundry\" itemprop=\"image\" height=\"1168\" width=\"749\" title=\"limpia-ropa-dexter-secadora\" onerror=\"this.style.display='none'\"  \/>\n\t<h3><strong>Secadoras de gran tama\u00f1o = 9 cargas de ropa<\/strong><\/h3>\n<p>Coloque sus art\u00edculos voluminosos m\u00e1s grandes o toda la ropa de su familia en una sola secadora<\/p>\n<p>&nbsp;<\/p>\n<h3><strong>Secadoras XL = 5 cargas de ropa<\/strong><\/h3>\n<p>Mueva una tonelada de aire a trav\u00e9s de su ropa para secarla r\u00e1pidamente, pero a\u00fan as\u00ed sea suave<\/p>\n<p>&nbsp;<\/p>\n<h3><strong>Secadoras grandes = 3 cargas de ropa<br \/>\n<\/strong><\/h3>\n<p>R\u00e1pido, eficiente y suave<\/p>\n<p>&nbsp;<\/p>\n\t\t<h2>Vamos a dar una vuelta<\/h2>\n\t\t<p>Experimente la diferencia de lavander\u00eda limpia<\/p>\n\t\t\t<a href=\"\/es\/locations\/\" target=\"_self\" rel=\"noopener\">\n\t\t\t\t\t\tEncuentra una ubicaci\u00f3n cerca de m\u00ed\n\t\t\t\t\t<\/a>","protected":false},"excerpt":{"rendered":"<p>Nuestro equipo de lavander\u00eda M\u00e1quinas eficientes y de \u00faltima generaci\u00f3n le brindan un mejor lavado en la mitad del tiempo. Todo el equipo de lavander\u00eda elegido para nuestras tiendas es el m\u00e1s eficiente en energ\u00eda disponible. Cada tienda usa aproximadamente la mitad de la electricidad, el gas natural y el agua de una lavander\u00eda autom\u00e1tica t\u00edpica. Todo, hasta nuestra iluminaci\u00f3n LED, se eligi\u00f3 cuidadosamente para garantizar un m\u00ednimo ...<\/p>","protected":false},"author":2,"featured_media":0,"parent":0,"menu_order":0,"comment_status":"closed","ping_status":"open","template":"","meta":{"footnotes":""},"class_list":["post-4620","page","type-page","status-publish","hentry"],"yoast_head":"<!-- This site is optimized with the Yoast SEO plugin v25.0 - https:\/\/yoast.com\/wordpress\/plugins\/seo\/ -->\n<title>Clean Laundry Equipment | Multi-Load Washers &amp; Dryers<\/title>\n<meta name=\"description\" content=\"Our high speed, energy efficient laundry equipment features a Culligan Water softening system that cleans better and makes clothes last longer.\" \/>\n<meta name=\"robots\" content=\"index, follow, max-snippet:-1, max-image-preview:large, max-video-preview:-1\" \/>\n<link rel=\"canonical\" href=\"https:\/\/cleanlaundry.com\/es\/equipment\/\" \/>\n<meta property=\"og:locale\" content=\"es_MX\" \/>\n<meta property=\"og:type\" content=\"article\" \/>\n<meta property=\"og:title\" content=\"Clean Laundry Equipment | Multi-Load Washers &amp; Dryers\" \/>\n<meta property=\"og:description\" content=\"Our high speed, energy efficient laundry equipment features a Culligan Water softening system that cleans better and makes clothes last longer.\" \/>\n<meta property=\"og:url\" content=\"https:\/\/cleanlaundry.com\/es\/equipment\/\" \/>\n<meta property=\"og:site_name\" content=\"Clean Laundry\" \/>\n<meta property=\"article:modified_time\" content=\"2023-10-23T16:05:00+00:00\" \/>\n<meta property=\"og:image\" content=\"https:\/\/cleanlaundry.com\/wp-content\/uploads\/2021\/09\/clean-laundry-dexter-washer-730x1024.jpg\" \/>\n<meta name=\"twitter:card\" content=\"summary_large_image\" \/>\n<meta name=\"twitter:label1\" content=\"Tiempo de lectura\" \/>\n\t<meta name=\"twitter:data1\" content=\"2 minutos\" \/>\n<script type=\"application\/ld+json\" class=\"yoast-schema-graph\">{\"@context\":\"https:\/\/schema.org\",\"@graph\":[{\"@type\":\"WebPage\",\"@id\":\"https:\/\/cleanlaundry.com\/equipment\/\",\"url\":\"https:\/\/cleanlaundry.com\/equipment\/\",\"name\":\"Clean Laundry Equipment | Multi-Load Washers & Dryers\",\"isPartOf\":{\"@id\":\"https:\/\/cleanlaundry.com\/#website\"},\"primaryImageOfPage\":{\"@id\":\"https:\/\/cleanlaundry.com\/equipment\/#primaryimage\"},\"image\":{\"@id\":\"https:\/\/cleanlaundry.com\/equipment\/#primaryimage\"},\"thumbnailUrl\":\"https:\/\/cleanlaundry.com\/wp-content\/uploads\/2021\/09\/clean-laundry-dexter-washer-730x1024.jpg\",\"datePublished\":\"2014-04-21T23:06:42+00:00\",\"dateModified\":\"2023-10-23T16:05:00+00:00\",\"description\":\"Our high speed, energy efficient laundry equipment features a Culligan Water softening system that cleans better and makes clothes last longer.\",\"breadcrumb\":{\"@id\":\"https:\/\/cleanlaundry.com\/equipment\/#breadcrumb\"},\"inLanguage\":\"es\",\"potentialAction\":[{\"@type\":\"ReadAction\",\"target\":[\"https:\/\/cleanlaundry.com\/equipment\/\"]}]},{\"@type\":\"ImageObject\",\"inLanguage\":\"es\",\"@id\":\"https:\/\/cleanlaundry.com\/equipment\/#primaryimage\",\"url\":\"https:\/\/cleanlaundry.com\/wp-content\/uploads\/2021\/09\/clean-laundry-dexter-washer-730x1024.jpg\",\"contentUrl\":\"https:\/\/cleanlaundry.com\/wp-content\/uploads\/2021\/09\/clean-laundry-dexter-washer-730x1024.jpg\"},{\"@type\":\"BreadcrumbList\",\"@id\":\"https:\/\/cleanlaundry.com\/equipment\/#breadcrumb\",\"itemListElement\":[{\"@type\":\"ListItem\",\"position\":1,\"name\":\"Home\",\"item\":\"https:\/\/cleanlaundry.com\/\"},{\"@type\":\"ListItem\",\"position\":2,\"name\":\"Equipment and Pricing\"}]},{\"@type\":\"WebSite\",\"@id\":\"https:\/\/cleanlaundry.com\/#website\",\"url\":\"https:\/\/cleanlaundry.com\/\",\"name\":\"Clean Laundry\",\"description\":\"Clean Laundry\",\"potentialAction\":[{\"@type\":\"SearchAction\",\"target\":{\"@type\":\"EntryPoint\",\"urlTemplate\":\"https:\/\/cleanlaundry.com\/?s={search_term_string}\"},\"query-input\":{\"@type\":\"PropertyValueSpecification\",\"valueRequired\":true,\"valueName\":\"search_term_string\"}}],\"inLanguage\":\"es\"}]}<\/script>\n<!-- \/ Yoast SEO plugin. -->","yoast_head_json":{"title":"Equipo de Clean Laundry | Lavadoras y secadoras de carga m\u00faltiple","description":"Nuestro equipo de lavander\u00eda de alta velocidad y eficiencia energ\u00e9tica cuenta con un sistema de ablandamiento de agua Culligan que limpia mejor y hace que la ropa dure m\u00e1s.","robots":{"index":"index","follow":"follow","max-snippet":"max-snippet:-1","max-image-preview":"max-image-preview:large","max-video-preview":"max-video-preview:-1"},"canonical":"https:\/\/cleanlaundry.com\/es\/equipment\/","og_locale":"es_MX","og_type":"article","og_title":"Clean Laundry Equipment | Multi-Load Washers & Dryers","og_description":"Our high speed, energy efficient laundry equipment features a Culligan Water softening system that cleans better and makes clothes last longer.","og_url":"https:\/\/cleanlaundry.com\/es\/equipment\/","og_site_name":"Clean Laundry","article_modified_time":"2023-10-23T16:05:00+00:00","og_image":[{"url":"https:\/\/cleanlaundry.com\/wp-content\/uploads\/2021\/09\/clean-laundry-dexter-washer-730x1024.jpg","type":"","width":"","height":""}],"twitter_card":"summary_large_image","twitter_misc":{"Tiempo de lectura":"2 minutos"},"schema":{"@context":"https:\/\/schema.org","@graph":[{"@type":"WebPage","@id":"https:\/\/cleanlaundry.com\/equipment\/","url":"https:\/\/cleanlaundry.com\/equipment\/","name":"Equipo de Clean Laundry | Lavadoras y secadoras de carga m\u00faltiple","isPartOf":{"@id":"https:\/\/cleanlaundry.com\/#website"},"primaryImageOfPage":{"@id":"https:\/\/cleanlaundry.com\/equipment\/#primaryimage"},"image":{"@id":"https:\/\/cleanlaundry.com\/equipment\/#primaryimage"},"thumbnailUrl":"https:\/\/cleanlaundry.com\/wp-content\/uploads\/2021\/09\/clean-laundry-dexter-washer-730x1024.jpg","datePublished":"2014-04-21T23:06:42+00:00","dateModified":"2023-10-23T16:05:00+00:00","description":"Nuestro equipo de lavander\u00eda de alta velocidad y eficiencia energ\u00e9tica cuenta con un sistema de ablandamiento de agua Culligan que limpia mejor y hace que la ropa dure m\u00e1s.","breadcrumb":{"@id":"https:\/\/cleanlaundry.com\/equipment\/#breadcrumb"},"inLanguage":"es","potentialAction":[{"@type":"ReadAction","target":["https:\/\/cleanlaundry.com\/equipment\/"]}]},{"@type":"ImageObject","inLanguage":"es","@id":"https:\/\/cleanlaundry.com\/equipment\/#primaryimage","url":"https:\/\/cleanlaundry.com\/wp-content\/uploads\/2021\/09\/clean-laundry-dexter-washer-730x1024.jpg","contentUrl":"https:\/\/cleanlaundry.com\/wp-content\/uploads\/2021\/09\/clean-laundry-dexter-washer-730x1024.jpg"},{"@type":"BreadcrumbList","@id":"https:\/\/cleanlaundry.com\/equipment\/#breadcrumb","itemListElement":[{"@type":"ListItem","position":1,"name":"Home","item":"https:\/\/cleanlaundry.com\/"},{"@type":"ListItem","position":2,"name":"Equipment and Pricing"}]},{"@type":"WebSite","@id":"https:\/\/cleanlaundry.com\/#website","url":"https:\/\/cleanlaundry.com\/","name":"Ropa limpia","description":"Ropa limpia","potentialAction":[{"@type":"SearchAction","target":{"@type":"EntryPoint","urlTemplate":"https:\/\/cleanlaundry.com\/?s={search_term_string}"},"query-input":{"@type":"PropertyValueSpecification","valueRequired":true,"valueName":"search_term_string"}}],"inLanguage":"es"}]}},"_links":{"self":[{"href":"https:\/\/cleanlaundry.com\/es\/wp-json\/wp\/v2\/pages\/4620","targetHints":{"allow":["GET"]}}],"collection":[{"href":"https:\/\/cleanlaundry.com\/es\/wp-json\/wp\/v2\/pages"}],"about":[{"href":"https:\/\/cleanlaundry.com\/es\/wp-json\/wp\/v2\/types\/page"}],"author":[{"embeddable":true,"href":"https:\/\/cleanlaundry.com\/es\/wp-json\/wp\/v2\/users\/2"}],"replies":[{"embeddable":true,"href":"https:\/\/cleanlaundry.com\/es\/wp-json\/wp\/v2\/comments?post=4620"}],"version-history":[{"count":46,"href":"https:\/\/cleanlaundry.com\/es\/wp-json\/wp\/v2\/pages\/4620\/revisions"}],"predecessor-version":[{"id":14934,"href":"https:\/\/cleanlaundry.com\/es\/wp-json\/wp\/v2\/pages\/4620\/revisions\/14934"}],"wp:attachment":[{"href":"https:\/\/cleanlaundry.com\/es\/wp-json\/wp\/v2\/media?parent=4620"}],"curies":[{"name":"wp","href":"https:\/\/api.w.org\/{rel}","templated":true}]}}