{"id":4618,"date":"2014-04-21T23:06:32","date_gmt":"2014-04-21T23:06:32","guid":{"rendered":"https:\/\/cleanlaundry-wordpress.czzndpwd-liquidwebsites.com\/?page_id=4618"},"modified":"2019-05-16T11:20:49","modified_gmt":"2019-05-16T16:20:49","slug":"specials","status":"publish","type":"page","link":"https:\/\/cleanlaundry.com\/es\/specials\/","title":{"rendered":"Especiales"},"content":{"rendered":"<p>[info]FREE WASH AND DRY SALES EVERY MONTH![\/info]<\/p>\n<div><strong>Clean Laundry, Sovia Drive<\/strong><br \/>\nCrossing Point Plaza (behind the Crossroads Panera and next to Planet Fitness)<br \/>\n2060 Sovia Drive, Unit 114<br \/>\nWaterloo, IA 50702<br \/>\n<strong><span class=\"author-Lff0vJRhYioV\">Free Dry Days<br \/>\n<\/span><\/strong><span class=\"author-Lff0vJRhYioV\">Tuesday \u2013 Thursday, 7am \u2013 7pm<\/span><\/div>\n<div><\/div>\n<p>&nbsp;<\/p>\n<div class=\"\"><strong>Clean Laundry, Progress Ave.<\/strong><br \/>\nProgress Plaza (near the Waterloo, Cedar Falls border on University Ave. across from Kmart and Hy Vee)<br \/>\n709 Progress Ave.<br \/>\nWaterloo, IA 50701<\/div>\n<div class=\"\"><strong><span class=\"author-Lff0vJRhYioV\">Free Dry Days<br \/>\n<\/span><\/strong>Tuesday \u2013 Thursday, 7am \u2013 7pm<\/div>\n<div><\/div>\n<p>&nbsp;<\/p>\n<div><strong>Clean Laundry, Kirkwood Blvd.<\/strong><\/div>\n<div>\n<div class=\"\">Kirkwood Plaza (Next to Jimmy Johns and across from Kirkwood Community College)<br \/>\n6600 Kirkwood Blvd. SW, Unit 200<br \/>\nCedar Rapids, IA 52404<\/div>\n<div class=\"\"><strong><span class=\"author-Lff0vJRhYioV\">Free Dry Days<\/span><\/strong><\/div>\n<div id=\"magicdomid14\" class=\"\"><span class=\"author-Lff0vJRhYioV\">Tuesday &#8211; Thursday 7am \u2013 7pm<\/span><\/div>\n<\/div>\n<p>&nbsp;<\/p>\n<div><strong>Clean Laundry, Marion<\/strong><\/div>\n<div>(Behind Kum and\u2019 Go, next to Subway)<\/div>\n<div>3217 7th Avenue<br \/>\nMarion, IA 52302<br \/>\n<strong><span class=\"author-Lff0vJRhYioV\">Free Dry Day<br \/>\n<\/span><\/strong><\/div>\n<div>Tuesdays, 7am &#8211; 7pm<\/div>\n<div><\/div>\n<p><em><a href=\"https:\/\/www.facebook.com\/1CleanLaundry\">Follow us on Facebook<\/a> and get alerts about our FREE WASH and FREE DRY promotions we have at least twice every month.<\/em><\/p>\n","protected":false},"excerpt":{"rendered":"<p>[info]FREE WASH AND DRY SALES EVERY MONTH![\/info] Clean Laundry, Sovia Drive Crossing Point Plaza (behind the Crossroads Panera and next to Planet Fitness) 2060 Sovia Drive, Unit 114 Waterloo, IA 50702 Free Dry Days Tuesday \u2013 Thursday, 7am \u2013 7pm &nbsp; Clean Laundry, Progress Ave. Progress Plaza (near the Waterloo, Cedar Falls border on University&hellip;<\/p>\n","protected":false},"author":2,"featured_media":0,"parent":0,"menu_order":0,"comment_status":"open","ping_status":"open","template":"","meta":{"footnotes":""},"class_list":["post-4618","page","type-page","status-publish","hentry"],"yoast_head":"<!-- This site is optimized with the Yoast SEO plugin v25.0 - https:\/\/yoast.com\/wordpress\/plugins\/seo\/ -->\n<title>Clean Laundry Specials and Offers<\/title>\n<meta name=\"description\" content=\"All of the latest specials and offers saving you time and money! Clean Laundry - It&#039;s About Time!\" \/>\n<meta name=\"robots\" content=\"noindex, nofollow\" \/>\n<meta property=\"og:locale\" content=\"es_MX\" \/>\n<meta property=\"og:type\" content=\"article\" \/>\n<meta property=\"og:title\" content=\"Clean Laundry Specials and Offers\" \/>\n<meta property=\"og:description\" content=\"All of the latest specials and offers saving you time and money! Clean Laundry - It&#039;s About Time!\" \/>\n<meta property=\"og:url\" content=\"https:\/\/cleanlaundry.com\/es\/locations\/\" \/>\n<meta property=\"og:site_name\" content=\"Clean Laundry\" \/>\n<meta property=\"article:modified_time\" content=\"2019-05-16T16:20:49+00:00\" \/>\n<meta name=\"twitter:card\" content=\"summary_large_image\" \/>\n<meta name=\"twitter:label1\" content=\"Tiempo de lectura\" \/>\n\t<meta name=\"twitter:data1\" content=\"1 minuto\" \/>\n<script type=\"application\/ld+json\" class=\"yoast-schema-graph\">{\"@context\":\"https:\/\/schema.org\",\"@graph\":[{\"@type\":\"WebPage\",\"@id\":\"https:\/\/cleanlaundry.com\/specials\/\",\"url\":\"https:\/\/cleanlaundry.com\/locations\/\",\"name\":\"Clean Laundry Specials and Offers\",\"isPartOf\":{\"@id\":\"https:\/\/cleanlaundry.com\/#website\"},\"datePublished\":\"2014-04-21T23:06:32+00:00\",\"dateModified\":\"2019-05-16T16:20:49+00:00\",\"description\":\"All of the latest specials and offers saving you time and money! Clean Laundry - It's About Time!\",\"breadcrumb\":{\"@id\":\"https:\/\/cleanlaundry.com\/locations\/#breadcrumb\"},\"inLanguage\":\"es\",\"potentialAction\":[{\"@type\":\"ReadAction\",\"target\":[\"https:\/\/cleanlaundry.com\/locations\/\"]}]},{\"@type\":\"BreadcrumbList\",\"@id\":\"https:\/\/cleanlaundry.com\/locations\/#breadcrumb\",\"itemListElement\":[{\"@type\":\"ListItem\",\"position\":1,\"name\":\"Home\",\"item\":\"https:\/\/cleanlaundry.com\/\"},{\"@type\":\"ListItem\",\"position\":2,\"name\":\"Specials\"}]},{\"@type\":\"WebSite\",\"@id\":\"https:\/\/cleanlaundry.com\/#website\",\"url\":\"https:\/\/cleanlaundry.com\/\",\"name\":\"Clean Laundry\",\"description\":\"Clean Laundry\",\"potentialAction\":[{\"@type\":\"SearchAction\",\"target\":{\"@type\":\"EntryPoint\",\"urlTemplate\":\"https:\/\/cleanlaundry.com\/?s={search_term_string}\"},\"query-input\":{\"@type\":\"PropertyValueSpecification\",\"valueRequired\":true,\"valueName\":\"search_term_string\"}}],\"inLanguage\":\"es\"}]}<\/script>\n<!-- \/ Yoast SEO plugin. -->","yoast_head_json":{"title":"Ofertas y especiales de lavander\u00eda limpia","description":"\u00a1Todas las \u00faltimas promociones y ofertas que le permitir\u00e1n ahorrar tiempo y dinero! Lavander\u00eda limpia: \u00a1ya es hora!","robots":{"index":"noindex","follow":"nofollow"},"og_locale":"es_MX","og_type":"article","og_title":"Clean Laundry Specials and Offers","og_description":"All of the latest specials and offers saving you time and money! Clean Laundry - It's About Time!","og_url":"https:\/\/cleanlaundry.com\/es\/locations\/","og_site_name":"Clean Laundry","article_modified_time":"2019-05-16T16:20:49+00:00","twitter_card":"summary_large_image","twitter_misc":{"Tiempo de lectura":"1 minuto"},"schema":{"@context":"https:\/\/schema.org","@graph":[{"@type":"WebPage","@id":"https:\/\/cleanlaundry.com\/specials\/","url":"https:\/\/cleanlaundry.com\/locations\/","name":"Ofertas y especiales de lavander\u00eda limpia","isPartOf":{"@id":"https:\/\/cleanlaundry.com\/#website"},"datePublished":"2014-04-21T23:06:32+00:00","dateModified":"2019-05-16T16:20:49+00:00","description":"\u00a1Todas las \u00faltimas promociones y ofertas que le permitir\u00e1n ahorrar tiempo y dinero! Lavander\u00eda limpia: \u00a1ya es hora!","breadcrumb":{"@id":"https:\/\/cleanlaundry.com\/locations\/#breadcrumb"},"inLanguage":"es","potentialAction":[{"@type":"ReadAction","target":["https:\/\/cleanlaundry.com\/locations\/"]}]},{"@type":"BreadcrumbList","@id":"https:\/\/cleanlaundry.com\/locations\/#breadcrumb","itemListElement":[{"@type":"ListItem","position":1,"name":"Home","item":"https:\/\/cleanlaundry.com\/"},{"@type":"ListItem","position":2,"name":"Specials"}]},{"@type":"WebSite","@id":"https:\/\/cleanlaundry.com\/#website","url":"https:\/\/cleanlaundry.com\/","name":"Ropa limpia","description":"Ropa limpia","potentialAction":[{"@type":"SearchAction","target":{"@type":"EntryPoint","urlTemplate":"https:\/\/cleanlaundry.com\/?s={search_term_string}"},"query-input":{"@type":"PropertyValueSpecification","valueRequired":true,"valueName":"search_term_string"}}],"inLanguage":"es"}]}},"_links":{"self":[{"href":"https:\/\/cleanlaundry.com\/es\/wp-json\/wp\/v2\/pages\/4618","targetHints":{"allow":["GET"]}}],"collection":[{"href":"https:\/\/cleanlaundry.com\/es\/wp-json\/wp\/v2\/pages"}],"about":[{"href":"https:\/\/cleanlaundry.com\/es\/wp-json\/wp\/v2\/types\/page"}],"author":[{"embeddable":true,"href":"https:\/\/cleanlaundry.com\/es\/wp-json\/wp\/v2\/users\/2"}],"replies":[{"embeddable":true,"href":"https:\/\/cleanlaundry.com\/es\/wp-json\/wp\/v2\/comments?post=4618"}],"version-history":[{"count":5,"href":"https:\/\/cleanlaundry.com\/es\/wp-json\/wp\/v2\/pages\/4618\/revisions"}],"predecessor-version":[{"id":6319,"href":"https:\/\/cleanlaundry.com\/es\/wp-json\/wp\/v2\/pages\/4618\/revisions\/6319"}],"wp:attachment":[{"href":"https:\/\/cleanlaundry.com\/es\/wp-json\/wp\/v2\/media?parent=4618"}],"curies":[{"name":"wp","href":"https:\/\/api.w.org\/{rel}","templated":true}]}}