{"id":4599,"date":"2020-06-14T00:00:35","date_gmt":"2020-06-14T05:00:35","guid":{"rendered":"https:\/\/cleanlaundry-wordpress.czzndpwd-liquidwebsites.com\/?page_id=4599"},"modified":"2024-10-31T09:43:25","modified_gmt":"2024-10-31T14:43:25","slug":"homepage","status":"publish","type":"page","link":"https:\/\/cleanlaundry.com\/es\/","title":{"rendered":"Lavander\u00eda limpia | \u00a1Ya es hora!"},"content":{"rendered":"<h2>\n\t\t\u00bfPor qu\u00e9 lavar la ropa?\n\t<\/h2>\n\t\t\t\t<img loading=\"lazy\" decoding=\"async\" src=\"https:\/\/cleanlaundry.com\/wp-content\/uploads\/2023\/06\/cl-clean-fast-safe.png\" alt=\"Clean Fast and Safe\" itemprop=\"image\" height=\"501\" width=\"501\" title=\"cl clean fast safe\" onerror=\"this.style.display='none'\"  \/>\n<h2>\n\t\tIluminado de forma segura con 24\/7<br \/> monitoreo de video\n\t<\/h2>\n\t<p>Nuestras ubicaciones son seguras y est\u00e1n controladas las 24 horas del d\u00eda para su tranquilidad.<\/p>\n\t\t\t\t<img loading=\"lazy\" decoding=\"async\" src=\"https:\/\/cleanlaundry.com\/wp-content\/uploads\/2023\/06\/soft-water_1-e1686589727514.png\" alt=\"Soft water, cleaner clothes with less detergent\" itemprop=\"image\" height=\"501\" width=\"500\" title=\"soft water_1\" onerror=\"this.style.display='none'\"  \/>\n<h2>\n\t\tRopa m\u00e1s limpia con <br \/>menos detergente\n\t<\/h2>\n\t<p>Las lavadoras de gran capacidad y alta eficiencia y la tecnolog\u00eda de agua blanda le ahorran tiempo y dinero.<\/p>\n\t\t\t\t<img loading=\"lazy\" decoding=\"async\" src=\"https:\/\/cleanlaundry.com\/wp-content\/uploads\/2023\/06\/cool-and-comfy.png\" alt=\"Cool and comfy\" itemprop=\"image\" height=\"501\" width=\"501\" title=\"cool and comfy\" onerror=\"this.style.display='none'\"  \/>\n<h2>\n\t\tC\u00f3modo, conveniente, <br \/>&amp; Siempre limpio\n\t<\/h2>\n\t<p>Wifi gratuito, estaciones de carga USB, televisores y opciones de refrescos lo har\u00e1n sentir como en casa.<\/p>\n\t\t\t\t<img loading=\"lazy\" decoding=\"async\" src=\"https:\/\/cleanlaundry.com\/wp-content\/uploads\/2023\/06\/1-hour-wash-and-dry@2x.png\" alt=\"1 hour wash and dry at clean laundry\" itemprop=\"image\" height=\"1001\" width=\"1001\" title=\"1 hour wash and dry@2x\" onerror=\"this.style.display='none'\"  \/>\n<h2>\n\t\t1 hora de lavado y secado plus <br \/>servicios express\n\t<\/h2>\n\t<p>Las lavadoras y secadoras de gran volumen hacen que su viaje sea r\u00e1pido y eficiente.<\/p>\n<h2>\n\t\t3 Ways to Wash at Clean Laundry:\n\t<\/h2>\n\t\t\t\t<img loading=\"lazy\" decoding=\"async\" src=\"https:\/\/cleanlaundry.com\/wp-content\/uploads\/2022\/05\/CL-05.06-Nugget-SelfService@0.5x-150x150.png\" alt=\"Self Service Laundromat\" itemprop=\"image\" height=\"150\" width=\"150\" title=\"CL-05.06-Nugget-SelfService@0.5x\" onerror=\"this.style.display='none'\"  \/>\n<h2>\n\t\tHazlo tu mismo\n\t<\/h2>\n\t<p>Instalaci\u00f3n de lavander\u00eda: \u00a1Lave hasta 9 cargas en menos de una hora en nuestras lavander\u00edas s\u00faper limpias! M\u00e1quinas de gran tama\u00f1o, personal amable y un lugar seguro.<\/p>\n\t\t\t<a href=\"https:\/\/cleanlaundry.com\/es\/locations\/\" target=\"_self\" rel=\"noopener\">\n\t\t\t\t\t\t\tEncuentra una lavander\u00eda\n\t\t\t<\/a>\n\t\t\t\t<a href=\"https:\/\/cleanlaundry.com\/es\/wash-dry-fold\/locations\/\" target=\"_self\" itemprop=\"url\" rel=\"noopener\">\n\t\t\t\t<img loading=\"lazy\" decoding=\"async\" src=\"https:\/\/cleanlaundry.com\/wp-content\/uploads\/2021\/01\/WDF-logo-150x150.png\" alt=\"Clean Laundry Wash Dry Fold Logo\" itemprop=\"image\" height=\"150\" width=\"150\" title=\"Logotipo de WDF\" onerror=\"this.style.display='none'\"  \/>\n\t\t\t\t<\/a>\n<h2>\n\t\td\u00e9janoslo\n\t<\/h2>\n\t<p>Servicio de lavado, secado y doblado: Deje su ropa y rec\u00f3jala limpia y doblada en cualquiera de nuestras ubicaciones equipadas con lavado, secado y doblado.<\/p>\n\t\t\t<a href=\"https:\/\/cleanlaundry.com\/es\/wash-dry-fold\/locations\/\" target=\"_self\" rel=\"noopener\">\n\t\t\t\t\t\t\tVer ubicaciones\n\t\t\t<\/a>\n\t\t\t\t<a href=\"https:\/\/www.cleanlaundryexpress.com\/\" target=\"_blank\" rel=\"noopener\" itemprop=\"url\">\n\t\t\t\t<img loading=\"lazy\" decoding=\"async\" src=\"https:\/\/cleanlaundry.com\/wp-content\/uploads\/2022\/04\/CLX-Logo-01-150x150.png\" alt=\"Clean Laundry Express Wash Dry Fold Pick-up and Delivery\" itemprop=\"image\" height=\"150\" width=\"150\" title=\"Logotipo CLX-01\" onerror=\"this.style.display='none'\"  \/>\n\t\t\t\t<\/a>\n<h2>\n\t\tWe pick up &#038; deliver\n\t<\/h2>\n\t<p>Clean Laundry Express: incluye recogida y entrega y servicios de lavander\u00eda al d\u00eda siguiente a trav\u00e9s de nuestra aplicaci\u00f3n Clean Laundry Express.<\/p>\n\t\t\t<a href=\"https:\/\/www.cleanlaundryexpress.com\/\" target=\"_blank\" rel=\"noopener\">\n\t\t\t\t\t\t\tVer ubicaciones\n\t\t\t<\/a>\n<h2>\n\t\tLavander\u00eda limpia y mucho m\u00e1s\n\t<\/h2>\n\t<p>Imagine una lavander\u00eda impecablemente limpia, llena de equipos de lavander\u00eda que se adaptan a todas las necesidades sin importar el tama\u00f1o de la carga. \u00a1Un lugar que puede lavar la ropa en menos de una hora! Un lugar que cuenta con Wi-Fi gratis, televisores de 70 \u2033 y est\u00e1 monitoreado para su seguridad las 24 horas del d\u00eda. Un lugar con opciones de pago m\u00f3vil, promociones de lavander\u00eda gratuitas y un personal amable y servicial. Ya no necesitas imagin\u00e1rtelo, \u00a1est\u00e1 aqu\u00ed! Se llama Lavander\u00eda limpia, \u00a1y ya es hora!<\/p>\n\n\t\t\n\t\t\t<a href=\"http:\/\/locations\" target=\"_self\" rel=\"noopener\">\n\t\t\t\t\t\tEncuentre una lavander\u00eda cerca de m\u00ed\n\t\t\t\t\t<\/a>\n<iframe loading=\"lazy\" title=\"Encuentre ropa limpia cerca de usted\" width=\"500\" height=\"375\" src=\"https:\/\/www.youtube.com\/embed\/CEbi9EBV8KA?rel=0&#038;showinfo=0\" frameborder=\"0\" allow=\"accelerometer; autoplay; clipboard-write; encrypted-media; gyroscope; picture-in-picture; web-share\" referrerpolicy=\"strict-origin-when-cross-origin\" allowfullscreen><\/iframe>\n\t<h3>\u00a1Lavander\u00eda limpia est\u00e1 creciendo!<\/h3>\n<p>We&#8217;re always opening new locations and we&#8217;re proud to bring these areas state-of-the-art equipment in a safe, bright, modern environment.<\/p>\n<h2>\n\t\tSobre nosotros\n\t<\/h2>\n\t\t\t\t<img loading=\"lazy\" decoding=\"async\" src=\"https:\/\/cleanlaundry.com\/wp-content\/uploads\/2022\/01\/CL-1stAveShoot-Batch4-misc-20-scaled.jpg\" alt=\"Clean Laundry bag\" itemprop=\"image\" height=\"1920\" width=\"2560\" title=\"CL 1stAveShoot Batch4-misc-20\" onerror=\"this.style.display='none'\"  \/>\n\t<h3>Clean. Comfortable. Convenient.<\/h3>\n<p>Clean Laundry is a rapidly growing chain of laundromats with a focus on providing a <strong>limpio<\/strong>, <strong>comfortable<\/strong>, y <strong>conveniente<\/strong> alternative to traditional coin-operated laundromats. Our stores feature state-of-the-art machines, soft water, air conditioning, video monitoring, and so much more. We offer coinless laundry options and convenient services like <a href=\"https:\/\/cleanlaundry.com\/es\/wash-dry-fold\/\">Wash\/Dry\/Fold<\/a> and in select locations, a <a href=\"https:\/\/cleanlaundryexpress.com\/\" target=\"_blank\" rel=\"noopener\">pick-up &amp; delivery laundry service<\/a> where we do your laundry for you!<\/p>\n<p>Clean Laundry opened its first store in 2014 and we&#8217;ve since opened 30+ stores throughout the country. We work hard to redefine the laundromat experience through top-notch service, innovative technology, and-of course-by maintaining the cleanest and friendliest laundromat in town.<\/p>\n\t\t\t<a href=\"https:\/\/cleanlaundry.com\/es\/about\/the-clean-laundry-difference\/\" target=\"_self\" rel=\"noopener\">\n\t\t\t\t\t\t\tDiscover the Difference\n\t\t\t\t\t<\/a>\n\t\t\t<a href=\"#\" role=\"button\">\n\t\t\t\t\t\t\tTake a Tour\n\t\t\t\t\t<\/a>\n\t\t<iframe src=\"https:\/\/www.google.com\/maps\/embed?pb=!4v1644956793081!6m8!1m7!1sCAoSLEFGMVFpcE1PS290bVV4NFR3aXBJRXh2M0VjTDkxNU4yamQ4UXhaZU0zcFI4!2m2!1d42.46762748084341!2d-92.32321617000144!3f241.97191791484798!4f-2.228837535277563!5f0.7820865974627469\" width=\"100%\" height=\"450\" allowfullscreen=\"\" loading=\"lazy\"><\/iframe>\n\t\t\t<a href=\"https:\/\/cleanlaundry.com\/es\/locations\/\" target=\"_self\" rel=\"noopener\">\n\t\t\t\t\t\t\tView Locations\n\t\t\t\t\t<\/a>\n<h3>\n\t\tDe Nuestro Blog:\n\t<\/h3>\n\t\t\t<a href=\"https:\/\/cleanlaundry.com\/es\/blog\/\" target=\"_self\" rel=\"noopener\">\n\t\t\t\t\t\t\tVer todo\n\t\t\t<\/a>\n\t<p><em>Disclaimer: By providing my contact information to Clean Laundry, I acknowledge and give my explicit consent to be contacted via SMS and receive emails for various purposes, which may include marketing and promotional content. Message and data rates may apply. Message frequency may vary. Reply STOP to opt-out. Refer to our Privacy Policy for more information.<\/em><\/p>\n<h3>\n\t\tFollow us:\n\t<\/h3>","protected":false},"excerpt":{"rendered":"<p>Why Clean Laundry? Safely lit with 24\/7 video monitoring Our locations are safe and monitored around the clock for your peace of mind. Cleaner clothes with less detergent High-efficiency large-capacity washing machines and soft water technology saves you time and money. Comfortable, convenient, &#038; always clean Free Wifi, USB charging stations, TVs and refreshment options&hellip;<\/p>","protected":false},"author":2,"featured_media":0,"parent":0,"menu_order":0,"comment_status":"closed","ping_status":"closed","template":"","meta":{"footnotes":""},"class_list":["post-4599","page","type-page","status-publish","hentry"],"yoast_head":"<!-- This site is optimized with the Yoast SEO plugin v25.0 - https:\/\/yoast.com\/wordpress\/plugins\/seo\/ -->\n<title>Clean Laundry Laundromat | Safe, Modern, &amp; Fast<\/title>\n<meta name=\"description\" content=\"Imagine a spotlessly clean laundromat, w\/ new machines of all sizes plus Wi-Fi, USB charging stations, and 70&quot; TVs. Find a location near you!\" \/>\n<meta name=\"robots\" content=\"index, follow, max-snippet:-1, max-image-preview:large, max-video-preview:-1\" \/>\n<link rel=\"canonical\" href=\"https:\/\/cleanlaundry.com\/es\/\" \/>\n<meta property=\"og:locale\" content=\"es_MX\" \/>\n<meta property=\"og:type\" content=\"article\" \/>\n<meta property=\"og:title\" content=\"Clean Laundry Laundromat | Safe, Modern, &amp; Fast\" \/>\n<meta property=\"og:description\" content=\"Imagine a spotlessly clean laundromat, w\/ new machines of all sizes plus Wi-Fi, USB charging stations, and 70&quot; TVs. Find a location near you!\" \/>\n<meta property=\"og:url\" content=\"https:\/\/cleanlaundry.com\/es\/\" \/>\n<meta property=\"og:site_name\" content=\"Clean Laundry\" \/>\n<meta property=\"article:modified_time\" content=\"2024-10-31T14:43:25+00:00\" \/>\n<meta property=\"og:image\" content=\"https:\/\/cleanlaundry.com\/wp-content\/uploads\/2023\/06\/cl-clean-fast-safe.png\" \/>\n<meta name=\"twitter:card\" content=\"summary_large_image\" \/>\n<meta name=\"twitter:label1\" content=\"Tiempo de lectura\" \/>\n\t<meta name=\"twitter:data1\" content=\"2 minutos\" \/>\n<script type=\"application\/ld+json\" class=\"yoast-schema-graph\">{\"@context\":\"https:\/\/schema.org\",\"@graph\":[{\"@type\":\"WebPage\",\"@id\":\"https:\/\/cleanlaundry.com\/\",\"url\":\"https:\/\/cleanlaundry.com\/\",\"name\":\"Clean Laundry Laundromat | Safe, Modern, & Fast\",\"isPartOf\":{\"@id\":\"https:\/\/cleanlaundry.com\/#website\"},\"primaryImageOfPage\":{\"@id\":\"https:\/\/cleanlaundry.com\/#primaryimage\"},\"image\":{\"@id\":\"https:\/\/cleanlaundry.com\/#primaryimage\"},\"thumbnailUrl\":\"https:\/\/cleanlaundry.com\/wp-content\/uploads\/2023\/06\/cl-clean-fast-safe.png\",\"datePublished\":\"2020-06-14T05:00:35+00:00\",\"dateModified\":\"2024-10-31T14:43:25+00:00\",\"description\":\"Imagine a spotlessly clean laundromat, w\/ new machines of all sizes plus Wi-Fi, USB charging stations, and 70\\\" TVs. Find a location near you!\",\"breadcrumb\":{\"@id\":\"https:\/\/cleanlaundry.com\/#breadcrumb\"},\"inLanguage\":\"es\",\"potentialAction\":[{\"@type\":\"ReadAction\",\"target\":[\"https:\/\/cleanlaundry.com\/\"]}]},{\"@type\":\"ImageObject\",\"inLanguage\":\"es\",\"@id\":\"https:\/\/cleanlaundry.com\/#primaryimage\",\"url\":\"https:\/\/cleanlaundry.com\/wp-content\/uploads\/2023\/06\/cl-clean-fast-safe.png\",\"contentUrl\":\"https:\/\/cleanlaundry.com\/wp-content\/uploads\/2023\/06\/cl-clean-fast-safe.png\"},{\"@type\":\"BreadcrumbList\",\"@id\":\"https:\/\/cleanlaundry.com\/#breadcrumb\",\"itemListElement\":[{\"@type\":\"ListItem\",\"position\":1,\"name\":\"Home\",\"item\":\"https:\/\/cleanlaundry.com\/\"},{\"@type\":\"ListItem\",\"position\":2,\"name\":\"Clean Laundry | It&#8217;s About Time!\"}]},{\"@type\":\"WebSite\",\"@id\":\"https:\/\/cleanlaundry.com\/#website\",\"url\":\"https:\/\/cleanlaundry.com\/\",\"name\":\"Clean Laundry\",\"description\":\"Clean Laundry\",\"potentialAction\":[{\"@type\":\"SearchAction\",\"target\":{\"@type\":\"EntryPoint\",\"urlTemplate\":\"https:\/\/cleanlaundry.com\/?s={search_term_string}\"},\"query-input\":{\"@type\":\"PropertyValueSpecification\",\"valueRequired\":true,\"valueName\":\"search_term_string\"}}],\"inLanguage\":\"es\"}]}<\/script>\n<!-- \/ Yoast SEO plugin. -->","yoast_head_json":{"title":"Clean Laundry Laundromat | Safe, Modern, & Fast","description":"Imagine a spotlessly clean laundromat, w\/ new machines of all sizes plus Wi-Fi, USB charging stations, and 70\" TVs. Find a location near you!","robots":{"index":"index","follow":"follow","max-snippet":"max-snippet:-1","max-image-preview":"max-image-preview:large","max-video-preview":"max-video-preview:-1"},"canonical":"https:\/\/cleanlaundry.com\/es\/","og_locale":"es_MX","og_type":"article","og_title":"Clean Laundry Laundromat | Safe, Modern, & Fast","og_description":"Imagine a spotlessly clean laundromat, w\/ new machines of all sizes plus Wi-Fi, USB charging stations, and 70\" TVs. Find a location near you!","og_url":"https:\/\/cleanlaundry.com\/es\/","og_site_name":"Clean Laundry","article_modified_time":"2024-10-31T14:43:25+00:00","og_image":[{"url":"https:\/\/cleanlaundry.com\/wp-content\/uploads\/2023\/06\/cl-clean-fast-safe.png","type":"","width":"","height":""}],"twitter_card":"summary_large_image","twitter_misc":{"Tiempo de lectura":"2 minutos"},"schema":{"@context":"https:\/\/schema.org","@graph":[{"@type":"WebPage","@id":"https:\/\/cleanlaundry.com\/","url":"https:\/\/cleanlaundry.com\/","name":"Clean Laundry Laundromat | Safe, Modern, & Fast","isPartOf":{"@id":"https:\/\/cleanlaundry.com\/#website"},"primaryImageOfPage":{"@id":"https:\/\/cleanlaundry.com\/#primaryimage"},"image":{"@id":"https:\/\/cleanlaundry.com\/#primaryimage"},"thumbnailUrl":"https:\/\/cleanlaundry.com\/wp-content\/uploads\/2023\/06\/cl-clean-fast-safe.png","datePublished":"2020-06-14T05:00:35+00:00","dateModified":"2024-10-31T14:43:25+00:00","description":"Imagine a spotlessly clean laundromat, w\/ new machines of all sizes plus Wi-Fi, USB charging stations, and 70\" TVs. Find a location near you!","breadcrumb":{"@id":"https:\/\/cleanlaundry.com\/#breadcrumb"},"inLanguage":"es","potentialAction":[{"@type":"ReadAction","target":["https:\/\/cleanlaundry.com\/"]}]},{"@type":"ImageObject","inLanguage":"es","@id":"https:\/\/cleanlaundry.com\/#primaryimage","url":"https:\/\/cleanlaundry.com\/wp-content\/uploads\/2023\/06\/cl-clean-fast-safe.png","contentUrl":"https:\/\/cleanlaundry.com\/wp-content\/uploads\/2023\/06\/cl-clean-fast-safe.png"},{"@type":"BreadcrumbList","@id":"https:\/\/cleanlaundry.com\/#breadcrumb","itemListElement":[{"@type":"ListItem","position":1,"name":"Home","item":"https:\/\/cleanlaundry.com\/"},{"@type":"ListItem","position":2,"name":"Clean Laundry | It&#8217;s About Time!"}]},{"@type":"WebSite","@id":"https:\/\/cleanlaundry.com\/#website","url":"https:\/\/cleanlaundry.com\/","name":"Clean Laundry","description":"Clean Laundry","potentialAction":[{"@type":"SearchAction","target":{"@type":"EntryPoint","urlTemplate":"https:\/\/cleanlaundry.com\/?s={search_term_string}"},"query-input":{"@type":"PropertyValueSpecification","valueRequired":true,"valueName":"search_term_string"}}],"inLanguage":"es"}]}},"_links":{"self":[{"href":"https:\/\/cleanlaundry.com\/es\/wp-json\/wp\/v2\/pages\/4599","targetHints":{"allow":["GET"]}}],"collection":[{"href":"https:\/\/cleanlaundry.com\/es\/wp-json\/wp\/v2\/pages"}],"about":[{"href":"https:\/\/cleanlaundry.com\/es\/wp-json\/wp\/v2\/types\/page"}],"author":[{"embeddable":true,"href":"https:\/\/cleanlaundry.com\/es\/wp-json\/wp\/v2\/users\/2"}],"replies":[{"embeddable":true,"href":"https:\/\/cleanlaundry.com\/es\/wp-json\/wp\/v2\/comments?post=4599"}],"version-history":[{"count":225,"href":"https:\/\/cleanlaundry.com\/es\/wp-json\/wp\/v2\/pages\/4599\/revisions"}],"predecessor-version":[{"id":15133,"href":"https:\/\/cleanlaundry.com\/es\/wp-json\/wp\/v2\/pages\/4599\/revisions\/15133"}],"wp:attachment":[{"href":"https:\/\/cleanlaundry.com\/es\/wp-json\/wp\/v2\/media?parent=4599"}],"curies":[{"name":"wp","href":"https:\/\/api.w.org\/{rel}","templated":true}]}}