{"id":15207,"date":"2025-06-19T14:08:57","date_gmt":"2025-06-19T19:08:57","guid":{"rendered":"https:\/\/cleanlaundry.com\/?page_id=15207"},"modified":"2025-09-19T12:51:39","modified_gmt":"2025-09-19T17:51:39","slug":"wash-dry-fold-service-in-whitehall","status":"publish","type":"page","link":"https:\/\/cleanlaundry.com\/es\/wash-dry-fold-service-in-whitehall\/","title":{"rendered":"Wash Dry Fold Laundry Service in Whitehall"},"content":{"rendered":"<img loading=\"lazy\" decoding=\"async\" src=\"https:\/\/cleanlaundry.com\/wp-content\/uploads\/2021\/01\/WDF-logo.png\" alt=\"Clean Laundry Wash Dry Fold Logo\" itemprop=\"image\" height=\"501\" width=\"501\" title=\"Logotipo de WDF\" onerror=\"this.style.display='none'\"  \/>\n<h1>\n\t\tDrop Off Laundry Service in Whitehall\n\t<\/h1>\n<h2>\n\t\tClean Laundry in Whitehall is more than a laundromat. It&#8217;s also a next-day wash, dry, fold service that is fast, affordable, and most of all: clean.\n\t<\/h2>\n\t<h2>Perm\u00edtanos lavar la ropa por usted.<\/h2>\n<p>Don&#8217;t feel like doing your laundry? Want to save some time? Drop off laundry at our Whitehall location and pick it up clean and folded the next day!<\/p>\n<h4>\n\t\tc\u00f3mo funciona\n\t<\/h4>\n\t\t\t\t<img loading=\"lazy\" decoding=\"async\" src=\"https:\/\/cleanlaundry.com\/wp-content\/uploads\/2021\/01\/1@3x.png\" alt=\"1\" itemprop=\"image\" height=\"150\" width=\"150\" title=\"1\" onerror=\"this.style.display='none'\"  \/>\n\t<p><strong>Dropoff at our Laundry Lockers.<\/strong><\/p>\n<ol>\n<li>Find an open locker and place garments inside.<\/li>\n<li>Download and use the\u00a0<a href=\"https:\/\/cleanlaundry.com\/es\/laundry-lockers\/#\/\">CLX app<\/a>\u00a0to submit your order<\/li>\n<li>Some locations have a paper form if you would prefer to use that over the app<\/li>\n<li>Once the order is placed, close the locker door and press any four digit code then the &#8220;#&#8221; to lock the locker<\/li>\n<li>You will be notified, with a locker number and unlock code, when your order is ready for pick up<\/li>\n<\/ol>\n\t\t\t\t<img loading=\"lazy\" decoding=\"async\" src=\"https:\/\/cleanlaundry.com\/wp-content\/uploads\/2021\/01\/2@3x.png\" alt=\"2\" itemprop=\"image\" height=\"150\" width=\"151\" title=\"2\" onerror=\"this.style.display='none'\"  \/>\n\t<p><strong>Pesaremos tu ropa.<\/strong> Nuestro precio se basa en el peso de su ropa ($1.59\/lb. para el servicio al d\u00eda siguiente) y no incluye art\u00edculos especiales como almohadas, mantas, alfombras, etc.<\/p>\n<p><a href=\"#ms-anchor-pricing\">Ver detalles de precios<\/a><\/p>\n\t\t\t\t<img loading=\"lazy\" decoding=\"async\" src=\"https:\/\/cleanlaundry.com\/wp-content\/uploads\/2021\/01\/3@3x.png\" alt=\"3\" itemprop=\"image\" height=\"150\" width=\"151\" title=\"3\" onerror=\"this.style.display='none'\"  \/>\n\t<p><strong>Lavamos, secamos y doblamos tu ropa.<\/strong> Su ropa es importante para usted y la tratamos de esa manera. Personalizar la temperatura de lavado y las opciones de detergente es r\u00e1pido y f\u00e1cil.<\/p>\n\t\t\t\t<img loading=\"lazy\" decoding=\"async\" src=\"https:\/\/cleanlaundry.com\/wp-content\/uploads\/2021\/01\/4@3x.png\" alt=\"4\" itemprop=\"image\" height=\"150\" width=\"151\" title=\"4\" onerror=\"this.style.display='none'\"  \/>\n\t<p><strong>Recoja su ropa reci\u00e9n lavada y doblada.<\/strong> \u00a1Todo lo que queda por hacer es guardarlo!<\/p>\n\t\t\t<a href=\"https:\/\/cleanlaundry.com\/es\/laundry-lockers\/#\/\" target=\"_blank\" rel=\"noopener\">\n\t\t\t\t\t\tDescargar la aplicaci\u00f3n\n\t\t\t\t\t<\/a>\n<h4>\n\t\tprecios\n\t<\/h4>\n\t<p>$1.59\/lb.<\/p>\n<p>Servicio al d\u00eda siguiente<\/p>\n\t<h5>Art\u00edculos especiales<\/h5>\n<p>Edredones King\/Queen: $20<\/p>\n<p>Edredones Twin\/Full: $15<\/p>\n<p>Sacos de Dormir: $15<\/p>\n<p>Juegos de cama (s\u00e1banas\/funda de almohada): $12<\/p>\n<p>King\/Queen Blankets: $12<\/p>\n<p>Twin\/Full Blankets: $10<\/p>\n<p>Alfombras grandes: $15<\/p>\n<p>Alfombras peque\u00f1as: $5<\/p>\n<h5>Complementos<\/h5>\n<p>Hojas para secadora: GRATIS<\/p>\n<p>Detergente: GRATIS<\/p>\n<p>Suavizante de telas: GRATIS<\/p>\n\t<p>*Service available 7 days per week for drop-offs.\u00a0 Must pay with credit or debit card, $30 minimum order. Additional charges apply to specialty items like comforters, pillows, or sleeping bags. Not responsible for clothing damaged during the wash and\/or dry cycles.<\/p>\n<h4>\n\t\t\u00bfPreparado para comenzar?\n\t<\/h4>\n\t\t\t<a href=\"https:\/\/cleanlaundry.com\/es\/laundry-lockers\/#\/\" target=\"_blank\" rel=\"noopener\">\n\t\t\t\t\t\tDescargar la aplicaci\u00f3n\n\t\t\t\t\t<\/a>\n<h4>\n\t\tPreguntas frecuentes\n\t<\/h4>\n\t\t\t\t\t<a href=\"#\" id=\"fl-accordion--label-0\" tabindex=\"0\" aria-controls=\"fl-accordion--panel-0\">Cuando deje mi ropa para el servicio de Lavado, secado y doblado de ropa limpia, \u00bftendr\u00e9 que separar mi ropa?<\/a>\n\t\t\t\t\t\t\t\t\t\t\t<a href=\"#\" id=\"fl-accordion--icon-0\" tabindex=\"-1\"><i title=\"Expandir\">Expandir<\/i><\/a>\n\t\t\t\t\t<p>Nos enorgullecemos de nuestro servicio al cliente, por lo que no es necesario separar los colores y los blancos. Lo haremos por ti. Aseg\u00farese de que la ropa no est\u00e9 dentro de otra ropa para ayudarnos a movernos r\u00e1pidamente para asegurarnos de que lavamos, secamos y doblamos su ropa a tiempo.\u00a0<\/p>\n\t\t\t\t\t<a href=\"#\" id=\"fl-accordion--label-1\" tabindex=\"0\" aria-controls=\"fl-accordion--panel-1\">\u00bfQu\u00e9 pasa si tengo instrucciones especiales para mi ropa?<\/a>\n\t\t\t\t\t\t\t\t\t\t\t<a href=\"#\" id=\"fl-accordion--icon-1\" tabindex=\"-1\"><i title=\"Expandir\">Expandir<\/i><\/a>\n\t\t\t\t\t<p>Todas las instrucciones especiales deben ser entregadas al asistente en el momento de la entrega. Si tiene ropa costosa, secamos esos art\u00edculos por usted. Clean Laundry har\u00e1 todo lo posible para satisfacer sus necesidades de ropa.<\/p>\n\t\t\t\t\t<a href=\"#\" id=\"fl-accordion--label-2\" tabindex=\"0\" aria-controls=\"fl-accordion--panel-2\">\u00bfC\u00f3mo s\u00e9 que voy a recuperar toda mi ropa? <\/a>\n\t\t\t\t\t\t\t\t\t\t\t<a href=\"#\" id=\"fl-accordion--icon-2\" tabindex=\"-1\"><i title=\"Expandir\">Expandir<\/i><\/a>\n\t\t\t\t\t<p>Lavamos, secamos y doblamos tu ropa solos, nunca con otro pedido. Si, por casualidad, faltan art\u00edculos, llame inmediatamente a nuestro n\u00famero de servicio al cliente para comenzar a buscar.<\/p>\n\t\t\t\t\t<a href=\"#\" id=\"fl-accordion--label-3\" tabindex=\"0\" aria-controls=\"fl-accordion--panel-3\">\u00bfMi ropa se mezclar\u00e1 con la ropa de otras personas?<\/a>\n\t\t\t\t\t\t\t\t\t\t\t<a href=\"#\" id=\"fl-accordion--icon-3\" tabindex=\"-1\"><i title=\"Expandir\">Expandir<\/i><\/a>\n\t\t\t\t\t<p>Lavamos, secamos y doblamos la ropa de cada cliente por separado. Clean Laundry tiene un sistema de seguimiento de rutina donde nos aseguramos de que no mezclaremos ropa.\u00a0<\/p>\n\t\t\t\t\t<a href=\"#\" id=\"fl-accordion--label-4\" tabindex=\"0\" aria-controls=\"fl-accordion--panel-4\">\u00bfC\u00f3mo se cuando mi ropa est\u00e1 lista?<\/a>\n\t\t\t\t\t\t\t\t\t\t\t<a href=\"#\" id=\"fl-accordion--icon-4\" tabindex=\"-1\"><i title=\"Expandir\">Expandir<\/i><\/a>\n\t\t\t\t\t<p>Recibir\u00e1 un mensaje de texto \/ correo electr\u00f3nico confirmando que su pedido est\u00e1 hecho.\u00a0<\/p>\n\t\t\t\t\t<a href=\"#\" id=\"fl-accordion--label-5\" tabindex=\"0\" aria-controls=\"fl-accordion--panel-5\">\u00bfQu\u00e9 pasa si no puedo recogerlos de inmediato? \u00bfCu\u00e1nto tiempo me los guardar\u00e1s?<\/a>\n\t\t\t\t\t\t\t\t\t\t\t<a href=\"#\" id=\"fl-accordion--icon-5\" tabindex=\"-1\"><i title=\"Expandir\">Expandir<\/i><\/a>\n\t\t\t\t\t<p>Si no puede recoger la ropa para lavar de inmediato, retendremos Lavander\u00eda para el siguiente d\u00eda h\u00e1bil.<\/p>\n\t\t\t\t\t<a href=\"#\" id=\"fl-accordion--label-6\" tabindex=\"0\" aria-controls=\"fl-accordion--panel-6\">\u00bfQu\u00e9 tipo de detergente usas? <\/a>\n\t\t\t\t\t\t\t\t\t\t\t<a href=\"#\" id=\"fl-accordion--icon-6\" tabindex=\"-1\"><i title=\"Expandir\">Expandir<\/i><\/a>\n\t\t\t\t\t<p>Todos nuestros pedidos se realizan con un detergente, suavizante de telas y toallitas para secadora de marca. Tambi\u00e9n usamos un oxi-blanqueador (sin cloro para que no desti\u00f1a los colores) para darle a tu ropa el brillo adicional que te mereces. Aunque ofrecemos detergente a base de plantas o siempre puede traer su detergente para usar.\u00a0<\/p>\n\t\t\t\t\t<a href=\"#\" id=\"fl-accordion--label-7\" tabindex=\"0\" aria-controls=\"fl-accordion--panel-7\">Si uso un detergente especial, \u00bfpuedo llev\u00e1rselo y hacer que se lave con \u00e9l? <\/a>\n\t\t\t\t\t\t\t\t\t\t\t<a href=\"#\" id=\"fl-accordion--icon-7\" tabindex=\"-1\"><i title=\"Expandir\">Expandir<\/i><\/a>\n\t\t\t\t\t<p>S\u00ed, lo aceptaremos si usa un tipo espec\u00edfico de detergente para ropa.\u00a0<\/p>\n\t\t\t\t\t<a href=\"#\" id=\"fl-accordion--label-8\" tabindex=\"0\" aria-controls=\"fl-accordion--panel-8\">\u00bfQu\u00e9 pasa si algo se da\u00f1a o se pierde? <\/a>\n\t\t\t\t\t\t\t\t\t\t\t<a href=\"#\" id=\"fl-accordion--icon-8\" tabindex=\"-1\"><i title=\"Expandir\">Expandir<\/i><\/a>\n\t\t\t\t\t<p>Ejercemos el m\u00e1ximo cuidado con toda la ropa de nuestros clientes. Sin embargo, Clean Laundry no es responsable por ning\u00fan art\u00edculo perdido o da\u00f1ado. Manejaremos cada servicio de acuerdo con las regulaciones estatales. Sin embargo, no podemos asumir responsabilidad por debilidades o defectos en materiales que no sean evidentes antes del procesamiento. En el lavado, no podemos garantizar la p\u00e9rdida y el encogimiento del color; o contra da\u00f1os a tejidos d\u00e9biles y tiernos. Las diferencias en el recuento deben informarse o presentarse inicialmente, y este boleto debe presentarse dentro de las 48 horas.\u00a0<\/p>\n\t\t\t\t\t<a href=\"#\" id=\"fl-accordion--label-9\" tabindex=\"0\" aria-controls=\"fl-accordion--panel-9\">\u00bfPuedo dejar la ropa de cama tambi\u00e9n o solo la ropa? <\/a>\n\t\t\t\t\t\t\t\t\t\t\t<a href=\"#\" id=\"fl-accordion--icon-9\" tabindex=\"-1\"><i title=\"Expandir\">Expandir<\/i><\/a>\n\t\t\t\t\t<p>Puede dejar todo lo que pueda caber en la bolsa Clean Laundry. Por favor, no lavar en seco solo art\u00edculos.<\/p>","protected":false},"excerpt":{"rendered":"<p>Drop Off Laundry Service in Whitehall Clean Laundry in Whitehall is more than a laundromat. It&#8217;s also a next-day wash, dry, fold service that is fast, affordable, and most of all: clean. Let us do your laundry for\u00a0you. Don&#8217;t feel like doing your laundry? Want to save some time? Drop off laundry at our Whitehall&hellip;<\/p>","protected":false},"author":101032,"featured_media":0,"parent":0,"menu_order":0,"comment_status":"closed","ping_status":"closed","template":"","meta":{"footnotes":""},"class_list":["post-15207","page","type-page","status-publish","hentry"],"yoast_head":"<!-- This site is optimized with the Yoast SEO plugin v25.0 - https:\/\/yoast.com\/wordpress\/plugins\/seo\/ -->\n<title>Wash Dry Fold Laundry Service in Whitehall - Clean Laundry<\/title>\n<meta name=\"description\" content=\"Drop off wash and fold laundry service in Toledo, OH. Next day turnaround, affordable prices, professional laundry care team!\" \/>\n<meta name=\"robots\" content=\"index, follow, max-snippet:-1, max-image-preview:large, max-video-preview:-1\" \/>\n<link rel=\"canonical\" href=\"https:\/\/cleanlaundry.com\/es\/wash-dry-fold-service-in-whitehall\/\" \/>\n<meta property=\"og:locale\" content=\"es_MX\" \/>\n<meta property=\"og:type\" content=\"article\" \/>\n<meta property=\"og:title\" content=\"Wash Dry Fold Laundry Service in Whitehall - Clean Laundry\" \/>\n<meta property=\"og:description\" content=\"Drop off wash and fold laundry service in Toledo, OH. Next day turnaround, affordable prices, professional laundry care team!\" \/>\n<meta property=\"og:url\" content=\"https:\/\/cleanlaundry.com\/es\/wash-dry-fold-service-in-whitehall\/\" \/>\n<meta property=\"og:site_name\" content=\"Clean Laundry\" \/>\n<meta property=\"article:modified_time\" content=\"2025-09-19T17:51:39+00:00\" \/>\n<meta property=\"og:image\" content=\"https:\/\/cleanlaundry.com\/wp-content\/uploads\/2021\/01\/WDF-logo.png\" \/>\n<meta name=\"twitter:card\" content=\"summary_large_image\" \/>\n<meta name=\"twitter:label1\" content=\"Tiempo de lectura\" \/>\n\t<meta name=\"twitter:data1\" content=\"5 minutos\" \/>\n<script type=\"application\/ld+json\" class=\"yoast-schema-graph\">{\"@context\":\"https:\/\/schema.org\",\"@graph\":[{\"@type\":\"WebPage\",\"@id\":\"https:\/\/cleanlaundry.com\/wash-dry-fold-service-in-whitehall\/\",\"url\":\"https:\/\/cleanlaundry.com\/wash-dry-fold-service-in-whitehall\/\",\"name\":\"Wash Dry Fold Laundry Service in Whitehall - Clean Laundry\",\"isPartOf\":{\"@id\":\"https:\/\/cleanlaundry.com\/#website\"},\"primaryImageOfPage\":{\"@id\":\"https:\/\/cleanlaundry.com\/wash-dry-fold-service-in-whitehall\/#primaryimage\"},\"image\":{\"@id\":\"https:\/\/cleanlaundry.com\/wash-dry-fold-service-in-whitehall\/#primaryimage\"},\"thumbnailUrl\":\"https:\/\/cleanlaundry.com\/wp-content\/uploads\/2021\/01\/WDF-logo.png\",\"datePublished\":\"2025-06-19T19:08:57+00:00\",\"dateModified\":\"2025-09-19T17:51:39+00:00\",\"description\":\"Drop off wash and fold laundry service in Toledo, OH. Next day turnaround, affordable prices, professional laundry care team!\",\"breadcrumb\":{\"@id\":\"https:\/\/cleanlaundry.com\/wash-dry-fold-service-in-whitehall\/#breadcrumb\"},\"inLanguage\":\"es\",\"potentialAction\":[{\"@type\":\"ReadAction\",\"target\":[\"https:\/\/cleanlaundry.com\/wash-dry-fold-service-in-whitehall\/\"]}]},{\"@type\":\"ImageObject\",\"inLanguage\":\"es\",\"@id\":\"https:\/\/cleanlaundry.com\/wash-dry-fold-service-in-whitehall\/#primaryimage\",\"url\":\"https:\/\/cleanlaundry.com\/wp-content\/uploads\/2021\/01\/WDF-logo.png\",\"contentUrl\":\"https:\/\/cleanlaundry.com\/wp-content\/uploads\/2021\/01\/WDF-logo.png\"},{\"@type\":\"BreadcrumbList\",\"@id\":\"https:\/\/cleanlaundry.com\/wash-dry-fold-service-in-whitehall\/#breadcrumb\",\"itemListElement\":[{\"@type\":\"ListItem\",\"position\":1,\"name\":\"Home\",\"item\":\"https:\/\/cleanlaundry.com\/\"},{\"@type\":\"ListItem\",\"position\":2,\"name\":\"Wash Dry Fold Laundry Service in Whitehall\"}]},{\"@type\":\"WebSite\",\"@id\":\"https:\/\/cleanlaundry.com\/#website\",\"url\":\"https:\/\/cleanlaundry.com\/\",\"name\":\"Clean Laundry\",\"description\":\"Clean Laundry\",\"potentialAction\":[{\"@type\":\"SearchAction\",\"target\":{\"@type\":\"EntryPoint\",\"urlTemplate\":\"https:\/\/cleanlaundry.com\/?s={search_term_string}\"},\"query-input\":{\"@type\":\"PropertyValueSpecification\",\"valueRequired\":true,\"valueName\":\"search_term_string\"}}],\"inLanguage\":\"es\"}]}<\/script>\n<!-- \/ Yoast SEO plugin. -->","yoast_head_json":{"title":"Wash Dry Fold Laundry Service in Whitehall - Clean Laundry","description":"Drop off wash and fold laundry service in Toledo, OH. Next day turnaround, affordable prices, professional laundry care team!","robots":{"index":"index","follow":"follow","max-snippet":"max-snippet:-1","max-image-preview":"max-image-preview:large","max-video-preview":"max-video-preview:-1"},"canonical":"https:\/\/cleanlaundry.com\/es\/wash-dry-fold-service-in-whitehall\/","og_locale":"es_MX","og_type":"article","og_title":"Wash Dry Fold Laundry Service in Whitehall - Clean Laundry","og_description":"Drop off wash and fold laundry service in Toledo, OH. Next day turnaround, affordable prices, professional laundry care team!","og_url":"https:\/\/cleanlaundry.com\/es\/wash-dry-fold-service-in-whitehall\/","og_site_name":"Clean Laundry","article_modified_time":"2025-09-19T17:51:39+00:00","og_image":[{"url":"https:\/\/cleanlaundry.com\/wp-content\/uploads\/2021\/01\/WDF-logo.png","type":"","width":"","height":""}],"twitter_card":"summary_large_image","twitter_misc":{"Tiempo de lectura":"5 minutos"},"schema":{"@context":"https:\/\/schema.org","@graph":[{"@type":"WebPage","@id":"https:\/\/cleanlaundry.com\/wash-dry-fold-service-in-whitehall\/","url":"https:\/\/cleanlaundry.com\/wash-dry-fold-service-in-whitehall\/","name":"Wash Dry Fold Laundry Service in Whitehall - Clean Laundry","isPartOf":{"@id":"https:\/\/cleanlaundry.com\/#website"},"primaryImageOfPage":{"@id":"https:\/\/cleanlaundry.com\/wash-dry-fold-service-in-whitehall\/#primaryimage"},"image":{"@id":"https:\/\/cleanlaundry.com\/wash-dry-fold-service-in-whitehall\/#primaryimage"},"thumbnailUrl":"https:\/\/cleanlaundry.com\/wp-content\/uploads\/2021\/01\/WDF-logo.png","datePublished":"2025-06-19T19:08:57+00:00","dateModified":"2025-09-19T17:51:39+00:00","description":"Drop off wash and fold laundry service in Toledo, OH. Next day turnaround, affordable prices, professional laundry care team!","breadcrumb":{"@id":"https:\/\/cleanlaundry.com\/wash-dry-fold-service-in-whitehall\/#breadcrumb"},"inLanguage":"es","potentialAction":[{"@type":"ReadAction","target":["https:\/\/cleanlaundry.com\/wash-dry-fold-service-in-whitehall\/"]}]},{"@type":"ImageObject","inLanguage":"es","@id":"https:\/\/cleanlaundry.com\/wash-dry-fold-service-in-whitehall\/#primaryimage","url":"https:\/\/cleanlaundry.com\/wp-content\/uploads\/2021\/01\/WDF-logo.png","contentUrl":"https:\/\/cleanlaundry.com\/wp-content\/uploads\/2021\/01\/WDF-logo.png"},{"@type":"BreadcrumbList","@id":"https:\/\/cleanlaundry.com\/wash-dry-fold-service-in-whitehall\/#breadcrumb","itemListElement":[{"@type":"ListItem","position":1,"name":"Home","item":"https:\/\/cleanlaundry.com\/"},{"@type":"ListItem","position":2,"name":"Wash Dry Fold Laundry Service in Whitehall"}]},{"@type":"WebSite","@id":"https:\/\/cleanlaundry.com\/#website","url":"https:\/\/cleanlaundry.com\/","name":"Ropa limpia","description":"Ropa limpia","potentialAction":[{"@type":"SearchAction","target":{"@type":"EntryPoint","urlTemplate":"https:\/\/cleanlaundry.com\/?s={search_term_string}"},"query-input":{"@type":"PropertyValueSpecification","valueRequired":true,"valueName":"search_term_string"}}],"inLanguage":"es"}]}},"_links":{"self":[{"href":"https:\/\/cleanlaundry.com\/es\/wp-json\/wp\/v2\/pages\/15207","targetHints":{"allow":["GET"]}}],"collection":[{"href":"https:\/\/cleanlaundry.com\/es\/wp-json\/wp\/v2\/pages"}],"about":[{"href":"https:\/\/cleanlaundry.com\/es\/wp-json\/wp\/v2\/types\/page"}],"author":[{"embeddable":true,"href":"https:\/\/cleanlaundry.com\/es\/wp-json\/wp\/v2\/users\/101032"}],"replies":[{"embeddable":true,"href":"https:\/\/cleanlaundry.com\/es\/wp-json\/wp\/v2\/comments?post=15207"}],"version-history":[{"count":10,"href":"https:\/\/cleanlaundry.com\/es\/wp-json\/wp\/v2\/pages\/15207\/revisions"}],"predecessor-version":[{"id":15255,"href":"https:\/\/cleanlaundry.com\/es\/wp-json\/wp\/v2\/pages\/15207\/revisions\/15255"}],"wp:attachment":[{"href":"https:\/\/cleanlaundry.com\/es\/wp-json\/wp\/v2\/media?parent=15207"}],"curies":[{"name":"wp","href":"https:\/\/api.w.org\/{rel}","templated":true}]}}