{"id":14408,"date":"2023-05-10T13:57:20","date_gmt":"2023-05-10T18:57:20","guid":{"rendered":"https:\/\/cleanlaundry.com\/?page_id=14408"},"modified":"2025-11-12T09:07:10","modified_gmt":"2025-11-12T15:07:10","slug":"2621-dorr-st-toledo-oh","status":"publish","type":"page","link":"https:\/\/cleanlaundry.com\/es\/locations\/ohio\/toledo\/2621-dorr-st-toledo-oh\/","title":{"rendered":"2621 Dorr Street Toledo, OH 43607"},"content":{"rendered":"<h1>\u00a1Ahora abierto!<\/h1>\n<h1>Lavander\u00eda limpia en Toledo, OH<\/h1>\n<h2>A quality, modern, and clean laundromat on Dorr Street<\/h2>\n\t\t\t<a href=\"https:\/\/www.google.com\/maps\/place\/5145+Glendale+Ave,+Toledo,+OH+43614\/@41.6044093,-83.6658931,17z\/data=!3m1!4b1!4m5!3m4!1s0x883c79ece494506b:0x1fc0e20145a5d3f!8m2!3d41.6044093!4d-83.6637044\" target=\"_blank\" rel=\"noopener\">\n\t\t\t\t\t\t\tObtener las direcciones\n\t\t\t<\/a>\n\t<h4> <a href=\"https:\/\/www.google.com\/maps\/place\/5145+Glendale+Ave,+Toledo,+OH+43614\/@41.6044093,-83.6658931,17z\/data=!3m1!4b1!4m5!3m4!1s0x883c79ece494506b:0x1fc0e20145a5d3f!8m2!3d41.6044093!4d-83.6637044\" target=\"_blank\" rel=\"noopener\">2621 Dorr Street, Toledo, OH 43607<\/a><\/h4>\n\t<p><a href=\"tel:419-365-2578\">419-365-2578<\/a><\/p>\n <a href=\"mailto:store0041@cleanlaundry.com\">Env\u00edanos un correo electr\u00f3nico<\/a><br \/>\n Hours: 24\/7<br \/>\n Huebsch Location: CL0041\n\t<h3>\u00a1Lavander\u00eda a monedas y mucho m\u00e1s!\u00a0<\/h3>\n<p>el toledano, <a href=\"https:\/\/cleanlaundry.com\/es\/locations\/ohio\/\">Lavander\u00eda limpia de Ohio<\/a> store opened April 4th, 2024. This laundromat is conveniently located on the corner of Dorr Street and N Westwood Ave. This laundromat is the perfect solution for busy families and anyone looking to get their laundry done fast and affordably.<\/p>\n\t\t\t\t<img loading=\"lazy\" decoding=\"async\" src=\"https:\/\/cleanlaundry.com\/wp-content\/uploads\/2022\/11\/CL-05.06-Nugget-Rewards-HB1-copy.png\" alt=\"CL-05.06-Nugget-Rewards-HB1 copy\" itemprop=\"image\" height=\"500\" width=\"500\" title=\"Copia CL-05.06-Nugget-Rewards-HB1\" onerror=\"this.style.display='none'\"  \/>\n\t<h2>Earn While You Wash<\/h2>\n<p>Laundry made smarter. Use our app to earn rewards and see which machines are open before you stop by!<\/p>\n<p><a href=\"https:\/\/cleanlaundry.com\/es\/mobile\/huebsch\/\">Descarga aqu\u00ed<\/a><\/p>\n<p>Location Pin: CL0041<\/p>\n\t\t\t\t<img loading=\"lazy\" decoding=\"async\" src=\"https:\/\/cleanlaundry.com\/wp-content\/uploads\/2024\/06\/Dorr-Street-Exterior-Final.jpg\" alt=\"Dorr Street Exterior Final\" itemprop=\"image\" height=\"240\" width=\"320\" title=\"Dorr Street Exterior Final\" onerror=\"this.style.display='none'\"  \/>\n\t<a href=\"https:\/\/www.google.com\/maps\/place\/5145+Glendale+Ave,+Toledo,+OH+43614\/@41.6044093,-83.6658931,17z\/data=!3m1!4b1!4m5!3m4!1s0x883c79ece494506b:0x1fc0e20145a5d3f!8m2!3d41.6044093!4d-83.6637044\" target=\"_blank\">\n        <h5>2621 Dorr Street<\/h5>\n        <p>Toledo, OH 43607 <\/p>\n        \n          <\/a><a href=\"https:\/\/www.google.com\/maps\/place\/5145+Glendale+Ave,+Toledo,+OH+43614\/@41.6044093,-83.6658931,17z\/data=!3m1!4b1!4m5!3m4!1s0x883c79ece494506b:0x1fc0e20145a5d3f!8m2!3d41.6044093!4d-83.6637044\" target=\"_blank\">mapas de Google <\/a> \n        \n \n\t<iframe src=\"https:\/\/www.google.com\/maps\/embed\/v1\/place?q=%0A2621+Dorr+St%0AToledo%2C+OH+43607&#038;key=AIzaSyD09zQ9PNDNNy9TadMuzRV_UsPUoWKntt8\" aria-hidden=\"true\"><\/iframe>\n\t<h4>Descubra la diferencia Clean Laundry<\/h4>\n<p>Nuestras lavadoras y secadoras no son como las lavadoras y secadoras dom\u00e9sticas promedio. Son enormes lavadoras comerciales capaces de lavar <em><strong>hasta ocho cargas<\/strong><\/em> de una vez y secar en tan solo 20 minutos. Los sistemas de agua avanzados le proporcionan agua muy blanda, lo que significa ropa m\u00e1s limpia con menos detergente. Adem\u00e1s, cuando configura la lavadora en agua caliente, nos aseguramos de que est\u00e9 muy caliente para garantizar la mejor limpieza. <\/p>\n\t            <div class=\"rplg\" style=\"\" data-id=\"14066\"><div class=\"rplg-list2\"><div class=\"rplg-businesses\"><div class=\"rplg-box\"><div class=\"rplg-row\"><div class=\"rplg-row-left\"><img loading=\"lazy\" decoding=\"async\" src=\"data:image\/gif;base64,R0lGODlhAQABAIAAAAAAAP\/\/\/yH5BAEAAAAALAAAAAABAAEAAAIBRAA7\" data-src=\"data:image\/gif;base64,R0lGODlhAQABAIAAAAAAAP\/\/\/yH5BAEAAAAALAAAAAABAAEAAAIBRAA7\" class=\"rplg-review-avatar rplg-blazy\" alt=\"Clean Laundry\" width=\"56\" height=\"56\" title=\"Ropa limpia\" onerror=\"if(this.src!='data:image\/gif;base64,R0lGODlhAQABAIAAAAAAAP\/\/\/yH5BAEAAAAALAAAAAABAAEAAAIBRAA7')this.src='data:image\/gif;base64,R0lGODlhAQABAIAAAAAAAP\/\/\/yH5BAEAAAAALAAAAAABAAEAAAIBRAA7';\" ><\/div><div class=\"rplg-row-right\"><div class=\"rplg-biz-name rplg-trim\"><a href=\"https:\/\/cleanlaundry.com\/es\/locations\/ohio\/toledo\/5145-glendale-ave-toledo-oh\/\" class=\"\" target=\"_blank\" rel=\"noopener nofollow\"  >Ropa limpia<\/a><\/div><div><div class=\"rplg-biz-rating rplg-trim rplg-biz-google\"><div class=\"rplg-stars\" data-info=\"0,google,\"><\/div><\/div><\/div><div class=\"rplg-links\"><a href=\"https:\/\/search.google.com\/local\/reviews?placeid=ChIJhd2Kt815PIgRw6w-NQbDkmk\" target=\"_blank\" rel=\"noopener\" onclick=\"return true;\">Ver todas las cr\u00edticas<\/a><a href=\"javascript:void(0)\" onclick=\"_rplg_popup('https:\/\/search.google.com\/local\/writereview?placeid=ChIJhd2Kt815PIgRw6w-NQbDkmk', 800, 600)\">Escribe una rese\u00f1a<\/a><\/div><\/div><span class=\"rplg-review-badge\" data-badge=\"google\"><\/span><\/div><\/div><\/div><div class=\"rplg-reviews rplg-cent rplg-zxc\"><\/div><\/div><img loading=\"lazy\" decoding=\"async\" src=\"data:image\/gif;base64,R0lGODlhAQABAIAAAAAAAP\/\/\/yH5BAEAAAAALAAAAAABAAEAAAIBRAA7\" alt=\"js_loader\" onload=\"(function(el, args) { var t = setInterval(function () { if (window.rplg_init_list_theme){ rplg_init_list_theme(el, args); clearInterval(t); } }, 200); })(this.parentNode);\" data-exec=\"false\" data-func=\"rplg_init_list_theme\" data-args='' width=\"1\" height=\"1\" style=\"display:none\"><\/div>","protected":false},"excerpt":{"rendered":"<p>Now Open! Clean Laundry in Toledo, OH A quality, modern, and clean laundromat on Dorr Street Get directions 2621 Dorr Street, Toledo, OH 43607 419-365-2578 Email us Hours: 24\/7 Huebsch Location: CL0041 Coin laundry and so much more!\u00a0 The Toledo, Ohio Clean Laundry store opened April 4th, 2024. This laundromat is conveniently located on the&hellip;<\/p>","protected":false},"author":101027,"featured_media":13285,"parent":13471,"menu_order":0,"comment_status":"closed","ping_status":"closed","template":"","meta":{"footnotes":""},"class_list":["post-14408","page","type-page","status-publish","has-post-thumbnail","hentry"],"yoast_head":"<!-- This site is optimized with the Yoast SEO plugin v25.0 - https:\/\/yoast.com\/wordpress\/plugins\/seo\/ -->\n<title>Laundromat on Dorr Street in Toledo, OH | Clean Laundry<\/title>\n<meta name=\"description\" content=\"Clean Laundry on Dorr St, Toledo is a modern laundromat with 1-hour wash &amp; dry, free wifi, &amp; 24\/7 surveillance. Multiple payment options.\" \/>\n<meta name=\"robots\" content=\"index, follow, max-snippet:-1, max-image-preview:large, max-video-preview:-1\" \/>\n<link rel=\"canonical\" href=\"https:\/\/cleanlaundry.com\/es\/locations\/ohio\/toledo\/2621-dorr-st-toledo-oh\/\" \/>\n<meta property=\"og:locale\" content=\"es_MX\" \/>\n<meta property=\"og:type\" content=\"article\" \/>\n<meta property=\"og:title\" content=\"Laundromat on Dorr Street in Toledo, OH | Clean Laundry\" \/>\n<meta property=\"og:description\" content=\"Clean Laundry on Dorr St, Toledo is a modern laundromat with 1-hour wash &amp; dry, free wifi, &amp; 24\/7 surveillance. Multiple payment options.\" \/>\n<meta property=\"og:url\" content=\"https:\/\/cleanlaundry.com\/es\/locations\/ohio\/toledo\/2621-dorr-st-toledo-oh\/\" \/>\n<meta property=\"og:site_name\" content=\"Clean Laundry\" \/>\n<meta property=\"article:modified_time\" content=\"2025-11-12T15:07:10+00:00\" \/>\n<meta property=\"og:image\" content=\"https:\/\/cleanlaundry.com\/wp-content\/uploads\/2022\/02\/clean-laundry-coming-soon.jpg\" \/>\n\t<meta property=\"og:image:width\" content=\"600\" \/>\n\t<meta property=\"og:image:height\" content=\"350\" \/>\n\t<meta property=\"og:image:type\" content=\"image\/jpeg\" \/>\n<meta name=\"twitter:card\" content=\"summary_large_image\" \/>\n<meta name=\"twitter:label1\" content=\"Tiempo de lectura\" \/>\n\t<meta name=\"twitter:data1\" content=\"2 minutos\" \/>\n<script type=\"application\/ld+json\" class=\"yoast-schema-graph\">{\"@context\":\"https:\/\/schema.org\",\"@graph\":[{\"@type\":\"WebPage\",\"@id\":\"https:\/\/cleanlaundry.com\/locations\/ohio\/toledo\/2621-dorr-st-toledo-oh\/\",\"url\":\"https:\/\/cleanlaundry.com\/locations\/ohio\/toledo\/2621-dorr-st-toledo-oh\/\",\"name\":\"Laundromat on Dorr Street in Toledo, OH | Clean Laundry\",\"isPartOf\":{\"@id\":\"https:\/\/cleanlaundry.com\/#website\"},\"primaryImageOfPage\":{\"@id\":\"https:\/\/cleanlaundry.com\/locations\/ohio\/toledo\/2621-dorr-st-toledo-oh\/#primaryimage\"},\"image\":{\"@id\":\"https:\/\/cleanlaundry.com\/locations\/ohio\/toledo\/2621-dorr-st-toledo-oh\/#primaryimage\"},\"thumbnailUrl\":\"https:\/\/cleanlaundry.com\/wp-content\/uploads\/2022\/02\/clean-laundry-coming-soon.jpg\",\"datePublished\":\"2023-05-10T18:57:20+00:00\",\"dateModified\":\"2025-11-12T15:07:10+00:00\",\"description\":\"Clean Laundry on Dorr St, Toledo is a modern laundromat with 1-hour wash & dry, free wifi, & 24\/7 surveillance. Multiple payment options.\",\"breadcrumb\":{\"@id\":\"https:\/\/cleanlaundry.com\/locations\/ohio\/toledo\/2621-dorr-st-toledo-oh\/#breadcrumb\"},\"inLanguage\":\"es\",\"potentialAction\":[{\"@type\":\"ReadAction\",\"target\":[\"https:\/\/cleanlaundry.com\/locations\/ohio\/toledo\/2621-dorr-st-toledo-oh\/\"]}]},{\"@type\":\"ImageObject\",\"inLanguage\":\"es\",\"@id\":\"https:\/\/cleanlaundry.com\/locations\/ohio\/toledo\/2621-dorr-st-toledo-oh\/#primaryimage\",\"url\":\"https:\/\/cleanlaundry.com\/wp-content\/uploads\/2022\/02\/clean-laundry-coming-soon.jpg\",\"contentUrl\":\"https:\/\/cleanlaundry.com\/wp-content\/uploads\/2022\/02\/clean-laundry-coming-soon.jpg\",\"width\":600,\"height\":350,\"caption\":\"Clean Laundry coming soon!\"},{\"@type\":\"BreadcrumbList\",\"@id\":\"https:\/\/cleanlaundry.com\/locations\/ohio\/toledo\/2621-dorr-st-toledo-oh\/#breadcrumb\",\"itemListElement\":[{\"@type\":\"ListItem\",\"position\":1,\"name\":\"Home\",\"item\":\"https:\/\/cleanlaundry.com\/\"},{\"@type\":\"ListItem\",\"position\":2,\"name\":\"All Clean Laundry Locations | Find a laundromat near you\",\"item\":\"https:\/\/cleanlaundry.com\/locations\/\"},{\"@type\":\"ListItem\",\"position\":3,\"name\":\"Laundromats in Ohio | Clean Laundry Locations Near You\",\"item\":\"https:\/\/cleanlaundry.com\/locations\/ohio\/\"},{\"@type\":\"ListItem\",\"position\":4,\"name\":\"Laundromats in Toledo, OH | Clean Laundry Toledo Locations\",\"item\":\"https:\/\/cleanlaundry.com\/locations\/ohio\/toledo\/\"},{\"@type\":\"ListItem\",\"position\":5,\"name\":\"2621 Dorr Street Toledo, OH 43607\"}]},{\"@type\":\"WebSite\",\"@id\":\"https:\/\/cleanlaundry.com\/#website\",\"url\":\"https:\/\/cleanlaundry.com\/\",\"name\":\"Clean Laundry\",\"description\":\"Clean Laundry\",\"potentialAction\":[{\"@type\":\"SearchAction\",\"target\":{\"@type\":\"EntryPoint\",\"urlTemplate\":\"https:\/\/cleanlaundry.com\/?s={search_term_string}\"},\"query-input\":{\"@type\":\"PropertyValueSpecification\",\"valueRequired\":true,\"valueName\":\"search_term_string\"}}],\"inLanguage\":\"es\"}]}<\/script>\n<!-- \/ Yoast SEO plugin. -->","yoast_head_json":{"title":"Laundromat on Dorr Street in Toledo, OH | Clean Laundry","description":"Clean Laundry on Dorr St, Toledo is a modern laundromat with 1-hour wash & dry, free wifi, & 24\/7 surveillance. Multiple payment options.","robots":{"index":"index","follow":"follow","max-snippet":"max-snippet:-1","max-image-preview":"max-image-preview:large","max-video-preview":"max-video-preview:-1"},"canonical":"https:\/\/cleanlaundry.com\/es\/locations\/ohio\/toledo\/2621-dorr-st-toledo-oh\/","og_locale":"es_MX","og_type":"article","og_title":"Laundromat on Dorr Street in Toledo, OH | Clean Laundry","og_description":"Clean Laundry on Dorr St, Toledo is a modern laundromat with 1-hour wash & dry, free wifi, & 24\/7 surveillance. Multiple payment options.","og_url":"https:\/\/cleanlaundry.com\/es\/locations\/ohio\/toledo\/2621-dorr-st-toledo-oh\/","og_site_name":"Clean Laundry","article_modified_time":"2025-11-12T15:07:10+00:00","og_image":[{"width":600,"height":350,"url":"https:\/\/cleanlaundry.com\/wp-content\/uploads\/2022\/02\/clean-laundry-coming-soon.jpg","type":"image\/jpeg"}],"twitter_card":"summary_large_image","twitter_misc":{"Tiempo de lectura":"2 minutos"},"schema":{"@context":"https:\/\/schema.org","@graph":[{"@type":"WebPage","@id":"https:\/\/cleanlaundry.com\/locations\/ohio\/toledo\/2621-dorr-st-toledo-oh\/","url":"https:\/\/cleanlaundry.com\/locations\/ohio\/toledo\/2621-dorr-st-toledo-oh\/","name":"Laundromat on Dorr Street in Toledo, OH | Clean Laundry","isPartOf":{"@id":"https:\/\/cleanlaundry.com\/#website"},"primaryImageOfPage":{"@id":"https:\/\/cleanlaundry.com\/locations\/ohio\/toledo\/2621-dorr-st-toledo-oh\/#primaryimage"},"image":{"@id":"https:\/\/cleanlaundry.com\/locations\/ohio\/toledo\/2621-dorr-st-toledo-oh\/#primaryimage"},"thumbnailUrl":"https:\/\/cleanlaundry.com\/wp-content\/uploads\/2022\/02\/clean-laundry-coming-soon.jpg","datePublished":"2023-05-10T18:57:20+00:00","dateModified":"2025-11-12T15:07:10+00:00","description":"Clean Laundry on Dorr St, Toledo is a modern laundromat with 1-hour wash & dry, free wifi, & 24\/7 surveillance. Multiple payment options.","breadcrumb":{"@id":"https:\/\/cleanlaundry.com\/locations\/ohio\/toledo\/2621-dorr-st-toledo-oh\/#breadcrumb"},"inLanguage":"es","potentialAction":[{"@type":"ReadAction","target":["https:\/\/cleanlaundry.com\/locations\/ohio\/toledo\/2621-dorr-st-toledo-oh\/"]}]},{"@type":"ImageObject","inLanguage":"es","@id":"https:\/\/cleanlaundry.com\/locations\/ohio\/toledo\/2621-dorr-st-toledo-oh\/#primaryimage","url":"https:\/\/cleanlaundry.com\/wp-content\/uploads\/2022\/02\/clean-laundry-coming-soon.jpg","contentUrl":"https:\/\/cleanlaundry.com\/wp-content\/uploads\/2022\/02\/clean-laundry-coming-soon.jpg","width":600,"height":350,"caption":"Clean Laundry coming soon!"},{"@type":"BreadcrumbList","@id":"https:\/\/cleanlaundry.com\/locations\/ohio\/toledo\/2621-dorr-st-toledo-oh\/#breadcrumb","itemListElement":[{"@type":"ListItem","position":1,"name":"Home","item":"https:\/\/cleanlaundry.com\/"},{"@type":"ListItem","position":2,"name":"All Clean Laundry Locations | Find a laundromat near you","item":"https:\/\/cleanlaundry.com\/locations\/"},{"@type":"ListItem","position":3,"name":"Laundromats in Ohio | Clean Laundry Locations Near You","item":"https:\/\/cleanlaundry.com\/locations\/ohio\/"},{"@type":"ListItem","position":4,"name":"Laundromats in Toledo, OH | Clean Laundry Toledo Locations","item":"https:\/\/cleanlaundry.com\/locations\/ohio\/toledo\/"},{"@type":"ListItem","position":5,"name":"2621 Dorr Street Toledo, OH 43607"}]},{"@type":"WebSite","@id":"https:\/\/cleanlaundry.com\/#website","url":"https:\/\/cleanlaundry.com\/","name":"Clean Laundry","description":"Clean Laundry","potentialAction":[{"@type":"SearchAction","target":{"@type":"EntryPoint","urlTemplate":"https:\/\/cleanlaundry.com\/?s={search_term_string}"},"query-input":{"@type":"PropertyValueSpecification","valueRequired":true,"valueName":"search_term_string"}}],"inLanguage":"es"}]}},"_links":{"self":[{"href":"https:\/\/cleanlaundry.com\/es\/wp-json\/wp\/v2\/pages\/14408","targetHints":{"allow":["GET"]}}],"collection":[{"href":"https:\/\/cleanlaundry.com\/es\/wp-json\/wp\/v2\/pages"}],"about":[{"href":"https:\/\/cleanlaundry.com\/es\/wp-json\/wp\/v2\/types\/page"}],"author":[{"embeddable":true,"href":"https:\/\/cleanlaundry.com\/es\/wp-json\/wp\/v2\/users\/101027"}],"replies":[{"embeddable":true,"href":"https:\/\/cleanlaundry.com\/es\/wp-json\/wp\/v2\/comments?post=14408"}],"version-history":[{"count":15,"href":"https:\/\/cleanlaundry.com\/es\/wp-json\/wp\/v2\/pages\/14408\/revisions"}],"predecessor-version":[{"id":15279,"href":"https:\/\/cleanlaundry.com\/es\/wp-json\/wp\/v2\/pages\/14408\/revisions\/15279"}],"up":[{"embeddable":true,"href":"https:\/\/cleanlaundry.com\/es\/wp-json\/wp\/v2\/pages\/13471"}],"wp:featuredmedia":[{"embeddable":true,"href":"https:\/\/cleanlaundry.com\/es\/wp-json\/wp\/v2\/media\/13285"}],"wp:attachment":[{"href":"https:\/\/cleanlaundry.com\/es\/wp-json\/wp\/v2\/media?parent=14408"}],"curies":[{"name":"wp","href":"https:\/\/api.w.org\/{rel}","templated":true}]}}