{"id":14156,"date":"2023-07-18T11:11:45","date_gmt":"2023-07-18T16:11:45","guid":{"rendered":"https:\/\/cleanlaundry.com\/?page_id=14156"},"modified":"2023-07-18T11:11:45","modified_gmt":"2023-07-18T16:11:45","slug":"wash-dry-fold-service-in-austin","status":"publish","type":"page","link":"https:\/\/cleanlaundry.com\/es\/wash-dry-fold-service-in-austin\/","title":{"rendered":"Wash Dry Fold Laundry Service in Austin"},"content":{"rendered":"<h1>\n\t\tDrop Off Laundry Service in Austin\n\t<\/h1>\n<h2>\n\t\tClean Laundry in Austin is more than a laundromat. It&#8217;s also a convenient wash, dry, fold service that is fast, affordable, and most of all: clean.\n\t<\/h2>\n\t\t\t<a href=\"tel:3194628456\" target=\"_self\" rel=\"noopener\">\n\t\t\t\t\t\t\tLlame ahora para comenzar\n\t\t\t<\/a>\n\t\t\t\t<img loading=\"lazy\" decoding=\"async\" src=\"https:\/\/cleanlaundry.com\/wp-content\/uploads\/2021\/01\/WDF-logo.png\" alt=\"Clean Laundry Wash Dry Fold Logo\" itemprop=\"image\" height=\"501\" width=\"501\" title=\"Logotipo de WDF\" onerror=\"this.style.display='none'\"  \/>\n\t<p>Lunes a viernes de 8:00 a. M. A 8:00 p. M.<\/p>\n<p>Cedar Rapids, IA<\/p>\n\t<p><a href=\"mailto:store0010WDF@cleanlaundry.com\"> Env\u00edanos un correo electr\u00f3nico<\/a><\/p>\n<p> <a href=\"tel:3194628456\">319-462-8456<\/a><\/p>\n\t<h3>Perm\u00edtanos lavar la ropa por usted.<\/h3>\n<p>Don&#8217;t feel like doing your laundry? Want to save some time? Login or sign up below and schedule your drop off at our Austin location and pick it up clean and folded within 24 hours of dropoff.<\/p>\n\t<iframe loading=\"lazy\" id=\"iFrame\" name=\"iFrame\" src=\"https:\/\/cleancloudapp.com\/s3\/25010\" height=\"700\" width=\"100%\" frameborder=\"0\" sandbox=\"allow-modals allow-top-navigation allow-scripts allow-forms allow-pointer-lock allow-same-origin\"><\/iframe>\n<h4>\n\t\tc\u00f3mo funciona\n\t<\/h4>\n\t\t\t\t<img loading=\"lazy\" decoding=\"async\" src=\"https:\/\/cleanlaundry.com\/wp-content\/uploads\/2021\/01\/1@3x.png\" alt=\"1\" itemprop=\"image\" height=\"150\" width=\"150\" title=\"1\" onerror=\"this.style.display='none'\"  \/>\n\t<p><strong>Deja tu ropa sucia.<\/strong> Programe su entrega. \u00a1Llame al 319-462-8456 y programe su entrega hoy! Tr\u00e1enos tu pila de ropa y paga cuando la recojas.<\/p>\n\t\t\t\t<img loading=\"lazy\" decoding=\"async\" src=\"https:\/\/cleanlaundry.com\/wp-content\/uploads\/2021\/01\/2@3x.png\" alt=\"2\" itemprop=\"image\" height=\"150\" width=\"151\" title=\"2\" onerror=\"this.style.display='none'\"  \/>\n\t<p><strong>Pesaremos tu ropa.<\/strong> Nuestro precio se basa en el peso de su ropa ($1.30 \/ lb para el servicio al d\u00eda siguiente) y no incluye art\u00edculos especiales como almohadas, mantas, alfombras, etc.<\/p>\n<p><a href=\"#ms-anchor-pricing\">Ver detalles de precios<\/a><\/p>\n\t\t\t\t<img loading=\"lazy\" decoding=\"async\" src=\"https:\/\/cleanlaundry.com\/wp-content\/uploads\/2021\/01\/3@3x.png\" alt=\"3\" itemprop=\"image\" height=\"150\" width=\"151\" title=\"3\" onerror=\"this.style.display='none'\"  \/>\n\t<p><strong>Lavamos, secamos y doblamos tu ropa.<\/strong> Su ropa es importante para usted y la tratamos de esa manera. Personalizar la temperatura de lavado y las opciones de detergente es r\u00e1pido y f\u00e1cil.<\/p>\n\t\t\t\t<img loading=\"lazy\" decoding=\"async\" src=\"https:\/\/cleanlaundry.com\/wp-content\/uploads\/2021\/01\/4@3x.png\" alt=\"4\" itemprop=\"image\" height=\"150\" width=\"151\" title=\"4\" onerror=\"this.style.display='none'\"  \/>\n\t<p><strong>Recoja su ropa reci\u00e9n lavada y doblada.<\/strong> \u00a1Es as\u00ed de simple! Para cuando vuelva a ver su ropa, estar\u00e1 fresca, limpia y doblada.<\/p>\n\t\t\t<a href=\"tel:3194628456\" target=\"_self\" rel=\"noopener\">\n\t\t\t\t\t\t\tLlame ahora para comenzar\n\t\t\t<\/a>\n\t<h3>\u00bfPrefieres que lo recojamos?<\/h3>\n<p>\u00a1Descarga nuestra aplicaci\u00f3n Clean Laundry Express!<\/p>\n\t\t\t<a href=\"https:\/\/cleanlaundryexpress.com\/cedar-rapids-iowa\/\" target=\"_self\" rel=\"noopener\">\n\t\t\t\t\t\t\tHaz que lo recojan\n\t\t\t<\/a>\n<h4>\n\t\tprecios\n\t<\/h4>\n\t<p>$1.30 \/ lb.<\/p>\n<p>Servicio al d\u00eda siguiente<\/p>\n\t<h5>Art\u00edculos especiales:<\/h5>\n<p>Edred\u00f3n <sup>$<\/sup>15<\/p>\n<p>Bolsa de dormir <sup>$<\/sup>15<\/p>\n<p>Funda de colch\u00f3n <sup>$<\/sup>10<\/p>\n<p>S\u00e1bana <sup>$<\/sup>5<\/p>\n<p>Alfombra peque\u00f1a <sup>$<\/sup>5<\/p>\n<p>Funda de almohada <sup>$<\/sup>2<\/p>\n<h5>Complementos opcionales:<\/h5>\n<p>S\u00e1banas para secadora (sin perfume o perfumadas): GRATIS<sup>*<\/sup><\/p>\n<p>Detergente Libre y Claro: 50<sup>\u00a2<\/sup>\/ carga<sup>**<\/sup><\/p>\n<p>Suavizante de telas: 50<sup>\u00a2<\/sup>\/ carga<sup>**<\/sup><\/p>\n<p>Blanqueador: 50<sup>\u00a2<\/sup>\/ carga<sup>**<\/sup><\/p>\n<p>(** 1 carga = 10 libras)<\/p>\n\t<p>*Servicio disponible de lunes a viernes, de 8 am a 8 pm solamente. Debe pagar con tarjeta de cr\u00e9dito o d\u00e9bito, pedido m\u00ednimo $25. El precio por libra no incluye art\u00edculos especiales como edredones, almohadas o sacos de dormir. V\u00e1lido solo en nuestras ubicaciones de Cedar Rapids. No se responsabiliza por prendas da\u00f1adas durante los ciclos de lavado y\/o secado.<\/p>\n<h4>\n\t\t\u00bfPreparado para comenzar?\n\t<\/h4>\n\tPrograme una entrega de su ropa sucia:<a href=\"tel:3194628456\"> 319-462-8456<\/a><br \/>\nOperamos de lunes a viernes de 8 a. M. A 8 p. M. Y nosotros nos encargamos del resto.\n<h4>\n\t\tPreguntas frecuentes\n\t<\/h4>\n\t\t\t\t\t<a href=\"#\" id=\"fl-accordion--label-0\" tabindex=\"0\" aria-controls=\"fl-accordion--panel-0\">Cuando deje mi ropa para el servicio de Lavado, secado y doblado de ropa limpia, \u00bftendr\u00e9 que separar mi ropa?<\/a>\n\t\t\t\t\t\t\t\t\t\t\t<a href=\"#\" id=\"fl-accordion--icon-0\" tabindex=\"0\" aria-controls=\"fl-accordion--panel-0\"><i>Expandir<\/i><\/a>\n\t\t\t\t\t<p>Nos enorgullecemos de nuestro servicio al cliente, por lo que no es necesario separar los colores y los blancos. Lo haremos por ti. Aseg\u00farese de que la ropa no est\u00e9 dentro de otra ropa para ayudarnos a movernos r\u00e1pidamente para asegurarnos de que lavamos, secamos y doblamos su ropa a tiempo.\u00a0<\/p>\n\t\t\t\t\t<a href=\"#\" id=\"fl-accordion--label-1\" tabindex=\"0\" aria-controls=\"fl-accordion--panel-1\">\u00bfQu\u00e9 pasa si tengo instrucciones especiales para mi ropa?<\/a>\n\t\t\t\t\t\t\t\t\t\t\t<a href=\"#\" id=\"fl-accordion--icon-1\" tabindex=\"0\" aria-controls=\"fl-accordion--panel-1\"><i>Expandir<\/i><\/a>\n\t\t\t\t\t<p>Todas las instrucciones especiales deben ser entregadas al asistente en el momento de la entrega. Si tiene ropa costosa, secamos esos art\u00edculos por usted. Clean Laundry har\u00e1 todo lo posible para satisfacer sus necesidades de ropa.<\/p>\n\t\t\t\t\t<a href=\"#\" id=\"fl-accordion--label-2\" tabindex=\"0\" aria-controls=\"fl-accordion--panel-2\">\u00bfC\u00f3mo s\u00e9 que voy a recuperar toda mi ropa? <\/a>\n\t\t\t\t\t\t\t\t\t\t\t<a href=\"#\" id=\"fl-accordion--icon-2\" tabindex=\"0\" aria-controls=\"fl-accordion--panel-2\"><i>Expandir<\/i><\/a>\n\t\t\t\t\t<p>Lavamos, secamos y doblamos tu ropa solos, nunca con otro pedido. Si, por casualidad, faltan art\u00edculos, llame inmediatamente a nuestro n\u00famero de servicio al cliente para comenzar a buscar.<\/p>\n\t\t\t\t\t<a href=\"#\" id=\"fl-accordion--label-3\" tabindex=\"0\" aria-controls=\"fl-accordion--panel-3\">\u00bfMi ropa se mezclar\u00e1 con la ropa de otras personas?<\/a>\n\t\t\t\t\t\t\t\t\t\t\t<a href=\"#\" id=\"fl-accordion--icon-3\" tabindex=\"0\" aria-controls=\"fl-accordion--panel-3\"><i>Expandir<\/i><\/a>\n\t\t\t\t\t<p>Lavamos, secamos y doblamos la ropa de cada cliente por separado. Clean Laundry tiene un sistema de seguimiento de rutina donde nos aseguramos de que no mezclaremos ropa.\u00a0<\/p>\n\t\t\t\t\t<a href=\"#\" id=\"fl-accordion--label-4\" tabindex=\"0\" aria-controls=\"fl-accordion--panel-4\">\u00bfC\u00f3mo se cuando mi ropa est\u00e1 lista?<\/a>\n\t\t\t\t\t\t\t\t\t\t\t<a href=\"#\" id=\"fl-accordion--icon-4\" tabindex=\"0\" aria-controls=\"fl-accordion--panel-4\"><i>Expandir<\/i><\/a>\n\t\t\t\t\t<p>Recibir\u00e1 un mensaje de texto \/ correo electr\u00f3nico confirmando que su pedido est\u00e1 hecho.\u00a0<\/p>\n\t\t\t\t\t<a href=\"#\" id=\"fl-accordion--label-5\" tabindex=\"0\" aria-controls=\"fl-accordion--panel-5\">\u00bfQu\u00e9 pasa si no puedo recogerlos de inmediato? \u00bfCu\u00e1nto tiempo me los guardar\u00e1s?<\/a>\n\t\t\t\t\t\t\t\t\t\t\t<a href=\"#\" id=\"fl-accordion--icon-5\" tabindex=\"0\" aria-controls=\"fl-accordion--panel-5\"><i>Expandir<\/i><\/a>\n\t\t\t\t\t<p>Si no puede recoger la ropa de inmediato, guardaremos la ropa para el pr\u00f3ximo d\u00eda h\u00e1bil de lavado, secado y doblado. (Nuestros d\u00edas h\u00e1biles son de lunes a viernes).\u00a0<\/p>\n\t\t\t\t\t<a href=\"#\" id=\"fl-accordion--label-6\" tabindex=\"0\" aria-controls=\"fl-accordion--panel-6\">\u00bfQu\u00e9 tipo de detergente usas? <\/a>\n\t\t\t\t\t\t\t\t\t\t\t<a href=\"#\" id=\"fl-accordion--icon-6\" tabindex=\"0\" aria-controls=\"fl-accordion--panel-6\"><i>Expandir<\/i><\/a>\n\t\t\t\t\t<p>Todos nuestros pedidos se realizan con un detergente, suavizante de telas y toallitas para secadora de marca. Tambi\u00e9n usamos un oxi-blanqueador (sin cloro para que no desti\u00f1a los colores) para darle a tu ropa el brillo adicional que te mereces. Aunque ofrecemos detergente a base de plantas o siempre puede traer su detergente para usar.\u00a0<\/p>\n\t\t\t\t\t<a href=\"#\" id=\"fl-accordion--label-7\" tabindex=\"0\" aria-controls=\"fl-accordion--panel-7\">Si uso un detergente especial, \u00bfpuedo llev\u00e1rselo y hacer que se lave con \u00e9l? <\/a>\n\t\t\t\t\t\t\t\t\t\t\t<a href=\"#\" id=\"fl-accordion--icon-7\" tabindex=\"0\" aria-controls=\"fl-accordion--panel-7\"><i>Expandir<\/i><\/a>\n\t\t\t\t\t<p>S\u00ed, lo aceptaremos si usa un tipo espec\u00edfico de detergente para ropa.\u00a0<\/p>\n\t\t\t\t\t<a href=\"#\" id=\"fl-accordion--label-8\" tabindex=\"0\" aria-controls=\"fl-accordion--panel-8\">\u00bfQu\u00e9 pasa si algo se da\u00f1a o se pierde? <\/a>\n\t\t\t\t\t\t\t\t\t\t\t<a href=\"#\" id=\"fl-accordion--icon-8\" tabindex=\"0\" aria-controls=\"fl-accordion--panel-8\"><i>Expandir<\/i><\/a>\n\t\t\t\t\t<p>Ejercemos el m\u00e1ximo cuidado con toda la ropa de nuestros clientes. Sin embargo, Clean Laundry no es responsable por ning\u00fan art\u00edculo perdido o da\u00f1ado. Manejaremos cada servicio de acuerdo con las regulaciones estatales. Sin embargo, no podemos asumir responsabilidad por debilidades o defectos en materiales que no sean evidentes antes del procesamiento. En el lavado, no podemos garantizar la p\u00e9rdida y el encogimiento del color; o contra da\u00f1os a tejidos d\u00e9biles y tiernos. Las diferencias en el recuento deben informarse o presentarse inicialmente, y este boleto debe presentarse dentro de las 48 horas.\u00a0<\/p>\n\t\t\t\t\t<a href=\"#\" id=\"fl-accordion--label-9\" tabindex=\"0\" aria-controls=\"fl-accordion--panel-9\">\u00bfPuedo dejar la ropa de cama tambi\u00e9n o solo la ropa? <\/a>\n\t\t\t\t\t\t\t\t\t\t\t<a href=\"#\" id=\"fl-accordion--icon-9\" tabindex=\"0\" aria-controls=\"fl-accordion--panel-9\"><i>Expandir<\/i><\/a>\n\t\t\t\t\t<p>Puede dejar todo lo que pueda caber en la bolsa Clean Laundry. Por favor, no lavar en seco solo art\u00edculos.<\/p>\n<h4>\n\t\t\u00bfPreguntas?\n\t<\/h4>","protected":false},"excerpt":{"rendered":"<p>Drop Off Laundry Service in Austin Clean Laundry in Austin is more than a laundromat. It&#8217;s also a convenient wash, dry, fold service that is fast, affordable, and most of all: clean. Call now to get started Mon-Fri 8am-8pm Cedar Rapids, IA Email us 319-462-8456 Let us do your laundry for\u00a0you. Don&#8217;t feel like doing&hellip;<\/p>","protected":false},"author":101027,"featured_media":10209,"parent":0,"menu_order":0,"comment_status":"closed","ping_status":"closed","template":"","meta":{"footnotes":""},"class_list":["post-14156","page","type-page","status-publish","has-post-thumbnail","hentry"],"yoast_head":"<!-- This site is optimized with the Yoast SEO plugin v25.0 - https:\/\/yoast.com\/wordpress\/plugins\/seo\/ -->\n<title>Wash Dry Fold Laundry Service in Austin - Clean Laundry<\/title>\n<meta name=\"description\" content=\"Get your laundry done for you! Schedule a drop off today and we will wash, dry, and fold it for you. Get time back in your day!\" \/>\n<meta name=\"robots\" content=\"index, follow, max-snippet:-1, max-image-preview:large, max-video-preview:-1\" \/>\n<link rel=\"canonical\" href=\"https:\/\/cleanlaundry.com\/es\/wash-dry-fold-service-in-austin\/\" \/>\n<meta property=\"og:locale\" content=\"es_MX\" \/>\n<meta property=\"og:type\" content=\"article\" \/>\n<meta property=\"og:title\" content=\"Wash Dry Fold Laundry Service in Austin - Clean Laundry\" \/>\n<meta property=\"og:description\" content=\"Get your laundry done for you! Schedule a drop off today and we will wash, dry, and fold it for you. Get time back in your day!\" \/>\n<meta property=\"og:url\" content=\"https:\/\/cleanlaundry.com\/es\/wash-dry-fold-service-in-austin\/\" \/>\n<meta property=\"og:site_name\" content=\"Clean Laundry\" \/>\n<meta property=\"og:image\" content=\"https:\/\/cleanlaundry.com\/wp-content\/uploads\/2021\/01\/WDF-logo.png\" \/>\n\t<meta property=\"og:image:width\" content=\"501\" \/>\n\t<meta property=\"og:image:height\" content=\"501\" \/>\n\t<meta property=\"og:image:type\" content=\"image\/png\" \/>\n<meta name=\"twitter:card\" content=\"summary_large_image\" \/>\n<meta name=\"twitter:label1\" content=\"Tiempo de lectura\" \/>\n\t<meta name=\"twitter:data1\" content=\"5 minutos\" \/>\n<script type=\"application\/ld+json\" class=\"yoast-schema-graph\">{\"@context\":\"https:\/\/schema.org\",\"@graph\":[{\"@type\":\"WebPage\",\"@id\":\"https:\/\/cleanlaundry.com\/wash-dry-fold-service-in-austin\/\",\"url\":\"https:\/\/cleanlaundry.com\/wash-dry-fold-service-in-austin\/\",\"name\":\"Wash Dry Fold Laundry Service in Austin - Clean Laundry\",\"isPartOf\":{\"@id\":\"https:\/\/cleanlaundry.com\/#website\"},\"primaryImageOfPage\":{\"@id\":\"https:\/\/cleanlaundry.com\/wash-dry-fold-service-in-austin\/#primaryimage\"},\"image\":{\"@id\":\"https:\/\/cleanlaundry.com\/wash-dry-fold-service-in-austin\/#primaryimage\"},\"thumbnailUrl\":\"https:\/\/cleanlaundry.com\/wp-content\/uploads\/2021\/01\/WDF-logo.png\",\"datePublished\":\"2023-07-18T16:11:45+00:00\",\"description\":\"Get your laundry done for you! Schedule a drop off today and we will wash, dry, and fold it for you. Get time back in your day!\",\"breadcrumb\":{\"@id\":\"https:\/\/cleanlaundry.com\/wash-dry-fold-service-in-austin\/#breadcrumb\"},\"inLanguage\":\"es\",\"potentialAction\":[{\"@type\":\"ReadAction\",\"target\":[\"https:\/\/cleanlaundry.com\/wash-dry-fold-service-in-austin\/\"]}]},{\"@type\":\"ImageObject\",\"inLanguage\":\"es\",\"@id\":\"https:\/\/cleanlaundry.com\/wash-dry-fold-service-in-austin\/#primaryimage\",\"url\":\"https:\/\/cleanlaundry.com\/wp-content\/uploads\/2021\/01\/WDF-logo.png\",\"contentUrl\":\"https:\/\/cleanlaundry.com\/wp-content\/uploads\/2021\/01\/WDF-logo.png\",\"width\":501,\"height\":501,\"caption\":\"Clean Laundry Wash Dry Fold Logo\"},{\"@type\":\"BreadcrumbList\",\"@id\":\"https:\/\/cleanlaundry.com\/wash-dry-fold-service-in-austin\/#breadcrumb\",\"itemListElement\":[{\"@type\":\"ListItem\",\"position\":1,\"name\":\"Home\",\"item\":\"https:\/\/cleanlaundry.com\/\"},{\"@type\":\"ListItem\",\"position\":2,\"name\":\"Wash Dry Fold Laundry Service in Austin\"}]},{\"@type\":\"WebSite\",\"@id\":\"https:\/\/cleanlaundry.com\/#website\",\"url\":\"https:\/\/cleanlaundry.com\/\",\"name\":\"Clean Laundry\",\"description\":\"Clean Laundry\",\"potentialAction\":[{\"@type\":\"SearchAction\",\"target\":{\"@type\":\"EntryPoint\",\"urlTemplate\":\"https:\/\/cleanlaundry.com\/?s={search_term_string}\"},\"query-input\":{\"@type\":\"PropertyValueSpecification\",\"valueRequired\":true,\"valueName\":\"search_term_string\"}}],\"inLanguage\":\"es\"}]}<\/script>\n<!-- \/ Yoast SEO plugin. -->","yoast_head_json":{"title":"Wash Dry Fold Laundry Service in Austin - Clean Laundry","description":"Get your laundry done for you! Schedule a drop off today and we will wash, dry, and fold it for you. Get time back in your day!","robots":{"index":"index","follow":"follow","max-snippet":"max-snippet:-1","max-image-preview":"max-image-preview:large","max-video-preview":"max-video-preview:-1"},"canonical":"https:\/\/cleanlaundry.com\/es\/wash-dry-fold-service-in-austin\/","og_locale":"es_MX","og_type":"article","og_title":"Wash Dry Fold Laundry Service in Austin - Clean Laundry","og_description":"Get your laundry done for you! Schedule a drop off today and we will wash, dry, and fold it for you. Get time back in your day!","og_url":"https:\/\/cleanlaundry.com\/es\/wash-dry-fold-service-in-austin\/","og_site_name":"Clean Laundry","og_image":[{"width":501,"height":501,"url":"https:\/\/cleanlaundry.com\/wp-content\/uploads\/2021\/01\/WDF-logo.png","type":"image\/png"}],"twitter_card":"summary_large_image","twitter_misc":{"Tiempo de lectura":"5 minutos"},"schema":{"@context":"https:\/\/schema.org","@graph":[{"@type":"WebPage","@id":"https:\/\/cleanlaundry.com\/wash-dry-fold-service-in-austin\/","url":"https:\/\/cleanlaundry.com\/wash-dry-fold-service-in-austin\/","name":"Wash Dry Fold Laundry Service in Austin - Clean Laundry","isPartOf":{"@id":"https:\/\/cleanlaundry.com\/#website"},"primaryImageOfPage":{"@id":"https:\/\/cleanlaundry.com\/wash-dry-fold-service-in-austin\/#primaryimage"},"image":{"@id":"https:\/\/cleanlaundry.com\/wash-dry-fold-service-in-austin\/#primaryimage"},"thumbnailUrl":"https:\/\/cleanlaundry.com\/wp-content\/uploads\/2021\/01\/WDF-logo.png","datePublished":"2023-07-18T16:11:45+00:00","description":"Get your laundry done for you! Schedule a drop off today and we will wash, dry, and fold it for you. Get time back in your day!","breadcrumb":{"@id":"https:\/\/cleanlaundry.com\/wash-dry-fold-service-in-austin\/#breadcrumb"},"inLanguage":"es","potentialAction":[{"@type":"ReadAction","target":["https:\/\/cleanlaundry.com\/wash-dry-fold-service-in-austin\/"]}]},{"@type":"ImageObject","inLanguage":"es","@id":"https:\/\/cleanlaundry.com\/wash-dry-fold-service-in-austin\/#primaryimage","url":"https:\/\/cleanlaundry.com\/wp-content\/uploads\/2021\/01\/WDF-logo.png","contentUrl":"https:\/\/cleanlaundry.com\/wp-content\/uploads\/2021\/01\/WDF-logo.png","width":501,"height":501,"caption":"Clean Laundry Wash Dry Fold Logo"},{"@type":"BreadcrumbList","@id":"https:\/\/cleanlaundry.com\/wash-dry-fold-service-in-austin\/#breadcrumb","itemListElement":[{"@type":"ListItem","position":1,"name":"Home","item":"https:\/\/cleanlaundry.com\/"},{"@type":"ListItem","position":2,"name":"Wash Dry Fold Laundry Service in Austin"}]},{"@type":"WebSite","@id":"https:\/\/cleanlaundry.com\/#website","url":"https:\/\/cleanlaundry.com\/","name":"Ropa limpia","description":"Ropa limpia","potentialAction":[{"@type":"SearchAction","target":{"@type":"EntryPoint","urlTemplate":"https:\/\/cleanlaundry.com\/?s={search_term_string}"},"query-input":{"@type":"PropertyValueSpecification","valueRequired":true,"valueName":"search_term_string"}}],"inLanguage":"es"}]}},"_links":{"self":[{"href":"https:\/\/cleanlaundry.com\/es\/wp-json\/wp\/v2\/pages\/14156","targetHints":{"allow":["GET"]}}],"collection":[{"href":"https:\/\/cleanlaundry.com\/es\/wp-json\/wp\/v2\/pages"}],"about":[{"href":"https:\/\/cleanlaundry.com\/es\/wp-json\/wp\/v2\/types\/page"}],"author":[{"embeddable":true,"href":"https:\/\/cleanlaundry.com\/es\/wp-json\/wp\/v2\/users\/101027"}],"replies":[{"embeddable":true,"href":"https:\/\/cleanlaundry.com\/es\/wp-json\/wp\/v2\/comments?post=14156"}],"version-history":[{"count":3,"href":"https:\/\/cleanlaundry.com\/es\/wp-json\/wp\/v2\/pages\/14156\/revisions"}],"predecessor-version":[{"id":14640,"href":"https:\/\/cleanlaundry.com\/es\/wp-json\/wp\/v2\/pages\/14156\/revisions\/14640"}],"wp:featuredmedia":[{"embeddable":true,"href":"https:\/\/cleanlaundry.com\/es\/wp-json\/wp\/v2\/media\/10209"}],"wp:attachment":[{"href":"https:\/\/cleanlaundry.com\/es\/wp-json\/wp\/v2\/media?parent=14156"}],"curies":[{"name":"wp","href":"https:\/\/api.w.org\/{rel}","templated":true}]}}