{"id":13970,"date":"2022-08-24T07:29:27","date_gmt":"2022-08-24T12:29:27","guid":{"rendered":"https:\/\/cleanlaundry.com\/?page_id=13970"},"modified":"2023-07-05T16:27:16","modified_gmt":"2023-07-05T21:27:16","slug":"wash-dry-fold-service-in-wichita","status":"publish","type":"page","link":"https:\/\/cleanlaundry.com\/es\/wash-dry-fold-service-in-wichita\/","title":{"rendered":"Servicio de lavander\u00eda Wash Dry Fold en Wichita, KS"},"content":{"rendered":"<img loading=\"lazy\" decoding=\"async\" src=\"https:\/\/cleanlaundry.com\/wp-content\/uploads\/2021\/01\/WDF-logo.png\" alt=\"Clean Laundry Wash Dry Fold Logo\" itemprop=\"image\" height=\"501\" width=\"501\" title=\"Logotipo de WDF\" onerror=\"this.style.display='none'\"  \/>\n\t<h3>Temporarily unavailable in Wichita. Check back for updates.<\/h3>\n<h1>\n\t\tEntrega de servicio de lavander\u00eda en Wichita, KS\n\t<\/h1>\n<h2>\n\t\tClean Laundry en Wichita ofrece un servicio de lavado, secado y doblado al d\u00eda siguiente que es r\u00e1pido, asequible y, sobre todo, limpio.\n\t<\/h2>\n\t\t\t<a href=\"tel:316-243-9241\" target=\"_self\" rel=\"noopener\">\n\t\t\t\t\t\t\tLlamar para programar\n\t\t\t<\/a>\n\t<h3>Perm\u00edtanos lavar la ropa por usted.<\/h3>\n<p>\u00bfNo tienes ganas de lavar tu ropa? \u00bfQuieres ahorrar algo de tiempo? Dejar la ropa en nuestro <a href=\"https:\/\/cleanlaundry.com\/es\/locations\/kansas\/wichita\/2101-w-21st-st-north-witchita-ks\/\">Ubicaci\u00f3n de Wichita<\/a> y recogerlo limpio y doblado al d\u00eda siguiente!<\/p>\n<h4>\n\t\tc\u00f3mo funciona\n\t<\/h4>\n\t\t\t\t<img loading=\"lazy\" decoding=\"async\" src=\"https:\/\/cleanlaundry.com\/wp-content\/uploads\/2021\/01\/1@3x.png\" alt=\"1\" itemprop=\"image\" height=\"150\" width=\"150\" title=\"1\" onerror=\"this.style.display='none'\"  \/>\n\t<p><strong>Programe su devoluci\u00f3n.<\/strong> Llamar <a href=\"tel:316-243-9241\">316-243-9241 <\/a> y programe su entrega hoy!<\/p>\n\t\t\t\t<img loading=\"lazy\" decoding=\"async\" src=\"https:\/\/cleanlaundry.com\/wp-content\/uploads\/2021\/01\/2@3x.png\" alt=\"2\" itemprop=\"image\" height=\"150\" width=\"151\" title=\"2\" onerror=\"this.style.display='none'\"  \/>\n\t<p><strong>Pesaremos tu ropa.<\/strong> Nuestro precio se basa en el peso de su ropa ($1.25\/lb. para el servicio al d\u00eda siguiente) y no incluye art\u00edculos especiales como almohadas, mantas, alfombras, etc.<\/p>\n<p><a href=\"#ms-anchor-pricing\">Ver detalles de precios<\/a><\/p>\n\t\t\t\t<img loading=\"lazy\" decoding=\"async\" src=\"https:\/\/cleanlaundry.com\/wp-content\/uploads\/2021\/01\/3@3x.png\" alt=\"3\" itemprop=\"image\" height=\"150\" width=\"151\" title=\"3\" onerror=\"this.style.display='none'\"  \/>\n\t<p><strong>Lavamos, secamos y doblamos tu ropa.<\/strong> Su ropa es importante para usted y la tratamos de esa manera. Personalizar la temperatura de lavado y las opciones de detergente es r\u00e1pido y f\u00e1cil.<\/p>\n\t\t\t\t<img loading=\"lazy\" decoding=\"async\" src=\"https:\/\/cleanlaundry.com\/wp-content\/uploads\/2021\/01\/4@3x.png\" alt=\"4\" itemprop=\"image\" height=\"150\" width=\"151\" title=\"4\" onerror=\"this.style.display='none'\"  \/>\n\t<p><strong>Recoja su ropa reci\u00e9n lavada y doblada.<\/strong> \u00a1Todo lo que queda por hacer es guardarlo!<\/p>\n\t\t\t<a href=\"tel:316-243-9241\" target=\"_self\" rel=\"noopener\">\n\t\t\t\t\t\t\tLlama hoy\n\t\t\t<\/a>\n<h4>\n\t\tprecios\n\t<\/h4>\n\t<p>$1.25 \/ lb.<\/p>\n<p>Servicio al d\u00eda siguiente<\/p>\n\t<h5>Art\u00edculos especiales<\/h5>\n<p>Edredones King\/Queen: $18<\/p>\n<p>Edredones Twin\/Full: $15<\/p>\n<p>Juegos de cama (s\u00e1banas\/funda de almohada): $12<\/p>\n<p>Mantas King\/Queen: $15<\/p>\n<p>Mantas gemelas\/completas: $12<\/p>\n<p>Almohada: $10<\/p>\n<p>Funda de colch\u00f3n: $10<\/p>\n<p>Alfombras peque\u00f1as: $5<\/p>\n<p>Alfombras grandes: $15<\/p>\n<h5>Complementos opcionales:<\/h5>\n<p>S\u00e1banas para secadora (sin perfume o perfumadas): GRATIS<\/p>\n<p>Detergente Libre y Claro: GRATIS<\/p>\n<p>Suavizante de telas: GRATIS<\/p>\n<p>Blanqueador: GRATIS<\/p>\n\t<p>*Servicio disponible de lunes a jueves para devoluciones. Debe pagar con tarjeta de cr\u00e9dito o d\u00e9bito, pedido m\u00ednimo $25. Se aplican cargos adicionales a art\u00edculos especiales como edredones, almohadas o sacos de dormir. V\u00e1lido solo en ubicaciones en Wichita, KS. No se responsabiliza por prendas da\u00f1adas durante los ciclos de lavado y\/o secado.<\/p>\n<h4>\n\t\t\u00bfPreparado para comenzar?\n\t<\/h4>\n\t\t\t<a href=\"tel:316-243-9241\" target=\"_self\" rel=\"noopener\">\n\t\t\t\t\t\t\tLlame para programar el pedido\n\t\t\t\t\t<\/a>\n<h4>\n\t\tPreguntas frecuentes\n\t<\/h4>\n\t\t\t\t\t<a href=\"#\" id=\"fl-accordion--label-0\" tabindex=\"0\" aria-controls=\"fl-accordion--panel-0\">Cuando deje mi ropa para el servicio de Lavado, secado y doblado de ropa limpia, \u00bftendr\u00e9 que separar mi ropa?<\/a>\n\t\t\t\t\t\t\t\t\t\t\t<a href=\"#\" id=\"fl-accordion--icon-0\" tabindex=\"0\" aria-controls=\"fl-accordion--panel-0\"><i>Expandir<\/i><\/a>\n\t\t\t\t\t<p>Nos enorgullecemos de nuestro servicio al cliente, por lo que no es necesario separar los colores y los blancos. Lo haremos por ti. Aseg\u00farese de que la ropa no est\u00e9 dentro de otra ropa para ayudarnos a movernos r\u00e1pidamente para asegurarnos de que lavamos, secamos y doblamos su ropa a tiempo.\u00a0<\/p>\n\t\t\t\t\t<a href=\"#\" id=\"fl-accordion--label-1\" tabindex=\"0\" aria-controls=\"fl-accordion--panel-1\">\u00bfQu\u00e9 pasa si tengo instrucciones especiales para mi ropa?<\/a>\n\t\t\t\t\t\t\t\t\t\t\t<a href=\"#\" id=\"fl-accordion--icon-1\" tabindex=\"0\" aria-controls=\"fl-accordion--panel-1\"><i>Expandir<\/i><\/a>\n\t\t\t\t\t<p>Todas las instrucciones especiales deben ser entregadas al asistente en el momento de la entrega. Si tiene ropa costosa, secamos esos art\u00edculos por usted. Clean Laundry har\u00e1 todo lo posible para satisfacer sus necesidades de ropa.<\/p>\n\t\t\t\t\t<a href=\"#\" id=\"fl-accordion--label-2\" tabindex=\"0\" aria-controls=\"fl-accordion--panel-2\">\u00bfC\u00f3mo s\u00e9 que voy a recuperar toda mi ropa? <\/a>\n\t\t\t\t\t\t\t\t\t\t\t<a href=\"#\" id=\"fl-accordion--icon-2\" tabindex=\"0\" aria-controls=\"fl-accordion--panel-2\"><i>Expandir<\/i><\/a>\n\t\t\t\t\t<p>Lavamos, secamos y doblamos tu ropa solos, nunca con otro pedido. Si, por casualidad, faltan art\u00edculos, llame inmediatamente a nuestro n\u00famero de servicio al cliente para comenzar a buscar.<\/p>\n\t\t\t\t\t<a href=\"#\" id=\"fl-accordion--label-3\" tabindex=\"0\" aria-controls=\"fl-accordion--panel-3\">\u00bfMi ropa se mezclar\u00e1 con la ropa de otras personas?<\/a>\n\t\t\t\t\t\t\t\t\t\t\t<a href=\"#\" id=\"fl-accordion--icon-3\" tabindex=\"0\" aria-controls=\"fl-accordion--panel-3\"><i>Expandir<\/i><\/a>\n\t\t\t\t\t<p>Lavamos, secamos y doblamos la ropa de cada cliente por separado. Clean Laundry tiene un sistema de seguimiento de rutina donde nos aseguramos de que no mezclaremos ropa.\u00a0<\/p>\n\t\t\t\t\t<a href=\"#\" id=\"fl-accordion--label-4\" tabindex=\"0\" aria-controls=\"fl-accordion--panel-4\">\u00bfC\u00f3mo se cuando mi ropa est\u00e1 lista?<\/a>\n\t\t\t\t\t\t\t\t\t\t\t<a href=\"#\" id=\"fl-accordion--icon-4\" tabindex=\"0\" aria-controls=\"fl-accordion--panel-4\"><i>Expandir<\/i><\/a>\n\t\t\t\t\t<p>Recibir\u00e1 un mensaje de texto \/ correo electr\u00f3nico confirmando que su pedido est\u00e1 hecho.\u00a0<\/p>\n\t\t\t\t\t<a href=\"#\" id=\"fl-accordion--label-5\" tabindex=\"0\" aria-controls=\"fl-accordion--panel-5\">\u00bfQu\u00e9 pasa si no puedo recogerlos de inmediato? \u00bfCu\u00e1nto tiempo me los guardar\u00e1s?<\/a>\n\t\t\t\t\t\t\t\t\t\t\t<a href=\"#\" id=\"fl-accordion--icon-5\" tabindex=\"0\" aria-controls=\"fl-accordion--panel-5\"><i>Expandir<\/i><\/a>\n\t\t\t\t\t<p>Si no puede recoger la ropa de inmediato, reservaremos la ropa para el siguiente d\u00eda h\u00e1bil.<\/p>\n\t\t\t\t\t<a href=\"#\" id=\"fl-accordion--label-6\" tabindex=\"0\" aria-controls=\"fl-accordion--panel-6\">\u00bfQu\u00e9 tipo de detergente usas? <\/a>\n\t\t\t\t\t\t\t\t\t\t\t<a href=\"#\" id=\"fl-accordion--icon-6\" tabindex=\"0\" aria-controls=\"fl-accordion--panel-6\"><i>Expandir<\/i><\/a>\n\t\t\t\t\t<p>Todos nuestros pedidos se realizan con un detergente, suavizante de telas y toallitas para secadora de marca. Tambi\u00e9n usamos un oxi-blanqueador (sin cloro para que no desti\u00f1a los colores) para darle a tu ropa el brillo adicional que te mereces. Aunque ofrecemos detergente a base de plantas o siempre puede traer su detergente para usar.\u00a0<\/p>\n\t\t\t\t\t<a href=\"#\" id=\"fl-accordion--label-7\" tabindex=\"0\" aria-controls=\"fl-accordion--panel-7\">Si uso un detergente especial, \u00bfpuedo llev\u00e1rselo y hacer que se lave con \u00e9l? <\/a>\n\t\t\t\t\t\t\t\t\t\t\t<a href=\"#\" id=\"fl-accordion--icon-7\" tabindex=\"0\" aria-controls=\"fl-accordion--panel-7\"><i>Expandir<\/i><\/a>\n\t\t\t\t\t<p>S\u00ed, lo aceptaremos si usa un tipo espec\u00edfico de detergente para ropa.\u00a0<\/p>\n\t\t\t\t\t<a href=\"#\" id=\"fl-accordion--label-8\" tabindex=\"0\" aria-controls=\"fl-accordion--panel-8\">\u00bfQu\u00e9 pasa si algo se da\u00f1a o se pierde? <\/a>\n\t\t\t\t\t\t\t\t\t\t\t<a href=\"#\" id=\"fl-accordion--icon-8\" tabindex=\"0\" aria-controls=\"fl-accordion--panel-8\"><i>Expandir<\/i><\/a>\n\t\t\t\t\t<p>Ejercemos el m\u00e1ximo cuidado con toda la ropa de nuestros clientes. Sin embargo, Clean Laundry no es responsable por ning\u00fan art\u00edculo perdido o da\u00f1ado. Manejaremos cada servicio de acuerdo con las regulaciones estatales. Sin embargo, no podemos asumir responsabilidad por debilidades o defectos en materiales que no sean evidentes antes del procesamiento. En el lavado, no podemos garantizar la p\u00e9rdida y el encogimiento del color; o contra da\u00f1os a tejidos d\u00e9biles y tiernos. Las diferencias en el recuento deben informarse o presentarse inicialmente, y este boleto debe presentarse dentro de las 48 horas.\u00a0<\/p>\n\t\t\t\t\t<a href=\"#\" id=\"fl-accordion--label-9\" tabindex=\"0\" aria-controls=\"fl-accordion--panel-9\">\u00bfPuedo dejar la ropa de cama tambi\u00e9n o solo la ropa? <\/a>\n\t\t\t\t\t\t\t\t\t\t\t<a href=\"#\" id=\"fl-accordion--icon-9\" tabindex=\"0\" aria-controls=\"fl-accordion--panel-9\"><i>Expandir<\/i><\/a>\n\t\t\t\t\t<p>Puede dejar todo lo que pueda caber en la bolsa Clean Laundry. Por favor, no lavar en seco solo art\u00edculos.<\/p>","protected":false},"excerpt":{"rendered":"<p>Temporarily unavailable in Wichita. Check back for updates. Drop Off Laundry Service in Wichita, KS Clean Laundry in Wichita offers next-day wash, dry, fold service that is fast, affordable, and most of all:&nbsp;clean. Call to Schedule Let us do your laundry for\u00a0you. Don&#8217;t feel like doing your laundry? Want to save some time? Drop off&hellip;<\/p>","protected":false},"author":101027,"featured_media":0,"parent":0,"menu_order":0,"comment_status":"closed","ping_status":"closed","template":"","meta":{"footnotes":""},"class_list":["post-13970","page","type-page","status-publish","hentry"],"yoast_head":"<!-- This site is optimized with the Yoast SEO plugin v25.0 - https:\/\/yoast.com\/wordpress\/plugins\/seo\/ -->\n<title>Wash Dry Fold Laundry Service in Wichita, KS - Clean Laundry<\/title>\n<meta name=\"description\" content=\"Drop off laundry services in Wichita, KS. Wash and fold with next-day service, affordable prices, and friendly service.\" \/>\n<meta name=\"robots\" content=\"index, follow, max-snippet:-1, max-image-preview:large, max-video-preview:-1\" \/>\n<link rel=\"canonical\" href=\"https:\/\/cleanlaundry.com\/es\/wash-dry-fold-service-in-wichita\/\" \/>\n<meta property=\"og:locale\" content=\"es_MX\" \/>\n<meta property=\"og:type\" content=\"article\" \/>\n<meta property=\"og:title\" content=\"Wash Dry Fold Laundry Service in Wichita, KS - Clean Laundry\" \/>\n<meta property=\"og:description\" content=\"Drop off laundry services in Wichita, KS. Wash and fold with next-day service, affordable prices, and friendly service.\" \/>\n<meta property=\"og:url\" content=\"https:\/\/cleanlaundry.com\/es\/wash-dry-fold-service-in-wichita\/\" \/>\n<meta property=\"og:site_name\" content=\"Clean Laundry\" \/>\n<meta property=\"article:modified_time\" content=\"2023-07-05T21:27:16+00:00\" \/>\n<meta property=\"og:image\" content=\"https:\/\/cleanlaundry.com\/wp-content\/uploads\/2021\/01\/WDF-logo.png\" \/>\n<meta name=\"twitter:card\" content=\"summary_large_image\" \/>\n<meta name=\"twitter:label1\" content=\"Tiempo de lectura\" \/>\n\t<meta name=\"twitter:data1\" content=\"5 minutos\" \/>\n<script type=\"application\/ld+json\" class=\"yoast-schema-graph\">{\"@context\":\"https:\/\/schema.org\",\"@graph\":[{\"@type\":\"WebPage\",\"@id\":\"https:\/\/cleanlaundry.com\/wash-dry-fold-service-in-wichita\/\",\"url\":\"https:\/\/cleanlaundry.com\/wash-dry-fold-service-in-wichita\/\",\"name\":\"Wash Dry Fold Laundry Service in Wichita, KS - Clean Laundry\",\"isPartOf\":{\"@id\":\"https:\/\/cleanlaundry.com\/#website\"},\"primaryImageOfPage\":{\"@id\":\"https:\/\/cleanlaundry.com\/wash-dry-fold-service-in-wichita\/#primaryimage\"},\"image\":{\"@id\":\"https:\/\/cleanlaundry.com\/wash-dry-fold-service-in-wichita\/#primaryimage\"},\"thumbnailUrl\":\"https:\/\/cleanlaundry.com\/wp-content\/uploads\/2021\/01\/WDF-logo.png\",\"datePublished\":\"2022-08-24T12:29:27+00:00\",\"dateModified\":\"2023-07-05T21:27:16+00:00\",\"description\":\"Drop off laundry services in Wichita, KS. Wash and fold with next-day service, affordable prices, and friendly service.\",\"breadcrumb\":{\"@id\":\"https:\/\/cleanlaundry.com\/wash-dry-fold-service-in-wichita\/#breadcrumb\"},\"inLanguage\":\"es\",\"potentialAction\":[{\"@type\":\"ReadAction\",\"target\":[\"https:\/\/cleanlaundry.com\/wash-dry-fold-service-in-wichita\/\"]}]},{\"@type\":\"ImageObject\",\"inLanguage\":\"es\",\"@id\":\"https:\/\/cleanlaundry.com\/wash-dry-fold-service-in-wichita\/#primaryimage\",\"url\":\"https:\/\/cleanlaundry.com\/wp-content\/uploads\/2021\/01\/WDF-logo.png\",\"contentUrl\":\"https:\/\/cleanlaundry.com\/wp-content\/uploads\/2021\/01\/WDF-logo.png\"},{\"@type\":\"BreadcrumbList\",\"@id\":\"https:\/\/cleanlaundry.com\/wash-dry-fold-service-in-wichita\/#breadcrumb\",\"itemListElement\":[{\"@type\":\"ListItem\",\"position\":1,\"name\":\"Home\",\"item\":\"https:\/\/cleanlaundry.com\/\"},{\"@type\":\"ListItem\",\"position\":2,\"name\":\"Wash Dry Fold Laundry Service in Wichita, KS\"}]},{\"@type\":\"WebSite\",\"@id\":\"https:\/\/cleanlaundry.com\/#website\",\"url\":\"https:\/\/cleanlaundry.com\/\",\"name\":\"Clean Laundry\",\"description\":\"Clean Laundry\",\"potentialAction\":[{\"@type\":\"SearchAction\",\"target\":{\"@type\":\"EntryPoint\",\"urlTemplate\":\"https:\/\/cleanlaundry.com\/?s={search_term_string}\"},\"query-input\":{\"@type\":\"PropertyValueSpecification\",\"valueRequired\":true,\"valueName\":\"search_term_string\"}}],\"inLanguage\":\"es\"}]}<\/script>\n<!-- \/ Yoast SEO plugin. -->","yoast_head_json":{"title":"Wash Dry Fold Laundry Service in Wichita, KS - Clean Laundry","description":"Drop off laundry services in Wichita, KS. Wash and fold with next-day service, affordable prices, and friendly service.","robots":{"index":"index","follow":"follow","max-snippet":"max-snippet:-1","max-image-preview":"max-image-preview:large","max-video-preview":"max-video-preview:-1"},"canonical":"https:\/\/cleanlaundry.com\/es\/wash-dry-fold-service-in-wichita\/","og_locale":"es_MX","og_type":"article","og_title":"Wash Dry Fold Laundry Service in Wichita, KS - Clean Laundry","og_description":"Drop off laundry services in Wichita, KS. Wash and fold with next-day service, affordable prices, and friendly service.","og_url":"https:\/\/cleanlaundry.com\/es\/wash-dry-fold-service-in-wichita\/","og_site_name":"Clean Laundry","article_modified_time":"2023-07-05T21:27:16+00:00","og_image":[{"url":"https:\/\/cleanlaundry.com\/wp-content\/uploads\/2021\/01\/WDF-logo.png","type":"","width":"","height":""}],"twitter_card":"summary_large_image","twitter_misc":{"Tiempo de lectura":"5 minutos"},"schema":{"@context":"https:\/\/schema.org","@graph":[{"@type":"WebPage","@id":"https:\/\/cleanlaundry.com\/wash-dry-fold-service-in-wichita\/","url":"https:\/\/cleanlaundry.com\/wash-dry-fold-service-in-wichita\/","name":"Wash Dry Fold Laundry Service in Wichita, KS - Clean Laundry","isPartOf":{"@id":"https:\/\/cleanlaundry.com\/#website"},"primaryImageOfPage":{"@id":"https:\/\/cleanlaundry.com\/wash-dry-fold-service-in-wichita\/#primaryimage"},"image":{"@id":"https:\/\/cleanlaundry.com\/wash-dry-fold-service-in-wichita\/#primaryimage"},"thumbnailUrl":"https:\/\/cleanlaundry.com\/wp-content\/uploads\/2021\/01\/WDF-logo.png","datePublished":"2022-08-24T12:29:27+00:00","dateModified":"2023-07-05T21:27:16+00:00","description":"Drop off laundry services in Wichita, KS. Wash and fold with next-day service, affordable prices, and friendly service.","breadcrumb":{"@id":"https:\/\/cleanlaundry.com\/wash-dry-fold-service-in-wichita\/#breadcrumb"},"inLanguage":"es","potentialAction":[{"@type":"ReadAction","target":["https:\/\/cleanlaundry.com\/wash-dry-fold-service-in-wichita\/"]}]},{"@type":"ImageObject","inLanguage":"es","@id":"https:\/\/cleanlaundry.com\/wash-dry-fold-service-in-wichita\/#primaryimage","url":"https:\/\/cleanlaundry.com\/wp-content\/uploads\/2021\/01\/WDF-logo.png","contentUrl":"https:\/\/cleanlaundry.com\/wp-content\/uploads\/2021\/01\/WDF-logo.png"},{"@type":"BreadcrumbList","@id":"https:\/\/cleanlaundry.com\/wash-dry-fold-service-in-wichita\/#breadcrumb","itemListElement":[{"@type":"ListItem","position":1,"name":"Home","item":"https:\/\/cleanlaundry.com\/"},{"@type":"ListItem","position":2,"name":"Wash Dry Fold Laundry Service in Wichita, KS"}]},{"@type":"WebSite","@id":"https:\/\/cleanlaundry.com\/#website","url":"https:\/\/cleanlaundry.com\/","name":"Ropa limpia","description":"Ropa limpia","potentialAction":[{"@type":"SearchAction","target":{"@type":"EntryPoint","urlTemplate":"https:\/\/cleanlaundry.com\/?s={search_term_string}"},"query-input":{"@type":"PropertyValueSpecification","valueRequired":true,"valueName":"search_term_string"}}],"inLanguage":"es"}]}},"_links":{"self":[{"href":"https:\/\/cleanlaundry.com\/es\/wp-json\/wp\/v2\/pages\/13970","targetHints":{"allow":["GET"]}}],"collection":[{"href":"https:\/\/cleanlaundry.com\/es\/wp-json\/wp\/v2\/pages"}],"about":[{"href":"https:\/\/cleanlaundry.com\/es\/wp-json\/wp\/v2\/types\/page"}],"author":[{"embeddable":true,"href":"https:\/\/cleanlaundry.com\/es\/wp-json\/wp\/v2\/users\/101027"}],"replies":[{"embeddable":true,"href":"https:\/\/cleanlaundry.com\/es\/wp-json\/wp\/v2\/comments?post=13970"}],"version-history":[{"count":5,"href":"https:\/\/cleanlaundry.com\/es\/wp-json\/wp\/v2\/pages\/13970\/revisions"}],"predecessor-version":[{"id":14615,"href":"https:\/\/cleanlaundry.com\/es\/wp-json\/wp\/v2\/pages\/13970\/revisions\/14615"}],"wp:attachment":[{"href":"https:\/\/cleanlaundry.com\/es\/wp-json\/wp\/v2\/media?parent=13970"}],"curies":[{"name":"wp","href":"https:\/\/api.w.org\/{rel}","templated":true}]}}