{"id":13822,"date":"2022-07-19T16:47:56","date_gmt":"2022-07-19T21:47:56","guid":{"rendered":"https:\/\/cleanlaundry.com\/?page_id=13822"},"modified":"2023-09-27T14:05:17","modified_gmt":"2023-09-27T19:05:17","slug":"the-clean-laundry-difference","status":"publish","type":"page","link":"https:\/\/cleanlaundry.com\/es\/about\/the-clean-laundry-difference\/","title":{"rendered":"La diferencia de la ropa limpia"},"content":{"rendered":"<h2>\n\t\tExperimente la diferencia de lavander\u00eda limpia\n\t<\/h2>\n\t\t\t\t<img loading=\"lazy\" decoding=\"async\" src=\"https:\/\/cleanlaundry.com\/wp-content\/uploads\/2022\/08\/CL-05.06-Clean-Comfortable-Nugget-2-300x300.png\" alt=\"CL-05.06-Clean-Comfortable-Nugget (2)\" itemprop=\"image\" height=\"300\" width=\"300\" title=\"CL-05.06-Limpio-C\u00f3modo-Nugget (2)\" onerror=\"this.style.display='none'\"  \/>\n\t<h2>Our Promise: Clean, Comfortable, and Convenient<\/h2>\n<p>Clean Laundry es un nuevo concepto de lavander\u00eda que pone \u00e9nfasis en la experiencia del d\u00eda de lavado. Hacemos esto a trav\u00e9s de nuestra promesa de marca: crear un ambiente que sea limpio, c\u00f3modo y conveniente.<\/p>\n\t<h2>Nuestros servicios<\/h2>\n<p>\u00a1Ofrecemos tres maneras de lavar para su conveniencia! Nos reunimos con nuestros clientes donde est\u00e1n con el tiempo, el presupuesto o los horarios.<\/p>\n\t\t\t\t<img loading=\"lazy\" decoding=\"async\" src=\"https:\/\/cleanlaundry.com\/wp-content\/uploads\/2022\/05\/CL-05.06-Nugget-SelfService@0.5x-150x150.png\" alt=\"Self Service Laundromat\" itemprop=\"image\" height=\"150\" width=\"150\" title=\"CL-05.06-Nugget-SelfService@0.5x\" onerror=\"this.style.display='none'\"  \/>\n<h2>\n\t\tLavander\u00eda de autoservicio\n\t<\/h2>\n\t<p>Nuestro <strong>limpio<\/strong> \u00a1las lavander\u00edas ofrecen la mejor experiencia de lavado en su \u00e1rea! Abierto hasta tarde, luces LED brillantes, con m\u00e1quinas superwash de gran capacidad.<\/p>\n\t\t\t<a href=\"https:\/\/cleanlaundry.com\/es\/locations\/\" target=\"_self\" rel=\"noopener\">\n\t\t\t\t\t\tEncuentra una lavander\u00eda\n\t\t\t\t\t<\/a>\n\t\t\t\t<a href=\"https:\/\/cleanlaundry.com\/es\/locations\/\" target=\"_self\" itemprop=\"url\" rel=\"noopener\">\n\t\t\t\t<img loading=\"lazy\" decoding=\"async\" src=\"https:\/\/cleanlaundry.com\/wp-content\/uploads\/2021\/01\/WDF-logo-150x150.png\" alt=\"Clean Laundry Wash Dry Fold Logo\" itemprop=\"image\" height=\"150\" width=\"150\" title=\"Logotipo de WDF\" onerror=\"this.style.display='none'\"  \/>\n\t\t\t\t<\/a>\n<h2>\n\t\tLavar, secar, doblar ropa\n\t<\/h2>\n\t<p>Nuestro servicio de lavado y doblado de ropa: \u00a1dejas tu ropa y la recoges fresca y limpia al d\u00eda siguiente! \u00a1Incluso lo doblamos por ti!<\/p>\n\t\t\t<a href=\"https:\/\/cleanlaundry.com\/es\/wash-dry-fold\/locations\/\" target=\"_self\" rel=\"noopener\">\n\t\t\t\t\t\tVer ubicaciones\n\t\t\t\t\t<\/a>\n\t\t\t\t<a href=\"https:\/\/www.cleanlaundryexpress.com\/\" target=\"_blank\" rel=\"noopener\" itemprop=\"url\">\n\t\t\t\t<img loading=\"lazy\" decoding=\"async\" src=\"https:\/\/cleanlaundry.com\/wp-content\/uploads\/2022\/04\/CLX-Logo-01-150x150.png\" alt=\"Clean Laundry Express Wash Dry Fold Pick-up and Delivery\" itemprop=\"image\" height=\"150\" width=\"150\" title=\"Logotipo CLX-01\" onerror=\"this.style.display='none'\"  \/>\n\t\t\t\t<\/a>\n<h2>\n\t\tServicio de lavander\u00eda a domicilio\n\t<\/h2>\n\t<p>Servicio de lavander\u00eda de recogida y entrega, \u00a1no tienes que hacer nada m\u00e1s que programar tu pedido! ahora eso es <strong>conveniente<\/strong>!<\/p>\n\t\t\t<a href=\"https:\/\/www.cleanlaundryexpress.com\/\" target=\"_blank\" rel=\"noopener\">\n\t\t\t\t\t\tObtener la aplicaci\u00f3n\n\t\t\t\t\t<\/a>\n\t<h2>Nuestras lavander\u00edas<\/h2>\n<p>Creemos que usted merece un espacio limpio para lavar la ropa, es por eso que nuestras lavander\u00edas de lavander\u00eda Clean Laundry son constantemente calificadas como las mejores en cuanto a limpieza y calidad. Todas nuestras ubicaciones est\u00e1n equipadas con caracter\u00edsticas que encarnan la promesa de nuestra marca de ubicaciones limpias, c\u00f3modas y convenientes.<\/p>\n\t\t<h3>\t\n\tLimpiezas Diarias <\/h3>\t\t\n\t\t\t<p>Creemos que para obtener un buen lavado, las lavander\u00edas deben estar limpias. Nuestras tiendas se limpian varias veces al d\u00eda.<\/p>\n\t\t<h3>\t\n\tEquipos amistosos <\/h3>\t\t\n\t\t\t<p>Nuestro equipo es amigable, divertido y est\u00e1 ah\u00ed para hacer que su experiencia sea placentera. \u00a1Cuidamos a nuestros clientes y nos aseguramos de que su d\u00eda de lavado sea una delicia!<\/p>\n\t\t<h3>\t\n\tAplicaciones m\u00f3viles de lavander\u00eda<\/h3>\t\t\n\t\t\t<p>Seg\u00fan sus necesidades, nuestras aplicaciones m\u00f3viles le permiten verificar si una tienda est\u00e1 ocupada antes de entrar, ver el progreso del tiempo de lavado y ganar recompensas y puntos de fidelidad. \u00a1O nuestra aplicaci\u00f3n Clean Laundry Express le permite programar una recogida para que lavemos su ropa!<\/p>\n\t\t<h3>\t\n\tAgua suave<\/h3>\t\t\n\t\t\t<p>Cada una de nuestras lavander\u00edas tiene agua blanda que le da a su ropa una sensaci\u00f3n extra suave y solo requiere la mitad del detergente que una m\u00e1quina normal, obteniendo un lavado m\u00e1s limpio.<\/p>\n\t\t<h3>\t\n\tAmbiente seguro<\/h3>\t\t\n\t\t\t<p>Vigilancia por video las 24 horas del d\u00eda, los 7 d\u00edas de la semana e iluminaci\u00f3n LED brillante para que se sienta seguro, incluso a altas horas de la noche. Nuestras puertas se bloquean autom\u00e1ticamente desde el exterior para que pueda terminar su ropa a altas horas de la noche de forma segura en la tienda.<\/p>\n\t\t<h3>\t\n\tOpciones de pago con beneficios<\/h3>\t\t\n\t\t\t<p>No importa lo que prefiera, moneda, tarjeta o pago m\u00f3vil, \u00a1tenemos opciones para todos! En la tienda, puede descargar nuestra aplicaci\u00f3n m\u00f3vil para pagar y controlar sus m\u00e1quinas a trav\u00e9s del tel\u00e9fono.<\/p>\n\t\t<h3>\t\n\tEnerg\u00eda verde<\/h3>\t\t\n\t\t\t<p>Nuestras tiendas utilizan la mitad de la electricidad, el gas natural y el agua de una lavander\u00eda autom\u00e1tica t\u00edpica. Tenemos agua blanda y nos aseguramos de que est\u00e9 caliente usando calentadores de bajo consumo.<\/p>\n\t\t<h3>\t\n\tServicios modernos<\/h3>\t\t\n\t\t\t<p>Wi-Fi gratis, televisores de alta definici\u00f3n de pantalla grande, puertos de carga y asientos suaves hacen que su visita a la lavander\u00eda sea r\u00e1pida con todas las capacidades de primer nivel.<\/p>\n\t\t<h3>\t\n\tR\u00e1pido y eficiente<\/h3>\t\t\n\t\t\t<p>Nuestras m\u00e1quinas usan ciclos de alta eficiencia y cada ubicaci\u00f3n tiene agua blanda, lo que significa que puede usar menos detergente para ropa m\u00e1s limpia. \u00a1Tambi\u00e9n contamos con ciclos r\u00e1pidos de lavado y secado, lo que te permite terminar tu ropa en menos de una hora! \u00a1Ya es hora!<\/p>\n\t\t\t<p><img loading=\"lazy\" decoding=\"async\" src=\"https:\/\/cleanlaundry.com\/wp-content\/uploads\/2020\/01\/Avatar-235x300.png\" alt=\"\" width=\"134\" height=\"170\" \/>\u00a1Me encant\u00f3 la ropa limpia! \u00a1Lav\u00e9 toda la ropa de la semana en una hora! \u00a1Es organizado, brillante y tiene m\u00e1quinas realmente agradables! \u00a1Seguro que volveremos!\u00a0<em><strong>Shelley S., cliente de lavander\u00eda limpia\u00a0<\/strong><\/em><\/p>\t\t\n\t\t\t<p><img loading=\"lazy\" decoding=\"async\" src=\"https:\/\/cleanlaundry.com\/wp-content\/uploads\/2020\/01\/NikkiO.jpg\" alt=\"\" width=\"129\" height=\"178\" \/>S\u00faper limpio y s\u00faper r\u00e1pido. Lav\u00e9 12 cargas de ropa en 36 minutos.<em><strong>Nikki O., cliente de lavander\u00eda limpia\u00a0<\/strong><\/em><\/p>\t\t\n\t\t\t<p><img loading=\"lazy\" decoding=\"async\" src=\"https:\/\/cleanlaundry.com\/wp-content\/uploads\/2020\/01\/JamieM-289x300.jpg\" alt=\"\" width=\"154\" height=\"160\" \/>Este lugar es asombroso !! WiFi gratis, paga con tu opci\u00f3n de tarjeta de d\u00e9bito \/ cr\u00e9dito para bocadillos e incluso lavander\u00eda. Incre\u00edble servicio al cliente y muy espacioso !!<em><strong>Jamie M., cliente de lavander\u00eda limpia\u00a0<\/strong><\/em><\/p>","protected":false},"excerpt":{"rendered":"<p>Experience the Clean Laundry Difference Our Promise: Clean, Comfortable, and Convenient Clean Laundry is a fresh laundromat concept that puts an emphasis on your laundry day experience. We do this through our brand promise: to create an environment that is clean, comfortable, and convenient. Our Services We offer three ways to wash for your convenience!&hellip;<\/p>","protected":false},"author":101027,"featured_media":0,"parent":4624,"menu_order":0,"comment_status":"closed","ping_status":"closed","template":"","meta":{"footnotes":""},"class_list":["post-13822","page","type-page","status-publish","hentry"],"yoast_head":"<!-- This site is optimized with the Yoast SEO plugin v25.0 - https:\/\/yoast.com\/wordpress\/plugins\/seo\/ -->\n<title>The Clean Laundry Difference - Clean Laundry<\/title>\n<meta name=\"robots\" content=\"index, follow, max-snippet:-1, max-image-preview:large, max-video-preview:-1\" \/>\n<link rel=\"canonical\" href=\"https:\/\/cleanlaundry.com\/es\/about\/the-clean-laundry-difference\/\" \/>\n<meta property=\"og:locale\" content=\"es_MX\" \/>\n<meta property=\"og:type\" content=\"article\" \/>\n<meta property=\"og:title\" content=\"The Clean Laundry Difference - Clean Laundry\" \/>\n<meta property=\"og:description\" content=\"Experience the Clean Laundry Difference Our Promise: Clean, Comfortable, and Convenient Clean Laundry is a fresh laundromat concept that puts an emphasis on your laundry day experience. We do this through our brand promise: to create an environment that is clean, comfortable, and convenient. Our Services We offer three ways to wash for your convenience!&hellip;\" \/>\n<meta property=\"og:url\" content=\"https:\/\/cleanlaundry.com\/es\/about\/the-clean-laundry-difference\/\" \/>\n<meta property=\"og:site_name\" content=\"Clean Laundry\" \/>\n<meta property=\"article:modified_time\" content=\"2023-09-27T19:05:17+00:00\" \/>\n<meta property=\"og:image\" content=\"https:\/\/cleanlaundry.com\/wp-content\/uploads\/2022\/08\/CL-05.06-Clean-Comfortable-Nugget-2-300x300.png\" \/>\n<meta name=\"twitter:card\" content=\"summary_large_image\" \/>\n<meta name=\"twitter:label1\" content=\"Tiempo de lectura\" \/>\n\t<meta name=\"twitter:data1\" content=\"4 minutos\" \/>\n<script type=\"application\/ld+json\" class=\"yoast-schema-graph\">{\"@context\":\"https:\/\/schema.org\",\"@graph\":[{\"@type\":\"WebPage\",\"@id\":\"https:\/\/cleanlaundry.com\/about\/the-clean-laundry-difference\/\",\"url\":\"https:\/\/cleanlaundry.com\/about\/the-clean-laundry-difference\/\",\"name\":\"The Clean Laundry Difference - Clean Laundry\",\"isPartOf\":{\"@id\":\"https:\/\/cleanlaundry.com\/#website\"},\"primaryImageOfPage\":{\"@id\":\"https:\/\/cleanlaundry.com\/about\/the-clean-laundry-difference\/#primaryimage\"},\"image\":{\"@id\":\"https:\/\/cleanlaundry.com\/about\/the-clean-laundry-difference\/#primaryimage\"},\"thumbnailUrl\":\"https:\/\/cleanlaundry.com\/wp-content\/uploads\/2022\/08\/CL-05.06-Clean-Comfortable-Nugget-2-300x300.png\",\"datePublished\":\"2022-07-19T21:47:56+00:00\",\"dateModified\":\"2023-09-27T19:05:17+00:00\",\"breadcrumb\":{\"@id\":\"https:\/\/cleanlaundry.com\/about\/the-clean-laundry-difference\/#breadcrumb\"},\"inLanguage\":\"es\",\"potentialAction\":[{\"@type\":\"ReadAction\",\"target\":[\"https:\/\/cleanlaundry.com\/about\/the-clean-laundry-difference\/\"]}]},{\"@type\":\"ImageObject\",\"inLanguage\":\"es\",\"@id\":\"https:\/\/cleanlaundry.com\/about\/the-clean-laundry-difference\/#primaryimage\",\"url\":\"https:\/\/cleanlaundry.com\/wp-content\/uploads\/2022\/08\/CL-05.06-Clean-Comfortable-Nugget-2-300x300.png\",\"contentUrl\":\"https:\/\/cleanlaundry.com\/wp-content\/uploads\/2022\/08\/CL-05.06-Clean-Comfortable-Nugget-2-300x300.png\"},{\"@type\":\"BreadcrumbList\",\"@id\":\"https:\/\/cleanlaundry.com\/about\/the-clean-laundry-difference\/#breadcrumb\",\"itemListElement\":[{\"@type\":\"ListItem\",\"position\":1,\"name\":\"Home\",\"item\":\"https:\/\/cleanlaundry.com\/\"},{\"@type\":\"ListItem\",\"position\":2,\"name\":\"About\",\"item\":\"https:\/\/cleanlaundry.com\/about\/\"},{\"@type\":\"ListItem\",\"position\":3,\"name\":\"The Clean Laundry Difference\"}]},{\"@type\":\"WebSite\",\"@id\":\"https:\/\/cleanlaundry.com\/#website\",\"url\":\"https:\/\/cleanlaundry.com\/\",\"name\":\"Clean Laundry\",\"description\":\"Clean Laundry\",\"potentialAction\":[{\"@type\":\"SearchAction\",\"target\":{\"@type\":\"EntryPoint\",\"urlTemplate\":\"https:\/\/cleanlaundry.com\/?s={search_term_string}\"},\"query-input\":{\"@type\":\"PropertyValueSpecification\",\"valueRequired\":true,\"valueName\":\"search_term_string\"}}],\"inLanguage\":\"es\"}]}<\/script>\n<!-- \/ Yoast SEO plugin. -->","yoast_head_json":{"title":"The Clean Laundry Difference - Clean Laundry","robots":{"index":"index","follow":"follow","max-snippet":"max-snippet:-1","max-image-preview":"max-image-preview:large","max-video-preview":"max-video-preview:-1"},"canonical":"https:\/\/cleanlaundry.com\/es\/about\/the-clean-laundry-difference\/","og_locale":"es_MX","og_type":"article","og_title":"The Clean Laundry Difference - Clean Laundry","og_description":"Experience the Clean Laundry Difference Our Promise: Clean, Comfortable, and Convenient Clean Laundry is a fresh laundromat concept that puts an emphasis on your laundry day experience. We do this through our brand promise: to create an environment that is clean, comfortable, and convenient. Our Services We offer three ways to wash for your convenience!&hellip;","og_url":"https:\/\/cleanlaundry.com\/es\/about\/the-clean-laundry-difference\/","og_site_name":"Clean Laundry","article_modified_time":"2023-09-27T19:05:17+00:00","og_image":[{"url":"https:\/\/cleanlaundry.com\/wp-content\/uploads\/2022\/08\/CL-05.06-Clean-Comfortable-Nugget-2-300x300.png","type":"","width":"","height":""}],"twitter_card":"summary_large_image","twitter_misc":{"Tiempo de lectura":"4 minutos"},"schema":{"@context":"https:\/\/schema.org","@graph":[{"@type":"WebPage","@id":"https:\/\/cleanlaundry.com\/about\/the-clean-laundry-difference\/","url":"https:\/\/cleanlaundry.com\/about\/the-clean-laundry-difference\/","name":"The Clean Laundry Difference - Clean Laundry","isPartOf":{"@id":"https:\/\/cleanlaundry.com\/#website"},"primaryImageOfPage":{"@id":"https:\/\/cleanlaundry.com\/about\/the-clean-laundry-difference\/#primaryimage"},"image":{"@id":"https:\/\/cleanlaundry.com\/about\/the-clean-laundry-difference\/#primaryimage"},"thumbnailUrl":"https:\/\/cleanlaundry.com\/wp-content\/uploads\/2022\/08\/CL-05.06-Clean-Comfortable-Nugget-2-300x300.png","datePublished":"2022-07-19T21:47:56+00:00","dateModified":"2023-09-27T19:05:17+00:00","breadcrumb":{"@id":"https:\/\/cleanlaundry.com\/about\/the-clean-laundry-difference\/#breadcrumb"},"inLanguage":"es","potentialAction":[{"@type":"ReadAction","target":["https:\/\/cleanlaundry.com\/about\/the-clean-laundry-difference\/"]}]},{"@type":"ImageObject","inLanguage":"es","@id":"https:\/\/cleanlaundry.com\/about\/the-clean-laundry-difference\/#primaryimage","url":"https:\/\/cleanlaundry.com\/wp-content\/uploads\/2022\/08\/CL-05.06-Clean-Comfortable-Nugget-2-300x300.png","contentUrl":"https:\/\/cleanlaundry.com\/wp-content\/uploads\/2022\/08\/CL-05.06-Clean-Comfortable-Nugget-2-300x300.png"},{"@type":"BreadcrumbList","@id":"https:\/\/cleanlaundry.com\/about\/the-clean-laundry-difference\/#breadcrumb","itemListElement":[{"@type":"ListItem","position":1,"name":"Home","item":"https:\/\/cleanlaundry.com\/"},{"@type":"ListItem","position":2,"name":"About","item":"https:\/\/cleanlaundry.com\/about\/"},{"@type":"ListItem","position":3,"name":"The Clean Laundry Difference"}]},{"@type":"WebSite","@id":"https:\/\/cleanlaundry.com\/#website","url":"https:\/\/cleanlaundry.com\/","name":"Ropa limpia","description":"Ropa limpia","potentialAction":[{"@type":"SearchAction","target":{"@type":"EntryPoint","urlTemplate":"https:\/\/cleanlaundry.com\/?s={search_term_string}"},"query-input":{"@type":"PropertyValueSpecification","valueRequired":true,"valueName":"search_term_string"}}],"inLanguage":"es"}]}},"_links":{"self":[{"href":"https:\/\/cleanlaundry.com\/es\/wp-json\/wp\/v2\/pages\/13822","targetHints":{"allow":["GET"]}}],"collection":[{"href":"https:\/\/cleanlaundry.com\/es\/wp-json\/wp\/v2\/pages"}],"about":[{"href":"https:\/\/cleanlaundry.com\/es\/wp-json\/wp\/v2\/types\/page"}],"author":[{"embeddable":true,"href":"https:\/\/cleanlaundry.com\/es\/wp-json\/wp\/v2\/users\/101027"}],"replies":[{"embeddable":true,"href":"https:\/\/cleanlaundry.com\/es\/wp-json\/wp\/v2\/comments?post=13822"}],"version-history":[{"count":8,"href":"https:\/\/cleanlaundry.com\/es\/wp-json\/wp\/v2\/pages\/13822\/revisions"}],"predecessor-version":[{"id":14871,"href":"https:\/\/cleanlaundry.com\/es\/wp-json\/wp\/v2\/pages\/13822\/revisions\/14871"}],"up":[{"embeddable":true,"href":"https:\/\/cleanlaundry.com\/es\/wp-json\/wp\/v2\/pages\/4624"}],"wp:attachment":[{"href":"https:\/\/cleanlaundry.com\/es\/wp-json\/wp\/v2\/media?parent=13822"}],"curies":[{"name":"wp","href":"https:\/\/api.w.org\/{rel}","templated":true}]}}