{"id":13587,"date":"2022-04-27T11:00:12","date_gmt":"2022-04-27T16:00:12","guid":{"rendered":"https:\/\/cleanlaundry.com\/?page_id=13587"},"modified":"2023-06-09T08:54:20","modified_gmt":"2023-06-09T13:54:20","slug":"ways-to-wash-clean-laundry-services","status":"publish","type":"page","link":"https:\/\/cleanlaundry.com\/es\/about\/ways-to-wash-clean-laundry-services\/","title":{"rendered":"Maneras de Lavar | Servicios de lavander\u00eda limpia"},"content":{"rendered":"<h1>\n\t\tThree Ways to Wash at Clean Laundry\n\t<\/h1>\n\t<p>\u00a1Ofrecemos tres formas de lavar la ropa del d\u00eda! Si est\u00e1 buscando una manera r\u00e1pida y eficiente de lavar y secar su ropa, nuestra <a href=\"https:\/\/cleanlaundry.com\/es\/locations\/\"><strong>lavander\u00edas<\/strong><\/a> ofrecer un lugar limpio y conveniente para hacerlo. Si tiene poco tiempo y quiere que la lavemos, aceptamos la entrega de ropa que nuestros profesionales <strong>Lavar, Secar, Doblar<\/strong> \u00a1para usted! Nuestra \u00faltima incorporaci\u00f3n es nuestra <a href=\"http:\/\/cleanlaundryexpress.com\"><strong>Lavander\u00eda limpia Express<\/strong><\/a> app, donde puedes programar que nuestro equipo recoja tu ropa en tu casa, hotel o lugar de trabajo, la procesamos y te la devolvemos al d\u00eda siguiente.<\/p>\n\t\t\t\t<img loading=\"lazy\" decoding=\"async\" src=\"https:\/\/cleanlaundry.com\/wp-content\/uploads\/2022\/05\/CL-05.06-Nugget-SelfService@0.5x-150x150.png\" alt=\"Self Service Laundromat\" itemprop=\"image\" height=\"150\" width=\"150\" title=\"CL-05.06-Nugget-SelfService@0.5x\" onerror=\"this.style.display='none'\"  \/>\n<h2>\n\t\tHazlo tu mismo\n\t<\/h2>\n\t<p>Instalaci\u00f3n de lavander\u00eda: \u00a1Lave hasta 9 cargas en menos de una hora en nuestras lavander\u00edas s\u00faper limpias! M\u00e1quinas de gran tama\u00f1o, personal amable y un lugar seguro.<\/p>\n\t\t\t<a href=\"https:\/\/cleanlaundry.com\/es\/locations\/\" target=\"_self\" rel=\"noopener\">\n\t\t\t\t\t\tEncuentra una lavander\u00eda\n\t\t\t\t\t<\/a>\n\t\t\t\t<a href=\"https:\/\/cleanlaundry.com\/es\/wash-dry-fold\/locations\/\" target=\"_self\" itemprop=\"url\" rel=\"noopener\">\n\t\t\t\t<img loading=\"lazy\" decoding=\"async\" src=\"https:\/\/cleanlaundry.com\/wp-content\/uploads\/2021\/01\/WDF-logo-150x150.png\" alt=\"Clean Laundry Wash Dry Fold Logo\" itemprop=\"image\" height=\"150\" width=\"150\" title=\"Logotipo de WDF\" onerror=\"this.style.display='none'\"  \/>\n\t\t\t\t<\/a>\n<h2>\n\t\td\u00e9janoslo\n\t<\/h2>\n\t<p>Servicio de lavado, secado y doblado: Deje su ropa y rec\u00f3jala limpia y doblada en cualquiera de nuestras ubicaciones equipadas con lavado, secado y doblado.<\/p>\n\t\t\t<a href=\"https:\/\/cleanlaundry.com\/es\/wash-dry-fold\/locations\/\" target=\"_self\" rel=\"noopener\">\n\t\t\t\t\t\tVer ubicaciones\n\t\t\t\t\t<\/a>\n\t\t\t\t<a href=\"https:\/\/www.cleanlaundryexpress.com\/\" target=\"_blank\" rel=\"noopener\" itemprop=\"url\">\n\t\t\t\t<img loading=\"lazy\" decoding=\"async\" src=\"https:\/\/cleanlaundry.com\/wp-content\/uploads\/2022\/04\/CLX-Logo-01-150x150.png\" alt=\"Clean Laundry Express Wash Dry Fold Pick-up and Delivery\" itemprop=\"image\" height=\"150\" width=\"150\" title=\"Logotipo CLX-01\" onerror=\"this.style.display='none'\"  \/>\n\t\t\t\t<\/a>\n<h2>\n\t\tRecogemos y entregamos\n\t<\/h2>\n\t<p>Clean Laundry Express: incluye recogida y entrega y servicios de lavander\u00eda al d\u00eda siguiente a trav\u00e9s de nuestra aplicaci\u00f3n Clean Laundry Express.<\/p>\n\t\t\t<a href=\"https:\/\/www.cleanlaundryexpress.com\/\" target=\"_blank\" rel=\"noopener\">\n\t\t\t\t\t\tObtener la aplicaci\u00f3n\n\t\t\t\t\t<\/a>","protected":false},"excerpt":{"rendered":"<p>Three Ways to Wash at Clean Laundry We offer three ways to get your laundry done for the day! If you&#8217;re looking for a fast and efficient way to wash and dry your clothes, our laundromats offer a clean and convenient location to do so. If you&#8217;re pressed for time and want us to wash&hellip;<\/p>","protected":false},"author":101027,"featured_media":0,"parent":4624,"menu_order":0,"comment_status":"closed","ping_status":"closed","template":"","meta":{"footnotes":""},"class_list":["post-13587","page","type-page","status-publish","hentry"],"yoast_head":"<!-- This site is optimized with the Yoast SEO plugin v25.0 - https:\/\/yoast.com\/wordpress\/plugins\/seo\/ -->\n<title>Ways to Wash | Clean Laundry Services - Clean Laundry<\/title>\n<meta name=\"robots\" content=\"index, follow, max-snippet:-1, max-image-preview:large, max-video-preview:-1\" \/>\n<link rel=\"canonical\" href=\"https:\/\/cleanlaundry.com\/es\/about\/ways-to-wash-clean-laundry-services\/\" \/>\n<meta property=\"og:locale\" content=\"es_MX\" \/>\n<meta property=\"og:type\" content=\"article\" \/>\n<meta property=\"og:title\" content=\"Ways to Wash | Clean Laundry Services - Clean Laundry\" \/>\n<meta property=\"og:description\" content=\"Three Ways to Wash at Clean Laundry We offer three ways to get your laundry done for the day! If you&#8217;re looking for a fast and efficient way to wash and dry your clothes, our laundromats offer a clean and convenient location to do so. If you&#8217;re pressed for time and want us to wash&hellip;\" \/>\n<meta property=\"og:url\" content=\"https:\/\/cleanlaundry.com\/es\/about\/ways-to-wash-clean-laundry-services\/\" \/>\n<meta property=\"og:site_name\" content=\"Clean Laundry\" \/>\n<meta property=\"article:modified_time\" content=\"2023-06-09T13:54:20+00:00\" \/>\n<meta property=\"og:image\" content=\"https:\/\/cleanlaundry.com\/wp-content\/uploads\/2022\/05\/CL-05.06-Nugget-SelfService@0.5x-150x150.png\" \/>\n<meta name=\"twitter:card\" content=\"summary_large_image\" \/>\n<meta name=\"twitter:label1\" content=\"Tiempo de lectura\" \/>\n\t<meta name=\"twitter:data1\" content=\"1 minuto\" \/>\n<script type=\"application\/ld+json\" class=\"yoast-schema-graph\">{\"@context\":\"https:\/\/schema.org\",\"@graph\":[{\"@type\":\"WebPage\",\"@id\":\"https:\/\/cleanlaundry.com\/about\/ways-to-wash-clean-laundry-services\/\",\"url\":\"https:\/\/cleanlaundry.com\/about\/ways-to-wash-clean-laundry-services\/\",\"name\":\"Ways to Wash | Clean Laundry Services - Clean Laundry\",\"isPartOf\":{\"@id\":\"https:\/\/cleanlaundry.com\/#website\"},\"primaryImageOfPage\":{\"@id\":\"https:\/\/cleanlaundry.com\/about\/ways-to-wash-clean-laundry-services\/#primaryimage\"},\"image\":{\"@id\":\"https:\/\/cleanlaundry.com\/about\/ways-to-wash-clean-laundry-services\/#primaryimage\"},\"thumbnailUrl\":\"https:\/\/cleanlaundry.com\/wp-content\/uploads\/2022\/05\/CL-05.06-Nugget-SelfService@0.5x-150x150.png\",\"datePublished\":\"2022-04-27T16:00:12+00:00\",\"dateModified\":\"2023-06-09T13:54:20+00:00\",\"breadcrumb\":{\"@id\":\"https:\/\/cleanlaundry.com\/about\/ways-to-wash-clean-laundry-services\/#breadcrumb\"},\"inLanguage\":\"es\",\"potentialAction\":[{\"@type\":\"ReadAction\",\"target\":[\"https:\/\/cleanlaundry.com\/about\/ways-to-wash-clean-laundry-services\/\"]}]},{\"@type\":\"ImageObject\",\"inLanguage\":\"es\",\"@id\":\"https:\/\/cleanlaundry.com\/about\/ways-to-wash-clean-laundry-services\/#primaryimage\",\"url\":\"https:\/\/cleanlaundry.com\/wp-content\/uploads\/2022\/05\/CL-05.06-Nugget-SelfService@0.5x-150x150.png\",\"contentUrl\":\"https:\/\/cleanlaundry.com\/wp-content\/uploads\/2022\/05\/CL-05.06-Nugget-SelfService@0.5x-150x150.png\"},{\"@type\":\"BreadcrumbList\",\"@id\":\"https:\/\/cleanlaundry.com\/about\/ways-to-wash-clean-laundry-services\/#breadcrumb\",\"itemListElement\":[{\"@type\":\"ListItem\",\"position\":1,\"name\":\"Home\",\"item\":\"https:\/\/cleanlaundry.com\/\"},{\"@type\":\"ListItem\",\"position\":2,\"name\":\"About\",\"item\":\"https:\/\/cleanlaundry.com\/about\/\"},{\"@type\":\"ListItem\",\"position\":3,\"name\":\"Ways to Wash | Clean Laundry Services\"}]},{\"@type\":\"WebSite\",\"@id\":\"https:\/\/cleanlaundry.com\/#website\",\"url\":\"https:\/\/cleanlaundry.com\/\",\"name\":\"Clean Laundry\",\"description\":\"Clean Laundry\",\"potentialAction\":[{\"@type\":\"SearchAction\",\"target\":{\"@type\":\"EntryPoint\",\"urlTemplate\":\"https:\/\/cleanlaundry.com\/?s={search_term_string}\"},\"query-input\":{\"@type\":\"PropertyValueSpecification\",\"valueRequired\":true,\"valueName\":\"search_term_string\"}}],\"inLanguage\":\"es\"}]}<\/script>\n<!-- \/ Yoast SEO plugin. -->","yoast_head_json":{"title":"Ways to Wash | Clean Laundry Services - Clean Laundry","robots":{"index":"index","follow":"follow","max-snippet":"max-snippet:-1","max-image-preview":"max-image-preview:large","max-video-preview":"max-video-preview:-1"},"canonical":"https:\/\/cleanlaundry.com\/es\/about\/ways-to-wash-clean-laundry-services\/","og_locale":"es_MX","og_type":"article","og_title":"Ways to Wash | Clean Laundry Services - Clean Laundry","og_description":"Three Ways to Wash at Clean Laundry We offer three ways to get your laundry done for the day! If you&#8217;re looking for a fast and efficient way to wash and dry your clothes, our laundromats offer a clean and convenient location to do so. If you&#8217;re pressed for time and want us to wash&hellip;","og_url":"https:\/\/cleanlaundry.com\/es\/about\/ways-to-wash-clean-laundry-services\/","og_site_name":"Clean Laundry","article_modified_time":"2023-06-09T13:54:20+00:00","og_image":[{"url":"https:\/\/cleanlaundry.com\/wp-content\/uploads\/2022\/05\/CL-05.06-Nugget-SelfService@0.5x-150x150.png","type":"","width":"","height":""}],"twitter_card":"summary_large_image","twitter_misc":{"Tiempo de lectura":"1 minuto"},"schema":{"@context":"https:\/\/schema.org","@graph":[{"@type":"WebPage","@id":"https:\/\/cleanlaundry.com\/about\/ways-to-wash-clean-laundry-services\/","url":"https:\/\/cleanlaundry.com\/about\/ways-to-wash-clean-laundry-services\/","name":"Ways to Wash | Clean Laundry Services - Clean Laundry","isPartOf":{"@id":"https:\/\/cleanlaundry.com\/#website"},"primaryImageOfPage":{"@id":"https:\/\/cleanlaundry.com\/about\/ways-to-wash-clean-laundry-services\/#primaryimage"},"image":{"@id":"https:\/\/cleanlaundry.com\/about\/ways-to-wash-clean-laundry-services\/#primaryimage"},"thumbnailUrl":"https:\/\/cleanlaundry.com\/wp-content\/uploads\/2022\/05\/CL-05.06-Nugget-SelfService@0.5x-150x150.png","datePublished":"2022-04-27T16:00:12+00:00","dateModified":"2023-06-09T13:54:20+00:00","breadcrumb":{"@id":"https:\/\/cleanlaundry.com\/about\/ways-to-wash-clean-laundry-services\/#breadcrumb"},"inLanguage":"es","potentialAction":[{"@type":"ReadAction","target":["https:\/\/cleanlaundry.com\/about\/ways-to-wash-clean-laundry-services\/"]}]},{"@type":"ImageObject","inLanguage":"es","@id":"https:\/\/cleanlaundry.com\/about\/ways-to-wash-clean-laundry-services\/#primaryimage","url":"https:\/\/cleanlaundry.com\/wp-content\/uploads\/2022\/05\/CL-05.06-Nugget-SelfService@0.5x-150x150.png","contentUrl":"https:\/\/cleanlaundry.com\/wp-content\/uploads\/2022\/05\/CL-05.06-Nugget-SelfService@0.5x-150x150.png"},{"@type":"BreadcrumbList","@id":"https:\/\/cleanlaundry.com\/about\/ways-to-wash-clean-laundry-services\/#breadcrumb","itemListElement":[{"@type":"ListItem","position":1,"name":"Home","item":"https:\/\/cleanlaundry.com\/"},{"@type":"ListItem","position":2,"name":"About","item":"https:\/\/cleanlaundry.com\/about\/"},{"@type":"ListItem","position":3,"name":"Ways to Wash | Clean Laundry Services"}]},{"@type":"WebSite","@id":"https:\/\/cleanlaundry.com\/#website","url":"https:\/\/cleanlaundry.com\/","name":"Ropa limpia","description":"Ropa limpia","potentialAction":[{"@type":"SearchAction","target":{"@type":"EntryPoint","urlTemplate":"https:\/\/cleanlaundry.com\/?s={search_term_string}"},"query-input":{"@type":"PropertyValueSpecification","valueRequired":true,"valueName":"search_term_string"}}],"inLanguage":"es"}]}},"_links":{"self":[{"href":"https:\/\/cleanlaundry.com\/es\/wp-json\/wp\/v2\/pages\/13587","targetHints":{"allow":["GET"]}}],"collection":[{"href":"https:\/\/cleanlaundry.com\/es\/wp-json\/wp\/v2\/pages"}],"about":[{"href":"https:\/\/cleanlaundry.com\/es\/wp-json\/wp\/v2\/types\/page"}],"author":[{"embeddable":true,"href":"https:\/\/cleanlaundry.com\/es\/wp-json\/wp\/v2\/users\/101027"}],"replies":[{"embeddable":true,"href":"https:\/\/cleanlaundry.com\/es\/wp-json\/wp\/v2\/comments?post=13587"}],"version-history":[{"count":16,"href":"https:\/\/cleanlaundry.com\/es\/wp-json\/wp\/v2\/pages\/13587\/revisions"}],"predecessor-version":[{"id":14499,"href":"https:\/\/cleanlaundry.com\/es\/wp-json\/wp\/v2\/pages\/13587\/revisions\/14499"}],"up":[{"embeddable":true,"href":"https:\/\/cleanlaundry.com\/es\/wp-json\/wp\/v2\/pages\/4624"}],"wp:attachment":[{"href":"https:\/\/cleanlaundry.com\/es\/wp-json\/wp\/v2\/media?parent=13587"}],"curies":[{"name":"wp","href":"https:\/\/api.w.org\/{rel}","templated":true}]}}