{"id":13512,"date":"2022-03-24T13:25:36","date_gmt":"2022-03-24T18:25:36","guid":{"rendered":"https:\/\/cleanlaundry.com\/?page_id=13512"},"modified":"2024-12-16T14:07:32","modified_gmt":"2024-12-16T20:07:32","slug":"104-n-g-street-oskaloosa-ia","status":"publish","type":"page","link":"https:\/\/cleanlaundry.com\/es\/locations\/iowa\/oskaloosa\/104-n-g-street-oskaloosa-ia\/","title":{"rendered":"104 NG Street Oskaloosa, IA 52577"},"content":{"rendered":"<h1>\u00a1AHORA ABIERTO!<\/h1>\n<h1>Lavander\u00eda limpia en Oskaloosa, IA<\/h1>\n<h2>Una lavander\u00eda de calidad, moderna y limpia en North G Street<\/h2>\n\t\t\t<a href=\"https:\/\/www.google.com\/maps\/place\/104+N+G+St,+Oskaloosa,+IA+52577\/@41.2953563,-92.6554832,17z\/data=!3m1!4b1!4m5!3m4!1s0x87ef4daeac6af8e5:0x5929542d4a9c78dd!8m2!3d41.2953563!4d-92.6532945\" target=\"_blank\" rel=\"noopener\">\n\t\t\t\t\t\t\tObtener las direcciones\n\t\t\t<\/a>\n\t<h4> <a href=\"https:\/\/www.google.com\/maps\/place\/104+N+G+St,+Oskaloosa,+IA+52577\/@41.2953563,-92.6554832,17z\/data=!3m1!4b1!4m5!3m4!1s0x87ef4daeac6af8e5:0x5929542d4a9c78dd!8m2!3d41.2953563!4d-92.6532945\" target=\"_blank\" rel=\"noopener\">104 North G Street Oskaloosa, IA 52577<\/a><\/h4>\n\t <a href=\"tel:641-316-3367\">641-316-3367<\/a><br \/>\n <a href=\"mailto:store0036@cleanlaundry.com\">Env\u00edanos un correo electr\u00f3nico<\/a><br \/>\n Horario: 5am \u2013 10pm<br \/>\n Dexter Location Pin: 7657\n\t<h3>\u00a1Lavander\u00eda a monedas y mucho m\u00e1s!\u00a0<\/h3>\n<p>La Oskaloosa, <a href=\"https:\/\/cleanlaundry.com\/es\/locations\/iowa\/\">Lavander\u00eda limpia de Iowa<\/a> Store opened in May of 2023. This 2,000 sq. ft. laundromat is conveniently located on North G Street. This laundromat is the perfect solution for busy families and anyone looking to get their laundry done fast and affordably.<\/p>\n<p>Multiple payment options available: credit\/debit card, Apple and Google Pay, Dexter Pay app, cash, and coin.<\/p>\n\t\t\t\t<img loading=\"lazy\" decoding=\"async\" src=\"https:\/\/cleanlaundry.com\/wp-content\/uploads\/2023\/05\/image00.png\" alt=\"image00\" itemprop=\"image\" height=\"1110\" width=\"1442\" title=\"image00\" onerror=\"this.style.display='none'\"  \/>\n\t<a href=\"https:\/\/www.google.com\/maps\/place\/104+N+G+St,+Oskaloosa,+IA+52577\/@41.2953563,-92.6554832,17z\/data=!3m1!4b1!4m5!3m4!1s0x87ef4daeac6af8e5:0x5929542d4a9c78dd!8m2!3d41.2953563!4d-92.6532945\" target=\"_blank\">\n        <h5>Calle G Norte 104<\/h5>\n        <p>Oskaloosa, IA 52577 <\/p>\n        \n          <\/a><a href=\"https:\/\/www.google.com\/maps\/place\/104+N+G+St,+Oskaloosa,+IA+52577\/@41.2953563,-92.6554832,17z\/data=!3m1!4b1!4m5!3m4!1s0x87ef4daeac6af8e5:0x5929542d4a9c78dd!8m2!3d41.2953563!4d-92.6532945\" target=\"_blank\">mapas de Google <\/a> \n        \n \n\t<iframe src=\"https:\/\/www.google.com\/maps\/embed\/v1\/place?q=Clean+Laundry%0A104+North+G+Street%2C%0AOskaloosa%2C+Iowa+52577&#038;key=AIzaSyD09zQ9PNDNNy9TadMuzRV_UsPUoWKntt8\" aria-hidden=\"true\"><\/iframe>\n\t<h4>Descubra la diferencia Clean Laundry<\/h4>\n<p>Nuestras lavadoras y secadoras no son como las lavadoras y secadoras dom\u00e9sticas promedio. Son enormes lavadoras comerciales capaces de lavar <em><strong>hasta ocho cargas<\/strong><\/em> de una vez y secar en tan solo 20 minutos. Los sistemas de agua avanzados le proporcionan agua muy blanda, lo que significa ropa m\u00e1s limpia con menos detergente. Adem\u00e1s, cuando configura la lavadora en agua caliente, nos aseguramos de que est\u00e9 muy caliente para garantizar la mejor limpieza. <\/p>\n\t<div class=\"rpi\" style=\"\" data-id=\"14423\" data-opts='{&quot;layout&quot;:&quot;list&quot;,&quot;style_style&quot;:&quot;1&quot;,&quot;style_stars&quot;:&quot;1&quot;,&quot;style_ava&quot;:&quot;1&quot;,&quot;head_logo&quot;:&quot;1&quot;,&quot;style_logo&quot;:&quot;1&quot;,&quot;pagination&quot;:&quot;&quot;,&quot;text_size&quot;:&quot;&quot;,&quot;hide_avatar&quot;:&quot;&quot;,&quot;hide_name&quot;:&quot;&quot;,&quot;disable_review_time&quot;:&quot;&quot;,&quot;disable_user_link&quot;:&quot;&quot;,&quot;disable_google_link&quot;:&quot;&quot;,&quot;open_link&quot;:&quot;1&quot;,&quot;nofollow_link&quot;:&quot;1&quot;,&quot;lazy_load_img&quot;:&quot;1&quot;,&quot;time_format&quot;:&quot;&quot;,&quot;breakpoints&quot;:&quot;&quot;,&quot;reviewer_avatar_size&quot;:&quot;56&quot;,&quot;ajax_load&quot;:false,&quot;v2&quot;:false,&quot;trans&quot;:{&quot;read more&quot;:&quot;read more&quot;,&quot;review us on&quot;:&quot;review us on&quot;,&quot;See all reviews&quot;:&quot;See all reviews&quot;,&quot;More reviews&quot;:&quot;More reviews&quot;,&quot;Response from the owner&quot;:&quot;Response from the owner&quot;}}' data-exec=\"\"><div class=\"rpi-cnt rpi-col-m rpi-list\" data-opts='' style=\"visibility:var(--visible, hidden)\" ><\/div><\/div>","protected":false},"excerpt":{"rendered":"<p>NOW OPEN! Clean Laundry in Oskaloosa, IA A quality, modern, and clean laundromat on North G Street Get directions 104 North G Street Oskaloosa, IA 52577 641-316-3367 Email us Hours: 5am &#8211; 10pm Dexter Location Pin: 7657 Coin laundry and so much more!\u00a0 The Oskaloosa, Iowa Clean Laundry Store opened in May of 2023. This&hellip;<\/p>","protected":false},"author":101027,"featured_media":13285,"parent":13509,"menu_order":0,"comment_status":"closed","ping_status":"closed","template":"","meta":{"footnotes":""},"class_list":["post-13512","page","type-page","status-publish","has-post-thumbnail","hentry"],"yoast_head":"<!-- This site is optimized with the Yoast SEO plugin v25.0 - https:\/\/yoast.com\/wordpress\/plugins\/seo\/ -->\n<title>Laundromat on N G Street in Oskaloosa, IA | Clean Laundry<\/title>\n<meta name=\"description\" content=\"Clean Laundry on N. G Street is a modern laundromat with 1-hour wash &amp; dry, free wifi, and 24\/7 surveillance. Coin &amp; mobile payment options.\" \/>\n<meta name=\"robots\" content=\"index, follow, max-snippet:-1, max-image-preview:large, max-video-preview:-1\" \/>\n<link rel=\"canonical\" href=\"https:\/\/cleanlaundry.com\/es\/locations\/iowa\/oskaloosa\/104-n-g-street-oskaloosa-ia\/\" \/>\n<meta property=\"og:locale\" content=\"es_MX\" \/>\n<meta property=\"og:type\" content=\"article\" \/>\n<meta property=\"og:title\" content=\"Laundromat on N G Street in Oskaloosa, IA | Clean Laundry\" \/>\n<meta property=\"og:description\" content=\"Clean Laundry on N. G Street is a modern laundromat with 1-hour wash &amp; dry, free wifi, and 24\/7 surveillance. Coin &amp; mobile payment options.\" \/>\n<meta property=\"og:url\" content=\"https:\/\/cleanlaundry.com\/es\/locations\/iowa\/oskaloosa\/104-n-g-street-oskaloosa-ia\/\" \/>\n<meta property=\"og:site_name\" content=\"Clean Laundry\" \/>\n<meta property=\"article:modified_time\" content=\"2024-12-16T20:07:32+00:00\" \/>\n<meta property=\"og:image\" content=\"https:\/\/cleanlaundry.com\/wp-content\/uploads\/2022\/02\/clean-laundry-coming-soon.jpg\" \/>\n\t<meta property=\"og:image:width\" content=\"600\" \/>\n\t<meta property=\"og:image:height\" content=\"350\" \/>\n\t<meta property=\"og:image:type\" content=\"image\/jpeg\" \/>\n<meta name=\"twitter:card\" content=\"summary_large_image\" \/>\n<meta name=\"twitter:label1\" content=\"Tiempo de lectura\" \/>\n\t<meta name=\"twitter:data1\" content=\"1 minuto\" \/>\n<script type=\"application\/ld+json\" class=\"yoast-schema-graph\">{\"@context\":\"https:\/\/schema.org\",\"@graph\":[{\"@type\":\"WebPage\",\"@id\":\"https:\/\/cleanlaundry.com\/locations\/iowa\/oskaloosa\/104-n-g-street-oskaloosa-ia\/\",\"url\":\"https:\/\/cleanlaundry.com\/locations\/iowa\/oskaloosa\/104-n-g-street-oskaloosa-ia\/\",\"name\":\"Laundromat on N G Street in Oskaloosa, IA | Clean Laundry\",\"isPartOf\":{\"@id\":\"https:\/\/cleanlaundry.com\/#website\"},\"primaryImageOfPage\":{\"@id\":\"https:\/\/cleanlaundry.com\/locations\/iowa\/oskaloosa\/104-n-g-street-oskaloosa-ia\/#primaryimage\"},\"image\":{\"@id\":\"https:\/\/cleanlaundry.com\/locations\/iowa\/oskaloosa\/104-n-g-street-oskaloosa-ia\/#primaryimage\"},\"thumbnailUrl\":\"https:\/\/cleanlaundry.com\/wp-content\/uploads\/2022\/02\/clean-laundry-coming-soon.jpg\",\"datePublished\":\"2022-03-24T18:25:36+00:00\",\"dateModified\":\"2024-12-16T20:07:32+00:00\",\"description\":\"Clean Laundry on N. G Street is a modern laundromat with 1-hour wash & dry, free wifi, and 24\/7 surveillance. Coin & mobile payment options.\",\"breadcrumb\":{\"@id\":\"https:\/\/cleanlaundry.com\/locations\/iowa\/oskaloosa\/104-n-g-street-oskaloosa-ia\/#breadcrumb\"},\"inLanguage\":\"es\",\"potentialAction\":[{\"@type\":\"ReadAction\",\"target\":[\"https:\/\/cleanlaundry.com\/locations\/iowa\/oskaloosa\/104-n-g-street-oskaloosa-ia\/\"]}]},{\"@type\":\"ImageObject\",\"inLanguage\":\"es\",\"@id\":\"https:\/\/cleanlaundry.com\/locations\/iowa\/oskaloosa\/104-n-g-street-oskaloosa-ia\/#primaryimage\",\"url\":\"https:\/\/cleanlaundry.com\/wp-content\/uploads\/2022\/02\/clean-laundry-coming-soon.jpg\",\"contentUrl\":\"https:\/\/cleanlaundry.com\/wp-content\/uploads\/2022\/02\/clean-laundry-coming-soon.jpg\",\"width\":600,\"height\":350,\"caption\":\"Clean Laundry coming soon!\"},{\"@type\":\"BreadcrumbList\",\"@id\":\"https:\/\/cleanlaundry.com\/locations\/iowa\/oskaloosa\/104-n-g-street-oskaloosa-ia\/#breadcrumb\",\"itemListElement\":[{\"@type\":\"ListItem\",\"position\":1,\"name\":\"Home\",\"item\":\"https:\/\/cleanlaundry.com\/\"},{\"@type\":\"ListItem\",\"position\":2,\"name\":\"All Clean Laundry Locations | Find a laundromat near you\",\"item\":\"https:\/\/cleanlaundry.com\/locations\/\"},{\"@type\":\"ListItem\",\"position\":3,\"name\":\"Laundromats in Iowa | Clean Laundry Locations Near You\",\"item\":\"https:\/\/cleanlaundry.com\/locations\/iowa\/\"},{\"@type\":\"ListItem\",\"position\":4,\"name\":\"Laundromats in Oskaloosa, Iowa | Clean Laundry Locations\",\"item\":\"https:\/\/cleanlaundry.com\/locations\/iowa\/oskaloosa\/\"},{\"@type\":\"ListItem\",\"position\":5,\"name\":\"104 N. G Street Oskaloosa, IA 52577\"}]},{\"@type\":\"WebSite\",\"@id\":\"https:\/\/cleanlaundry.com\/#website\",\"url\":\"https:\/\/cleanlaundry.com\/\",\"name\":\"Clean Laundry\",\"description\":\"Clean Laundry\",\"potentialAction\":[{\"@type\":\"SearchAction\",\"target\":{\"@type\":\"EntryPoint\",\"urlTemplate\":\"https:\/\/cleanlaundry.com\/?s={search_term_string}\"},\"query-input\":{\"@type\":\"PropertyValueSpecification\",\"valueRequired\":true,\"valueName\":\"search_term_string\"}}],\"inLanguage\":\"es\"}]}<\/script>\n<!-- \/ Yoast SEO plugin. -->","yoast_head_json":{"title":"Laundromat on N G Street in Oskaloosa, IA | Clean Laundry","description":"Clean Laundry on N. G Street is a modern laundromat with 1-hour wash & dry, free wifi, and 24\/7 surveillance. Coin & mobile payment options.","robots":{"index":"index","follow":"follow","max-snippet":"max-snippet:-1","max-image-preview":"max-image-preview:large","max-video-preview":"max-video-preview:-1"},"canonical":"https:\/\/cleanlaundry.com\/es\/locations\/iowa\/oskaloosa\/104-n-g-street-oskaloosa-ia\/","og_locale":"es_MX","og_type":"article","og_title":"Laundromat on N G Street in Oskaloosa, IA | Clean Laundry","og_description":"Clean Laundry on N. G Street is a modern laundromat with 1-hour wash & dry, free wifi, and 24\/7 surveillance. Coin & mobile payment options.","og_url":"https:\/\/cleanlaundry.com\/es\/locations\/iowa\/oskaloosa\/104-n-g-street-oskaloosa-ia\/","og_site_name":"Clean Laundry","article_modified_time":"2024-12-16T20:07:32+00:00","og_image":[{"width":600,"height":350,"url":"https:\/\/cleanlaundry.com\/wp-content\/uploads\/2022\/02\/clean-laundry-coming-soon.jpg","type":"image\/jpeg"}],"twitter_card":"summary_large_image","twitter_misc":{"Tiempo de lectura":"1 minuto"},"schema":{"@context":"https:\/\/schema.org","@graph":[{"@type":"WebPage","@id":"https:\/\/cleanlaundry.com\/locations\/iowa\/oskaloosa\/104-n-g-street-oskaloosa-ia\/","url":"https:\/\/cleanlaundry.com\/locations\/iowa\/oskaloosa\/104-n-g-street-oskaloosa-ia\/","name":"Laundromat on N G Street in Oskaloosa, IA | Clean Laundry","isPartOf":{"@id":"https:\/\/cleanlaundry.com\/#website"},"primaryImageOfPage":{"@id":"https:\/\/cleanlaundry.com\/locations\/iowa\/oskaloosa\/104-n-g-street-oskaloosa-ia\/#primaryimage"},"image":{"@id":"https:\/\/cleanlaundry.com\/locations\/iowa\/oskaloosa\/104-n-g-street-oskaloosa-ia\/#primaryimage"},"thumbnailUrl":"https:\/\/cleanlaundry.com\/wp-content\/uploads\/2022\/02\/clean-laundry-coming-soon.jpg","datePublished":"2022-03-24T18:25:36+00:00","dateModified":"2024-12-16T20:07:32+00:00","description":"Clean Laundry on N. G Street is a modern laundromat with 1-hour wash & dry, free wifi, and 24\/7 surveillance. Coin & mobile payment options.","breadcrumb":{"@id":"https:\/\/cleanlaundry.com\/locations\/iowa\/oskaloosa\/104-n-g-street-oskaloosa-ia\/#breadcrumb"},"inLanguage":"es","potentialAction":[{"@type":"ReadAction","target":["https:\/\/cleanlaundry.com\/locations\/iowa\/oskaloosa\/104-n-g-street-oskaloosa-ia\/"]}]},{"@type":"ImageObject","inLanguage":"es","@id":"https:\/\/cleanlaundry.com\/locations\/iowa\/oskaloosa\/104-n-g-street-oskaloosa-ia\/#primaryimage","url":"https:\/\/cleanlaundry.com\/wp-content\/uploads\/2022\/02\/clean-laundry-coming-soon.jpg","contentUrl":"https:\/\/cleanlaundry.com\/wp-content\/uploads\/2022\/02\/clean-laundry-coming-soon.jpg","width":600,"height":350,"caption":"Clean Laundry coming soon!"},{"@type":"BreadcrumbList","@id":"https:\/\/cleanlaundry.com\/locations\/iowa\/oskaloosa\/104-n-g-street-oskaloosa-ia\/#breadcrumb","itemListElement":[{"@type":"ListItem","position":1,"name":"Home","item":"https:\/\/cleanlaundry.com\/"},{"@type":"ListItem","position":2,"name":"All Clean Laundry Locations | Find a laundromat near you","item":"https:\/\/cleanlaundry.com\/locations\/"},{"@type":"ListItem","position":3,"name":"Laundromats in Iowa | Clean Laundry Locations Near You","item":"https:\/\/cleanlaundry.com\/locations\/iowa\/"},{"@type":"ListItem","position":4,"name":"Laundromats in Oskaloosa, Iowa | Clean Laundry Locations","item":"https:\/\/cleanlaundry.com\/locations\/iowa\/oskaloosa\/"},{"@type":"ListItem","position":5,"name":"104 N. G Street Oskaloosa, IA 52577"}]},{"@type":"WebSite","@id":"https:\/\/cleanlaundry.com\/#website","url":"https:\/\/cleanlaundry.com\/","name":"Ropa limpia","description":"Ropa limpia","potentialAction":[{"@type":"SearchAction","target":{"@type":"EntryPoint","urlTemplate":"https:\/\/cleanlaundry.com\/?s={search_term_string}"},"query-input":{"@type":"PropertyValueSpecification","valueRequired":true,"valueName":"search_term_string"}}],"inLanguage":"es"}]}},"_links":{"self":[{"href":"https:\/\/cleanlaundry.com\/es\/wp-json\/wp\/v2\/pages\/13512","targetHints":{"allow":["GET"]}}],"collection":[{"href":"https:\/\/cleanlaundry.com\/es\/wp-json\/wp\/v2\/pages"}],"about":[{"href":"https:\/\/cleanlaundry.com\/es\/wp-json\/wp\/v2\/types\/page"}],"author":[{"embeddable":true,"href":"https:\/\/cleanlaundry.com\/es\/wp-json\/wp\/v2\/users\/101027"}],"replies":[{"embeddable":true,"href":"https:\/\/cleanlaundry.com\/es\/wp-json\/wp\/v2\/comments?post=13512"}],"version-history":[{"count":14,"href":"https:\/\/cleanlaundry.com\/es\/wp-json\/wp\/v2\/pages\/13512\/revisions"}],"predecessor-version":[{"id":15169,"href":"https:\/\/cleanlaundry.com\/es\/wp-json\/wp\/v2\/pages\/13512\/revisions\/15169"}],"up":[{"embeddable":true,"href":"https:\/\/cleanlaundry.com\/es\/wp-json\/wp\/v2\/pages\/13509"}],"wp:featuredmedia":[{"embeddable":true,"href":"https:\/\/cleanlaundry.com\/es\/wp-json\/wp\/v2\/media\/13285"}],"wp:attachment":[{"href":"https:\/\/cleanlaundry.com\/es\/wp-json\/wp\/v2\/media?parent=13512"}],"curies":[{"name":"wp","href":"https:\/\/api.w.org\/{rel}","templated":true}]}}