{"id":13502,"date":"2022-03-24T12:52:14","date_gmt":"2022-03-24T17:52:14","guid":{"rendered":"https:\/\/cleanlaundry.com\/?page_id=13502"},"modified":"2025-11-12T09:18:47","modified_gmt":"2025-11-12T15:18:47","slug":"3593-e-main-street-whitehall-oh","status":"publish","type":"page","link":"https:\/\/cleanlaundry.com\/es\/locations\/ohio\/whitehall\/3593-e-main-street-whitehall-oh\/","title":{"rendered":"3593 East Main Street, Whitehall, OH 43213"},"content":{"rendered":"<h1>\u00a1Ahora abierto!<\/h1>\n<h1>Lavander\u00eda limpia en Whitehall, OH<\/h1>\n<h2>Una lavander\u00eda de calidad, moderna y limpia en E Main Street<\/h2>\n\t\t\t<a href=\"https:\/\/www.google.com\/maps\/place\/Clean+Laundry\/@39.9557519,-82.9038886,17z\/data=!4m13!1m7!3m6!1s0x8838629b879a1345:0x21053453c71ad126!2s3593+E+Main+St,+Columbus,+OH+43213!3b1!8m2!3d39.9557519!4d-82.9016999!3m4!1s0x883863a1e2537b6f:0xde1a009b9391b59d!8m2!3d39.9557519!4d-82.9016999\" target=\"_blank\" rel=\"noopener\">\n\t\t\t\t\t\t\tObtener las direcciones\n\t\t\t<\/a>\n\t<h4> <a href=\"https:\/\/www.google.com\/maps\/place\/Clean+Laundry\/@39.9557519,-82.9038886,17z\/data=!4m13!1m7!3m6!1s0x8838629b879a1345:0x21053453c71ad126!2s3593+E+Main+St,+Columbus,+OH+43213!3b1!8m2!3d39.9557519!4d-82.9016999!3m4!1s0x883863a1e2537b6f:0xde1a009b9391b59d!8m2!3d39.9557519!4d-82.9016999\" target=\"_blank\" rel=\"noopener\">3593 E Main Street, Whitehall, OH 43213<\/a><\/h4>\n\t<p><a href=\"tel:614-505-9226\">614-505-9226<\/a><\/p>\n <a href=\"mailto:store0034@cleanlaundry.com\">Env\u00edanos un correo electr\u00f3nico<\/a><br \/>\nAbierto las 24 horas<br \/>\n Huebsch Ubicaci\u00f3n: CL0034\n\t<h3>\u00a1Lavander\u00eda a monedas y mucho m\u00e1s!\u00a0<\/h3>\n<p>el sal\u00f3n blanco, <a href=\"https:\/\/cleanlaundry.com\/es\/locations\/ohio\/\">Lavander\u00eda limpia de Ohio<\/a> store opened on January 14th, 2023. This 2,000 sq. ft. laundromat is conveniently located on E Main Street. This laundromat is the perfect solution for busy families and anyone looking to get their laundry done fast and affordably.<\/p>\n\t\t\t\t<img loading=\"lazy\" decoding=\"async\" src=\"https:\/\/cleanlaundry.com\/wp-content\/uploads\/2023\/01\/MicrosoftTeams-image-27-scaled.jpg\" alt=\"MicrosoftTeams-image (27)\" itemprop=\"image\" height=\"1920\" width=\"2560\" title=\"MicrosoftTeams-image (27)\" onerror=\"this.style.display='none'\"  \/>\n\t<a href=\"https:\/\/www.google.com\/maps\/place\/Clean+Laundry\/@39.9557519,-82.9038886,17z\/data=!4m13!1m7!3m6!1s0x8838629b879a1345:0x21053453c71ad126!2s3593+E+Main+St,+Columbus,+OH+43213!3b1!8m2!3d39.9557519!4d-82.9016999!3m4!1s0x883863a1e2537b6f:0xde1a009b9391b59d!8m2!3d39.9557519!4d-82.9016999\" target=\"_blank\">\n        <h5>3593 E Main Street <\/h5>\n        <p>Whitehall, OH 43213 <\/p>\n        \n          <\/a><a href=\"https:\/\/www.google.com\/maps\/place\/Clean+Laundry\/@39.9557519,-82.9038886,17z\/data=!4m13!1m7!3m6!1s0x8838629b879a1345:0x21053453c71ad126!2s3593+E+Main+St,+Columbus,+OH+43213!3b1!8m2!3d39.9557519!4d-82.9016999!3m4!1s0x883863a1e2537b6f:0xde1a009b9391b59d!8m2!3d39.9557519!4d-82.9016999\" target=\"_blank\">mapas de Google <\/a> \n        \n \n\t\t\t\t<img loading=\"lazy\" decoding=\"async\" src=\"https:\/\/cleanlaundry.com\/wp-content\/uploads\/2022\/11\/CL-05.06-Nugget-Rewards-HB1-copy.png\" alt=\"CL-05.06-Nugget-Rewards-HB1 copy\" itemprop=\"image\" height=\"500\" width=\"500\" title=\"Copia CL-05.06-Nugget-Rewards-HB1\" onerror=\"this.style.display='none'\"  \/>\n\t<h2>Earn While You Wash<\/h2>\n<p>Laundry made smarter. Use our app to earn rewards and see which machines are open before you stop by!<\/p>\n<p><a href=\"https:\/\/cleanlaundry.com\/es\/mobile\/huebsch\/\">Descarga aqu\u00ed<\/a><\/p>\n<p>Location Pin Number: CL0034<\/p>\n\t\t\t\t<img loading=\"lazy\" decoding=\"async\" src=\"https:\/\/cleanlaundry.com\/wp-content\/uploads\/2025\/06\/CL-05.06-WDF_Page_1.jpg\" alt=\"CL-05.06-WDF_Page_1\" itemprop=\"image\" height=\"1389\" width=\"1389\" title=\"CL-05.06-WDF_Page_1\" onerror=\"this.style.display='none'\"  \/>\n\t<h2>Servicio de lavado, secado y plegado<\/h2>\n<p>\u00a1D\u00e9jenos lavar su ropa por usted!<\/p>\n<p>\u00a1Llame hoy para programar una entrega!<\/p>\n<p><a href=\"https:\/\/cleanlaundry.com\/es\/wash-dry-fold-service-in-whitehall\/\">APRENDE M\u00c1S<\/a><\/p>\n\t<iframe src=\"https:\/\/www.google.com\/maps\/embed\/v1\/place?q=Clean+Laundry%0A3593+E+Main+Street%2C%0AWhitehall%2C+Ohio+43213&#038;key=AIzaSyD09zQ9PNDNNy9TadMuzRV_UsPUoWKntt8\" aria-hidden=\"true\"><\/iframe>\n\t<h4>Descubra la diferencia Clean Laundry<\/h4>\n<p>Nuestras lavadoras y secadoras no son como las lavadoras y secadoras dom\u00e9sticas promedio. Son enormes lavadoras comerciales capaces de lavar <em><strong>hasta ocho cargas<\/strong><\/em> de una vez y secar en tan solo 20 minutos. Los sistemas de agua avanzados le proporcionan agua muy blanda, lo que significa ropa m\u00e1s limpia con menos detergente. Adem\u00e1s, cuando configura la lavadora en agua caliente, nos aseguramos de que est\u00e9 muy caliente para garantizar la mejor limpieza. <\/p>\n\t<div class=\"rpi\" style=\"\" data-id=\"14201\" data-opts='{&quot;layout&quot;:&quot;list&quot;,&quot;style_style&quot;:&quot;1&quot;,&quot;style_stars&quot;:&quot;1&quot;,&quot;style_ava&quot;:&quot;1&quot;,&quot;head_logo&quot;:&quot;1&quot;,&quot;style_logo&quot;:&quot;1&quot;,&quot;pagination&quot;:&quot;&quot;,&quot;text_size&quot;:&quot;&quot;,&quot;hide_avatar&quot;:&quot;&quot;,&quot;hide_name&quot;:&quot;&quot;,&quot;disable_review_time&quot;:&quot;&quot;,&quot;disable_user_link&quot;:&quot;&quot;,&quot;disable_google_link&quot;:&quot;&quot;,&quot;open_link&quot;:&quot;1&quot;,&quot;nofollow_link&quot;:&quot;1&quot;,&quot;lazy_load_img&quot;:&quot;1&quot;,&quot;time_format&quot;:&quot;&quot;,&quot;breakpoints&quot;:&quot;&quot;,&quot;reviewer_avatar_size&quot;:&quot;56&quot;,&quot;ajax_load&quot;:false,&quot;v2&quot;:false,&quot;trans&quot;:{&quot;read more&quot;:&quot;read more&quot;,&quot;review us on&quot;:&quot;review us on&quot;,&quot;See all reviews&quot;:&quot;See all reviews&quot;,&quot;More reviews&quot;:&quot;More reviews&quot;,&quot;Response from the owner&quot;:&quot;Response from the owner&quot;}}' data-exec=\"\"><div class=\"rpi-cnt rpi-col-m rpi-list\" data-opts='' style=\"visibility:var(--visible, hidden)\" ><\/div><\/div>","protected":false},"excerpt":{"rendered":"<p>Now Open! Clean Laundry in Whitehall, OH A quality, modern, and clean laundromat on E Main Street Get directions 3593 E Main Street, Whitehall, OH 43213 614-505-9226 Email us Open 24-Hours Huebsch Location: CL0034 Coin laundry and so much more!\u00a0 The Whitehall, Ohio Clean Laundry store opened on January 14th, 2023. This 2,000 sq. ft.&hellip;<\/p>","protected":false},"author":101027,"featured_media":14198,"parent":13536,"menu_order":0,"comment_status":"closed","ping_status":"closed","template":"","meta":{"footnotes":""},"class_list":["post-13502","page","type-page","status-publish","has-post-thumbnail","hentry"],"yoast_head":"<!-- This site is optimized with the Yoast SEO plugin v25.0 - https:\/\/yoast.com\/wordpress\/plugins\/seo\/ -->\n<title>Laundromat on E Main Street Whitehall, OH | Clean Laundry<\/title>\n<meta name=\"description\" content=\"Clean Laundry on E Main St, Whitehall is a modern laundromat with 1-hour wash &amp; dry, free wifi, and 24\/7 surveillance. Coin &amp; mobile payment options.\" \/>\n<meta name=\"robots\" content=\"index, follow, max-snippet:-1, max-image-preview:large, max-video-preview:-1\" \/>\n<link rel=\"canonical\" href=\"https:\/\/cleanlaundry.com\/es\/locations\/ohio\/whitehall\/3593-e-main-street-whitehall-oh\/\" \/>\n<meta property=\"og:locale\" content=\"es_MX\" \/>\n<meta property=\"og:type\" content=\"article\" \/>\n<meta property=\"og:title\" content=\"Laundromat on E Main Street Whitehall, OH | Clean Laundry\" \/>\n<meta property=\"og:description\" content=\"Clean Laundry on E Main St, Whitehall is a modern laundromat with 1-hour wash &amp; dry, free wifi, and 24\/7 surveillance. Coin &amp; mobile payment options.\" \/>\n<meta property=\"og:url\" content=\"https:\/\/cleanlaundry.com\/es\/locations\/ohio\/whitehall\/3593-e-main-street-whitehall-oh\/\" \/>\n<meta property=\"og:site_name\" content=\"Clean Laundry\" \/>\n<meta property=\"article:modified_time\" content=\"2025-11-12T15:18:47+00:00\" \/>\n<meta property=\"og:image\" content=\"https:\/\/cleanlaundry.com\/wp-content\/uploads\/2023\/01\/MicrosoftTeams-image-27-scaled.jpg\" \/>\n\t<meta property=\"og:image:width\" content=\"2560\" \/>\n\t<meta property=\"og:image:height\" content=\"1920\" \/>\n\t<meta property=\"og:image:type\" content=\"image\/jpeg\" \/>\n<meta name=\"twitter:card\" content=\"summary_large_image\" \/>\n<meta name=\"twitter:label1\" content=\"Tiempo de lectura\" \/>\n\t<meta name=\"twitter:data1\" content=\"3 minutos\" \/>\n<script type=\"application\/ld+json\" class=\"yoast-schema-graph\">{\"@context\":\"https:\/\/schema.org\",\"@graph\":[{\"@type\":\"WebPage\",\"@id\":\"https:\/\/cleanlaundry.com\/locations\/ohio\/whitehall\/3593-e-main-street-whitehall-oh\/\",\"url\":\"https:\/\/cleanlaundry.com\/locations\/ohio\/whitehall\/3593-e-main-street-whitehall-oh\/\",\"name\":\"Laundromat on E Main Street Whitehall, OH | Clean Laundry\",\"isPartOf\":{\"@id\":\"https:\/\/cleanlaundry.com\/#website\"},\"primaryImageOfPage\":{\"@id\":\"https:\/\/cleanlaundry.com\/locations\/ohio\/whitehall\/3593-e-main-street-whitehall-oh\/#primaryimage\"},\"image\":{\"@id\":\"https:\/\/cleanlaundry.com\/locations\/ohio\/whitehall\/3593-e-main-street-whitehall-oh\/#primaryimage\"},\"thumbnailUrl\":\"https:\/\/cleanlaundry.com\/wp-content\/uploads\/2023\/01\/MicrosoftTeams-image-27-scaled.jpg\",\"datePublished\":\"2022-03-24T17:52:14+00:00\",\"dateModified\":\"2025-11-12T15:18:47+00:00\",\"description\":\"Clean Laundry on E Main St, Whitehall is a modern laundromat with 1-hour wash & dry, free wifi, and 24\/7 surveillance. Coin & mobile payment options.\",\"breadcrumb\":{\"@id\":\"https:\/\/cleanlaundry.com\/locations\/ohio\/whitehall\/3593-e-main-street-whitehall-oh\/#breadcrumb\"},\"inLanguage\":\"es\",\"potentialAction\":[{\"@type\":\"ReadAction\",\"target\":[\"https:\/\/cleanlaundry.com\/locations\/ohio\/whitehall\/3593-e-main-street-whitehall-oh\/\"]}]},{\"@type\":\"ImageObject\",\"inLanguage\":\"es\",\"@id\":\"https:\/\/cleanlaundry.com\/locations\/ohio\/whitehall\/3593-e-main-street-whitehall-oh\/#primaryimage\",\"url\":\"https:\/\/cleanlaundry.com\/wp-content\/uploads\/2023\/01\/MicrosoftTeams-image-27-scaled.jpg\",\"contentUrl\":\"https:\/\/cleanlaundry.com\/wp-content\/uploads\/2023\/01\/MicrosoftTeams-image-27-scaled.jpg\",\"width\":2560,\"height\":1920},{\"@type\":\"BreadcrumbList\",\"@id\":\"https:\/\/cleanlaundry.com\/locations\/ohio\/whitehall\/3593-e-main-street-whitehall-oh\/#breadcrumb\",\"itemListElement\":[{\"@type\":\"ListItem\",\"position\":1,\"name\":\"Home\",\"item\":\"https:\/\/cleanlaundry.com\/\"},{\"@type\":\"ListItem\",\"position\":2,\"name\":\"All Clean Laundry Locations | Find a laundromat near you\",\"item\":\"https:\/\/cleanlaundry.com\/locations\/\"},{\"@type\":\"ListItem\",\"position\":3,\"name\":\"Laundromats in Ohio | Clean Laundry Locations Near You\",\"item\":\"https:\/\/cleanlaundry.com\/locations\/ohio\/\"},{\"@type\":\"ListItem\",\"position\":4,\"name\":\"Laundromats in Whitehall, Ohio | Clean Laundry Locations\",\"item\":\"https:\/\/cleanlaundry.com\/locations\/ohio\/whitehall\/\"},{\"@type\":\"ListItem\",\"position\":5,\"name\":\"3593 East Main Street, Whitehall, OH 43213\"}]},{\"@type\":\"WebSite\",\"@id\":\"https:\/\/cleanlaundry.com\/#website\",\"url\":\"https:\/\/cleanlaundry.com\/\",\"name\":\"Clean Laundry\",\"description\":\"Clean Laundry\",\"potentialAction\":[{\"@type\":\"SearchAction\",\"target\":{\"@type\":\"EntryPoint\",\"urlTemplate\":\"https:\/\/cleanlaundry.com\/?s={search_term_string}\"},\"query-input\":{\"@type\":\"PropertyValueSpecification\",\"valueRequired\":true,\"valueName\":\"search_term_string\"}}],\"inLanguage\":\"es\"}]}<\/script>\n<!-- \/ Yoast SEO plugin. -->","yoast_head_json":{"title":"Laundromat on E Main Street Whitehall, OH | Clean Laundry","description":"Clean Laundry on E Main St, Whitehall is a modern laundromat with 1-hour wash & dry, free wifi, and 24\/7 surveillance. Coin & mobile payment options.","robots":{"index":"index","follow":"follow","max-snippet":"max-snippet:-1","max-image-preview":"max-image-preview:large","max-video-preview":"max-video-preview:-1"},"canonical":"https:\/\/cleanlaundry.com\/es\/locations\/ohio\/whitehall\/3593-e-main-street-whitehall-oh\/","og_locale":"es_MX","og_type":"article","og_title":"Laundromat on E Main Street Whitehall, OH | Clean Laundry","og_description":"Clean Laundry on E Main St, Whitehall is a modern laundromat with 1-hour wash & dry, free wifi, and 24\/7 surveillance. Coin & mobile payment options.","og_url":"https:\/\/cleanlaundry.com\/es\/locations\/ohio\/whitehall\/3593-e-main-street-whitehall-oh\/","og_site_name":"Clean Laundry","article_modified_time":"2025-11-12T15:18:47+00:00","og_image":[{"width":2560,"height":1920,"url":"https:\/\/cleanlaundry.com\/wp-content\/uploads\/2023\/01\/MicrosoftTeams-image-27-scaled.jpg","type":"image\/jpeg"}],"twitter_card":"summary_large_image","twitter_misc":{"Tiempo de lectura":"3 minutos"},"schema":{"@context":"https:\/\/schema.org","@graph":[{"@type":"WebPage","@id":"https:\/\/cleanlaundry.com\/locations\/ohio\/whitehall\/3593-e-main-street-whitehall-oh\/","url":"https:\/\/cleanlaundry.com\/locations\/ohio\/whitehall\/3593-e-main-street-whitehall-oh\/","name":"Laundromat on E Main Street Whitehall, OH | Clean Laundry","isPartOf":{"@id":"https:\/\/cleanlaundry.com\/#website"},"primaryImageOfPage":{"@id":"https:\/\/cleanlaundry.com\/locations\/ohio\/whitehall\/3593-e-main-street-whitehall-oh\/#primaryimage"},"image":{"@id":"https:\/\/cleanlaundry.com\/locations\/ohio\/whitehall\/3593-e-main-street-whitehall-oh\/#primaryimage"},"thumbnailUrl":"https:\/\/cleanlaundry.com\/wp-content\/uploads\/2023\/01\/MicrosoftTeams-image-27-scaled.jpg","datePublished":"2022-03-24T17:52:14+00:00","dateModified":"2025-11-12T15:18:47+00:00","description":"Clean Laundry on E Main St, Whitehall is a modern laundromat with 1-hour wash & dry, free wifi, and 24\/7 surveillance. Coin & mobile payment options.","breadcrumb":{"@id":"https:\/\/cleanlaundry.com\/locations\/ohio\/whitehall\/3593-e-main-street-whitehall-oh\/#breadcrumb"},"inLanguage":"es","potentialAction":[{"@type":"ReadAction","target":["https:\/\/cleanlaundry.com\/locations\/ohio\/whitehall\/3593-e-main-street-whitehall-oh\/"]}]},{"@type":"ImageObject","inLanguage":"es","@id":"https:\/\/cleanlaundry.com\/locations\/ohio\/whitehall\/3593-e-main-street-whitehall-oh\/#primaryimage","url":"https:\/\/cleanlaundry.com\/wp-content\/uploads\/2023\/01\/MicrosoftTeams-image-27-scaled.jpg","contentUrl":"https:\/\/cleanlaundry.com\/wp-content\/uploads\/2023\/01\/MicrosoftTeams-image-27-scaled.jpg","width":2560,"height":1920},{"@type":"BreadcrumbList","@id":"https:\/\/cleanlaundry.com\/locations\/ohio\/whitehall\/3593-e-main-street-whitehall-oh\/#breadcrumb","itemListElement":[{"@type":"ListItem","position":1,"name":"Home","item":"https:\/\/cleanlaundry.com\/"},{"@type":"ListItem","position":2,"name":"All Clean Laundry Locations | Find a laundromat near you","item":"https:\/\/cleanlaundry.com\/locations\/"},{"@type":"ListItem","position":3,"name":"Laundromats in Ohio | Clean Laundry Locations Near You","item":"https:\/\/cleanlaundry.com\/locations\/ohio\/"},{"@type":"ListItem","position":4,"name":"Laundromats in Whitehall, Ohio | Clean Laundry Locations","item":"https:\/\/cleanlaundry.com\/locations\/ohio\/whitehall\/"},{"@type":"ListItem","position":5,"name":"3593 East Main Street, Whitehall, OH 43213"}]},{"@type":"WebSite","@id":"https:\/\/cleanlaundry.com\/#website","url":"https:\/\/cleanlaundry.com\/","name":"Ropa limpia","description":"Ropa limpia","potentialAction":[{"@type":"SearchAction","target":{"@type":"EntryPoint","urlTemplate":"https:\/\/cleanlaundry.com\/?s={search_term_string}"},"query-input":{"@type":"PropertyValueSpecification","valueRequired":true,"valueName":"search_term_string"}}],"inLanguage":"es"}]}},"_links":{"self":[{"href":"https:\/\/cleanlaundry.com\/es\/wp-json\/wp\/v2\/pages\/13502","targetHints":{"allow":["GET"]}}],"collection":[{"href":"https:\/\/cleanlaundry.com\/es\/wp-json\/wp\/v2\/pages"}],"about":[{"href":"https:\/\/cleanlaundry.com\/es\/wp-json\/wp\/v2\/types\/page"}],"author":[{"embeddable":true,"href":"https:\/\/cleanlaundry.com\/es\/wp-json\/wp\/v2\/users\/101027"}],"replies":[{"embeddable":true,"href":"https:\/\/cleanlaundry.com\/es\/wp-json\/wp\/v2\/comments?post=13502"}],"version-history":[{"count":23,"href":"https:\/\/cleanlaundry.com\/es\/wp-json\/wp\/v2\/pages\/13502\/revisions"}],"predecessor-version":[{"id":15289,"href":"https:\/\/cleanlaundry.com\/es\/wp-json\/wp\/v2\/pages\/13502\/revisions\/15289"}],"up":[{"embeddable":true,"href":"https:\/\/cleanlaundry.com\/es\/wp-json\/wp\/v2\/pages\/13536"}],"wp:featuredmedia":[{"embeddable":true,"href":"https:\/\/cleanlaundry.com\/es\/wp-json\/wp\/v2\/media\/14198"}],"wp:attachment":[{"href":"https:\/\/cleanlaundry.com\/es\/wp-json\/wp\/v2\/media?parent=13502"}],"curies":[{"name":"wp","href":"https:\/\/api.w.org\/{rel}","templated":true}]}}