{"id":13488,"date":"2022-03-24T12:04:15","date_gmt":"2022-03-24T17:04:15","guid":{"rendered":"https:\/\/cleanlaundry.com\/?page_id=13488"},"modified":"2025-11-12T09:12:37","modified_gmt":"2025-11-12T15:12:37","slug":"318-e-brown-road-mesa-az","status":"publish","type":"page","link":"https:\/\/cleanlaundry.com\/es\/locations\/arizona\/mesa\/318-e-brown-road-mesa-az\/","title":{"rendered":"318 E Brown Rd Mesa, AZ 85201"},"content":{"rendered":"<h1>\u00a1Ahora abierto! <\/h1>\n<h2>Lavander\u00eda limpia en Mesa, AZ<\/h2>\n<h2>Una lavander\u00eda de calidad, moderna y limpia en E Brown Road<\/h2>\n\t\t\t<a href=\"https:\/\/www.google.com\/maps\/place\/318+E+Brown+Rd,+Mesa,+AZ+85201\/@33.4363679,-111.8254179,17z\/data=!3m1!4b1!4m5!3m4!1s0x872ba7bad9813b0b:0x6577ab1cee37e05!8m2!3d33.4363679!4d-111.8232292\" target=\"_blank\" rel=\"noopener\">\n\t\t\t\t\t\t\tObtener las direcciones\n\t\t\t<\/a>\n\t<h4> <a href=\"https:\/\/www.google.com\/maps\/place\/318+E+Brown+Rd,+Mesa,+AZ+85201\/@33.4363679,-111.8254179,17z\/data=!3m1!4b1!4m5!3m4!1s0x872ba7bad9813b0b:0x6577ab1cee37e05!8m2!3d33.4363679!4d-111.8232292\" target=\"_blank\" rel=\"noopener\">318 E Brown Road Mesa, AZ 85201<\/a><\/h4>\n\t<p><a href=\"tel:480-618-5251\">480-618-5251<\/a><\/p>\n<a href=\"mailto:store0033@cleanlaundry.com\">Env\u00edanos un correo electr\u00f3nico<\/a><br \/>\n Horas: 7am - 10pm<br \/>\n ubicaci\u00f3n huebsch: CL0033\n\t<h3>\u00a1Lavander\u00eda sin monedas y mucho m\u00e1s!\u00a0<\/h3>\n<p>la Mesa, <a href=\"https:\/\/cleanlaundry.com\/es\/locations\/arizona\/\">Lavander\u00eda limpia de Arizona<\/a> opened in July 2023. This 2,600 sq. ft. laundromat is conveniently located on E Brown Road. This laundromat is the perfect solution for busy families and anyone looking to get their laundry done fast and affordably.<\/p>\n\t\t\t\t<img loading=\"lazy\" decoding=\"async\" src=\"https:\/\/cleanlaundry.com\/wp-content\/uploads\/2022\/11\/CL-05.06-Nugget-Rewards-HB1-copy.png\" alt=\"CL-05.06-Nugget-Rewards-HB1 copy\" itemprop=\"image\" height=\"500\" width=\"500\" title=\"Copia CL-05.06-Nugget-Rewards-HB1\" onerror=\"this.style.display='none'\"  \/>\n\t<h2>Earn While You Wash<\/h2>\n<p>Laundry made smarter. Use our app to earn rewards and see which machines are open before you stop by!<\/p>\n<p><a href=\"https:\/\/cleanlaundry.com\/es\/mobile\/huebsch\/\">Descarga aqu\u00ed<\/a><\/p>\n<p>Location Pin: CL0033<\/p>\n\t\t\t\t<img decoding=\"async\" src=\"https:\/\/cleanlaundry.com\/wp-content\/plugins\/bb-plugin\/img\/pixel.png\" alt=\"\" itemprop=\"image\" onerror=\"this.style.display='none'\"  \/>\n\t\t\t\t<img loading=\"lazy\" decoding=\"async\" src=\"https:\/\/cleanlaundry.com\/wp-content\/uploads\/2023\/07\/MicrosoftTeams-image-49-scaled.jpg\" alt=\"MicrosoftTeams-image (49)\" itemprop=\"image\" height=\"1920\" width=\"2560\" title=\"MicrosoftTeams-image (49)\" onerror=\"this.style.display='none'\"  \/>\n\t<a href=\"https:\/\/www.google.com\/maps\/place\/318+E+Brown+Rd,+Mesa,+AZ+85201\/@33.4363679,-111.8254179,17z\/data=!3m1!4b1!4m5!3m4!1s0x872ba7bad9813b0b:0x6577ab1cee37e05!8m2!3d33.4363679!4d-111.8232292\" target=\"_blank\">\n        <h5>318 E Brown Road<\/h5>\n        <p>Mesa, AZ 85201 <\/p>\n        \n          <\/a><a href=\"https:\/\/www.google.com\/maps\/place\/318+E+Brown+Rd,+Mesa,+AZ+85201\/@33.4363679,-111.8254179,17z\/data=!3m1!4b1!4m5!3m4!1s0x872ba7bad9813b0b:0x6577ab1cee37e05!8m2!3d33.4363679!4d-111.8232292\" target=\"_blank\">mapas de Google <\/a> \n        \n \n\t<iframe src=\"https:\/\/www.google.com\/maps\/embed\/v1\/place?q=Clean+Laundry%0A318+E+Brown+Rd%2C+Suite+101%0AMesa%2C+AZ+85201&#038;key=AIzaSyD09zQ9PNDNNy9TadMuzRV_UsPUoWKntt8\" aria-hidden=\"true\"><\/iframe>\n\t<h4>Descubra la diferencia Clean Laundry<\/h4>\n<p>Nuestras lavadoras y secadoras no son como las lavadoras y secadoras dom\u00e9sticas promedio. Son enormes lavadoras comerciales capaces de lavar <em><strong>hasta ocho cargas<\/strong><\/em> de una vez y secar en tan solo 20 minutos. Los sistemas de agua avanzados le proporcionan agua muy blanda, lo que significa ropa m\u00e1s limpia con menos detergente. Adem\u00e1s, cuando configura la lavadora en agua caliente, nos aseguramos de que est\u00e9 muy caliente para garantizar la mejor limpieza. <\/p>\n\t<div class=\"rpi\" style=\"\" data-id=\"14632\" data-opts='{&quot;layout&quot;:&quot;list&quot;,&quot;style_style&quot;:&quot;1&quot;,&quot;style_stars&quot;:&quot;1&quot;,&quot;style_ava&quot;:&quot;1&quot;,&quot;head_logo&quot;:&quot;1&quot;,&quot;style_logo&quot;:&quot;1&quot;,&quot;pagination&quot;:&quot;&quot;,&quot;text_size&quot;:&quot;&quot;,&quot;hide_avatar&quot;:&quot;&quot;,&quot;hide_name&quot;:&quot;&quot;,&quot;disable_review_time&quot;:&quot;&quot;,&quot;disable_user_link&quot;:&quot;&quot;,&quot;disable_google_link&quot;:&quot;&quot;,&quot;open_link&quot;:&quot;1&quot;,&quot;nofollow_link&quot;:&quot;1&quot;,&quot;lazy_load_img&quot;:&quot;1&quot;,&quot;time_format&quot;:&quot;&quot;,&quot;breakpoints&quot;:&quot;&quot;,&quot;reviewer_avatar_size&quot;:&quot;56&quot;,&quot;ajax_load&quot;:false,&quot;v2&quot;:false,&quot;trans&quot;:{&quot;read more&quot;:&quot;read more&quot;,&quot;review us on&quot;:&quot;review us on&quot;,&quot;See all reviews&quot;:&quot;See all reviews&quot;,&quot;More reviews&quot;:&quot;More reviews&quot;,&quot;Response from the owner&quot;:&quot;Response from the owner&quot;}}' data-exec=\"\"><div class=\"rpi-cnt rpi-col-m rpi-list\" data-opts='' style=\"visibility:var(--visible, hidden)\" ><\/div><\/div>\n\t\t\n\t\t\t<a href=\"https:\/\/cleanlaundry.com\/es\/locations\/arizona\/\" target=\"_self\">\n\t\t\t\t\t\tView all Locations in Arizona\n\t\t\t\t\t<\/a>","protected":false},"excerpt":{"rendered":"<p>Now Open! Clean Laundry in Mesa, AZ A quality, modern, and clean laundromat on E Brown Road Get directions 318 E Brown Road Mesa, AZ 85201 480-618-5251 Email us Hours: 7am &#8211; 10pm huebsch location: CL0033 Coinless laundry and so much more!\u00a0 The Mesa, Arizona Clean Laundry opened in July 2023. This 2,600 sq. ft.&hellip;<\/p>","protected":false},"author":101027,"featured_media":13285,"parent":13485,"menu_order":0,"comment_status":"closed","ping_status":"closed","template":"","meta":{"footnotes":""},"class_list":["post-13488","page","type-page","status-publish","has-post-thumbnail","hentry"],"yoast_head":"<!-- This site is optimized with the Yoast SEO plugin v25.0 - https:\/\/yoast.com\/wordpress\/plugins\/seo\/ -->\n<title>Laundromat on E Brown Rd in Mesa, AZ | Clean Laundry<\/title>\n<meta name=\"description\" content=\"Clean Laundry on E Brown Rd in Mesa is a modern laundromat with 1-hour wash &amp; dry, free wifi, and 24\/7 surveillance.\" \/>\n<meta name=\"robots\" content=\"index, follow, max-snippet:-1, max-image-preview:large, max-video-preview:-1\" \/>\n<link rel=\"canonical\" href=\"https:\/\/cleanlaundry.com\/es\/locations\/arizona\/mesa\/318-e-brown-road-mesa-az\/\" \/>\n<meta property=\"og:locale\" content=\"es_MX\" \/>\n<meta property=\"og:type\" content=\"article\" \/>\n<meta property=\"og:title\" content=\"Laundromat on E Brown Rd in Mesa, AZ | Clean Laundry\" \/>\n<meta property=\"og:description\" content=\"Clean Laundry on E Brown Rd in Mesa is a modern laundromat with 1-hour wash &amp; dry, free wifi, and 24\/7 surveillance.\" \/>\n<meta property=\"og:url\" content=\"https:\/\/cleanlaundry.com\/es\/locations\/arizona\/mesa\/318-e-brown-road-mesa-az\/\" \/>\n<meta property=\"og:site_name\" content=\"Clean Laundry\" \/>\n<meta property=\"article:modified_time\" content=\"2025-11-12T15:12:37+00:00\" \/>\n<meta property=\"og:image\" content=\"https:\/\/cleanlaundry.com\/wp-content\/uploads\/2022\/02\/clean-laundry-coming-soon.jpg\" \/>\n\t<meta property=\"og:image:width\" content=\"600\" \/>\n\t<meta property=\"og:image:height\" content=\"350\" \/>\n\t<meta property=\"og:image:type\" content=\"image\/jpeg\" \/>\n<meta name=\"twitter:card\" content=\"summary_large_image\" \/>\n<meta name=\"twitter:label1\" content=\"Tiempo de lectura\" \/>\n\t<meta name=\"twitter:data1\" content=\"1 minuto\" \/>\n<script type=\"application\/ld+json\" class=\"yoast-schema-graph\">{\"@context\":\"https:\/\/schema.org\",\"@graph\":[{\"@type\":\"WebPage\",\"@id\":\"https:\/\/cleanlaundry.com\/locations\/arizona\/mesa\/318-e-brown-road-mesa-az\/\",\"url\":\"https:\/\/cleanlaundry.com\/locations\/arizona\/mesa\/318-e-brown-road-mesa-az\/\",\"name\":\"Laundromat on E Brown Rd in Mesa, AZ | Clean Laundry\",\"isPartOf\":{\"@id\":\"https:\/\/cleanlaundry.com\/#website\"},\"primaryImageOfPage\":{\"@id\":\"https:\/\/cleanlaundry.com\/locations\/arizona\/mesa\/318-e-brown-road-mesa-az\/#primaryimage\"},\"image\":{\"@id\":\"https:\/\/cleanlaundry.com\/locations\/arizona\/mesa\/318-e-brown-road-mesa-az\/#primaryimage\"},\"thumbnailUrl\":\"https:\/\/cleanlaundry.com\/wp-content\/uploads\/2022\/02\/clean-laundry-coming-soon.jpg\",\"datePublished\":\"2022-03-24T17:04:15+00:00\",\"dateModified\":\"2025-11-12T15:12:37+00:00\",\"description\":\"Clean Laundry on E Brown Rd in Mesa is a modern laundromat with 1-hour wash & dry, free wifi, and 24\/7 surveillance.\",\"breadcrumb\":{\"@id\":\"https:\/\/cleanlaundry.com\/locations\/arizona\/mesa\/318-e-brown-road-mesa-az\/#breadcrumb\"},\"inLanguage\":\"es\",\"potentialAction\":[{\"@type\":\"ReadAction\",\"target\":[\"https:\/\/cleanlaundry.com\/locations\/arizona\/mesa\/318-e-brown-road-mesa-az\/\"]}]},{\"@type\":\"ImageObject\",\"inLanguage\":\"es\",\"@id\":\"https:\/\/cleanlaundry.com\/locations\/arizona\/mesa\/318-e-brown-road-mesa-az\/#primaryimage\",\"url\":\"https:\/\/cleanlaundry.com\/wp-content\/uploads\/2022\/02\/clean-laundry-coming-soon.jpg\",\"contentUrl\":\"https:\/\/cleanlaundry.com\/wp-content\/uploads\/2022\/02\/clean-laundry-coming-soon.jpg\",\"width\":600,\"height\":350,\"caption\":\"Clean Laundry coming soon!\"},{\"@type\":\"BreadcrumbList\",\"@id\":\"https:\/\/cleanlaundry.com\/locations\/arizona\/mesa\/318-e-brown-road-mesa-az\/#breadcrumb\",\"itemListElement\":[{\"@type\":\"ListItem\",\"position\":1,\"name\":\"Home\",\"item\":\"https:\/\/cleanlaundry.com\/\"},{\"@type\":\"ListItem\",\"position\":2,\"name\":\"All Clean Laundry Locations | Find a laundromat near you\",\"item\":\"https:\/\/cleanlaundry.com\/locations\/\"},{\"@type\":\"ListItem\",\"position\":3,\"name\":\"Laundromats in Arizona | Clean Laundry Locations Near You\",\"item\":\"https:\/\/cleanlaundry.com\/locations\/arizona\/\"},{\"@type\":\"ListItem\",\"position\":4,\"name\":\"Laundromats in Mesa, AZ | Clean Laundry Mesa Locations\",\"item\":\"https:\/\/cleanlaundry.com\/locations\/arizona\/mesa\/\"},{\"@type\":\"ListItem\",\"position\":5,\"name\":\"318 E Brown Rd Mesa, AZ 85201\"}]},{\"@type\":\"WebSite\",\"@id\":\"https:\/\/cleanlaundry.com\/#website\",\"url\":\"https:\/\/cleanlaundry.com\/\",\"name\":\"Clean Laundry\",\"description\":\"Clean Laundry\",\"potentialAction\":[{\"@type\":\"SearchAction\",\"target\":{\"@type\":\"EntryPoint\",\"urlTemplate\":\"https:\/\/cleanlaundry.com\/?s={search_term_string}\"},\"query-input\":{\"@type\":\"PropertyValueSpecification\",\"valueRequired\":true,\"valueName\":\"search_term_string\"}}],\"inLanguage\":\"es\"}]}<\/script>\n<!-- \/ Yoast SEO plugin. -->","yoast_head_json":{"title":"Laundromat on E Brown Rd in Mesa, AZ | Clean Laundry","description":"Clean Laundry on E Brown Rd in Mesa is a modern laundromat with 1-hour wash & dry, free wifi, and 24\/7 surveillance.","robots":{"index":"index","follow":"follow","max-snippet":"max-snippet:-1","max-image-preview":"max-image-preview:large","max-video-preview":"max-video-preview:-1"},"canonical":"https:\/\/cleanlaundry.com\/es\/locations\/arizona\/mesa\/318-e-brown-road-mesa-az\/","og_locale":"es_MX","og_type":"article","og_title":"Laundromat on E Brown Rd in Mesa, AZ | Clean Laundry","og_description":"Clean Laundry on E Brown Rd in Mesa is a modern laundromat with 1-hour wash & dry, free wifi, and 24\/7 surveillance.","og_url":"https:\/\/cleanlaundry.com\/es\/locations\/arizona\/mesa\/318-e-brown-road-mesa-az\/","og_site_name":"Clean Laundry","article_modified_time":"2025-11-12T15:12:37+00:00","og_image":[{"width":600,"height":350,"url":"https:\/\/cleanlaundry.com\/wp-content\/uploads\/2022\/02\/clean-laundry-coming-soon.jpg","type":"image\/jpeg"}],"twitter_card":"summary_large_image","twitter_misc":{"Tiempo de lectura":"1 minuto"},"schema":{"@context":"https:\/\/schema.org","@graph":[{"@type":"WebPage","@id":"https:\/\/cleanlaundry.com\/locations\/arizona\/mesa\/318-e-brown-road-mesa-az\/","url":"https:\/\/cleanlaundry.com\/locations\/arizona\/mesa\/318-e-brown-road-mesa-az\/","name":"Laundromat on E Brown Rd in Mesa, AZ | Clean Laundry","isPartOf":{"@id":"https:\/\/cleanlaundry.com\/#website"},"primaryImageOfPage":{"@id":"https:\/\/cleanlaundry.com\/locations\/arizona\/mesa\/318-e-brown-road-mesa-az\/#primaryimage"},"image":{"@id":"https:\/\/cleanlaundry.com\/locations\/arizona\/mesa\/318-e-brown-road-mesa-az\/#primaryimage"},"thumbnailUrl":"https:\/\/cleanlaundry.com\/wp-content\/uploads\/2022\/02\/clean-laundry-coming-soon.jpg","datePublished":"2022-03-24T17:04:15+00:00","dateModified":"2025-11-12T15:12:37+00:00","description":"Clean Laundry on E Brown Rd in Mesa is a modern laundromat with 1-hour wash & dry, free wifi, and 24\/7 surveillance.","breadcrumb":{"@id":"https:\/\/cleanlaundry.com\/locations\/arizona\/mesa\/318-e-brown-road-mesa-az\/#breadcrumb"},"inLanguage":"es","potentialAction":[{"@type":"ReadAction","target":["https:\/\/cleanlaundry.com\/locations\/arizona\/mesa\/318-e-brown-road-mesa-az\/"]}]},{"@type":"ImageObject","inLanguage":"es","@id":"https:\/\/cleanlaundry.com\/locations\/arizona\/mesa\/318-e-brown-road-mesa-az\/#primaryimage","url":"https:\/\/cleanlaundry.com\/wp-content\/uploads\/2022\/02\/clean-laundry-coming-soon.jpg","contentUrl":"https:\/\/cleanlaundry.com\/wp-content\/uploads\/2022\/02\/clean-laundry-coming-soon.jpg","width":600,"height":350,"caption":"Clean Laundry coming soon!"},{"@type":"BreadcrumbList","@id":"https:\/\/cleanlaundry.com\/locations\/arizona\/mesa\/318-e-brown-road-mesa-az\/#breadcrumb","itemListElement":[{"@type":"ListItem","position":1,"name":"Home","item":"https:\/\/cleanlaundry.com\/"},{"@type":"ListItem","position":2,"name":"All Clean Laundry Locations | Find a laundromat near you","item":"https:\/\/cleanlaundry.com\/locations\/"},{"@type":"ListItem","position":3,"name":"Laundromats in Arizona | Clean Laundry Locations Near You","item":"https:\/\/cleanlaundry.com\/locations\/arizona\/"},{"@type":"ListItem","position":4,"name":"Laundromats in Mesa, AZ | Clean Laundry Mesa Locations","item":"https:\/\/cleanlaundry.com\/locations\/arizona\/mesa\/"},{"@type":"ListItem","position":5,"name":"318 E Brown Rd Mesa, AZ 85201"}]},{"@type":"WebSite","@id":"https:\/\/cleanlaundry.com\/#website","url":"https:\/\/cleanlaundry.com\/","name":"Ropa limpia","description":"Ropa limpia","potentialAction":[{"@type":"SearchAction","target":{"@type":"EntryPoint","urlTemplate":"https:\/\/cleanlaundry.com\/?s={search_term_string}"},"query-input":{"@type":"PropertyValueSpecification","valueRequired":true,"valueName":"search_term_string"}}],"inLanguage":"es"}]}},"_links":{"self":[{"href":"https:\/\/cleanlaundry.com\/es\/wp-json\/wp\/v2\/pages\/13488","targetHints":{"allow":["GET"]}}],"collection":[{"href":"https:\/\/cleanlaundry.com\/es\/wp-json\/wp\/v2\/pages"}],"about":[{"href":"https:\/\/cleanlaundry.com\/es\/wp-json\/wp\/v2\/types\/page"}],"author":[{"embeddable":true,"href":"https:\/\/cleanlaundry.com\/es\/wp-json\/wp\/v2\/users\/101027"}],"replies":[{"embeddable":true,"href":"https:\/\/cleanlaundry.com\/es\/wp-json\/wp\/v2\/comments?post=13488"}],"version-history":[{"count":26,"href":"https:\/\/cleanlaundry.com\/es\/wp-json\/wp\/v2\/pages\/13488\/revisions"}],"predecessor-version":[{"id":15285,"href":"https:\/\/cleanlaundry.com\/es\/wp-json\/wp\/v2\/pages\/13488\/revisions\/15285"}],"up":[{"embeddable":true,"href":"https:\/\/cleanlaundry.com\/es\/wp-json\/wp\/v2\/pages\/13485"}],"wp:featuredmedia":[{"embeddable":true,"href":"https:\/\/cleanlaundry.com\/es\/wp-json\/wp\/v2\/media\/13285"}],"wp:attachment":[{"href":"https:\/\/cleanlaundry.com\/es\/wp-json\/wp\/v2\/media?parent=13488"}],"curies":[{"name":"wp","href":"https:\/\/api.w.org\/{rel}","templated":true}]}}