{"id":13485,"date":"2022-03-24T11:57:04","date_gmt":"2022-03-24T16:57:04","guid":{"rendered":"https:\/\/cleanlaundry.com\/?page_id=13485"},"modified":"2025-01-16T13:35:07","modified_gmt":"2025-01-16T19:35:07","slug":"mesa","status":"publish","type":"page","link":"https:\/\/cleanlaundry.com\/es\/locations\/arizona\/mesa\/","title":{"rendered":"Lavander\u00edas en Mesa, AZ | Ubicaciones de mesa de lavander\u00eda limpia"},"content":{"rendered":"<h1>\n\t\tLavander\u00edas en Mesa (Arizona)\n\t<\/h1>\n\t<p>Clean Laundry se enorgullece de ofrecer a los residentes de Mesa una lavander\u00eda limpia, c\u00f3moda y conveniente donde puede lavar grandes cantidades de ropa en muy poco tiempo.<\/p>\n<h3>\n\t\tDos ubicaciones\n\t<\/h3>\n\t\t\t\t<a href=\"https:\/\/cleanlaundry.com\/es\/locations\/arizona\/mesa\/318-e-brown-road-mesa-az\/\" target=\"_self\" itemprop=\"url\">\n\t\t\t\t<img loading=\"lazy\" decoding=\"async\" src=\"https:\/\/cleanlaundry.com\/wp-content\/uploads\/2023\/09\/CL33-05.01-Storefront-Mesa.jpg\" alt=\"Clean Laundry Mesa, AZ on Brown Rd.\" itemprop=\"image\" height=\"350\" width=\"600\" title=\"Clean Laundry Mesa, AZ on Brown Rd.\" onerror=\"this.style.display='none'\"  \/>\n\t\t\t\t<\/a>\n\t<h3><a href=\"https:\/\/cleanlaundry.com\/es\/locations\/arizona\/mesa\/318-e-brown-road-mesa-az\/\"><strong>Lavander\u00eda limpia en North Mesa<\/strong><\/a><\/h3>\n\t318 E. Brown Rd, Suite 102<br \/>\nMesa, AZ 85201\n\t\t\t<a href=\"https:\/\/cleanlaundry.com\/es\/locations\/arizona\/mesa\/318-e-brown-road-mesa-az\/\" target=\"_self\">\n\t\t\t\t\t\tP\u00e1gina de ubicaci\u00f3n\n\t\t\t\t\t<\/a>\n\t\t\t\t<a href=\"https:\/\/cleanlaundry.com\/es\/locations\/arizona\/mesa\/1130-s-country-club-drive-mesa-az\/\" target=\"_self\" itemprop=\"url\">\n\t\t\t\t<img loading=\"lazy\" decoding=\"async\" src=\"https:\/\/cleanlaundry.com\/wp-content\/uploads\/2023\/09\/CL27-05.01-Storefront-Mesa.jpg\" alt=\"Clean Laundry Mesa, AZ on S Country Club Dr.\" itemprop=\"image\" height=\"350\" width=\"600\" title=\"Clean Laundry Mesa, AZ on S Country Club Dr.\" onerror=\"this.style.display='none'\"  \/>\n\t\t\t\t<\/a>\n\t<h3><a href=\"https:\/\/cleanlaundry.com\/es\/locations\/arizona\/mesa\/1130-s-country-club-drive-mesa-az\/\"><strong>Lavander\u00eda limpia en South Mesa<\/strong><\/a><\/h3>\n\t1130 S. Country Club Road,<br \/>\nMesa, AZ 85210\n\t\t\t<a href=\"https:\/\/cleanlaundry.com\/es\/locations\/arizona\/mesa\/1130-s-country-club-drive-mesa-az\/\" target=\"_self\">\n\t\t\t\t\t\tP\u00e1gina de ubicaci\u00f3n\n\t\t\t\t\t<\/a>\n\t<iframe loading=\"lazy\" src=\"https:\/\/www.google.com\/maps\/d\/u\/0\/embed?mid=1ca2ywNvPxnmmMgdi7cctaqhZXfZVPryt&#038;ehbc=2E312F\" width=\"100%\" height=\"480\"><\/iframe>","protected":false},"excerpt":{"rendered":"<p>Lavander\u00edas en Mesa, Arizona Clean Laundry se enorgullece de ofrecer a los residentes de Mesa una lavander\u00eda limpia, c\u00f3moda y conveniente donde puede lavar grandes cantidades de ropa en muy poco tiempo. Dos ubicaciones North Mesa Clean Laundry 318 E. Brown Rd, Suite 102 Mesa, AZ 85201 P\u00e1gina de ubicaci\u00f3n South Mesa Clean Laundry 1130 S.\u2026<\/p>","protected":false},"author":101027,"featured_media":13285,"parent":9210,"menu_order":0,"comment_status":"closed","ping_status":"closed","template":"","meta":{"footnotes":""},"class_list":["post-13485","page","type-page","status-publish","has-post-thumbnail","hentry"],"yoast_head":"<!-- This site is optimized with the Yoast SEO plugin v25.0 - https:\/\/yoast.com\/wordpress\/plugins\/seo\/ -->\n<title>Laundromats in Mesa, AZ | Clean Laundry Locations<\/title>\n<meta name=\"description\" content=\"Clean Laundry is proud to offer Mesa laundromats that are fast, safe, and clean. Learn more and find the Mesa location nearest you.\" \/>\n<meta name=\"robots\" content=\"index, follow, max-snippet:-1, max-image-preview:large, max-video-preview:-1\" \/>\n<link rel=\"canonical\" href=\"https:\/\/cleanlaundry.com\/es\/locations\/arizona\/mesa\/\" \/>\n<meta property=\"og:locale\" content=\"es_MX\" \/>\n<meta property=\"og:type\" content=\"article\" \/>\n<meta property=\"og:title\" content=\"Laundromats in Mesa, AZ | Clean Laundry Locations\" \/>\n<meta property=\"og:description\" content=\"Clean Laundry is proud to offer Mesa laundromats that are fast, safe, and clean. Learn more and find the Mesa location nearest you.\" \/>\n<meta property=\"og:url\" content=\"https:\/\/cleanlaundry.com\/es\/locations\/arizona\/mesa\/\" \/>\n<meta property=\"og:site_name\" content=\"Clean Laundry\" \/>\n<meta property=\"article:modified_time\" content=\"2025-01-16T19:35:07+00:00\" \/>\n<meta property=\"og:image\" content=\"https:\/\/cleanlaundry.com\/wp-content\/uploads\/2022\/02\/clean-laundry-coming-soon.jpg\" \/>\n\t<meta property=\"og:image:width\" content=\"600\" \/>\n\t<meta property=\"og:image:height\" content=\"350\" \/>\n\t<meta property=\"og:image:type\" content=\"image\/jpeg\" \/>\n<meta name=\"twitter:card\" content=\"summary_large_image\" \/>\n<script type=\"application\/ld+json\" class=\"yoast-schema-graph\">{\"@context\":\"https:\/\/schema.org\",\"@graph\":[{\"@type\":\"WebPage\",\"@id\":\"https:\/\/cleanlaundry.com\/locations\/arizona\/mesa\/\",\"url\":\"https:\/\/cleanlaundry.com\/locations\/arizona\/mesa\/\",\"name\":\"Laundromats in Mesa, AZ | Clean Laundry Locations\",\"isPartOf\":{\"@id\":\"https:\/\/cleanlaundry.com\/#website\"},\"primaryImageOfPage\":{\"@id\":\"https:\/\/cleanlaundry.com\/locations\/arizona\/mesa\/#primaryimage\"},\"image\":{\"@id\":\"https:\/\/cleanlaundry.com\/locations\/arizona\/mesa\/#primaryimage\"},\"thumbnailUrl\":\"https:\/\/cleanlaundry.com\/wp-content\/uploads\/2022\/02\/clean-laundry-coming-soon.jpg\",\"datePublished\":\"2022-03-24T16:57:04+00:00\",\"dateModified\":\"2025-01-16T19:35:07+00:00\",\"description\":\"Clean Laundry is proud to offer Mesa laundromats that are fast, safe, and clean. Learn more and find the Mesa location nearest you.\",\"breadcrumb\":{\"@id\":\"https:\/\/cleanlaundry.com\/locations\/arizona\/mesa\/#breadcrumb\"},\"inLanguage\":\"es\",\"potentialAction\":[{\"@type\":\"ReadAction\",\"target\":[\"https:\/\/cleanlaundry.com\/locations\/arizona\/mesa\/\"]}]},{\"@type\":\"ImageObject\",\"inLanguage\":\"es\",\"@id\":\"https:\/\/cleanlaundry.com\/locations\/arizona\/mesa\/#primaryimage\",\"url\":\"https:\/\/cleanlaundry.com\/wp-content\/uploads\/2022\/02\/clean-laundry-coming-soon.jpg\",\"contentUrl\":\"https:\/\/cleanlaundry.com\/wp-content\/uploads\/2022\/02\/clean-laundry-coming-soon.jpg\",\"width\":600,\"height\":350,\"caption\":\"Clean Laundry coming soon!\"},{\"@type\":\"BreadcrumbList\",\"@id\":\"https:\/\/cleanlaundry.com\/locations\/arizona\/mesa\/#breadcrumb\",\"itemListElement\":[{\"@type\":\"ListItem\",\"position\":1,\"name\":\"Home\",\"item\":\"https:\/\/cleanlaundry.com\/\"},{\"@type\":\"ListItem\",\"position\":2,\"name\":\"All Clean Laundry Locations | Find a laundromat near you\",\"item\":\"https:\/\/cleanlaundry.com\/locations\/\"},{\"@type\":\"ListItem\",\"position\":3,\"name\":\"Laundromats in Arizona | Clean Laundry Locations Near You\",\"item\":\"https:\/\/cleanlaundry.com\/locations\/arizona\/\"},{\"@type\":\"ListItem\",\"position\":4,\"name\":\"Laundromats in Mesa, AZ | Clean Laundry Mesa Locations\"}]},{\"@type\":\"WebSite\",\"@id\":\"https:\/\/cleanlaundry.com\/#website\",\"url\":\"https:\/\/cleanlaundry.com\/\",\"name\":\"Clean Laundry\",\"description\":\"Clean Laundry\",\"potentialAction\":[{\"@type\":\"SearchAction\",\"target\":{\"@type\":\"EntryPoint\",\"urlTemplate\":\"https:\/\/cleanlaundry.com\/?s={search_term_string}\"},\"query-input\":{\"@type\":\"PropertyValueSpecification\",\"valueRequired\":true,\"valueName\":\"search_term_string\"}}],\"inLanguage\":\"es\"}]}<\/script>\n<!-- \/ Yoast SEO plugin. -->","yoast_head_json":{"title":"Laundromats in Mesa, AZ | Clean Laundry Locations","description":"Clean Laundry is proud to offer Mesa laundromats that are fast, safe, and clean. Learn more and find the Mesa location nearest you.","robots":{"index":"index","follow":"follow","max-snippet":"max-snippet:-1","max-image-preview":"max-image-preview:large","max-video-preview":"max-video-preview:-1"},"canonical":"https:\/\/cleanlaundry.com\/es\/locations\/arizona\/mesa\/","og_locale":"es_MX","og_type":"article","og_title":"Laundromats in Mesa, AZ | Clean Laundry Locations","og_description":"Clean Laundry is proud to offer Mesa laundromats that are fast, safe, and clean. Learn more and find the Mesa location nearest you.","og_url":"https:\/\/cleanlaundry.com\/es\/locations\/arizona\/mesa\/","og_site_name":"Clean Laundry","article_modified_time":"2025-01-16T19:35:07+00:00","og_image":[{"width":600,"height":350,"url":"https:\/\/cleanlaundry.com\/wp-content\/uploads\/2022\/02\/clean-laundry-coming-soon.jpg","type":"image\/jpeg"}],"twitter_card":"summary_large_image","schema":{"@context":"https:\/\/schema.org","@graph":[{"@type":"WebPage","@id":"https:\/\/cleanlaundry.com\/locations\/arizona\/mesa\/","url":"https:\/\/cleanlaundry.com\/locations\/arizona\/mesa\/","name":"Laundromats in Mesa, AZ | Clean Laundry Locations","isPartOf":{"@id":"https:\/\/cleanlaundry.com\/#website"},"primaryImageOfPage":{"@id":"https:\/\/cleanlaundry.com\/locations\/arizona\/mesa\/#primaryimage"},"image":{"@id":"https:\/\/cleanlaundry.com\/locations\/arizona\/mesa\/#primaryimage"},"thumbnailUrl":"https:\/\/cleanlaundry.com\/wp-content\/uploads\/2022\/02\/clean-laundry-coming-soon.jpg","datePublished":"2022-03-24T16:57:04+00:00","dateModified":"2025-01-16T19:35:07+00:00","description":"Clean Laundry is proud to offer Mesa laundromats that are fast, safe, and clean. Learn more and find the Mesa location nearest you.","breadcrumb":{"@id":"https:\/\/cleanlaundry.com\/locations\/arizona\/mesa\/#breadcrumb"},"inLanguage":"es","potentialAction":[{"@type":"ReadAction","target":["https:\/\/cleanlaundry.com\/locations\/arizona\/mesa\/"]}]},{"@type":"ImageObject","inLanguage":"es","@id":"https:\/\/cleanlaundry.com\/locations\/arizona\/mesa\/#primaryimage","url":"https:\/\/cleanlaundry.com\/wp-content\/uploads\/2022\/02\/clean-laundry-coming-soon.jpg","contentUrl":"https:\/\/cleanlaundry.com\/wp-content\/uploads\/2022\/02\/clean-laundry-coming-soon.jpg","width":600,"height":350,"caption":"Clean Laundry coming soon!"},{"@type":"BreadcrumbList","@id":"https:\/\/cleanlaundry.com\/locations\/arizona\/mesa\/#breadcrumb","itemListElement":[{"@type":"ListItem","position":1,"name":"Home","item":"https:\/\/cleanlaundry.com\/"},{"@type":"ListItem","position":2,"name":"All Clean Laundry Locations | Find a laundromat near you","item":"https:\/\/cleanlaundry.com\/locations\/"},{"@type":"ListItem","position":3,"name":"Laundromats in Arizona | Clean Laundry Locations Near You","item":"https:\/\/cleanlaundry.com\/locations\/arizona\/"},{"@type":"ListItem","position":4,"name":"Laundromats in Mesa, AZ | Clean Laundry Mesa Locations"}]},{"@type":"WebSite","@id":"https:\/\/cleanlaundry.com\/#website","url":"https:\/\/cleanlaundry.com\/","name":"Ropa limpia","description":"Ropa limpia","potentialAction":[{"@type":"SearchAction","target":{"@type":"EntryPoint","urlTemplate":"https:\/\/cleanlaundry.com\/?s={search_term_string}"},"query-input":{"@type":"PropertyValueSpecification","valueRequired":true,"valueName":"search_term_string"}}],"inLanguage":"es"}]}},"_links":{"self":[{"href":"https:\/\/cleanlaundry.com\/es\/wp-json\/wp\/v2\/pages\/13485","targetHints":{"allow":["GET"]}}],"collection":[{"href":"https:\/\/cleanlaundry.com\/es\/wp-json\/wp\/v2\/pages"}],"about":[{"href":"https:\/\/cleanlaundry.com\/es\/wp-json\/wp\/v2\/types\/page"}],"author":[{"embeddable":true,"href":"https:\/\/cleanlaundry.com\/es\/wp-json\/wp\/v2\/users\/101027"}],"replies":[{"embeddable":true,"href":"https:\/\/cleanlaundry.com\/es\/wp-json\/wp\/v2\/comments?post=13485"}],"version-history":[{"count":31,"href":"https:\/\/cleanlaundry.com\/es\/wp-json\/wp\/v2\/pages\/13485\/revisions"}],"predecessor-version":[{"id":15174,"href":"https:\/\/cleanlaundry.com\/es\/wp-json\/wp\/v2\/pages\/13485\/revisions\/15174"}],"up":[{"embeddable":true,"href":"https:\/\/cleanlaundry.com\/es\/wp-json\/wp\/v2\/pages\/9210"}],"wp:featuredmedia":[{"embeddable":true,"href":"https:\/\/cleanlaundry.com\/es\/wp-json\/wp\/v2\/media\/13285"}],"wp:attachment":[{"href":"https:\/\/cleanlaundry.com\/es\/wp-json\/wp\/v2\/media?parent=13485"}],"curies":[{"name":"wp","href":"https:\/\/api.w.org\/{rel}","templated":true}]}}