{"id":13478,"date":"2022-03-24T11:21:41","date_gmt":"2022-03-24T16:21:41","guid":{"rendered":"https:\/\/cleanlaundry.com\/?page_id=13478"},"modified":"2024-12-16T14:04:00","modified_gmt":"2024-12-16T20:04:00","slug":"2819-3rd-ave-s-fort-dodge-ia","status":"publish","type":"page","link":"https:\/\/cleanlaundry.com\/es\/locations\/iowa\/fort-dodge\/2819-3rd-ave-s-fort-dodge-ia\/","title":{"rendered":"2819 3rd Ave S. Fort Dodge, IA 50501"},"content":{"rendered":"<h1>Lavander\u00eda limpia en Fort Dodge, IA<\/h1>\n<h2>Una lavander\u00eda de calidad, moderna y limpia en 3rd Ave S<\/h2>\n<h2>\u00a1Ahora abierto!<\/h2>\n\t\t\t<a href=\"https:\/\/www.google.com\/maps\/place\/Clean+Laundry\/@42.5023859,-94.1585318,17z\/data=!3m1!4b1!4m5!3m4!1s0x0:0x22924791b7d46a38!8m2!3d42.5023859!4d-94.1585318\" target=\"_blank\" rel=\"noopener\">\n\t\t\t\t\t\t\tObtener las direcciones\n\t\t\t<\/a>\n\t<h4> <a href=\"https:\/\/www.google.com\/maps\/place\/2817+3rd+Ave+S,+Fort+Dodge,+IA+50501\/@42.5031512,-94.1715984,17z\/data=!3m1!4b1!4m5!3m4!1s0x87f2766844868a45:0x3ca9bf4535722b38!8m2!3d42.5031512!4d-94.1694097\" target=\"_blank\" rel=\"noopener\">2819 3rd Ave S., Fort Dodge, IA 50501<\/a><\/h4>\n\t<p><a href=\"tel:515-516-0429\">515-516-0429<\/a><\/p>\n <a href=\"mailto:store0031@cleanlaundry.com\">Env\u00edanos un correo electr\u00f3nico<\/a><br \/>\n Horario: 5am \u2013 10pm<br \/>\n Huebsch Ubicaci\u00f3n: CL0031\n\t<h3>\u00a1Lavander\u00eda a monedas y mucho m\u00e1s!\u00a0<\/h3>\n<p>el fuerte dodge, <a href=\"https:\/\/cleanlaundry.com\/es\/locations\/iowa\/\">Lavander\u00eda limpia de Iowa<\/a> La tienda abri\u00f3 en agosto de 2022. Esta lavander\u00eda de 2,500 pies cuadrados est\u00e1 convenientemente ubicada en 3rd Avenue S. Esta lavander\u00eda es la soluci\u00f3n perfecta para familias ocupadas y cualquiera que busque lavar su ropa de manera r\u00e1pida y econ\u00f3mica.<\/p>\n<p>Multiple payment options available: credit\/debit card, Apple and Google Pay, Huebsch app, and cash.<\/p>\n\t\t\t\t<img loading=\"lazy\" decoding=\"async\" src=\"https:\/\/cleanlaundry.com\/wp-content\/uploads\/2023\/01\/store-front-scaled.jpg\" alt=\"store front\" itemprop=\"image\" height=\"1656\" width=\"2560\" title=\"store front\" onerror=\"this.style.display='none'\"  \/>\n\t<a href=\"https:\/\/www.google.com\/maps\/place\/2819+3rd+Ave+S,+Fort+Dodge,+IA+50501\/@42.5031512,-94.1715984,17z\/data=!3m1!4b1!4m5!3m4!1s0x87f2766844868a45:0x3ca9bf4535722b38!8m2!3d42.5031512!4d-94.1694097\" target=\"_blank\">\n        <h5>2819 3rd Ave S.<\/h5>\n        <p>Fuerte Dodge, IA 50501 <\/p>\n        \n          <\/a><a href=\"https:\/\/www.google.com\/maps\/place\/2819+3rd+Ave+S,+Fort+Dodge,+IA+50501\/@42.5031512,-94.1715984,17z\/data=!3m1!4b1!4m5!3m4!1s0x87f2766844868a45:0x3ca9bf4535722b38!8m2!3d42.5031512!4d-94.1694097\" target=\"_blank\">mapas de Google <\/a> \n        \n \n\t\t\t\t<img loading=\"lazy\" decoding=\"async\" src=\"https:\/\/cleanlaundry.com\/wp-content\/uploads\/2021\/12\/CL-05.06-Nugget-10credit@0.5x.png\" alt=\"CL-05.06-Nugget-10credit@0.5x\" itemprop=\"image\" height=\"500\" width=\"500\" title=\"CL-05.06-Nugget-10credit@0.5x\" onerror=\"this.style.display='none'\"  \/>\n\t<h2>\u00a1$10 de cr\u00e9dito cuando te registras en nuestra aplicaci\u00f3n!<\/h2>\n<p>Descargue nuestra aplicaci\u00f3n Huebsch y obtenga $10 de cr\u00e9dito.<\/p>\n<p>Benefits of the app include earning rewards, credits, and checking the status of machines before arriving!<\/p>\n<p>Download the app follow setup instructions, add in location pin to earn enrollment credit.<\/p>\n<p>Pin de ubicaci\u00f3n: CL0031<\/p>\n\t\t\t\t<img loading=\"lazy\" decoding=\"async\" src=\"https:\/\/cleanlaundry.com\/wp-content\/uploads\/2022\/11\/CL-05.06-Nugget-Rewards-HB1-copy.png\" alt=\"CL-05.06-Nugget-Rewards-HB1 copy\" itemprop=\"image\" height=\"500\" width=\"500\" title=\"Copia CL-05.06-Nugget-Rewards-HB1\" onerror=\"this.style.display='none'\"  \/>\n\t<h2>\u00a1Ser recompensado!<\/h2>\n<h2>Obtenga 1 punto por cada d\u00f3lar que gaste a trav\u00e9s de nuestra aplicaci\u00f3n Huebsch. \u00a1Alcance 100 puntos y reciba $10 en cr\u00e9dito!<\/h2>\n\t<iframe src=\"https:\/\/www.google.com\/maps\/embed\/v1\/place?q=Clean+Laundry%0A2819+3rd+Ave+S%2C%0AFort+Dodge%2C+Iowa+50501&#038;key=AIzaSyD09zQ9PNDNNy9TadMuzRV_UsPUoWKntt8\" aria-hidden=\"true\"><\/iframe>\n\t<h4>Descubra la diferencia Clean Laundry<\/h4>\n<p>Nuestras lavadoras y secadoras no son como las lavadoras y secadoras dom\u00e9sticas promedio. Son enormes lavadoras comerciales capaces de lavar <em><strong>hasta ocho cargas<\/strong><\/em> de una vez y secar en tan solo 20 minutos. Los sistemas de agua avanzados le proporcionan agua muy blanda, lo que significa ropa m\u00e1s limpia con menos detergente. Adem\u00e1s, cuando configura la lavadora en agua caliente, nos aseguramos de que est\u00e9 muy caliente para garantizar la mejor limpieza. <\/p>\n\t<div class=\"rpi\" style=\"\" data-id=\"13997\" data-opts='{&quot;layout&quot;:&quot;list&quot;,&quot;style_style&quot;:&quot;1&quot;,&quot;style_stars&quot;:&quot;1&quot;,&quot;style_ava&quot;:&quot;1&quot;,&quot;head_logo&quot;:&quot;1&quot;,&quot;style_logo&quot;:&quot;1&quot;,&quot;pagination&quot;:&quot;&quot;,&quot;text_size&quot;:&quot;&quot;,&quot;hide_avatar&quot;:&quot;&quot;,&quot;hide_name&quot;:&quot;&quot;,&quot;disable_review_time&quot;:&quot;&quot;,&quot;disable_user_link&quot;:&quot;&quot;,&quot;disable_google_link&quot;:&quot;&quot;,&quot;open_link&quot;:&quot;1&quot;,&quot;nofollow_link&quot;:&quot;1&quot;,&quot;lazy_load_img&quot;:&quot;1&quot;,&quot;time_format&quot;:&quot;&quot;,&quot;breakpoints&quot;:&quot;&quot;,&quot;reviewer_avatar_size&quot;:&quot;56&quot;,&quot;ajax_load&quot;:false,&quot;v2&quot;:false,&quot;trans&quot;:{&quot;read more&quot;:&quot;read more&quot;,&quot;review us on&quot;:&quot;review us on&quot;,&quot;See all reviews&quot;:&quot;See all reviews&quot;,&quot;More reviews&quot;:&quot;More reviews&quot;,&quot;Response from the owner&quot;:&quot;Response from the owner&quot;}}' data-exec=\"\"><div class=\"rpi-cnt rpi-col-m rpi-list\" data-opts='' style=\"visibility:var(--visible, hidden)\" ><\/div><\/div>","protected":false},"excerpt":{"rendered":"<p>Clean Laundry in Fort Dodge, IA A quality, modern, and clean laundromat on 3rd Ave S Now Open! Get directions 2819 3rd Ave S., Fort Dodge, IA 50501 515-516-0429 Email us Hours: 5am &#8211; 10pm Huebsch Location: CL0031 Coin laundry and so much more!\u00a0 The Fort Dodge, Iowa Clean Laundry store opened in August of&hellip;<\/p>","protected":false},"author":101027,"featured_media":14000,"parent":12720,"menu_order":0,"comment_status":"closed","ping_status":"closed","template":"","meta":{"footnotes":""},"class_list":["post-13478","page","type-page","status-publish","has-post-thumbnail","hentry"],"yoast_head":"<!-- This site is optimized with the Yoast SEO plugin v25.0 - https:\/\/yoast.com\/wordpress\/plugins\/seo\/ -->\n<title>Laundromat on 3rd Ave in Fort Dodge, IA | Clean Laundry<\/title>\n<meta name=\"description\" content=\"Clean Laundry on 3rd Ave, Fort Dodge is a modern laundromat with 1-hour wash &amp; dry, free wifi, and 24\/7 surveillance. Coin &amp; mobile payment options.\" \/>\n<meta name=\"robots\" content=\"index, follow, max-snippet:-1, max-image-preview:large, max-video-preview:-1\" \/>\n<link rel=\"canonical\" href=\"https:\/\/cleanlaundry.com\/es\/locations\/iowa\/fort-dodge\/2819-3rd-ave-s-fort-dodge-ia\/\" \/>\n<meta property=\"og:locale\" content=\"es_MX\" \/>\n<meta property=\"og:type\" content=\"article\" \/>\n<meta property=\"og:title\" content=\"Laundromat on 3rd Ave in Fort Dodge, IA | Clean Laundry\" \/>\n<meta property=\"og:description\" content=\"Clean Laundry on 3rd Ave, Fort Dodge is a modern laundromat with 1-hour wash &amp; dry, free wifi, and 24\/7 surveillance. Coin &amp; mobile payment options.\" \/>\n<meta property=\"og:url\" content=\"https:\/\/cleanlaundry.com\/es\/locations\/iowa\/fort-dodge\/2819-3rd-ave-s-fort-dodge-ia\/\" \/>\n<meta property=\"og:site_name\" content=\"Clean Laundry\" \/>\n<meta property=\"article:modified_time\" content=\"2024-12-16T20:04:00+00:00\" \/>\n<meta property=\"og:image\" content=\"https:\/\/cleanlaundry.com\/wp-content\/uploads\/2022\/08\/IMG_1628-scaled.jpeg\" \/>\n\t<meta property=\"og:image:width\" content=\"2560\" \/>\n\t<meta property=\"og:image:height\" content=\"1920\" \/>\n\t<meta property=\"og:image:type\" content=\"image\/jpeg\" \/>\n<meta name=\"twitter:card\" content=\"summary_large_image\" \/>\n<meta name=\"twitter:label1\" content=\"Tiempo de lectura\" \/>\n\t<meta name=\"twitter:data1\" content=\"3 minutos\" \/>\n<script type=\"application\/ld+json\" class=\"yoast-schema-graph\">{\"@context\":\"https:\/\/schema.org\",\"@graph\":[{\"@type\":\"WebPage\",\"@id\":\"https:\/\/cleanlaundry.com\/locations\/iowa\/fort-dodge\/2819-3rd-ave-s-fort-dodge-ia\/\",\"url\":\"https:\/\/cleanlaundry.com\/locations\/iowa\/fort-dodge\/2819-3rd-ave-s-fort-dodge-ia\/\",\"name\":\"Laundromat on 3rd Ave in Fort Dodge, IA | Clean Laundry\",\"isPartOf\":{\"@id\":\"https:\/\/cleanlaundry.com\/#website\"},\"primaryImageOfPage\":{\"@id\":\"https:\/\/cleanlaundry.com\/locations\/iowa\/fort-dodge\/2819-3rd-ave-s-fort-dodge-ia\/#primaryimage\"},\"image\":{\"@id\":\"https:\/\/cleanlaundry.com\/locations\/iowa\/fort-dodge\/2819-3rd-ave-s-fort-dodge-ia\/#primaryimage\"},\"thumbnailUrl\":\"https:\/\/cleanlaundry.com\/wp-content\/uploads\/2022\/08\/IMG_1628-scaled.jpeg\",\"datePublished\":\"2022-03-24T16:21:41+00:00\",\"dateModified\":\"2024-12-16T20:04:00+00:00\",\"description\":\"Clean Laundry on 3rd Ave, Fort Dodge is a modern laundromat with 1-hour wash & dry, free wifi, and 24\/7 surveillance. Coin & mobile payment options.\",\"breadcrumb\":{\"@id\":\"https:\/\/cleanlaundry.com\/locations\/iowa\/fort-dodge\/2819-3rd-ave-s-fort-dodge-ia\/#breadcrumb\"},\"inLanguage\":\"es\",\"potentialAction\":[{\"@type\":\"ReadAction\",\"target\":[\"https:\/\/cleanlaundry.com\/locations\/iowa\/fort-dodge\/2819-3rd-ave-s-fort-dodge-ia\/\"]}]},{\"@type\":\"ImageObject\",\"inLanguage\":\"es\",\"@id\":\"https:\/\/cleanlaundry.com\/locations\/iowa\/fort-dodge\/2819-3rd-ave-s-fort-dodge-ia\/#primaryimage\",\"url\":\"https:\/\/cleanlaundry.com\/wp-content\/uploads\/2022\/08\/IMG_1628-scaled.jpeg\",\"contentUrl\":\"https:\/\/cleanlaundry.com\/wp-content\/uploads\/2022\/08\/IMG_1628-scaled.jpeg\",\"width\":2560,\"height\":1920},{\"@type\":\"BreadcrumbList\",\"@id\":\"https:\/\/cleanlaundry.com\/locations\/iowa\/fort-dodge\/2819-3rd-ave-s-fort-dodge-ia\/#breadcrumb\",\"itemListElement\":[{\"@type\":\"ListItem\",\"position\":1,\"name\":\"Home\",\"item\":\"https:\/\/cleanlaundry.com\/\"},{\"@type\":\"ListItem\",\"position\":2,\"name\":\"All Clean Laundry Locations | Find a laundromat near you\",\"item\":\"https:\/\/cleanlaundry.com\/locations\/\"},{\"@type\":\"ListItem\",\"position\":3,\"name\":\"Laundromats in Iowa | Clean Laundry Locations Near You\",\"item\":\"https:\/\/cleanlaundry.com\/locations\/iowa\/\"},{\"@type\":\"ListItem\",\"position\":4,\"name\":\"Laundromats in Fort Dodge, Iowa | Clean Laundry Locations\",\"item\":\"https:\/\/cleanlaundry.com\/locations\/iowa\/fort-dodge\/\"},{\"@type\":\"ListItem\",\"position\":5,\"name\":\"2819 3rd Ave S. Fort Dodge, IA 50501\"}]},{\"@type\":\"WebSite\",\"@id\":\"https:\/\/cleanlaundry.com\/#website\",\"url\":\"https:\/\/cleanlaundry.com\/\",\"name\":\"Clean Laundry\",\"description\":\"Clean Laundry\",\"potentialAction\":[{\"@type\":\"SearchAction\",\"target\":{\"@type\":\"EntryPoint\",\"urlTemplate\":\"https:\/\/cleanlaundry.com\/?s={search_term_string}\"},\"query-input\":{\"@type\":\"PropertyValueSpecification\",\"valueRequired\":true,\"valueName\":\"search_term_string\"}}],\"inLanguage\":\"es\"}]}<\/script>\n<!-- \/ Yoast SEO plugin. -->","yoast_head_json":{"title":"Laundromat on 3rd Ave in Fort Dodge, IA | Clean Laundry","description":"Clean Laundry on 3rd Ave, Fort Dodge is a modern laundromat with 1-hour wash & dry, free wifi, and 24\/7 surveillance. Coin & mobile payment options.","robots":{"index":"index","follow":"follow","max-snippet":"max-snippet:-1","max-image-preview":"max-image-preview:large","max-video-preview":"max-video-preview:-1"},"canonical":"https:\/\/cleanlaundry.com\/es\/locations\/iowa\/fort-dodge\/2819-3rd-ave-s-fort-dodge-ia\/","og_locale":"es_MX","og_type":"article","og_title":"Laundromat on 3rd Ave in Fort Dodge, IA | Clean Laundry","og_description":"Clean Laundry on 3rd Ave, Fort Dodge is a modern laundromat with 1-hour wash & dry, free wifi, and 24\/7 surveillance. Coin & mobile payment options.","og_url":"https:\/\/cleanlaundry.com\/es\/locations\/iowa\/fort-dodge\/2819-3rd-ave-s-fort-dodge-ia\/","og_site_name":"Clean Laundry","article_modified_time":"2024-12-16T20:04:00+00:00","og_image":[{"width":2560,"height":1920,"url":"https:\/\/cleanlaundry.com\/wp-content\/uploads\/2022\/08\/IMG_1628-scaled.jpeg","type":"image\/jpeg"}],"twitter_card":"summary_large_image","twitter_misc":{"Tiempo de lectura":"3 minutos"},"schema":{"@context":"https:\/\/schema.org","@graph":[{"@type":"WebPage","@id":"https:\/\/cleanlaundry.com\/locations\/iowa\/fort-dodge\/2819-3rd-ave-s-fort-dodge-ia\/","url":"https:\/\/cleanlaundry.com\/locations\/iowa\/fort-dodge\/2819-3rd-ave-s-fort-dodge-ia\/","name":"Laundromat on 3rd Ave in Fort Dodge, IA | Clean Laundry","isPartOf":{"@id":"https:\/\/cleanlaundry.com\/#website"},"primaryImageOfPage":{"@id":"https:\/\/cleanlaundry.com\/locations\/iowa\/fort-dodge\/2819-3rd-ave-s-fort-dodge-ia\/#primaryimage"},"image":{"@id":"https:\/\/cleanlaundry.com\/locations\/iowa\/fort-dodge\/2819-3rd-ave-s-fort-dodge-ia\/#primaryimage"},"thumbnailUrl":"https:\/\/cleanlaundry.com\/wp-content\/uploads\/2022\/08\/IMG_1628-scaled.jpeg","datePublished":"2022-03-24T16:21:41+00:00","dateModified":"2024-12-16T20:04:00+00:00","description":"Clean Laundry on 3rd Ave, Fort Dodge is a modern laundromat with 1-hour wash & dry, free wifi, and 24\/7 surveillance. Coin & mobile payment options.","breadcrumb":{"@id":"https:\/\/cleanlaundry.com\/locations\/iowa\/fort-dodge\/2819-3rd-ave-s-fort-dodge-ia\/#breadcrumb"},"inLanguage":"es","potentialAction":[{"@type":"ReadAction","target":["https:\/\/cleanlaundry.com\/locations\/iowa\/fort-dodge\/2819-3rd-ave-s-fort-dodge-ia\/"]}]},{"@type":"ImageObject","inLanguage":"es","@id":"https:\/\/cleanlaundry.com\/locations\/iowa\/fort-dodge\/2819-3rd-ave-s-fort-dodge-ia\/#primaryimage","url":"https:\/\/cleanlaundry.com\/wp-content\/uploads\/2022\/08\/IMG_1628-scaled.jpeg","contentUrl":"https:\/\/cleanlaundry.com\/wp-content\/uploads\/2022\/08\/IMG_1628-scaled.jpeg","width":2560,"height":1920},{"@type":"BreadcrumbList","@id":"https:\/\/cleanlaundry.com\/locations\/iowa\/fort-dodge\/2819-3rd-ave-s-fort-dodge-ia\/#breadcrumb","itemListElement":[{"@type":"ListItem","position":1,"name":"Home","item":"https:\/\/cleanlaundry.com\/"},{"@type":"ListItem","position":2,"name":"All Clean Laundry Locations | Find a laundromat near you","item":"https:\/\/cleanlaundry.com\/locations\/"},{"@type":"ListItem","position":3,"name":"Laundromats in Iowa | Clean Laundry Locations Near You","item":"https:\/\/cleanlaundry.com\/locations\/iowa\/"},{"@type":"ListItem","position":4,"name":"Laundromats in Fort Dodge, Iowa | Clean Laundry Locations","item":"https:\/\/cleanlaundry.com\/locations\/iowa\/fort-dodge\/"},{"@type":"ListItem","position":5,"name":"2819 3rd Ave S. Fort Dodge, IA 50501"}]},{"@type":"WebSite","@id":"https:\/\/cleanlaundry.com\/#website","url":"https:\/\/cleanlaundry.com\/","name":"Ropa limpia","description":"Ropa limpia","potentialAction":[{"@type":"SearchAction","target":{"@type":"EntryPoint","urlTemplate":"https:\/\/cleanlaundry.com\/?s={search_term_string}"},"query-input":{"@type":"PropertyValueSpecification","valueRequired":true,"valueName":"search_term_string"}}],"inLanguage":"es"}]}},"_links":{"self":[{"href":"https:\/\/cleanlaundry.com\/es\/wp-json\/wp\/v2\/pages\/13478","targetHints":{"allow":["GET"]}}],"collection":[{"href":"https:\/\/cleanlaundry.com\/es\/wp-json\/wp\/v2\/pages"}],"about":[{"href":"https:\/\/cleanlaundry.com\/es\/wp-json\/wp\/v2\/types\/page"}],"author":[{"embeddable":true,"href":"https:\/\/cleanlaundry.com\/es\/wp-json\/wp\/v2\/users\/101027"}],"replies":[{"embeddable":true,"href":"https:\/\/cleanlaundry.com\/es\/wp-json\/wp\/v2\/comments?post=13478"}],"version-history":[{"count":33,"href":"https:\/\/cleanlaundry.com\/es\/wp-json\/wp\/v2\/pages\/13478\/revisions"}],"predecessor-version":[{"id":15165,"href":"https:\/\/cleanlaundry.com\/es\/wp-json\/wp\/v2\/pages\/13478\/revisions\/15165"}],"up":[{"embeddable":true,"href":"https:\/\/cleanlaundry.com\/es\/wp-json\/wp\/v2\/pages\/12720"}],"wp:featuredmedia":[{"embeddable":true,"href":"https:\/\/cleanlaundry.com\/es\/wp-json\/wp\/v2\/media\/14000"}],"wp:attachment":[{"href":"https:\/\/cleanlaundry.com\/es\/wp-json\/wp\/v2\/media?parent=13478"}],"curies":[{"name":"wp","href":"https:\/\/api.w.org\/{rel}","templated":true}]}}