{"id":13444,"date":"2022-03-23T15:58:45","date_gmt":"2022-03-23T20:58:45","guid":{"rendered":"https:\/\/cleanlaundry.com\/?page_id=13444"},"modified":"2024-02-07T13:22:33","modified_gmt":"2024-02-07T19:22:33","slug":"wichita","status":"publish","type":"page","link":"https:\/\/cleanlaundry.com\/es\/locations\/kansas\/wichita\/","title":{"rendered":"Lavander\u00edas en Wichita, KS | Lavander\u00eda limpia Ubicaciones de Wichita"},"content":{"rendered":"<h1>\n\t\tLavander\u00edas en Wichita (Kansas)\n\t<\/h1>\n\t<p>Clean Laundry se enorgullece de ofrecer a los residentes de Wichita una lavander\u00eda limpia, c\u00f3moda y conveniente donde puede lavar grandes cantidades de ropa en muy poco tiempo.<\/p>\n<h3>\n\t\tDos ubicaciones\n\t<\/h3>\n\t\t\t\t<a href=\"https:\/\/cleanlaundry.com\/es\/locations\/kansas\/wichita\/2101-w-21st-st-north-witchita-ks\/\" target=\"_self\" itemprop=\"url\" rel=\"noopener\">\n\t\t\t\t<img loading=\"lazy\" decoding=\"async\" src=\"https:\/\/cleanlaundry.com\/wp-content\/uploads\/2023\/09\/CL28-05.01-Storefront-Wichita.jpg\" alt=\"Clean Laundry Wichita, KS on 21st St.\" itemprop=\"image\" height=\"350\" width=\"600\" title=\"Clean Laundry Wichita, KS on 21st St.\" onerror=\"this.style.display='none'\"  \/>\n\t\t\t\t<\/a>\n\t<h3><a href=\"https:\/\/cleanlaundry.com\/es\/locations\/kansas\/wichita\/2101-w-21st-st-north-witchita-ks\/\"><strong>Lavander\u00eda limpia del norte de Wichita<\/strong><\/a><\/h3>\n\t2101 oeste de la calle 21 norte<br \/>\nWichita, KS 67203\n\t\t\t<a href=\"https:\/\/cleanlaundry.com\/es\/locations\/kansas\/wichita\/2101-w-21st-st-north-witchita-ks\/\" target=\"_self\" rel=\"noopener\">\n\t\t\t\t\t\tP\u00e1gina de ubicaci\u00f3n\n\t\t\t\t\t<\/a>\n\t\t\t\t<a href=\"https:\/\/cleanlaundry.com\/es\/locations\/kansas\/wichita\/1655-s-webb-rd-wichita-ks\/\" target=\"_self\" itemprop=\"url\" rel=\"noopener\">\n\t\t\t\t<img loading=\"lazy\" decoding=\"async\" src=\"https:\/\/cleanlaundry.com\/wp-content\/uploads\/2023\/09\/CL32-05.01-Storefront-Wichita.jpg\" alt=\"Clean Laundry Wichita, KS on Webb Rd\" itemprop=\"image\" height=\"350\" width=\"600\" title=\"Clean Laundry Wichita, KS on Webb Rd\" onerror=\"this.style.display='none'\"  \/>\n\t\t\t\t<\/a>\n\t<h3><a href=\"https:\/\/cleanlaundry.com\/es\/locations\/kansas\/wichita\/1655-s-webb-rd-wichita-ks\/\"><strong>Lavander\u00eda limpia en el sur de Wichita<\/strong><\/a><\/h3>\n\t1655 S. Webb Road,<br \/>\nWichita, KS 67207\n\t\t\t<a href=\"https:\/\/cleanlaundry.com\/es\/locations\/kansas\/wichita\/1655-s-webb-rd-wichita-ks\/\" target=\"_self\" rel=\"noopener\">\n\t\t\t\t\t\tP\u00e1gina de ubicaci\u00f3n\n\t\t\t\t\t<\/a>\n\t<iframe loading=\"lazy\" src=\"https:\/\/www.google.com\/maps\/d\/u\/0\/embed?mid=13hws0gUNM2pyuoSTP-4BrAyTxo_yPoj7&#038;ehbc=2E312F\" width=\"100%\" height=\"480\"><\/iframe>","protected":false},"excerpt":{"rendered":"<p>Lavander\u00edas en Wichita, Kansas Clean Laundry se enorgullece de ofrecer a los residentes de Wichita una lavander\u00eda limpia, c\u00f3moda y conveniente donde puede lavar grandes cantidades de ropa en muy poco tiempo. Dos ubicaciones North Wichita Clean Laundry 2101 W. 21st Street North Wichita, KS 67203 P\u00e1gina de ubicaci\u00f3n South Wichita Clean Laundry 1655 S. Webb\u2026<\/p>","protected":false},"author":101027,"featured_media":14019,"parent":12330,"menu_order":0,"comment_status":"closed","ping_status":"closed","template":"","meta":{"footnotes":""},"class_list":["post-13444","page","type-page","status-publish","has-post-thumbnail","hentry"],"yoast_head":"<!-- This site is optimized with the Yoast SEO plugin v25.0 - https:\/\/yoast.com\/wordpress\/plugins\/seo\/ -->\n<title>Laundromats in Wichita, KS | Clean Laundry Locations<\/title>\n<meta name=\"description\" content=\"Clean Laundry is proud to offer Wichita laundromats that are fast, safe, and clean. Learn more and find the Wichita location nearest you.\" \/>\n<meta name=\"robots\" content=\"index, follow, max-snippet:-1, max-image-preview:large, max-video-preview:-1\" \/>\n<link rel=\"canonical\" href=\"https:\/\/cleanlaundry.com\/es\/locations\/kansas\/wichita\/\" \/>\n<meta property=\"og:locale\" content=\"es_MX\" \/>\n<meta property=\"og:type\" content=\"article\" \/>\n<meta property=\"og:title\" content=\"Laundromats in Wichita, KS | Clean Laundry Locations\" \/>\n<meta property=\"og:description\" content=\"Clean Laundry is proud to offer Wichita laundromats that are fast, safe, and clean. Learn more and find the Wichita location nearest you.\" \/>\n<meta property=\"og:url\" content=\"https:\/\/cleanlaundry.com\/es\/locations\/kansas\/wichita\/\" \/>\n<meta property=\"og:site_name\" content=\"Clean Laundry\" \/>\n<meta property=\"article:modified_time\" content=\"2024-02-07T19:22:33+00:00\" \/>\n<meta property=\"og:image\" content=\"https:\/\/cleanlaundry.com\/wp-content\/uploads\/2022\/09\/CL-1stAveShoot-Batch3-bag-2-scaled.jpg\" \/>\n\t<meta property=\"og:image:width\" content=\"2560\" \/>\n\t<meta property=\"og:image:height\" content=\"1920\" \/>\n\t<meta property=\"og:image:type\" content=\"image\/jpeg\" \/>\n<meta name=\"twitter:card\" content=\"summary_large_image\" \/>\n<meta name=\"twitter:label1\" content=\"Tiempo de lectura\" \/>\n\t<meta name=\"twitter:data1\" content=\"1 minuto\" \/>\n<script type=\"application\/ld+json\" class=\"yoast-schema-graph\">{\"@context\":\"https:\/\/schema.org\",\"@graph\":[{\"@type\":\"WebPage\",\"@id\":\"https:\/\/cleanlaundry.com\/locations\/kansas\/wichita\/\",\"url\":\"https:\/\/cleanlaundry.com\/locations\/kansas\/wichita\/\",\"name\":\"Laundromats in Wichita, KS | Clean Laundry Locations\",\"isPartOf\":{\"@id\":\"https:\/\/cleanlaundry.com\/#website\"},\"primaryImageOfPage\":{\"@id\":\"https:\/\/cleanlaundry.com\/locations\/kansas\/wichita\/#primaryimage\"},\"image\":{\"@id\":\"https:\/\/cleanlaundry.com\/locations\/kansas\/wichita\/#primaryimage\"},\"thumbnailUrl\":\"https:\/\/cleanlaundry.com\/wp-content\/uploads\/2022\/09\/CL-1stAveShoot-Batch3-bag-2-scaled.jpg\",\"datePublished\":\"2022-03-23T20:58:45+00:00\",\"dateModified\":\"2024-02-07T19:22:33+00:00\",\"description\":\"Clean Laundry is proud to offer Wichita laundromats that are fast, safe, and clean. Learn more and find the Wichita location nearest you.\",\"breadcrumb\":{\"@id\":\"https:\/\/cleanlaundry.com\/locations\/kansas\/wichita\/#breadcrumb\"},\"inLanguage\":\"es\",\"potentialAction\":[{\"@type\":\"ReadAction\",\"target\":[\"https:\/\/cleanlaundry.com\/locations\/kansas\/wichita\/\"]}]},{\"@type\":\"ImageObject\",\"inLanguage\":\"es\",\"@id\":\"https:\/\/cleanlaundry.com\/locations\/kansas\/wichita\/#primaryimage\",\"url\":\"https:\/\/cleanlaundry.com\/wp-content\/uploads\/2022\/09\/CL-1stAveShoot-Batch3-bag-2-scaled.jpg\",\"contentUrl\":\"https:\/\/cleanlaundry.com\/wp-content\/uploads\/2022\/09\/CL-1stAveShoot-Batch3-bag-2-scaled.jpg\",\"width\":2560,\"height\":1920},{\"@type\":\"BreadcrumbList\",\"@id\":\"https:\/\/cleanlaundry.com\/locations\/kansas\/wichita\/#breadcrumb\",\"itemListElement\":[{\"@type\":\"ListItem\",\"position\":1,\"name\":\"Home\",\"item\":\"https:\/\/cleanlaundry.com\/\"},{\"@type\":\"ListItem\",\"position\":2,\"name\":\"All Clean Laundry Locations | Find a laundromat near you\",\"item\":\"https:\/\/cleanlaundry.com\/locations\/\"},{\"@type\":\"ListItem\",\"position\":3,\"name\":\"Laundromats in Kansas | Clean Laundry Locations\",\"item\":\"https:\/\/cleanlaundry.com\/locations\/kansas\/\"},{\"@type\":\"ListItem\",\"position\":4,\"name\":\"Laundromats in Wichita, KS | Clean Laundry Wichita Locations\"}]},{\"@type\":\"WebSite\",\"@id\":\"https:\/\/cleanlaundry.com\/#website\",\"url\":\"https:\/\/cleanlaundry.com\/\",\"name\":\"Clean Laundry\",\"description\":\"Clean Laundry\",\"potentialAction\":[{\"@type\":\"SearchAction\",\"target\":{\"@type\":\"EntryPoint\",\"urlTemplate\":\"https:\/\/cleanlaundry.com\/?s={search_term_string}\"},\"query-input\":{\"@type\":\"PropertyValueSpecification\",\"valueRequired\":true,\"valueName\":\"search_term_string\"}}],\"inLanguage\":\"es\"}]}<\/script>\n<!-- \/ Yoast SEO plugin. -->","yoast_head_json":{"title":"Laundromats in Wichita, KS | Clean Laundry Locations","description":"Clean Laundry is proud to offer Wichita laundromats that are fast, safe, and clean. Learn more and find the Wichita location nearest you.","robots":{"index":"index","follow":"follow","max-snippet":"max-snippet:-1","max-image-preview":"max-image-preview:large","max-video-preview":"max-video-preview:-1"},"canonical":"https:\/\/cleanlaundry.com\/es\/locations\/kansas\/wichita\/","og_locale":"es_MX","og_type":"article","og_title":"Laundromats in Wichita, KS | Clean Laundry Locations","og_description":"Clean Laundry is proud to offer Wichita laundromats that are fast, safe, and clean. Learn more and find the Wichita location nearest you.","og_url":"https:\/\/cleanlaundry.com\/es\/locations\/kansas\/wichita\/","og_site_name":"Clean Laundry","article_modified_time":"2024-02-07T19:22:33+00:00","og_image":[{"width":2560,"height":1920,"url":"https:\/\/cleanlaundry.com\/wp-content\/uploads\/2022\/09\/CL-1stAveShoot-Batch3-bag-2-scaled.jpg","type":"image\/jpeg"}],"twitter_card":"summary_large_image","twitter_misc":{"Tiempo de lectura":"1 minuto"},"schema":{"@context":"https:\/\/schema.org","@graph":[{"@type":"WebPage","@id":"https:\/\/cleanlaundry.com\/locations\/kansas\/wichita\/","url":"https:\/\/cleanlaundry.com\/locations\/kansas\/wichita\/","name":"Laundromats in Wichita, KS | Clean Laundry Locations","isPartOf":{"@id":"https:\/\/cleanlaundry.com\/#website"},"primaryImageOfPage":{"@id":"https:\/\/cleanlaundry.com\/locations\/kansas\/wichita\/#primaryimage"},"image":{"@id":"https:\/\/cleanlaundry.com\/locations\/kansas\/wichita\/#primaryimage"},"thumbnailUrl":"https:\/\/cleanlaundry.com\/wp-content\/uploads\/2022\/09\/CL-1stAveShoot-Batch3-bag-2-scaled.jpg","datePublished":"2022-03-23T20:58:45+00:00","dateModified":"2024-02-07T19:22:33+00:00","description":"Clean Laundry is proud to offer Wichita laundromats that are fast, safe, and clean. Learn more and find the Wichita location nearest you.","breadcrumb":{"@id":"https:\/\/cleanlaundry.com\/locations\/kansas\/wichita\/#breadcrumb"},"inLanguage":"es","potentialAction":[{"@type":"ReadAction","target":["https:\/\/cleanlaundry.com\/locations\/kansas\/wichita\/"]}]},{"@type":"ImageObject","inLanguage":"es","@id":"https:\/\/cleanlaundry.com\/locations\/kansas\/wichita\/#primaryimage","url":"https:\/\/cleanlaundry.com\/wp-content\/uploads\/2022\/09\/CL-1stAveShoot-Batch3-bag-2-scaled.jpg","contentUrl":"https:\/\/cleanlaundry.com\/wp-content\/uploads\/2022\/09\/CL-1stAveShoot-Batch3-bag-2-scaled.jpg","width":2560,"height":1920},{"@type":"BreadcrumbList","@id":"https:\/\/cleanlaundry.com\/locations\/kansas\/wichita\/#breadcrumb","itemListElement":[{"@type":"ListItem","position":1,"name":"Home","item":"https:\/\/cleanlaundry.com\/"},{"@type":"ListItem","position":2,"name":"All Clean Laundry Locations | Find a laundromat near you","item":"https:\/\/cleanlaundry.com\/locations\/"},{"@type":"ListItem","position":3,"name":"Laundromats in Kansas | Clean Laundry Locations","item":"https:\/\/cleanlaundry.com\/locations\/kansas\/"},{"@type":"ListItem","position":4,"name":"Laundromats in Wichita, KS | Clean Laundry Wichita Locations"}]},{"@type":"WebSite","@id":"https:\/\/cleanlaundry.com\/#website","url":"https:\/\/cleanlaundry.com\/","name":"Ropa limpia","description":"Ropa limpia","potentialAction":[{"@type":"SearchAction","target":{"@type":"EntryPoint","urlTemplate":"https:\/\/cleanlaundry.com\/?s={search_term_string}"},"query-input":{"@type":"PropertyValueSpecification","valueRequired":true,"valueName":"search_term_string"}}],"inLanguage":"es"}]}},"_links":{"self":[{"href":"https:\/\/cleanlaundry.com\/es\/wp-json\/wp\/v2\/pages\/13444","targetHints":{"allow":["GET"]}}],"collection":[{"href":"https:\/\/cleanlaundry.com\/es\/wp-json\/wp\/v2\/pages"}],"about":[{"href":"https:\/\/cleanlaundry.com\/es\/wp-json\/wp\/v2\/types\/page"}],"author":[{"embeddable":true,"href":"https:\/\/cleanlaundry.com\/es\/wp-json\/wp\/v2\/users\/101027"}],"replies":[{"embeddable":true,"href":"https:\/\/cleanlaundry.com\/es\/wp-json\/wp\/v2\/comments?post=13444"}],"version-history":[{"count":28,"href":"https:\/\/cleanlaundry.com\/es\/wp-json\/wp\/v2\/pages\/13444\/revisions"}],"predecessor-version":[{"id":15000,"href":"https:\/\/cleanlaundry.com\/es\/wp-json\/wp\/v2\/pages\/13444\/revisions\/15000"}],"up":[{"embeddable":true,"href":"https:\/\/cleanlaundry.com\/es\/wp-json\/wp\/v2\/pages\/12330"}],"wp:featuredmedia":[{"embeddable":true,"href":"https:\/\/cleanlaundry.com\/es\/wp-json\/wp\/v2\/media\/14019"}],"wp:attachment":[{"href":"https:\/\/cleanlaundry.com\/es\/wp-json\/wp\/v2\/media?parent=13444"}],"curies":[{"name":"wp","href":"https:\/\/api.w.org\/{rel}","templated":true}]}}