{"id":13320,"date":"2022-03-15T10:46:40","date_gmt":"2022-03-15T15:46:40","guid":{"rendered":"https:\/\/cleanlaundry.com\/?page_id=13320"},"modified":"2025-08-29T11:50:59","modified_gmt":"2025-08-29T16:50:59","slug":"3301-pennsylvania-ave-dubuque-ia","status":"publish","type":"page","link":"https:\/\/cleanlaundry.com\/es\/locations\/iowa\/dubuque\/3301-pennsylvania-ave-dubuque-ia\/","title":{"rendered":"3301 Pennsylvania Ave Suite 98-99, Dubuque IA, 52001"},"content":{"rendered":"<h1>Lavander\u00eda limpia en Dubuque, IA<\/h1>\n<h2>Una lavander\u00eda de calidad, moderna y limpia en Pennsylvania Ave.<\/h2>\n<h2>\u00a1Ahora abierto!<\/h2>\n\t\t\t<a href=\"https:\/\/goo.gl\/maps\/ZPeuAuWDtPkAyvgB8\" target=\"_blank\" rel=\"noopener\">\n\t\t\t\t\t\t\tObtener las direcciones\n\t\t\t<\/a>\n\t<h4> <a href=\"https:\/\/www.google.com\/maps\/place\/3301+Pennsylvania+Ave,+Dubuque,+IA+52001\/@42.5009558,-90.7228802,17z\/data=!3m1!4b1!4m5!3m4!1s0x87e32dae6d584811:0x39de1ba0ad3c8be9!8m2!3d42.5009558!4d-90.7206915\" target=\"_blank\" rel=\"noopener\">3301 Pensilvania Ave Dubuque, IA 52001<\/a><\/h4>\n\t<p><a href=\"tel:563-231-4494\">563-231-4494<\/a><\/p>\n<a href=\"mailto:store0035@cleanlaundry.com\">Env\u00edanos un correo electr\u00f3nico<\/a><br \/>\n Open Daily: 5am &#8211; 9pm<br \/>\n ubicaci\u00f3n huebsch: CL0035\n\t<h3>\u00a1Lavander\u00eda sin monedas y mucho m\u00e1s!\u00a0<\/h3>\n<p>El primer Dubuque, <a href=\"https:\/\/cleanlaundry.com\/es\/locations\/iowa\/\">Lavander\u00eda limpia de Iowa<\/a> La tienda abri\u00f3 el 22 de junio de 2022. Esta lavander\u00eda de 4,300 pies cuadrados est\u00e1 convenientemente ubicada en Pennsylvania Ave. Esta lavander\u00eda es la soluci\u00f3n perfecta para familias ocupadas y cualquiera que busque lavar su ropa de manera r\u00e1pida y econ\u00f3mica.<\/p>\n<p>Multiple payment options available: credit\/debit card, Apple and Google Pay, Huebsch app, and cash.<\/p>\n\t\t\t\t<img loading=\"lazy\" decoding=\"async\" src=\"https:\/\/cleanlaundry.com\/wp-content\/uploads\/2021\/12\/CL-05.06-Nugget-10credit@0.5x.png\" alt=\"CL-05.06-Nugget-10credit@0.5x\" itemprop=\"image\" height=\"500\" width=\"500\" title=\"CL-05.06-Nugget-10credit@0.5x\" onerror=\"this.style.display='none'\"  \/>\n\t<h2>\u00a1$10 de cr\u00e9dito al descargar nuestra aplicaci\u00f3n!<\/h2>\n<h2>Obtenga nuestra aplicaci\u00f3n Huebsch y obtenga $10 en cr\u00e9dito de la tienda.<\/h2>\n<p>Benefits of the app include earning rewards, credits, and checking status of machines before arriving.<\/p>\n<p>Download the app, follow setup instruction, add in location pin to earn enrollment credit.<\/p>\n<p>Pin de ubicaci\u00f3n: CL0035<\/p>\n\t\t\t\t<img loading=\"lazy\" decoding=\"async\" src=\"https:\/\/cleanlaundry.com\/wp-content\/uploads\/2022\/11\/CL-05.06-Nugget-Rewards-HB1-copy.png\" alt=\"CL-05.06-Nugget-Rewards-HB1 copy\" itemprop=\"image\" height=\"500\" width=\"500\" title=\"Copia CL-05.06-Nugget-Rewards-HB1\" onerror=\"this.style.display='none'\"  \/>\n\t<h2>Loads of Rewards!<\/h2>\n<h2>Get 1 point for every dollar you spend through our Huebsch app. Reach 20 points and receive $2 in credit rewards!<br \/>\n<\/h2>\n\t\t\t\t<img loading=\"lazy\" decoding=\"async\" src=\"https:\/\/cleanlaundry.com\/wp-content\/uploads\/2023\/01\/CL35--scaled.jpg\" alt=\"CL35-\" itemprop=\"image\" height=\"1920\" width=\"2560\" title=\"CL35-\" onerror=\"this.style.display='none'\"  \/>\n\t<a href=\"https:\/\/www.google.com\/maps\/place\/3301+Pennsylvania+Ave,+Dubuque,+IA+52001\/@42.5009558,-90.7228802,17z\/data=!3m1!4b1!4m5!3m4!1s0x87e32dae6d584811:0x39de1ba0ad3c8be9!8m2!3d42.5009558!4d-90.7206915\" target=\"_blank\">\n        <h5>3301 Pensilvania Ave<\/h5>\n        <p>Dubuque, IA 52001 <\/p>\n        \n          <\/a><a href=\"https:\/\/www.google.com\/maps\/place\/3301+Pennsylvania+Ave,+Dubuque,+IA+52001\/@42.5009558,-90.7228802,17z\/data=!3m1!4b1!4m5!3m4!1s0x87e32dae6d584811:0x39de1ba0ad3c8be9!8m2!3d42.5009558!4d-90.7206915\" target=\"_blank\">mapas de Google <\/a> \n        \n \n\t<iframe src=\"https:\/\/www.google.com\/maps\/embed\/v1\/place?q=Clean+Laundry%0A3301+Pennsylvania+Ave%0ADubuque%2C+IA+52001&#038;key=AIzaSyD09zQ9PNDNNy9TadMuzRV_UsPUoWKntt8\" aria-hidden=\"true\"><\/iframe>\n\t<h4>Descubra la diferencia Clean Laundry<\/h4>\n<p>Nuestras lavadoras y secadoras no son como las lavadoras y secadoras dom\u00e9sticas promedio. Son enormes lavadoras comerciales capaces de lavar <em><strong>hasta ocho cargas<\/strong><\/em> de una vez y secar en tan solo 20 minutos. Los sistemas de agua avanzados le proporcionan agua muy blanda, lo que significa ropa m\u00e1s limpia con menos detergente. Adem\u00e1s, cuando configura la lavadora en agua caliente, nos aseguramos de que est\u00e9 muy caliente para garantizar la mejor limpieza. <\/p>\n\t<div class=\"rpi\" style=\"\" data-id=\"14143\" data-opts='{&quot;layout&quot;:&quot;list&quot;,&quot;style_style&quot;:&quot;1&quot;,&quot;style_stars&quot;:&quot;1&quot;,&quot;style_ava&quot;:&quot;1&quot;,&quot;head_logo&quot;:&quot;1&quot;,&quot;style_logo&quot;:&quot;1&quot;,&quot;pagination&quot;:&quot;&quot;,&quot;text_size&quot;:&quot;&quot;,&quot;hide_avatar&quot;:&quot;&quot;,&quot;hide_name&quot;:&quot;&quot;,&quot;disable_review_time&quot;:&quot;&quot;,&quot;disable_user_link&quot;:&quot;&quot;,&quot;disable_google_link&quot;:&quot;&quot;,&quot;open_link&quot;:&quot;1&quot;,&quot;nofollow_link&quot;:&quot;1&quot;,&quot;lazy_load_img&quot;:&quot;1&quot;,&quot;time_format&quot;:&quot;&quot;,&quot;breakpoints&quot;:&quot;&quot;,&quot;reviewer_avatar_size&quot;:&quot;56&quot;,&quot;ajax_load&quot;:false,&quot;v2&quot;:false,&quot;trans&quot;:{&quot;read more&quot;:&quot;read more&quot;,&quot;review us on&quot;:&quot;review us on&quot;,&quot;See all reviews&quot;:&quot;See all reviews&quot;,&quot;More reviews&quot;:&quot;More reviews&quot;,&quot;Response from the owner&quot;:&quot;Response from the owner&quot;}}' data-exec=\"\"><div class=\"rpi-cnt rpi-col-m rpi-list\" data-opts='' style=\"visibility:var(--visible, hidden)\" ><\/div><\/div>\n\t\t\n\t\t\t<a href=\"https:\/\/cleanlaundry.com\/es\/locations\/iowa\/\" target=\"_self\">\n\t\t\t\t\t\tVer todas las ubicaciones en iowa\n\t\t\t\t\t<\/a>","protected":false},"excerpt":{"rendered":"<p>Clean Laundry in Dubuque, IA A quality, modern, and clean laundromat on Pennsylvania Ave Now Open! Get directions 3301 Pennsylvania Ave Dubuque, IA 52001 563-231-4494 Email us Open Daily: 5am &#8211; 9pm huebsch location: CL0035 Coinless laundry and so much more!\u00a0 The first Dubuque, Iowa Clean Laundry store opened on June 22nd, 2022. This 4,300&hellip;<\/p>","protected":false},"author":101027,"featured_media":13814,"parent":13540,"menu_order":0,"comment_status":"closed","ping_status":"closed","template":"","meta":{"footnotes":""},"class_list":["post-13320","page","type-page","status-publish","has-post-thumbnail","hentry"],"yoast_head":"<!-- This site is optimized with the Yoast SEO plugin v25.0 - https:\/\/yoast.com\/wordpress\/plugins\/seo\/ -->\n<title>Laundromat on Pennsylvania Ave in Dubuque, IA | Clean Laundry<\/title>\n<meta name=\"description\" content=\"Clean Laundry on Pennsylvania Ave in Dubuque is a modern laundromat with 1-hour wash &amp; dry, free wifi, and 24\/7 surveillance.\" \/>\n<meta name=\"robots\" content=\"index, follow, max-snippet:-1, max-image-preview:large, max-video-preview:-1\" \/>\n<link rel=\"canonical\" href=\"https:\/\/cleanlaundry.com\/es\/locations\/iowa\/dubuque\/3301-pennsylvania-ave-dubuque-ia\/\" \/>\n<meta property=\"og:locale\" content=\"es_MX\" \/>\n<meta property=\"og:type\" content=\"article\" \/>\n<meta property=\"og:title\" content=\"Laundromat on Pennsylvania Ave in Dubuque, IA | Clean Laundry\" \/>\n<meta property=\"og:description\" content=\"Clean Laundry on Pennsylvania Ave in Dubuque is a modern laundromat with 1-hour wash &amp; dry, free wifi, and 24\/7 surveillance.\" \/>\n<meta property=\"og:url\" content=\"https:\/\/cleanlaundry.com\/es\/locations\/iowa\/dubuque\/3301-pennsylvania-ave-dubuque-ia\/\" \/>\n<meta property=\"og:site_name\" content=\"Clean Laundry\" \/>\n<meta property=\"article:modified_time\" content=\"2025-08-29T16:50:59+00:00\" \/>\n<meta property=\"og:image\" content=\"https:\/\/cleanlaundry.com\/wp-content\/uploads\/2022\/06\/MicrosoftTeams-image-10.jpg\" \/>\n\t<meta property=\"og:image:width\" content=\"2084\" \/>\n\t<meta property=\"og:image:height\" content=\"1489\" \/>\n\t<meta property=\"og:image:type\" content=\"image\/jpeg\" \/>\n<meta name=\"twitter:card\" content=\"summary_large_image\" \/>\n<meta name=\"twitter:label1\" content=\"Tiempo de lectura\" \/>\n\t<meta name=\"twitter:data1\" content=\"1 minuto\" \/>\n<script type=\"application\/ld+json\" class=\"yoast-schema-graph\">{\"@context\":\"https:\/\/schema.org\",\"@graph\":[{\"@type\":\"WebPage\",\"@id\":\"https:\/\/cleanlaundry.com\/locations\/iowa\/dubuque\/3301-pennsylvania-ave-dubuque-ia\/\",\"url\":\"https:\/\/cleanlaundry.com\/locations\/iowa\/dubuque\/3301-pennsylvania-ave-dubuque-ia\/\",\"name\":\"Laundromat on Pennsylvania Ave in Dubuque, IA | Clean Laundry\",\"isPartOf\":{\"@id\":\"https:\/\/cleanlaundry.com\/#website\"},\"primaryImageOfPage\":{\"@id\":\"https:\/\/cleanlaundry.com\/locations\/iowa\/dubuque\/3301-pennsylvania-ave-dubuque-ia\/#primaryimage\"},\"image\":{\"@id\":\"https:\/\/cleanlaundry.com\/locations\/iowa\/dubuque\/3301-pennsylvania-ave-dubuque-ia\/#primaryimage\"},\"thumbnailUrl\":\"https:\/\/cleanlaundry.com\/wp-content\/uploads\/2022\/06\/MicrosoftTeams-image-10.jpg\",\"datePublished\":\"2022-03-15T15:46:40+00:00\",\"dateModified\":\"2025-08-29T16:50:59+00:00\",\"description\":\"Clean Laundry on Pennsylvania Ave in Dubuque is a modern laundromat with 1-hour wash & dry, free wifi, and 24\/7 surveillance.\",\"breadcrumb\":{\"@id\":\"https:\/\/cleanlaundry.com\/locations\/iowa\/dubuque\/3301-pennsylvania-ave-dubuque-ia\/#breadcrumb\"},\"inLanguage\":\"es\",\"potentialAction\":[{\"@type\":\"ReadAction\",\"target\":[\"https:\/\/cleanlaundry.com\/locations\/iowa\/dubuque\/3301-pennsylvania-ave-dubuque-ia\/\"]}]},{\"@type\":\"ImageObject\",\"inLanguage\":\"es\",\"@id\":\"https:\/\/cleanlaundry.com\/locations\/iowa\/dubuque\/3301-pennsylvania-ave-dubuque-ia\/#primaryimage\",\"url\":\"https:\/\/cleanlaundry.com\/wp-content\/uploads\/2022\/06\/MicrosoftTeams-image-10.jpg\",\"contentUrl\":\"https:\/\/cleanlaundry.com\/wp-content\/uploads\/2022\/06\/MicrosoftTeams-image-10.jpg\",\"width\":2084,\"height\":1489},{\"@type\":\"BreadcrumbList\",\"@id\":\"https:\/\/cleanlaundry.com\/locations\/iowa\/dubuque\/3301-pennsylvania-ave-dubuque-ia\/#breadcrumb\",\"itemListElement\":[{\"@type\":\"ListItem\",\"position\":1,\"name\":\"Home\",\"item\":\"https:\/\/cleanlaundry.com\/\"},{\"@type\":\"ListItem\",\"position\":2,\"name\":\"All Clean Laundry Locations | Find a laundromat near you\",\"item\":\"https:\/\/cleanlaundry.com\/locations\/\"},{\"@type\":\"ListItem\",\"position\":3,\"name\":\"Laundromats in Iowa | Clean Laundry Locations Near You\",\"item\":\"https:\/\/cleanlaundry.com\/locations\/iowa\/\"},{\"@type\":\"ListItem\",\"position\":4,\"name\":\"Laundromats in Dubuque, Iowa | Clean Laundry Locations\",\"item\":\"https:\/\/cleanlaundry.com\/locations\/iowa\/dubuque\/\"},{\"@type\":\"ListItem\",\"position\":5,\"name\":\"3301 Pennsylvania Ave Suite 98-99, Dubuque IA, 52001\"}]},{\"@type\":\"WebSite\",\"@id\":\"https:\/\/cleanlaundry.com\/#website\",\"url\":\"https:\/\/cleanlaundry.com\/\",\"name\":\"Clean Laundry\",\"description\":\"Clean Laundry\",\"potentialAction\":[{\"@type\":\"SearchAction\",\"target\":{\"@type\":\"EntryPoint\",\"urlTemplate\":\"https:\/\/cleanlaundry.com\/?s={search_term_string}\"},\"query-input\":{\"@type\":\"PropertyValueSpecification\",\"valueRequired\":true,\"valueName\":\"search_term_string\"}}],\"inLanguage\":\"es\"}]}<\/script>\n<!-- \/ Yoast SEO plugin. -->","yoast_head_json":{"title":"Laundromat on Pennsylvania Ave in Dubuque, IA | Clean Laundry","description":"Clean Laundry on Pennsylvania Ave in Dubuque is a modern laundromat with 1-hour wash & dry, free wifi, and 24\/7 surveillance.","robots":{"index":"index","follow":"follow","max-snippet":"max-snippet:-1","max-image-preview":"max-image-preview:large","max-video-preview":"max-video-preview:-1"},"canonical":"https:\/\/cleanlaundry.com\/es\/locations\/iowa\/dubuque\/3301-pennsylvania-ave-dubuque-ia\/","og_locale":"es_MX","og_type":"article","og_title":"Laundromat on Pennsylvania Ave in Dubuque, IA | Clean Laundry","og_description":"Clean Laundry on Pennsylvania Ave in Dubuque is a modern laundromat with 1-hour wash & dry, free wifi, and 24\/7 surveillance.","og_url":"https:\/\/cleanlaundry.com\/es\/locations\/iowa\/dubuque\/3301-pennsylvania-ave-dubuque-ia\/","og_site_name":"Clean Laundry","article_modified_time":"2025-08-29T16:50:59+00:00","og_image":[{"width":2084,"height":1489,"url":"https:\/\/cleanlaundry.com\/wp-content\/uploads\/2022\/06\/MicrosoftTeams-image-10.jpg","type":"image\/jpeg"}],"twitter_card":"summary_large_image","twitter_misc":{"Tiempo de lectura":"1 minuto"},"schema":{"@context":"https:\/\/schema.org","@graph":[{"@type":"WebPage","@id":"https:\/\/cleanlaundry.com\/locations\/iowa\/dubuque\/3301-pennsylvania-ave-dubuque-ia\/","url":"https:\/\/cleanlaundry.com\/locations\/iowa\/dubuque\/3301-pennsylvania-ave-dubuque-ia\/","name":"Laundromat on Pennsylvania Ave in Dubuque, IA | Clean Laundry","isPartOf":{"@id":"https:\/\/cleanlaundry.com\/#website"},"primaryImageOfPage":{"@id":"https:\/\/cleanlaundry.com\/locations\/iowa\/dubuque\/3301-pennsylvania-ave-dubuque-ia\/#primaryimage"},"image":{"@id":"https:\/\/cleanlaundry.com\/locations\/iowa\/dubuque\/3301-pennsylvania-ave-dubuque-ia\/#primaryimage"},"thumbnailUrl":"https:\/\/cleanlaundry.com\/wp-content\/uploads\/2022\/06\/MicrosoftTeams-image-10.jpg","datePublished":"2022-03-15T15:46:40+00:00","dateModified":"2025-08-29T16:50:59+00:00","description":"Clean Laundry on Pennsylvania Ave in Dubuque is a modern laundromat with 1-hour wash & dry, free wifi, and 24\/7 surveillance.","breadcrumb":{"@id":"https:\/\/cleanlaundry.com\/locations\/iowa\/dubuque\/3301-pennsylvania-ave-dubuque-ia\/#breadcrumb"},"inLanguage":"es","potentialAction":[{"@type":"ReadAction","target":["https:\/\/cleanlaundry.com\/locations\/iowa\/dubuque\/3301-pennsylvania-ave-dubuque-ia\/"]}]},{"@type":"ImageObject","inLanguage":"es","@id":"https:\/\/cleanlaundry.com\/locations\/iowa\/dubuque\/3301-pennsylvania-ave-dubuque-ia\/#primaryimage","url":"https:\/\/cleanlaundry.com\/wp-content\/uploads\/2022\/06\/MicrosoftTeams-image-10.jpg","contentUrl":"https:\/\/cleanlaundry.com\/wp-content\/uploads\/2022\/06\/MicrosoftTeams-image-10.jpg","width":2084,"height":1489},{"@type":"BreadcrumbList","@id":"https:\/\/cleanlaundry.com\/locations\/iowa\/dubuque\/3301-pennsylvania-ave-dubuque-ia\/#breadcrumb","itemListElement":[{"@type":"ListItem","position":1,"name":"Home","item":"https:\/\/cleanlaundry.com\/"},{"@type":"ListItem","position":2,"name":"All Clean Laundry Locations | Find a laundromat near you","item":"https:\/\/cleanlaundry.com\/locations\/"},{"@type":"ListItem","position":3,"name":"Laundromats in Iowa | Clean Laundry Locations Near You","item":"https:\/\/cleanlaundry.com\/locations\/iowa\/"},{"@type":"ListItem","position":4,"name":"Laundromats in Dubuque, Iowa | Clean Laundry Locations","item":"https:\/\/cleanlaundry.com\/locations\/iowa\/dubuque\/"},{"@type":"ListItem","position":5,"name":"3301 Pennsylvania Ave Suite 98-99, Dubuque IA, 52001"}]},{"@type":"WebSite","@id":"https:\/\/cleanlaundry.com\/#website","url":"https:\/\/cleanlaundry.com\/","name":"Ropa limpia","description":"Ropa limpia","potentialAction":[{"@type":"SearchAction","target":{"@type":"EntryPoint","urlTemplate":"https:\/\/cleanlaundry.com\/?s={search_term_string}"},"query-input":{"@type":"PropertyValueSpecification","valueRequired":true,"valueName":"search_term_string"}}],"inLanguage":"es"}]}},"_links":{"self":[{"href":"https:\/\/cleanlaundry.com\/es\/wp-json\/wp\/v2\/pages\/13320","targetHints":{"allow":["GET"]}}],"collection":[{"href":"https:\/\/cleanlaundry.com\/es\/wp-json\/wp\/v2\/pages"}],"about":[{"href":"https:\/\/cleanlaundry.com\/es\/wp-json\/wp\/v2\/types\/page"}],"author":[{"embeddable":true,"href":"https:\/\/cleanlaundry.com\/es\/wp-json\/wp\/v2\/users\/101027"}],"replies":[{"embeddable":true,"href":"https:\/\/cleanlaundry.com\/es\/wp-json\/wp\/v2\/comments?post=13320"}],"version-history":[{"count":44,"href":"https:\/\/cleanlaundry.com\/es\/wp-json\/wp\/v2\/pages\/13320\/revisions"}],"predecessor-version":[{"id":15249,"href":"https:\/\/cleanlaundry.com\/es\/wp-json\/wp\/v2\/pages\/13320\/revisions\/15249"}],"up":[{"embeddable":true,"href":"https:\/\/cleanlaundry.com\/es\/wp-json\/wp\/v2\/pages\/13540"}],"wp:featuredmedia":[{"embeddable":true,"href":"https:\/\/cleanlaundry.com\/es\/wp-json\/wp\/v2\/media\/13814"}],"wp:attachment":[{"href":"https:\/\/cleanlaundry.com\/es\/wp-json\/wp\/v2\/media?parent=13320"}],"curies":[{"name":"wp","href":"https:\/\/api.w.org\/{rel}","templated":true}]}}