{"id":13251,"date":"2022-02-02T15:26:42","date_gmt":"2022-02-02T21:26:42","guid":{"rendered":"https:\/\/cleanlaundry.com\/?page_id=13251"},"modified":"2022-11-01T10:48:32","modified_gmt":"2022-11-01T15:48:32","slug":"clean-laundry-rewards","status":"publish","type":"page","link":"https:\/\/cleanlaundry.com\/es\/clean-laundry-rewards\/","title":{"rendered":"Clean Laundry Rewards"},"content":{"rendered":"<p>PROGRAMA DE RECOMPENSAS DE LAVANDER\u00cdA LIMPIA<\/p>\r\n<h1>Ahorre tiempo y dinero,<br \/>y ganar recompensas en el camino.<\/h1>\r\n<p><a role=\"button\" href=\"#\"> Empezar <\/a><\/p>\r\n<h3>Descarga la aplicaci\u00f3n y comienza a ganar recompensas hoy:<\/h3>\r\n<p><a href=\"https:\/\/play.google.com\/store\/apps\/details?id=com.alliancelaundry.app.huebsch&amp;hl=en_US&amp;gl=US\" target=\"_blank\" rel=\"noopener\"><img decoding=\"async\" src=\"https:\/\/cleanlaundry.com\/wp-content\/uploads\/2022\/02\/Google-Black@4x.png\" alt=\"Download on Google\" \/><\/a> <a href=\"https:\/\/apps.apple.com\/us\/app\/huebsch\/id1398109501)\" target=\"_blank\" rel=\"noopener\"><img decoding=\"async\" src=\"https:\/\/cleanlaundry.com\/wp-content\/uploads\/2022\/02\/Apple-Black@4x.png\" alt=\"Download on Apple\" \/><\/a> <img loading=\"lazy\" decoding=\"async\" title=\"Limpieza-Lavander\u00eda-Recompensas-HB1_1@2x\" src=\"https:\/\/cleanlaundry.com\/wp-content\/uploads\/2022\/02\/Clean-Laundry-Rewards-HB1_1@2x-300x300.png\" alt=\"Clean Laundry Rewards\" width=\"300\" height=\"300\" \/><\/p>\r\n<h2>C\u00f3mo funciona<\/h2>\r\n<p>Gane puntos por cada d\u00f3lar gastado y use sus puntos para cr\u00e9ditos de lavander\u00eda. Cada $1 le otorga 4 puntos. Despu\u00e9s de 1000 puntos, obtiene un cr\u00e9dito $10. Para comenzar, simplemente descargue la aplicaci\u00f3n Huebsch en su <a href=\"https:\/\/play.google.com\/store\/apps\/details?id=com.alliancelaundry.app.huebsch&amp;hl=en_US&amp;gl=US\" target=\"_blank\" rel=\"noopener\">Tel\u00e9fono de Google<\/a> o <a href=\"https:\/\/apps.apple.com\/us\/app\/huebsch\/id1398109501\" target=\"_blank\" rel=\"noopener\">iPhone<\/a> y empieza a ganar puntos de distancia.<\/p>\r\n<h4>Gane recompensas, ahorre dinero<\/h4>\r\n<h4>Pagar, monitorear y controlar <br \/>desde tu tel\u00e9fono<\/h4>\r\n<h4>Accede a promociones exclusivas de la aplicaci\u00f3n<\/h4>\r\n<p>Descarga la aplicaci\u00f3n:<\/p>\r\n<p><a href=\"https:\/\/play.google.com\/store\/apps\/details?id=com.alliancelaundry.app.huebsch&amp;hl=en_US&amp;gl=US\" target=\"_blank\" rel=\"noopener\"> <img loading=\"lazy\" decoding=\"async\" title=\"Google negro @ 4x\" src=\"https:\/\/cleanlaundry.com\/wp-content\/uploads\/2022\/02\/Google-Black@4x.png\" alt=\"download on google\" width=\"212\" height=\"74\" \/> <\/a> <a href=\"https:\/\/apps.apple.com\/us\/app\/huebsch\/id1398109501\" target=\"_blank\" rel=\"noopener\"> <img loading=\"lazy\" decoding=\"async\" title=\"Negro manzana@4x\" src=\"https:\/\/cleanlaundry.com\/wp-content\/uploads\/2022\/02\/Apple-Black@4x.png\" alt=\"Download on Apple\" width=\"216\" height=\"70\" \/> <\/a><\/p>\r\n<p><em>*V\u00e1lido solo en ubicaciones participantes. Vea la tienda para m\u00e1s detalles.<\/em><\/p>\r\n<p><img loading=\"lazy\" decoding=\"async\" title=\"lavander\u00eda-limpia-recompensas-se\u00f1ora\" src=\"https:\/\/cleanlaundry.com\/wp-content\/uploads\/2022\/02\/clean-laundry-rewards-lady.jpg\" alt=\"clean laundry rewards happy woman\" width=\"700\" height=\"666\" \/><\/p>\r\n<h2>M\u00e9tete en el ciclo<\/h2>\r\n<p>Ser\u00e1s el primero en saber cu\u00e1ndo tenemos promociones flash, lavado gratis o promociones en seco.<\/p>\r\n<p><a role=\"button\" href=\"\/es\/email\/\" target=\"_self\" rel=\"noopener\"> Reg\u00edstrese para recibir correos electr\u00f3nicos <\/a><\/p>","protected":false},"excerpt":{"rendered":"<p>CLEAN LAUNDRY REWARDS PROGRAM Save time and money,and earn rewards along the way. get started Download the app and start earning rewards today: How it works Earn points for each dollar spent, and use your points for laundry credits. Every $1 earns you 4 points. After 1,000 points you get a $10 credit. To get&hellip;<\/p>","protected":false},"author":101012,"featured_media":0,"parent":0,"menu_order":0,"comment_status":"closed","ping_status":"closed","template":"","meta":{"footnotes":""},"class_list":["post-13251","page","type-page","status-publish","hentry"],"yoast_head":"<!-- This site is optimized with the Yoast SEO plugin v25.0 - https:\/\/yoast.com\/wordpress\/plugins\/seo\/ -->\n<title>Clean Laundry Rewards - Clean Laundry<\/title>\n<meta name=\"robots\" content=\"index, follow, max-snippet:-1, max-image-preview:large, max-video-preview:-1\" \/>\n<link rel=\"canonical\" href=\"https:\/\/cleanlaundry.com\/es\/clean-laundry-rewards\/\" \/>\n<meta property=\"og:locale\" content=\"es_MX\" \/>\n<meta property=\"og:type\" content=\"article\" \/>\n<meta property=\"og:title\" content=\"Clean Laundry Rewards - Clean Laundry\" \/>\n<meta property=\"og:description\" content=\"CLEAN LAUNDRY REWARDS PROGRAM Save time and money,and earn rewards along the way. get started Download the app and start earning rewards today: How it works Earn points for each dollar spent, and use your points for laundry credits. Every $1 earns you 4 points. After 1,000 points you get a $10 credit. To get&hellip;\" \/>\n<meta property=\"og:url\" content=\"https:\/\/cleanlaundry.com\/es\/clean-laundry-rewards\/\" \/>\n<meta property=\"og:site_name\" content=\"Clean Laundry\" \/>\n<meta property=\"article:modified_time\" content=\"2022-11-01T15:48:32+00:00\" \/>\n<meta property=\"og:image\" content=\"https:\/\/cleanlaundry.com\/wp-content\/uploads\/2022\/02\/Google-Black@4x.png\" \/>\n<meta name=\"twitter:card\" content=\"summary_large_image\" \/>\n<meta name=\"twitter:label1\" content=\"Tiempo de lectura\" \/>\n\t<meta name=\"twitter:data1\" content=\"2 minutos\" \/>\n<script type=\"application\/ld+json\" class=\"yoast-schema-graph\">{\"@context\":\"https:\/\/schema.org\",\"@graph\":[{\"@type\":\"WebPage\",\"@id\":\"https:\/\/cleanlaundry.com\/clean-laundry-rewards\/\",\"url\":\"https:\/\/cleanlaundry.com\/clean-laundry-rewards\/\",\"name\":\"Clean Laundry Rewards - Clean Laundry\",\"isPartOf\":{\"@id\":\"https:\/\/cleanlaundry.com\/#website\"},\"primaryImageOfPage\":{\"@id\":\"https:\/\/cleanlaundry.com\/clean-laundry-rewards\/#primaryimage\"},\"image\":{\"@id\":\"https:\/\/cleanlaundry.com\/clean-laundry-rewards\/#primaryimage\"},\"thumbnailUrl\":\"https:\/\/cleanlaundry.com\/wp-content\/uploads\/2022\/02\/Google-Black@4x.png\",\"datePublished\":\"2022-02-02T21:26:42+00:00\",\"dateModified\":\"2022-11-01T15:48:32+00:00\",\"breadcrumb\":{\"@id\":\"https:\/\/cleanlaundry.com\/clean-laundry-rewards\/#breadcrumb\"},\"inLanguage\":\"es\",\"potentialAction\":[{\"@type\":\"ReadAction\",\"target\":[\"https:\/\/cleanlaundry.com\/clean-laundry-rewards\/\"]}]},{\"@type\":\"ImageObject\",\"inLanguage\":\"es\",\"@id\":\"https:\/\/cleanlaundry.com\/clean-laundry-rewards\/#primaryimage\",\"url\":\"https:\/\/cleanlaundry.com\/wp-content\/uploads\/2022\/02\/Google-Black@4x.png\",\"contentUrl\":\"https:\/\/cleanlaundry.com\/wp-content\/uploads\/2022\/02\/Google-Black@4x.png\"},{\"@type\":\"BreadcrumbList\",\"@id\":\"https:\/\/cleanlaundry.com\/clean-laundry-rewards\/#breadcrumb\",\"itemListElement\":[{\"@type\":\"ListItem\",\"position\":1,\"name\":\"Home\",\"item\":\"https:\/\/cleanlaundry.com\/\"},{\"@type\":\"ListItem\",\"position\":2,\"name\":\"Clean Laundry Rewards\"}]},{\"@type\":\"WebSite\",\"@id\":\"https:\/\/cleanlaundry.com\/#website\",\"url\":\"https:\/\/cleanlaundry.com\/\",\"name\":\"Clean Laundry\",\"description\":\"Clean Laundry\",\"potentialAction\":[{\"@type\":\"SearchAction\",\"target\":{\"@type\":\"EntryPoint\",\"urlTemplate\":\"https:\/\/cleanlaundry.com\/?s={search_term_string}\"},\"query-input\":{\"@type\":\"PropertyValueSpecification\",\"valueRequired\":true,\"valueName\":\"search_term_string\"}}],\"inLanguage\":\"es\"}]}<\/script>\n<!-- \/ Yoast SEO plugin. -->","yoast_head_json":{"title":"Clean Laundry Rewards - Clean Laundry","robots":{"index":"index","follow":"follow","max-snippet":"max-snippet:-1","max-image-preview":"max-image-preview:large","max-video-preview":"max-video-preview:-1"},"canonical":"https:\/\/cleanlaundry.com\/es\/clean-laundry-rewards\/","og_locale":"es_MX","og_type":"article","og_title":"Clean Laundry Rewards - Clean Laundry","og_description":"CLEAN LAUNDRY REWARDS PROGRAM Save time and money,and earn rewards along the way. get started Download the app and start earning rewards today: How it works Earn points for each dollar spent, and use your points for laundry credits. Every $1 earns you 4 points. After 1,000 points you get a $10 credit. To get&hellip;","og_url":"https:\/\/cleanlaundry.com\/es\/clean-laundry-rewards\/","og_site_name":"Clean Laundry","article_modified_time":"2022-11-01T15:48:32+00:00","og_image":[{"url":"https:\/\/cleanlaundry.com\/wp-content\/uploads\/2022\/02\/Google-Black@4x.png","type":"","width":"","height":""}],"twitter_card":"summary_large_image","twitter_misc":{"Tiempo de lectura":"2 minutos"},"schema":{"@context":"https:\/\/schema.org","@graph":[{"@type":"WebPage","@id":"https:\/\/cleanlaundry.com\/clean-laundry-rewards\/","url":"https:\/\/cleanlaundry.com\/clean-laundry-rewards\/","name":"Clean Laundry Rewards - Clean Laundry","isPartOf":{"@id":"https:\/\/cleanlaundry.com\/#website"},"primaryImageOfPage":{"@id":"https:\/\/cleanlaundry.com\/clean-laundry-rewards\/#primaryimage"},"image":{"@id":"https:\/\/cleanlaundry.com\/clean-laundry-rewards\/#primaryimage"},"thumbnailUrl":"https:\/\/cleanlaundry.com\/wp-content\/uploads\/2022\/02\/Google-Black@4x.png","datePublished":"2022-02-02T21:26:42+00:00","dateModified":"2022-11-01T15:48:32+00:00","breadcrumb":{"@id":"https:\/\/cleanlaundry.com\/clean-laundry-rewards\/#breadcrumb"},"inLanguage":"es","potentialAction":[{"@type":"ReadAction","target":["https:\/\/cleanlaundry.com\/clean-laundry-rewards\/"]}]},{"@type":"ImageObject","inLanguage":"es","@id":"https:\/\/cleanlaundry.com\/clean-laundry-rewards\/#primaryimage","url":"https:\/\/cleanlaundry.com\/wp-content\/uploads\/2022\/02\/Google-Black@4x.png","contentUrl":"https:\/\/cleanlaundry.com\/wp-content\/uploads\/2022\/02\/Google-Black@4x.png"},{"@type":"BreadcrumbList","@id":"https:\/\/cleanlaundry.com\/clean-laundry-rewards\/#breadcrumb","itemListElement":[{"@type":"ListItem","position":1,"name":"Home","item":"https:\/\/cleanlaundry.com\/"},{"@type":"ListItem","position":2,"name":"Clean Laundry Rewards"}]},{"@type":"WebSite","@id":"https:\/\/cleanlaundry.com\/#website","url":"https:\/\/cleanlaundry.com\/","name":"Ropa limpia","description":"Ropa limpia","potentialAction":[{"@type":"SearchAction","target":{"@type":"EntryPoint","urlTemplate":"https:\/\/cleanlaundry.com\/?s={search_term_string}"},"query-input":{"@type":"PropertyValueSpecification","valueRequired":true,"valueName":"search_term_string"}}],"inLanguage":"es"}]}},"_links":{"self":[{"href":"https:\/\/cleanlaundry.com\/es\/wp-json\/wp\/v2\/pages\/13251","targetHints":{"allow":["GET"]}}],"collection":[{"href":"https:\/\/cleanlaundry.com\/es\/wp-json\/wp\/v2\/pages"}],"about":[{"href":"https:\/\/cleanlaundry.com\/es\/wp-json\/wp\/v2\/types\/page"}],"author":[{"embeddable":true,"href":"https:\/\/cleanlaundry.com\/es\/wp-json\/wp\/v2\/users\/101012"}],"replies":[{"embeddable":true,"href":"https:\/\/cleanlaundry.com\/es\/wp-json\/wp\/v2\/comments?post=13251"}],"version-history":[{"count":19,"href":"https:\/\/cleanlaundry.com\/es\/wp-json\/wp\/v2\/pages\/13251\/revisions"}],"predecessor-version":[{"id":13275,"href":"https:\/\/cleanlaundry.com\/es\/wp-json\/wp\/v2\/pages\/13251\/revisions\/13275"}],"wp:attachment":[{"href":"https:\/\/cleanlaundry.com\/es\/wp-json\/wp\/v2\/media?parent=13251"}],"curies":[{"name":"wp","href":"https:\/\/api.w.org\/{rel}","templated":true}]}}