{"id":12944,"date":"2021-09-30T14:51:54","date_gmt":"2021-09-30T19:51:54","guid":{"rendered":"https:\/\/cleanlaundry.com\/?page_id=12944"},"modified":"2025-11-12T09:11:01","modified_gmt":"2025-11-12T15:11:01","slug":"3727-se-14th-st","status":"publish","type":"page","link":"https:\/\/cleanlaundry.com\/es\/locations\/iowa\/des-moines\/3727-se-14th-st\/","title":{"rendered":"Lavander\u00eda en 3727 SE 14th St. Suite C Des Moines, IA | Lavander\u00eda limpia"},"content":{"rendered":"<h1>Lavander\u00eda Des Moines en SE 14th St.<\/h1>\n<h2>Una lavander\u00eda autom\u00e1tica nueva, limpia, conveniente y abierta hasta tarde en Des Moines<\/h2>\n\t\t\t<a href=\"https:\/\/www.google.com\/maps?cid=43663387259558793&#038;_ga=2.17396604.493115568.1646054477-1496311450.1643640942\" target=\"_blank\" rel=\"noopener\">\n\t\t\t\t\t\t\tObtener las direcciones\n\t\t\t<\/a>\n\t<h4><a href=\"\" target=\"_blank\" rel=\"noopener\">\u00a03727 SE 14th St. en Des Moines<\/a><\/h4>\n\t<a href=\"tel:515-620-2326\"> 515-992-2170<\/a><br \/>\n <a href=\"mailto:store0026@cleanlaundry.com\">Env\u00edanos un correo electr\u00f3nico<\/a><br \/>\n\u00a0daily 5am-10pm\n<p>huebsch location pin: cl0026<\/p>\n\t<h3>\u00a1Tu nueva lavander\u00eda autom\u00e1tica sin monedas favorita y mucho m\u00e1s!<\/h3>\n<p>La lavander\u00eda limpia m\u00e1s nueva en Des Moines, <a href=\"https:\/\/cleanlaundry.com\/es\/locations\/iowa\/\">Iowa<\/a>, esta lavander\u00eda est\u00e1 convenientemente ubicada en SE 14th Street, cerca de Little Ceasars en el lado sur de Des Moines. Justo al sur de Indianola Avenue, esta lavander\u00eda es un lugar limpio, c\u00f3modo y completamente nuevo para lavar la ropa en menos de una hora.\u00a0<\/p>\n\t\t\t\t<img loading=\"lazy\" decoding=\"async\" src=\"https:\/\/cleanlaundry.com\/wp-content\/uploads\/2022\/11\/CL-05.06-Nugget-Rewards-HB1-copy.png\" alt=\"CL-05.06-Nugget-Rewards-HB1 copy\" itemprop=\"image\" height=\"500\" width=\"500\" title=\"Copia CL-05.06-Nugget-Rewards-HB1\" onerror=\"this.style.display='none'\"  \/>\n\t<h2>Earn While You Wash<\/h2>\n<p>Laundry made smarter. Use our app to earn rewards and see which machines are open before you stop by!<\/p>\n<p><a href=\"https:\/\/cleanlaundry.com\/es\/mobile\/huebsch\/\">Descarga aqu\u00ed<\/a><\/p>\n<p>Location Pin Number: CL0026<\/p>\n\t\t\t\t<img loading=\"lazy\" decoding=\"async\" src=\"https:\/\/cleanlaundry.com\/wp-content\/uploads\/2022\/02\/CL26-05.01-Storefront-DSM3.jpg\" alt=\"Clean Laundry on SE 14th in Des Moines, IA\" itemprop=\"image\" height=\"350\" width=\"600\" title=\"CL26-05.01-Escaparate-DSM3\" onerror=\"this.style.display='none'\"  \/>\n    <h5>3727 SE 14th St Suite C<\/h5>\n    <p>Junto a Little Caesars<\/p>\n    <p>Des Moines, IA 50320 <\/p>\n    \n      <a href=\"https:\/\/goo.gl\/maps\/KS5XF799AggiDHWu7\" target=\"_blank\">mapas de Google <\/a>  \n    \n\t\t\t\t<a href=\"https:\/\/cleanlaundryexpress.com\/\"  target=\"_blank\" rel=\"noopener\"  itemprop=\"url\">\n\t\t\t\t<img loading=\"lazy\" decoding=\"async\" src=\"https:\/\/cleanlaundry.com\/wp-content\/uploads\/2022\/04\/CLX-Logo-01.png\" alt=\"Clean Laundry Express Wash Dry Fold Pick-up and Delivery\" itemprop=\"image\" height=\"972\" width=\"979\" title=\"Logotipo CLX-01\" onerror=\"this.style.display='none'\"  \/>\n\t\t\t\t<\/a>\n\t<h1><a href=\"https:\/\/cleanlaundryexpress.com\/cedar-rapids-iowa\/\" target=\"_blank\" rel=\"noopener\">Lavander\u00eda limpia Express<\/a><\/h1>\n<h4>Servicio de lavander\u00eda de recogida y entrega<\/h4>\n<p>\u00a1Nunca vuelvas a lavar la ropa! Lo lavamos. Lo secamos. Lo doblamos y te lo entregamos en la puerta de tu casa.<\/p>\n\t\t\t<a href=\"https:\/\/cleanlaundryexpress.com\/\" target=\"_blank\" rel=\"noopener\">\n\t\t\t\t\t\t\taprende m\u00e1s\n\t\t\t\t\t<\/a>\n\t<iframe src=\"https:\/\/www.google.com\/maps\/embed\/v1\/place?q=Clean+Laundry%0A3727+SE+14th+St.%0ADes+Moines%2C+IA+50320&#038;key=AIzaSyD09zQ9PNDNNy9TadMuzRV_UsPUoWKntt8\" aria-hidden=\"true\"><\/iframe>\n\t<h4>Descubra la diferencia Clean Laundry<\/h4>\n<p>Imagine un lugar donde pueda lavar su ropa en una hora o menos, una lavander\u00eda que est\u00e9 siempre brillante y limpia, una instalaci\u00f3n con equipos de lavander\u00eda de \u00faltima generaci\u00f3n que se adapten a todas las necesidades sin importar el tama\u00f1o de la carga. Con Wi-Fi gratis, televisores de 70 \u2033, abre hasta tarde y est\u00e1 monitoreado para su seguridad. Un lugar que fue cuidadosamente dise\u00f1ado para garantizar su comodidad y hacer que lavar su ropa sea lo m\u00e1s r\u00e1pido y f\u00e1cil posible. Ya no necesitas imagin\u00e1rtelo, \u00a1est\u00e1 aqu\u00ed en Des Moines en SE 14th St! Somos Lavander\u00eda Limpia, \u00a1y ya es hora!<\/p>\n\t            <div class=\"rplg\" style=\"\" data-id=\"13379\"><div class=\"rplg-list2\"><div class=\"rplg-businesses\"><div class=\"rplg-box\"><div class=\"rplg-row\"><div class=\"rplg-row-left\"><img loading=\"lazy\" decoding=\"async\" src=\"data:image\/gif;base64,R0lGODlhAQABAIAAAAAAAP\/\/\/yH5BAEAAAAALAAAAAABAAEAAAIBRAA7\" data-src=\"https:\/\/lh3.googleusercontent.com\/a\/default-user=s132\" class=\"rplg-review-avatar rplg-blazy\" alt=\"Clean Laundry\" width=\"56\" height=\"56\" title=\"Ropa limpia\" onerror=\"if(this.src!='data:image\/gif;base64,R0lGODlhAQABAIAAAAAAAP\/\/\/yH5BAEAAAAALAAAAAABAAEAAAIBRAA7')this.src='data:image\/gif;base64,R0lGODlhAQABAIAAAAAAAP\/\/\/yH5BAEAAAAALAAAAAABAAEAAAIBRAA7';\" ><\/div><div class=\"rplg-row-right\"><div class=\"rplg-biz-name rplg-trim\"><a href=\"https:\/\/cleanlaundry.com\/es\/locations\/iowa\/des-moines\/3727-se-14th-st\/\" class=\"\" target=\"_blank\" rel=\"noopener nofollow\"  >Ropa limpia<\/a><\/div><div><div class=\"rplg-biz-rating rplg-trim rplg-biz-google\"><div class=\"rplg-stars\" data-info=\"0,google,\"><\/div><\/div><\/div><div class=\"rplg-links\"><a href=\"https:\/\/search.google.com\/local\/reviews?placeid=ChIJe9d9vlqZ7ocRidtLj54fmwA\" target=\"_blank\" rel=\"noopener\" onclick=\"return true;\">Ver todas las cr\u00edticas<\/a><a href=\"javascript:void(0)\" onclick=\"_rplg_popup('https:\/\/search.google.com\/local\/writereview?placeid=ChIJe9d9vlqZ7ocRidtLj54fmwA', 800, 600)\">Escribe una rese\u00f1a<\/a><\/div><\/div><span class=\"rplg-review-badge\" data-badge=\"google\"><\/span><\/div><\/div><\/div><div class=\"rplg-reviews rplg-cent rplg-zxc\"><\/div><\/div><img loading=\"lazy\" decoding=\"async\" src=\"data:image\/gif;base64,R0lGODlhAQABAIAAAAAAAP\/\/\/yH5BAEAAAAALAAAAAABAAEAAAIBRAA7\" alt=\"js_loader\" onload=\"(function(el, args) { var t = setInterval(function () { if (window.rplg_init_list_theme){ rplg_init_list_theme(el, args); clearInterval(t); } }, 200); })(this.parentNode);\" data-exec=\"false\" data-func=\"rplg_init_list_theme\" data-args='' width=\"1\" height=\"1\" style=\"display:none\"><\/div>            \n<h2>\n\t\tM\u00e1s ubicaciones de lavander\u00eda limpia en Des Moines:\n\t<\/h2>\n\t<h4><a href=\"https:\/\/cleanlaundry.com\/es\/locations\/iowa\/des-moines\/2515-e-euclid-ave-suite-101-des-moines-ia\/\"><strong>Euclic Ave Clean Lavander\u00eda<\/strong><\/a><\/h4>\n2515 E. Euclid Ave Suite 101<br \/>\nAbierto todos los d\u00edas de 6 a. m. a 10 p. m.\n\t\t\t<a href=\"https:\/\/cleanlaundry.com\/es\/locations\/iowa\/des-moines\/2515-e-euclid-ave-suite-101-des-moines-ia\/\" target=\"_self\">\n\t\t\t\t\t\t\t<\/a>\n\t<h4><a href=\"https:\/\/cleanlaundry.com\/es\/locations\/iowa\/des-moines\/laundromat-at-5910-douglas-ave-des-moines-ia-50322\/\"><strong> Douglas Ave <\/strong><strong>Ropa limpia<\/strong><\/a><\/h4>\n<p>5910 Douglas Ave. en Des Moines<\/p>\n<p>Abierto todos los d\u00edas, de 6 am a 10 pm<\/p>\n\t\t\t<a href=\"https:\/\/cleanlaundry.com\/es\/locations\/iowa\/des-moines\/laundromat-at-5910-douglas-ave-des-moines-ia-50322\/\" target=\"_self\">\n\t\t\t\t\t\t\t<\/a>","protected":false},"excerpt":{"rendered":"<p>Des Moines Laundromat on SE 14th St. A brand new clean, convenient, and open late laundromat in Des Moines Get directions \u00a03727 SE 14th St. in Des Moines 515-992-2170 Email us \u00a0daily 5am-10pm huebsch location pin: cl0026 Your new favorite coinless laundry laundromat and so much more! The newest Clean Laundry in Des Moines, Iowa,&hellip;<\/p>","protected":false},"author":101027,"featured_media":13281,"parent":8116,"menu_order":0,"comment_status":"closed","ping_status":"closed","template":"","meta":{"footnotes":""},"class_list":["post-12944","page","type-page","status-publish","has-post-thumbnail","hentry"],"yoast_head":"<!-- This site is optimized with the Yoast SEO plugin v25.0 - https:\/\/yoast.com\/wordpress\/plugins\/seo\/ -->\n<title>Clean Laundry on SE 14th Street in Des Moines, IA<\/title>\n<meta name=\"description\" content=\"Clean Laundry on SE 14th Street in Des Moines with coin &amp; mobile payment options, 1-hour wash &amp; dry, free wifi, and 24\/7 surveillance.\" \/>\n<meta name=\"robots\" content=\"index, follow, max-snippet:-1, max-image-preview:large, max-video-preview:-1\" \/>\n<link rel=\"canonical\" href=\"https:\/\/cleanlaundry.com\/es\/locations\/iowa\/des-moines\/3727-se-14th-st\/\" \/>\n<meta property=\"og:locale\" content=\"es_MX\" \/>\n<meta property=\"og:type\" content=\"article\" \/>\n<meta property=\"og:title\" content=\"Clean Laundry on SE 14th Street in Des Moines, IA\" \/>\n<meta property=\"og:description\" content=\"Clean Laundry on SE 14th Street in Des Moines with coin &amp; mobile payment options, 1-hour wash &amp; dry, free wifi, and 24\/7 surveillance.\" \/>\n<meta property=\"og:url\" content=\"https:\/\/cleanlaundry.com\/es\/locations\/iowa\/des-moines\/3727-se-14th-st\/\" \/>\n<meta property=\"og:site_name\" content=\"Clean Laundry\" \/>\n<meta property=\"article:modified_time\" content=\"2025-11-12T15:11:01+00:00\" \/>\n<meta property=\"og:image\" content=\"https:\/\/cleanlaundry.com\/wp-content\/uploads\/2022\/02\/CL26-05.01-Storefront-DSM3.jpg\" \/>\n\t<meta property=\"og:image:width\" content=\"600\" \/>\n\t<meta property=\"og:image:height\" content=\"350\" \/>\n\t<meta property=\"og:image:type\" content=\"image\/jpeg\" \/>\n<meta name=\"twitter:card\" content=\"summary_large_image\" \/>\n<meta name=\"twitter:label1\" content=\"Tiempo de lectura\" \/>\n\t<meta name=\"twitter:data1\" content=\"2 minutos\" \/>\n<script type=\"application\/ld+json\" class=\"yoast-schema-graph\">{\"@context\":\"https:\/\/schema.org\",\"@graph\":[{\"@type\":\"WebPage\",\"@id\":\"https:\/\/cleanlaundry.com\/locations\/iowa\/des-moines\/3727-se-14th-st\/\",\"url\":\"https:\/\/cleanlaundry.com\/locations\/iowa\/des-moines\/3727-se-14th-st\/\",\"name\":\"Clean Laundry on SE 14th Street in Des Moines, IA\",\"isPartOf\":{\"@id\":\"https:\/\/cleanlaundry.com\/#website\"},\"primaryImageOfPage\":{\"@id\":\"https:\/\/cleanlaundry.com\/locations\/iowa\/des-moines\/3727-se-14th-st\/#primaryimage\"},\"image\":{\"@id\":\"https:\/\/cleanlaundry.com\/locations\/iowa\/des-moines\/3727-se-14th-st\/#primaryimage\"},\"thumbnailUrl\":\"https:\/\/cleanlaundry.com\/wp-content\/uploads\/2022\/02\/CL26-05.01-Storefront-DSM3.jpg\",\"datePublished\":\"2021-09-30T19:51:54+00:00\",\"dateModified\":\"2025-11-12T15:11:01+00:00\",\"description\":\"Clean Laundry on SE 14th Street in Des Moines with coin & mobile payment options, 1-hour wash & dry, free wifi, and 24\/7 surveillance.\",\"breadcrumb\":{\"@id\":\"https:\/\/cleanlaundry.com\/locations\/iowa\/des-moines\/3727-se-14th-st\/#breadcrumb\"},\"inLanguage\":\"es\",\"potentialAction\":[{\"@type\":\"ReadAction\",\"target\":[\"https:\/\/cleanlaundry.com\/locations\/iowa\/des-moines\/3727-se-14th-st\/\"]}]},{\"@type\":\"ImageObject\",\"inLanguage\":\"es\",\"@id\":\"https:\/\/cleanlaundry.com\/locations\/iowa\/des-moines\/3727-se-14th-st\/#primaryimage\",\"url\":\"https:\/\/cleanlaundry.com\/wp-content\/uploads\/2022\/02\/CL26-05.01-Storefront-DSM3.jpg\",\"contentUrl\":\"https:\/\/cleanlaundry.com\/wp-content\/uploads\/2022\/02\/CL26-05.01-Storefront-DSM3.jpg\",\"width\":600,\"height\":350,\"caption\":\"Clean Laundry on SE 14th in Des Moines, IA\"},{\"@type\":\"BreadcrumbList\",\"@id\":\"https:\/\/cleanlaundry.com\/locations\/iowa\/des-moines\/3727-se-14th-st\/#breadcrumb\",\"itemListElement\":[{\"@type\":\"ListItem\",\"position\":1,\"name\":\"Home\",\"item\":\"https:\/\/cleanlaundry.com\/\"},{\"@type\":\"ListItem\",\"position\":2,\"name\":\"All Clean Laundry Locations | Find a laundromat near you\",\"item\":\"https:\/\/cleanlaundry.com\/locations\/\"},{\"@type\":\"ListItem\",\"position\":3,\"name\":\"Laundromats in Iowa | Clean Laundry Locations Near You\",\"item\":\"https:\/\/cleanlaundry.com\/locations\/iowa\/\"},{\"@type\":\"ListItem\",\"position\":4,\"name\":\"Laundromats in Des Moines, Iowa | Clean Laundry Des Moines Locations\",\"item\":\"https:\/\/cleanlaundry.com\/locations\/iowa\/des-moines\/\"},{\"@type\":\"ListItem\",\"position\":5,\"name\":\"Laundromat at 3727 SE 14th St. Suite C Des Moines, IA | Clean Laundry\"}]},{\"@type\":\"WebSite\",\"@id\":\"https:\/\/cleanlaundry.com\/#website\",\"url\":\"https:\/\/cleanlaundry.com\/\",\"name\":\"Clean Laundry\",\"description\":\"Clean Laundry\",\"potentialAction\":[{\"@type\":\"SearchAction\",\"target\":{\"@type\":\"EntryPoint\",\"urlTemplate\":\"https:\/\/cleanlaundry.com\/?s={search_term_string}\"},\"query-input\":{\"@type\":\"PropertyValueSpecification\",\"valueRequired\":true,\"valueName\":\"search_term_string\"}}],\"inLanguage\":\"es\"}]}<\/script>\n<!-- \/ Yoast SEO plugin. -->","yoast_head_json":{"title":"Clean Laundry on SE 14th Street in Des Moines, IA","description":"Clean Laundry on SE 14th Street in Des Moines with coin & mobile payment options, 1-hour wash & dry, free wifi, and 24\/7 surveillance.","robots":{"index":"index","follow":"follow","max-snippet":"max-snippet:-1","max-image-preview":"max-image-preview:large","max-video-preview":"max-video-preview:-1"},"canonical":"https:\/\/cleanlaundry.com\/es\/locations\/iowa\/des-moines\/3727-se-14th-st\/","og_locale":"es_MX","og_type":"article","og_title":"Clean Laundry on SE 14th Street in Des Moines, IA","og_description":"Clean Laundry on SE 14th Street in Des Moines with coin & mobile payment options, 1-hour wash & dry, free wifi, and 24\/7 surveillance.","og_url":"https:\/\/cleanlaundry.com\/es\/locations\/iowa\/des-moines\/3727-se-14th-st\/","og_site_name":"Clean Laundry","article_modified_time":"2025-11-12T15:11:01+00:00","og_image":[{"width":600,"height":350,"url":"https:\/\/cleanlaundry.com\/wp-content\/uploads\/2022\/02\/CL26-05.01-Storefront-DSM3.jpg","type":"image\/jpeg"}],"twitter_card":"summary_large_image","twitter_misc":{"Tiempo de lectura":"2 minutos"},"schema":{"@context":"https:\/\/schema.org","@graph":[{"@type":"WebPage","@id":"https:\/\/cleanlaundry.com\/locations\/iowa\/des-moines\/3727-se-14th-st\/","url":"https:\/\/cleanlaundry.com\/locations\/iowa\/des-moines\/3727-se-14th-st\/","name":"Clean Laundry on SE 14th Street in Des Moines, IA","isPartOf":{"@id":"https:\/\/cleanlaundry.com\/#website"},"primaryImageOfPage":{"@id":"https:\/\/cleanlaundry.com\/locations\/iowa\/des-moines\/3727-se-14th-st\/#primaryimage"},"image":{"@id":"https:\/\/cleanlaundry.com\/locations\/iowa\/des-moines\/3727-se-14th-st\/#primaryimage"},"thumbnailUrl":"https:\/\/cleanlaundry.com\/wp-content\/uploads\/2022\/02\/CL26-05.01-Storefront-DSM3.jpg","datePublished":"2021-09-30T19:51:54+00:00","dateModified":"2025-11-12T15:11:01+00:00","description":"Clean Laundry on SE 14th Street in Des Moines with coin & mobile payment options, 1-hour wash & dry, free wifi, and 24\/7 surveillance.","breadcrumb":{"@id":"https:\/\/cleanlaundry.com\/locations\/iowa\/des-moines\/3727-se-14th-st\/#breadcrumb"},"inLanguage":"es","potentialAction":[{"@type":"ReadAction","target":["https:\/\/cleanlaundry.com\/locations\/iowa\/des-moines\/3727-se-14th-st\/"]}]},{"@type":"ImageObject","inLanguage":"es","@id":"https:\/\/cleanlaundry.com\/locations\/iowa\/des-moines\/3727-se-14th-st\/#primaryimage","url":"https:\/\/cleanlaundry.com\/wp-content\/uploads\/2022\/02\/CL26-05.01-Storefront-DSM3.jpg","contentUrl":"https:\/\/cleanlaundry.com\/wp-content\/uploads\/2022\/02\/CL26-05.01-Storefront-DSM3.jpg","width":600,"height":350,"caption":"Clean Laundry on SE 14th in Des Moines, IA"},{"@type":"BreadcrumbList","@id":"https:\/\/cleanlaundry.com\/locations\/iowa\/des-moines\/3727-se-14th-st\/#breadcrumb","itemListElement":[{"@type":"ListItem","position":1,"name":"Home","item":"https:\/\/cleanlaundry.com\/"},{"@type":"ListItem","position":2,"name":"All Clean Laundry Locations | Find a laundromat near you","item":"https:\/\/cleanlaundry.com\/locations\/"},{"@type":"ListItem","position":3,"name":"Laundromats in Iowa | Clean Laundry Locations Near You","item":"https:\/\/cleanlaundry.com\/locations\/iowa\/"},{"@type":"ListItem","position":4,"name":"Laundromats in Des Moines, Iowa | Clean Laundry Des Moines Locations","item":"https:\/\/cleanlaundry.com\/locations\/iowa\/des-moines\/"},{"@type":"ListItem","position":5,"name":"Laundromat at 3727 SE 14th St. Suite C Des Moines, IA | Clean Laundry"}]},{"@type":"WebSite","@id":"https:\/\/cleanlaundry.com\/#website","url":"https:\/\/cleanlaundry.com\/","name":"Clean Laundry","description":"Clean Laundry","potentialAction":[{"@type":"SearchAction","target":{"@type":"EntryPoint","urlTemplate":"https:\/\/cleanlaundry.com\/?s={search_term_string}"},"query-input":{"@type":"PropertyValueSpecification","valueRequired":true,"valueName":"search_term_string"}}],"inLanguage":"es"}]}},"_links":{"self":[{"href":"https:\/\/cleanlaundry.com\/es\/wp-json\/wp\/v2\/pages\/12944","targetHints":{"allow":["GET"]}}],"collection":[{"href":"https:\/\/cleanlaundry.com\/es\/wp-json\/wp\/v2\/pages"}],"about":[{"href":"https:\/\/cleanlaundry.com\/es\/wp-json\/wp\/v2\/types\/page"}],"author":[{"embeddable":true,"href":"https:\/\/cleanlaundry.com\/es\/wp-json\/wp\/v2\/users\/101027"}],"replies":[{"embeddable":true,"href":"https:\/\/cleanlaundry.com\/es\/wp-json\/wp\/v2\/comments?post=12944"}],"version-history":[{"count":34,"href":"https:\/\/cleanlaundry.com\/es\/wp-json\/wp\/v2\/pages\/12944\/revisions"}],"predecessor-version":[{"id":15282,"href":"https:\/\/cleanlaundry.com\/es\/wp-json\/wp\/v2\/pages\/12944\/revisions\/15282"}],"up":[{"embeddable":true,"href":"https:\/\/cleanlaundry.com\/es\/wp-json\/wp\/v2\/pages\/8116"}],"wp:featuredmedia":[{"embeddable":true,"href":"https:\/\/cleanlaundry.com\/es\/wp-json\/wp\/v2\/media\/13281"}],"wp:attachment":[{"href":"https:\/\/cleanlaundry.com\/es\/wp-json\/wp\/v2\/media?parent=12944"}],"curies":[{"name":"wp","href":"https:\/\/api.w.org\/{rel}","templated":true}]}}