{"id":12834,"date":"2021-09-01T16:28:44","date_gmt":"2021-09-01T21:28:44","guid":{"rendered":"https:\/\/cleanlaundry.com\/?page_id=12834"},"modified":"2023-02-02T13:18:39","modified_gmt":"2023-02-02T19:18:39","slug":"mobile","status":"publish","type":"page","link":"https:\/\/cleanlaundry.com\/es\/mobile\/","title":{"rendered":"M\u00f3vil"},"content":{"rendered":"<h1>\n\t\tServicios de lavander\u00eda sin monedas\n\t<\/h1>\n\t<p>Clean Laundry se enorgullece de ofrecer una conveniente opci\u00f3n de lavander\u00eda sin monedas en todas las ubicaciones. Disfrute de un pago seguro y un control operativo total de su experiencia de lavado, todo al alcance de su mano. Para configurarlo, identifique la marca de la m\u00e1quina y descargue la aplicaci\u00f3n correspondiente. \u00a1Nunca m\u00e1s te preocupes por las monedas!<\/p>\n<h3>Dos tipos de m\u00e1quinas, dos aplicaciones diferentes:<\/h3>\n\t\t\t<a href=\"https:\/\/cleanlaundry.com\/es\/mobile\/dexterpay\/\" target=\"_self\" role=\"button\" rel=\"noopener\">\n\t\t\t\t\t\t\tDexterPay\n\t\t\t\t\t<\/a>\n\t\t\t<a href=\"https:\/\/cleanlaundry.com\/es\/mobile-pay-huebsch\/\" target=\"_self\" role=\"button\" rel=\"noopener\">\n\t\t\t\t\t\t\tHuebsch\n\t\t\t\t\t<\/a>\n\t\t\t\t<img loading=\"lazy\" decoding=\"async\" src=\"https:\/\/cleanlaundry.com\/wp-content\/uploads\/2021\/09\/CL-Mobile-App-Image-1.jpg\" alt=\"clean laundry mobile app\" itemprop=\"image\" height=\"750\" width=\"750\" title=\"Imagen de aplicaci\u00f3n m\u00f3vil CL\" onerror=\"this.style.display='none'\"  \/>\n<h2>\n\t\tEncuentre la marca de su m\u00e1quina\n\t<\/h2>\n\t<p>La ubicaci\u00f3n de Clean Laundry m\u00e1s cercana a usted estar\u00e1 equipada con uno de los siguientes tipos de m\u00e1quinas: Dexter o Huebsch. El nombre de la marca ser\u00e1 claramente visible en la parte frontal de todas las m\u00e1quinas.<\/p>\n\t\t\t\t<img loading=\"lazy\" decoding=\"async\" src=\"https:\/\/cleanlaundry.com\/wp-content\/uploads\/2021\/09\/dexterpay-machine-198x300.jpg\" alt=\"dexterpay machine with app\" itemprop=\"image\" height=\"300\" width=\"198\" title=\"dexterpay-machine\" onerror=\"this.style.display='none'\"  \/>\n\t<h3>Diestro<\/h3>\n<p>Las m\u00e1quinas Dexter suelen ser de acero inoxidable con un panel azul. Para usar DexterPay, ubique la aplicaci\u00f3n en su tienda de aplicaciones, luego ingrese la ubicaci\u00f3n y los n\u00fameros de m\u00e1quina, que se encuentran en una etiqueta en la parte frontal de cada m\u00e1quina.<\/p>\n\t\t\t<a href=\"https:\/\/cleanlaundry.com\/es\/mobile\/dexterpay\/\" target=\"_self\" role=\"button\" rel=\"noopener\">\n\t\t\t\t\t\t\tAprende m\u00e1s\n\t\t\t\t\t<\/a>\n\t\t\t\t<img loading=\"lazy\" decoding=\"async\" src=\"https:\/\/cleanlaundry.com\/wp-content\/uploads\/2021\/09\/huebsch-machine-198x300.jpg\" alt=\"huebsch machine with app\" itemprop=\"image\" height=\"300\" width=\"198\" title=\"huebsch-machine\" onerror=\"this.style.display='none'\"  \/>\n\t<h3>Huebsch<\/h3>\n<p>Las m\u00e1quinas Huebsch suelen ser de acero inoxidable con pantalla t\u00e1ctil. Para usar la aplicaci\u00f3n Huebsch, ubique la aplicaci\u00f3n en su tienda de aplicaciones. Luego ingrese la ubicaci\u00f3n y los n\u00fameros de m\u00e1quina, que se encuentran en una etiqueta en la parte frontal de cada m\u00e1quina.<\/p>\n\t\t\t<a href=\"https:\/\/cleanlaundry.com\/es\/mobile-pay-huebsch\/\" target=\"_self\" role=\"button\" rel=\"noopener\">\n\t\t\t\t\t\t\tAprende m\u00e1s\n\t\t\t\t\t<\/a>\n\t\t<h2>Vamos a dar una vuelta<\/h2>\n\t\t<p>Experimente la diferencia de lavander\u00eda limpia<\/p>\n\t\t\t<a href=\"\/es\/find-a-laundromat-near-you-all-clean-laundry-locations\/\" target=\"_self\" role=\"button\" rel=\"noopener\">\n\t\t\t\t\t\tEncuentra una ubicaci\u00f3n cerca de m\u00ed\n\t\t\t\t\t<\/a>","protected":false},"excerpt":{"rendered":"<p>Servicios de lavander\u00eda sin monedas Clean Laundry se enorgullece de ofrecer una conveniente opci\u00f3n de lavander\u00eda sin monedas en todas las ubicaciones. Disfrute de un pago seguro y un control operativo total de su experiencia de lavado, todo al alcance de su mano. Para configurarlo, identifique la marca de la m\u00e1quina y descargue la aplicaci\u00f3n correspondiente. \u00a1Nunca m\u00e1s te preocupes por las monedas! Dos tipos de m\u00e1quinas, dos aplicaciones diferentes: DexterPay\u2026<\/p>","protected":false},"author":101027,"featured_media":0,"parent":0,"menu_order":0,"comment_status":"closed","ping_status":"closed","template":"","meta":{"footnotes":""},"class_list":["post-12834","page","type-page","status-publish","hentry"],"yoast_head":"<!-- This site is optimized with the Yoast SEO plugin v25.0 - https:\/\/yoast.com\/wordpress\/plugins\/seo\/ -->\n<title>Mobile - Clean Laundry<\/title>\n<meta name=\"robots\" content=\"index, follow, max-snippet:-1, max-image-preview:large, max-video-preview:-1\" \/>\n<link rel=\"canonical\" href=\"https:\/\/cleanlaundry.com\/es\/mobile\/\" \/>\n<meta property=\"og:locale\" content=\"es_MX\" \/>\n<meta property=\"og:type\" content=\"article\" \/>\n<meta property=\"og:title\" content=\"Mobile - Clean Laundry\" \/>\n<meta property=\"og:description\" content=\"Coinless Laundry Services Clean Laundry proudly offers a convenient coin-free laundry option at all locations! Enjoy secure payment and full operational control of your laundry experience, all at your fingertips. To get set up, identify the machine brand and download the corresponding app. Never worry about quarters again! Two machine types, two different apps: DexterPay&hellip;\" \/>\n<meta property=\"og:url\" content=\"https:\/\/cleanlaundry.com\/es\/mobile\/\" \/>\n<meta property=\"og:site_name\" content=\"Clean Laundry\" \/>\n<meta property=\"article:modified_time\" content=\"2023-02-02T19:18:39+00:00\" \/>\n<meta property=\"og:image\" content=\"https:\/\/cleanlaundry.com\/wp-content\/uploads\/2021\/09\/CL-Mobile-App-Image-1.jpg\" \/>\n<meta name=\"twitter:card\" content=\"summary_large_image\" \/>\n<meta name=\"twitter:label1\" content=\"Tiempo de lectura\" \/>\n\t<meta name=\"twitter:data1\" content=\"1 minuto\" \/>\n<script type=\"application\/ld+json\" class=\"yoast-schema-graph\">{\"@context\":\"https:\/\/schema.org\",\"@graph\":[{\"@type\":\"WebPage\",\"@id\":\"https:\/\/cleanlaundry.com\/mobile\/\",\"url\":\"https:\/\/cleanlaundry.com\/mobile\/\",\"name\":\"Mobile - Clean Laundry\",\"isPartOf\":{\"@id\":\"https:\/\/cleanlaundry.com\/#website\"},\"primaryImageOfPage\":{\"@id\":\"https:\/\/cleanlaundry.com\/mobile\/#primaryimage\"},\"image\":{\"@id\":\"https:\/\/cleanlaundry.com\/mobile\/#primaryimage\"},\"thumbnailUrl\":\"https:\/\/cleanlaundry.com\/wp-content\/uploads\/2021\/09\/CL-Mobile-App-Image-1.jpg\",\"datePublished\":\"2021-09-01T21:28:44+00:00\",\"dateModified\":\"2023-02-02T19:18:39+00:00\",\"breadcrumb\":{\"@id\":\"https:\/\/cleanlaundry.com\/mobile\/#breadcrumb\"},\"inLanguage\":\"es\",\"potentialAction\":[{\"@type\":\"ReadAction\",\"target\":[\"https:\/\/cleanlaundry.com\/mobile\/\"]}]},{\"@type\":\"ImageObject\",\"inLanguage\":\"es\",\"@id\":\"https:\/\/cleanlaundry.com\/mobile\/#primaryimage\",\"url\":\"https:\/\/cleanlaundry.com\/wp-content\/uploads\/2021\/09\/CL-Mobile-App-Image-1.jpg\",\"contentUrl\":\"https:\/\/cleanlaundry.com\/wp-content\/uploads\/2021\/09\/CL-Mobile-App-Image-1.jpg\"},{\"@type\":\"BreadcrumbList\",\"@id\":\"https:\/\/cleanlaundry.com\/mobile\/#breadcrumb\",\"itemListElement\":[{\"@type\":\"ListItem\",\"position\":1,\"name\":\"Home\",\"item\":\"https:\/\/cleanlaundry.com\/\"},{\"@type\":\"ListItem\",\"position\":2,\"name\":\"Mobile\"}]},{\"@type\":\"WebSite\",\"@id\":\"https:\/\/cleanlaundry.com\/#website\",\"url\":\"https:\/\/cleanlaundry.com\/\",\"name\":\"Clean Laundry\",\"description\":\"Clean Laundry\",\"potentialAction\":[{\"@type\":\"SearchAction\",\"target\":{\"@type\":\"EntryPoint\",\"urlTemplate\":\"https:\/\/cleanlaundry.com\/?s={search_term_string}\"},\"query-input\":{\"@type\":\"PropertyValueSpecification\",\"valueRequired\":true,\"valueName\":\"search_term_string\"}}],\"inLanguage\":\"es\"}]}<\/script>\n<!-- \/ Yoast SEO plugin. -->","yoast_head_json":{"title":"Mobile - Clean Laundry","robots":{"index":"index","follow":"follow","max-snippet":"max-snippet:-1","max-image-preview":"max-image-preview:large","max-video-preview":"max-video-preview:-1"},"canonical":"https:\/\/cleanlaundry.com\/es\/mobile\/","og_locale":"es_MX","og_type":"article","og_title":"Mobile - Clean Laundry","og_description":"Coinless Laundry Services Clean Laundry proudly offers a convenient coin-free laundry option at all locations! Enjoy secure payment and full operational control of your laundry experience, all at your fingertips. To get set up, identify the machine brand and download the corresponding app. Never worry about quarters again! Two machine types, two different apps: DexterPay&hellip;","og_url":"https:\/\/cleanlaundry.com\/es\/mobile\/","og_site_name":"Clean Laundry","article_modified_time":"2023-02-02T19:18:39+00:00","og_image":[{"url":"https:\/\/cleanlaundry.com\/wp-content\/uploads\/2021\/09\/CL-Mobile-App-Image-1.jpg","type":"","width":"","height":""}],"twitter_card":"summary_large_image","twitter_misc":{"Tiempo de lectura":"1 minuto"},"schema":{"@context":"https:\/\/schema.org","@graph":[{"@type":"WebPage","@id":"https:\/\/cleanlaundry.com\/mobile\/","url":"https:\/\/cleanlaundry.com\/mobile\/","name":"Mobile - Clean Laundry","isPartOf":{"@id":"https:\/\/cleanlaundry.com\/#website"},"primaryImageOfPage":{"@id":"https:\/\/cleanlaundry.com\/mobile\/#primaryimage"},"image":{"@id":"https:\/\/cleanlaundry.com\/mobile\/#primaryimage"},"thumbnailUrl":"https:\/\/cleanlaundry.com\/wp-content\/uploads\/2021\/09\/CL-Mobile-App-Image-1.jpg","datePublished":"2021-09-01T21:28:44+00:00","dateModified":"2023-02-02T19:18:39+00:00","breadcrumb":{"@id":"https:\/\/cleanlaundry.com\/mobile\/#breadcrumb"},"inLanguage":"es","potentialAction":[{"@type":"ReadAction","target":["https:\/\/cleanlaundry.com\/mobile\/"]}]},{"@type":"ImageObject","inLanguage":"es","@id":"https:\/\/cleanlaundry.com\/mobile\/#primaryimage","url":"https:\/\/cleanlaundry.com\/wp-content\/uploads\/2021\/09\/CL-Mobile-App-Image-1.jpg","contentUrl":"https:\/\/cleanlaundry.com\/wp-content\/uploads\/2021\/09\/CL-Mobile-App-Image-1.jpg"},{"@type":"BreadcrumbList","@id":"https:\/\/cleanlaundry.com\/mobile\/#breadcrumb","itemListElement":[{"@type":"ListItem","position":1,"name":"Home","item":"https:\/\/cleanlaundry.com\/"},{"@type":"ListItem","position":2,"name":"Mobile"}]},{"@type":"WebSite","@id":"https:\/\/cleanlaundry.com\/#website","url":"https:\/\/cleanlaundry.com\/","name":"Ropa limpia","description":"Ropa limpia","potentialAction":[{"@type":"SearchAction","target":{"@type":"EntryPoint","urlTemplate":"https:\/\/cleanlaundry.com\/?s={search_term_string}"},"query-input":{"@type":"PropertyValueSpecification","valueRequired":true,"valueName":"search_term_string"}}],"inLanguage":"es"}]}},"_links":{"self":[{"href":"https:\/\/cleanlaundry.com\/es\/wp-json\/wp\/v2\/pages\/12834","targetHints":{"allow":["GET"]}}],"collection":[{"href":"https:\/\/cleanlaundry.com\/es\/wp-json\/wp\/v2\/pages"}],"about":[{"href":"https:\/\/cleanlaundry.com\/es\/wp-json\/wp\/v2\/types\/page"}],"author":[{"embeddable":true,"href":"https:\/\/cleanlaundry.com\/es\/wp-json\/wp\/v2\/users\/101027"}],"replies":[{"embeddable":true,"href":"https:\/\/cleanlaundry.com\/es\/wp-json\/wp\/v2\/comments?post=12834"}],"version-history":[{"count":8,"href":"https:\/\/cleanlaundry.com\/es\/wp-json\/wp\/v2\/pages\/12834\/revisions"}],"predecessor-version":[{"id":14283,"href":"https:\/\/cleanlaundry.com\/es\/wp-json\/wp\/v2\/pages\/12834\/revisions\/14283"}],"wp:attachment":[{"href":"https:\/\/cleanlaundry.com\/es\/wp-json\/wp\/v2\/media?parent=12834"}],"curies":[{"name":"wp","href":"https:\/\/api.w.org\/{rel}","templated":true}]}}