{"id":12829,"date":"2021-09-01T11:00:24","date_gmt":"2021-09-01T16:00:24","guid":{"rendered":"https:\/\/cleanlaundry.com\/?page_id=12829"},"modified":"2023-10-16T12:46:45","modified_gmt":"2023-10-16T17:46:45","slug":"milwaukee","status":"publish","type":"page","link":"https:\/\/cleanlaundry.com\/es\/locations\/wisconsin\/milwaukee\/","title":{"rendered":"Lavander\u00edas en Milwaukee, WI | Ubicaciones de Clean Laundry en Milwaukee"},"content":{"rendered":"<h1>\n\t\tLavander\u00edas en Milwaukee, WI\n\t<\/h1>\n\t<p>Clean Laundry se enorgullece de ofrecer a los residentes de Milwaukee y West Milwaukee una lavander\u00eda segura, limpia y abierta hasta tarde donde pueden lavar grandes cantidades de ropa en muy poco tiempo.<\/p>\n<h3>\n\t\t\u00a1Dos ubicaciones convenientes!\n\t<\/h3>\n\t<h2><a href=\"https:\/\/cleanlaundry.com\/es\/locations\/wisconsin\/milwaukee\/2086-miller-park-way-west-milwaukee-wi\/\"><strong>West Milwaukee<\/strong><\/a><\/h2>\n\t\t\t\t<a href=\"https:\/\/cleanlaundry.com\/es\/locations\/wisconsin\/milwaukee\/2086-miller-park-way-west-milwaukee-wi\/\" target=\"_self\" itemprop=\"url\" rel=\"noopener\">\n\t\t\t\t<img loading=\"lazy\" decoding=\"async\" src=\"https:\/\/cleanlaundry.com\/wp-content\/uploads\/2021\/03\/CL-21.jpg\" alt=\"Clean Laundry laundromat storefront in West Milwaukee on Miller Park Way\" itemprop=\"image\" height=\"350\" width=\"600\" title=\"CL-21\" onerror=\"this.style.display='none'\"  \/>\n\t\t\t\t<\/a>\n\t<h4>2090 Miller Park Way,<br \/>\nOeste de Milwaukee, WI 52319<\/h4>\n<p>A la salida de W Lincoln Avenue, cerca de Advance Auto Parts<\/p>\n\t<h2><a href=\"https:\/\/cleanlaundry.com\/es\/locations\/wisconsin\/milwaukee\/4343-w-fond-du-lac-ave-milwaukee-wi\/\">Milwaukee<\/a><\/h2>\n\t\t\t\t<a href=\"https:\/\/cleanlaundry.com\/es\/locations\/wisconsin\/milwaukee\/4343-w-fond-du-lac-ave-milwaukee-wi\/\" target=\"_self\" itemprop=\"url\" rel=\"noopener\">\n\t\t\t\t<img loading=\"lazy\" decoding=\"async\" src=\"https:\/\/cleanlaundry.com\/wp-content\/uploads\/2023\/10\/CL37-05.01-WFond-Milwaukee-Storefront-alt.jpg\" alt=\"CL37-05.01-WFond-Milwaukee-Storefront-alt\" itemprop=\"image\" height=\"350\" width=\"600\" title=\"CL37-05.01-WFond-Milwaukee-Storefront-alt\" onerror=\"this.style.display='none'\"  \/>\n\t\t\t\t<\/a>\n\t<h4><a href=\"https:\/\/cleanlaundry.com\/es\/locations\/wisconsin\/milwaukee\/4343-w-fond-du-lac-ave-milwaukee-wi\/\">4328 W Fond Du Lac Ave,<\/a><br \/>\nMilwaukee, WI 52316<\/h4>\n<p>in Sherman Park<\/p>\n<p>&nbsp;<\/p>\n\t\t\t<a href=\"https:\/\/cleanlaundry.com\/es\/locations\/wisconsin\/\" target=\"_self\" rel=\"noopener\">\n\t\t\t\t\t\t\tVer todas las ubicaciones de Wisconsin\n\t\t\t\t\t<\/a>","protected":false},"excerpt":{"rendered":"<p>Lavander\u00edas en Milwaukee, WI Clean Laundry se enorgullece de ofrecer a los residentes de Milwaukee y West Milwaukee una lavander\u00eda segura, limpia y abierta hasta tarde donde pueden lavar grandes cantidades de ropa en muy poco tiempo. \u00a1Dos ubicaciones convenientes! West Milwaukee 2090 Miller Park Way, West Milwaukee, WI 52319 Off W Lincoln Avenue cerca de Advance Auto...<\/p>","protected":false},"author":101027,"featured_media":10902,"parent":8741,"menu_order":0,"comment_status":"closed","ping_status":"closed","template":"","meta":{"footnotes":""},"class_list":["post-12829","page","type-page","status-publish","has-post-thumbnail","hentry"],"yoast_head":"<!-- This site is optimized with the Yoast SEO plugin v25.0 - https:\/\/yoast.com\/wordpress\/plugins\/seo\/ -->\n<title>Laundromats in Milwaukee, WI | Clean Laundry Locations<\/title>\n<meta name=\"description\" content=\"Clean Laundry is proud to offer Milwaukee laundromats that are fast, safe, and clean. Learn more and find the Milwaukee location nearest you.\" \/>\n<meta name=\"robots\" content=\"index, follow, max-snippet:-1, max-image-preview:large, max-video-preview:-1\" \/>\n<link rel=\"canonical\" href=\"https:\/\/cleanlaundry.com\/es\/locations\/wisconsin\/milwaukee\/\" \/>\n<meta property=\"og:locale\" content=\"es_MX\" \/>\n<meta property=\"og:type\" content=\"article\" \/>\n<meta property=\"og:title\" content=\"Laundromats in Milwaukee, WI | Clean Laundry Locations\" \/>\n<meta property=\"og:description\" content=\"Clean Laundry is proud to offer Milwaukee laundromats that are fast, safe, and clean. Learn more and find the Milwaukee location nearest you.\" \/>\n<meta property=\"og:url\" content=\"https:\/\/cleanlaundry.com\/es\/locations\/wisconsin\/milwaukee\/\" \/>\n<meta property=\"og:site_name\" content=\"Clean Laundry\" \/>\n<meta property=\"article:modified_time\" content=\"2023-10-16T17:46:45+00:00\" \/>\n<meta property=\"og:image\" content=\"https:\/\/cleanlaundry.com\/wp-content\/uploads\/2021\/02\/CL-21.jpg\" \/>\n\t<meta property=\"og:image:width\" content=\"600\" \/>\n\t<meta property=\"og:image:height\" content=\"350\" \/>\n\t<meta property=\"og:image:type\" content=\"image\/jpeg\" \/>\n<meta name=\"twitter:card\" content=\"summary_large_image\" \/>\n<script type=\"application\/ld+json\" class=\"yoast-schema-graph\">{\"@context\":\"https:\/\/schema.org\",\"@graph\":[{\"@type\":\"WebPage\",\"@id\":\"https:\/\/cleanlaundry.com\/locations\/wisconsin\/milwaukee\/\",\"url\":\"https:\/\/cleanlaundry.com\/locations\/wisconsin\/milwaukee\/\",\"name\":\"Laundromats in Milwaukee, WI | Clean Laundry Locations\",\"isPartOf\":{\"@id\":\"https:\/\/cleanlaundry.com\/#website\"},\"primaryImageOfPage\":{\"@id\":\"https:\/\/cleanlaundry.com\/locations\/wisconsin\/milwaukee\/#primaryimage\"},\"image\":{\"@id\":\"https:\/\/cleanlaundry.com\/locations\/wisconsin\/milwaukee\/#primaryimage\"},\"thumbnailUrl\":\"https:\/\/cleanlaundry.com\/wp-content\/uploads\/2021\/02\/CL-21.jpg\",\"datePublished\":\"2021-09-01T16:00:24+00:00\",\"dateModified\":\"2023-10-16T17:46:45+00:00\",\"description\":\"Clean Laundry is proud to offer Milwaukee laundromats that are fast, safe, and clean. Learn more and find the Milwaukee location nearest you.\",\"breadcrumb\":{\"@id\":\"https:\/\/cleanlaundry.com\/locations\/wisconsin\/milwaukee\/#breadcrumb\"},\"inLanguage\":\"es\",\"potentialAction\":[{\"@type\":\"ReadAction\",\"target\":[\"https:\/\/cleanlaundry.com\/locations\/wisconsin\/milwaukee\/\"]}]},{\"@type\":\"ImageObject\",\"inLanguage\":\"es\",\"@id\":\"https:\/\/cleanlaundry.com\/locations\/wisconsin\/milwaukee\/#primaryimage\",\"url\":\"https:\/\/cleanlaundry.com\/wp-content\/uploads\/2021\/02\/CL-21.jpg\",\"contentUrl\":\"https:\/\/cleanlaundry.com\/wp-content\/uploads\/2021\/02\/CL-21.jpg\",\"width\":600,\"height\":350,\"caption\":\"Clean Laundry storefront in West Milwaukee on Miller Park Way\"},{\"@type\":\"BreadcrumbList\",\"@id\":\"https:\/\/cleanlaundry.com\/locations\/wisconsin\/milwaukee\/#breadcrumb\",\"itemListElement\":[{\"@type\":\"ListItem\",\"position\":1,\"name\":\"Home\",\"item\":\"https:\/\/cleanlaundry.com\/\"},{\"@type\":\"ListItem\",\"position\":2,\"name\":\"All Clean Laundry Locations | Find a laundromat near you\",\"item\":\"https:\/\/cleanlaundry.com\/locations\/\"},{\"@type\":\"ListItem\",\"position\":3,\"name\":\"Laundromats in Wisconsin\",\"item\":\"https:\/\/cleanlaundry.com\/locations\/wisconsin\/\"},{\"@type\":\"ListItem\",\"position\":4,\"name\":\"Laundromats in Milwaukee, WI | Clean Laundry Milwaukee Locations\"}]},{\"@type\":\"WebSite\",\"@id\":\"https:\/\/cleanlaundry.com\/#website\",\"url\":\"https:\/\/cleanlaundry.com\/\",\"name\":\"Clean Laundry\",\"description\":\"Clean Laundry\",\"potentialAction\":[{\"@type\":\"SearchAction\",\"target\":{\"@type\":\"EntryPoint\",\"urlTemplate\":\"https:\/\/cleanlaundry.com\/?s={search_term_string}\"},\"query-input\":{\"@type\":\"PropertyValueSpecification\",\"valueRequired\":true,\"valueName\":\"search_term_string\"}}],\"inLanguage\":\"es\"}]}<\/script>\n<!-- \/ Yoast SEO plugin. -->","yoast_head_json":{"title":"Lavander\u00edas en Milwaukee, WI | Ubicaciones de Clean Laundry","description":"Clean Laundry se enorgullece de ofrecer lavander\u00edas autom\u00e1ticas en Milwaukee que son r\u00e1pidas, seguras y limpias. Obtenga m\u00e1s informaci\u00f3n y encuentre la ubicaci\u00f3n de Milwaukee m\u00e1s cercana.","robots":{"index":"index","follow":"follow","max-snippet":"max-snippet:-1","max-image-preview":"max-image-preview:large","max-video-preview":"max-video-preview:-1"},"canonical":"https:\/\/cleanlaundry.com\/es\/locations\/wisconsin\/milwaukee\/","og_locale":"es_MX","og_type":"article","og_title":"Laundromats in Milwaukee, WI | Clean Laundry Locations","og_description":"Clean Laundry is proud to offer Milwaukee laundromats that are fast, safe, and clean. Learn more and find the Milwaukee location nearest you.","og_url":"https:\/\/cleanlaundry.com\/es\/locations\/wisconsin\/milwaukee\/","og_site_name":"Clean Laundry","article_modified_time":"2023-10-16T17:46:45+00:00","og_image":[{"width":600,"height":350,"url":"https:\/\/cleanlaundry.com\/wp-content\/uploads\/2021\/02\/CL-21.jpg","type":"image\/jpeg"}],"twitter_card":"summary_large_image","schema":{"@context":"https:\/\/schema.org","@graph":[{"@type":"WebPage","@id":"https:\/\/cleanlaundry.com\/locations\/wisconsin\/milwaukee\/","url":"https:\/\/cleanlaundry.com\/locations\/wisconsin\/milwaukee\/","name":"Lavander\u00edas en Milwaukee, WI | Ubicaciones de Clean Laundry","isPartOf":{"@id":"https:\/\/cleanlaundry.com\/#website"},"primaryImageOfPage":{"@id":"https:\/\/cleanlaundry.com\/locations\/wisconsin\/milwaukee\/#primaryimage"},"image":{"@id":"https:\/\/cleanlaundry.com\/locations\/wisconsin\/milwaukee\/#primaryimage"},"thumbnailUrl":"https:\/\/cleanlaundry.com\/wp-content\/uploads\/2021\/02\/CL-21.jpg","datePublished":"2021-09-01T16:00:24+00:00","dateModified":"2023-10-16T17:46:45+00:00","description":"Clean Laundry se enorgullece de ofrecer lavander\u00edas autom\u00e1ticas en Milwaukee que son r\u00e1pidas, seguras y limpias. Obtenga m\u00e1s informaci\u00f3n y encuentre la ubicaci\u00f3n de Milwaukee m\u00e1s cercana.","breadcrumb":{"@id":"https:\/\/cleanlaundry.com\/locations\/wisconsin\/milwaukee\/#breadcrumb"},"inLanguage":"es","potentialAction":[{"@type":"ReadAction","target":["https:\/\/cleanlaundry.com\/locations\/wisconsin\/milwaukee\/"]}]},{"@type":"ImageObject","inLanguage":"es","@id":"https:\/\/cleanlaundry.com\/locations\/wisconsin\/milwaukee\/#primaryimage","url":"https:\/\/cleanlaundry.com\/wp-content\/uploads\/2021\/02\/CL-21.jpg","contentUrl":"https:\/\/cleanlaundry.com\/wp-content\/uploads\/2021\/02\/CL-21.jpg","width":600,"height":350,"caption":"Clean Laundry storefront in West Milwaukee on Miller Park Way"},{"@type":"BreadcrumbList","@id":"https:\/\/cleanlaundry.com\/locations\/wisconsin\/milwaukee\/#breadcrumb","itemListElement":[{"@type":"ListItem","position":1,"name":"Home","item":"https:\/\/cleanlaundry.com\/"},{"@type":"ListItem","position":2,"name":"All Clean Laundry Locations | Find a laundromat near you","item":"https:\/\/cleanlaundry.com\/locations\/"},{"@type":"ListItem","position":3,"name":"Laundromats in Wisconsin","item":"https:\/\/cleanlaundry.com\/locations\/wisconsin\/"},{"@type":"ListItem","position":4,"name":"Laundromats in Milwaukee, WI | Clean Laundry Milwaukee Locations"}]},{"@type":"WebSite","@id":"https:\/\/cleanlaundry.com\/#website","url":"https:\/\/cleanlaundry.com\/","name":"Ropa limpia","description":"Ropa limpia","potentialAction":[{"@type":"SearchAction","target":{"@type":"EntryPoint","urlTemplate":"https:\/\/cleanlaundry.com\/?s={search_term_string}"},"query-input":{"@type":"PropertyValueSpecification","valueRequired":true,"valueName":"search_term_string"}}],"inLanguage":"es"}]}},"_links":{"self":[{"href":"https:\/\/cleanlaundry.com\/es\/wp-json\/wp\/v2\/pages\/12829","targetHints":{"allow":["GET"]}}],"collection":[{"href":"https:\/\/cleanlaundry.com\/es\/wp-json\/wp\/v2\/pages"}],"about":[{"href":"https:\/\/cleanlaundry.com\/es\/wp-json\/wp\/v2\/types\/page"}],"author":[{"embeddable":true,"href":"https:\/\/cleanlaundry.com\/es\/wp-json\/wp\/v2\/users\/101027"}],"replies":[{"embeddable":true,"href":"https:\/\/cleanlaundry.com\/es\/wp-json\/wp\/v2\/comments?post=12829"}],"version-history":[{"count":14,"href":"https:\/\/cleanlaundry.com\/es\/wp-json\/wp\/v2\/pages\/12829\/revisions"}],"predecessor-version":[{"id":14918,"href":"https:\/\/cleanlaundry.com\/es\/wp-json\/wp\/v2\/pages\/12829\/revisions\/14918"}],"up":[{"embeddable":true,"href":"https:\/\/cleanlaundry.com\/es\/wp-json\/wp\/v2\/pages\/8741"}],"wp:featuredmedia":[{"embeddable":true,"href":"https:\/\/cleanlaundry.com\/es\/wp-json\/wp\/v2\/media\/10902"}],"wp:attachment":[{"href":"https:\/\/cleanlaundry.com\/es\/wp-json\/wp\/v2\/media?parent=12829"}],"curies":[{"name":"wp","href":"https:\/\/api.w.org\/{rel}","templated":true}]}}