{"id":12717,"date":"2021-07-05T15:39:23","date_gmt":"2021-07-05T20:39:23","guid":{"rendered":"https:\/\/cleanlaundry.com\/?page_id=12717"},"modified":"2023-08-07T12:42:36","modified_gmt":"2023-08-07T17:42:36","slug":"huebsch","status":"publish","type":"page","link":"https:\/\/cleanlaundry.com\/es\/mobile\/huebsch\/","title":{"rendered":"PAGO M\u00d3VIL HUEBSCH"},"content":{"rendered":"<h1>Huebsch ahora disponible en Clean Laundry<\/h1>\r\n<p><a href=\"https:\/\/play.google.com\/store\/apps\/details?id=com.alliancelaundry.app.huebsch&amp;hl=en_US&amp;gl=US\" target=\"_self\" rel=\"noopener\"> <img decoding=\"async\" title=\"google.png\" src=\"https:\/\/dexterpay.com\/images\/dexterpay\/google.png\" alt=\"google.png\" \/> <\/a> <a href=\"https:\/\/apps.apple.com\/us\/app\/huebsch\/id1398109501\" target=\"_self\" rel=\"noopener\"> <img decoding=\"async\" title=\"manzana.png\" src=\"https:\/\/dexterpay.com\/images\/dexterpay\/apple.png\" alt=\"apple.png\" \/> <\/a> <img loading=\"lazy\" decoding=\"async\" title=\"HBSC-APP-Image-V2\" src=\"https:\/\/cleanlaundry.com\/wp-content\/uploads\/2021\/07\/HBSC-APP-Image-V2-993x1024.png\" alt=\"HBSC-APP-Image-V2\" width=\"993\" height=\"1024\" \/> <img decoding=\"async\" title=\"Logotipo de Huebsch\" src=\"https:\/\/cleanlaundry.com\/wp-content\/uploads\/2021\/07\/Huebsch-Logo.png\" alt=\"Huebsch Logo\" \/><\/p>\r\n<p>Descargue la aplicaci\u00f3n Hubesch, una aplicaci\u00f3n sin monedas que le permite controlar su ropa desde su tel\u00e9fono, ganar recompensas y estar conectado.<\/p>\r\n<p>1. DESCARGAR APLICACI\u00d3N<\/p>\r\n<p>2.\u00a0 ADD LOCATION PIN FOUND ON THE SPECIFIC STORE&#8217;S WEBPAGE<\/p>\r\n<p>3. CARGAR FONDOS<\/p>\r\n<p>4. INTRODUZCA LA M\u00c1QUINA #<\/p>\r\n<p>&nbsp;<\/p>\r\n<p>&nbsp;<\/p>\r\n<p><a href=\"https:\/\/play.google.com\/store\/apps\/details?id=com.alliancelaundry.app.huebsch&amp;hl=en_US&amp;gl=US\" target=\"_self\" rel=\"noopener\"> <img decoding=\"async\" title=\"google.png\" src=\"https:\/\/dexterpay.com\/images\/dexterpay\/google.png\" alt=\"google.png\" \/> <\/a> <a href=\"https:\/\/apps.apple.com\/us\/app\/huebsch\/id1398109501\" target=\"_self\" rel=\"noopener\"> <img decoding=\"async\" title=\"manzana.png\" src=\"https:\/\/dexterpay.com\/images\/dexterpay\/apple.png\" alt=\"apple.png\" \/> <\/a><\/p>","protected":false},"excerpt":{"rendered":"<p>Huebsch Now Available at Clean Laundry Download the Hubesch app, a coin free app that allows you to control your laundry from your phone, earn rewards, and be connected! 1.\u00a0 DOWNLOAD APP 2.\u00a0 ADD LOCATION PIN FOUND ON THE SPECIFIC STORE&#8217;S WEBPAGE 3.\u00a0 LOAD FUNDS 4.\u00a0 ENTER MACHINE # &nbsp; &nbsp;<\/p>","protected":false},"author":101027,"featured_media":14695,"parent":12834,"menu_order":0,"comment_status":"closed","ping_status":"closed","template":"","meta":{"footnotes":""},"class_list":["post-12717","page","type-page","status-publish","has-post-thumbnail","hentry"],"yoast_head":"<!-- This site is optimized with the Yoast SEO plugin v25.0 - https:\/\/yoast.com\/wordpress\/plugins\/seo\/ -->\n<title>Coinless Laundry Available at Clean Laundry | Mobile Pay App<\/title>\n<meta name=\"description\" content=\"If you are looking for a coinless laundry option, look no further. All Clean Laundry locations use a convenient DexterPay mobile pay app!\" \/>\n<meta name=\"robots\" content=\"index, follow, max-snippet:-1, max-image-preview:large, max-video-preview:-1\" \/>\n<link rel=\"canonical\" href=\"https:\/\/cleanlaundry.com\/es\/mobile\/huebsch\/\" \/>\n<meta property=\"og:locale\" content=\"es_MX\" \/>\n<meta property=\"og:type\" content=\"article\" \/>\n<meta property=\"og:title\" content=\"Coinless Laundry Available at Clean Laundry | Mobile Pay App\" \/>\n<meta property=\"og:description\" content=\"If you are looking for a coinless laundry option, look no further. All Clean Laundry locations use a convenient DexterPay mobile pay app!\" \/>\n<meta property=\"og:url\" content=\"https:\/\/cleanlaundry.com\/es\/mobile\/huebsch\/\" \/>\n<meta property=\"og:site_name\" content=\"Clean Laundry\" \/>\n<meta property=\"article:modified_time\" content=\"2023-08-07T17:42:36+00:00\" \/>\n<meta property=\"og:image\" content=\"https:\/\/cleanlaundry.com\/wp-content\/uploads\/2023\/08\/CL-1stAveShoot-Batch1-tech-pay-18-scaled.jpg\" \/>\n\t<meta property=\"og:image:width\" content=\"2560\" \/>\n\t<meta property=\"og:image:height\" content=\"1920\" \/>\n\t<meta property=\"og:image:type\" content=\"image\/jpeg\" \/>\n<meta name=\"twitter:card\" content=\"summary_large_image\" \/>\n<meta name=\"twitter:label1\" content=\"Tiempo de lectura\" \/>\n\t<meta name=\"twitter:data1\" content=\"2 minutos\" \/>\n<script type=\"application\/ld+json\" class=\"yoast-schema-graph\">{\"@context\":\"https:\/\/schema.org\",\"@graph\":[{\"@type\":\"WebPage\",\"@id\":\"https:\/\/cleanlaundry.com\/mobile\/huebsch\/\",\"url\":\"https:\/\/cleanlaundry.com\/mobile\/huebsch\/\",\"name\":\"Coinless Laundry Available at Clean Laundry | Mobile Pay App\",\"isPartOf\":{\"@id\":\"https:\/\/cleanlaundry.com\/#website\"},\"primaryImageOfPage\":{\"@id\":\"https:\/\/cleanlaundry.com\/mobile\/huebsch\/#primaryimage\"},\"image\":{\"@id\":\"https:\/\/cleanlaundry.com\/mobile\/huebsch\/#primaryimage\"},\"thumbnailUrl\":\"https:\/\/cleanlaundry.com\/wp-content\/uploads\/2023\/08\/CL-1stAveShoot-Batch1-tech-pay-18-scaled.jpg\",\"datePublished\":\"2021-07-05T20:39:23+00:00\",\"dateModified\":\"2023-08-07T17:42:36+00:00\",\"description\":\"If you are looking for a coinless laundry option, look no further. All Clean Laundry locations use a convenient DexterPay mobile pay app!\",\"breadcrumb\":{\"@id\":\"https:\/\/cleanlaundry.com\/mobile\/huebsch\/#breadcrumb\"},\"inLanguage\":\"es\",\"potentialAction\":[{\"@type\":\"ReadAction\",\"target\":[\"https:\/\/cleanlaundry.com\/mobile\/huebsch\/\"]}]},{\"@type\":\"ImageObject\",\"inLanguage\":\"es\",\"@id\":\"https:\/\/cleanlaundry.com\/mobile\/huebsch\/#primaryimage\",\"url\":\"https:\/\/cleanlaundry.com\/wp-content\/uploads\/2023\/08\/CL-1stAveShoot-Batch1-tech-pay-18-scaled.jpg\",\"contentUrl\":\"https:\/\/cleanlaundry.com\/wp-content\/uploads\/2023\/08\/CL-1stAveShoot-Batch1-tech-pay-18-scaled.jpg\",\"width\":2560,\"height\":1920},{\"@type\":\"BreadcrumbList\",\"@id\":\"https:\/\/cleanlaundry.com\/mobile\/huebsch\/#breadcrumb\",\"itemListElement\":[{\"@type\":\"ListItem\",\"position\":1,\"name\":\"Home\",\"item\":\"https:\/\/cleanlaundry.com\/\"},{\"@type\":\"ListItem\",\"position\":2,\"name\":\"Mobile\",\"item\":\"https:\/\/cleanlaundry.com\/mobile\/\"},{\"@type\":\"ListItem\",\"position\":3,\"name\":\"MOBILE PAY HUEBSCH\"}]},{\"@type\":\"WebSite\",\"@id\":\"https:\/\/cleanlaundry.com\/#website\",\"url\":\"https:\/\/cleanlaundry.com\/\",\"name\":\"Clean Laundry\",\"description\":\"Clean Laundry\",\"potentialAction\":[{\"@type\":\"SearchAction\",\"target\":{\"@type\":\"EntryPoint\",\"urlTemplate\":\"https:\/\/cleanlaundry.com\/?s={search_term_string}\"},\"query-input\":{\"@type\":\"PropertyValueSpecification\",\"valueRequired\":true,\"valueName\":\"search_term_string\"}}],\"inLanguage\":\"es\"}]}<\/script>\n<!-- \/ Yoast SEO plugin. -->","yoast_head_json":{"title":"Lavander\u00eda sin monedas disponible en Clean Laundry | Aplicaci\u00f3n de pago m\u00f3vil","description":"Si est\u00e1 buscando una opci\u00f3n de lavander\u00eda sin monedas, no busque m\u00e1s. \u00a1Todas las ubicaciones de Clean Laundry utilizan una pr\u00e1ctica aplicaci\u00f3n de pago m\u00f3vil DexterPay!","robots":{"index":"index","follow":"follow","max-snippet":"max-snippet:-1","max-image-preview":"max-image-preview:large","max-video-preview":"max-video-preview:-1"},"canonical":"https:\/\/cleanlaundry.com\/es\/mobile\/huebsch\/","og_locale":"es_MX","og_type":"article","og_title":"Coinless Laundry Available at Clean Laundry | Mobile Pay App","og_description":"If you are looking for a coinless laundry option, look no further. All Clean Laundry locations use a convenient DexterPay mobile pay app!","og_url":"https:\/\/cleanlaundry.com\/es\/mobile\/huebsch\/","og_site_name":"Clean Laundry","article_modified_time":"2023-08-07T17:42:36+00:00","og_image":[{"width":2560,"height":1920,"url":"https:\/\/cleanlaundry.com\/wp-content\/uploads\/2023\/08\/CL-1stAveShoot-Batch1-tech-pay-18-scaled.jpg","type":"image\/jpeg"}],"twitter_card":"summary_large_image","twitter_misc":{"Tiempo de lectura":"2 minutos"},"schema":{"@context":"https:\/\/schema.org","@graph":[{"@type":"WebPage","@id":"https:\/\/cleanlaundry.com\/mobile\/huebsch\/","url":"https:\/\/cleanlaundry.com\/mobile\/huebsch\/","name":"Lavander\u00eda sin monedas disponible en Clean Laundry | Aplicaci\u00f3n de pago m\u00f3vil","isPartOf":{"@id":"https:\/\/cleanlaundry.com\/#website"},"primaryImageOfPage":{"@id":"https:\/\/cleanlaundry.com\/mobile\/huebsch\/#primaryimage"},"image":{"@id":"https:\/\/cleanlaundry.com\/mobile\/huebsch\/#primaryimage"},"thumbnailUrl":"https:\/\/cleanlaundry.com\/wp-content\/uploads\/2023\/08\/CL-1stAveShoot-Batch1-tech-pay-18-scaled.jpg","datePublished":"2021-07-05T20:39:23+00:00","dateModified":"2023-08-07T17:42:36+00:00","description":"Si est\u00e1 buscando una opci\u00f3n de lavander\u00eda sin monedas, no busque m\u00e1s. \u00a1Todas las ubicaciones de Clean Laundry utilizan una pr\u00e1ctica aplicaci\u00f3n de pago m\u00f3vil DexterPay!","breadcrumb":{"@id":"https:\/\/cleanlaundry.com\/mobile\/huebsch\/#breadcrumb"},"inLanguage":"es","potentialAction":[{"@type":"ReadAction","target":["https:\/\/cleanlaundry.com\/mobile\/huebsch\/"]}]},{"@type":"ImageObject","inLanguage":"es","@id":"https:\/\/cleanlaundry.com\/mobile\/huebsch\/#primaryimage","url":"https:\/\/cleanlaundry.com\/wp-content\/uploads\/2023\/08\/CL-1stAveShoot-Batch1-tech-pay-18-scaled.jpg","contentUrl":"https:\/\/cleanlaundry.com\/wp-content\/uploads\/2023\/08\/CL-1stAveShoot-Batch1-tech-pay-18-scaled.jpg","width":2560,"height":1920},{"@type":"BreadcrumbList","@id":"https:\/\/cleanlaundry.com\/mobile\/huebsch\/#breadcrumb","itemListElement":[{"@type":"ListItem","position":1,"name":"Home","item":"https:\/\/cleanlaundry.com\/"},{"@type":"ListItem","position":2,"name":"Mobile","item":"https:\/\/cleanlaundry.com\/mobile\/"},{"@type":"ListItem","position":3,"name":"MOBILE PAY HUEBSCH"}]},{"@type":"WebSite","@id":"https:\/\/cleanlaundry.com\/#website","url":"https:\/\/cleanlaundry.com\/","name":"Ropa limpia","description":"Ropa limpia","potentialAction":[{"@type":"SearchAction","target":{"@type":"EntryPoint","urlTemplate":"https:\/\/cleanlaundry.com\/?s={search_term_string}"},"query-input":{"@type":"PropertyValueSpecification","valueRequired":true,"valueName":"search_term_string"}}],"inLanguage":"es"}]}},"_links":{"self":[{"href":"https:\/\/cleanlaundry.com\/es\/wp-json\/wp\/v2\/pages\/12717","targetHints":{"allow":["GET"]}}],"collection":[{"href":"https:\/\/cleanlaundry.com\/es\/wp-json\/wp\/v2\/pages"}],"about":[{"href":"https:\/\/cleanlaundry.com\/es\/wp-json\/wp\/v2\/types\/page"}],"author":[{"embeddable":true,"href":"https:\/\/cleanlaundry.com\/es\/wp-json\/wp\/v2\/users\/101027"}],"replies":[{"embeddable":true,"href":"https:\/\/cleanlaundry.com\/es\/wp-json\/wp\/v2\/comments?post=12717"}],"version-history":[{"count":12,"href":"https:\/\/cleanlaundry.com\/es\/wp-json\/wp\/v2\/pages\/12717\/revisions"}],"predecessor-version":[{"id":14718,"href":"https:\/\/cleanlaundry.com\/es\/wp-json\/wp\/v2\/pages\/12717\/revisions\/14718"}],"up":[{"embeddable":true,"href":"https:\/\/cleanlaundry.com\/es\/wp-json\/wp\/v2\/pages\/12834"}],"wp:featuredmedia":[{"embeddable":true,"href":"https:\/\/cleanlaundry.com\/es\/wp-json\/wp\/v2\/media\/14695"}],"wp:attachment":[{"href":"https:\/\/cleanlaundry.com\/es\/wp-json\/wp\/v2\/media?parent=12717"}],"curies":[{"name":"wp","href":"https:\/\/api.w.org\/{rel}","templated":true}]}}