{"id":12538,"date":"2021-06-09T13:17:44","date_gmt":"2021-06-09T18:17:44","guid":{"rendered":"https:\/\/cleanlaundry.com\/?page_id=12538"},"modified":"2021-06-09T13:40:34","modified_gmt":"2021-06-09T18:40:34","slug":"delaware","status":"publish","type":"page","link":"https:\/\/cleanlaundry.com\/es\/locations\/delaware\/","title":{"rendered":"Lavander\u00edas en Delaware | Ubicaciones de lavander\u00eda limpia"},"content":{"rendered":"<h1>\n\t\tLavander\u00edas en Delaware\n\t<\/h1>\n<h3>\n\t\tPr\u00f3ximas ubicaciones:\n\t<\/h3>\n<h2>\n\t\t<a href=\"https:\/\/cleanlaundry.com\/es\/locations\/delaware\/wilmington\/\" title=\"Wilmington, DE\" target=\"_self\" rel=\"noopener\">\n\t\tWilmington, DE\n\t\t<\/a>\n\t<\/h2>\n\t\t<h6><\/h6>\n\t\t\t<a href=\"\/es\/locations\/\" target=\"_self\" role=\"button\" rel=\"noopener\">\n\t\t\t\t\t\tVer todas las ubicaciones de lavander\u00eda limpia\n\t\t\t\t\t<\/a>","protected":false},"excerpt":{"rendered":"<p>Lavander\u00edas en Delaware Pr\u00f3ximas ubicaciones: Wilmington, DE Ver todas las ubicaciones de lavander\u00eda limpia<\/p>","protected":false},"author":101012,"featured_media":0,"parent":4622,"menu_order":0,"comment_status":"closed","ping_status":"closed","template":"","meta":{"footnotes":""},"class_list":["post-12538","page","type-page","status-publish","hentry"],"yoast_head":"<!-- This site is optimized with the Yoast SEO plugin v25.0 - https:\/\/yoast.com\/wordpress\/plugins\/seo\/ -->\n<title>Laundromats in Delaware | Clean Laundry Locations<\/title>\n<meta name=\"description\" content=\"There are Clean Laundry laundromats coming to Delaware soon! Safe, quick, modern, and clean. Find out more about our new Delaware laundromat.\" \/>\n<meta name=\"robots\" content=\"index, follow, max-snippet:-1, max-image-preview:large, max-video-preview:-1\" \/>\n<link rel=\"canonical\" href=\"https:\/\/cleanlaundry.com\/es\/locations\/delaware\/\" \/>\n<meta property=\"og:locale\" content=\"es_MX\" \/>\n<meta property=\"og:type\" content=\"article\" \/>\n<meta property=\"og:title\" content=\"Laundromats in Delaware | Clean Laundry Locations\" \/>\n<meta property=\"og:description\" content=\"There are Clean Laundry laundromats coming to Delaware soon! Safe, quick, modern, and clean. Find out more about our new Delaware laundromat.\" \/>\n<meta property=\"og:url\" content=\"https:\/\/cleanlaundry.com\/es\/locations\/delaware\/\" \/>\n<meta property=\"og:site_name\" content=\"Clean Laundry\" \/>\n<meta property=\"article:modified_time\" content=\"2021-06-09T18:40:34+00:00\" \/>\n<meta name=\"twitter:card\" content=\"summary_large_image\" \/>\n<script type=\"application\/ld+json\" class=\"yoast-schema-graph\">{\"@context\":\"https:\/\/schema.org\",\"@graph\":[{\"@type\":\"WebPage\",\"@id\":\"https:\/\/cleanlaundry.com\/locations\/delaware\/\",\"url\":\"https:\/\/cleanlaundry.com\/locations\/delaware\/\",\"name\":\"Laundromats in Delaware | Clean Laundry Locations\",\"isPartOf\":{\"@id\":\"https:\/\/cleanlaundry.com\/#website\"},\"datePublished\":\"2021-06-09T18:17:44+00:00\",\"dateModified\":\"2021-06-09T18:40:34+00:00\",\"description\":\"There are Clean Laundry laundromats coming to Delaware soon! Safe, quick, modern, and clean. Find out more about our new Delaware laundromat.\",\"breadcrumb\":{\"@id\":\"https:\/\/cleanlaundry.com\/locations\/delaware\/#breadcrumb\"},\"inLanguage\":\"es\",\"potentialAction\":[{\"@type\":\"ReadAction\",\"target\":[\"https:\/\/cleanlaundry.com\/locations\/delaware\/\"]}]},{\"@type\":\"BreadcrumbList\",\"@id\":\"https:\/\/cleanlaundry.com\/locations\/delaware\/#breadcrumb\",\"itemListElement\":[{\"@type\":\"ListItem\",\"position\":1,\"name\":\"Home\",\"item\":\"https:\/\/cleanlaundry.com\/\"},{\"@type\":\"ListItem\",\"position\":2,\"name\":\"All Clean Laundry Locations | Find a laundromat near you\",\"item\":\"https:\/\/cleanlaundry.com\/locations\/\"},{\"@type\":\"ListItem\",\"position\":3,\"name\":\"Laundromats in Delaware | Clean Laundry Locations\"}]},{\"@type\":\"WebSite\",\"@id\":\"https:\/\/cleanlaundry.com\/#website\",\"url\":\"https:\/\/cleanlaundry.com\/\",\"name\":\"Clean Laundry\",\"description\":\"Clean Laundry\",\"potentialAction\":[{\"@type\":\"SearchAction\",\"target\":{\"@type\":\"EntryPoint\",\"urlTemplate\":\"https:\/\/cleanlaundry.com\/?s={search_term_string}\"},\"query-input\":{\"@type\":\"PropertyValueSpecification\",\"valueRequired\":true,\"valueName\":\"search_term_string\"}}],\"inLanguage\":\"es\"}]}<\/script>\n<!-- \/ Yoast SEO plugin. -->","yoast_head_json":{"title":"Laundromats in Delaware | Clean Laundry Locations","description":"There are Clean Laundry laundromats coming to Delaware soon! Safe, quick, modern, and clean. Find out more about our new Delaware laundromat.","robots":{"index":"index","follow":"follow","max-snippet":"max-snippet:-1","max-image-preview":"max-image-preview:large","max-video-preview":"max-video-preview:-1"},"canonical":"https:\/\/cleanlaundry.com\/es\/locations\/delaware\/","og_locale":"es_MX","og_type":"article","og_title":"Laundromats in Delaware | Clean Laundry Locations","og_description":"There are Clean Laundry laundromats coming to Delaware soon! Safe, quick, modern, and clean. Find out more about our new Delaware laundromat.","og_url":"https:\/\/cleanlaundry.com\/es\/locations\/delaware\/","og_site_name":"Clean Laundry","article_modified_time":"2021-06-09T18:40:34+00:00","twitter_card":"summary_large_image","schema":{"@context":"https:\/\/schema.org","@graph":[{"@type":"WebPage","@id":"https:\/\/cleanlaundry.com\/locations\/delaware\/","url":"https:\/\/cleanlaundry.com\/locations\/delaware\/","name":"Laundromats in Delaware | Clean Laundry Locations","isPartOf":{"@id":"https:\/\/cleanlaundry.com\/#website"},"datePublished":"2021-06-09T18:17:44+00:00","dateModified":"2021-06-09T18:40:34+00:00","description":"There are Clean Laundry laundromats coming to Delaware soon! Safe, quick, modern, and clean. Find out more about our new Delaware laundromat.","breadcrumb":{"@id":"https:\/\/cleanlaundry.com\/locations\/delaware\/#breadcrumb"},"inLanguage":"es","potentialAction":[{"@type":"ReadAction","target":["https:\/\/cleanlaundry.com\/locations\/delaware\/"]}]},{"@type":"BreadcrumbList","@id":"https:\/\/cleanlaundry.com\/locations\/delaware\/#breadcrumb","itemListElement":[{"@type":"ListItem","position":1,"name":"Home","item":"https:\/\/cleanlaundry.com\/"},{"@type":"ListItem","position":2,"name":"All Clean Laundry Locations | Find a laundromat near you","item":"https:\/\/cleanlaundry.com\/locations\/"},{"@type":"ListItem","position":3,"name":"Laundromats in Delaware | Clean Laundry Locations"}]},{"@type":"WebSite","@id":"https:\/\/cleanlaundry.com\/#website","url":"https:\/\/cleanlaundry.com\/","name":"Clean Laundry","description":"Clean Laundry","potentialAction":[{"@type":"SearchAction","target":{"@type":"EntryPoint","urlTemplate":"https:\/\/cleanlaundry.com\/?s={search_term_string}"},"query-input":{"@type":"PropertyValueSpecification","valueRequired":true,"valueName":"search_term_string"}}],"inLanguage":"es"}]}},"_links":{"self":[{"href":"https:\/\/cleanlaundry.com\/es\/wp-json\/wp\/v2\/pages\/12538","targetHints":{"allow":["GET"]}}],"collection":[{"href":"https:\/\/cleanlaundry.com\/es\/wp-json\/wp\/v2\/pages"}],"about":[{"href":"https:\/\/cleanlaundry.com\/es\/wp-json\/wp\/v2\/types\/page"}],"author":[{"embeddable":true,"href":"https:\/\/cleanlaundry.com\/es\/wp-json\/wp\/v2\/users\/101012"}],"replies":[{"embeddable":true,"href":"https:\/\/cleanlaundry.com\/es\/wp-json\/wp\/v2\/comments?post=12538"}],"version-history":[{"count":3,"href":"https:\/\/cleanlaundry.com\/es\/wp-json\/wp\/v2\/pages\/12538\/revisions"}],"predecessor-version":[{"id":12545,"href":"https:\/\/cleanlaundry.com\/es\/wp-json\/wp\/v2\/pages\/12538\/revisions\/12545"}],"up":[{"embeddable":true,"href":"https:\/\/cleanlaundry.com\/es\/wp-json\/wp\/v2\/pages\/4622"}],"wp:attachment":[{"href":"https:\/\/cleanlaundry.com\/es\/wp-json\/wp\/v2\/media?parent=12538"}],"curies":[{"name":"wp","href":"https:\/\/api.w.org\/{rel}","templated":true}]}}