{"id":12330,"date":"2021-05-20T11:15:14","date_gmt":"2021-05-20T16:15:14","guid":{"rendered":"https:\/\/cleanlaundry.com\/?page_id=12330"},"modified":"2023-09-19T11:14:14","modified_gmt":"2023-09-19T16:14:14","slug":"kansas","status":"publish","type":"page","link":"https:\/\/cleanlaundry.com\/es\/locations\/kansas\/","title":{"rendered":"Lavander\u00edas en Kansas | Ubicaciones de lavander\u00eda limpia"},"content":{"rendered":"<h1>\n\t\tLavander\u00edas en Kansas\n\t<\/h1>\n\t<p>Select a city to view nearby locations:<\/p>\n<h2>\n\t\t<a href=\"https:\/\/cleanlaundry.com\/es\/locations\/kansas\/overland-park\/9200-santa-fe-drive-overland-park-ks\/\" title=\"Overland Park, KS\" target=\"_self\" rel=\"noopener\">\n\t\tOverland Park, KS\n\t\t<\/a>\n\t<\/h2>\n<h2>\n\t\t<a href=\"https:\/\/cleanlaundry.com\/es\/locations\/kansas\/wichita\/\" title=\"Wichita, KS\" target=\"_self\" rel=\"noopener\">\n\t\tWichita, KS\n\t\t<\/a>\n\t<\/h2>\n\t\t\n\t\t\t<a href=\"\/es\/locations\/\" target=\"_self\" rel=\"noopener\">\n\t\t\t\t\t\tVer todas las ubicaciones de lavander\u00eda limpia\n\t\t\t\t\t<\/a>","protected":false},"excerpt":{"rendered":"<p>Laundromats in Kansas Select a city to view nearby locations: Overland Park, KS Wichita, KS View All Clean Laundry Locations<\/p>","protected":false},"author":101012,"featured_media":0,"parent":4622,"menu_order":0,"comment_status":"closed","ping_status":"closed","template":"","meta":{"footnotes":""},"class_list":["post-12330","page","type-page","status-publish","hentry"],"yoast_head":"<!-- This site is optimized with the Yoast SEO plugin v25.0 - https:\/\/yoast.com\/wordpress\/plugins\/seo\/ -->\n<title>Laundromats in Kansas | Clean Laundry Locations<\/title>\n<meta name=\"description\" content=\"There are Clean Laundry laundromats coming to Kansas soon! You&#039;ve never seen a laundromat this clean, quick, and modern.\" \/>\n<meta name=\"robots\" content=\"index, follow, max-snippet:-1, max-image-preview:large, max-video-preview:-1\" \/>\n<link rel=\"canonical\" href=\"https:\/\/cleanlaundry.com\/es\/locations\/kansas\/\" \/>\n<meta property=\"og:locale\" content=\"es_MX\" \/>\n<meta property=\"og:type\" content=\"article\" \/>\n<meta property=\"og:title\" content=\"Laundromats in Kansas | Clean Laundry Locations\" \/>\n<meta property=\"og:description\" content=\"There are Clean Laundry laundromats coming to Kansas soon! You&#039;ve never seen a laundromat this clean, quick, and modern.\" \/>\n<meta property=\"og:url\" content=\"https:\/\/cleanlaundry.com\/es\/locations\/kansas\/\" \/>\n<meta property=\"og:site_name\" content=\"Clean Laundry\" \/>\n<meta property=\"article:modified_time\" content=\"2023-09-19T16:14:14+00:00\" \/>\n<meta name=\"twitter:card\" content=\"summary_large_image\" \/>\n<script type=\"application\/ld+json\" class=\"yoast-schema-graph\">{\"@context\":\"https:\/\/schema.org\",\"@graph\":[{\"@type\":\"WebPage\",\"@id\":\"https:\/\/cleanlaundry.com\/locations\/kansas\/\",\"url\":\"https:\/\/cleanlaundry.com\/locations\/kansas\/\",\"name\":\"Laundromats in Kansas | Clean Laundry Locations\",\"isPartOf\":{\"@id\":\"https:\/\/cleanlaundry.com\/#website\"},\"datePublished\":\"2021-05-20T16:15:14+00:00\",\"dateModified\":\"2023-09-19T16:14:14+00:00\",\"description\":\"There are Clean Laundry laundromats coming to Kansas soon! You've never seen a laundromat this clean, quick, and modern.\",\"breadcrumb\":{\"@id\":\"https:\/\/cleanlaundry.com\/locations\/kansas\/#breadcrumb\"},\"inLanguage\":\"es\",\"potentialAction\":[{\"@type\":\"ReadAction\",\"target\":[\"https:\/\/cleanlaundry.com\/locations\/kansas\/\"]}]},{\"@type\":\"BreadcrumbList\",\"@id\":\"https:\/\/cleanlaundry.com\/locations\/kansas\/#breadcrumb\",\"itemListElement\":[{\"@type\":\"ListItem\",\"position\":1,\"name\":\"Home\",\"item\":\"https:\/\/cleanlaundry.com\/\"},{\"@type\":\"ListItem\",\"position\":2,\"name\":\"All Clean Laundry Locations | Find a laundromat near you\",\"item\":\"https:\/\/cleanlaundry.com\/locations\/\"},{\"@type\":\"ListItem\",\"position\":3,\"name\":\"Laundromats in Kansas | Clean Laundry Locations\"}]},{\"@type\":\"WebSite\",\"@id\":\"https:\/\/cleanlaundry.com\/#website\",\"url\":\"https:\/\/cleanlaundry.com\/\",\"name\":\"Clean Laundry\",\"description\":\"Clean Laundry\",\"potentialAction\":[{\"@type\":\"SearchAction\",\"target\":{\"@type\":\"EntryPoint\",\"urlTemplate\":\"https:\/\/cleanlaundry.com\/?s={search_term_string}\"},\"query-input\":{\"@type\":\"PropertyValueSpecification\",\"valueRequired\":true,\"valueName\":\"search_term_string\"}}],\"inLanguage\":\"es\"}]}<\/script>\n<!-- \/ Yoast SEO plugin. -->","yoast_head_json":{"title":"Lavander\u00edas en Kansas | Ubicaciones de lavander\u00eda limpia","description":"\u00a1Pronto llegar\u00e1n las lavander\u00edas Clean Laundry a Kansas! Nunca has visto una lavander\u00eda autom\u00e1tica tan limpia, r\u00e1pida y moderna.","robots":{"index":"index","follow":"follow","max-snippet":"max-snippet:-1","max-image-preview":"max-image-preview:large","max-video-preview":"max-video-preview:-1"},"canonical":"https:\/\/cleanlaundry.com\/es\/locations\/kansas\/","og_locale":"es_MX","og_type":"article","og_title":"Laundromats in Kansas | Clean Laundry Locations","og_description":"There are Clean Laundry laundromats coming to Kansas soon! You've never seen a laundromat this clean, quick, and modern.","og_url":"https:\/\/cleanlaundry.com\/es\/locations\/kansas\/","og_site_name":"Clean Laundry","article_modified_time":"2023-09-19T16:14:14+00:00","twitter_card":"summary_large_image","schema":{"@context":"https:\/\/schema.org","@graph":[{"@type":"WebPage","@id":"https:\/\/cleanlaundry.com\/locations\/kansas\/","url":"https:\/\/cleanlaundry.com\/locations\/kansas\/","name":"Lavander\u00edas en Kansas | Ubicaciones de lavander\u00eda limpia","isPartOf":{"@id":"https:\/\/cleanlaundry.com\/#website"},"datePublished":"2021-05-20T16:15:14+00:00","dateModified":"2023-09-19T16:14:14+00:00","description":"\u00a1Pronto llegar\u00e1n las lavander\u00edas Clean Laundry a Kansas! Nunca has visto una lavander\u00eda autom\u00e1tica tan limpia, r\u00e1pida y moderna.","breadcrumb":{"@id":"https:\/\/cleanlaundry.com\/locations\/kansas\/#breadcrumb"},"inLanguage":"es","potentialAction":[{"@type":"ReadAction","target":["https:\/\/cleanlaundry.com\/locations\/kansas\/"]}]},{"@type":"BreadcrumbList","@id":"https:\/\/cleanlaundry.com\/locations\/kansas\/#breadcrumb","itemListElement":[{"@type":"ListItem","position":1,"name":"Home","item":"https:\/\/cleanlaundry.com\/"},{"@type":"ListItem","position":2,"name":"All Clean Laundry Locations | Find a laundromat near you","item":"https:\/\/cleanlaundry.com\/locations\/"},{"@type":"ListItem","position":3,"name":"Laundromats in Kansas | Clean Laundry Locations"}]},{"@type":"WebSite","@id":"https:\/\/cleanlaundry.com\/#website","url":"https:\/\/cleanlaundry.com\/","name":"Ropa limpia","description":"Ropa limpia","potentialAction":[{"@type":"SearchAction","target":{"@type":"EntryPoint","urlTemplate":"https:\/\/cleanlaundry.com\/?s={search_term_string}"},"query-input":{"@type":"PropertyValueSpecification","valueRequired":true,"valueName":"search_term_string"}}],"inLanguage":"es"}]}},"_links":{"self":[{"href":"https:\/\/cleanlaundry.com\/es\/wp-json\/wp\/v2\/pages\/12330","targetHints":{"allow":["GET"]}}],"collection":[{"href":"https:\/\/cleanlaundry.com\/es\/wp-json\/wp\/v2\/pages"}],"about":[{"href":"https:\/\/cleanlaundry.com\/es\/wp-json\/wp\/v2\/types\/page"}],"author":[{"embeddable":true,"href":"https:\/\/cleanlaundry.com\/es\/wp-json\/wp\/v2\/users\/101012"}],"replies":[{"embeddable":true,"href":"https:\/\/cleanlaundry.com\/es\/wp-json\/wp\/v2\/comments?post=12330"}],"version-history":[{"count":7,"href":"https:\/\/cleanlaundry.com\/es\/wp-json\/wp\/v2\/pages\/12330\/revisions"}],"predecessor-version":[{"id":14844,"href":"https:\/\/cleanlaundry.com\/es\/wp-json\/wp\/v2\/pages\/12330\/revisions\/14844"}],"up":[{"embeddable":true,"href":"https:\/\/cleanlaundry.com\/es\/wp-json\/wp\/v2\/pages\/4622"}],"wp:attachment":[{"href":"https:\/\/cleanlaundry.com\/es\/wp-json\/wp\/v2\/media?parent=12330"}],"curies":[{"name":"wp","href":"https:\/\/api.w.org\/{rel}","templated":true}]}}