{"id":11755,"date":"2021-03-31T10:55:25","date_gmt":"2021-03-31T15:55:25","guid":{"rendered":"https:\/\/cleanlaundry.com\/?page_id=11755"},"modified":"2021-10-12T12:22:58","modified_gmt":"2021-10-12T17:22:58","slug":"independence","status":"publish","type":"page","link":"https:\/\/cleanlaundry.com\/es\/locations\/missouri\/independence\/","title":{"rendered":"Lavander\u00edas en Independence, MO | Ubicaciones de Clean Laundry Independence"},"content":{"rendered":"<h1>Lavander\u00edas en Independence, Missouri<\/h1>\r\n<p>Clean Laundry se enorgullece de ofrecer a los residentes de Independence una lavander\u00eda limpia, c\u00f3moda y conveniente donde puede lavar grandes cantidades de ropa en muy poco tiempo.<\/p>\r\n<h3>\u00a1Nueva ubicaci\u00f3n pr\u00f3ximamente!<\/h3>\r\n<h4><strong>Lavander\u00eda limpia Independence<\/strong><\/h4>\r\n<p>2411 S MO 291<br \/>Independence, MO 64057<\/p>","protected":false},"excerpt":{"rendered":"<p>Lavander\u00edas en Independence, Missouri Clean Laundry se enorgullece de ofrecer a los residentes de Independence una lavander\u00eda limpia, c\u00f3moda y conveniente donde puede lavar grandes cantidades de ropa en muy poco tiempo. Pr\u00f3ximamente nueva ubicaci\u00f3n! Lavander\u00eda limpia Independence 2411 S MO 291Independence, MO 64057<\/p>","protected":false},"author":101012,"featured_media":12892,"parent":8613,"menu_order":0,"comment_status":"closed","ping_status":"closed","template":"","meta":{"footnotes":""},"class_list":["post-11755","page","type-page","status-publish","has-post-thumbnail","hentry"],"yoast_head":"<!-- This site is optimized with the Yoast SEO plugin v25.0 - https:\/\/yoast.com\/wordpress\/plugins\/seo\/ -->\n<title>Laundromats in Independence, MO | Clean Laundry Independence Locations - Clean Laundry<\/title>\n<meta name=\"description\" content=\"Clean Laundry is proud to offer Independence, MO a laundromat that is fast, safe, and clean. Discover the Clean Laundry difference today!\" \/>\n<meta name=\"robots\" content=\"index, follow, max-snippet:-1, max-image-preview:large, max-video-preview:-1\" \/>\n<link rel=\"canonical\" href=\"https:\/\/cleanlaundry.com\/es\/locations\/missouri\/independence\/\" \/>\n<meta property=\"og:locale\" content=\"es_MX\" \/>\n<meta property=\"og:type\" content=\"article\" \/>\n<meta property=\"og:title\" content=\"Laundromats in Independence, MO | Clean Laundry Independence Locations - Clean Laundry\" \/>\n<meta property=\"og:description\" content=\"Clean Laundry is proud to offer Independence, MO a laundromat that is fast, safe, and clean. Discover the Clean Laundry difference today!\" \/>\n<meta property=\"og:url\" content=\"https:\/\/cleanlaundry.com\/es\/locations\/missouri\/independence\/\" \/>\n<meta property=\"og:site_name\" content=\"Clean Laundry\" \/>\n<meta property=\"article:modified_time\" content=\"2021-10-12T17:22:58+00:00\" \/>\n<meta property=\"og:image\" content=\"https:\/\/cleanlaundry.com\/wp-content\/uploads\/2021\/09\/MicrosoftTeams-image-56.jpg\" \/>\n\t<meta property=\"og:image:width\" content=\"816\" \/>\n\t<meta property=\"og:image:height\" content=\"650\" \/>\n\t<meta property=\"og:image:type\" content=\"image\/jpeg\" \/>\n<meta name=\"twitter:card\" content=\"summary_large_image\" \/>\n<script type=\"application\/ld+json\" class=\"yoast-schema-graph\">{\"@context\":\"https:\/\/schema.org\",\"@graph\":[{\"@type\":\"WebPage\",\"@id\":\"https:\/\/cleanlaundry.com\/locations\/missouri\/independence\/\",\"url\":\"https:\/\/cleanlaundry.com\/locations\/missouri\/independence\/\",\"name\":\"Laundromats in Independence, MO | Clean Laundry Independence Locations - Clean Laundry\",\"isPartOf\":{\"@id\":\"https:\/\/cleanlaundry.com\/#website\"},\"primaryImageOfPage\":{\"@id\":\"https:\/\/cleanlaundry.com\/locations\/missouri\/independence\/#primaryimage\"},\"image\":{\"@id\":\"https:\/\/cleanlaundry.com\/locations\/missouri\/independence\/#primaryimage\"},\"thumbnailUrl\":\"https:\/\/cleanlaundry.com\/wp-content\/uploads\/2021\/09\/MicrosoftTeams-image-56.jpg\",\"datePublished\":\"2021-03-31T15:55:25+00:00\",\"dateModified\":\"2021-10-12T17:22:58+00:00\",\"description\":\"Clean Laundry is proud to offer Independence, MO a laundromat that is fast, safe, and clean. Discover the Clean Laundry difference today!\",\"breadcrumb\":{\"@id\":\"https:\/\/cleanlaundry.com\/locations\/missouri\/independence\/#breadcrumb\"},\"inLanguage\":\"es\",\"potentialAction\":[{\"@type\":\"ReadAction\",\"target\":[\"https:\/\/cleanlaundry.com\/locations\/missouri\/independence\/\"]}]},{\"@type\":\"ImageObject\",\"inLanguage\":\"es\",\"@id\":\"https:\/\/cleanlaundry.com\/locations\/missouri\/independence\/#primaryimage\",\"url\":\"https:\/\/cleanlaundry.com\/wp-content\/uploads\/2021\/09\/MicrosoftTeams-image-56.jpg\",\"contentUrl\":\"https:\/\/cleanlaundry.com\/wp-content\/uploads\/2021\/09\/MicrosoftTeams-image-56.jpg\",\"width\":816,\"height\":650},{\"@type\":\"BreadcrumbList\",\"@id\":\"https:\/\/cleanlaundry.com\/locations\/missouri\/independence\/#breadcrumb\",\"itemListElement\":[{\"@type\":\"ListItem\",\"position\":1,\"name\":\"Home\",\"item\":\"https:\/\/cleanlaundry.com\/\"},{\"@type\":\"ListItem\",\"position\":2,\"name\":\"All Clean Laundry Locations | Find a laundromat near you\",\"item\":\"https:\/\/cleanlaundry.com\/locations\/\"},{\"@type\":\"ListItem\",\"position\":3,\"name\":\"Missouri\",\"item\":\"https:\/\/cleanlaundry.com\/locations\/missouri\/\"},{\"@type\":\"ListItem\",\"position\":4,\"name\":\"Laundromats in Independence, MO | Clean Laundry Independence Locations\"}]},{\"@type\":\"WebSite\",\"@id\":\"https:\/\/cleanlaundry.com\/#website\",\"url\":\"https:\/\/cleanlaundry.com\/\",\"name\":\"Clean Laundry\",\"description\":\"Clean Laundry\",\"potentialAction\":[{\"@type\":\"SearchAction\",\"target\":{\"@type\":\"EntryPoint\",\"urlTemplate\":\"https:\/\/cleanlaundry.com\/?s={search_term_string}\"},\"query-input\":{\"@type\":\"PropertyValueSpecification\",\"valueRequired\":true,\"valueName\":\"search_term_string\"}}],\"inLanguage\":\"es\"}]}<\/script>\n<!-- \/ Yoast SEO plugin. -->","yoast_head_json":{"title":"Lavander\u00edas en Independence, MO | Ubicaciones de Clean Laundry Independence - Lavander\u00eda limpia","description":"Clean Laundry se enorgullece de ofrecer Independence, MO, una lavander\u00eda autom\u00e1tica que es r\u00e1pida, segura y limpia. \u00a1Descubra la diferencia de Clean Laundry hoy!","robots":{"index":"index","follow":"follow","max-snippet":"max-snippet:-1","max-image-preview":"max-image-preview:large","max-video-preview":"max-video-preview:-1"},"canonical":"https:\/\/cleanlaundry.com\/es\/locations\/missouri\/independence\/","og_locale":"es_MX","og_type":"article","og_title":"Laundromats in Independence, MO | Clean Laundry Independence Locations - Clean Laundry","og_description":"Clean Laundry is proud to offer Independence, MO a laundromat that is fast, safe, and clean. Discover the Clean Laundry difference today!","og_url":"https:\/\/cleanlaundry.com\/es\/locations\/missouri\/independence\/","og_site_name":"Clean Laundry","article_modified_time":"2021-10-12T17:22:58+00:00","og_image":[{"width":816,"height":650,"url":"https:\/\/cleanlaundry.com\/wp-content\/uploads\/2021\/09\/MicrosoftTeams-image-56.jpg","type":"image\/jpeg"}],"twitter_card":"summary_large_image","schema":{"@context":"https:\/\/schema.org","@graph":[{"@type":"WebPage","@id":"https:\/\/cleanlaundry.com\/locations\/missouri\/independence\/","url":"https:\/\/cleanlaundry.com\/locations\/missouri\/independence\/","name":"Lavander\u00edas en Independence, MO | Ubicaciones de Clean Laundry Independence - Lavander\u00eda limpia","isPartOf":{"@id":"https:\/\/cleanlaundry.com\/#website"},"primaryImageOfPage":{"@id":"https:\/\/cleanlaundry.com\/locations\/missouri\/independence\/#primaryimage"},"image":{"@id":"https:\/\/cleanlaundry.com\/locations\/missouri\/independence\/#primaryimage"},"thumbnailUrl":"https:\/\/cleanlaundry.com\/wp-content\/uploads\/2021\/09\/MicrosoftTeams-image-56.jpg","datePublished":"2021-03-31T15:55:25+00:00","dateModified":"2021-10-12T17:22:58+00:00","description":"Clean Laundry se enorgullece de ofrecer Independence, MO, una lavander\u00eda autom\u00e1tica que es r\u00e1pida, segura y limpia. \u00a1Descubra la diferencia de Clean Laundry hoy!","breadcrumb":{"@id":"https:\/\/cleanlaundry.com\/locations\/missouri\/independence\/#breadcrumb"},"inLanguage":"es","potentialAction":[{"@type":"ReadAction","target":["https:\/\/cleanlaundry.com\/locations\/missouri\/independence\/"]}]},{"@type":"ImageObject","inLanguage":"es","@id":"https:\/\/cleanlaundry.com\/locations\/missouri\/independence\/#primaryimage","url":"https:\/\/cleanlaundry.com\/wp-content\/uploads\/2021\/09\/MicrosoftTeams-image-56.jpg","contentUrl":"https:\/\/cleanlaundry.com\/wp-content\/uploads\/2021\/09\/MicrosoftTeams-image-56.jpg","width":816,"height":650},{"@type":"BreadcrumbList","@id":"https:\/\/cleanlaundry.com\/locations\/missouri\/independence\/#breadcrumb","itemListElement":[{"@type":"ListItem","position":1,"name":"Home","item":"https:\/\/cleanlaundry.com\/"},{"@type":"ListItem","position":2,"name":"All Clean Laundry Locations | Find a laundromat near you","item":"https:\/\/cleanlaundry.com\/locations\/"},{"@type":"ListItem","position":3,"name":"Missouri","item":"https:\/\/cleanlaundry.com\/locations\/missouri\/"},{"@type":"ListItem","position":4,"name":"Laundromats in Independence, MO | Clean Laundry Independence Locations"}]},{"@type":"WebSite","@id":"https:\/\/cleanlaundry.com\/#website","url":"https:\/\/cleanlaundry.com\/","name":"Ropa limpia","description":"Ropa limpia","potentialAction":[{"@type":"SearchAction","target":{"@type":"EntryPoint","urlTemplate":"https:\/\/cleanlaundry.com\/?s={search_term_string}"},"query-input":{"@type":"PropertyValueSpecification","valueRequired":true,"valueName":"search_term_string"}}],"inLanguage":"es"}]}},"_links":{"self":[{"href":"https:\/\/cleanlaundry.com\/es\/wp-json\/wp\/v2\/pages\/11755","targetHints":{"allow":["GET"]}}],"collection":[{"href":"https:\/\/cleanlaundry.com\/es\/wp-json\/wp\/v2\/pages"}],"about":[{"href":"https:\/\/cleanlaundry.com\/es\/wp-json\/wp\/v2\/types\/page"}],"author":[{"embeddable":true,"href":"https:\/\/cleanlaundry.com\/es\/wp-json\/wp\/v2\/users\/101012"}],"replies":[{"embeddable":true,"href":"https:\/\/cleanlaundry.com\/es\/wp-json\/wp\/v2\/comments?post=11755"}],"version-history":[{"count":3,"href":"https:\/\/cleanlaundry.com\/es\/wp-json\/wp\/v2\/pages\/11755\/revisions"}],"predecessor-version":[{"id":12967,"href":"https:\/\/cleanlaundry.com\/es\/wp-json\/wp\/v2\/pages\/11755\/revisions\/12967"}],"up":[{"embeddable":true,"href":"https:\/\/cleanlaundry.com\/es\/wp-json\/wp\/v2\/pages\/8613"}],"wp:featuredmedia":[{"embeddable":true,"href":"https:\/\/cleanlaundry.com\/es\/wp-json\/wp\/v2\/media\/12892"}],"wp:attachment":[{"href":"https:\/\/cleanlaundry.com\/es\/wp-json\/wp\/v2\/media?parent=11755"}],"curies":[{"name":"wp","href":"https:\/\/api.w.org\/{rel}","templated":true}]}}