{"id":10640,"date":"2021-01-27T14:22:18","date_gmt":"2021-01-27T20:22:18","guid":{"rendered":"https:\/\/cleanlaundry.com\/?page_id=10640"},"modified":"2025-06-04T12:15:20","modified_gmt":"2025-06-04T17:15:20","slug":"wash-dry-fold-service-in-cedar-rapids","status":"publish","type":"page","link":"https:\/\/cleanlaundry.com\/es\/wash-dry-fold-service-in-cedar-rapids\/","title":{"rendered":"Servicio de lavander\u00eda Wash Dry Fold en Cedar Rapids"},"content":{"rendered":"<h1>\n\t\tDrop Off Laundry Service in Marion\n\t<\/h1>\n<h2>\n\t\tClean Laundry in Marion is more than a laundromat. It&#8217;s also a convenient wash, dry, fold service that is fast, affordable, and most of all: clean.\n\t<\/h2>\n\t\t\t<a href=\"tel:3194628456\" target=\"_self\">\n\t\t\t\t\t\t\tLlame ahora para comenzar\n\t\t\t<\/a>\n\t\t\t\t<img loading=\"lazy\" decoding=\"async\" src=\"https:\/\/cleanlaundry.com\/wp-content\/uploads\/2021\/01\/WDF-logo.png\" alt=\"Clean Laundry Wash Dry Fold Logo\" itemprop=\"image\" height=\"501\" width=\"501\" title=\"Logotipo de WDF\" onerror=\"this.style.display='none'\"  \/>\n\t<p>Mon-Fri<\/p>\n<p>Marion, IA<\/p>\n\t<p><a href=\"mailto:store0010WDF@cleanlaundry.com\"> Env\u00edanos un correo electr\u00f3nico<\/a><\/p>\n<p>319-200-5920<\/p>\n<p>&nbsp;<\/p>\n\t<h3>Perm\u00edtanos lavar la ropa por usted.<\/h3>\n<p>Don&#8217;t feel like doing your laundry? Want to save some time? We have two options for you to drop your laundry off and we will do it all for you!<\/p>\n<p>Call us to schedule a drop-off at our Marion location or stop in and use the lockers onsite to drop-off, then pick it up clean and folded within 24 hours of drop-off.<\/p>\n<h4>\n\t\tc\u00f3mo funciona\n\t<\/h4>\n\t\t\t\t<img loading=\"lazy\" decoding=\"async\" src=\"https:\/\/cleanlaundry.com\/wp-content\/uploads\/2021\/01\/1@3x.png\" alt=\"1\" itemprop=\"image\" height=\"150\" width=\"150\" title=\"1\" onerror=\"this.style.display='none'\"  \/>\n\t<p><strong>Drop off your dirty laundry two ways.<\/strong><\/p>\n<ul>\n<li>Stop into the Marion location, follow the instruction on the lockers, download the app, create an account, place an order for the locker number, and leave your laundry in the locker.<\/li>\n<li>Schedule your dropoff by calling 319-389-6363 and schedule your dropoff today! Bring us your pile of laundry and pay when you pick up.<\/li>\n<\/ul>\n\t\t\t\t<img loading=\"lazy\" decoding=\"async\" src=\"https:\/\/cleanlaundry.com\/wp-content\/uploads\/2021\/01\/2@3x.png\" alt=\"2\" itemprop=\"image\" height=\"150\" width=\"151\" title=\"2\" onerror=\"this.style.display='none'\"  \/>\n\t<p><strong>Pesaremos tu ropa.<\/strong> Our pricing is based on the weight of your laundry ($2.25\/lb. for next-day service) and does not include specialty items like pillows, blankets, rugs, etc.<\/p>\n<p><a href=\"#ms-anchor-pricing\">Ver detalles de precios<\/a><\/p>\n\t\t\t\t<img loading=\"lazy\" decoding=\"async\" src=\"https:\/\/cleanlaundry.com\/wp-content\/uploads\/2021\/01\/3@3x.png\" alt=\"3\" itemprop=\"image\" height=\"150\" width=\"151\" title=\"3\" onerror=\"this.style.display='none'\"  \/>\n\t<p><strong>Lavamos, secamos y doblamos tu ropa.<\/strong> Su ropa es importante para usted y la tratamos de esa manera. Personalizar la temperatura de lavado y las opciones de detergente es r\u00e1pido y f\u00e1cil.<\/p>\n\t\t\t\t<img loading=\"lazy\" decoding=\"async\" src=\"https:\/\/cleanlaundry.com\/wp-content\/uploads\/2021\/01\/4@3x.png\" alt=\"4\" itemprop=\"image\" height=\"150\" width=\"151\" title=\"4\" onerror=\"this.style.display='none'\"  \/>\n\t<p><strong>Recoja su ropa reci\u00e9n lavada y doblada.<\/strong> \u00a1Es as\u00ed de simple! Para cuando vuelva a ver su ropa, estar\u00e1 fresca, limpia y doblada.<\/p>\n\t\t\t<a href=\"tel:3194628456\" target=\"_self\">\n\t\t\t\t\t\t\tLlame ahora para comenzar\n\t\t\t<\/a>\n\t<h3>\u00bfPrefieres que lo recojamos?<\/h3>\n<p>\u00a1Descarga nuestra aplicaci\u00f3n Clean Laundry Express!<\/p>\n\t\t\t<a href=\"https:\/\/cleanlaundryexpress.com\/cedar-rapids-iowa\/\" target=\"_self\">\n\t\t\t\t\t\t\tHaz que lo recojan\n\t\t\t<\/a>\n<h4>\n\t\tprecios\n\t<\/h4>\n\t<p>$2.25\/lb.<\/p>\n<p>Servicio al d\u00eda siguiente<\/p>\n\t<h5>Art\u00edculos especiales:<\/h5>\n<p>Edred\u00f3n <sup>$<\/sup>15<\/p>\n<p>Bolsa de dormir <sup>$<\/sup>15<\/p>\n<p>Funda de colch\u00f3n <sup>$<\/sup>10<\/p>\n<p>S\u00e1bana <sup>$<\/sup>5<\/p>\n<p>Alfombra peque\u00f1a <sup>$<\/sup>5<\/p>\n<p>Funda de almohada <sup>$<\/sup>2<\/p>\n<h5>Complementos opcionales:<\/h5>\n<p>S\u00e1banas para secadora (sin perfume o perfumadas): GRATIS<sup>*<\/sup><\/p>\n<p>Detergente Libre y Claro: 50<sup>\u00a2<\/sup>\/ carga<sup>**<\/sup><\/p>\n<p>Suavizante de telas: 50<sup>\u00a2<\/sup>\/ carga<sup>**<\/sup><\/p>\n<p>Blanqueador: 50<sup>\u00a2<\/sup>\/ carga<sup>**<\/sup><\/p>\n<p>(** 1 carga = 10 libras)<\/p>\n\t<p>*Service available Monday-Friday, only.\u00a0 Must pay with credit or debit card, $25 minimum order. Per-pound price does not include specialty items like comforters, pillows, or sleeping bags. Valid only at our Marion location. Not responsible for clothing damaged during the wash and\/or dry cycles.<\/p>\n<h4>\n\t\t\u00bfPreparado para comenzar?\n\t<\/h4>\n\tPrograme una entrega de su ropa sucia:<a href=\"tel:3194628456\"> 319-389-6363<\/a><br \/>\nWe operate Monday-Friday and we&#8217;ll take care of the rest.\n<h4>\n\t\tPreguntas frecuentes\n\t<\/h4>\n\t\t\t\t\t<a href=\"#\" id=\"fl-accordion--label-0\" tabindex=\"0\" aria-controls=\"fl-accordion--panel-0\">Cuando deje mi ropa para el servicio de Lavado, secado y doblado de ropa limpia, \u00bftendr\u00e9 que separar mi ropa?<\/a>\n\t\t\t\t\t\t\t\t\t\t\t<a href=\"#\" id=\"fl-accordion--icon-0\" tabindex=\"-1\"><i title=\"Expandir\">Expandir<\/i><\/a>\n\t\t\t\t\t<p>Nos enorgullecemos de nuestro servicio al cliente, por lo que no es necesario separar los colores y los blancos. Lo haremos por ti. Aseg\u00farese de que la ropa no est\u00e9 dentro de otra ropa para ayudarnos a movernos r\u00e1pidamente para asegurarnos de que lavamos, secamos y doblamos su ropa a tiempo.\u00a0<\/p>\n\t\t\t\t\t<a href=\"#\" id=\"fl-accordion--label-1\" tabindex=\"0\" aria-controls=\"fl-accordion--panel-1\">\u00bfQu\u00e9 pasa si tengo instrucciones especiales para mi ropa?<\/a>\n\t\t\t\t\t\t\t\t\t\t\t<a href=\"#\" id=\"fl-accordion--icon-1\" tabindex=\"-1\"><i title=\"Expandir\">Expandir<\/i><\/a>\n\t\t\t\t\t<p>Todas las instrucciones especiales deben ser entregadas al asistente en el momento de la entrega. Si tiene ropa costosa, secamos esos art\u00edculos por usted. Clean Laundry har\u00e1 todo lo posible para satisfacer sus necesidades de ropa.<\/p>\n\t\t\t\t\t<a href=\"#\" id=\"fl-accordion--label-2\" tabindex=\"0\" aria-controls=\"fl-accordion--panel-2\">\u00bfC\u00f3mo s\u00e9 que voy a recuperar toda mi ropa? <\/a>\n\t\t\t\t\t\t\t\t\t\t\t<a href=\"#\" id=\"fl-accordion--icon-2\" tabindex=\"-1\"><i title=\"Expandir\">Expandir<\/i><\/a>\n\t\t\t\t\t<p>Lavamos, secamos y doblamos tu ropa solos, nunca con otro pedido. Si, por casualidad, faltan art\u00edculos, llame inmediatamente a nuestro n\u00famero de servicio al cliente para comenzar a buscar.<\/p>\n\t\t\t\t\t<a href=\"#\" id=\"fl-accordion--label-3\" tabindex=\"0\" aria-controls=\"fl-accordion--panel-3\">\u00bfMi ropa se mezclar\u00e1 con la ropa de otras personas?<\/a>\n\t\t\t\t\t\t\t\t\t\t\t<a href=\"#\" id=\"fl-accordion--icon-3\" tabindex=\"-1\"><i title=\"Expandir\">Expandir<\/i><\/a>\n\t\t\t\t\t<p>Lavamos, secamos y doblamos la ropa de cada cliente por separado. Clean Laundry tiene un sistema de seguimiento de rutina donde nos aseguramos de que no mezclaremos ropa.\u00a0<\/p>\n\t\t\t\t\t<a href=\"#\" id=\"fl-accordion--label-4\" tabindex=\"0\" aria-controls=\"fl-accordion--panel-4\">\u00bfC\u00f3mo se cuando mi ropa est\u00e1 lista?<\/a>\n\t\t\t\t\t\t\t\t\t\t\t<a href=\"#\" id=\"fl-accordion--icon-4\" tabindex=\"-1\"><i title=\"Expandir\">Expandir<\/i><\/a>\n\t\t\t\t\t<p>Recibir\u00e1 un mensaje de texto \/ correo electr\u00f3nico confirmando que su pedido est\u00e1 hecho.\u00a0<\/p>\n\t\t\t\t\t<a href=\"#\" id=\"fl-accordion--label-5\" tabindex=\"0\" aria-controls=\"fl-accordion--panel-5\">\u00bfQu\u00e9 pasa si no puedo recogerlos de inmediato? \u00bfCu\u00e1nto tiempo me los guardar\u00e1s?<\/a>\n\t\t\t\t\t\t\t\t\t\t\t<a href=\"#\" id=\"fl-accordion--icon-5\" tabindex=\"-1\"><i title=\"Expandir\">Expandir<\/i><\/a>\n\t\t\t\t\t<p>Si no puede recoger la ropa de inmediato, guardaremos la ropa para el pr\u00f3ximo d\u00eda h\u00e1bil de lavado, secado y doblado. (Nuestros d\u00edas h\u00e1biles son de lunes a viernes).\u00a0<\/p>\n\t\t\t\t\t<a href=\"#\" id=\"fl-accordion--label-6\" tabindex=\"0\" aria-controls=\"fl-accordion--panel-6\">\u00bfQu\u00e9 tipo de detergente usas? <\/a>\n\t\t\t\t\t\t\t\t\t\t\t<a href=\"#\" id=\"fl-accordion--icon-6\" tabindex=\"-1\"><i title=\"Expandir\">Expandir<\/i><\/a>\n\t\t\t\t\t<p>Todos nuestros pedidos se realizan con un detergente, suavizante de telas y toallitas para secadora de marca. Tambi\u00e9n usamos un oxi-blanqueador (sin cloro para que no desti\u00f1a los colores) para darle a tu ropa el brillo adicional que te mereces. Aunque ofrecemos detergente a base de plantas o siempre puede traer su detergente para usar.\u00a0<\/p>\n\t\t\t\t\t<a href=\"#\" id=\"fl-accordion--label-7\" tabindex=\"0\" aria-controls=\"fl-accordion--panel-7\">Si uso un detergente especial, \u00bfpuedo llev\u00e1rselo y hacer que se lave con \u00e9l? <\/a>\n\t\t\t\t\t\t\t\t\t\t\t<a href=\"#\" id=\"fl-accordion--icon-7\" tabindex=\"-1\"><i title=\"Expandir\">Expandir<\/i><\/a>\n\t\t\t\t\t<p>S\u00ed, lo aceptaremos si usa un tipo espec\u00edfico de detergente para ropa.\u00a0<\/p>\n\t\t\t\t\t<a href=\"#\" id=\"fl-accordion--label-8\" tabindex=\"0\" aria-controls=\"fl-accordion--panel-8\">\u00bfQu\u00e9 pasa si algo se da\u00f1a o se pierde? <\/a>\n\t\t\t\t\t\t\t\t\t\t\t<a href=\"#\" id=\"fl-accordion--icon-8\" tabindex=\"-1\"><i title=\"Expandir\">Expandir<\/i><\/a>\n\t\t\t\t\t<p>Ejercemos el m\u00e1ximo cuidado con toda la ropa de nuestros clientes. Sin embargo, Clean Laundry no es responsable por ning\u00fan art\u00edculo perdido o da\u00f1ado. Manejaremos cada servicio de acuerdo con las regulaciones estatales. Sin embargo, no podemos asumir responsabilidad por debilidades o defectos en materiales que no sean evidentes antes del procesamiento. En el lavado, no podemos garantizar la p\u00e9rdida y el encogimiento del color; o contra da\u00f1os a tejidos d\u00e9biles y tiernos. Las diferencias en el recuento deben informarse o presentarse inicialmente, y este boleto debe presentarse dentro de las 48 horas.\u00a0<\/p>\n\t\t\t\t\t<a href=\"#\" id=\"fl-accordion--label-9\" tabindex=\"0\" aria-controls=\"fl-accordion--panel-9\">\u00bfPuedo dejar la ropa de cama tambi\u00e9n o solo la ropa? <\/a>\n\t\t\t\t\t\t\t\t\t\t\t<a href=\"#\" id=\"fl-accordion--icon-9\" tabindex=\"-1\"><i title=\"Expandir\">Expandir<\/i><\/a>\n\t\t\t\t\t<p>Puede dejar todo lo que pueda caber en la bolsa Clean Laundry. Por favor, no lavar en seco solo art\u00edculos.<\/p>\n<h4>\n\t\t\u00bfPreguntas?\n\t<\/h4>","protected":false},"excerpt":{"rendered":"<p>Drop Off Laundry Service in Marion Clean Laundry in Marion is more than a laundromat. It&#8217;s also a convenient wash, dry, fold service that is fast, affordable, and most of all: clean. Call now to get started Mon-Fri Marion, IA Email us 319-200-5920 &nbsp; Let us do your laundry for\u00a0you. Don&#8217;t feel like doing your&hellip;<\/p>","protected":false},"author":101012,"featured_media":0,"parent":0,"menu_order":0,"comment_status":"closed","ping_status":"closed","template":"","meta":{"footnotes":""},"class_list":["post-10640","page","type-page","status-publish","hentry"],"yoast_head":"<!-- This site is optimized with the Yoast SEO plugin v25.0 - https:\/\/yoast.com\/wordpress\/plugins\/seo\/ -->\n<title>Wash Dry Fold Laundry Service in Cedar Rapids - Clean Laundry<\/title>\n<meta name=\"robots\" content=\"index, follow, max-snippet:-1, max-image-preview:large, max-video-preview:-1\" \/>\n<link rel=\"canonical\" href=\"https:\/\/cleanlaundry.com\/es\/wash-dry-fold-service-in-cedar-rapids\/\" \/>\n<meta property=\"og:locale\" content=\"es_MX\" \/>\n<meta property=\"og:type\" content=\"article\" \/>\n<meta property=\"og:title\" content=\"Wash Dry Fold Laundry Service in Cedar Rapids - Clean Laundry\" \/>\n<meta property=\"og:description\" content=\"Drop Off Laundry Service in Marion Clean Laundry in Marion is more than a laundromat. It&#8217;s also a convenient wash, dry, fold service that is fast, affordable, and most of all: clean. Call now to get started Mon-Fri Marion, IA Email us 319-200-5920 &nbsp; Let us do your laundry for\u00a0you. Don&#8217;t feel like doing your&hellip;\" \/>\n<meta property=\"og:url\" content=\"https:\/\/cleanlaundry.com\/es\/wash-dry-fold-service-in-cedar-rapids\/\" \/>\n<meta property=\"og:site_name\" content=\"Clean Laundry\" \/>\n<meta property=\"article:modified_time\" content=\"2025-06-04T17:15:20+00:00\" \/>\n<meta property=\"og:image\" content=\"https:\/\/cleanlaundry.com\/wp-content\/uploads\/2021\/01\/WDF-logo.png\" \/>\n<meta name=\"twitter:card\" content=\"summary_large_image\" \/>\n<meta name=\"twitter:label1\" content=\"Tiempo de lectura\" \/>\n\t<meta name=\"twitter:data1\" content=\"4 minutos\" \/>\n<script type=\"application\/ld+json\" class=\"yoast-schema-graph\">{\"@context\":\"https:\/\/schema.org\",\"@graph\":[{\"@type\":\"WebPage\",\"@id\":\"https:\/\/cleanlaundry.com\/wash-dry-fold-service-in-cedar-rapids\/\",\"url\":\"https:\/\/cleanlaundry.com\/wash-dry-fold-service-in-cedar-rapids\/\",\"name\":\"Wash Dry Fold Laundry Service in Cedar Rapids - Clean Laundry\",\"isPartOf\":{\"@id\":\"https:\/\/cleanlaundry.com\/#website\"},\"primaryImageOfPage\":{\"@id\":\"https:\/\/cleanlaundry.com\/wash-dry-fold-service-in-cedar-rapids\/#primaryimage\"},\"image\":{\"@id\":\"https:\/\/cleanlaundry.com\/wash-dry-fold-service-in-cedar-rapids\/#primaryimage\"},\"thumbnailUrl\":\"https:\/\/cleanlaundry.com\/wp-content\/uploads\/2021\/01\/WDF-logo.png\",\"datePublished\":\"2021-01-27T20:22:18+00:00\",\"dateModified\":\"2025-06-04T17:15:20+00:00\",\"breadcrumb\":{\"@id\":\"https:\/\/cleanlaundry.com\/wash-dry-fold-service-in-cedar-rapids\/#breadcrumb\"},\"inLanguage\":\"es\",\"potentialAction\":[{\"@type\":\"ReadAction\",\"target\":[\"https:\/\/cleanlaundry.com\/wash-dry-fold-service-in-cedar-rapids\/\"]}]},{\"@type\":\"ImageObject\",\"inLanguage\":\"es\",\"@id\":\"https:\/\/cleanlaundry.com\/wash-dry-fold-service-in-cedar-rapids\/#primaryimage\",\"url\":\"https:\/\/cleanlaundry.com\/wp-content\/uploads\/2021\/01\/WDF-logo.png\",\"contentUrl\":\"https:\/\/cleanlaundry.com\/wp-content\/uploads\/2021\/01\/WDF-logo.png\"},{\"@type\":\"BreadcrumbList\",\"@id\":\"https:\/\/cleanlaundry.com\/wash-dry-fold-service-in-cedar-rapids\/#breadcrumb\",\"itemListElement\":[{\"@type\":\"ListItem\",\"position\":1,\"name\":\"Home\",\"item\":\"https:\/\/cleanlaundry.com\/\"},{\"@type\":\"ListItem\",\"position\":2,\"name\":\"Wash Dry Fold Laundry Service in Cedar Rapids\"}]},{\"@type\":\"WebSite\",\"@id\":\"https:\/\/cleanlaundry.com\/#website\",\"url\":\"https:\/\/cleanlaundry.com\/\",\"name\":\"Clean Laundry\",\"description\":\"Clean Laundry\",\"potentialAction\":[{\"@type\":\"SearchAction\",\"target\":{\"@type\":\"EntryPoint\",\"urlTemplate\":\"https:\/\/cleanlaundry.com\/?s={search_term_string}\"},\"query-input\":{\"@type\":\"PropertyValueSpecification\",\"valueRequired\":true,\"valueName\":\"search_term_string\"}}],\"inLanguage\":\"es\"}]}<\/script>\n<!-- \/ Yoast SEO plugin. -->","yoast_head_json":{"title":"Servicio de lavander\u00eda Wash Dry Fold en Cedar Rapids - Clean Laundry","robots":{"index":"index","follow":"follow","max-snippet":"max-snippet:-1","max-image-preview":"max-image-preview:large","max-video-preview":"max-video-preview:-1"},"canonical":"https:\/\/cleanlaundry.com\/es\/wash-dry-fold-service-in-cedar-rapids\/","og_locale":"es_MX","og_type":"article","og_title":"Wash Dry Fold Laundry Service in Cedar Rapids - Clean Laundry","og_description":"Drop Off Laundry Service in Marion Clean Laundry in Marion is more than a laundromat. It&#8217;s also a convenient wash, dry, fold service that is fast, affordable, and most of all: clean. Call now to get started Mon-Fri Marion, IA Email us 319-200-5920 &nbsp; Let us do your laundry for\u00a0you. Don&#8217;t feel like doing your&hellip;","og_url":"https:\/\/cleanlaundry.com\/es\/wash-dry-fold-service-in-cedar-rapids\/","og_site_name":"Clean Laundry","article_modified_time":"2025-06-04T17:15:20+00:00","og_image":[{"url":"https:\/\/cleanlaundry.com\/wp-content\/uploads\/2021\/01\/WDF-logo.png","type":"","width":"","height":""}],"twitter_card":"summary_large_image","twitter_misc":{"Tiempo de lectura":"4 minutos"},"schema":{"@context":"https:\/\/schema.org","@graph":[{"@type":"WebPage","@id":"https:\/\/cleanlaundry.com\/wash-dry-fold-service-in-cedar-rapids\/","url":"https:\/\/cleanlaundry.com\/wash-dry-fold-service-in-cedar-rapids\/","name":"Servicio de lavander\u00eda Wash Dry Fold en Cedar Rapids - Clean Laundry","isPartOf":{"@id":"https:\/\/cleanlaundry.com\/#website"},"primaryImageOfPage":{"@id":"https:\/\/cleanlaundry.com\/wash-dry-fold-service-in-cedar-rapids\/#primaryimage"},"image":{"@id":"https:\/\/cleanlaundry.com\/wash-dry-fold-service-in-cedar-rapids\/#primaryimage"},"thumbnailUrl":"https:\/\/cleanlaundry.com\/wp-content\/uploads\/2021\/01\/WDF-logo.png","datePublished":"2021-01-27T20:22:18+00:00","dateModified":"2025-06-04T17:15:20+00:00","breadcrumb":{"@id":"https:\/\/cleanlaundry.com\/wash-dry-fold-service-in-cedar-rapids\/#breadcrumb"},"inLanguage":"es","potentialAction":[{"@type":"ReadAction","target":["https:\/\/cleanlaundry.com\/wash-dry-fold-service-in-cedar-rapids\/"]}]},{"@type":"ImageObject","inLanguage":"es","@id":"https:\/\/cleanlaundry.com\/wash-dry-fold-service-in-cedar-rapids\/#primaryimage","url":"https:\/\/cleanlaundry.com\/wp-content\/uploads\/2021\/01\/WDF-logo.png","contentUrl":"https:\/\/cleanlaundry.com\/wp-content\/uploads\/2021\/01\/WDF-logo.png"},{"@type":"BreadcrumbList","@id":"https:\/\/cleanlaundry.com\/wash-dry-fold-service-in-cedar-rapids\/#breadcrumb","itemListElement":[{"@type":"ListItem","position":1,"name":"Home","item":"https:\/\/cleanlaundry.com\/"},{"@type":"ListItem","position":2,"name":"Wash Dry Fold Laundry Service in Cedar Rapids"}]},{"@type":"WebSite","@id":"https:\/\/cleanlaundry.com\/#website","url":"https:\/\/cleanlaundry.com\/","name":"Ropa limpia","description":"Ropa limpia","potentialAction":[{"@type":"SearchAction","target":{"@type":"EntryPoint","urlTemplate":"https:\/\/cleanlaundry.com\/?s={search_term_string}"},"query-input":{"@type":"PropertyValueSpecification","valueRequired":true,"valueName":"search_term_string"}}],"inLanguage":"es"}]}},"_links":{"self":[{"href":"https:\/\/cleanlaundry.com\/es\/wp-json\/wp\/v2\/pages\/10640","targetHints":{"allow":["GET"]}}],"collection":[{"href":"https:\/\/cleanlaundry.com\/es\/wp-json\/wp\/v2\/pages"}],"about":[{"href":"https:\/\/cleanlaundry.com\/es\/wp-json\/wp\/v2\/types\/page"}],"author":[{"embeddable":true,"href":"https:\/\/cleanlaundry.com\/es\/wp-json\/wp\/v2\/users\/101012"}],"replies":[{"embeddable":true,"href":"https:\/\/cleanlaundry.com\/es\/wp-json\/wp\/v2\/comments?post=10640"}],"version-history":[{"count":30,"href":"https:\/\/cleanlaundry.com\/es\/wp-json\/wp\/v2\/pages\/10640\/revisions"}],"predecessor-version":[{"id":15205,"href":"https:\/\/cleanlaundry.com\/es\/wp-json\/wp\/v2\/pages\/10640\/revisions\/15205"}],"wp:attachment":[{"href":"https:\/\/cleanlaundry.com\/es\/wp-json\/wp\/v2\/media?parent=10640"}],"curies":[{"name":"wp","href":"https:\/\/api.w.org\/{rel}","templated":true}]}}