{"id":10206,"date":"2021-01-14T10:10:34","date_gmt":"2021-01-14T16:10:34","guid":{"rendered":"https:\/\/cleanlaundry.com\/?page_id=10206"},"modified":"2021-01-26T09:36:34","modified_gmt":"2021-01-26T15:36:34","slug":"wash-dry-fold","status":"publish","type":"page","link":"https:\/\/cleanlaundry.com\/es\/wash-dry-fold\/","title":{"rendered":"Lavar en seco doblar"},"content":{"rendered":"<h1>\n\t\tServicio de entrega de lavander\u00eda en Phoenix\n\t<\/h1>\n<h2>\n\t\tClean Laundry on North 19th Ave. in Phoenix is more than a laundromat. It&#8217;s also a same-day wash, dry, fold service that is fast, affordable, and most of all: clean.\n\t<\/h2>\n\t\t\t<a href=\"\" target=\"_self\" role=\"button\" rel=\"noopener\">\n\t\t\t\t\t\t\tEmpezar\n\t\t\t<\/a>\n\t\t\t\t<img loading=\"lazy\" decoding=\"async\" src=\"https:\/\/cleanlaundry.com\/wp-content\/uploads\/2021\/01\/WDF-logo.png\" alt=\"Clean Laundry Wash Dry Fold Logo\" itemprop=\"image\" height=\"501\" width=\"501\" title=\"Logotipo de WDF\" onerror=\"this.style.display='none'\"  \/>\n\t<p> Available Mon-fri 8am-5pm<\/p>\n<p> 1234 nombre de la calle ave en la ciudad<\/p>\n\t<p>    <\/p>\n\t<h3>H3 D\u00e9jenos lavar su ropa por usted.<\/h3>\n<p>Ah\u00f3rrese la molestia de lavar la ropa, esperar m\u00e1quinas y doblar la ropa. Deje su ropa sucia en nuestra ubicaci\u00f3n de North 19th Ave, Phoenix y rec\u00f3jala limpia y doblada dentro de las 24 horas posteriores a la entrega.<\/p>\n<h4>\n\t\tc\u00f3mo funciona\n\t<\/h4>\n\t\t\t\t<img loading=\"lazy\" decoding=\"async\" src=\"https:\/\/cleanlaundry.com\/wp-content\/uploads\/2021\/01\/1@3x.png\" alt=\"1\" itemprop=\"image\" height=\"150\" width=\"150\" title=\"1\" onerror=\"this.style.display='none'\"  \/>\n\t<p><strong>Deja tu ropa sucia.<\/strong> Tr\u00e1enos tu pila de ropa dentro de la ventana de servicio de lunes a viernes, de 8 am a 8 pm. No se necesita cita, simplemente deje su ropa y pague cuando la recoja.<\/p>\n\t\t\t\t<img loading=\"lazy\" decoding=\"async\" src=\"https:\/\/cleanlaundry.com\/wp-content\/uploads\/2021\/01\/2@3x.png\" alt=\"2\" itemprop=\"image\" height=\"150\" width=\"151\" title=\"2\" onerror=\"this.style.display='none'\"  \/>\n\t<p><strong>Pesaremos tu ropa.<\/strong> Nuestro precio se basa en el peso de su ropa ($1.50 \/ lb. Para el servicio al d\u00eda siguiente, $1.99 \/ lb para el mismo d\u00eda *) y no incluye art\u00edculos especiales como almohadas, mantas, alfombras, etc.<\/p>\n\n<p>Ver detalles de precios<\/p>\n\t\t\t\t<img loading=\"lazy\" decoding=\"async\" src=\"https:\/\/cleanlaundry.com\/wp-content\/uploads\/2021\/01\/3@3x.png\" alt=\"3\" itemprop=\"image\" height=\"150\" width=\"151\" title=\"3\" onerror=\"this.style.display='none'\"  \/>\n\t<p><strong>Lavamos, secamos y doblamos tu ropa.<\/strong> Su ropa es importante para usted y la tratamos de esa manera. Personalizar la temperatura de lavado y las opciones de detergente es r\u00e1pido y f\u00e1cil.<\/p>\n\t\t\t\t<img loading=\"lazy\" decoding=\"async\" src=\"https:\/\/cleanlaundry.com\/wp-content\/uploads\/2021\/01\/4@3x.png\" alt=\"4\" itemprop=\"image\" height=\"150\" width=\"151\" title=\"4\" onerror=\"this.style.display='none'\"  \/>\n\t<p><strong>Recoja su ropa reci\u00e9n lavada y doblada.<\/strong> Ofrecemos servicio el mismo d\u00eda <em>(se aplican cargos adicionales)<\/em> si lo deja antes del mediod\u00eda y puede pagar cuando lo recoja.<\/p>\n\t\t\t<a href=\"\" target=\"_self\" role=\"button\" rel=\"noopener\">\n\t\t\t\t\t\t\tEmpezar\n\t\t\t<\/a>\n<h4>\n\t\tprecios\n\t<\/h4>\n\t<p>$1.50 \/ lb.<\/p>\nServicio al d\u00eda siguiente<br \/>\n($1.99 \/ lb para el mismo d\u00eda *)\n\t<h4>Art\u00edculos especiales:<\/h4>\n<p>Saco de dormir $15<\/p>\n<p>Edred\u00f3n Twin $15<\/p>\n<p>Edred\u00f3n Queen \/ King $20<\/p>\n<p>Almohada $10<\/p>\n\t<p>Service available Monday-Friday, 8am-8pm only.\u00a0 Must pay with credit or debit card, $25 minimum order. Per-pound price does not include specialty items like comforters, pillows, or sleeping bags. Valid only at 6815 N. 19th Ave location in Phoenix. Not responsible for clothing damaged during the wash and\/or dry cycles.<\/p>\n<h4>\n\t\t\u00bfPreparado para comenzar?\n\t<\/h4>\n\t<p>Entrega tu ropa de lunes a viernes entre las 8 am y las 8 pm y nosotros nos encargamos del resto.<\/p>\n\t\t\t\t<img loading=\"lazy\" decoding=\"async\" src=\"https:\/\/cleanlaundry.com\/wp-content\/uploads\/2021\/01\/CL17-CleanLaundry-Phoenix-Laundromat-500x250-1.jpg\" alt=\"Laundromat in Phoenix Arizona on 19th Ave\" itemprop=\"image\" height=\"250\" width=\"500\" title=\"CL17-CleanLaundry-Phoenix-Laundromat-500x250\" onerror=\"this.style.display='none'\"  \/>\n\t\n<p>Phoenix, AZ 85042<\/p>\n<p>Cerca del metro, dentro del centro comercial Fry&#039;s<\/p>\n\t<iframe src=\"https:\/\/www.google.com\/maps\/embed\/v1\/place?q=6815+N.+19th+Ave%0APhoenix%2C+AZ+85021&#038;key=AIzaSyD09zQ9PNDNNy9TadMuzRV_UsPUoWKntt8\" aria-hidden=\"true\" title=\"Lavander\u00eda en Phoenix, Arizona\"><\/iframe>\n<h4>\n\t\tubicaciones participantes\n\t<\/h4>\n<h4>\n\t\tLavar, secar, doblar disponible en estas ubicaciones de lavander\u00eda limpia:\n\t<\/h4>\n\t\n<p>1234 Street Ave en la ciudad<\/p>\n<p>Day-Day, Xam-Xpm<\/p>\n\t\t\t<a href=\"\" target=\"_self\" role=\"button\" rel=\"noopener\">\n\t\t\t\t\t\t\t<\/a>\n\t\n<p>1234 Street Ave en la ciudad<\/p>\n<p>Day-Day, Xam-Xpm<\/p>\n\t\t\t<a href=\"\" target=\"_self\" role=\"button\" rel=\"noopener\">\n\t\t\t\t\t\t\t<\/a>\n\t\n<p>1234 Street Ave en la ciudad<\/p>\n<p>Day-Day, Xam-Xpm<\/p>\n\t\t\t<a href=\"\" target=\"_self\" role=\"button\" rel=\"noopener\">\n\t\t\t\t\t\t\t<\/a>\n\t\n<p>1234 Street Ave en la ciudad<\/p>\n<p>Day-Day, Xam-Xpm<\/p>\n\t\t\t<a href=\"\" target=\"_self\" role=\"button\" rel=\"noopener\">\n\t\t\t\t\t\t\t<\/a>\n\t\n<p>1234 Street Ave en la ciudad<\/p>\n<p>Day-Day, Xam-Xpm<\/p>\n\t\t\t<a href=\"\" target=\"_self\" role=\"button\" rel=\"noopener\">\n\t\t\t\t\t\t\t<\/a>\n<h4>\n\t\tPreguntas frecuentes\n\t<\/h4>\n\t\t\t<a href=\"#\" id=\"fl-accordion--label-0\" tabindex=\"0\" aria-controls=\"fl-accordion--panel-0\">La pregunta va aqu\u00ed<\/a>\n\t\t\t\t\t\t\t<a href=\"#\" id=\"fl-accordion--icon-0\" tabindex=\"0\" aria-controls=\"fl-accordion--panel-0\"><i>Expandir<\/i><\/a>\n\t\t<p>La respuesta va aqu\u00ed. La respuesta va aqu\u00ed. La respuesta va aqu\u00ed. La respuesta va aqu\u00ed. La respuesta va aqu\u00ed. La respuesta va aqu\u00ed.<\/p>\n\t\t\t<a href=\"#\" id=\"fl-accordion--label-1\" tabindex=\"0\" aria-controls=\"fl-accordion--panel-1\">La pregunta va aqu\u00ed<\/a>\n\t\t\t\t\t\t\t<a href=\"#\" id=\"fl-accordion--icon-1\" tabindex=\"0\" aria-controls=\"fl-accordion--panel-1\"><i>Expandir<\/i><\/a>\n\t\t<p>La respuesta va aqu\u00ed. La respuesta va aqu\u00ed. La respuesta va aqu\u00ed. La respuesta va aqu\u00ed. La respuesta va aqu\u00ed. La respuesta va aqu\u00ed.<\/p>\n\t\t\t<a href=\"#\" id=\"fl-accordion--label-2\" tabindex=\"0\" aria-controls=\"fl-accordion--panel-2\">La pregunta va aqu\u00ed<\/a>\n\t\t\t\t\t\t\t<a href=\"#\" id=\"fl-accordion--icon-2\" tabindex=\"0\" aria-controls=\"fl-accordion--panel-2\"><i>Expandir<\/i><\/a>\n\t\t<p>La respuesta va aqu\u00ed. La respuesta va aqu\u00ed. La respuesta va aqu\u00ed. La respuesta va aqu\u00ed. La respuesta va aqu\u00ed. La respuesta va aqu\u00ed.<\/p>\n\t\t\t<a href=\"#\" id=\"fl-accordion--label-3\" tabindex=\"0\" aria-controls=\"fl-accordion--panel-3\">La pregunta va aqu\u00ed<\/a>\n\t\t\t\t\t\t\t<a href=\"#\" id=\"fl-accordion--icon-3\" tabindex=\"0\" aria-controls=\"fl-accordion--panel-3\"><i>Expandir<\/i><\/a>\n\t\t<p>La respuesta va aqu\u00ed. La respuesta va aqu\u00ed. La respuesta va aqu\u00ed. La respuesta va aqu\u00ed. La respuesta va aqu\u00ed. La respuesta va aqu\u00ed.<\/p>\n\t\t\t<a href=\"#\" id=\"fl-accordion--label-4\" tabindex=\"0\" aria-controls=\"fl-accordion--panel-4\">La pregunta va aqu\u00ed<\/a>\n\t\t\t\t\t\t\t<a href=\"#\" id=\"fl-accordion--icon-4\" tabindex=\"0\" aria-controls=\"fl-accordion--panel-4\"><i>Expandir<\/i><\/a>\n\t\t<p>La respuesta va aqu\u00ed. La respuesta va aqu\u00ed. La respuesta va aqu\u00ed. La respuesta va aqu\u00ed. La respuesta va aqu\u00ed. La respuesta va aqu\u00ed.<\/p>\n\t\t\t<a href=\"#\" id=\"fl-accordion--label-5\" tabindex=\"0\" aria-controls=\"fl-accordion--panel-5\">La pregunta va aqu\u00ed<\/a>\n\t\t\t\t\t\t\t<a href=\"#\" id=\"fl-accordion--icon-5\" tabindex=\"0\" aria-controls=\"fl-accordion--panel-5\"><i>Expandir<\/i><\/a>\n\t\t<p>La respuesta va aqu\u00ed. La respuesta va aqu\u00ed. La respuesta va aqu\u00ed. La respuesta va aqu\u00ed. La respuesta va aqu\u00ed. La respuesta va aqu\u00ed.<\/p>\n\t\t\t<a href=\"#\" id=\"fl-accordion--label-6\" tabindex=\"0\" aria-controls=\"fl-accordion--panel-6\">La pregunta va aqu\u00ed<\/a>\n\t\t\t\t\t\t\t<a href=\"#\" id=\"fl-accordion--icon-6\" tabindex=\"0\" aria-controls=\"fl-accordion--panel-6\"><i>Expandir<\/i><\/a>\n\t\t<p>La respuesta va aqu\u00ed. La respuesta va aqu\u00ed. La respuesta va aqu\u00ed. La respuesta va aqu\u00ed. La respuesta va aqu\u00ed. La respuesta va aqu\u00ed.<\/p>\n\t\t\t<a href=\"#\" id=\"fl-accordion--label-7\" tabindex=\"0\" aria-controls=\"fl-accordion--panel-7\">La pregunta va aqu\u00ed<\/a>\n\t\t\t\t\t\t\t<a href=\"#\" id=\"fl-accordion--icon-7\" tabindex=\"0\" aria-controls=\"fl-accordion--panel-7\"><i>Expandir<\/i><\/a>\n\t\t<p>La respuesta va aqu\u00ed. La respuesta va aqu\u00ed. La respuesta va aqu\u00ed. La respuesta va aqu\u00ed. La respuesta va aqu\u00ed. La respuesta va aqu\u00ed.<\/p>\n\t\t\t<a href=\"#\" id=\"fl-accordion--label-8\" tabindex=\"0\" aria-controls=\"fl-accordion--panel-8\">La pregunta va aqu\u00ed<\/a>\n\t\t\t\t\t\t\t<a href=\"#\" id=\"fl-accordion--icon-8\" tabindex=\"0\" aria-controls=\"fl-accordion--panel-8\"><i>Expandir<\/i><\/a>\n\t\t<p>La respuesta va aqu\u00ed. La respuesta va aqu\u00ed. La respuesta va aqu\u00ed. La respuesta va aqu\u00ed. La respuesta va aqu\u00ed. La respuesta va aqu\u00ed.<\/p>\n\t\t\t<a href=\"#\" id=\"fl-accordion--label-9\" tabindex=\"0\" aria-controls=\"fl-accordion--panel-9\">La pregunta va aqu\u00ed<\/a>\n\t\t\t\t\t\t\t<a href=\"#\" id=\"fl-accordion--icon-9\" tabindex=\"0\" aria-controls=\"fl-accordion--panel-9\"><i>Expandir<\/i><\/a>\n\t\t<p>La respuesta va aqu\u00ed. La respuesta va aqu\u00ed. La respuesta va aqu\u00ed. La respuesta va aqu\u00ed. La respuesta va aqu\u00ed. La respuesta va aqu\u00ed.<\/p>\n\t\t\t<a href=\"#\" id=\"fl-accordion--label-10\" tabindex=\"0\" aria-controls=\"fl-accordion--panel-10\">La pregunta va aqu\u00ed<\/a>\n\t\t\t\t\t\t\t<a href=\"#\" id=\"fl-accordion--icon-10\" tabindex=\"0\" aria-controls=\"fl-accordion--panel-10\"><i>Expandir<\/i><\/a>\n\t\t<p>La respuesta va aqu\u00ed. La respuesta va aqu\u00ed. La respuesta va aqu\u00ed. La respuesta va aqu\u00ed. La respuesta va aqu\u00ed. La respuesta va aqu\u00ed.<\/p>\n<h4>\n\t\t\u00bfPreguntas?\n\t<\/h4>","protected":false},"excerpt":{"rendered":"<p>Drop Off Laundry Service in Phoenix Clean Laundry on North 19th Ave. in Phoenix is more than a laundromat. It&#8217;s also a same-day wash, dry, fold service that is fast, affordable, and most of all: clean. Get started Available Mon-fri 8am-5pm 1234 street name ave in city H3 Let us do your laundry for you.&hellip;<\/p>","protected":false},"author":101012,"featured_media":0,"parent":0,"menu_order":0,"comment_status":"closed","ping_status":"closed","template":"","meta":{"footnotes":""},"class_list":["post-10206","page","type-page","status-publish","hentry"],"yoast_head":"<!-- This site is optimized with the Yoast SEO plugin v25.0 - https:\/\/yoast.com\/wordpress\/plugins\/seo\/ -->\n<title>Wash Dry Fold - Clean Laundry<\/title>\n<meta name=\"robots\" content=\"index, follow, max-snippet:-1, max-image-preview:large, max-video-preview:-1\" \/>\n<link rel=\"canonical\" href=\"https:\/\/cleanlaundry.com\/es\/wash-dry-fold\/\" \/>\n<meta property=\"og:locale\" content=\"es_MX\" \/>\n<meta property=\"og:type\" content=\"article\" \/>\n<meta property=\"og:title\" content=\"Wash Dry Fold - Clean Laundry\" \/>\n<meta property=\"og:description\" content=\"Drop Off Laundry Service in Phoenix Clean Laundry on North 19th Ave. in Phoenix is more than a laundromat. It&#8217;s also a same-day wash, dry, fold service that is fast, affordable, and most of all: clean. Get started Available Mon-fri 8am-5pm 1234 street name ave in city H3 Let us do your laundry for you.&hellip;\" \/>\n<meta property=\"og:url\" content=\"https:\/\/cleanlaundry.com\/es\/wash-dry-fold\/\" \/>\n<meta property=\"og:site_name\" content=\"Clean Laundry\" \/>\n<meta property=\"article:modified_time\" content=\"2021-01-26T15:36:34+00:00\" \/>\n<meta property=\"og:image\" content=\"https:\/\/cleanlaundry.com\/wp-content\/uploads\/2021\/01\/WDF-logo.png\" \/>\n<meta name=\"twitter:card\" content=\"summary_large_image\" \/>\n<meta name=\"twitter:label1\" content=\"Tiempo de lectura\" \/>\n\t<meta name=\"twitter:data1\" content=\"3 minutos\" \/>\n<script type=\"application\/ld+json\" class=\"yoast-schema-graph\">{\"@context\":\"https:\/\/schema.org\",\"@graph\":[{\"@type\":\"WebPage\",\"@id\":\"https:\/\/cleanlaundry.com\/wash-dry-fold\/\",\"url\":\"https:\/\/cleanlaundry.com\/wash-dry-fold\/\",\"name\":\"Wash Dry Fold - Clean Laundry\",\"isPartOf\":{\"@id\":\"https:\/\/cleanlaundry.com\/#website\"},\"primaryImageOfPage\":{\"@id\":\"https:\/\/cleanlaundry.com\/wash-dry-fold\/#primaryimage\"},\"image\":{\"@id\":\"https:\/\/cleanlaundry.com\/wash-dry-fold\/#primaryimage\"},\"thumbnailUrl\":\"https:\/\/cleanlaundry.com\/wp-content\/uploads\/2021\/01\/WDF-logo.png\",\"datePublished\":\"2021-01-14T16:10:34+00:00\",\"dateModified\":\"2021-01-26T15:36:34+00:00\",\"breadcrumb\":{\"@id\":\"https:\/\/cleanlaundry.com\/wash-dry-fold\/#breadcrumb\"},\"inLanguage\":\"es\",\"potentialAction\":[{\"@type\":\"ReadAction\",\"target\":[\"https:\/\/cleanlaundry.com\/wash-dry-fold\/\"]}]},{\"@type\":\"ImageObject\",\"inLanguage\":\"es\",\"@id\":\"https:\/\/cleanlaundry.com\/wash-dry-fold\/#primaryimage\",\"url\":\"https:\/\/cleanlaundry.com\/wp-content\/uploads\/2021\/01\/WDF-logo.png\",\"contentUrl\":\"https:\/\/cleanlaundry.com\/wp-content\/uploads\/2021\/01\/WDF-logo.png\"},{\"@type\":\"BreadcrumbList\",\"@id\":\"https:\/\/cleanlaundry.com\/wash-dry-fold\/#breadcrumb\",\"itemListElement\":[{\"@type\":\"ListItem\",\"position\":1,\"name\":\"Home\",\"item\":\"https:\/\/cleanlaundry.com\/\"},{\"@type\":\"ListItem\",\"position\":2,\"name\":\"Wash Dry Fold\"}]},{\"@type\":\"WebSite\",\"@id\":\"https:\/\/cleanlaundry.com\/#website\",\"url\":\"https:\/\/cleanlaundry.com\/\",\"name\":\"Clean Laundry\",\"description\":\"Clean Laundry\",\"potentialAction\":[{\"@type\":\"SearchAction\",\"target\":{\"@type\":\"EntryPoint\",\"urlTemplate\":\"https:\/\/cleanlaundry.com\/?s={search_term_string}\"},\"query-input\":{\"@type\":\"PropertyValueSpecification\",\"valueRequired\":true,\"valueName\":\"search_term_string\"}}],\"inLanguage\":\"es\"}]}<\/script>\n<!-- \/ Yoast SEO plugin. -->","yoast_head_json":{"title":"Lavar en seco pliegue - Ropa limpia","robots":{"index":"index","follow":"follow","max-snippet":"max-snippet:-1","max-image-preview":"max-image-preview:large","max-video-preview":"max-video-preview:-1"},"canonical":"https:\/\/cleanlaundry.com\/es\/wash-dry-fold\/","og_locale":"es_MX","og_type":"article","og_title":"Wash Dry Fold - Clean Laundry","og_description":"Drop Off Laundry Service in Phoenix Clean Laundry on North 19th Ave. in Phoenix is more than a laundromat. It&#8217;s also a same-day wash, dry, fold service that is fast, affordable, and most of all: clean. Get started Available Mon-fri 8am-5pm 1234 street name ave in city H3 Let us do your laundry for you.&hellip;","og_url":"https:\/\/cleanlaundry.com\/es\/wash-dry-fold\/","og_site_name":"Clean Laundry","article_modified_time":"2021-01-26T15:36:34+00:00","og_image":[{"url":"https:\/\/cleanlaundry.com\/wp-content\/uploads\/2021\/01\/WDF-logo.png","type":"","width":"","height":""}],"twitter_card":"summary_large_image","twitter_misc":{"Tiempo de lectura":"3 minutos"},"schema":{"@context":"https:\/\/schema.org","@graph":[{"@type":"WebPage","@id":"https:\/\/cleanlaundry.com\/wash-dry-fold\/","url":"https:\/\/cleanlaundry.com\/wash-dry-fold\/","name":"Lavar en seco pliegue - Ropa limpia","isPartOf":{"@id":"https:\/\/cleanlaundry.com\/#website"},"primaryImageOfPage":{"@id":"https:\/\/cleanlaundry.com\/wash-dry-fold\/#primaryimage"},"image":{"@id":"https:\/\/cleanlaundry.com\/wash-dry-fold\/#primaryimage"},"thumbnailUrl":"https:\/\/cleanlaundry.com\/wp-content\/uploads\/2021\/01\/WDF-logo.png","datePublished":"2021-01-14T16:10:34+00:00","dateModified":"2021-01-26T15:36:34+00:00","breadcrumb":{"@id":"https:\/\/cleanlaundry.com\/wash-dry-fold\/#breadcrumb"},"inLanguage":"es","potentialAction":[{"@type":"ReadAction","target":["https:\/\/cleanlaundry.com\/wash-dry-fold\/"]}]},{"@type":"ImageObject","inLanguage":"es","@id":"https:\/\/cleanlaundry.com\/wash-dry-fold\/#primaryimage","url":"https:\/\/cleanlaundry.com\/wp-content\/uploads\/2021\/01\/WDF-logo.png","contentUrl":"https:\/\/cleanlaundry.com\/wp-content\/uploads\/2021\/01\/WDF-logo.png"},{"@type":"BreadcrumbList","@id":"https:\/\/cleanlaundry.com\/wash-dry-fold\/#breadcrumb","itemListElement":[{"@type":"ListItem","position":1,"name":"Home","item":"https:\/\/cleanlaundry.com\/"},{"@type":"ListItem","position":2,"name":"Wash Dry Fold"}]},{"@type":"WebSite","@id":"https:\/\/cleanlaundry.com\/#website","url":"https:\/\/cleanlaundry.com\/","name":"Ropa limpia","description":"Ropa limpia","potentialAction":[{"@type":"SearchAction","target":{"@type":"EntryPoint","urlTemplate":"https:\/\/cleanlaundry.com\/?s={search_term_string}"},"query-input":{"@type":"PropertyValueSpecification","valueRequired":true,"valueName":"search_term_string"}}],"inLanguage":"es"}]}},"_links":{"self":[{"href":"https:\/\/cleanlaundry.com\/es\/wp-json\/wp\/v2\/pages\/10206","targetHints":{"allow":["GET"]}}],"collection":[{"href":"https:\/\/cleanlaundry.com\/es\/wp-json\/wp\/v2\/pages"}],"about":[{"href":"https:\/\/cleanlaundry.com\/es\/wp-json\/wp\/v2\/types\/page"}],"author":[{"embeddable":true,"href":"https:\/\/cleanlaundry.com\/es\/wp-json\/wp\/v2\/users\/101012"}],"replies":[{"embeddable":true,"href":"https:\/\/cleanlaundry.com\/es\/wp-json\/wp\/v2\/comments?post=10206"}],"version-history":[{"count":35,"href":"https:\/\/cleanlaundry.com\/es\/wp-json\/wp\/v2\/pages\/10206\/revisions"}],"predecessor-version":[{"id":10511,"href":"https:\/\/cleanlaundry.com\/es\/wp-json\/wp\/v2\/pages\/10206\/revisions\/10511"}],"wp:attachment":[{"href":"https:\/\/cleanlaundry.com\/es\/wp-json\/wp\/v2\/media?parent=10206"}],"curies":[{"name":"wp","href":"https:\/\/api.w.org\/{rel}","templated":true}]}}