{"id":10039,"date":"2020-11-13T12:47:46","date_gmt":"2020-11-13T18:47:46","guid":{"rendered":"https:\/\/cleanlaundry.com\/?page_id=10039"},"modified":"2026-01-12T08:01:00","modified_gmt":"2026-01-12T14:01:00","slug":"wdf","status":"publish","type":"page","link":"https:\/\/cleanlaundry.com\/es\/locations\/iowa\/iowa-city\/362-highway-1-west-suite-t7-t8-iowa-city-ia\/wdf\/","title":{"rendered":"Servicios de lavado en seco y plegado de Iowa City"},"content":{"rendered":"<img loading=\"lazy\" decoding=\"async\" src=\"https:\/\/cleanlaundry.com\/wp-content\/uploads\/2020\/04\/CL-Laundry-Service-254x300.png\" alt=\"Wash Dry Fold\" itemprop=\"image\" height=\"300\" width=\"254\" title=\"Servicio de lavander\u00eda CL\" onerror=\"this.style.display='none'\"  \/>\n<h1>\n\t\tIowa City Lavar, secar, doblar\n\t<\/h1>\n\t<p>Servicios de lavander\u00eda en Iowa City<\/p>\n\t\t\t<a href=\"#cleform\" target=\"_self\">\n\t\t\t\t\t\t\tEmpezar\n\t\t\t\t\t<\/a>\n\t\t\t\t<img loading=\"lazy\" decoding=\"async\" src=\"https:\/\/cleanlaundry.com\/wp-content\/uploads\/2020\/11\/CL-IC-WEB-WDF.png\" alt=\"CL-IC-WEB-WDF\" itemprop=\"image\" height=\"900\" width=\"900\" title=\"CL-IC-WEB-WDF\" onerror=\"this.style.display='none'\"  \/>\n<h3>D\u00e9janos encargarnos de tu ropa.<\/h3>\n<p>Ah\u00f3rrese la molestia de lavar la ropa, esperar m\u00e1quinas y doblar. Deje su ropa sucia en nuestra lavander\u00eda limpia de Iowa City y rec\u00f3jala limpia y doblada. Precio de tarifa plana, puede agregar bolsas de lavander\u00eda ecol\u00f3gicas reutilizables para $10.<\/p>\nAbierto para servicio<br \/>\nde lunes a viernes<br \/>\n7:30 a. M. - 1:30 p. M.\n<h3>\n\t\tPerm\u00edtanos aliviar sus operaciones comerciales.\n\t<\/h3>\n\t<p>\u00bfEs due\u00f1o o administra un negocio en Iowa City que necesita lavander\u00eda? Ofrecemos servicios de lavander\u00eda con recogida y entrega a comercios de la zona.<\/p>\nNos especializamos en:\n<ul>\n<li>Hotel, Bed &amp; Breakfast, AirBnB, Ropa de casa de vacaciones<\/li>\n<li>Toallas de gimnasio, fitness y club de salud<\/li>\n<li>Uniformes de mec\u00e1nica, construcci\u00f3n y cocina<\/li>\n<li>Exfoliantes m\u00e9dicos dentales y dermatol\u00f3gicos<\/li>\n<li>Ropa de cama y toallas de spa, estudio y cl\u00ednica de masajes<\/li>\n<\/ul>\n\t\t\t<a href=\"#cleform\" target=\"_self\">\n\t\t\t\t\t\t\tPedir detalles\n\t\t\t\t\t<\/a>\n<h2>\n\t\tC\u00f3mo funciona\n\t<\/h2>\n\t\t\t\t<img loading=\"lazy\" decoding=\"async\" src=\"https:\/\/cleanlaundry.com\/wp-content\/uploads\/2020\/03\/dirty-1-scaled-e1585678447100.jpg\" alt=\"Stack of clothing jeans sweaters in hand pattern on a white back\" itemprop=\"image\" height=\"1080\" width=\"1200\" title=\"Pila de ropa jeans su\u00e9teres en patr\u00f3n de mano sobre un fondo blanco\" onerror=\"this.style.display='none'\"  \/>\n\t<h3>Deje caer sus art\u00edculos.<\/h3>\n<p>Bring your dirty laundry in-store between 7:30 am &#8211; 1:30 pm on Mondays &#8211; Friday, or 5:00 pm- 8:00 pm on Monday through Thursday. You can order a laundry bag on your first visit for $10. The eco2go reusable express bag is 100% recycled material designed for easy drop off and pick-up.<\/p>\n\t\t\t\t<img loading=\"lazy\" decoding=\"async\" src=\"https:\/\/cleanlaundry.com\/wp-content\/uploads\/2020\/03\/laundry.jpg\" alt=\"laundry\" itemprop=\"image\" height=\"500\" width=\"500\" title=\"lavander\u00eda\" onerror=\"this.style.display='none'\"  \/>\n\t<h3>Procesamos tu ropa<\/h3>\n<p>Procesaremos su ropa por s\u00ed sola para lavarla y secarla. Est\u00e1ndar en cada servicio es detergente de marca o detergente a base de plantas, toallitas para secadora, quitamanchas y captadores de color (si es necesario). Somos estrictamente un servicio de lavado, secado y plegado, lo que significa que no hay art\u00edculos de limpieza en seco. Cuando su ropa est\u00e9 doblada y lista para ser recogida, nos comunicaremos con usted.<\/p>\n\t\t\t\t<img loading=\"lazy\" decoding=\"async\" src=\"https:\/\/cleanlaundry.com\/wp-content\/uploads\/2020\/03\/folded3.jpg\" alt=\"folded3\" itemprop=\"image\" height=\"800\" width=\"800\" title=\"doblado3\" onerror=\"this.style.display='none'\"  \/>\n\t<h3>Recoja su ropa limpia y fresca.<\/h3>\n<p>Cuando est\u00e9 listo, puede recoger sus art\u00edculos lo antes posible en nuestros d\u00edas de operaci\u00f3n, de lunes a viernes de 7:30 a. M. A 1:30 p. M.<\/p>\n\t\t\t\t<img decoding=\"async\" src=\"https:\/\/cleanlaundry.com\/wp-content\/plugins\/bb-plugin\/img\/pixel.png\" alt=\"\" itemprop=\"image\" onerror=\"this.style.display='none'\"  \/>\n<h1>\n\t\tTarifas de servicio de lavado, secado y plegado\n\t<\/h1>\n\t\t\t\t\t<h2> Tama\u00f1o mediano de 20 galones <\/h2> $40 tarifa plana <ul role=\"list\"><li role=\"listitem\">Dimensiones: 18 \u2033 X 10 \u2033 X 14 1\/2 \u2033<\/li><li role=\"listitem\">Incluye: detergente, hojas para secadora, quitamanchas, captadores de color (si es necesario)<\/li><li role=\"listitem\">Art\u00edculos de lavado regular, <i> no hay art\u00edculos de limpieza en seco. <\/i> <\/li><\/ul>\n\t\t\t<a href=\"#cleform\" target=\"_self\">\n\t\t\t\t\t\t\tEmpezar\n\t\t\t\t\t<\/a>\n\t\t\t\t\t<h2>Tama\u00f1o grande de 30 galones<\/h2> $50 flat rate <ul role=\"list\"><li role=\"listitem\">Dimensiones: 20 \u2033 X 14 \u2033 X 15 \u2033<\/li><li role=\"listitem\">Incluye: detergente, hojas para secadora, quitamanchas, captadores de color (si es necesario)<\/li><li role=\"listitem\">Art\u00edculos de lavado regular, <i> no hay art\u00edculos de limpieza en seco. <\/i> <\/li><\/ul>\n\t\t\t<a href=\"#cleform\" target=\"_self\">\n\t\t\t\t\t\t\tEmpezar\n\t\t\t\t\t<\/a>\n\t\t\t\t\t<h2> Tama\u00f1o extra grande <\/h2> $65 flat rate <ul role=\"list\"><li role=\"listitem\">Dimensiones: 30 \u2033 X 40 \u2033<\/li><li role=\"listitem\">Incluye: detergente, hojas para secadora, quitamanchas, captadores de color (si es necesario)<\/li><li role=\"listitem\">Art\u00edculos de lavado regular, <i> no hay art\u00edculos de limpieza en seco. <\/i> <\/li><\/ul>\n\t\t\t<a href=\"#cleform\" target=\"_self\">\n\t\t\t\t\t\t\tEmpezar\n\t\t\t\t\t<\/a>\n<h2>\n\t\tPreguntas frecuentes\n\t<\/h2>\n\t\t\t\t\t<a href=\"#\" id=\"fl-accordion--label-0\" tabindex=\"0\" aria-controls=\"fl-accordion--panel-0\">Cuando deje mi ropa para el servicio de Lavado, secado y doblado de ropa limpia, \u00bftendr\u00e9 que separar mi ropa?<\/a>\n\t\t\t\t\t\t\t\t\t\t\t<a href=\"#\" id=\"fl-accordion--icon-0\" tabindex=\"-1\"><i title=\"Expandir\">Expandir<\/i><\/a>\n\t\t\t\t\t<p>Nos enorgullecemos de nuestro servicio al cliente, por lo que no es necesario separar los colores y los blancos. Lo haremos por ti. Aseg\u00farese de que la ropa no est\u00e9 dentro de otra ropa para ayudarnos a movernos r\u00e1pidamente para asegurarnos de que lavamos, secamos y doblamos su ropa a tiempo.\u00a0<\/p>\n\t\t\t\t\t<a href=\"#\" id=\"fl-accordion--label-1\" tabindex=\"0\" aria-controls=\"fl-accordion--panel-1\">\u00bfQu\u00e9 pasa si tengo instrucciones especiales para mi ropa?<\/a>\n\t\t\t\t\t\t\t\t\t\t\t<a href=\"#\" id=\"fl-accordion--icon-1\" tabindex=\"-1\"><i title=\"Expandir\">Expandir<\/i><\/a>\n\t\t\t\t\t<p>Todas las instrucciones especiales deben ser entregadas al asistente en el momento de la entrega. Si tiene ropa costosa, secamos esos art\u00edculos por usted. Clean Laundry har\u00e1 todo lo posible para satisfacer sus necesidades de ropa.<\/p>\n\t\t\t\t\t<a href=\"#\" id=\"fl-accordion--label-2\" tabindex=\"0\" aria-controls=\"fl-accordion--panel-2\">\u00bfC\u00f3mo s\u00e9 que voy a recuperar toda mi ropa? <\/a>\n\t\t\t\t\t\t\t\t\t\t\t<a href=\"#\" id=\"fl-accordion--icon-2\" tabindex=\"-1\"><i title=\"Expandir\">Expandir<\/i><\/a>\n\t\t\t\t\t<p>Lavamos, secamos y doblamos tu ropa solos, nunca con otro pedido. Si, por casualidad, faltan art\u00edculos, llame inmediatamente a nuestro n\u00famero de servicio al cliente para comenzar a buscar.<\/p>\n\t\t\t\t\t<a href=\"#\" id=\"fl-accordion--label-3\" tabindex=\"0\" aria-controls=\"fl-accordion--panel-3\">\u00bfMi ropa se mezclar\u00e1 con la ropa de otras personas?<\/a>\n\t\t\t\t\t\t\t\t\t\t\t<a href=\"#\" id=\"fl-accordion--icon-3\" tabindex=\"-1\"><i title=\"Expandir\">Expandir<\/i><\/a>\n\t\t\t\t\t<p>Lavamos, secamos y doblamos la ropa de cada cliente por separado. Clean Laundry tiene un sistema de seguimiento de rutina donde nos aseguramos de que no mezclaremos ropa.\u00a0<\/p>\n\t\t\t\t\t<a href=\"#\" id=\"fl-accordion--label-4\" tabindex=\"0\" aria-controls=\"fl-accordion--panel-4\">\u00bfC\u00f3mo se cuando mi ropa est\u00e1 lista?<\/a>\n\t\t\t\t\t\t\t\t\t\t\t<a href=\"#\" id=\"fl-accordion--icon-4\" tabindex=\"-1\"><i title=\"Expandir\">Expandir<\/i><\/a>\n\t\t\t\t\t<p>Recibir\u00e1 un mensaje de texto \/ correo electr\u00f3nico confirmando que su pedido est\u00e1 hecho.\u00a0<\/p>\n\t\t\t\t\t<a href=\"#\" id=\"fl-accordion--label-5\" tabindex=\"0\" aria-controls=\"fl-accordion--panel-5\">\u00bfQu\u00e9 pasa si no puedo recogerlos de inmediato? \u00bfCu\u00e1nto tiempo me los guardar\u00e1s?<\/a>\n\t\t\t\t\t\t\t\t\t\t\t<a href=\"#\" id=\"fl-accordion--icon-5\" tabindex=\"-1\"><i title=\"Expandir\">Expandir<\/i><\/a>\n\t\t\t\t\t<p>Si no puede recoger la ropa de inmediato, guardaremos la ropa para el pr\u00f3ximo d\u00eda h\u00e1bil de lavado, secado y doblado. Nuestros d\u00edas h\u00e1biles son los lunes, martes y mi\u00e9rcoles.\u00a0<\/p>\n\t\t\t\t\t<a href=\"#\" id=\"fl-accordion--label-6\" tabindex=\"0\" aria-controls=\"fl-accordion--panel-6\">\u00bfQu\u00e9 tipo de detergente usas? <\/a>\n\t\t\t\t\t\t\t\t\t\t\t<a href=\"#\" id=\"fl-accordion--icon-6\" tabindex=\"-1\"><i title=\"Expandir\">Expandir<\/i><\/a>\n\t\t\t\t\t<p>Todos nuestros pedidos se realizan con un detergente, suavizante de telas y toallitas para secadora de marca. Tambi\u00e9n usamos un oxi-blanqueador (sin cloro para que no desti\u00f1a los colores) para darle a tu ropa el brillo adicional que te mereces. Aunque ofrecemos detergente a base de plantas o siempre puede traer su detergente para usar.\u00a0<\/p>\n\t\t\t\t\t<a href=\"#\" id=\"fl-accordion--label-7\" tabindex=\"0\" aria-controls=\"fl-accordion--panel-7\">Si uso un detergente especial, \u00bfpuedo llev\u00e1rselo y hacer que se lave con \u00e9l? <\/a>\n\t\t\t\t\t\t\t\t\t\t\t<a href=\"#\" id=\"fl-accordion--icon-7\" tabindex=\"-1\"><i title=\"Expandir\">Expandir<\/i><\/a>\n\t\t\t\t\t<p>S\u00ed, lo aceptaremos si usa un tipo espec\u00edfico de detergente para ropa.\u00a0<\/p>\n\t\t\t\t\t<a href=\"#\" id=\"fl-accordion--label-8\" tabindex=\"0\" aria-controls=\"fl-accordion--panel-8\">\u00bfQu\u00e9 pasa si algo se da\u00f1a o se pierde? <\/a>\n\t\t\t\t\t\t\t\t\t\t\t<a href=\"#\" id=\"fl-accordion--icon-8\" tabindex=\"-1\"><i title=\"Expandir\">Expandir<\/i><\/a>\n\t\t\t\t\t<p>Ejercemos el m\u00e1ximo cuidado con toda la ropa de nuestros clientes. Sin embargo, Clean Laundry no es responsable por ning\u00fan art\u00edculo perdido o da\u00f1ado. Manejaremos cada servicio de acuerdo con las regulaciones estatales. Sin embargo, no podemos asumir responsabilidad por debilidades o defectos en materiales que no sean evidentes antes del procesamiento. En el lavado, no podemos garantizar la p\u00e9rdida y el encogimiento del color; o contra da\u00f1os a tejidos d\u00e9biles y tiernos. Las diferencias en el recuento deben informarse o presentarse inicialmente, y este boleto debe presentarse dentro de las 48 horas.\u00a0<\/p>\n\t\t\t\t\t<a href=\"#\" id=\"fl-accordion--label-9\" tabindex=\"0\" aria-controls=\"fl-accordion--panel-9\">\u00bfPuedo dejar la ropa de cama tambi\u00e9n o solo la ropa? <\/a>\n\t\t\t\t\t\t\t\t\t\t\t<a href=\"#\" id=\"fl-accordion--icon-9\" tabindex=\"-1\"><i title=\"Expandir\">Expandir<\/i><\/a>\n\t\t\t\t\t<p>Puede dejar todo lo que pueda caber en la bolsa Clean Laundry. Por favor, no lavar en seco solo art\u00edculos.<\/p>\n<h1>\n\t\tComience con los servicios de lavado, secado y plegado\n\t<\/h1>\n\t\u00bfPrefieres llamarnos?<br \/>\n<a href=\"tel:+13193896363\">(319) 389-6363<\/a><br \/>\no<br \/>\n<a href=\"tel:+13197751171\">(319) 775-1171<\/a>","protected":false},"excerpt":{"rendered":"<p>Servicios de lavander\u00eda, lavado, secado y plegado de Iowa City en Iowa City Comience Perm\u00edtanos encargarnos de su ropa. Ah\u00f3rrese la molestia de lavar la ropa, esperar m\u00e1quinas y doblar. Deje su ropa sucia en nuestra lavander\u00eda limpia de Iowa City y rec\u00f3jala limpia y doblada. Precio de tarifa plana, puede ...<\/p>","protected":false},"author":101012,"featured_media":0,"parent":8060,"menu_order":0,"comment_status":"closed","ping_status":"closed","template":"","meta":{"footnotes":""},"class_list":["post-10039","page","type-page","status-publish","hentry"],"yoast_head":"<!-- This site is optimized with the Yoast SEO plugin v25.0 - https:\/\/yoast.com\/wordpress\/plugins\/seo\/ -->\n<title>Iowa City Wash Dry Fold Services - Clean Laundry<\/title>\n<meta name=\"description\" content=\"Drop off laundry wash, dry, fold services in Iowa City, IA. Delivery services for area businesses.\" \/>\n<meta name=\"robots\" content=\"index, follow, max-snippet:-1, max-image-preview:large, max-video-preview:-1\" \/>\n<link rel=\"canonical\" href=\"https:\/\/cleanlaundry.com\/es\/locations\/iowa\/iowa-city\/362-highway-1-west-suite-t7-t8-iowa-city-ia\/wdf\/\" \/>\n<meta property=\"og:locale\" content=\"es_MX\" \/>\n<meta property=\"og:type\" content=\"article\" \/>\n<meta property=\"og:title\" content=\"Iowa City Wash Dry Fold Services - Clean Laundry\" \/>\n<meta property=\"og:description\" content=\"Drop off laundry wash, dry, fold services in Iowa City, IA. Delivery services for area businesses.\" \/>\n<meta property=\"og:url\" content=\"https:\/\/cleanlaundry.com\/es\/locations\/iowa\/iowa-city\/362-highway-1-west-suite-t7-t8-iowa-city-ia\/wdf\/\" \/>\n<meta property=\"og:site_name\" content=\"Clean Laundry\" \/>\n<meta property=\"article:modified_time\" content=\"2026-01-12T14:01:00+00:00\" \/>\n<meta property=\"og:image\" content=\"https:\/\/cleanlaundry.com\/wp-content\/uploads\/2020\/04\/CL-Laundry-Service-254x300.png\" \/>\n<meta name=\"twitter:card\" content=\"summary_large_image\" \/>\n<meta name=\"twitter:label1\" content=\"Tiempo de lectura\" \/>\n\t<meta name=\"twitter:data1\" content=\"6 minutos\" \/>\n<script type=\"application\/ld+json\" class=\"yoast-schema-graph\">{\"@context\":\"https:\/\/schema.org\",\"@graph\":[{\"@type\":\"WebPage\",\"@id\":\"https:\/\/cleanlaundry.com\/locations\/iowa\/iowa-city\/362-highway-1-west-suite-t7-t8-iowa-city-ia\/wdf\/\",\"url\":\"https:\/\/cleanlaundry.com\/locations\/iowa\/iowa-city\/362-highway-1-west-suite-t7-t8-iowa-city-ia\/wdf\/\",\"name\":\"Iowa City Wash Dry Fold Services - Clean Laundry\",\"isPartOf\":{\"@id\":\"https:\/\/cleanlaundry.com\/#website\"},\"primaryImageOfPage\":{\"@id\":\"https:\/\/cleanlaundry.com\/locations\/iowa\/iowa-city\/362-highway-1-west-suite-t7-t8-iowa-city-ia\/wdf\/#primaryimage\"},\"image\":{\"@id\":\"https:\/\/cleanlaundry.com\/locations\/iowa\/iowa-city\/362-highway-1-west-suite-t7-t8-iowa-city-ia\/wdf\/#primaryimage\"},\"thumbnailUrl\":\"https:\/\/cleanlaundry.com\/wp-content\/uploads\/2020\/04\/CL-Laundry-Service-254x300.png\",\"datePublished\":\"2020-11-13T18:47:46+00:00\",\"dateModified\":\"2026-01-12T14:01:00+00:00\",\"description\":\"Drop off laundry wash, dry, fold services in Iowa City, IA. Delivery services for area businesses.\",\"breadcrumb\":{\"@id\":\"https:\/\/cleanlaundry.com\/locations\/iowa\/iowa-city\/362-highway-1-west-suite-t7-t8-iowa-city-ia\/wdf\/#breadcrumb\"},\"inLanguage\":\"es\",\"potentialAction\":[{\"@type\":\"ReadAction\",\"target\":[\"https:\/\/cleanlaundry.com\/locations\/iowa\/iowa-city\/362-highway-1-west-suite-t7-t8-iowa-city-ia\/wdf\/\"]}]},{\"@type\":\"ImageObject\",\"inLanguage\":\"es\",\"@id\":\"https:\/\/cleanlaundry.com\/locations\/iowa\/iowa-city\/362-highway-1-west-suite-t7-t8-iowa-city-ia\/wdf\/#primaryimage\",\"url\":\"https:\/\/cleanlaundry.com\/wp-content\/uploads\/2020\/04\/CL-Laundry-Service-254x300.png\",\"contentUrl\":\"https:\/\/cleanlaundry.com\/wp-content\/uploads\/2020\/04\/CL-Laundry-Service-254x300.png\"},{\"@type\":\"BreadcrumbList\",\"@id\":\"https:\/\/cleanlaundry.com\/locations\/iowa\/iowa-city\/362-highway-1-west-suite-t7-t8-iowa-city-ia\/wdf\/#breadcrumb\",\"itemListElement\":[{\"@type\":\"ListItem\",\"position\":1,\"name\":\"Home\",\"item\":\"https:\/\/cleanlaundry.com\/\"},{\"@type\":\"ListItem\",\"position\":2,\"name\":\"All Clean Laundry Locations | Find a laundromat near you\",\"item\":\"https:\/\/cleanlaundry.com\/locations\/\"},{\"@type\":\"ListItem\",\"position\":3,\"name\":\"Laundromats in Iowa | Clean Laundry Locations Near You\",\"item\":\"https:\/\/cleanlaundry.com\/locations\/iowa\/\"},{\"@type\":\"ListItem\",\"position\":4,\"name\":\"Laundromats in Iowa City, Iowa | Clean Laundry Iowa City Locations\",\"item\":\"https:\/\/cleanlaundry.com\/locations\/iowa\/iowa-city\/\"},{\"@type\":\"ListItem\",\"position\":5,\"name\":\"Laundromat at 362 Highway 1 West Suite T7\/T8 Iowa City, IA | Clean Laundry\",\"item\":\"https:\/\/cleanlaundry.com\/locations\/iowa\/iowa-city\/362-highway-1-west-suite-t7-t8-iowa-city-ia\/\"},{\"@type\":\"ListItem\",\"position\":6,\"name\":\"Iowa City Wash Dry Fold Services\"}]},{\"@type\":\"WebSite\",\"@id\":\"https:\/\/cleanlaundry.com\/#website\",\"url\":\"https:\/\/cleanlaundry.com\/\",\"name\":\"Clean Laundry\",\"description\":\"Clean Laundry\",\"potentialAction\":[{\"@type\":\"SearchAction\",\"target\":{\"@type\":\"EntryPoint\",\"urlTemplate\":\"https:\/\/cleanlaundry.com\/?s={search_term_string}\"},\"query-input\":{\"@type\":\"PropertyValueSpecification\",\"valueRequired\":true,\"valueName\":\"search_term_string\"}}],\"inLanguage\":\"es\"}]}<\/script>\n<!-- \/ Yoast SEO plugin. -->","yoast_head_json":{"title":"Servicios de lavado en seco y plegado de Iowa City: lavander\u00eda limpia","description":"Entregue los servicios de lavado, secado y doblado de ropa en Iowa City, IA. Servicios de entrega para empresas de la zona.","robots":{"index":"index","follow":"follow","max-snippet":"max-snippet:-1","max-image-preview":"max-image-preview:large","max-video-preview":"max-video-preview:-1"},"canonical":"https:\/\/cleanlaundry.com\/es\/locations\/iowa\/iowa-city\/362-highway-1-west-suite-t7-t8-iowa-city-ia\/wdf\/","og_locale":"es_MX","og_type":"article","og_title":"Iowa City Wash Dry Fold Services - Clean Laundry","og_description":"Drop off laundry wash, dry, fold services in Iowa City, IA. Delivery services for area businesses.","og_url":"https:\/\/cleanlaundry.com\/es\/locations\/iowa\/iowa-city\/362-highway-1-west-suite-t7-t8-iowa-city-ia\/wdf\/","og_site_name":"Clean Laundry","article_modified_time":"2026-01-12T14:01:00+00:00","og_image":[{"url":"https:\/\/cleanlaundry.com\/wp-content\/uploads\/2020\/04\/CL-Laundry-Service-254x300.png","type":"","width":"","height":""}],"twitter_card":"summary_large_image","twitter_misc":{"Tiempo de lectura":"6 minutos"},"schema":{"@context":"https:\/\/schema.org","@graph":[{"@type":"WebPage","@id":"https:\/\/cleanlaundry.com\/locations\/iowa\/iowa-city\/362-highway-1-west-suite-t7-t8-iowa-city-ia\/wdf\/","url":"https:\/\/cleanlaundry.com\/locations\/iowa\/iowa-city\/362-highway-1-west-suite-t7-t8-iowa-city-ia\/wdf\/","name":"Servicios de lavado en seco y plegado de Iowa City: lavander\u00eda limpia","isPartOf":{"@id":"https:\/\/cleanlaundry.com\/#website"},"primaryImageOfPage":{"@id":"https:\/\/cleanlaundry.com\/locations\/iowa\/iowa-city\/362-highway-1-west-suite-t7-t8-iowa-city-ia\/wdf\/#primaryimage"},"image":{"@id":"https:\/\/cleanlaundry.com\/locations\/iowa\/iowa-city\/362-highway-1-west-suite-t7-t8-iowa-city-ia\/wdf\/#primaryimage"},"thumbnailUrl":"https:\/\/cleanlaundry.com\/wp-content\/uploads\/2020\/04\/CL-Laundry-Service-254x300.png","datePublished":"2020-11-13T18:47:46+00:00","dateModified":"2026-01-12T14:01:00+00:00","description":"Entregue los servicios de lavado, secado y doblado de ropa en Iowa City, IA. Servicios de entrega para empresas de la zona.","breadcrumb":{"@id":"https:\/\/cleanlaundry.com\/locations\/iowa\/iowa-city\/362-highway-1-west-suite-t7-t8-iowa-city-ia\/wdf\/#breadcrumb"},"inLanguage":"es","potentialAction":[{"@type":"ReadAction","target":["https:\/\/cleanlaundry.com\/locations\/iowa\/iowa-city\/362-highway-1-west-suite-t7-t8-iowa-city-ia\/wdf\/"]}]},{"@type":"ImageObject","inLanguage":"es","@id":"https:\/\/cleanlaundry.com\/locations\/iowa\/iowa-city\/362-highway-1-west-suite-t7-t8-iowa-city-ia\/wdf\/#primaryimage","url":"https:\/\/cleanlaundry.com\/wp-content\/uploads\/2020\/04\/CL-Laundry-Service-254x300.png","contentUrl":"https:\/\/cleanlaundry.com\/wp-content\/uploads\/2020\/04\/CL-Laundry-Service-254x300.png"},{"@type":"BreadcrumbList","@id":"https:\/\/cleanlaundry.com\/locations\/iowa\/iowa-city\/362-highway-1-west-suite-t7-t8-iowa-city-ia\/wdf\/#breadcrumb","itemListElement":[{"@type":"ListItem","position":1,"name":"Home","item":"https:\/\/cleanlaundry.com\/"},{"@type":"ListItem","position":2,"name":"All Clean Laundry Locations | Find a laundromat near you","item":"https:\/\/cleanlaundry.com\/locations\/"},{"@type":"ListItem","position":3,"name":"Laundromats in Iowa | Clean Laundry Locations Near You","item":"https:\/\/cleanlaundry.com\/locations\/iowa\/"},{"@type":"ListItem","position":4,"name":"Laundromats in Iowa City, Iowa | Clean Laundry Iowa City Locations","item":"https:\/\/cleanlaundry.com\/locations\/iowa\/iowa-city\/"},{"@type":"ListItem","position":5,"name":"Laundromat at 362 Highway 1 West Suite T7\/T8 Iowa City, IA | Clean Laundry","item":"https:\/\/cleanlaundry.com\/locations\/iowa\/iowa-city\/362-highway-1-west-suite-t7-t8-iowa-city-ia\/"},{"@type":"ListItem","position":6,"name":"Iowa City Wash Dry Fold Services"}]},{"@type":"WebSite","@id":"https:\/\/cleanlaundry.com\/#website","url":"https:\/\/cleanlaundry.com\/","name":"Ropa limpia","description":"Ropa limpia","potentialAction":[{"@type":"SearchAction","target":{"@type":"EntryPoint","urlTemplate":"https:\/\/cleanlaundry.com\/?s={search_term_string}"},"query-input":{"@type":"PropertyValueSpecification","valueRequired":true,"valueName":"search_term_string"}}],"inLanguage":"es"}]}},"_links":{"self":[{"href":"https:\/\/cleanlaundry.com\/es\/wp-json\/wp\/v2\/pages\/10039","targetHints":{"allow":["GET"]}}],"collection":[{"href":"https:\/\/cleanlaundry.com\/es\/wp-json\/wp\/v2\/pages"}],"about":[{"href":"https:\/\/cleanlaundry.com\/es\/wp-json\/wp\/v2\/types\/page"}],"author":[{"embeddable":true,"href":"https:\/\/cleanlaundry.com\/es\/wp-json\/wp\/v2\/users\/101012"}],"replies":[{"embeddable":true,"href":"https:\/\/cleanlaundry.com\/es\/wp-json\/wp\/v2\/comments?post=10039"}],"version-history":[{"count":26,"href":"https:\/\/cleanlaundry.com\/es\/wp-json\/wp\/v2\/pages\/10039\/revisions"}],"predecessor-version":[{"id":15305,"href":"https:\/\/cleanlaundry.com\/es\/wp-json\/wp\/v2\/pages\/10039\/revisions\/15305"}],"up":[{"embeddable":true,"href":"https:\/\/cleanlaundry.com\/es\/wp-json\/wp\/v2\/pages\/8060"}],"wp:attachment":[{"href":"https:\/\/cleanlaundry.com\/es\/wp-json\/wp\/v2\/media?parent=10039"}],"curies":[{"name":"wp","href":"https:\/\/api.w.org\/{rel}","templated":true}]}}